{"id":134213,"date":"2025-12-02T10:33:06","date_gmt":"2025-12-02T09:33:06","guid":{"rendered":"https:\/\/vaninahenry.com\/?post_type=product&#038;p=134213"},"modified":"2026-01-09T15:25:01","modified_gmt":"2026-01-09T14:25:01","slug":"wishlist-2","status":"publish","type":"product","link":"https:\/\/vaninahenry.com\/en\/product\/wishlist-2\/","title":{"rendered":"Wishlist"},"content":{"rendered":"<p>Sales unit: Linear meter.<\/p>\n<p>Composition: 100% Jute on non-woven backing.<\/p>\n<p>Product benefits: Natural material.<\/p>\n<p>Width +\/- 3%: Useful width 130cm.<\/p>\n<p>Care: Avoid contact with water, clean with a dry cloth.<\/p>\n<p>Weight: 585 g per ml.<\/p>\n<p>Fire resistance:<br \/>\nPermanent fire resistance, Euroclass B-s2,d0.<\/p>\n<p>UV light fastness: Moderate<\/p>\n<p><img decoding=\"async\" class=\"alignnone wp-image-48981\" src=\"https:\/\/vaninahenry.com\/wp-content\/uploads\/2021\/08\/picto_GLOSSAIRE_Non_feu-100x100.jpg\" alt=\"\" width=\"100\" height=\"100\" \/><img decoding=\"async\" class=\"alignnone wp-image-48984\" src=\"https:\/\/vaninahenry.com\/wp-content\/uploads\/2021\/08\/picto_GLOSSAIRE_Lavable-100x100.jpg\" alt=\"\" width=\"100\" height=\"100\" \/><img decoding=\"async\" class=\"alignnone wp-image-51408\" src=\"https:\/\/vaninahenry.com\/wp-content\/uploads\/2021\/08\/picto_GLOSSAIRE_Tenue_lumiere_moderee-100x100.jpeg\" alt=\"\" width=\"100\" height=\"100\" srcset=\"https:\/\/vaninahenry.com\/wp-content\/uploads\/2021\/08\/picto_GLOSSAIRE_Tenue_lumiere_moderee-100x100.jpeg 100w, https:\/\/vaninahenry.com\/wp-content\/uploads\/2021\/08\/picto_GLOSSAIRE_Tenue_lumiere_moderee-300x300.jpeg 300w, https:\/\/vaninahenry.com\/wp-content\/uploads\/2021\/08\/picto_GLOSSAIRE_Tenue_lumiere_moderee-150x150.jpeg 150w, https:\/\/vaninahenry.com\/wp-content\/uploads\/2021\/08\/picto_GLOSSAIRE_Tenue_lumiere_moderee-140x140.jpeg 140w, https:\/\/vaninahenry.com\/wp-content\/uploads\/2021\/08\/picto_GLOSSAIRE_Tenue_lumiere_moderee-350x350.jpeg 350w, https:\/\/vaninahenry.com\/wp-content\/uploads\/2021\/08\/picto_GLOSSAIRE_Tenue_lumiere_moderee.jpeg 440w\" sizes=\"(max-width: 100px) 100vw, 100px\" \/><img decoding=\"async\" class=\"alignnone wp-image-68151\" src=\"https:\/\/vaninahenry.com\/wp-content\/uploads\/2021\/11\/picto_GLOSSAIRE_Encollage_papier-1-100x100.jpg\" alt=\"\" width=\"100\" height=\"100\" srcset=\"https:\/\/vaninahenry.com\/wp-content\/uploads\/2021\/11\/picto_GLOSSAIRE_Encollage_papier-1-100x100.jpg 100w, https:\/\/vaninahenry.com\/wp-content\/uploads\/2021\/11\/picto_GLOSSAIRE_Encollage_papier-1-300x300.jpg 300w, https:\/\/vaninahenry.com\/wp-content\/uploads\/2021\/11\/picto_GLOSSAIRE_Encollage_papier-1-150x150.jpg 150w, https:\/\/vaninahenry.com\/wp-content\/uploads\/2021\/11\/picto_GLOSSAIRE_Encollage_papier-1-140x140.jpg 140w, https:\/\/vaninahenry.com\/wp-content\/uploads\/2021\/11\/picto_GLOSSAIRE_Encollage_papier-1-350x350.jpg 350w, https:\/\/vaninahenry.com\/wp-content\/uploads\/2021\/11\/picto_GLOSSAIRE_Encollage_papier-1.jpg 440w\" sizes=\"(max-width: 100px) 100vw, 100px\" \/><img decoding=\"async\" class=\"alignnone wp-image-49095\" src=\"https:\/\/vaninahenry.com\/wp-content\/uploads\/2021\/08\/picto_GLOSSAIRE_Raccord_libre-1-100x100.jpeg\" alt=\"\" width=\"100\" height=\"100\" \/><img decoding=\"async\" class=\"alignnone wp-image-48996\" src=\"https:\/\/vaninahenry.com\/wp-content\/uploads\/2021\/08\/picto_GLOSSAIRE_Arrachable_sec-100x100.jpg\" alt=\"\" width=\"100\" height=\"100\" \/><img decoding=\"async\" class=\"alignnone wp-image-24558\" src=\"https:\/\/vaninahenry.com\/wp-content\/uploads\/2021\/03\/A-1.jpg\" alt=\"\" width=\"138\" height=\"100\" \/><\/p>\n","protected":false},"excerpt":{"rendered":"<p><span style=\"color: #9a7541;\">Prix par m\u00e8tre lin\u00e9aire<\/span><\/p>\n<p>&nbsp;<\/p>\n<p><span style=\"color: #9a7541;\">Vestiaire masculin<\/span><\/p>\n<p><span style=\"color: #9a7541;\">Wishlist<\/span><br \/>\nRM 1010 80<\/p>\n<p>&nbsp;<\/p>\n<p><a href=\"https:\/\/vaninahenry.com\/wp-content\/uploads\/2021\/08\/Calcul-FR-scaled-e1629448185513.jpg\"><strong>Calculez vous-m\u00eame le nombre de rouleaux.<\/strong><\/a><br \/>\n<a href=\"https:\/\/vaninahenry.com\/en\/contact\/\" target=\"_blank\" rel=\"noopener\">Nous pouvons \u00e9galement vous aider, <span style=\"color: #9a7541;\"><strong>contactez-nous<\/strong><\/span>.<\/a><\/p>\n<p><span style=\"color: #9a7500;\"><a style=\"color: #9a7500;\" href=\"\/?product_brand=elitis\" target=\"_blank\" rel=\"noopener\">En savoir plus sur \u00c9LITIS<\/a><\/span><\/p>\n","protected":false},"featured_media":132950,"template":"","meta":{"_acf_changed":false,"inline_featured_image":false},"product_brand":[],"product_cat":[247],"product_tag":[],"class_list":{"0":"post-134213","1":"product","2":"type-product","3":"status-publish","4":"has-post-thumbnail","6":"product_cat-wallpaper","7":"product_shipping_class-elitis","9":"first","10":"instock","11":"taxable","12":"shipping-taxable","13":"purchasable","14":"product-type-simple"},"acf":[],"yoast_head":"<!-- This site is optimized with the Yoast SEO plugin v26.7 - https:\/\/yoast.com\/wordpress\/plugins\/seo\/ -->\n<title>Wishlist - Vanina Henry<\/title>\n<meta name=\"robots\" content=\"index, follow, max-snippet:-1, max-image-preview:large, max-video-preview:-1\" \/>\n<link rel=\"canonical\" href=\"https:\/\/vaninahenry.com\/en\/product\/wishlist-2\/\" \/>\n<meta property=\"og:locale\" content=\"en_US\" \/>\n<meta property=\"og:type\" content=\"article\" \/>\n<meta property=\"og:title\" content=\"Wishlist - Vanina Henry\" \/>\n<meta property=\"og:description\" content=\"Prix par m\u00e8tre lin\u00e9aire  &nbsp;  Vestiaire masculin  Wishlist RM 1010 80  &nbsp;  Calculez vous-m\u00eame le nombre de rouleaux. Nous pouvons \u00e9galement vous aider, contactez-nous.  En savoir plus sur \u00c9LITIS\" \/>\n<meta property=\"og:url\" content=\"https:\/\/vaninahenry.com\/en\/product\/wishlist-2\/\" \/>\n<meta property=\"og:site_name\" content=\"Vanina Henry\" \/>\n<meta property=\"article:publisher\" content=\"https:\/\/www.facebook.com\/designbyvaninahenry\" \/>\n<meta property=\"article:modified_time\" content=\"2026-01-09T14:25:01+00:00\" \/>\n<meta property=\"og:image\" content=\"https:\/\/vaninahenry.com\/wp-content\/uploads\/2025\/12\/Elitis_RM_1010_80_Vestiaire_Masculin_jfg_002.jpg\" \/>\n\t<meta property=\"og:image:width\" content=\"1400\" \/>\n\t<meta property=\"og:image:height\" content=\"934\" \/>\n\t<meta property=\"og:image:type\" content=\"image\/jpeg\" \/>\n<meta name=\"twitter:card\" content=\"summary_large_image\" \/>\n<meta name=\"twitter:label1\" content=\"Est. reading time\" \/>\n\t<meta name=\"twitter:data1\" content=\"2 minutes\" \/>\n<script type=\"application\/ld+json\" class=\"yoast-schema-graph\">{\"@context\":\"https:\/\/schema.org\",\"@graph\":[{\"@type\":\"WebPage\",\"@id\":\"https:\/\/vaninahenry.com\/en\/product\/wishlist-2\/\",\"url\":\"https:\/\/vaninahenry.com\/en\/product\/wishlist-2\/\",\"name\":\"Wishlist - Vanina Henry\",\"isPartOf\":{\"@id\":\"https:\/\/vaninahenry.com\/#website\"},\"primaryImageOfPage\":{\"@id\":\"https:\/\/vaninahenry.com\/en\/product\/wishlist-2\/#primaryimage\"},\"image\":{\"@id\":\"https:\/\/vaninahenry.com\/en\/product\/wishlist-2\/#primaryimage\"},\"thumbnailUrl\":\"https:\/\/vaninahenry.com\/wp-content\/uploads\/2025\/12\/Elitis_RM_1010_80_Vestiaire_Masculin_jfg_002.jpg\",\"datePublished\":\"2025-12-02T09:33:06+00:00\",\"dateModified\":\"2026-01-09T14:25:01+00:00\",\"breadcrumb\":{\"@id\":\"https:\/\/vaninahenry.com\/en\/product\/wishlist-2\/#breadcrumb\"},\"inLanguage\":\"en-US\",\"potentialAction\":[{\"@type\":\"ReadAction\",\"target\":[\"https:\/\/vaninahenry.com\/en\/product\/wishlist-2\/\"]}]},{\"@type\":\"ImageObject\",\"inLanguage\":\"en-US\",\"@id\":\"https:\/\/vaninahenry.com\/en\/product\/wishlist-2\/#primaryimage\",\"url\":\"https:\/\/vaninahenry.com\/wp-content\/uploads\/2025\/12\/Elitis_RM_1010_80_Vestiaire_Masculin_jfg_002.jpg\",\"contentUrl\":\"https:\/\/vaninahenry.com\/wp-content\/uploads\/2025\/12\/Elitis_RM_1010_80_Vestiaire_Masculin_jfg_002.jpg\",\"width\":1400,\"height\":934},{\"@type\":\"BreadcrumbList\",\"@id\":\"https:\/\/vaninahenry.com\/en\/product\/wishlist-2\/#breadcrumb\",\"itemListElement\":[{\"@type\":\"ListItem\",\"position\":1,\"name\":\"Accueil\",\"item\":\"https:\/\/vaninahenry.com\/\"},{\"@type\":\"ListItem\",\"position\":2,\"name\":\"Shop\",\"item\":\"https:\/\/vaninahenry.com\/boutique\/\"},{\"@type\":\"ListItem\",\"position\":3,\"name\":\"Wishlist\"}]},{\"@type\":\"WebSite\",\"@id\":\"https:\/\/vaninahenry.com\/#website\",\"url\":\"https:\/\/vaninahenry.com\/\",\"name\":\"Vanina Henry\",\"description\":\"\",\"publisher\":{\"@id\":\"https:\/\/vaninahenry.com\/#organization\"},\"potentialAction\":[{\"@type\":\"SearchAction\",\"target\":{\"@type\":\"EntryPoint\",\"urlTemplate\":\"https:\/\/vaninahenry.com\/?s={search_term_string}\"},\"query-input\":{\"@type\":\"PropertyValueSpecification\",\"valueRequired\":true,\"valueName\":\"search_term_string\"}}],\"inLanguage\":\"en-US\"},{\"@type\":\"Organization\",\"@id\":\"https:\/\/vaninahenry.com\/#organization\",\"name\":\"Vanina Henry\",\"url\":\"https:\/\/vaninahenry.com\/\",\"logo\":{\"@type\":\"ImageObject\",\"inLanguage\":\"en-US\",\"@id\":\"https:\/\/vaninahenry.com\/#\/schema\/logo\/image\/\",\"url\":\"http:\/\/vaninahenry.com\/wp-content\/uploads\/2021\/10\/Logo-design-by-VaninaHenry.png\",\"contentUrl\":\"http:\/\/vaninahenry.com\/wp-content\/uploads\/2021\/10\/Logo-design-by-VaninaHenry.png\",\"width\":711,\"height\":467,\"caption\":\"Vanina Henry\"},\"image\":{\"@id\":\"https:\/\/vaninahenry.com\/#\/schema\/logo\/image\/\"},\"sameAs\":[\"https:\/\/www.facebook.com\/designbyvaninahenry\",\"https:\/\/www.instagram.com\/vaninahenry\/\"]}]}<\/script>\n<!-- \/ Yoast SEO plugin. -->","yoast_head_json":{"title":"Wishlist - Vanina Henry","robots":{"index":"index","follow":"follow","max-snippet":"max-snippet:-1","max-image-preview":"max-image-preview:large","max-video-preview":"max-video-preview:-1"},"canonical":"https:\/\/vaninahenry.com\/en\/product\/wishlist-2\/","og_locale":"en_US","og_type":"article","og_title":"Wishlist - Vanina Henry","og_description":"Prix par m\u00e8tre lin\u00e9aire  &nbsp;  Vestiaire masculin  Wishlist RM 1010 80  &nbsp;  Calculez vous-m\u00eame le nombre de rouleaux. Nous pouvons \u00e9galement vous aider, contactez-nous.  En savoir plus sur \u00c9LITIS","og_url":"https:\/\/vaninahenry.com\/en\/product\/wishlist-2\/","og_site_name":"Vanina Henry","article_publisher":"https:\/\/www.facebook.com\/designbyvaninahenry","article_modified_time":"2026-01-09T14:25:01+00:00","og_image":[{"width":1400,"height":934,"url":"https:\/\/vaninahenry.com\/wp-content\/uploads\/2025\/12\/Elitis_RM_1010_80_Vestiaire_Masculin_jfg_002.jpg","type":"image\/jpeg"}],"twitter_card":"summary_large_image","twitter_misc":{"Est. reading time":"2 minutes"},"schema":{"@context":"https:\/\/schema.org","@graph":[{"@type":"WebPage","@id":"https:\/\/vaninahenry.com\/en\/product\/wishlist-2\/","url":"https:\/\/vaninahenry.com\/en\/product\/wishlist-2\/","name":"Wishlist - Vanina Henry","isPartOf":{"@id":"https:\/\/vaninahenry.com\/#website"},"primaryImageOfPage":{"@id":"https:\/\/vaninahenry.com\/en\/product\/wishlist-2\/#primaryimage"},"image":{"@id":"https:\/\/vaninahenry.com\/en\/product\/wishlist-2\/#primaryimage"},"thumbnailUrl":"https:\/\/vaninahenry.com\/wp-content\/uploads\/2025\/12\/Elitis_RM_1010_80_Vestiaire_Masculin_jfg_002.jpg","datePublished":"2025-12-02T09:33:06+00:00","dateModified":"2026-01-09T14:25:01+00:00","breadcrumb":{"@id":"https:\/\/vaninahenry.com\/en\/product\/wishlist-2\/#breadcrumb"},"inLanguage":"en-US","potentialAction":[{"@type":"ReadAction","target":["https:\/\/vaninahenry.com\/en\/product\/wishlist-2\/"]}]},{"@type":"ImageObject","inLanguage":"en-US","@id":"https:\/\/vaninahenry.com\/en\/product\/wishlist-2\/#primaryimage","url":"https:\/\/vaninahenry.com\/wp-content\/uploads\/2025\/12\/Elitis_RM_1010_80_Vestiaire_Masculin_jfg_002.jpg","contentUrl":"https:\/\/vaninahenry.com\/wp-content\/uploads\/2025\/12\/Elitis_RM_1010_80_Vestiaire_Masculin_jfg_002.jpg","width":1400,"height":934},{"@type":"BreadcrumbList","@id":"https:\/\/vaninahenry.com\/en\/product\/wishlist-2\/#breadcrumb","itemListElement":[{"@type":"ListItem","position":1,"name":"Accueil","item":"https:\/\/vaninahenry.com\/"},{"@type":"ListItem","position":2,"name":"Shop","item":"https:\/\/vaninahenry.com\/boutique\/"},{"@type":"ListItem","position":3,"name":"Wishlist"}]},{"@type":"WebSite","@id":"https:\/\/vaninahenry.com\/#website","url":"https:\/\/vaninahenry.com\/","name":"Vanina Henry","description":"","publisher":{"@id":"https:\/\/vaninahenry.com\/#organization"},"potentialAction":[{"@type":"SearchAction","target":{"@type":"EntryPoint","urlTemplate":"https:\/\/vaninahenry.com\/?s={search_term_string}"},"query-input":{"@type":"PropertyValueSpecification","valueRequired":true,"valueName":"search_term_string"}}],"inLanguage":"en-US"},{"@type":"Organization","@id":"https:\/\/vaninahenry.com\/#organization","name":"Vanina Henry","url":"https:\/\/vaninahenry.com\/","logo":{"@type":"ImageObject","inLanguage":"en-US","@id":"https:\/\/vaninahenry.com\/#\/schema\/logo\/image\/","url":"http:\/\/vaninahenry.com\/wp-content\/uploads\/2021\/10\/Logo-design-by-VaninaHenry.png","contentUrl":"http:\/\/vaninahenry.com\/wp-content\/uploads\/2021\/10\/Logo-design-by-VaninaHenry.png","width":711,"height":467,"caption":"Vanina Henry"},"image":{"@id":"https:\/\/vaninahenry.com\/#\/schema\/logo\/image\/"},"sameAs":["https:\/\/www.facebook.com\/designbyvaninahenry","https:\/\/www.instagram.com\/vaninahenry\/"]}]}},"_links":{"self":[{"href":"https:\/\/vaninahenry.com\/en\/wp-json\/wp\/v2\/product\/134213","targetHints":{"allow":["GET"]}}],"collection":[{"href":"https:\/\/vaninahenry.com\/en\/wp-json\/wp\/v2\/product"}],"about":[{"href":"https:\/\/vaninahenry.com\/en\/wp-json\/wp\/v2\/types\/product"}],"wp:featuredmedia":[{"embeddable":true,"href":"https:\/\/vaninahenry.com\/en\/wp-json\/wp\/v2\/media\/132950"}],"wp:attachment":[{"href":"https:\/\/vaninahenry.com\/en\/wp-json\/wp\/v2\/media?parent=134213"}],"wp:term":[{"taxonomy":"product_brand","embeddable":true,"href":"https:\/\/vaninahenry.com\/en\/wp-json\/wp\/v2\/product_brand?post=134213"},{"taxonomy":"product_cat","embeddable":true,"href":"https:\/\/vaninahenry.com\/en\/wp-json\/wp\/v2\/product_cat?post=134213"},{"taxonomy":"product_tag","embeddable":true,"href":"https:\/\/vaninahenry.com\/en\/wp-json\/wp\/v2\/product_tag?post=134213"}],"curies":[{"name":"wp","href":"https:\/\/api.w.org\/{rel}","templated":true}]}}