{"id":121227,"date":"2025-11-20T14:36:34","date_gmt":"2025-11-20T13:36:34","guid":{"rendered":"https:\/\/vaninahenry.com\/?post_type=product&#038;p=121227"},"modified":"2025-11-20T14:36:35","modified_gmt":"2025-11-20T13:36:35","slug":"magic-garden-2","status":"publish","type":"product","link":"https:\/\/vaninahenry.com\/en\/product\/magic-garden-2\/","title":{"rendered":"Magic Garden"},"content":{"rendered":"<h2 class=\"h1 mb-md-5 d-flex d-md-block align-items-center justify-content-between\"><span style=\"color: #9a7541\">Description<\/span><\/h2>\n<div id=\"product-desc\" class=\"collapse show mt-4 mt-md-0 pb-3 pb-md-0 d-md-block\" aria-labelledby=\"description-section\" data-parent=\"#product-additional-info\">\n<p>D\u00e9corez votre mur d\u2019une v\u00e9g\u00e9tation dense avec le papier peint Magic Garden de la collection \u00e9ponyme de Les Dominotiers. Ce motif, malgr\u00e9 ses plantes inspir\u00e9es d\u2019un jardin typiquement anglais, a une note tropicale avec la pr\u00e9sence de foug\u00e8res. Les esp\u00e8ces choisies, des feuilles de g\u00e9ranium, des grandes herbes et des langues de cerf, sont des plantes typiquement anglaises. En vert clair sur fond blanc, ce papier peint fera entrer la nature dans votre int\u00e9rieur, que ce soit dans un salon, une chambre, une cuisine ou encore un bureau.<\/p>\n<\/div>\n","protected":false},"excerpt":{"rendered":"<p><span style=\"color: #9a7541\">Collection MAGIC GARDEN<\/span><\/p>\n<p><span style=\"color: #9a7541\">Magic Garden<\/span>, depicting dense green plants, such as ferns.<br \/>\nAvailable in 4 colours.<\/p>\n<p><img decoding=\"async\" class=\"alignnone wp-image-98218 size-medium\" src=\"https:\/\/vaninahenry.com\/wp-content\/uploads\/2022\/08\/Magic-Garden-2-258x300.png\" alt=\"\" width=\"258\" height=\"300\" \/><\/p>\n<p>Papier peint intiss\u00e9.<\/p>\n<p>Rouleau : 0,52 m de large et 10 m de long.<br \/>\nType de raccord : Saut\u00e9\u00a0 52 cm<\/p>\n<p>&nbsp;<\/p>\n<p><strong><a href=\"https:\/\/vaninahenry.com\/wp-content\/uploads\/2021\/08\/calcul-EN-1-scaled.jpg\" target=\"_blank\" rel=\"noopener\">Calculate the number of rolls yourself<\/a><\/strong><br \/>\n<span style=\"color: #9a7500\"><a style=\"color: #9a7500\" href=\"https:\/\/vaninahenry.com\/contact\/?lang=en\" target=\"_blank\" rel=\"noopener\"><span style=\"color: #333333\">We can also help you,<\/span> <strong>contact us<\/strong><\/a>.<\/span><\/p>\n<p><span style=\"color: #9a7500\"><a style=\"color: #9a7500\" href=\"https:\/\/vaninahenry.com\/en\/brand\/les-dominotiers\/\" target=\"_blank\" rel=\"noopener\">More about LES DOMINOTIERS<\/a><\/span><\/p>\n<p>&nbsp;<\/p>\n","protected":false},"featured_media":120429,"template":"","meta":{"_acf_changed":false,"inline_featured_image":false},"product_brand":[],"product_cat":[247],"product_tag":[],"class_list":{"0":"post-121227","1":"product","2":"type-product","3":"status-publish","4":"has-post-thumbnail","6":"product_cat-wallpaper","7":"product_shipping_class-isidore-leroy","9":"first","10":"instock","11":"taxable","12":"shipping-taxable","13":"purchasable","14":"product-type-variable"},"acf":[],"yoast_head":"<!-- This site is optimized with the Yoast SEO plugin v26.7 - https:\/\/yoast.com\/wordpress\/plugins\/seo\/ -->\n<title>Magic Garden - Vanina Henry<\/title>\n<meta name=\"robots\" content=\"index, follow, max-snippet:-1, max-image-preview:large, max-video-preview:-1\" \/>\n<link rel=\"canonical\" href=\"https:\/\/vaninahenry.com\/en\/product\/magic-garden-2\/\" \/>\n<meta property=\"og:locale\" content=\"en_US\" \/>\n<meta property=\"og:type\" content=\"article\" \/>\n<meta property=\"og:title\" content=\"Magic Garden - Vanina Henry\" \/>\n<meta property=\"og:description\" content=\"Collection MAGIC GARDEN  Magic Garden, depicting dense green plants, such as ferns. Available in 4 colours.    Papier peint intiss\u00e9.  Rouleau : 0,52 m de large et 10 m de long. Type de raccord : Saut\u00e9\u00a0 52 cm  &nbsp;  Calculate the number of rolls yourself We can also help you, contact us.  More about LES DOMINOTIERS  &nbsp;\" \/>\n<meta property=\"og:url\" content=\"https:\/\/vaninahenry.com\/en\/product\/magic-garden-2\/\" \/>\n<meta property=\"og:site_name\" content=\"Vanina Henry\" \/>\n<meta property=\"article:publisher\" content=\"https:\/\/www.facebook.com\/designbyvaninahenry\" \/>\n<meta property=\"article:modified_time\" content=\"2025-11-20T13:36:35+00:00\" \/>\n<meta property=\"og:image\" content=\"http:\/\/vaninahenry.com\/wp-content\/uploads\/2025\/11\/magic-garden-8-1.jpg\" \/>\n\t<meta property=\"og:image:width\" content=\"625\" \/>\n\t<meta property=\"og:image:height\" content=\"625\" \/>\n\t<meta property=\"og:image:type\" content=\"image\/jpeg\" \/>\n<meta name=\"twitter:card\" content=\"summary_large_image\" \/>\n<meta name=\"twitter:label1\" content=\"Est. reading time\" \/>\n\t<meta name=\"twitter:data1\" content=\"1 minute\" \/>\n<script type=\"application\/ld+json\" class=\"yoast-schema-graph\">{\"@context\":\"https:\/\/schema.org\",\"@graph\":[{\"@type\":\"WebPage\",\"@id\":\"https:\/\/vaninahenry.com\/en\/product\/magic-garden-2\/\",\"url\":\"https:\/\/vaninahenry.com\/en\/product\/magic-garden-2\/\",\"name\":\"Magic Garden - Vanina Henry\",\"isPartOf\":{\"@id\":\"https:\/\/vaninahenry.com\/#website\"},\"primaryImageOfPage\":{\"@id\":\"https:\/\/vaninahenry.com\/en\/product\/magic-garden-2\/#primaryimage\"},\"image\":{\"@id\":\"https:\/\/vaninahenry.com\/en\/product\/magic-garden-2\/#primaryimage\"},\"thumbnailUrl\":\"https:\/\/vaninahenry.com\/wp-content\/uploads\/2025\/11\/magic-garden-8-1.jpg\",\"datePublished\":\"2025-11-20T13:36:34+00:00\",\"dateModified\":\"2025-11-20T13:36:35+00:00\",\"breadcrumb\":{\"@id\":\"https:\/\/vaninahenry.com\/en\/product\/magic-garden-2\/#breadcrumb\"},\"inLanguage\":\"en-US\",\"potentialAction\":[{\"@type\":\"ReadAction\",\"target\":[\"https:\/\/vaninahenry.com\/en\/product\/magic-garden-2\/\"]}]},{\"@type\":\"ImageObject\",\"inLanguage\":\"en-US\",\"@id\":\"https:\/\/vaninahenry.com\/en\/product\/magic-garden-2\/#primaryimage\",\"url\":\"https:\/\/vaninahenry.com\/wp-content\/uploads\/2025\/11\/magic-garden-8-1.jpg\",\"contentUrl\":\"https:\/\/vaninahenry.com\/wp-content\/uploads\/2025\/11\/magic-garden-8-1.jpg\",\"width\":625,\"height\":625},{\"@type\":\"BreadcrumbList\",\"@id\":\"https:\/\/vaninahenry.com\/en\/product\/magic-garden-2\/#breadcrumb\",\"itemListElement\":[{\"@type\":\"ListItem\",\"position\":1,\"name\":\"Accueil\",\"item\":\"https:\/\/vaninahenry.com\/\"},{\"@type\":\"ListItem\",\"position\":2,\"name\":\"Shop\",\"item\":\"https:\/\/vaninahenry.com\/boutique\/\"},{\"@type\":\"ListItem\",\"position\":3,\"name\":\"Magic Garden\"}]},{\"@type\":\"WebSite\",\"@id\":\"https:\/\/vaninahenry.com\/#website\",\"url\":\"https:\/\/vaninahenry.com\/\",\"name\":\"Vanina Henry\",\"description\":\"\",\"publisher\":{\"@id\":\"https:\/\/vaninahenry.com\/#organization\"},\"potentialAction\":[{\"@type\":\"SearchAction\",\"target\":{\"@type\":\"EntryPoint\",\"urlTemplate\":\"https:\/\/vaninahenry.com\/?s={search_term_string}\"},\"query-input\":{\"@type\":\"PropertyValueSpecification\",\"valueRequired\":true,\"valueName\":\"search_term_string\"}}],\"inLanguage\":\"en-US\"},{\"@type\":\"Organization\",\"@id\":\"https:\/\/vaninahenry.com\/#organization\",\"name\":\"Vanina Henry\",\"url\":\"https:\/\/vaninahenry.com\/\",\"logo\":{\"@type\":\"ImageObject\",\"inLanguage\":\"en-US\",\"@id\":\"https:\/\/vaninahenry.com\/#\/schema\/logo\/image\/\",\"url\":\"http:\/\/vaninahenry.com\/wp-content\/uploads\/2021\/10\/Logo-design-by-VaninaHenry.png\",\"contentUrl\":\"http:\/\/vaninahenry.com\/wp-content\/uploads\/2021\/10\/Logo-design-by-VaninaHenry.png\",\"width\":711,\"height\":467,\"caption\":\"Vanina Henry\"},\"image\":{\"@id\":\"https:\/\/vaninahenry.com\/#\/schema\/logo\/image\/\"},\"sameAs\":[\"https:\/\/www.facebook.com\/designbyvaninahenry\",\"https:\/\/www.instagram.com\/vaninahenry\/\"]}]}<\/script>\n<!-- \/ Yoast SEO plugin. -->","yoast_head_json":{"title":"Magic Garden - Vanina Henry","robots":{"index":"index","follow":"follow","max-snippet":"max-snippet:-1","max-image-preview":"max-image-preview:large","max-video-preview":"max-video-preview:-1"},"canonical":"https:\/\/vaninahenry.com\/en\/product\/magic-garden-2\/","og_locale":"en_US","og_type":"article","og_title":"Magic Garden - Vanina Henry","og_description":"Collection MAGIC GARDEN  Magic Garden, depicting dense green plants, such as ferns. Available in 4 colours.    Papier peint intiss\u00e9.  Rouleau : 0,52 m de large et 10 m de long. Type de raccord : Saut\u00e9\u00a0 52 cm  &nbsp;  Calculate the number of rolls yourself We can also help you, contact us.  More about LES DOMINOTIERS  &nbsp;","og_url":"https:\/\/vaninahenry.com\/en\/product\/magic-garden-2\/","og_site_name":"Vanina Henry","article_publisher":"https:\/\/www.facebook.com\/designbyvaninahenry","article_modified_time":"2025-11-20T13:36:35+00:00","og_image":[{"width":625,"height":625,"url":"http:\/\/vaninahenry.com\/wp-content\/uploads\/2025\/11\/magic-garden-8-1.jpg","type":"image\/jpeg"}],"twitter_card":"summary_large_image","twitter_misc":{"Est. reading time":"1 minute"},"schema":{"@context":"https:\/\/schema.org","@graph":[{"@type":"WebPage","@id":"https:\/\/vaninahenry.com\/en\/product\/magic-garden-2\/","url":"https:\/\/vaninahenry.com\/en\/product\/magic-garden-2\/","name":"Magic Garden - Vanina Henry","isPartOf":{"@id":"https:\/\/vaninahenry.com\/#website"},"primaryImageOfPage":{"@id":"https:\/\/vaninahenry.com\/en\/product\/magic-garden-2\/#primaryimage"},"image":{"@id":"https:\/\/vaninahenry.com\/en\/product\/magic-garden-2\/#primaryimage"},"thumbnailUrl":"https:\/\/vaninahenry.com\/wp-content\/uploads\/2025\/11\/magic-garden-8-1.jpg","datePublished":"2025-11-20T13:36:34+00:00","dateModified":"2025-11-20T13:36:35+00:00","breadcrumb":{"@id":"https:\/\/vaninahenry.com\/en\/product\/magic-garden-2\/#breadcrumb"},"inLanguage":"en-US","potentialAction":[{"@type":"ReadAction","target":["https:\/\/vaninahenry.com\/en\/product\/magic-garden-2\/"]}]},{"@type":"ImageObject","inLanguage":"en-US","@id":"https:\/\/vaninahenry.com\/en\/product\/magic-garden-2\/#primaryimage","url":"https:\/\/vaninahenry.com\/wp-content\/uploads\/2025\/11\/magic-garden-8-1.jpg","contentUrl":"https:\/\/vaninahenry.com\/wp-content\/uploads\/2025\/11\/magic-garden-8-1.jpg","width":625,"height":625},{"@type":"BreadcrumbList","@id":"https:\/\/vaninahenry.com\/en\/product\/magic-garden-2\/#breadcrumb","itemListElement":[{"@type":"ListItem","position":1,"name":"Accueil","item":"https:\/\/vaninahenry.com\/"},{"@type":"ListItem","position":2,"name":"Shop","item":"https:\/\/vaninahenry.com\/boutique\/"},{"@type":"ListItem","position":3,"name":"Magic Garden"}]},{"@type":"WebSite","@id":"https:\/\/vaninahenry.com\/#website","url":"https:\/\/vaninahenry.com\/","name":"Vanina Henry","description":"","publisher":{"@id":"https:\/\/vaninahenry.com\/#organization"},"potentialAction":[{"@type":"SearchAction","target":{"@type":"EntryPoint","urlTemplate":"https:\/\/vaninahenry.com\/?s={search_term_string}"},"query-input":{"@type":"PropertyValueSpecification","valueRequired":true,"valueName":"search_term_string"}}],"inLanguage":"en-US"},{"@type":"Organization","@id":"https:\/\/vaninahenry.com\/#organization","name":"Vanina Henry","url":"https:\/\/vaninahenry.com\/","logo":{"@type":"ImageObject","inLanguage":"en-US","@id":"https:\/\/vaninahenry.com\/#\/schema\/logo\/image\/","url":"http:\/\/vaninahenry.com\/wp-content\/uploads\/2021\/10\/Logo-design-by-VaninaHenry.png","contentUrl":"http:\/\/vaninahenry.com\/wp-content\/uploads\/2021\/10\/Logo-design-by-VaninaHenry.png","width":711,"height":467,"caption":"Vanina Henry"},"image":{"@id":"https:\/\/vaninahenry.com\/#\/schema\/logo\/image\/"},"sameAs":["https:\/\/www.facebook.com\/designbyvaninahenry","https:\/\/www.instagram.com\/vaninahenry\/"]}]}},"_links":{"self":[{"href":"https:\/\/vaninahenry.com\/en\/wp-json\/wp\/v2\/product\/121227","targetHints":{"allow":["GET"]}}],"collection":[{"href":"https:\/\/vaninahenry.com\/en\/wp-json\/wp\/v2\/product"}],"about":[{"href":"https:\/\/vaninahenry.com\/en\/wp-json\/wp\/v2\/types\/product"}],"wp:featuredmedia":[{"embeddable":true,"href":"https:\/\/vaninahenry.com\/en\/wp-json\/wp\/v2\/media\/120429"}],"wp:attachment":[{"href":"https:\/\/vaninahenry.com\/en\/wp-json\/wp\/v2\/media?parent=121227"}],"wp:term":[{"taxonomy":"product_brand","embeddable":true,"href":"https:\/\/vaninahenry.com\/en\/wp-json\/wp\/v2\/product_brand?post=121227"},{"taxonomy":"product_cat","embeddable":true,"href":"https:\/\/vaninahenry.com\/en\/wp-json\/wp\/v2\/product_cat?post=121227"},{"taxonomy":"product_tag","embeddable":true,"href":"https:\/\/vaninahenry.com\/en\/wp-json\/wp\/v2\/product_tag?post=121227"}],"curies":[{"name":"wp","href":"https:\/\/api.w.org\/{rel}","templated":true}]}}