{"id":118411,"date":"2025-11-20T11:35:15","date_gmt":"2025-11-20T10:35:15","guid":{"rendered":"https:\/\/vaninahenry.com\/?post_type=product&#038;p=118411"},"modified":"2025-11-20T12:18:54","modified_gmt":"2025-11-20T11:18:54","slug":"broccoli-brown-no-198-sampel-100ml","status":"publish","type":"product","link":"https:\/\/vaninahenry.com\/en\/product\/broccoli-brown-no-198-sampel-100ml\/","title":{"rendered":"Broccoli Brown No.198 &#8211; Sampel 100ml"},"content":{"rendered":"<p>A soft, dark colour that blends effortlessly with natural materials such as weathered wood or stone floors. For a discreet yet comforting effect.<\/p>\n<p>&nbsp;<\/p>\n<p>Recommended Primer &amp; Undercoat: Dark Tones<\/p>\n<p>Complementary white: <span style=\"color: #9a7541;\"><a style=\"color: #9a7541;\" href=\"https:\/\/vaninahenry.com\/en\/product\/stirabout-no-300\/\">Stirabout<\/a><\/span><\/p>\n<p>&nbsp;<\/p>\n<p>&nbsp;<\/p>\n<p>&nbsp;<\/p>\n","protected":false},"excerpt":{"rendered":"<p style=\"text-align: center;\"><span style=\"color: #000000;\"><a class=\"btn\" style=\"color: #000000;\" href=\"https:\/\/vaninahenry.com\/en\/product\/broccoli-brown-no-198\/\">Buy Broccoli Brown No.198<\/a><\/span><\/p>\n<p>&nbsp;<\/p>\n<p>\u00c9chantillon de qualit\u00e9 <span style=\"color: #9a7541;\">Estate Emulsion.<\/span><\/p>\n<p>Aspect: Crayeux, fini tr\u00e8s mat 2 % de brillance.<br \/>\nPouvoir Couvrant 1 m\u00b2<\/p>\n","protected":false},"featured_media":118005,"template":"","meta":{"_acf_changed":false,"inline_featured_image":false},"product_brand":[],"product_cat":[246],"product_tag":[],"class_list":{"0":"post-118411","1":"product","2":"type-product","3":"status-publish","4":"has-post-thumbnail","6":"product_cat-paintings","7":"product_shipping_class-farrow-and-ball-sample","9":"first","10":"instock","11":"taxable","12":"shipping-taxable","13":"purchasable","14":"product-type-simple"},"acf":[],"yoast_head":"<!-- This site is optimized with the Yoast SEO plugin v26.7 - https:\/\/yoast.com\/wordpress\/plugins\/seo\/ -->\n<title>Broccoli Brown No.198 - Sampel 100ml - Vanina Henry<\/title>\n<meta name=\"robots\" content=\"index, follow, max-snippet:-1, max-image-preview:large, max-video-preview:-1\" \/>\n<link rel=\"canonical\" href=\"https:\/\/vaninahenry.com\/product\/broccoli-brown-no-198-echantillon-100ml\/\" \/>\n<meta property=\"og:locale\" content=\"en_US\" \/>\n<meta property=\"og:type\" content=\"article\" \/>\n<meta property=\"og:title\" content=\"Broccoli Brown No.198 - Sampel 100ml - Vanina Henry\" \/>\n<meta property=\"og:description\" content=\"Buy Broccoli Brown No.198 &nbsp;  \u00c9chantillon de qualit\u00e9 Estate Emulsion.  Aspect: Crayeux, fini tr\u00e8s mat 2 % de brillance. Pouvoir Couvrant 1 m\u00b2\" \/>\n<meta property=\"og:url\" content=\"https:\/\/vaninahenry.com\/product\/broccoli-brown-no-198-echantillon-100ml\/\" \/>\n<meta property=\"og:site_name\" content=\"Vanina Henry\" \/>\n<meta property=\"article:publisher\" content=\"https:\/\/www.facebook.com\/designbyvaninahenry\" \/>\n<meta property=\"article:modified_time\" content=\"2025-11-20T11:18:54+00:00\" \/>\n<meta property=\"og:image\" content=\"https:\/\/vaninahenry.com\/wp-content\/uploads\/2025\/11\/VH_FB_Broccoli-Brown-No.198.png\" \/>\n\t<meta property=\"og:image:width\" content=\"552\" \/>\n\t<meta property=\"og:image:height\" content=\"552\" \/>\n\t<meta property=\"og:image:type\" content=\"image\/png\" \/>\n<meta name=\"twitter:card\" content=\"summary_large_image\" \/>\n<meta name=\"twitter:label1\" content=\"Est. reading time\" \/>\n\t<meta name=\"twitter:data1\" content=\"1 minute\" \/>\n<script type=\"application\/ld+json\" class=\"yoast-schema-graph\">{\"@context\":\"https:\/\/schema.org\",\"@graph\":[{\"@type\":\"WebPage\",\"@id\":\"https:\/\/vaninahenry.com\/product\/broccoli-brown-no-198-echantillon-100ml\/\",\"url\":\"https:\/\/vaninahenry.com\/product\/broccoli-brown-no-198-echantillon-100ml\/\",\"name\":\"Broccoli Brown No.198 - Sampel 100ml - Vanina Henry\",\"isPartOf\":{\"@id\":\"https:\/\/vaninahenry.com\/#website\"},\"primaryImageOfPage\":{\"@id\":\"https:\/\/vaninahenry.com\/product\/broccoli-brown-no-198-echantillon-100ml\/#primaryimage\"},\"image\":{\"@id\":\"https:\/\/vaninahenry.com\/product\/broccoli-brown-no-198-echantillon-100ml\/#primaryimage\"},\"thumbnailUrl\":\"https:\/\/vaninahenry.com\/wp-content\/uploads\/2025\/11\/VH_FB_Broccoli-Brown-No.198.png\",\"datePublished\":\"2025-11-20T10:35:15+00:00\",\"dateModified\":\"2025-11-20T11:18:54+00:00\",\"breadcrumb\":{\"@id\":\"https:\/\/vaninahenry.com\/product\/broccoli-brown-no-198-echantillon-100ml\/#breadcrumb\"},\"inLanguage\":\"en-US\",\"potentialAction\":[{\"@type\":\"ReadAction\",\"target\":[\"https:\/\/vaninahenry.com\/product\/broccoli-brown-no-198-echantillon-100ml\/\"]}]},{\"@type\":\"ImageObject\",\"inLanguage\":\"en-US\",\"@id\":\"https:\/\/vaninahenry.com\/product\/broccoli-brown-no-198-echantillon-100ml\/#primaryimage\",\"url\":\"https:\/\/vaninahenry.com\/wp-content\/uploads\/2025\/11\/VH_FB_Broccoli-Brown-No.198.png\",\"contentUrl\":\"https:\/\/vaninahenry.com\/wp-content\/uploads\/2025\/11\/VH_FB_Broccoli-Brown-No.198.png\",\"width\":552,\"height\":552},{\"@type\":\"BreadcrumbList\",\"@id\":\"https:\/\/vaninahenry.com\/product\/broccoli-brown-no-198-echantillon-100ml\/#breadcrumb\",\"itemListElement\":[{\"@type\":\"ListItem\",\"position\":1,\"name\":\"Accueil\",\"item\":\"https:\/\/vaninahenry.com\/\"},{\"@type\":\"ListItem\",\"position\":2,\"name\":\"Shop\",\"item\":\"https:\/\/vaninahenry.com\/boutique\/\"},{\"@type\":\"ListItem\",\"position\":3,\"name\":\"Broccoli Brown No.198 &#8211; Sampel 100ml\"}]},{\"@type\":\"WebSite\",\"@id\":\"https:\/\/vaninahenry.com\/#website\",\"url\":\"https:\/\/vaninahenry.com\/\",\"name\":\"Vanina Henry\",\"description\":\"\",\"publisher\":{\"@id\":\"https:\/\/vaninahenry.com\/#organization\"},\"potentialAction\":[{\"@type\":\"SearchAction\",\"target\":{\"@type\":\"EntryPoint\",\"urlTemplate\":\"https:\/\/vaninahenry.com\/?s={search_term_string}\"},\"query-input\":{\"@type\":\"PropertyValueSpecification\",\"valueRequired\":true,\"valueName\":\"search_term_string\"}}],\"inLanguage\":\"en-US\"},{\"@type\":\"Organization\",\"@id\":\"https:\/\/vaninahenry.com\/#organization\",\"name\":\"Vanina Henry\",\"url\":\"https:\/\/vaninahenry.com\/\",\"logo\":{\"@type\":\"ImageObject\",\"inLanguage\":\"en-US\",\"@id\":\"https:\/\/vaninahenry.com\/#\/schema\/logo\/image\/\",\"url\":\"http:\/\/vaninahenry.com\/wp-content\/uploads\/2021\/10\/Logo-design-by-VaninaHenry.png\",\"contentUrl\":\"http:\/\/vaninahenry.com\/wp-content\/uploads\/2021\/10\/Logo-design-by-VaninaHenry.png\",\"width\":711,\"height\":467,\"caption\":\"Vanina Henry\"},\"image\":{\"@id\":\"https:\/\/vaninahenry.com\/#\/schema\/logo\/image\/\"},\"sameAs\":[\"https:\/\/www.facebook.com\/designbyvaninahenry\",\"https:\/\/www.instagram.com\/vaninahenry\/\"]}]}<\/script>\n<!-- \/ Yoast SEO plugin. -->","yoast_head_json":{"title":"Broccoli Brown No.198 - Sampel 100ml - Vanina Henry","robots":{"index":"index","follow":"follow","max-snippet":"max-snippet:-1","max-image-preview":"max-image-preview:large","max-video-preview":"max-video-preview:-1"},"canonical":"https:\/\/vaninahenry.com\/product\/broccoli-brown-no-198-echantillon-100ml\/","og_locale":"en_US","og_type":"article","og_title":"Broccoli Brown No.198 - Sampel 100ml - Vanina Henry","og_description":"Buy Broccoli Brown No.198 &nbsp;  \u00c9chantillon de qualit\u00e9 Estate Emulsion.  Aspect: Crayeux, fini tr\u00e8s mat 2 % de brillance. Pouvoir Couvrant 1 m\u00b2","og_url":"https:\/\/vaninahenry.com\/product\/broccoli-brown-no-198-echantillon-100ml\/","og_site_name":"Vanina Henry","article_publisher":"https:\/\/www.facebook.com\/designbyvaninahenry","article_modified_time":"2025-11-20T11:18:54+00:00","og_image":[{"width":552,"height":552,"url":"https:\/\/vaninahenry.com\/wp-content\/uploads\/2025\/11\/VH_FB_Broccoli-Brown-No.198.png","type":"image\/png"}],"twitter_card":"summary_large_image","twitter_misc":{"Est. reading time":"1 minute"},"schema":{"@context":"https:\/\/schema.org","@graph":[{"@type":"WebPage","@id":"https:\/\/vaninahenry.com\/product\/broccoli-brown-no-198-echantillon-100ml\/","url":"https:\/\/vaninahenry.com\/product\/broccoli-brown-no-198-echantillon-100ml\/","name":"Broccoli Brown No.198 - Sampel 100ml - Vanina Henry","isPartOf":{"@id":"https:\/\/vaninahenry.com\/#website"},"primaryImageOfPage":{"@id":"https:\/\/vaninahenry.com\/product\/broccoli-brown-no-198-echantillon-100ml\/#primaryimage"},"image":{"@id":"https:\/\/vaninahenry.com\/product\/broccoli-brown-no-198-echantillon-100ml\/#primaryimage"},"thumbnailUrl":"https:\/\/vaninahenry.com\/wp-content\/uploads\/2025\/11\/VH_FB_Broccoli-Brown-No.198.png","datePublished":"2025-11-20T10:35:15+00:00","dateModified":"2025-11-20T11:18:54+00:00","breadcrumb":{"@id":"https:\/\/vaninahenry.com\/product\/broccoli-brown-no-198-echantillon-100ml\/#breadcrumb"},"inLanguage":"en-US","potentialAction":[{"@type":"ReadAction","target":["https:\/\/vaninahenry.com\/product\/broccoli-brown-no-198-echantillon-100ml\/"]}]},{"@type":"ImageObject","inLanguage":"en-US","@id":"https:\/\/vaninahenry.com\/product\/broccoli-brown-no-198-echantillon-100ml\/#primaryimage","url":"https:\/\/vaninahenry.com\/wp-content\/uploads\/2025\/11\/VH_FB_Broccoli-Brown-No.198.png","contentUrl":"https:\/\/vaninahenry.com\/wp-content\/uploads\/2025\/11\/VH_FB_Broccoli-Brown-No.198.png","width":552,"height":552},{"@type":"BreadcrumbList","@id":"https:\/\/vaninahenry.com\/product\/broccoli-brown-no-198-echantillon-100ml\/#breadcrumb","itemListElement":[{"@type":"ListItem","position":1,"name":"Accueil","item":"https:\/\/vaninahenry.com\/"},{"@type":"ListItem","position":2,"name":"Shop","item":"https:\/\/vaninahenry.com\/boutique\/"},{"@type":"ListItem","position":3,"name":"Broccoli Brown No.198 &#8211; Sampel 100ml"}]},{"@type":"WebSite","@id":"https:\/\/vaninahenry.com\/#website","url":"https:\/\/vaninahenry.com\/","name":"Vanina Henry","description":"","publisher":{"@id":"https:\/\/vaninahenry.com\/#organization"},"potentialAction":[{"@type":"SearchAction","target":{"@type":"EntryPoint","urlTemplate":"https:\/\/vaninahenry.com\/?s={search_term_string}"},"query-input":{"@type":"PropertyValueSpecification","valueRequired":true,"valueName":"search_term_string"}}],"inLanguage":"en-US"},{"@type":"Organization","@id":"https:\/\/vaninahenry.com\/#organization","name":"Vanina Henry","url":"https:\/\/vaninahenry.com\/","logo":{"@type":"ImageObject","inLanguage":"en-US","@id":"https:\/\/vaninahenry.com\/#\/schema\/logo\/image\/","url":"http:\/\/vaninahenry.com\/wp-content\/uploads\/2021\/10\/Logo-design-by-VaninaHenry.png","contentUrl":"http:\/\/vaninahenry.com\/wp-content\/uploads\/2021\/10\/Logo-design-by-VaninaHenry.png","width":711,"height":467,"caption":"Vanina Henry"},"image":{"@id":"https:\/\/vaninahenry.com\/#\/schema\/logo\/image\/"},"sameAs":["https:\/\/www.facebook.com\/designbyvaninahenry","https:\/\/www.instagram.com\/vaninahenry\/"]}]}},"_links":{"self":[{"href":"https:\/\/vaninahenry.com\/en\/wp-json\/wp\/v2\/product\/118411","targetHints":{"allow":["GET"]}}],"collection":[{"href":"https:\/\/vaninahenry.com\/en\/wp-json\/wp\/v2\/product"}],"about":[{"href":"https:\/\/vaninahenry.com\/en\/wp-json\/wp\/v2\/types\/product"}],"wp:featuredmedia":[{"embeddable":true,"href":"https:\/\/vaninahenry.com\/en\/wp-json\/wp\/v2\/media\/118005"}],"wp:attachment":[{"href":"https:\/\/vaninahenry.com\/en\/wp-json\/wp\/v2\/media?parent=118411"}],"wp:term":[{"taxonomy":"product_brand","embeddable":true,"href":"https:\/\/vaninahenry.com\/en\/wp-json\/wp\/v2\/product_brand?post=118411"},{"taxonomy":"product_cat","embeddable":true,"href":"https:\/\/vaninahenry.com\/en\/wp-json\/wp\/v2\/product_cat?post=118411"},{"taxonomy":"product_tag","embeddable":true,"href":"https:\/\/vaninahenry.com\/en\/wp-json\/wp\/v2\/product_tag?post=118411"}],"curies":[{"name":"wp","href":"https:\/\/api.w.org\/{rel}","templated":true}]}}