{"id":117929,"date":"2025-11-20T09:47:14","date_gmt":"2025-11-20T08:47:14","guid":{"rendered":"https:\/\/vaninahenry.com\/?post_type=product&#038;p=117929"},"modified":"2025-11-20T10:05:19","modified_gmt":"2025-11-20T09:05:19","slug":"carres-jalonnes","status":"publish","type":"product","link":"https:\/\/vaninahenry.com\/en\/product\/carres-jalonnes\/","title":{"rendered":"Carr\u00e9s jalonn\u00e9s"},"content":{"rendered":"<p>Roll: 1.0m by 10m.<\/p>\n<p>Composition: Vinyl on paper backing.<\/p>\n<p>Trim: Fitted to 31.7 cm square.<\/p>\n<p>Cleaning: Washable.<\/p>\n<p>Fire resistance: Permanently flame retardant.<\/p>\n<p>Excellent light fastness.<\/p>\n<p><img decoding=\"async\" class=\"alignnone wp-image-48980\" src=\"https:\/\/vaninahenry.com\/wp-content\/uploads\/2021\/08\/picto_GLOSSAIRE_Non_feu.jpg\" alt=\"\" width=\"100\" height=\"100\" \/><img decoding=\"async\" class=\"alignnone wp-image-48983\" src=\"https:\/\/vaninahenry.com\/wp-content\/uploads\/2021\/08\/picto_GLOSSAIRE_Lavable.jpg\" alt=\"\" width=\"100\" height=\"100\" \/><img decoding=\"async\" class=\"alignnone wp-image-48986\" src=\"https:\/\/vaninahenry.com\/wp-content\/uploads\/2021\/08\/picto_GLOSSAIRE_Excellente_tenue_lumiere-1.jpg\" alt=\"\" width=\"100\" height=\"100\" \/><img decoding=\"async\" class=\"alignnone wp-image-48989\" src=\"https:\/\/vaninahenry.com\/wp-content\/uploads\/2021\/08\/picto_GLOSSAIRE_Encollage_mur.jpg\" alt=\"\" width=\"100\" height=\"100\" \/><img decoding=\"async\" class=\"alignnone wp-image-48995\" src=\"https:\/\/vaninahenry.com\/wp-content\/uploads\/2021\/08\/picto_GLOSSAIRE_Arrachable_sec.jpg\" alt=\"\" width=\"100\" height=\"100\" \/><img decoding=\"async\" class=\"alignnone wp-image-24557\" src=\"https:\/\/vaninahenry.com\/wp-content\/uploads\/2021\/03\/A-1.jpg\" alt=\"\" width=\"138\" height=\"100\" \/><\/p>\n","protected":false},"excerpt":{"rendered":"<p><span style=\"color: #9a7541;\">Aordes sensibles x V\u00e9ronique de Soultrai<\/span><\/p>\n<p><span style=\"color: #9a7541;\">Carr\u00e9s jalonn\u00e9s<\/span> is available in 3 references:<\/p>\n<p><img decoding=\"async\" class=\"alignnone wp-image-109607 size-full\" src=\"https:\/\/vaninahenry.com\/wp-content\/uploads\/2024\/10\/ELITIS_CORDE_VP996.jpg\" alt=\"\" width=\"982\" height=\"363\" \/><\/p>\n<p>Embossed rope-look vinyl wallpaper<\/p>\n<p><strong><a href=\"https:\/\/vaninahenry.com\/wp-content\/uploads\/2021\/08\/calcul-EN-1-scaled.jpg\" target=\"_blank\" rel=\"noopener\">Calculate the number of rolls yourself<\/a><\/strong><br \/>\n<span style=\"color: #9a7500;\"><a style=\"color: #9a7500;\" href=\"https:\/\/vaninahenry.com\/contact\/?lang=en\" target=\"_blank\" rel=\"noopener\"><span style=\"color: #333333;\">We can also help you,<\/span> <strong>contact us<\/strong><\/a>.<\/span><\/p>\n<p><span style=\"color: #9a7500;\"><a style=\"color: #9a7500;\" href=\"https:\/\/vaninahenry.com\/marque\/elitis\/?lang=en\" target=\"_blank\" rel=\"noopener\">More about ELITIS<\/a><\/span><\/p>\n","protected":false},"featured_media":117463,"template":"","meta":{"_acf_changed":false,"inline_featured_image":false},"product_brand":[],"product_cat":[247,394,1420],"product_tag":[],"class_list":{"0":"post-117929","1":"product","2":"type-product","3":"status-publish","4":"has-post-thumbnail","6":"product_cat-wallpaper","7":"product_cat-news","8":"product_cat-discover-our-products","10":"first","11":"instock","12":"taxable","13":"shipping-taxable","14":"product-type-variable"},"acf":[],"yoast_head":"<!-- This site is optimized with the Yoast SEO plugin v26.7 - https:\/\/yoast.com\/wordpress\/plugins\/seo\/ -->\n<title>Carr\u00e9s jalonn\u00e9s - Vanina Henry<\/title>\n<meta name=\"robots\" content=\"index, follow, max-snippet:-1, max-image-preview:large, max-video-preview:-1\" \/>\n<link rel=\"canonical\" href=\"https:\/\/vaninahenry.com\/en\/product\/carres-jalonnes\/\" \/>\n<meta property=\"og:locale\" content=\"en_US\" \/>\n<meta property=\"og:type\" content=\"article\" \/>\n<meta property=\"og:title\" content=\"Carr\u00e9s jalonn\u00e9s - Vanina Henry\" \/>\n<meta property=\"og:description\" content=\"Aordes sensibles x V\u00e9ronique de Soultrai  Carr\u00e9s jalonn\u00e9s is available in 3 references:    Embossed rope-look vinyl wallpaper  Calculate the number of rolls yourself We can also help you, contact us.  More about ELITIS\" \/>\n<meta property=\"og:url\" content=\"https:\/\/vaninahenry.com\/en\/product\/carres-jalonnes\/\" \/>\n<meta property=\"og:site_name\" content=\"Vanina Henry\" \/>\n<meta property=\"article:publisher\" content=\"https:\/\/www.facebook.com\/designbyvaninahenry\" \/>\n<meta property=\"article:modified_time\" content=\"2025-11-20T09:05:19+00:00\" \/>\n<meta property=\"og:image\" content=\"https:\/\/vaninahenry.com\/wp-content\/uploads\/2025\/11\/ELITIS__VP_996_01_VDS_CORDES_SENSIBLES_TV_564_54_HOTEL_PARTICULIER_II_RL_6197.jpg\" \/>\n\t<meta property=\"og:image:width\" content=\"1200\" \/>\n\t<meta property=\"og:image:height\" content=\"1001\" \/>\n\t<meta property=\"og:image:type\" content=\"image\/jpeg\" \/>\n<meta name=\"twitter:card\" content=\"summary_large_image\" \/>\n<meta name=\"twitter:label1\" content=\"Est. reading time\" \/>\n\t<meta name=\"twitter:data1\" content=\"2 minutes\" \/>\n<script type=\"application\/ld+json\" class=\"yoast-schema-graph\">{\"@context\":\"https:\/\/schema.org\",\"@graph\":[{\"@type\":\"WebPage\",\"@id\":\"https:\/\/vaninahenry.com\/en\/product\/carres-jalonnes\/\",\"url\":\"https:\/\/vaninahenry.com\/en\/product\/carres-jalonnes\/\",\"name\":\"Carr\u00e9s jalonn\u00e9s - Vanina Henry\",\"isPartOf\":{\"@id\":\"https:\/\/vaninahenry.com\/#website\"},\"primaryImageOfPage\":{\"@id\":\"https:\/\/vaninahenry.com\/en\/product\/carres-jalonnes\/#primaryimage\"},\"image\":{\"@id\":\"https:\/\/vaninahenry.com\/en\/product\/carres-jalonnes\/#primaryimage\"},\"thumbnailUrl\":\"https:\/\/vaninahenry.com\/wp-content\/uploads\/2025\/11\/ELITIS__VP_996_01_VDS_CORDES_SENSIBLES_TV_564_54_HOTEL_PARTICULIER_II_RL_6197.jpg\",\"datePublished\":\"2025-11-20T08:47:14+00:00\",\"dateModified\":\"2025-11-20T09:05:19+00:00\",\"breadcrumb\":{\"@id\":\"https:\/\/vaninahenry.com\/en\/product\/carres-jalonnes\/#breadcrumb\"},\"inLanguage\":\"en-US\",\"potentialAction\":[{\"@type\":\"ReadAction\",\"target\":[\"https:\/\/vaninahenry.com\/en\/product\/carres-jalonnes\/\"]}]},{\"@type\":\"ImageObject\",\"inLanguage\":\"en-US\",\"@id\":\"https:\/\/vaninahenry.com\/en\/product\/carres-jalonnes\/#primaryimage\",\"url\":\"https:\/\/vaninahenry.com\/wp-content\/uploads\/2025\/11\/ELITIS__VP_996_01_VDS_CORDES_SENSIBLES_TV_564_54_HOTEL_PARTICULIER_II_RL_6197.jpg\",\"contentUrl\":\"https:\/\/vaninahenry.com\/wp-content\/uploads\/2025\/11\/ELITIS__VP_996_01_VDS_CORDES_SENSIBLES_TV_564_54_HOTEL_PARTICULIER_II_RL_6197.jpg\",\"width\":1200,\"height\":1001},{\"@type\":\"BreadcrumbList\",\"@id\":\"https:\/\/vaninahenry.com\/en\/product\/carres-jalonnes\/#breadcrumb\",\"itemListElement\":[{\"@type\":\"ListItem\",\"position\":1,\"name\":\"Accueil\",\"item\":\"https:\/\/vaninahenry.com\/\"},{\"@type\":\"ListItem\",\"position\":2,\"name\":\"Shop\",\"item\":\"https:\/\/vaninahenry.com\/boutique\/\"},{\"@type\":\"ListItem\",\"position\":3,\"name\":\"Carr\u00e9s jalonn\u00e9s\"}]},{\"@type\":\"WebSite\",\"@id\":\"https:\/\/vaninahenry.com\/#website\",\"url\":\"https:\/\/vaninahenry.com\/\",\"name\":\"Vanina Henry\",\"description\":\"\",\"publisher\":{\"@id\":\"https:\/\/vaninahenry.com\/#organization\"},\"potentialAction\":[{\"@type\":\"SearchAction\",\"target\":{\"@type\":\"EntryPoint\",\"urlTemplate\":\"https:\/\/vaninahenry.com\/?s={search_term_string}\"},\"query-input\":{\"@type\":\"PropertyValueSpecification\",\"valueRequired\":true,\"valueName\":\"search_term_string\"}}],\"inLanguage\":\"en-US\"},{\"@type\":\"Organization\",\"@id\":\"https:\/\/vaninahenry.com\/#organization\",\"name\":\"Vanina Henry\",\"url\":\"https:\/\/vaninahenry.com\/\",\"logo\":{\"@type\":\"ImageObject\",\"inLanguage\":\"en-US\",\"@id\":\"https:\/\/vaninahenry.com\/#\/schema\/logo\/image\/\",\"url\":\"http:\/\/vaninahenry.com\/wp-content\/uploads\/2021\/10\/Logo-design-by-VaninaHenry.png\",\"contentUrl\":\"http:\/\/vaninahenry.com\/wp-content\/uploads\/2021\/10\/Logo-design-by-VaninaHenry.png\",\"width\":711,\"height\":467,\"caption\":\"Vanina Henry\"},\"image\":{\"@id\":\"https:\/\/vaninahenry.com\/#\/schema\/logo\/image\/\"},\"sameAs\":[\"https:\/\/www.facebook.com\/designbyvaninahenry\",\"https:\/\/www.instagram.com\/vaninahenry\/\"]}]}<\/script>\n<!-- \/ Yoast SEO plugin. -->","yoast_head_json":{"title":"Carr\u00e9s jalonn\u00e9s - Vanina Henry","robots":{"index":"index","follow":"follow","max-snippet":"max-snippet:-1","max-image-preview":"max-image-preview:large","max-video-preview":"max-video-preview:-1"},"canonical":"https:\/\/vaninahenry.com\/en\/product\/carres-jalonnes\/","og_locale":"en_US","og_type":"article","og_title":"Carr\u00e9s jalonn\u00e9s - Vanina Henry","og_description":"Aordes sensibles x V\u00e9ronique de Soultrai  Carr\u00e9s jalonn\u00e9s is available in 3 references:    Embossed rope-look vinyl wallpaper  Calculate the number of rolls yourself We can also help you, contact us.  More about ELITIS","og_url":"https:\/\/vaninahenry.com\/en\/product\/carres-jalonnes\/","og_site_name":"Vanina Henry","article_publisher":"https:\/\/www.facebook.com\/designbyvaninahenry","article_modified_time":"2025-11-20T09:05:19+00:00","og_image":[{"width":1200,"height":1001,"url":"https:\/\/vaninahenry.com\/wp-content\/uploads\/2025\/11\/ELITIS__VP_996_01_VDS_CORDES_SENSIBLES_TV_564_54_HOTEL_PARTICULIER_II_RL_6197.jpg","type":"image\/jpeg"}],"twitter_card":"summary_large_image","twitter_misc":{"Est. reading time":"2 minutes"},"schema":{"@context":"https:\/\/schema.org","@graph":[{"@type":"WebPage","@id":"https:\/\/vaninahenry.com\/en\/product\/carres-jalonnes\/","url":"https:\/\/vaninahenry.com\/en\/product\/carres-jalonnes\/","name":"Carr\u00e9s jalonn\u00e9s - Vanina Henry","isPartOf":{"@id":"https:\/\/vaninahenry.com\/#website"},"primaryImageOfPage":{"@id":"https:\/\/vaninahenry.com\/en\/product\/carres-jalonnes\/#primaryimage"},"image":{"@id":"https:\/\/vaninahenry.com\/en\/product\/carres-jalonnes\/#primaryimage"},"thumbnailUrl":"https:\/\/vaninahenry.com\/wp-content\/uploads\/2025\/11\/ELITIS__VP_996_01_VDS_CORDES_SENSIBLES_TV_564_54_HOTEL_PARTICULIER_II_RL_6197.jpg","datePublished":"2025-11-20T08:47:14+00:00","dateModified":"2025-11-20T09:05:19+00:00","breadcrumb":{"@id":"https:\/\/vaninahenry.com\/en\/product\/carres-jalonnes\/#breadcrumb"},"inLanguage":"en-US","potentialAction":[{"@type":"ReadAction","target":["https:\/\/vaninahenry.com\/en\/product\/carres-jalonnes\/"]}]},{"@type":"ImageObject","inLanguage":"en-US","@id":"https:\/\/vaninahenry.com\/en\/product\/carres-jalonnes\/#primaryimage","url":"https:\/\/vaninahenry.com\/wp-content\/uploads\/2025\/11\/ELITIS__VP_996_01_VDS_CORDES_SENSIBLES_TV_564_54_HOTEL_PARTICULIER_II_RL_6197.jpg","contentUrl":"https:\/\/vaninahenry.com\/wp-content\/uploads\/2025\/11\/ELITIS__VP_996_01_VDS_CORDES_SENSIBLES_TV_564_54_HOTEL_PARTICULIER_II_RL_6197.jpg","width":1200,"height":1001},{"@type":"BreadcrumbList","@id":"https:\/\/vaninahenry.com\/en\/product\/carres-jalonnes\/#breadcrumb","itemListElement":[{"@type":"ListItem","position":1,"name":"Accueil","item":"https:\/\/vaninahenry.com\/"},{"@type":"ListItem","position":2,"name":"Shop","item":"https:\/\/vaninahenry.com\/boutique\/"},{"@type":"ListItem","position":3,"name":"Carr\u00e9s jalonn\u00e9s"}]},{"@type":"WebSite","@id":"https:\/\/vaninahenry.com\/#website","url":"https:\/\/vaninahenry.com\/","name":"Vanina Henry","description":"","publisher":{"@id":"https:\/\/vaninahenry.com\/#organization"},"potentialAction":[{"@type":"SearchAction","target":{"@type":"EntryPoint","urlTemplate":"https:\/\/vaninahenry.com\/?s={search_term_string}"},"query-input":{"@type":"PropertyValueSpecification","valueRequired":true,"valueName":"search_term_string"}}],"inLanguage":"en-US"},{"@type":"Organization","@id":"https:\/\/vaninahenry.com\/#organization","name":"Vanina Henry","url":"https:\/\/vaninahenry.com\/","logo":{"@type":"ImageObject","inLanguage":"en-US","@id":"https:\/\/vaninahenry.com\/#\/schema\/logo\/image\/","url":"http:\/\/vaninahenry.com\/wp-content\/uploads\/2021\/10\/Logo-design-by-VaninaHenry.png","contentUrl":"http:\/\/vaninahenry.com\/wp-content\/uploads\/2021\/10\/Logo-design-by-VaninaHenry.png","width":711,"height":467,"caption":"Vanina Henry"},"image":{"@id":"https:\/\/vaninahenry.com\/#\/schema\/logo\/image\/"},"sameAs":["https:\/\/www.facebook.com\/designbyvaninahenry","https:\/\/www.instagram.com\/vaninahenry\/"]}]}},"_links":{"self":[{"href":"https:\/\/vaninahenry.com\/en\/wp-json\/wp\/v2\/product\/117929","targetHints":{"allow":["GET"]}}],"collection":[{"href":"https:\/\/vaninahenry.com\/en\/wp-json\/wp\/v2\/product"}],"about":[{"href":"https:\/\/vaninahenry.com\/en\/wp-json\/wp\/v2\/types\/product"}],"wp:featuredmedia":[{"embeddable":true,"href":"https:\/\/vaninahenry.com\/en\/wp-json\/wp\/v2\/media\/117463"}],"wp:attachment":[{"href":"https:\/\/vaninahenry.com\/en\/wp-json\/wp\/v2\/media?parent=117929"}],"wp:term":[{"taxonomy":"product_brand","embeddable":true,"href":"https:\/\/vaninahenry.com\/en\/wp-json\/wp\/v2\/product_brand?post=117929"},{"taxonomy":"product_cat","embeddable":true,"href":"https:\/\/vaninahenry.com\/en\/wp-json\/wp\/v2\/product_cat?post=117929"},{"taxonomy":"product_tag","embeddable":true,"href":"https:\/\/vaninahenry.com\/en\/wp-json\/wp\/v2\/product_tag?post=117929"}],"curies":[{"name":"wp","href":"https:\/\/api.w.org\/{rel}","templated":true}]}}