{"id":81192,"date":"2021-12-13T10:00:34","date_gmt":"2021-12-13T09:00:34","guid":{"rendered":"https:\/\/vaninahenry.com\/produit\/bambous\/"},"modified":"2024-07-08T15:10:14","modified_gmt":"2024-07-08T13:10:14","slug":"bambous","status":"publish","type":"product","link":"https:\/\/vaninahenry.com\/de\/produkt\/bambous\/","title":{"rendered":"Bambous"},"content":{"rendered":"","protected":false},"excerpt":{"rendered":"<p><span style=\"color: #9a7541\">Kollektion\u00a0NATURELS<\/span><\/p>\n<p><span style=\"color: #9a7541\">Bambous,<\/span> in 3 Farben erh\u00e4ltlich:<\/p>\n<p><img decoding=\"async\" class=\"alignnone wp-image-80768\" src=\"http:\/\/vaninahenry.com\/wp-content\/uploads\/2021\/12\/IsidoreLeroy_Bambous_VaninaHenry-1.jpg\" alt=\"\" width=\"600\" height=\"623\" srcset=\"https:\/\/vaninahenry.com\/wp-content\/uploads\/2021\/12\/IsidoreLeroy_Bambous_VaninaHenry-1.jpg 871w, https:\/\/vaninahenry.com\/wp-content\/uploads\/2021\/12\/IsidoreLeroy_Bambous_VaninaHenry-1-600x623.jpg 600w, https:\/\/vaninahenry.com\/wp-content\/uploads\/2021\/12\/IsidoreLeroy_Bambous_VaninaHenry-1-289x300.jpg 289w, https:\/\/vaninahenry.com\/wp-content\/uploads\/2021\/12\/IsidoreLeroy_Bambous_VaninaHenry-1-768x797.jpg 768w\" sizes=\"(max-width: 600px) 100vw, 600px\" \/><\/p>\n<p>Rolle: 0,685 m breit und 10 m lang.<br \/>\nAnsatz: 72 cm, gerader Anschluss.<\/p>\n<p>&nbsp;<\/p>\n<p>Dieses Produkt ist auf Vliespapiertr\u00e4ger (an die Wand geleimt, lichtecht, abwaschbar, trocken abrei\u00dfbar).<br \/>\nEs gibt auch eine <span style=\"color: #808080\">Hochleistungsversion Contract<\/span> (abwaschbar und sto\u00dffest, PVC-frei).<br \/>\nBei Interesse setzen <span style=\"color: #9a7541\">Sie sich bitte mit uns in Verbindung.<\/span><\/p>\n<p>&nbsp;<\/p>\n<p>Alle Produkte von Isidore Leroy werden auf Bestellung mithilfe traditioneller oder digitaler Drucktechniken hergestellt.<\/p>\n<p>&nbsp;<\/p>\n<p><strong><a href=\"http:\/\/vaninahenry.com\/wp-content\/uploads\/2021\/08\/calcul-DE-1-scaled.jpg\" target=\"_blank\" rel=\"noopener\">Berechnen Sie die Anzahl der laufenden Meter selbst.<\/a><\/strong><br \/>\n<a href=\"https:\/\/vaninahenry.com\/contact\/?lang=de\" target=\"_blank\" rel=\"noopener\">Wir k\u00f6nnen auch Ihnen helfen, <span style=\"color: #9a7541\"><strong>kontaktieren Sie uns<\/strong><\/span>.<\/a><\/p>\n<p><span style=\"color: #9a7500\"><a style=\"color: #9a7500\" href=\"https:\/\/vaninahenry.com\/marque\/isidore-leroy\/?lang=de\" target=\"_blank\" rel=\"noopener\">Mehr \u00fcber ISIDORE LEROY<\/a><\/span><\/p>\n<p>&nbsp;<\/p>\n","protected":false},"featured_media":80767,"template":"","meta":{"_acf_changed":false,"inline_featured_image":false},"product_brand":[],"product_cat":[399],"product_tag":[],"class_list":{"0":"post-81192","1":"product","2":"type-product","3":"status-publish","4":"has-post-thumbnail","6":"product_cat-tapete","8":"first","9":"instock","10":"taxable","11":"shipping-taxable","12":"purchasable","13":"product-type-variable"},"acf":[],"yoast_head":"<!-- This site is optimized with the Yoast SEO plugin v26.7 - https:\/\/yoast.com\/wordpress\/plugins\/seo\/ -->\n<title>Bambous - Vanina Henry<\/title>\n<meta name=\"robots\" content=\"index, follow, max-snippet:-1, max-image-preview:large, max-video-preview:-1\" \/>\n<link rel=\"canonical\" href=\"https:\/\/vaninahenry.com\/de\/produkt\/bambous\/\" \/>\n<meta property=\"og:locale\" content=\"de_DE\" \/>\n<meta property=\"og:type\" content=\"article\" \/>\n<meta property=\"og:title\" content=\"Bambous - Vanina Henry\" \/>\n<meta property=\"og:description\" content=\"Kollektion\u00a0NATURELS  Bambous, in 3 Farben erh\u00e4ltlich:    Rolle: 0,685 m breit und 10 m lang. Ansatz: 72 cm, gerader Anschluss.  &nbsp;  Dieses Produkt ist auf Vliespapiertr\u00e4ger (an die Wand geleimt, lichtecht, abwaschbar, trocken abrei\u00dfbar). Es gibt auch eine Hochleistungsversion Contract (abwaschbar und sto\u00dffest, PVC-frei). Bei Interesse setzen Sie sich bitte mit uns in Verbindung.  &nbsp;  Alle Produkte von Isidore Leroy werden auf Bestellung mithilfe traditioneller oder digitaler Drucktechniken hergestellt.  &nbsp;  Berechnen Sie die Anzahl der laufenden Meter selbst. Wir k\u00f6nnen auch Ihnen helfen, kontaktieren Sie uns.  Mehr \u00fcber ISIDORE LEROY  &nbsp;\" \/>\n<meta property=\"og:url\" content=\"https:\/\/vaninahenry.com\/de\/produkt\/bambous\/\" \/>\n<meta property=\"og:site_name\" content=\"Vanina Henry\" \/>\n<meta property=\"article:publisher\" content=\"https:\/\/www.facebook.com\/designbyvaninahenry\" \/>\n<meta property=\"article:modified_time\" content=\"2024-07-08T13:10:14+00:00\" \/>\n<meta property=\"og:image\" content=\"https:\/\/vaninahenry.com\/wp-content\/uploads\/2021\/12\/210315_SITUATION_BAMBOUS_DORE_1251x1799px_1251x1799.jpg\" \/>\n\t<meta property=\"og:image:width\" content=\"904\" \/>\n\t<meta property=\"og:image:height\" content=\"1300\" \/>\n\t<meta property=\"og:image:type\" content=\"image\/jpeg\" \/>\n<meta name=\"twitter:card\" content=\"summary_large_image\" \/>\n<script type=\"application\/ld+json\" class=\"yoast-schema-graph\">{\"@context\":\"https:\/\/schema.org\",\"@graph\":[{\"@type\":\"WebPage\",\"@id\":\"https:\/\/vaninahenry.com\/de\/produkt\/bambous\/\",\"url\":\"https:\/\/vaninahenry.com\/de\/produkt\/bambous\/\",\"name\":\"Bambous - Vanina Henry\",\"isPartOf\":{\"@id\":\"https:\/\/vaninahenry.com\/#website\"},\"primaryImageOfPage\":{\"@id\":\"https:\/\/vaninahenry.com\/de\/produkt\/bambous\/#primaryimage\"},\"image\":{\"@id\":\"https:\/\/vaninahenry.com\/de\/produkt\/bambous\/#primaryimage\"},\"thumbnailUrl\":\"https:\/\/vaninahenry.com\/wp-content\/uploads\/2021\/12\/210315_SITUATION_BAMBOUS_DORE_1251x1799px_1251x1799.jpg\",\"datePublished\":\"2021-12-13T09:00:34+00:00\",\"dateModified\":\"2024-07-08T13:10:14+00:00\",\"breadcrumb\":{\"@id\":\"https:\/\/vaninahenry.com\/de\/produkt\/bambous\/#breadcrumb\"},\"inLanguage\":\"de\",\"potentialAction\":[{\"@type\":\"ReadAction\",\"target\":[\"https:\/\/vaninahenry.com\/de\/produkt\/bambous\/\"]}]},{\"@type\":\"ImageObject\",\"inLanguage\":\"de\",\"@id\":\"https:\/\/vaninahenry.com\/de\/produkt\/bambous\/#primaryimage\",\"url\":\"https:\/\/vaninahenry.com\/wp-content\/uploads\/2021\/12\/210315_SITUATION_BAMBOUS_DORE_1251x1799px_1251x1799.jpg\",\"contentUrl\":\"https:\/\/vaninahenry.com\/wp-content\/uploads\/2021\/12\/210315_SITUATION_BAMBOUS_DORE_1251x1799px_1251x1799.jpg\",\"width\":904,\"height\":1300},{\"@type\":\"BreadcrumbList\",\"@id\":\"https:\/\/vaninahenry.com\/de\/produkt\/bambous\/#breadcrumb\",\"itemListElement\":[{\"@type\":\"ListItem\",\"position\":1,\"name\":\"Accueil\",\"item\":\"https:\/\/vaninahenry.com\/de\/\"},{\"@type\":\"ListItem\",\"position\":2,\"name\":\"Shop\",\"item\":\"https:\/\/vaninahenry.com\/boutique\/\"},{\"@type\":\"ListItem\",\"position\":3,\"name\":\"Bambous\"}]},{\"@type\":\"WebSite\",\"@id\":\"https:\/\/vaninahenry.com\/#website\",\"url\":\"https:\/\/vaninahenry.com\/\",\"name\":\"Vanina Henry\",\"description\":\"\",\"publisher\":{\"@id\":\"https:\/\/vaninahenry.com\/#organization\"},\"potentialAction\":[{\"@type\":\"SearchAction\",\"target\":{\"@type\":\"EntryPoint\",\"urlTemplate\":\"https:\/\/vaninahenry.com\/?s={search_term_string}\"},\"query-input\":{\"@type\":\"PropertyValueSpecification\",\"valueRequired\":true,\"valueName\":\"search_term_string\"}}],\"inLanguage\":\"de\"},{\"@type\":\"Organization\",\"@id\":\"https:\/\/vaninahenry.com\/#organization\",\"name\":\"Vanina Henry\",\"url\":\"https:\/\/vaninahenry.com\/\",\"logo\":{\"@type\":\"ImageObject\",\"inLanguage\":\"de\",\"@id\":\"https:\/\/vaninahenry.com\/#\/schema\/logo\/image\/\",\"url\":\"http:\/\/vaninahenry.com\/wp-content\/uploads\/2021\/10\/Logo-design-by-VaninaHenry.png\",\"contentUrl\":\"http:\/\/vaninahenry.com\/wp-content\/uploads\/2021\/10\/Logo-design-by-VaninaHenry.png\",\"width\":711,\"height\":467,\"caption\":\"Vanina Henry\"},\"image\":{\"@id\":\"https:\/\/vaninahenry.com\/#\/schema\/logo\/image\/\"},\"sameAs\":[\"https:\/\/www.facebook.com\/designbyvaninahenry\",\"https:\/\/www.instagram.com\/vaninahenry\/\"]}]}<\/script>\n<!-- \/ Yoast SEO plugin. -->","yoast_head_json":{"title":"Bambous - Vanina Henry","robots":{"index":"index","follow":"follow","max-snippet":"max-snippet:-1","max-image-preview":"max-image-preview:large","max-video-preview":"max-video-preview:-1"},"canonical":"https:\/\/vaninahenry.com\/de\/produkt\/bambous\/","og_locale":"de_DE","og_type":"article","og_title":"Bambous - Vanina Henry","og_description":"Kollektion\u00a0NATURELS  Bambous, in 3 Farben erh\u00e4ltlich:    Rolle: 0,685 m breit und 10 m lang. Ansatz: 72 cm, gerader Anschluss.  &nbsp;  Dieses Produkt ist auf Vliespapiertr\u00e4ger (an die Wand geleimt, lichtecht, abwaschbar, trocken abrei\u00dfbar). Es gibt auch eine Hochleistungsversion Contract (abwaschbar und sto\u00dffest, PVC-frei). Bei Interesse setzen Sie sich bitte mit uns in Verbindung.  &nbsp;  Alle Produkte von Isidore Leroy werden auf Bestellung mithilfe traditioneller oder digitaler Drucktechniken hergestellt.  &nbsp;  Berechnen Sie die Anzahl der laufenden Meter selbst. Wir k\u00f6nnen auch Ihnen helfen, kontaktieren Sie uns.  Mehr \u00fcber ISIDORE LEROY  &nbsp;","og_url":"https:\/\/vaninahenry.com\/de\/produkt\/bambous\/","og_site_name":"Vanina Henry","article_publisher":"https:\/\/www.facebook.com\/designbyvaninahenry","article_modified_time":"2024-07-08T13:10:14+00:00","og_image":[{"width":904,"height":1300,"url":"https:\/\/vaninahenry.com\/wp-content\/uploads\/2021\/12\/210315_SITUATION_BAMBOUS_DORE_1251x1799px_1251x1799.jpg","type":"image\/jpeg"}],"twitter_card":"summary_large_image","schema":{"@context":"https:\/\/schema.org","@graph":[{"@type":"WebPage","@id":"https:\/\/vaninahenry.com\/de\/produkt\/bambous\/","url":"https:\/\/vaninahenry.com\/de\/produkt\/bambous\/","name":"Bambous - Vanina Henry","isPartOf":{"@id":"https:\/\/vaninahenry.com\/#website"},"primaryImageOfPage":{"@id":"https:\/\/vaninahenry.com\/de\/produkt\/bambous\/#primaryimage"},"image":{"@id":"https:\/\/vaninahenry.com\/de\/produkt\/bambous\/#primaryimage"},"thumbnailUrl":"https:\/\/vaninahenry.com\/wp-content\/uploads\/2021\/12\/210315_SITUATION_BAMBOUS_DORE_1251x1799px_1251x1799.jpg","datePublished":"2021-12-13T09:00:34+00:00","dateModified":"2024-07-08T13:10:14+00:00","breadcrumb":{"@id":"https:\/\/vaninahenry.com\/de\/produkt\/bambous\/#breadcrumb"},"inLanguage":"de","potentialAction":[{"@type":"ReadAction","target":["https:\/\/vaninahenry.com\/de\/produkt\/bambous\/"]}]},{"@type":"ImageObject","inLanguage":"de","@id":"https:\/\/vaninahenry.com\/de\/produkt\/bambous\/#primaryimage","url":"https:\/\/vaninahenry.com\/wp-content\/uploads\/2021\/12\/210315_SITUATION_BAMBOUS_DORE_1251x1799px_1251x1799.jpg","contentUrl":"https:\/\/vaninahenry.com\/wp-content\/uploads\/2021\/12\/210315_SITUATION_BAMBOUS_DORE_1251x1799px_1251x1799.jpg","width":904,"height":1300},{"@type":"BreadcrumbList","@id":"https:\/\/vaninahenry.com\/de\/produkt\/bambous\/#breadcrumb","itemListElement":[{"@type":"ListItem","position":1,"name":"Accueil","item":"https:\/\/vaninahenry.com\/de\/"},{"@type":"ListItem","position":2,"name":"Shop","item":"https:\/\/vaninahenry.com\/boutique\/"},{"@type":"ListItem","position":3,"name":"Bambous"}]},{"@type":"WebSite","@id":"https:\/\/vaninahenry.com\/#website","url":"https:\/\/vaninahenry.com\/","name":"Vanina Henry","description":"","publisher":{"@id":"https:\/\/vaninahenry.com\/#organization"},"potentialAction":[{"@type":"SearchAction","target":{"@type":"EntryPoint","urlTemplate":"https:\/\/vaninahenry.com\/?s={search_term_string}"},"query-input":{"@type":"PropertyValueSpecification","valueRequired":true,"valueName":"search_term_string"}}],"inLanguage":"de"},{"@type":"Organization","@id":"https:\/\/vaninahenry.com\/#organization","name":"Vanina Henry","url":"https:\/\/vaninahenry.com\/","logo":{"@type":"ImageObject","inLanguage":"de","@id":"https:\/\/vaninahenry.com\/#\/schema\/logo\/image\/","url":"http:\/\/vaninahenry.com\/wp-content\/uploads\/2021\/10\/Logo-design-by-VaninaHenry.png","contentUrl":"http:\/\/vaninahenry.com\/wp-content\/uploads\/2021\/10\/Logo-design-by-VaninaHenry.png","width":711,"height":467,"caption":"Vanina Henry"},"image":{"@id":"https:\/\/vaninahenry.com\/#\/schema\/logo\/image\/"},"sameAs":["https:\/\/www.facebook.com\/designbyvaninahenry","https:\/\/www.instagram.com\/vaninahenry\/"]}]}},"_links":{"self":[{"href":"https:\/\/vaninahenry.com\/de\/wp-json\/wp\/v2\/product\/81192","targetHints":{"allow":["GET"]}}],"collection":[{"href":"https:\/\/vaninahenry.com\/de\/wp-json\/wp\/v2\/product"}],"about":[{"href":"https:\/\/vaninahenry.com\/de\/wp-json\/wp\/v2\/types\/product"}],"wp:featuredmedia":[{"embeddable":true,"href":"https:\/\/vaninahenry.com\/de\/wp-json\/wp\/v2\/media\/80767"}],"wp:attachment":[{"href":"https:\/\/vaninahenry.com\/de\/wp-json\/wp\/v2\/media?parent=81192"}],"wp:term":[{"taxonomy":"product_brand","embeddable":true,"href":"https:\/\/vaninahenry.com\/de\/wp-json\/wp\/v2\/product_brand?post=81192"},{"taxonomy":"product_cat","embeddable":true,"href":"https:\/\/vaninahenry.com\/de\/wp-json\/wp\/v2\/product_cat?post=81192"},{"taxonomy":"product_tag","embeddable":true,"href":"https:\/\/vaninahenry.com\/de\/wp-json\/wp\/v2\/product_tag?post=81192"}],"curies":[{"name":"wp","href":"https:\/\/api.w.org\/{rel}","templated":true}]}}