{"id":81094,"date":"2021-11-23T11:56:59","date_gmt":"2021-11-23T10:56:59","guid":{"rendered":"https:\/\/vaninahenry.com\/produit\/jardin-dasie\/"},"modified":"2024-07-05T14:53:56","modified_gmt":"2024-07-05T12:53:56","slug":"jardin-dasie","status":"publish","type":"product","link":"https:\/\/vaninahenry.com\/de\/produkt\/jardin-dasie\/","title":{"rendered":"Jardin d&#8217;Asie"},"content":{"rendered":"","protected":false},"excerpt":{"rendered":"<p><span style=\"color: #9a7541\">Kollektion H\u00c9RITAGE<\/span><\/p>\n<p><span style=\"color: #9a7541\">Jardin d&#8217;Asie, <\/span>in 7 Farben erh\u00e4ltlich:<\/p>\n<p><img decoding=\"async\" class=\"alignnone wp-image-68985\" src=\"http:\/\/vaninahenry.com\/wp-content\/uploads\/2021\/11\/Isidore-leroy_Jardin-dasie_Vanina-henry--990x1024.jpg\" alt=\"\" width=\"600\" height=\"621\" srcset=\"https:\/\/vaninahenry.com\/wp-content\/uploads\/2021\/11\/Isidore-leroy_Jardin-dasie_Vanina-henry--990x1024.jpg 990w, https:\/\/vaninahenry.com\/wp-content\/uploads\/2021\/11\/Isidore-leroy_Jardin-dasie_Vanina-henry--600x621.jpg 600w, https:\/\/vaninahenry.com\/wp-content\/uploads\/2021\/11\/Isidore-leroy_Jardin-dasie_Vanina-henry--290x300.jpg 290w, https:\/\/vaninahenry.com\/wp-content\/uploads\/2021\/11\/Isidore-leroy_Jardin-dasie_Vanina-henry--768x795.jpg 768w, https:\/\/vaninahenry.com\/wp-content\/uploads\/2021\/11\/Isidore-leroy_Jardin-dasie_Vanina-henry-.jpg 1293w\" sizes=\"(max-width: 600px) 100vw, 600px\" \/><\/p>\n<p>Rolle: 0,52 m breit und 10 m lang.<br \/>\nAnsatz: 72 cm, gerader Anschluss.<\/p>\n<p>&nbsp;<\/p>\n<p>Dieses Produkt ist auf Vliespapiertr\u00e4ger (an die Wand geleimt, lichtecht, abwaschbar, trocken abrei\u00dfbar).<br \/>\nEs gibt auch eine <span style=\"color: #808080\">Hochleistungsversion Contract<\/span> (abwaschbar und sto\u00dffest, PVC-frei).<br \/>\nBei Interesse setzen <span style=\"color: #9a7541\">Sie sich bitte mit uns in Verbindung.<\/span><\/p>\n<p>&nbsp;<\/p>\n<p>Alle Produkte von Isidore Leroy werden auf Bestellung mithilfe traditioneller oder digitaler Drucktechniken hergestellt.<\/p>\n<p>&nbsp;<\/p>\n<p><strong><a href=\"http:\/\/vaninahenry.com\/wp-content\/uploads\/2021\/08\/calcul-DE-1-scaled.jpg\" target=\"_blank\" rel=\"noopener\">Berechnen Sie die Anzahl der laufenden Meter selbst.<\/a><\/strong><br \/>\n<a href=\"https:\/\/vaninahenry.com\/contact\/?lang=de\" target=\"_blank\" rel=\"noopener\">Wir k\u00f6nnen auch Ihnen helfen, <span style=\"color: #9a7541\"><strong>kontaktieren Sie uns<\/strong><\/span>.<\/a><\/p>\n<p><span style=\"color: #9a7500\"><a style=\"color: #9a7500\" href=\"https:\/\/vaninahenry.com\/marque\/isidore-leroy\/?lang=de\" target=\"_blank\" rel=\"noopener\">Mehr \u00fcber ISIDORE LEROY<\/a><\/span><\/p>\n<p>&nbsp;<\/p>\n","protected":false},"featured_media":69014,"template":"","meta":{"_acf_changed":false,"inline_featured_image":false},"product_brand":[],"product_cat":[399],"product_tag":[],"class_list":{"0":"post-81094","1":"product","2":"type-product","3":"status-publish","4":"has-post-thumbnail","6":"product_cat-tapete","8":"first","9":"instock","10":"taxable","11":"shipping-taxable","12":"purchasable","13":"product-type-variable"},"acf":[],"yoast_head":"<!-- This site is optimized with the Yoast SEO plugin v26.7 - https:\/\/yoast.com\/wordpress\/plugins\/seo\/ -->\n<title>Jardin d&#039;Asie - Vanina Henry<\/title>\n<meta name=\"robots\" content=\"index, follow, max-snippet:-1, max-image-preview:large, max-video-preview:-1\" \/>\n<link rel=\"canonical\" href=\"https:\/\/vaninahenry.com\/de\/produkt\/jardin-dasie\/\" \/>\n<meta property=\"og:locale\" content=\"de_DE\" \/>\n<meta property=\"og:type\" content=\"article\" \/>\n<meta property=\"og:title\" content=\"Jardin d&#039;Asie - Vanina Henry\" \/>\n<meta property=\"og:description\" content=\"Kollektion H\u00c9RITAGE  Jardin d&#039;Asie, in 7 Farben erh\u00e4ltlich:    Rolle: 0,52 m breit und 10 m lang. Ansatz: 72 cm, gerader Anschluss.  &nbsp;  Dieses Produkt ist auf Vliespapiertr\u00e4ger (an die Wand geleimt, lichtecht, abwaschbar, trocken abrei\u00dfbar). Es gibt auch eine Hochleistungsversion Contract (abwaschbar und sto\u00dffest, PVC-frei). Bei Interesse setzen Sie sich bitte mit uns in Verbindung.  &nbsp;  Alle Produkte von Isidore Leroy werden auf Bestellung mithilfe traditioneller oder digitaler Drucktechniken hergestellt.  &nbsp;  Berechnen Sie die Anzahl der laufenden Meter selbst. Wir k\u00f6nnen auch Ihnen helfen, kontaktieren Sie uns.  Mehr \u00fcber ISIDORE LEROY  &nbsp;\" \/>\n<meta property=\"og:url\" content=\"https:\/\/vaninahenry.com\/de\/produkt\/jardin-dasie\/\" \/>\n<meta property=\"og:site_name\" content=\"Vanina Henry\" \/>\n<meta property=\"article:publisher\" content=\"https:\/\/www.facebook.com\/designbyvaninahenry\" \/>\n<meta property=\"article:modified_time\" content=\"2024-07-05T12:53:56+00:00\" \/>\n<meta property=\"og:image\" content=\"https:\/\/vaninahenry.com\/wp-content\/uploads\/2021\/11\/ISIDORELEROY_JARDINDASIE_CHAMOIS_SITUATION_1457x1800.jpg\" \/>\n\t<meta property=\"og:image:width\" content=\"1457\" \/>\n\t<meta property=\"og:image:height\" content=\"1800\" \/>\n\t<meta property=\"og:image:type\" content=\"image\/jpeg\" \/>\n<meta name=\"twitter:card\" content=\"summary_large_image\" \/>\n<script type=\"application\/ld+json\" class=\"yoast-schema-graph\">{\"@context\":\"https:\/\/schema.org\",\"@graph\":[{\"@type\":\"WebPage\",\"@id\":\"https:\/\/vaninahenry.com\/de\/produkt\/jardin-dasie\/\",\"url\":\"https:\/\/vaninahenry.com\/de\/produkt\/jardin-dasie\/\",\"name\":\"Jardin d'Asie - Vanina Henry\",\"isPartOf\":{\"@id\":\"https:\/\/vaninahenry.com\/#website\"},\"primaryImageOfPage\":{\"@id\":\"https:\/\/vaninahenry.com\/de\/produkt\/jardin-dasie\/#primaryimage\"},\"image\":{\"@id\":\"https:\/\/vaninahenry.com\/de\/produkt\/jardin-dasie\/#primaryimage\"},\"thumbnailUrl\":\"https:\/\/vaninahenry.com\/wp-content\/uploads\/2021\/11\/ISIDORELEROY_JARDINDASIE_CHAMOIS_SITUATION_1457x1800.jpg\",\"datePublished\":\"2021-11-23T10:56:59+00:00\",\"dateModified\":\"2024-07-05T12:53:56+00:00\",\"breadcrumb\":{\"@id\":\"https:\/\/vaninahenry.com\/de\/produkt\/jardin-dasie\/#breadcrumb\"},\"inLanguage\":\"de\",\"potentialAction\":[{\"@type\":\"ReadAction\",\"target\":[\"https:\/\/vaninahenry.com\/de\/produkt\/jardin-dasie\/\"]}]},{\"@type\":\"ImageObject\",\"inLanguage\":\"de\",\"@id\":\"https:\/\/vaninahenry.com\/de\/produkt\/jardin-dasie\/#primaryimage\",\"url\":\"https:\/\/vaninahenry.com\/wp-content\/uploads\/2021\/11\/ISIDORELEROY_JARDINDASIE_CHAMOIS_SITUATION_1457x1800.jpg\",\"contentUrl\":\"https:\/\/vaninahenry.com\/wp-content\/uploads\/2021\/11\/ISIDORELEROY_JARDINDASIE_CHAMOIS_SITUATION_1457x1800.jpg\",\"width\":1457,\"height\":1800},{\"@type\":\"BreadcrumbList\",\"@id\":\"https:\/\/vaninahenry.com\/de\/produkt\/jardin-dasie\/#breadcrumb\",\"itemListElement\":[{\"@type\":\"ListItem\",\"position\":1,\"name\":\"Accueil\",\"item\":\"https:\/\/vaninahenry.com\/de\/\"},{\"@type\":\"ListItem\",\"position\":2,\"name\":\"Shop\",\"item\":\"https:\/\/vaninahenry.com\/boutique\/\"},{\"@type\":\"ListItem\",\"position\":3,\"name\":\"Jardin d&#8217;Asie\"}]},{\"@type\":\"WebSite\",\"@id\":\"https:\/\/vaninahenry.com\/#website\",\"url\":\"https:\/\/vaninahenry.com\/\",\"name\":\"Vanina Henry\",\"description\":\"\",\"publisher\":{\"@id\":\"https:\/\/vaninahenry.com\/#organization\"},\"potentialAction\":[{\"@type\":\"SearchAction\",\"target\":{\"@type\":\"EntryPoint\",\"urlTemplate\":\"https:\/\/vaninahenry.com\/?s={search_term_string}\"},\"query-input\":{\"@type\":\"PropertyValueSpecification\",\"valueRequired\":true,\"valueName\":\"search_term_string\"}}],\"inLanguage\":\"de\"},{\"@type\":\"Organization\",\"@id\":\"https:\/\/vaninahenry.com\/#organization\",\"name\":\"Vanina Henry\",\"url\":\"https:\/\/vaninahenry.com\/\",\"logo\":{\"@type\":\"ImageObject\",\"inLanguage\":\"de\",\"@id\":\"https:\/\/vaninahenry.com\/#\/schema\/logo\/image\/\",\"url\":\"http:\/\/vaninahenry.com\/wp-content\/uploads\/2021\/10\/Logo-design-by-VaninaHenry.png\",\"contentUrl\":\"http:\/\/vaninahenry.com\/wp-content\/uploads\/2021\/10\/Logo-design-by-VaninaHenry.png\",\"width\":711,\"height\":467,\"caption\":\"Vanina Henry\"},\"image\":{\"@id\":\"https:\/\/vaninahenry.com\/#\/schema\/logo\/image\/\"},\"sameAs\":[\"https:\/\/www.facebook.com\/designbyvaninahenry\",\"https:\/\/www.instagram.com\/vaninahenry\/\"]}]}<\/script>\n<!-- \/ Yoast SEO plugin. -->","yoast_head_json":{"title":"Jardin d'Asie - Vanina Henry","robots":{"index":"index","follow":"follow","max-snippet":"max-snippet:-1","max-image-preview":"max-image-preview:large","max-video-preview":"max-video-preview:-1"},"canonical":"https:\/\/vaninahenry.com\/de\/produkt\/jardin-dasie\/","og_locale":"de_DE","og_type":"article","og_title":"Jardin d'Asie - Vanina Henry","og_description":"Kollektion H\u00c9RITAGE  Jardin d'Asie, in 7 Farben erh\u00e4ltlich:    Rolle: 0,52 m breit und 10 m lang. Ansatz: 72 cm, gerader Anschluss.  &nbsp;  Dieses Produkt ist auf Vliespapiertr\u00e4ger (an die Wand geleimt, lichtecht, abwaschbar, trocken abrei\u00dfbar). Es gibt auch eine Hochleistungsversion Contract (abwaschbar und sto\u00dffest, PVC-frei). Bei Interesse setzen Sie sich bitte mit uns in Verbindung.  &nbsp;  Alle Produkte von Isidore Leroy werden auf Bestellung mithilfe traditioneller oder digitaler Drucktechniken hergestellt.  &nbsp;  Berechnen Sie die Anzahl der laufenden Meter selbst. Wir k\u00f6nnen auch Ihnen helfen, kontaktieren Sie uns.  Mehr \u00fcber ISIDORE LEROY  &nbsp;","og_url":"https:\/\/vaninahenry.com\/de\/produkt\/jardin-dasie\/","og_site_name":"Vanina Henry","article_publisher":"https:\/\/www.facebook.com\/designbyvaninahenry","article_modified_time":"2024-07-05T12:53:56+00:00","og_image":[{"width":1457,"height":1800,"url":"https:\/\/vaninahenry.com\/wp-content\/uploads\/2021\/11\/ISIDORELEROY_JARDINDASIE_CHAMOIS_SITUATION_1457x1800.jpg","type":"image\/jpeg"}],"twitter_card":"summary_large_image","schema":{"@context":"https:\/\/schema.org","@graph":[{"@type":"WebPage","@id":"https:\/\/vaninahenry.com\/de\/produkt\/jardin-dasie\/","url":"https:\/\/vaninahenry.com\/de\/produkt\/jardin-dasie\/","name":"Jardin d'Asie - Vanina Henry","isPartOf":{"@id":"https:\/\/vaninahenry.com\/#website"},"primaryImageOfPage":{"@id":"https:\/\/vaninahenry.com\/de\/produkt\/jardin-dasie\/#primaryimage"},"image":{"@id":"https:\/\/vaninahenry.com\/de\/produkt\/jardin-dasie\/#primaryimage"},"thumbnailUrl":"https:\/\/vaninahenry.com\/wp-content\/uploads\/2021\/11\/ISIDORELEROY_JARDINDASIE_CHAMOIS_SITUATION_1457x1800.jpg","datePublished":"2021-11-23T10:56:59+00:00","dateModified":"2024-07-05T12:53:56+00:00","breadcrumb":{"@id":"https:\/\/vaninahenry.com\/de\/produkt\/jardin-dasie\/#breadcrumb"},"inLanguage":"de","potentialAction":[{"@type":"ReadAction","target":["https:\/\/vaninahenry.com\/de\/produkt\/jardin-dasie\/"]}]},{"@type":"ImageObject","inLanguage":"de","@id":"https:\/\/vaninahenry.com\/de\/produkt\/jardin-dasie\/#primaryimage","url":"https:\/\/vaninahenry.com\/wp-content\/uploads\/2021\/11\/ISIDORELEROY_JARDINDASIE_CHAMOIS_SITUATION_1457x1800.jpg","contentUrl":"https:\/\/vaninahenry.com\/wp-content\/uploads\/2021\/11\/ISIDORELEROY_JARDINDASIE_CHAMOIS_SITUATION_1457x1800.jpg","width":1457,"height":1800},{"@type":"BreadcrumbList","@id":"https:\/\/vaninahenry.com\/de\/produkt\/jardin-dasie\/#breadcrumb","itemListElement":[{"@type":"ListItem","position":1,"name":"Accueil","item":"https:\/\/vaninahenry.com\/de\/"},{"@type":"ListItem","position":2,"name":"Shop","item":"https:\/\/vaninahenry.com\/boutique\/"},{"@type":"ListItem","position":3,"name":"Jardin d&#8217;Asie"}]},{"@type":"WebSite","@id":"https:\/\/vaninahenry.com\/#website","url":"https:\/\/vaninahenry.com\/","name":"Vanina Henry","description":"","publisher":{"@id":"https:\/\/vaninahenry.com\/#organization"},"potentialAction":[{"@type":"SearchAction","target":{"@type":"EntryPoint","urlTemplate":"https:\/\/vaninahenry.com\/?s={search_term_string}"},"query-input":{"@type":"PropertyValueSpecification","valueRequired":true,"valueName":"search_term_string"}}],"inLanguage":"de"},{"@type":"Organization","@id":"https:\/\/vaninahenry.com\/#organization","name":"Vanina Henry","url":"https:\/\/vaninahenry.com\/","logo":{"@type":"ImageObject","inLanguage":"de","@id":"https:\/\/vaninahenry.com\/#\/schema\/logo\/image\/","url":"http:\/\/vaninahenry.com\/wp-content\/uploads\/2021\/10\/Logo-design-by-VaninaHenry.png","contentUrl":"http:\/\/vaninahenry.com\/wp-content\/uploads\/2021\/10\/Logo-design-by-VaninaHenry.png","width":711,"height":467,"caption":"Vanina Henry"},"image":{"@id":"https:\/\/vaninahenry.com\/#\/schema\/logo\/image\/"},"sameAs":["https:\/\/www.facebook.com\/designbyvaninahenry","https:\/\/www.instagram.com\/vaninahenry\/"]}]}},"_links":{"self":[{"href":"https:\/\/vaninahenry.com\/de\/wp-json\/wp\/v2\/product\/81094","targetHints":{"allow":["GET"]}}],"collection":[{"href":"https:\/\/vaninahenry.com\/de\/wp-json\/wp\/v2\/product"}],"about":[{"href":"https:\/\/vaninahenry.com\/de\/wp-json\/wp\/v2\/types\/product"}],"wp:featuredmedia":[{"embeddable":true,"href":"https:\/\/vaninahenry.com\/de\/wp-json\/wp\/v2\/media\/69014"}],"wp:attachment":[{"href":"https:\/\/vaninahenry.com\/de\/wp-json\/wp\/v2\/media?parent=81094"}],"wp:term":[{"taxonomy":"product_brand","embeddable":true,"href":"https:\/\/vaninahenry.com\/de\/wp-json\/wp\/v2\/product_brand?post=81094"},{"taxonomy":"product_cat","embeddable":true,"href":"https:\/\/vaninahenry.com\/de\/wp-json\/wp\/v2\/product_cat?post=81094"},{"taxonomy":"product_tag","embeddable":true,"href":"https:\/\/vaninahenry.com\/de\/wp-json\/wp\/v2\/product_tag?post=81094"}],"curies":[{"name":"wp","href":"https:\/\/api.w.org\/{rel}","templated":true}]}}