{"id":79765,"date":"2021-12-09T12:17:31","date_gmt":"2021-12-09T11:17:34","guid":{"rendered":"https:\/\/vaninahenry.com\/?post_type=product&#038;p=79765"},"modified":"2021-12-09T13:59:45","modified_gmt":"2021-12-09T12:59:45","slug":"new-modern-schreibtisch-recycelter-kunststoff","status":"publish","type":"product","link":"https:\/\/vaninahenry.com\/de\/produkt\/new-modern-schreibtisch-recycelter-kunststoff\/","title":{"rendered":"NEW MODERN Schreibtisch &#8211; recycelter Kunststoff"},"content":{"rendered":"<p>Ein<span style=\"color: #9a7541;\"> NEW MODERN<\/span> Tisch besteht aus <strong>zwei Stahlbeinen<\/strong>, in die <strong>zwei Edelstahltr\u00e4ger<\/strong> eingelassen sind. Der Aufsatz wird in die Konstruktion eingesetzt und mit ihr verschraubt.<\/p>\n<p><strong>Nachhaltige Materialien und kontrollierter Lebenszyklus<\/strong><\/p>\n<p>Wie jedes TIPTOE-Objekt wurde auch das NEW MODERN-System mit dem Ziel entwickelt, die Auswirkungen w\u00e4hrend des gesamten Lebenszyklus des Produkts zu kontrollieren.<\/p>\n<ul>\n<li>Ein Tablett aus <strong>recyceltem Kunststoff<\/strong>, das aus dem Abfall von Hunderten von Joghurtbechern hergestellt wird.<\/li>\n<li>Die Beine und St\u00fctzbalken sind aus Stahl, einem sehr widerstandsf\u00e4higen und unendlich wiederverwertbaren Material (es ist das am h\u00e4ufigsten recycelte Material der Welt).<\/li>\n<li>Wenige Elemente, alle n\u00fctzlich, robust und im Bedarfsfall leicht zu reparieren.<\/li>\n<li><strong>Flach verpackt<\/strong>, um die Umweltauswirkungen w\u00e4hrend der Lagerung und des Versands zu begrenzen, und die <strong>Verpackung besteht zu mindestens 80 % aus recyceltem Papier<\/strong>.<\/li>\n<\/ul>\n","protected":false},"excerpt":{"rendered":"<div class=\"grid__col-xxs--12 grid__col-s-push--1 grid__col-s--10\">\n<div class=\"intro__title--center t-largest t-medium\">\n<p>Der <span style=\"color: #9a7541;\">Schreibtisch NEW MODERN<\/span> aus cycelter Kunststoff ist ideal f\u00fcr die <strong>Telearbeit<\/strong> oder f\u00fcr <strong>eine bessere Organisation zu Hause<\/strong>. Erh\u00e4ltlich in 2 Gr\u00f6\u00dfen.<\/p>\n<\/div>\n<\/div>\n<p>&nbsp;<\/p>\n<p><span style=\"color: #9a7541;\"><a style=\"color: #9a7541;\" href=\"https:\/\/vaninahenry.com\/marque\/tiptoe\/\">Entdecken Sie TIPTOE, sein Konzept und seine verschiedenen Produkte.<\/a><\/span><\/p>\n","protected":false},"featured_media":79784,"template":"","meta":{"_acf_changed":false,"inline_featured_image":false},"product_brand":[],"product_cat":[393,396],"product_tag":[],"class_list":{"0":"post-79765","1":"product","2":"type-product","3":"status-publish","4":"has-post-thumbnail","6":"product_cat-design-moebel","7":"product_cat-sustainable-de","9":"first","10":"outofstock","11":"taxable","12":"shipping-taxable","13":"purchasable","14":"product-type-variable"},"acf":[],"yoast_head":"<!-- This site is optimized with the Yoast SEO plugin v26.7 - https:\/\/yoast.com\/wordpress\/plugins\/seo\/ -->\n<title>NEW MODERN Schreibtisch - recycelter Kunststoff - Vanina Henry<\/title>\n<meta name=\"robots\" content=\"index, follow, max-snippet:-1, max-image-preview:large, max-video-preview:-1\" \/>\n<link rel=\"canonical\" href=\"https:\/\/vaninahenry.com\/de\/produkt\/new-modern-schreibtisch-recycelter-kunststoff\/\" \/>\n<meta property=\"og:locale\" content=\"de_DE\" \/>\n<meta property=\"og:type\" content=\"article\" \/>\n<meta property=\"og:title\" content=\"NEW MODERN Schreibtisch - recycelter Kunststoff - Vanina Henry\" \/>\n<meta property=\"og:description\" content=\"Der Schreibtisch NEW MODERN aus cycelter Kunststoff ist ideal f\u00fcr die Telearbeit oder f\u00fcr eine bessere Organisation zu Hause. Erh\u00e4ltlich in 2 Gr\u00f6\u00dfen.    &nbsp;  Entdecken Sie TIPTOE, sein Konzept und seine verschiedenen Produkte.\" \/>\n<meta property=\"og:url\" content=\"https:\/\/vaninahenry.com\/de\/produkt\/new-modern-schreibtisch-recycelter-kunststoff\/\" \/>\n<meta property=\"og:site_name\" content=\"Vanina Henry\" \/>\n<meta property=\"article:publisher\" content=\"https:\/\/www.facebook.com\/designbyvaninahenry\" \/>\n<meta property=\"article:modified_time\" content=\"2021-12-09T12:59:45+00:00\" \/>\n<meta property=\"og:image\" content=\"https:\/\/vaninahenry.com\/wp-content\/uploads\/2021\/12\/FL-16581_carre_1.jpg\" \/>\n\t<meta property=\"og:image:width\" content=\"1440\" \/>\n\t<meta property=\"og:image:height\" content=\"1440\" \/>\n\t<meta property=\"og:image:type\" content=\"image\/jpeg\" \/>\n<meta name=\"twitter:card\" content=\"summary_large_image\" \/>\n<meta name=\"twitter:label1\" content=\"Gesch\u00e4tzte Lesezeit\" \/>\n\t<meta name=\"twitter:data1\" content=\"1\u00a0Minute\" \/>\n<script type=\"application\/ld+json\" class=\"yoast-schema-graph\">{\"@context\":\"https:\/\/schema.org\",\"@graph\":[{\"@type\":\"WebPage\",\"@id\":\"https:\/\/vaninahenry.com\/de\/produkt\/new-modern-schreibtisch-recycelter-kunststoff\/\",\"url\":\"https:\/\/vaninahenry.com\/de\/produkt\/new-modern-schreibtisch-recycelter-kunststoff\/\",\"name\":\"NEW MODERN Schreibtisch - recycelter Kunststoff - Vanina Henry\",\"isPartOf\":{\"@id\":\"https:\/\/vaninahenry.com\/#website\"},\"primaryImageOfPage\":{\"@id\":\"https:\/\/vaninahenry.com\/de\/produkt\/new-modern-schreibtisch-recycelter-kunststoff\/#primaryimage\"},\"image\":{\"@id\":\"https:\/\/vaninahenry.com\/de\/produkt\/new-modern-schreibtisch-recycelter-kunststoff\/#primaryimage\"},\"thumbnailUrl\":\"https:\/\/vaninahenry.com\/wp-content\/uploads\/2021\/12\/FL-16581_carre_1.jpg\",\"datePublished\":\"2021-12-09T11:17:34+00:00\",\"dateModified\":\"2021-12-09T12:59:45+00:00\",\"breadcrumb\":{\"@id\":\"https:\/\/vaninahenry.com\/de\/produkt\/new-modern-schreibtisch-recycelter-kunststoff\/#breadcrumb\"},\"inLanguage\":\"de\",\"potentialAction\":[{\"@type\":\"ReadAction\",\"target\":[\"https:\/\/vaninahenry.com\/de\/produkt\/new-modern-schreibtisch-recycelter-kunststoff\/\"]}]},{\"@type\":\"ImageObject\",\"inLanguage\":\"de\",\"@id\":\"https:\/\/vaninahenry.com\/de\/produkt\/new-modern-schreibtisch-recycelter-kunststoff\/#primaryimage\",\"url\":\"https:\/\/vaninahenry.com\/wp-content\/uploads\/2021\/12\/FL-16581_carre_1.jpg\",\"contentUrl\":\"https:\/\/vaninahenry.com\/wp-content\/uploads\/2021\/12\/FL-16581_carre_1.jpg\",\"width\":1440,\"height\":1440},{\"@type\":\"BreadcrumbList\",\"@id\":\"https:\/\/vaninahenry.com\/de\/produkt\/new-modern-schreibtisch-recycelter-kunststoff\/#breadcrumb\",\"itemListElement\":[{\"@type\":\"ListItem\",\"position\":1,\"name\":\"Accueil\",\"item\":\"https:\/\/vaninahenry.com\/de\/\"},{\"@type\":\"ListItem\",\"position\":2,\"name\":\"Shop\",\"item\":\"https:\/\/vaninahenry.com\/boutique\/\"},{\"@type\":\"ListItem\",\"position\":3,\"name\":\"NEW MODERN Schreibtisch &#8211; recycelter Kunststoff\"}]},{\"@type\":\"WebSite\",\"@id\":\"https:\/\/vaninahenry.com\/#website\",\"url\":\"https:\/\/vaninahenry.com\/\",\"name\":\"Vanina Henry\",\"description\":\"\",\"publisher\":{\"@id\":\"https:\/\/vaninahenry.com\/#organization\"},\"potentialAction\":[{\"@type\":\"SearchAction\",\"target\":{\"@type\":\"EntryPoint\",\"urlTemplate\":\"https:\/\/vaninahenry.com\/?s={search_term_string}\"},\"query-input\":{\"@type\":\"PropertyValueSpecification\",\"valueRequired\":true,\"valueName\":\"search_term_string\"}}],\"inLanguage\":\"de\"},{\"@type\":\"Organization\",\"@id\":\"https:\/\/vaninahenry.com\/#organization\",\"name\":\"Vanina Henry\",\"url\":\"https:\/\/vaninahenry.com\/\",\"logo\":{\"@type\":\"ImageObject\",\"inLanguage\":\"de\",\"@id\":\"https:\/\/vaninahenry.com\/#\/schema\/logo\/image\/\",\"url\":\"http:\/\/vaninahenry.com\/wp-content\/uploads\/2021\/10\/Logo-design-by-VaninaHenry.png\",\"contentUrl\":\"http:\/\/vaninahenry.com\/wp-content\/uploads\/2021\/10\/Logo-design-by-VaninaHenry.png\",\"width\":711,\"height\":467,\"caption\":\"Vanina Henry\"},\"image\":{\"@id\":\"https:\/\/vaninahenry.com\/#\/schema\/logo\/image\/\"},\"sameAs\":[\"https:\/\/www.facebook.com\/designbyvaninahenry\",\"https:\/\/www.instagram.com\/vaninahenry\/\"]}]}<\/script>\n<!-- \/ Yoast SEO plugin. -->","yoast_head_json":{"title":"NEW MODERN Schreibtisch - recycelter Kunststoff - Vanina Henry","robots":{"index":"index","follow":"follow","max-snippet":"max-snippet:-1","max-image-preview":"max-image-preview:large","max-video-preview":"max-video-preview:-1"},"canonical":"https:\/\/vaninahenry.com\/de\/produkt\/new-modern-schreibtisch-recycelter-kunststoff\/","og_locale":"de_DE","og_type":"article","og_title":"NEW MODERN Schreibtisch - recycelter Kunststoff - Vanina Henry","og_description":"Der Schreibtisch NEW MODERN aus cycelter Kunststoff ist ideal f\u00fcr die Telearbeit oder f\u00fcr eine bessere Organisation zu Hause. Erh\u00e4ltlich in 2 Gr\u00f6\u00dfen.    &nbsp;  Entdecken Sie TIPTOE, sein Konzept und seine verschiedenen Produkte.","og_url":"https:\/\/vaninahenry.com\/de\/produkt\/new-modern-schreibtisch-recycelter-kunststoff\/","og_site_name":"Vanina Henry","article_publisher":"https:\/\/www.facebook.com\/designbyvaninahenry","article_modified_time":"2021-12-09T12:59:45+00:00","og_image":[{"width":1440,"height":1440,"url":"https:\/\/vaninahenry.com\/wp-content\/uploads\/2021\/12\/FL-16581_carre_1.jpg","type":"image\/jpeg"}],"twitter_card":"summary_large_image","twitter_misc":{"Gesch\u00e4tzte Lesezeit":"1\u00a0Minute"},"schema":{"@context":"https:\/\/schema.org","@graph":[{"@type":"WebPage","@id":"https:\/\/vaninahenry.com\/de\/produkt\/new-modern-schreibtisch-recycelter-kunststoff\/","url":"https:\/\/vaninahenry.com\/de\/produkt\/new-modern-schreibtisch-recycelter-kunststoff\/","name":"NEW MODERN Schreibtisch - recycelter Kunststoff - Vanina Henry","isPartOf":{"@id":"https:\/\/vaninahenry.com\/#website"},"primaryImageOfPage":{"@id":"https:\/\/vaninahenry.com\/de\/produkt\/new-modern-schreibtisch-recycelter-kunststoff\/#primaryimage"},"image":{"@id":"https:\/\/vaninahenry.com\/de\/produkt\/new-modern-schreibtisch-recycelter-kunststoff\/#primaryimage"},"thumbnailUrl":"https:\/\/vaninahenry.com\/wp-content\/uploads\/2021\/12\/FL-16581_carre_1.jpg","datePublished":"2021-12-09T11:17:34+00:00","dateModified":"2021-12-09T12:59:45+00:00","breadcrumb":{"@id":"https:\/\/vaninahenry.com\/de\/produkt\/new-modern-schreibtisch-recycelter-kunststoff\/#breadcrumb"},"inLanguage":"de","potentialAction":[{"@type":"ReadAction","target":["https:\/\/vaninahenry.com\/de\/produkt\/new-modern-schreibtisch-recycelter-kunststoff\/"]}]},{"@type":"ImageObject","inLanguage":"de","@id":"https:\/\/vaninahenry.com\/de\/produkt\/new-modern-schreibtisch-recycelter-kunststoff\/#primaryimage","url":"https:\/\/vaninahenry.com\/wp-content\/uploads\/2021\/12\/FL-16581_carre_1.jpg","contentUrl":"https:\/\/vaninahenry.com\/wp-content\/uploads\/2021\/12\/FL-16581_carre_1.jpg","width":1440,"height":1440},{"@type":"BreadcrumbList","@id":"https:\/\/vaninahenry.com\/de\/produkt\/new-modern-schreibtisch-recycelter-kunststoff\/#breadcrumb","itemListElement":[{"@type":"ListItem","position":1,"name":"Accueil","item":"https:\/\/vaninahenry.com\/de\/"},{"@type":"ListItem","position":2,"name":"Shop","item":"https:\/\/vaninahenry.com\/boutique\/"},{"@type":"ListItem","position":3,"name":"NEW MODERN Schreibtisch &#8211; recycelter Kunststoff"}]},{"@type":"WebSite","@id":"https:\/\/vaninahenry.com\/#website","url":"https:\/\/vaninahenry.com\/","name":"Vanina Henry","description":"","publisher":{"@id":"https:\/\/vaninahenry.com\/#organization"},"potentialAction":[{"@type":"SearchAction","target":{"@type":"EntryPoint","urlTemplate":"https:\/\/vaninahenry.com\/?s={search_term_string}"},"query-input":{"@type":"PropertyValueSpecification","valueRequired":true,"valueName":"search_term_string"}}],"inLanguage":"de"},{"@type":"Organization","@id":"https:\/\/vaninahenry.com\/#organization","name":"Vanina Henry","url":"https:\/\/vaninahenry.com\/","logo":{"@type":"ImageObject","inLanguage":"de","@id":"https:\/\/vaninahenry.com\/#\/schema\/logo\/image\/","url":"http:\/\/vaninahenry.com\/wp-content\/uploads\/2021\/10\/Logo-design-by-VaninaHenry.png","contentUrl":"http:\/\/vaninahenry.com\/wp-content\/uploads\/2021\/10\/Logo-design-by-VaninaHenry.png","width":711,"height":467,"caption":"Vanina Henry"},"image":{"@id":"https:\/\/vaninahenry.com\/#\/schema\/logo\/image\/"},"sameAs":["https:\/\/www.facebook.com\/designbyvaninahenry","https:\/\/www.instagram.com\/vaninahenry\/"]}]}},"_links":{"self":[{"href":"https:\/\/vaninahenry.com\/de\/wp-json\/wp\/v2\/product\/79765","targetHints":{"allow":["GET"]}}],"collection":[{"href":"https:\/\/vaninahenry.com\/de\/wp-json\/wp\/v2\/product"}],"about":[{"href":"https:\/\/vaninahenry.com\/de\/wp-json\/wp\/v2\/types\/product"}],"wp:featuredmedia":[{"embeddable":true,"href":"https:\/\/vaninahenry.com\/de\/wp-json\/wp\/v2\/media\/79784"}],"wp:attachment":[{"href":"https:\/\/vaninahenry.com\/de\/wp-json\/wp\/v2\/media?parent=79765"}],"wp:term":[{"taxonomy":"product_brand","embeddable":true,"href":"https:\/\/vaninahenry.com\/de\/wp-json\/wp\/v2\/product_brand?post=79765"},{"taxonomy":"product_cat","embeddable":true,"href":"https:\/\/vaninahenry.com\/de\/wp-json\/wp\/v2\/product_cat?post=79765"},{"taxonomy":"product_tag","embeddable":true,"href":"https:\/\/vaninahenry.com\/de\/wp-json\/wp\/v2\/product_tag?post=79765"}],"curies":[{"name":"wp","href":"https:\/\/api.w.org\/{rel}","templated":true}]}}