{"id":78890,"date":"2021-12-08T11:36:49","date_gmt":"2021-12-08T10:36:59","guid":{"rendered":"https:\/\/vaninahenry.com\/?post_type=product&#038;p=78890"},"modified":"2021-12-08T11:57:19","modified_gmt":"2021-12-08T10:57:19","slug":"teresas-green-no-236-copie","status":"publish","type":"product","link":"https:\/\/vaninahenry.com\/de\/produkt\/teresas-green-no-236-copie\/","title":{"rendered":"Teresa&#8217;s Green  No. 236 &#8211; Musterdose 100ml"},"content":{"rendered":"<p><strong>Ein frisches Aquamarin<\/strong><\/p>\n<p>Wir haben den Namen f\u00fcr diesen frischen Farbton gew\u00e4hlt, um an ein Mitglied unseres fr\u00fchen Kreativteams zu erinnern. Teresa\u2019s Green verdankt ihre Frische einer blauen Basis und seine W\u00e4rme den gr\u00fcnen dar\u00fcber liegenden Pigmenten. Sie liegt in der Mitte unserer Aqua-T\u00f6ne und wirkt sehr beruhigend. In Kombination mit Nuancen wie White Tie hingegen verstr\u00f6mt sie einen heiteren Charme.<\/p>\n<p>Grundierungen &amp; Basisanstriche: Mid Tones<\/p>\n","protected":false},"excerpt":{"rendered":"<p><span style=\"color: #000000;\"><a class=\"btn\" style=\"color: #000000;\" href=\"https:\/\/vaninahenry.com\/de\/produkt\/teresas-green-no-236\/\">Teresa&#8217;s Green No. 236 Kaufen<\/a><\/span><\/p>\n<p>&nbsp;<\/p>\n<p>Qualit\u00e4tsprobe <span style=\"color: #9a7541;\">Estate Emulsion<\/span>.<\/p>\n<p>Aussehen: Kreidig, sehr mattes Finish 2 % Glanz.<br \/>\nDeckkraft 1 m\u00b2<\/p>\n","protected":false},"featured_media":46398,"template":"","meta":{"_acf_changed":false,"inline_featured_image":false},"product_brand":[],"product_cat":[312],"product_tag":[],"class_list":{"0":"post-78890","1":"product","2":"type-product","3":"status-publish","4":"has-post-thumbnail","6":"product_cat-farben","7":"product_shipping_class-farrow-and-ball-probe","9":"first","10":"outofstock","11":"taxable","12":"shipping-taxable","13":"product-type-simple"},"acf":[],"yoast_head":"<!-- This site is optimized with the Yoast SEO plugin v26.7 - https:\/\/yoast.com\/wordpress\/plugins\/seo\/ -->\n<title>Teresa&#039;s Green No. 236 - Musterdose 100ml - Vanina Henry<\/title>\n<meta name=\"robots\" content=\"index, follow, max-snippet:-1, max-image-preview:large, max-video-preview:-1\" \/>\n<link rel=\"canonical\" href=\"https:\/\/vaninahenry.com\/de\/produkt\/teresas-green-no-236-copie\/\" \/>\n<meta property=\"og:locale\" content=\"de_DE\" \/>\n<meta property=\"og:type\" content=\"article\" \/>\n<meta property=\"og:title\" content=\"Teresa&#039;s Green No. 236 - Musterdose 100ml - Vanina Henry\" \/>\n<meta property=\"og:description\" content=\"Teresa&#039;s Green No. 236 Kaufen  &nbsp;  Qualit\u00e4tsprobe Estate Emulsion.  Aussehen: Kreidig, sehr mattes Finish 2 % Glanz. Deckkraft 1 m\u00b2\" \/>\n<meta property=\"og:url\" content=\"https:\/\/vaninahenry.com\/de\/produkt\/teresas-green-no-236-copie\/\" \/>\n<meta property=\"og:site_name\" content=\"Vanina Henry\" \/>\n<meta property=\"article:publisher\" content=\"https:\/\/www.facebook.com\/designbyvaninahenry\" \/>\n<meta property=\"article:modified_time\" content=\"2021-12-08T10:57:19+00:00\" \/>\n<meta property=\"og:image\" content=\"https:\/\/vaninahenry.com\/wp-content\/uploads\/2021\/06\/Teresas-Green-No.236-c-2.jpg\" \/>\n\t<meta property=\"og:image:width\" content=\"1400\" \/>\n\t<meta property=\"og:image:height\" content=\"987\" \/>\n\t<meta property=\"og:image:type\" content=\"image\/jpeg\" \/>\n<meta name=\"twitter:card\" content=\"summary_large_image\" \/>\n<script type=\"application\/ld+json\" class=\"yoast-schema-graph\">{\"@context\":\"https:\/\/schema.org\",\"@graph\":[{\"@type\":\"WebPage\",\"@id\":\"https:\/\/vaninahenry.com\/de\/produkt\/teresas-green-no-236-copie\/\",\"url\":\"https:\/\/vaninahenry.com\/de\/produkt\/teresas-green-no-236-copie\/\",\"name\":\"Teresa's Green No. 236 - Musterdose 100ml - Vanina Henry\",\"isPartOf\":{\"@id\":\"https:\/\/vaninahenry.com\/#website\"},\"primaryImageOfPage\":{\"@id\":\"https:\/\/vaninahenry.com\/de\/produkt\/teresas-green-no-236-copie\/#primaryimage\"},\"image\":{\"@id\":\"https:\/\/vaninahenry.com\/de\/produkt\/teresas-green-no-236-copie\/#primaryimage\"},\"thumbnailUrl\":\"https:\/\/vaninahenry.com\/wp-content\/uploads\/2021\/06\/Teresas-Green-No.236-c-2.jpg\",\"datePublished\":\"2021-12-08T10:36:59+00:00\",\"dateModified\":\"2021-12-08T10:57:19+00:00\",\"breadcrumb\":{\"@id\":\"https:\/\/vaninahenry.com\/de\/produkt\/teresas-green-no-236-copie\/#breadcrumb\"},\"inLanguage\":\"de\",\"potentialAction\":[{\"@type\":\"ReadAction\",\"target\":[\"https:\/\/vaninahenry.com\/de\/produkt\/teresas-green-no-236-copie\/\"]}]},{\"@type\":\"ImageObject\",\"inLanguage\":\"de\",\"@id\":\"https:\/\/vaninahenry.com\/de\/produkt\/teresas-green-no-236-copie\/#primaryimage\",\"url\":\"https:\/\/vaninahenry.com\/wp-content\/uploads\/2021\/06\/Teresas-Green-No.236-c-2.jpg\",\"contentUrl\":\"https:\/\/vaninahenry.com\/wp-content\/uploads\/2021\/06\/Teresas-Green-No.236-c-2.jpg\",\"width\":1400,\"height\":987},{\"@type\":\"BreadcrumbList\",\"@id\":\"https:\/\/vaninahenry.com\/de\/produkt\/teresas-green-no-236-copie\/#breadcrumb\",\"itemListElement\":[{\"@type\":\"ListItem\",\"position\":1,\"name\":\"Accueil\",\"item\":\"https:\/\/vaninahenry.com\/de\/\"},{\"@type\":\"ListItem\",\"position\":2,\"name\":\"Shop\",\"item\":\"https:\/\/vaninahenry.com\/boutique\/\"},{\"@type\":\"ListItem\",\"position\":3,\"name\":\"Teresa&#8217;s Green No. 236 &#8211; Musterdose 100ml\"}]},{\"@type\":\"WebSite\",\"@id\":\"https:\/\/vaninahenry.com\/#website\",\"url\":\"https:\/\/vaninahenry.com\/\",\"name\":\"Vanina Henry\",\"description\":\"\",\"publisher\":{\"@id\":\"https:\/\/vaninahenry.com\/#organization\"},\"potentialAction\":[{\"@type\":\"SearchAction\",\"target\":{\"@type\":\"EntryPoint\",\"urlTemplate\":\"https:\/\/vaninahenry.com\/?s={search_term_string}\"},\"query-input\":{\"@type\":\"PropertyValueSpecification\",\"valueRequired\":true,\"valueName\":\"search_term_string\"}}],\"inLanguage\":\"de\"},{\"@type\":\"Organization\",\"@id\":\"https:\/\/vaninahenry.com\/#organization\",\"name\":\"Vanina Henry\",\"url\":\"https:\/\/vaninahenry.com\/\",\"logo\":{\"@type\":\"ImageObject\",\"inLanguage\":\"de\",\"@id\":\"https:\/\/vaninahenry.com\/#\/schema\/logo\/image\/\",\"url\":\"http:\/\/vaninahenry.com\/wp-content\/uploads\/2021\/10\/Logo-design-by-VaninaHenry.png\",\"contentUrl\":\"http:\/\/vaninahenry.com\/wp-content\/uploads\/2021\/10\/Logo-design-by-VaninaHenry.png\",\"width\":711,\"height\":467,\"caption\":\"Vanina Henry\"},\"image\":{\"@id\":\"https:\/\/vaninahenry.com\/#\/schema\/logo\/image\/\"},\"sameAs\":[\"https:\/\/www.facebook.com\/designbyvaninahenry\",\"https:\/\/www.instagram.com\/vaninahenry\/\"]}]}<\/script>\n<!-- \/ Yoast SEO plugin. -->","yoast_head_json":{"title":"Teresa's Green No. 236 - Musterdose 100ml - Vanina Henry","robots":{"index":"index","follow":"follow","max-snippet":"max-snippet:-1","max-image-preview":"max-image-preview:large","max-video-preview":"max-video-preview:-1"},"canonical":"https:\/\/vaninahenry.com\/de\/produkt\/teresas-green-no-236-copie\/","og_locale":"de_DE","og_type":"article","og_title":"Teresa's Green No. 236 - Musterdose 100ml - Vanina Henry","og_description":"Teresa's Green No. 236 Kaufen  &nbsp;  Qualit\u00e4tsprobe Estate Emulsion.  Aussehen: Kreidig, sehr mattes Finish 2 % Glanz. Deckkraft 1 m\u00b2","og_url":"https:\/\/vaninahenry.com\/de\/produkt\/teresas-green-no-236-copie\/","og_site_name":"Vanina Henry","article_publisher":"https:\/\/www.facebook.com\/designbyvaninahenry","article_modified_time":"2021-12-08T10:57:19+00:00","og_image":[{"width":1400,"height":987,"url":"https:\/\/vaninahenry.com\/wp-content\/uploads\/2021\/06\/Teresas-Green-No.236-c-2.jpg","type":"image\/jpeg"}],"twitter_card":"summary_large_image","schema":{"@context":"https:\/\/schema.org","@graph":[{"@type":"WebPage","@id":"https:\/\/vaninahenry.com\/de\/produkt\/teresas-green-no-236-copie\/","url":"https:\/\/vaninahenry.com\/de\/produkt\/teresas-green-no-236-copie\/","name":"Teresa's Green No. 236 - Musterdose 100ml - Vanina Henry","isPartOf":{"@id":"https:\/\/vaninahenry.com\/#website"},"primaryImageOfPage":{"@id":"https:\/\/vaninahenry.com\/de\/produkt\/teresas-green-no-236-copie\/#primaryimage"},"image":{"@id":"https:\/\/vaninahenry.com\/de\/produkt\/teresas-green-no-236-copie\/#primaryimage"},"thumbnailUrl":"https:\/\/vaninahenry.com\/wp-content\/uploads\/2021\/06\/Teresas-Green-No.236-c-2.jpg","datePublished":"2021-12-08T10:36:59+00:00","dateModified":"2021-12-08T10:57:19+00:00","breadcrumb":{"@id":"https:\/\/vaninahenry.com\/de\/produkt\/teresas-green-no-236-copie\/#breadcrumb"},"inLanguage":"de","potentialAction":[{"@type":"ReadAction","target":["https:\/\/vaninahenry.com\/de\/produkt\/teresas-green-no-236-copie\/"]}]},{"@type":"ImageObject","inLanguage":"de","@id":"https:\/\/vaninahenry.com\/de\/produkt\/teresas-green-no-236-copie\/#primaryimage","url":"https:\/\/vaninahenry.com\/wp-content\/uploads\/2021\/06\/Teresas-Green-No.236-c-2.jpg","contentUrl":"https:\/\/vaninahenry.com\/wp-content\/uploads\/2021\/06\/Teresas-Green-No.236-c-2.jpg","width":1400,"height":987},{"@type":"BreadcrumbList","@id":"https:\/\/vaninahenry.com\/de\/produkt\/teresas-green-no-236-copie\/#breadcrumb","itemListElement":[{"@type":"ListItem","position":1,"name":"Accueil","item":"https:\/\/vaninahenry.com\/de\/"},{"@type":"ListItem","position":2,"name":"Shop","item":"https:\/\/vaninahenry.com\/boutique\/"},{"@type":"ListItem","position":3,"name":"Teresa&#8217;s Green No. 236 &#8211; Musterdose 100ml"}]},{"@type":"WebSite","@id":"https:\/\/vaninahenry.com\/#website","url":"https:\/\/vaninahenry.com\/","name":"Vanina Henry","description":"","publisher":{"@id":"https:\/\/vaninahenry.com\/#organization"},"potentialAction":[{"@type":"SearchAction","target":{"@type":"EntryPoint","urlTemplate":"https:\/\/vaninahenry.com\/?s={search_term_string}"},"query-input":{"@type":"PropertyValueSpecification","valueRequired":true,"valueName":"search_term_string"}}],"inLanguage":"de"},{"@type":"Organization","@id":"https:\/\/vaninahenry.com\/#organization","name":"Vanina Henry","url":"https:\/\/vaninahenry.com\/","logo":{"@type":"ImageObject","inLanguage":"de","@id":"https:\/\/vaninahenry.com\/#\/schema\/logo\/image\/","url":"http:\/\/vaninahenry.com\/wp-content\/uploads\/2021\/10\/Logo-design-by-VaninaHenry.png","contentUrl":"http:\/\/vaninahenry.com\/wp-content\/uploads\/2021\/10\/Logo-design-by-VaninaHenry.png","width":711,"height":467,"caption":"Vanina Henry"},"image":{"@id":"https:\/\/vaninahenry.com\/#\/schema\/logo\/image\/"},"sameAs":["https:\/\/www.facebook.com\/designbyvaninahenry","https:\/\/www.instagram.com\/vaninahenry\/"]}]}},"_links":{"self":[{"href":"https:\/\/vaninahenry.com\/de\/wp-json\/wp\/v2\/product\/78890","targetHints":{"allow":["GET"]}}],"collection":[{"href":"https:\/\/vaninahenry.com\/de\/wp-json\/wp\/v2\/product"}],"about":[{"href":"https:\/\/vaninahenry.com\/de\/wp-json\/wp\/v2\/types\/product"}],"wp:featuredmedia":[{"embeddable":true,"href":"https:\/\/vaninahenry.com\/de\/wp-json\/wp\/v2\/media\/46398"}],"wp:attachment":[{"href":"https:\/\/vaninahenry.com\/de\/wp-json\/wp\/v2\/media?parent=78890"}],"wp:term":[{"taxonomy":"product_brand","embeddable":true,"href":"https:\/\/vaninahenry.com\/de\/wp-json\/wp\/v2\/product_brand?post=78890"},{"taxonomy":"product_cat","embeddable":true,"href":"https:\/\/vaninahenry.com\/de\/wp-json\/wp\/v2\/product_cat?post=78890"},{"taxonomy":"product_tag","embeddable":true,"href":"https:\/\/vaninahenry.com\/de\/wp-json\/wp\/v2\/product_tag?post=78890"}],"curies":[{"name":"wp","href":"https:\/\/api.w.org\/{rel}","templated":true}]}}