{"id":7634,"date":"2021-06-21T15:13:13","date_gmt":"2021-06-21T13:13:13","guid":{"rendered":"https:\/\/hloccfq.cluster031.hosting.ovh.net\/produit\/metal-primer-undercoat\/"},"modified":"2025-03-11T13:17:42","modified_gmt":"2025-03-11T12:17:42","slug":"metal-primer-undercoat","status":"publish","type":"product","link":"https:\/\/vaninahenry.com\/de\/produkt\/metal-primer-undercoat\/","title":{"rendered":"Metal Primer Undercoat"},"content":{"rendered":"<p>Die vor Rost sch\u00fctzende Grundierung f\u00fcr alle unbehandelten Fl\u00e4chen aus Metall wurde speziell f\u00fcr die Verwendung mit Modern Eggshell, Exterior Eggshell, Estate Eggshell, Full Gloss oder Dead Flat entwickelt. So lassen sich auch auf Gel\u00e4ndern, Heizk\u00f6rpern, Gartenm\u00f6beln und Abflussrinnen glatte Oberfl\u00e4chen und perfekte Farbergebnisse erzielen.<\/p>\n","protected":false},"excerpt":{"rendered":"<p>Die vor Rost sch\u00fctzende Grundierung f\u00fcr alle unbehandelten Fl\u00e4chen aus Metall wurde speziell f\u00fcr die Verwendung mit Modern Eggshell, Exterior Eggshell, Estate Eggshell, Full Gloss oder Dead Flat entwickelt. So lassen sich auch auf Gel\u00e4ndern, Heizk\u00f6rpern, Gartenm\u00f6beln und Abflussrinnen glatte Oberfl\u00e4chen und perfekte Farbergebnisse erzielen.<\/p>\n","protected":false},"featured_media":45946,"template":"","meta":{"_acf_changed":false,"inline_featured_image":false},"product_brand":[],"product_cat":[312],"product_tag":[],"class_list":{"0":"post-7634","1":"product","2":"type-product","3":"status-publish","4":"has-post-thumbnail","6":"product_cat-farben","7":"product_shipping_class-fnb-de","9":"first","10":"instock","11":"taxable","12":"shipping-taxable","13":"purchasable","14":"product-type-variable"},"acf":[],"yoast_head":"<!-- This site is optimized with the Yoast SEO plugin v26.7 - https:\/\/yoast.com\/wordpress\/plugins\/seo\/ -->\n<title>Metal Primer Undercoat - Vanina Henry<\/title>\n<meta name=\"robots\" content=\"index, follow, max-snippet:-1, max-image-preview:large, max-video-preview:-1\" \/>\n<link rel=\"canonical\" href=\"https:\/\/vaninahenry.com\/produkt\/metal-primer-undercoat\/\" \/>\n<meta property=\"og:locale\" content=\"de_DE\" \/>\n<meta property=\"og:type\" content=\"article\" \/>\n<meta property=\"og:title\" content=\"Metal Primer Undercoat - Vanina Henry\" \/>\n<meta property=\"og:description\" content=\"Die vor Rost sch\u00fctzende Grundierung f\u00fcr alle unbehandelten Fl\u00e4chen aus Metall wurde speziell f\u00fcr die Verwendung mit Modern Eggshell, Exterior Eggshell, Estate Eggshell, Full Gloss oder Dead Flat entwickelt. So lassen sich auch auf Gel\u00e4ndern, Heizk\u00f6rpern, Gartenm\u00f6beln und Abflussrinnen glatte Oberfl\u00e4chen und perfekte Farbergebnisse erzielen.\" \/>\n<meta property=\"og:url\" content=\"https:\/\/vaninahenry.com\/produkt\/metal-primer-undercoat\/\" \/>\n<meta property=\"og:site_name\" content=\"Vanina Henry\" \/>\n<meta property=\"article:publisher\" content=\"https:\/\/www.facebook.com\/designbyvaninahenry\" \/>\n<meta property=\"article:modified_time\" content=\"2025-03-11T12:17:42+00:00\" \/>\n<meta property=\"og:image\" content=\"https:\/\/vaninahenry.com\/wp-content\/uploads\/2021\/06\/Metal.jpeg\" \/>\n\t<meta property=\"og:image:width\" content=\"1400\" \/>\n\t<meta property=\"og:image:height\" content=\"1400\" \/>\n\t<meta property=\"og:image:type\" content=\"image\/jpeg\" \/>\n<meta name=\"twitter:card\" content=\"summary_large_image\" \/>\n<script type=\"application\/ld+json\" class=\"yoast-schema-graph\">{\"@context\":\"https:\/\/schema.org\",\"@graph\":[{\"@type\":\"WebPage\",\"@id\":\"https:\/\/vaninahenry.com\/produkt\/metal-primer-undercoat\/\",\"url\":\"https:\/\/vaninahenry.com\/produkt\/metal-primer-undercoat\/\",\"name\":\"Metal Primer Undercoat - Vanina Henry\",\"isPartOf\":{\"@id\":\"https:\/\/vaninahenry.com\/#website\"},\"primaryImageOfPage\":{\"@id\":\"https:\/\/vaninahenry.com\/produkt\/metal-primer-undercoat\/#primaryimage\"},\"image\":{\"@id\":\"https:\/\/vaninahenry.com\/produkt\/metal-primer-undercoat\/#primaryimage\"},\"thumbnailUrl\":\"https:\/\/vaninahenry.com\/wp-content\/uploads\/2021\/06\/Metal.jpeg\",\"datePublished\":\"2021-06-21T13:13:13+00:00\",\"dateModified\":\"2025-03-11T12:17:42+00:00\",\"breadcrumb\":{\"@id\":\"https:\/\/vaninahenry.com\/produkt\/metal-primer-undercoat\/#breadcrumb\"},\"inLanguage\":\"de\",\"potentialAction\":[{\"@type\":\"ReadAction\",\"target\":[\"https:\/\/vaninahenry.com\/produkt\/metal-primer-undercoat\/\"]}]},{\"@type\":\"ImageObject\",\"inLanguage\":\"de\",\"@id\":\"https:\/\/vaninahenry.com\/produkt\/metal-primer-undercoat\/#primaryimage\",\"url\":\"https:\/\/vaninahenry.com\/wp-content\/uploads\/2021\/06\/Metal.jpeg\",\"contentUrl\":\"https:\/\/vaninahenry.com\/wp-content\/uploads\/2021\/06\/Metal.jpeg\",\"width\":1400,\"height\":1400},{\"@type\":\"BreadcrumbList\",\"@id\":\"https:\/\/vaninahenry.com\/produkt\/metal-primer-undercoat\/#breadcrumb\",\"itemListElement\":[{\"@type\":\"ListItem\",\"position\":1,\"name\":\"Accueil\",\"item\":\"https:\/\/vaninahenry.com\/de\/\"},{\"@type\":\"ListItem\",\"position\":2,\"name\":\"Shop\",\"item\":\"https:\/\/vaninahenry.com\/boutique\/\"},{\"@type\":\"ListItem\",\"position\":3,\"name\":\"Metal Primer Undercoat\"}]},{\"@type\":\"WebSite\",\"@id\":\"https:\/\/vaninahenry.com\/#website\",\"url\":\"https:\/\/vaninahenry.com\/\",\"name\":\"Vanina Henry\",\"description\":\"\",\"publisher\":{\"@id\":\"https:\/\/vaninahenry.com\/#organization\"},\"potentialAction\":[{\"@type\":\"SearchAction\",\"target\":{\"@type\":\"EntryPoint\",\"urlTemplate\":\"https:\/\/vaninahenry.com\/?s={search_term_string}\"},\"query-input\":{\"@type\":\"PropertyValueSpecification\",\"valueRequired\":true,\"valueName\":\"search_term_string\"}}],\"inLanguage\":\"de\"},{\"@type\":\"Organization\",\"@id\":\"https:\/\/vaninahenry.com\/#organization\",\"name\":\"Vanina Henry\",\"url\":\"https:\/\/vaninahenry.com\/\",\"logo\":{\"@type\":\"ImageObject\",\"inLanguage\":\"de\",\"@id\":\"https:\/\/vaninahenry.com\/#\/schema\/logo\/image\/\",\"url\":\"http:\/\/vaninahenry.com\/wp-content\/uploads\/2021\/10\/Logo-design-by-VaninaHenry.png\",\"contentUrl\":\"http:\/\/vaninahenry.com\/wp-content\/uploads\/2021\/10\/Logo-design-by-VaninaHenry.png\",\"width\":711,\"height\":467,\"caption\":\"Vanina Henry\"},\"image\":{\"@id\":\"https:\/\/vaninahenry.com\/#\/schema\/logo\/image\/\"},\"sameAs\":[\"https:\/\/www.facebook.com\/designbyvaninahenry\",\"https:\/\/www.instagram.com\/vaninahenry\/\"]}]}<\/script>\n<!-- \/ Yoast SEO plugin. -->","yoast_head_json":{"title":"Metal Primer Undercoat - Vanina Henry","robots":{"index":"index","follow":"follow","max-snippet":"max-snippet:-1","max-image-preview":"max-image-preview:large","max-video-preview":"max-video-preview:-1"},"canonical":"https:\/\/vaninahenry.com\/produkt\/metal-primer-undercoat\/","og_locale":"de_DE","og_type":"article","og_title":"Metal Primer Undercoat - Vanina Henry","og_description":"Die vor Rost sch\u00fctzende Grundierung f\u00fcr alle unbehandelten Fl\u00e4chen aus Metall wurde speziell f\u00fcr die Verwendung mit Modern Eggshell, Exterior Eggshell, Estate Eggshell, Full Gloss oder Dead Flat entwickelt. So lassen sich auch auf Gel\u00e4ndern, Heizk\u00f6rpern, Gartenm\u00f6beln und Abflussrinnen glatte Oberfl\u00e4chen und perfekte Farbergebnisse erzielen.","og_url":"https:\/\/vaninahenry.com\/produkt\/metal-primer-undercoat\/","og_site_name":"Vanina Henry","article_publisher":"https:\/\/www.facebook.com\/designbyvaninahenry","article_modified_time":"2025-03-11T12:17:42+00:00","og_image":[{"width":1400,"height":1400,"url":"https:\/\/vaninahenry.com\/wp-content\/uploads\/2021\/06\/Metal.jpeg","type":"image\/jpeg"}],"twitter_card":"summary_large_image","schema":{"@context":"https:\/\/schema.org","@graph":[{"@type":"WebPage","@id":"https:\/\/vaninahenry.com\/produkt\/metal-primer-undercoat\/","url":"https:\/\/vaninahenry.com\/produkt\/metal-primer-undercoat\/","name":"Metal Primer Undercoat - Vanina Henry","isPartOf":{"@id":"https:\/\/vaninahenry.com\/#website"},"primaryImageOfPage":{"@id":"https:\/\/vaninahenry.com\/produkt\/metal-primer-undercoat\/#primaryimage"},"image":{"@id":"https:\/\/vaninahenry.com\/produkt\/metal-primer-undercoat\/#primaryimage"},"thumbnailUrl":"https:\/\/vaninahenry.com\/wp-content\/uploads\/2021\/06\/Metal.jpeg","datePublished":"2021-06-21T13:13:13+00:00","dateModified":"2025-03-11T12:17:42+00:00","breadcrumb":{"@id":"https:\/\/vaninahenry.com\/produkt\/metal-primer-undercoat\/#breadcrumb"},"inLanguage":"de","potentialAction":[{"@type":"ReadAction","target":["https:\/\/vaninahenry.com\/produkt\/metal-primer-undercoat\/"]}]},{"@type":"ImageObject","inLanguage":"de","@id":"https:\/\/vaninahenry.com\/produkt\/metal-primer-undercoat\/#primaryimage","url":"https:\/\/vaninahenry.com\/wp-content\/uploads\/2021\/06\/Metal.jpeg","contentUrl":"https:\/\/vaninahenry.com\/wp-content\/uploads\/2021\/06\/Metal.jpeg","width":1400,"height":1400},{"@type":"BreadcrumbList","@id":"https:\/\/vaninahenry.com\/produkt\/metal-primer-undercoat\/#breadcrumb","itemListElement":[{"@type":"ListItem","position":1,"name":"Accueil","item":"https:\/\/vaninahenry.com\/de\/"},{"@type":"ListItem","position":2,"name":"Shop","item":"https:\/\/vaninahenry.com\/boutique\/"},{"@type":"ListItem","position":3,"name":"Metal Primer Undercoat"}]},{"@type":"WebSite","@id":"https:\/\/vaninahenry.com\/#website","url":"https:\/\/vaninahenry.com\/","name":"Vanina Henry","description":"","publisher":{"@id":"https:\/\/vaninahenry.com\/#organization"},"potentialAction":[{"@type":"SearchAction","target":{"@type":"EntryPoint","urlTemplate":"https:\/\/vaninahenry.com\/?s={search_term_string}"},"query-input":{"@type":"PropertyValueSpecification","valueRequired":true,"valueName":"search_term_string"}}],"inLanguage":"de"},{"@type":"Organization","@id":"https:\/\/vaninahenry.com\/#organization","name":"Vanina Henry","url":"https:\/\/vaninahenry.com\/","logo":{"@type":"ImageObject","inLanguage":"de","@id":"https:\/\/vaninahenry.com\/#\/schema\/logo\/image\/","url":"http:\/\/vaninahenry.com\/wp-content\/uploads\/2021\/10\/Logo-design-by-VaninaHenry.png","contentUrl":"http:\/\/vaninahenry.com\/wp-content\/uploads\/2021\/10\/Logo-design-by-VaninaHenry.png","width":711,"height":467,"caption":"Vanina Henry"},"image":{"@id":"https:\/\/vaninahenry.com\/#\/schema\/logo\/image\/"},"sameAs":["https:\/\/www.facebook.com\/designbyvaninahenry","https:\/\/www.instagram.com\/vaninahenry\/"]}]}},"_links":{"self":[{"href":"https:\/\/vaninahenry.com\/de\/wp-json\/wp\/v2\/product\/7634","targetHints":{"allow":["GET"]}}],"collection":[{"href":"https:\/\/vaninahenry.com\/de\/wp-json\/wp\/v2\/product"}],"about":[{"href":"https:\/\/vaninahenry.com\/de\/wp-json\/wp\/v2\/types\/product"}],"wp:featuredmedia":[{"embeddable":true,"href":"https:\/\/vaninahenry.com\/de\/wp-json\/wp\/v2\/media\/45946"}],"wp:attachment":[{"href":"https:\/\/vaninahenry.com\/de\/wp-json\/wp\/v2\/media?parent=7634"}],"wp:term":[{"taxonomy":"product_brand","embeddable":true,"href":"https:\/\/vaninahenry.com\/de\/wp-json\/wp\/v2\/product_brand?post=7634"},{"taxonomy":"product_cat","embeddable":true,"href":"https:\/\/vaninahenry.com\/de\/wp-json\/wp\/v2\/product_cat?post=7634"},{"taxonomy":"product_tag","embeddable":true,"href":"https:\/\/vaninahenry.com\/de\/wp-json\/wp\/v2\/product_tag?post=7634"}],"curies":[{"name":"wp","href":"https:\/\/api.w.org\/{rel}","templated":true}]}}