{"id":7625,"date":"2021-06-21T15:17:45","date_gmt":"2021-06-21T13:17:45","guid":{"rendered":"https:\/\/hloccfq.cluster031.hosting.ovh.net\/produit\/wood-floor-primer-undercoat\/"},"modified":"2025-03-11T13:35:33","modified_gmt":"2025-03-11T12:35:33","slug":"wood-floor-primer-undercoat","status":"publish","type":"product","link":"https:\/\/vaninahenry.com\/de\/produkt\/wood-floor-primer-undercoat\/","title":{"rendered":"Wood Primer &#038; Undercoat"},"content":{"rendered":"<p>Wood Primer &amp; Undercoat ist f\u00fcr die Verwendung auf blankem oder zuvor gestrichenem Holz im Innen- und Au\u00dfenbereich, einschlie\u00dflich Dielen und \u00c4sten, geeignet. Sie schafft eine glatte, sch\u00fctzende Basis f\u00fcr unsere Eierschalen, Vollglanz oder Dead Flat\u00ae. Erh\u00e4ltlich in vier Farbt\u00f6nen zur Erg\u00e4nzung Ihres Decklacks f\u00fcr ein dauerhaftes, farbintensives Finish.<\/p>\n","protected":false},"excerpt":{"rendered":"<p>Wood Primer &amp; Undercoat ist f\u00fcr die Verwendung auf blankem oder zuvor gestrichenem Holz im Innen- und Au\u00dfenbereich, einschlie\u00dflich Dielen und \u00c4sten, geeignet. Sie schafft eine glatte, sch\u00fctzende Basis f\u00fcr unsere Eierschalen, Vollglanz oder Dead Flat\u00ae. Erh\u00e4ltlich in vier Farbt\u00f6nen zur Erg\u00e4nzung Ihres Decklacks f\u00fcr ein dauerhaftes, farbintensives Finish.<\/p>\n","protected":false},"featured_media":112352,"template":"","meta":{"_acf_changed":false,"inline_featured_image":false},"product_brand":[],"product_cat":[312],"product_tag":[],"class_list":{"0":"post-7625","1":"product","2":"type-product","3":"status-publish","4":"has-post-thumbnail","6":"product_cat-farben","7":"product_shipping_class-fnb-de","9":"first","10":"instock","11":"taxable","12":"shipping-taxable","13":"purchasable","14":"product-type-variable","15":"has-default-attributes"},"acf":[],"yoast_head":"<!-- This site is optimized with the Yoast SEO plugin v26.7 - https:\/\/yoast.com\/wordpress\/plugins\/seo\/ -->\n<title>Wood Primer &amp; Undercoat - Vanina Henry<\/title>\n<meta name=\"robots\" content=\"index, follow, max-snippet:-1, max-image-preview:large, max-video-preview:-1\" \/>\n<link rel=\"canonical\" href=\"https:\/\/vaninahenry.com\/produkt\/wood-floor-primer-undercoat\/\" \/>\n<meta property=\"og:locale\" content=\"de_DE\" \/>\n<meta property=\"og:type\" content=\"article\" \/>\n<meta property=\"og:title\" content=\"Wood Primer &amp; Undercoat - Vanina Henry\" \/>\n<meta property=\"og:description\" content=\"Wood Primer &amp; Undercoat ist f\u00fcr die Verwendung auf blankem oder zuvor gestrichenem Holz im Innen- und Au\u00dfenbereich, einschlie\u00dflich Dielen und \u00c4sten, geeignet. Sie schafft eine glatte, sch\u00fctzende Basis f\u00fcr unsere Eierschalen, Vollglanz oder Dead Flat\u00ae. Erh\u00e4ltlich in vier Farbt\u00f6nen zur Erg\u00e4nzung Ihres Decklacks f\u00fcr ein dauerhaftes, farbintensives Finish.\" \/>\n<meta property=\"og:url\" content=\"https:\/\/vaninahenry.com\/produkt\/wood-floor-primer-undercoat\/\" \/>\n<meta property=\"og:site_name\" content=\"Vanina Henry\" \/>\n<meta property=\"article:publisher\" content=\"https:\/\/www.facebook.com\/designbyvaninahenry\" \/>\n<meta property=\"article:modified_time\" content=\"2025-03-11T12:35:33+00:00\" \/>\n<meta name=\"twitter:card\" content=\"summary_large_image\" \/>\n<meta name=\"twitter:label1\" content=\"Gesch\u00e4tzte Lesezeit\" \/>\n\t<meta name=\"twitter:data1\" content=\"1\u00a0Minute\" \/>\n<script type=\"application\/ld+json\" class=\"yoast-schema-graph\">{\"@context\":\"https:\/\/schema.org\",\"@graph\":[{\"@type\":\"WebPage\",\"@id\":\"https:\/\/vaninahenry.com\/produkt\/wood-floor-primer-undercoat\/\",\"url\":\"https:\/\/vaninahenry.com\/produkt\/wood-floor-primer-undercoat\/\",\"name\":\"Wood Primer & Undercoat - Vanina Henry\",\"isPartOf\":{\"@id\":\"https:\/\/vaninahenry.com\/#website\"},\"primaryImageOfPage\":{\"@id\":\"https:\/\/vaninahenry.com\/produkt\/wood-floor-primer-undercoat\/#primaryimage\"},\"image\":{\"@id\":\"https:\/\/vaninahenry.com\/produkt\/wood-floor-primer-undercoat\/#primaryimage\"},\"thumbnailUrl\":\"\",\"datePublished\":\"2021-06-21T13:17:45+00:00\",\"dateModified\":\"2025-03-11T12:35:33+00:00\",\"breadcrumb\":{\"@id\":\"https:\/\/vaninahenry.com\/produkt\/wood-floor-primer-undercoat\/#breadcrumb\"},\"inLanguage\":\"de\",\"potentialAction\":[{\"@type\":\"ReadAction\",\"target\":[\"https:\/\/vaninahenry.com\/produkt\/wood-floor-primer-undercoat\/\"]}]},{\"@type\":\"ImageObject\",\"inLanguage\":\"de\",\"@id\":\"https:\/\/vaninahenry.com\/produkt\/wood-floor-primer-undercoat\/#primaryimage\",\"url\":\"\",\"contentUrl\":\"\"},{\"@type\":\"BreadcrumbList\",\"@id\":\"https:\/\/vaninahenry.com\/produkt\/wood-floor-primer-undercoat\/#breadcrumb\",\"itemListElement\":[{\"@type\":\"ListItem\",\"position\":1,\"name\":\"Accueil\",\"item\":\"https:\/\/vaninahenry.com\/de\/\"},{\"@type\":\"ListItem\",\"position\":2,\"name\":\"Shop\",\"item\":\"https:\/\/vaninahenry.com\/boutique\/\"},{\"@type\":\"ListItem\",\"position\":3,\"name\":\"Wood Primer &#038; Undercoat\"}]},{\"@type\":\"WebSite\",\"@id\":\"https:\/\/vaninahenry.com\/#website\",\"url\":\"https:\/\/vaninahenry.com\/\",\"name\":\"Vanina Henry\",\"description\":\"\",\"publisher\":{\"@id\":\"https:\/\/vaninahenry.com\/#organization\"},\"potentialAction\":[{\"@type\":\"SearchAction\",\"target\":{\"@type\":\"EntryPoint\",\"urlTemplate\":\"https:\/\/vaninahenry.com\/?s={search_term_string}\"},\"query-input\":{\"@type\":\"PropertyValueSpecification\",\"valueRequired\":true,\"valueName\":\"search_term_string\"}}],\"inLanguage\":\"de\"},{\"@type\":\"Organization\",\"@id\":\"https:\/\/vaninahenry.com\/#organization\",\"name\":\"Vanina Henry\",\"url\":\"https:\/\/vaninahenry.com\/\",\"logo\":{\"@type\":\"ImageObject\",\"inLanguage\":\"de\",\"@id\":\"https:\/\/vaninahenry.com\/#\/schema\/logo\/image\/\",\"url\":\"http:\/\/vaninahenry.com\/wp-content\/uploads\/2021\/10\/Logo-design-by-VaninaHenry.png\",\"contentUrl\":\"http:\/\/vaninahenry.com\/wp-content\/uploads\/2021\/10\/Logo-design-by-VaninaHenry.png\",\"width\":711,\"height\":467,\"caption\":\"Vanina Henry\"},\"image\":{\"@id\":\"https:\/\/vaninahenry.com\/#\/schema\/logo\/image\/\"},\"sameAs\":[\"https:\/\/www.facebook.com\/designbyvaninahenry\",\"https:\/\/www.instagram.com\/vaninahenry\/\"]}]}<\/script>\n<!-- \/ Yoast SEO plugin. -->","yoast_head_json":{"title":"Wood Primer & Undercoat - Vanina Henry","robots":{"index":"index","follow":"follow","max-snippet":"max-snippet:-1","max-image-preview":"max-image-preview:large","max-video-preview":"max-video-preview:-1"},"canonical":"https:\/\/vaninahenry.com\/produkt\/wood-floor-primer-undercoat\/","og_locale":"de_DE","og_type":"article","og_title":"Wood Primer & Undercoat - Vanina Henry","og_description":"Wood Primer &amp; Undercoat ist f\u00fcr die Verwendung auf blankem oder zuvor gestrichenem Holz im Innen- und Au\u00dfenbereich, einschlie\u00dflich Dielen und \u00c4sten, geeignet. Sie schafft eine glatte, sch\u00fctzende Basis f\u00fcr unsere Eierschalen, Vollglanz oder Dead Flat\u00ae. Erh\u00e4ltlich in vier Farbt\u00f6nen zur Erg\u00e4nzung Ihres Decklacks f\u00fcr ein dauerhaftes, farbintensives Finish.","og_url":"https:\/\/vaninahenry.com\/produkt\/wood-floor-primer-undercoat\/","og_site_name":"Vanina Henry","article_publisher":"https:\/\/www.facebook.com\/designbyvaninahenry","article_modified_time":"2025-03-11T12:35:33+00:00","twitter_card":"summary_large_image","twitter_misc":{"Gesch\u00e4tzte Lesezeit":"1\u00a0Minute"},"schema":{"@context":"https:\/\/schema.org","@graph":[{"@type":"WebPage","@id":"https:\/\/vaninahenry.com\/produkt\/wood-floor-primer-undercoat\/","url":"https:\/\/vaninahenry.com\/produkt\/wood-floor-primer-undercoat\/","name":"Wood Primer & Undercoat - Vanina Henry","isPartOf":{"@id":"https:\/\/vaninahenry.com\/#website"},"primaryImageOfPage":{"@id":"https:\/\/vaninahenry.com\/produkt\/wood-floor-primer-undercoat\/#primaryimage"},"image":{"@id":"https:\/\/vaninahenry.com\/produkt\/wood-floor-primer-undercoat\/#primaryimage"},"thumbnailUrl":"","datePublished":"2021-06-21T13:17:45+00:00","dateModified":"2025-03-11T12:35:33+00:00","breadcrumb":{"@id":"https:\/\/vaninahenry.com\/produkt\/wood-floor-primer-undercoat\/#breadcrumb"},"inLanguage":"de","potentialAction":[{"@type":"ReadAction","target":["https:\/\/vaninahenry.com\/produkt\/wood-floor-primer-undercoat\/"]}]},{"@type":"ImageObject","inLanguage":"de","@id":"https:\/\/vaninahenry.com\/produkt\/wood-floor-primer-undercoat\/#primaryimage","url":"","contentUrl":""},{"@type":"BreadcrumbList","@id":"https:\/\/vaninahenry.com\/produkt\/wood-floor-primer-undercoat\/#breadcrumb","itemListElement":[{"@type":"ListItem","position":1,"name":"Accueil","item":"https:\/\/vaninahenry.com\/de\/"},{"@type":"ListItem","position":2,"name":"Shop","item":"https:\/\/vaninahenry.com\/boutique\/"},{"@type":"ListItem","position":3,"name":"Wood Primer &#038; Undercoat"}]},{"@type":"WebSite","@id":"https:\/\/vaninahenry.com\/#website","url":"https:\/\/vaninahenry.com\/","name":"Vanina Henry","description":"","publisher":{"@id":"https:\/\/vaninahenry.com\/#organization"},"potentialAction":[{"@type":"SearchAction","target":{"@type":"EntryPoint","urlTemplate":"https:\/\/vaninahenry.com\/?s={search_term_string}"},"query-input":{"@type":"PropertyValueSpecification","valueRequired":true,"valueName":"search_term_string"}}],"inLanguage":"de"},{"@type":"Organization","@id":"https:\/\/vaninahenry.com\/#organization","name":"Vanina Henry","url":"https:\/\/vaninahenry.com\/","logo":{"@type":"ImageObject","inLanguage":"de","@id":"https:\/\/vaninahenry.com\/#\/schema\/logo\/image\/","url":"http:\/\/vaninahenry.com\/wp-content\/uploads\/2021\/10\/Logo-design-by-VaninaHenry.png","contentUrl":"http:\/\/vaninahenry.com\/wp-content\/uploads\/2021\/10\/Logo-design-by-VaninaHenry.png","width":711,"height":467,"caption":"Vanina Henry"},"image":{"@id":"https:\/\/vaninahenry.com\/#\/schema\/logo\/image\/"},"sameAs":["https:\/\/www.facebook.com\/designbyvaninahenry","https:\/\/www.instagram.com\/vaninahenry\/"]}]}},"_links":{"self":[{"href":"https:\/\/vaninahenry.com\/de\/wp-json\/wp\/v2\/product\/7625","targetHints":{"allow":["GET"]}}],"collection":[{"href":"https:\/\/vaninahenry.com\/de\/wp-json\/wp\/v2\/product"}],"about":[{"href":"https:\/\/vaninahenry.com\/de\/wp-json\/wp\/v2\/types\/product"}],"wp:featuredmedia":[{"embeddable":true,"href":"https:\/\/vaninahenry.com\/de\/wp-json\/"}],"wp:attachment":[{"href":"https:\/\/vaninahenry.com\/de\/wp-json\/wp\/v2\/media?parent=7625"}],"wp:term":[{"taxonomy":"product_brand","embeddable":true,"href":"https:\/\/vaninahenry.com\/de\/wp-json\/wp\/v2\/product_brand?post=7625"},{"taxonomy":"product_cat","embeddable":true,"href":"https:\/\/vaninahenry.com\/de\/wp-json\/wp\/v2\/product_cat?post=7625"},{"taxonomy":"product_tag","embeddable":true,"href":"https:\/\/vaninahenry.com\/de\/wp-json\/wp\/v2\/product_tag?post=7625"}],"curies":[{"name":"wp","href":"https:\/\/api.w.org\/{rel}","templated":true}]}}