{"id":75144,"date":"2021-12-06T11:46:51","date_gmt":"2021-12-06T10:46:51","guid":{"rendered":"https:\/\/vaninahenry.com\/?post_type=product&#038;p=75144"},"modified":"2021-12-06T11:56:05","modified_gmt":"2021-12-06T10:56:05","slug":"nancys-blushes-no-278-copie","status":"publish","type":"product","link":"https:\/\/vaninahenry.com\/de\/produkt\/nancys-blushes-no-278-copie\/","title":{"rendered":"Nancy&#8217;s Blushes  No. 278 &#8211; Musterdose 100ml"},"content":{"rendered":"<p><strong>Unser echtes Rosa<\/strong><\/p>\n<p>Nancy\u2019s Blushes ist ein echter Rosaton. Wir haben ihn nach den roten Wangen von Nancy benannt &#8211; einem M\u00e4dchen, das hier sehr viele Fans hatte. Im Zusammenspiel mit Wei\u00dft\u00f6nen sorgt Nancy\u2019s Blushes f\u00fcr Aufmerksamkeit, in dunkleren R\u00e4umen hingegen nimmt es sich deutlich mehr zur\u00fcck, vor allem wenn die Nuance mit weichen Neutralt\u00f6nen kombiniert wird.<\/p>\n<p>Grundierungen &amp; Basisanstriche: White &amp; Light Tones<\/p>\n","protected":false},"excerpt":{"rendered":"<p><span style=\"color: #000000;\"><a class=\"btn\" style=\"color: #000000;\" href=\"https:\/\/vaninahenry.com\/de\/produkt\/nancys-blushes-no-278\/\">Nancy&#8217;s Blushes No. 278 Kaufen<\/a><\/span><\/p>\n<p>&nbsp;<\/p>\n<p>Qualit\u00e4tsprobe <span style=\"color: #9a7541;\">Estate Emulsion<\/span>.<\/p>\n<p>Aussehen: Kreidig, sehr mattes Finish 2 % Glanz.<br \/>\nDeckkraft 1 m\u00b2<\/p>\n","protected":false},"featured_media":47023,"template":"","meta":{"_acf_changed":false,"inline_featured_image":false},"product_brand":[],"product_cat":[312],"product_tag":[],"class_list":{"0":"post-75144","1":"product","2":"type-product","3":"status-publish","4":"has-post-thumbnail","6":"product_cat-farben","7":"product_shipping_class-farrow-and-ball-probe","9":"first","10":"instock","11":"taxable","12":"shipping-taxable","13":"purchasable","14":"product-type-simple"},"acf":[],"yoast_head":"<!-- This site is optimized with the Yoast SEO plugin v26.7 - https:\/\/yoast.com\/wordpress\/plugins\/seo\/ -->\n<title>Nancy&#039;s Blushes No. 278 - Musterdose 100ml - Vanina Henry<\/title>\n<meta name=\"robots\" content=\"index, follow, max-snippet:-1, max-image-preview:large, max-video-preview:-1\" \/>\n<link rel=\"canonical\" href=\"https:\/\/vaninahenry.com\/produkt\/nancys-blushes-no-278-echantillon-100ml\/\" \/>\n<meta property=\"og:locale\" content=\"de_DE\" \/>\n<meta property=\"og:type\" content=\"article\" \/>\n<meta property=\"og:title\" content=\"Nancy&#039;s Blushes No. 278 - Musterdose 100ml - Vanina Henry\" \/>\n<meta property=\"og:description\" content=\"Nancy&#039;s Blushes No. 278 Kaufen  &nbsp;  Qualit\u00e4tsprobe Estate Emulsion.  Aussehen: Kreidig, sehr mattes Finish 2 % Glanz. Deckkraft 1 m\u00b2\" \/>\n<meta property=\"og:url\" content=\"https:\/\/vaninahenry.com\/produkt\/nancys-blushes-no-278-echantillon-100ml\/\" \/>\n<meta property=\"og:site_name\" content=\"Vanina Henry\" \/>\n<meta property=\"article:publisher\" content=\"https:\/\/www.facebook.com\/designbyvaninahenry\" \/>\n<meta property=\"article:modified_time\" content=\"2021-12-06T10:56:05+00:00\" \/>\n<meta property=\"og:image\" content=\"https:\/\/vaninahenry.com\/wp-content\/uploads\/2021\/06\/Nancys-Blushes-No.278-c-2.jpg\" \/>\n\t<meta property=\"og:image:width\" content=\"1400\" \/>\n\t<meta property=\"og:image:height\" content=\"987\" \/>\n\t<meta property=\"og:image:type\" content=\"image\/jpeg\" \/>\n<meta name=\"twitter:card\" content=\"summary_large_image\" \/>\n<script type=\"application\/ld+json\" class=\"yoast-schema-graph\">{\"@context\":\"https:\/\/schema.org\",\"@graph\":[{\"@type\":\"WebPage\",\"@id\":\"https:\/\/vaninahenry.com\/produkt\/nancys-blushes-no-278-echantillon-100ml\/\",\"url\":\"https:\/\/vaninahenry.com\/produkt\/nancys-blushes-no-278-echantillon-100ml\/\",\"name\":\"Nancy's Blushes No. 278 - Musterdose 100ml - Vanina Henry\",\"isPartOf\":{\"@id\":\"https:\/\/vaninahenry.com\/#website\"},\"primaryImageOfPage\":{\"@id\":\"https:\/\/vaninahenry.com\/produkt\/nancys-blushes-no-278-echantillon-100ml\/#primaryimage\"},\"image\":{\"@id\":\"https:\/\/vaninahenry.com\/produkt\/nancys-blushes-no-278-echantillon-100ml\/#primaryimage\"},\"thumbnailUrl\":\"https:\/\/vaninahenry.com\/wp-content\/uploads\/2021\/06\/Nancys-Blushes-No.278-c-2.jpg\",\"datePublished\":\"2021-12-06T10:46:51+00:00\",\"dateModified\":\"2021-12-06T10:56:05+00:00\",\"breadcrumb\":{\"@id\":\"https:\/\/vaninahenry.com\/produkt\/nancys-blushes-no-278-echantillon-100ml\/#breadcrumb\"},\"inLanguage\":\"de\",\"potentialAction\":[{\"@type\":\"ReadAction\",\"target\":[\"https:\/\/vaninahenry.com\/produkt\/nancys-blushes-no-278-echantillon-100ml\/\"]}]},{\"@type\":\"ImageObject\",\"inLanguage\":\"de\",\"@id\":\"https:\/\/vaninahenry.com\/produkt\/nancys-blushes-no-278-echantillon-100ml\/#primaryimage\",\"url\":\"https:\/\/vaninahenry.com\/wp-content\/uploads\/2021\/06\/Nancys-Blushes-No.278-c-2.jpg\",\"contentUrl\":\"https:\/\/vaninahenry.com\/wp-content\/uploads\/2021\/06\/Nancys-Blushes-No.278-c-2.jpg\",\"width\":1400,\"height\":987},{\"@type\":\"BreadcrumbList\",\"@id\":\"https:\/\/vaninahenry.com\/produkt\/nancys-blushes-no-278-echantillon-100ml\/#breadcrumb\",\"itemListElement\":[{\"@type\":\"ListItem\",\"position\":1,\"name\":\"Accueil\",\"item\":\"https:\/\/vaninahenry.com\/de\/\"},{\"@type\":\"ListItem\",\"position\":2,\"name\":\"Shop\",\"item\":\"https:\/\/vaninahenry.com\/boutique\/\"},{\"@type\":\"ListItem\",\"position\":3,\"name\":\"Nancy&#8217;s Blushes No. 278 &#8211; Musterdose 100ml\"}]},{\"@type\":\"WebSite\",\"@id\":\"https:\/\/vaninahenry.com\/#website\",\"url\":\"https:\/\/vaninahenry.com\/\",\"name\":\"Vanina Henry\",\"description\":\"\",\"publisher\":{\"@id\":\"https:\/\/vaninahenry.com\/#organization\"},\"potentialAction\":[{\"@type\":\"SearchAction\",\"target\":{\"@type\":\"EntryPoint\",\"urlTemplate\":\"https:\/\/vaninahenry.com\/?s={search_term_string}\"},\"query-input\":{\"@type\":\"PropertyValueSpecification\",\"valueRequired\":true,\"valueName\":\"search_term_string\"}}],\"inLanguage\":\"de\"},{\"@type\":\"Organization\",\"@id\":\"https:\/\/vaninahenry.com\/#organization\",\"name\":\"Vanina Henry\",\"url\":\"https:\/\/vaninahenry.com\/\",\"logo\":{\"@type\":\"ImageObject\",\"inLanguage\":\"de\",\"@id\":\"https:\/\/vaninahenry.com\/#\/schema\/logo\/image\/\",\"url\":\"http:\/\/vaninahenry.com\/wp-content\/uploads\/2021\/10\/Logo-design-by-VaninaHenry.png\",\"contentUrl\":\"http:\/\/vaninahenry.com\/wp-content\/uploads\/2021\/10\/Logo-design-by-VaninaHenry.png\",\"width\":711,\"height\":467,\"caption\":\"Vanina Henry\"},\"image\":{\"@id\":\"https:\/\/vaninahenry.com\/#\/schema\/logo\/image\/\"},\"sameAs\":[\"https:\/\/www.facebook.com\/designbyvaninahenry\",\"https:\/\/www.instagram.com\/vaninahenry\/\"]}]}<\/script>\n<!-- \/ Yoast SEO plugin. -->","yoast_head_json":{"title":"Nancy's Blushes No. 278 - Musterdose 100ml - Vanina Henry","robots":{"index":"index","follow":"follow","max-snippet":"max-snippet:-1","max-image-preview":"max-image-preview:large","max-video-preview":"max-video-preview:-1"},"canonical":"https:\/\/vaninahenry.com\/produkt\/nancys-blushes-no-278-echantillon-100ml\/","og_locale":"de_DE","og_type":"article","og_title":"Nancy's Blushes No. 278 - Musterdose 100ml - Vanina Henry","og_description":"Nancy's Blushes No. 278 Kaufen  &nbsp;  Qualit\u00e4tsprobe Estate Emulsion.  Aussehen: Kreidig, sehr mattes Finish 2 % Glanz. Deckkraft 1 m\u00b2","og_url":"https:\/\/vaninahenry.com\/produkt\/nancys-blushes-no-278-echantillon-100ml\/","og_site_name":"Vanina Henry","article_publisher":"https:\/\/www.facebook.com\/designbyvaninahenry","article_modified_time":"2021-12-06T10:56:05+00:00","og_image":[{"width":1400,"height":987,"url":"https:\/\/vaninahenry.com\/wp-content\/uploads\/2021\/06\/Nancys-Blushes-No.278-c-2.jpg","type":"image\/jpeg"}],"twitter_card":"summary_large_image","schema":{"@context":"https:\/\/schema.org","@graph":[{"@type":"WebPage","@id":"https:\/\/vaninahenry.com\/produkt\/nancys-blushes-no-278-echantillon-100ml\/","url":"https:\/\/vaninahenry.com\/produkt\/nancys-blushes-no-278-echantillon-100ml\/","name":"Nancy's Blushes No. 278 - Musterdose 100ml - Vanina Henry","isPartOf":{"@id":"https:\/\/vaninahenry.com\/#website"},"primaryImageOfPage":{"@id":"https:\/\/vaninahenry.com\/produkt\/nancys-blushes-no-278-echantillon-100ml\/#primaryimage"},"image":{"@id":"https:\/\/vaninahenry.com\/produkt\/nancys-blushes-no-278-echantillon-100ml\/#primaryimage"},"thumbnailUrl":"https:\/\/vaninahenry.com\/wp-content\/uploads\/2021\/06\/Nancys-Blushes-No.278-c-2.jpg","datePublished":"2021-12-06T10:46:51+00:00","dateModified":"2021-12-06T10:56:05+00:00","breadcrumb":{"@id":"https:\/\/vaninahenry.com\/produkt\/nancys-blushes-no-278-echantillon-100ml\/#breadcrumb"},"inLanguage":"de","potentialAction":[{"@type":"ReadAction","target":["https:\/\/vaninahenry.com\/produkt\/nancys-blushes-no-278-echantillon-100ml\/"]}]},{"@type":"ImageObject","inLanguage":"de","@id":"https:\/\/vaninahenry.com\/produkt\/nancys-blushes-no-278-echantillon-100ml\/#primaryimage","url":"https:\/\/vaninahenry.com\/wp-content\/uploads\/2021\/06\/Nancys-Blushes-No.278-c-2.jpg","contentUrl":"https:\/\/vaninahenry.com\/wp-content\/uploads\/2021\/06\/Nancys-Blushes-No.278-c-2.jpg","width":1400,"height":987},{"@type":"BreadcrumbList","@id":"https:\/\/vaninahenry.com\/produkt\/nancys-blushes-no-278-echantillon-100ml\/#breadcrumb","itemListElement":[{"@type":"ListItem","position":1,"name":"Accueil","item":"https:\/\/vaninahenry.com\/de\/"},{"@type":"ListItem","position":2,"name":"Shop","item":"https:\/\/vaninahenry.com\/boutique\/"},{"@type":"ListItem","position":3,"name":"Nancy&#8217;s Blushes No. 278 &#8211; Musterdose 100ml"}]},{"@type":"WebSite","@id":"https:\/\/vaninahenry.com\/#website","url":"https:\/\/vaninahenry.com\/","name":"Vanina Henry","description":"","publisher":{"@id":"https:\/\/vaninahenry.com\/#organization"},"potentialAction":[{"@type":"SearchAction","target":{"@type":"EntryPoint","urlTemplate":"https:\/\/vaninahenry.com\/?s={search_term_string}"},"query-input":{"@type":"PropertyValueSpecification","valueRequired":true,"valueName":"search_term_string"}}],"inLanguage":"de"},{"@type":"Organization","@id":"https:\/\/vaninahenry.com\/#organization","name":"Vanina Henry","url":"https:\/\/vaninahenry.com\/","logo":{"@type":"ImageObject","inLanguage":"de","@id":"https:\/\/vaninahenry.com\/#\/schema\/logo\/image\/","url":"http:\/\/vaninahenry.com\/wp-content\/uploads\/2021\/10\/Logo-design-by-VaninaHenry.png","contentUrl":"http:\/\/vaninahenry.com\/wp-content\/uploads\/2021\/10\/Logo-design-by-VaninaHenry.png","width":711,"height":467,"caption":"Vanina Henry"},"image":{"@id":"https:\/\/vaninahenry.com\/#\/schema\/logo\/image\/"},"sameAs":["https:\/\/www.facebook.com\/designbyvaninahenry","https:\/\/www.instagram.com\/vaninahenry\/"]}]}},"_links":{"self":[{"href":"https:\/\/vaninahenry.com\/de\/wp-json\/wp\/v2\/product\/75144","targetHints":{"allow":["GET"]}}],"collection":[{"href":"https:\/\/vaninahenry.com\/de\/wp-json\/wp\/v2\/product"}],"about":[{"href":"https:\/\/vaninahenry.com\/de\/wp-json\/wp\/v2\/types\/product"}],"wp:featuredmedia":[{"embeddable":true,"href":"https:\/\/vaninahenry.com\/de\/wp-json\/wp\/v2\/media\/47023"}],"wp:attachment":[{"href":"https:\/\/vaninahenry.com\/de\/wp-json\/wp\/v2\/media?parent=75144"}],"wp:term":[{"taxonomy":"product_brand","embeddable":true,"href":"https:\/\/vaninahenry.com\/de\/wp-json\/wp\/v2\/product_brand?post=75144"},{"taxonomy":"product_cat","embeddable":true,"href":"https:\/\/vaninahenry.com\/de\/wp-json\/wp\/v2\/product_cat?post=75144"},{"taxonomy":"product_tag","embeddable":true,"href":"https:\/\/vaninahenry.com\/de\/wp-json\/wp\/v2\/product_tag?post=75144"}],"curies":[{"name":"wp","href":"https:\/\/api.w.org\/{rel}","templated":true}]}}