{"id":70087,"date":"2021-11-29T10:18:24","date_gmt":"2021-11-29T09:18:24","guid":{"rendered":"https:\/\/vaninahenry.com\/?post_type=product&#038;p=70087"},"modified":"2021-11-29T10:53:28","modified_gmt":"2021-11-29T09:53:28","slug":"pantalon-no-221-archive-collection-copie","status":"publish","type":"product","link":"https:\/\/vaninahenry.com\/de\/produkt\/pantalon-no-221-archive-collection-copie\/","title":{"rendered":"Pantalon No.221 &#8211; Farbmuster 100ml"},"content":{"rendered":"<p><strong>Ein traditionelles Gr\u00fcn-Braun<\/strong><\/p>\n<p>Eine moderne Farbe mit traditionellem Charakter. Der geheimnisvolle Farbton von Pantalon, der weder braun noch gr\u00fcn ist, ver\u00e4ndert sich je nach den Lichtverh\u00e4ltnissen und eignet sich daher besonders gut f\u00fcr die Au\u00dfenmalerei.<\/p>\n<p>Sie wird in einer neuen, exklusiv von Liberty ausgew\u00e4hlten Farbkollektion pr\u00e4sentiert. Entdecken Sie die reich pigmentierten Farben von Farrow &amp; Ball und die Liberty-Polsterstoffe in zeitlosen Farb- und Druckkombinationen, darunter :<\/p>\n<p><strong>Pantalon &amp; Wilshire Blossom, Lapis Dark<\/strong><\/p>\n<p>Grundierungen &amp; Basisanstriche: Dark Tones<\/p>\n","protected":false},"excerpt":{"rendered":"<p style=\"text-align: center;\"><span style=\"color: #000000;\"><a class=\"btn\" style=\"color: #000000;\" href=\"https:\/\/vaninahenry.com\/de\/produkt\/pantalon-no-221-archive-collection\/\">Pantalon No.221 kaufen<\/a><\/span><\/p>\n<p>&nbsp;<\/p>\n<p><img decoding=\"async\" class=\"alignnone wp-image-39432 size-full\" src=\"http:\/\/vaninahenry.com\/wp-content\/uploads\/2021\/10\/collection-and-product-page-banner_ukde.jpg\" alt=\"\" width=\"1400\" height=\"198\" srcset=\"https:\/\/vaninahenry.com\/wp-content\/uploads\/2021\/10\/collection-and-product-page-banner_ukde.jpg 1400w, https:\/\/vaninahenry.com\/wp-content\/uploads\/2021\/10\/collection-and-product-page-banner_ukde-600x85.jpg 600w, https:\/\/vaninahenry.com\/wp-content\/uploads\/2021\/10\/collection-and-product-page-banner_ukde-300x42.jpg 300w, https:\/\/vaninahenry.com\/wp-content\/uploads\/2021\/10\/collection-and-product-page-banner_ukde-1024x145.jpg 1024w, https:\/\/vaninahenry.com\/wp-content\/uploads\/2021\/10\/collection-and-product-page-banner_ukde-768x109.jpg 768w\" sizes=\"(max-width: 1400px) 100vw, 1400px\" \/><\/p>\n<p>Entdecken Sie eine einzigartige neue Kollektion, die reichhaltig pigmentierte Farben aus dem Farrow &amp; Ball-Archiv mit komplement\u00e4ren M\u00f6belstoffen aus der Modern Collector-Reihe von Liberty kombiniert.<\/p>\n<p><strong>Pantalon &amp; Wilshire Blossom, Lapis Dark<\/strong><\/p>\n<p><img decoding=\"async\" class=\"alignnone wp-image-41161 size-thumbnail\" src=\"http:\/\/vaninahenry.com\/wp-content\/uploads\/2021\/10\/Pantalon-221_RGB-1-e1633351484603-150x150.jpg\" alt=\"\" width=\"150\" height=\"150\" \/><img decoding=\"async\" class=\"alignnone wp-image-41148 size-thumbnail\" src=\"http:\/\/vaninahenry.com\/wp-content\/uploads\/2021\/10\/Wiltshire_Blossom_Lapis_Dark_Swatch_1-150x150.jpg\" alt=\"\" width=\"150\" height=\"150\" \/><\/p>\n<p>Qualit\u00e4tsprobe <span style=\"color: #9a7541;\">Estate Emulsion<\/span>.<\/p>\n<p>Aussehen: Kreidig, sehr mattes Finish 2 % Glanz.<br \/>\nDeckkraft 1 m\u00b2<\/p>\n","protected":false},"featured_media":41153,"template":"","meta":{"_acf_changed":false,"inline_featured_image":false},"product_brand":[],"product_cat":[312],"product_tag":[],"class_list":{"0":"post-70087","1":"product","2":"type-product","3":"status-publish","4":"has-post-thumbnail","6":"product_cat-farben","7":"product_shipping_class-farrow-and-ball-probe","9":"first","10":"instock","11":"taxable","12":"shipping-taxable","13":"purchasable","14":"product-type-simple"},"acf":[],"yoast_head":"<!-- This site is optimized with the Yoast SEO plugin v26.7 - https:\/\/yoast.com\/wordpress\/plugins\/seo\/ -->\n<title>Pantalon No.221 - Farbmuster 100ml - Vanina Henry<\/title>\n<meta name=\"robots\" content=\"index, follow, max-snippet:-1, max-image-preview:large, max-video-preview:-1\" \/>\n<link rel=\"canonical\" href=\"https:\/\/vaninahenry.com\/produkt\/pantalon-no-221-echantillon-100ml\/\" \/>\n<meta property=\"og:locale\" content=\"de_DE\" \/>\n<meta property=\"og:type\" content=\"article\" \/>\n<meta property=\"og:title\" content=\"Pantalon No.221 - Farbmuster 100ml - Vanina Henry\" \/>\n<meta property=\"og:description\" content=\"Pantalon No.221 kaufen &nbsp;    Entdecken Sie eine einzigartige neue Kollektion, die reichhaltig pigmentierte Farben aus dem Farrow &amp; Ball-Archiv mit komplement\u00e4ren M\u00f6belstoffen aus der Modern Collector-Reihe von Liberty kombiniert.  Pantalon &amp; Wilshire Blossom, Lapis Dark    Qualit\u00e4tsprobe Estate Emulsion.  Aussehen: Kreidig, sehr mattes Finish 2 % Glanz. Deckkraft 1 m\u00b2\" \/>\n<meta property=\"og:url\" content=\"https:\/\/vaninahenry.com\/produkt\/pantalon-no-221-echantillon-100ml\/\" \/>\n<meta property=\"og:site_name\" content=\"Vanina Henry\" \/>\n<meta property=\"article:publisher\" content=\"https:\/\/www.facebook.com\/designbyvaninahenry\" \/>\n<meta property=\"article:modified_time\" content=\"2021-11-29T09:53:28+00:00\" \/>\n<meta name=\"twitter:card\" content=\"summary_large_image\" \/>\n<script type=\"application\/ld+json\" class=\"yoast-schema-graph\">{\"@context\":\"https:\/\/schema.org\",\"@graph\":[{\"@type\":\"WebPage\",\"@id\":\"https:\/\/vaninahenry.com\/produkt\/pantalon-no-221-echantillon-100ml\/\",\"url\":\"https:\/\/vaninahenry.com\/produkt\/pantalon-no-221-echantillon-100ml\/\",\"name\":\"Pantalon No.221 - Farbmuster 100ml - Vanina Henry\",\"isPartOf\":{\"@id\":\"https:\/\/vaninahenry.com\/#website\"},\"primaryImageOfPage\":{\"@id\":\"https:\/\/vaninahenry.com\/produkt\/pantalon-no-221-echantillon-100ml\/#primaryimage\"},\"image\":{\"@id\":\"https:\/\/vaninahenry.com\/produkt\/pantalon-no-221-echantillon-100ml\/#primaryimage\"},\"thumbnailUrl\":\"\",\"datePublished\":\"2021-11-29T09:18:24+00:00\",\"dateModified\":\"2021-11-29T09:53:28+00:00\",\"breadcrumb\":{\"@id\":\"https:\/\/vaninahenry.com\/produkt\/pantalon-no-221-echantillon-100ml\/#breadcrumb\"},\"inLanguage\":\"de\",\"potentialAction\":[{\"@type\":\"ReadAction\",\"target\":[\"https:\/\/vaninahenry.com\/produkt\/pantalon-no-221-echantillon-100ml\/\"]}]},{\"@type\":\"ImageObject\",\"inLanguage\":\"de\",\"@id\":\"https:\/\/vaninahenry.com\/produkt\/pantalon-no-221-echantillon-100ml\/#primaryimage\",\"url\":\"\",\"contentUrl\":\"\"},{\"@type\":\"BreadcrumbList\",\"@id\":\"https:\/\/vaninahenry.com\/produkt\/pantalon-no-221-echantillon-100ml\/#breadcrumb\",\"itemListElement\":[{\"@type\":\"ListItem\",\"position\":1,\"name\":\"Accueil\",\"item\":\"https:\/\/vaninahenry.com\/de\/\"},{\"@type\":\"ListItem\",\"position\":2,\"name\":\"Shop\",\"item\":\"https:\/\/vaninahenry.com\/boutique\/\"},{\"@type\":\"ListItem\",\"position\":3,\"name\":\"Pantalon No.221 &#8211; Farbmuster 100ml\"}]},{\"@type\":\"WebSite\",\"@id\":\"https:\/\/vaninahenry.com\/#website\",\"url\":\"https:\/\/vaninahenry.com\/\",\"name\":\"Vanina Henry\",\"description\":\"\",\"publisher\":{\"@id\":\"https:\/\/vaninahenry.com\/#organization\"},\"potentialAction\":[{\"@type\":\"SearchAction\",\"target\":{\"@type\":\"EntryPoint\",\"urlTemplate\":\"https:\/\/vaninahenry.com\/?s={search_term_string}\"},\"query-input\":{\"@type\":\"PropertyValueSpecification\",\"valueRequired\":true,\"valueName\":\"search_term_string\"}}],\"inLanguage\":\"de\"},{\"@type\":\"Organization\",\"@id\":\"https:\/\/vaninahenry.com\/#organization\",\"name\":\"Vanina Henry\",\"url\":\"https:\/\/vaninahenry.com\/\",\"logo\":{\"@type\":\"ImageObject\",\"inLanguage\":\"de\",\"@id\":\"https:\/\/vaninahenry.com\/#\/schema\/logo\/image\/\",\"url\":\"http:\/\/vaninahenry.com\/wp-content\/uploads\/2021\/10\/Logo-design-by-VaninaHenry.png\",\"contentUrl\":\"http:\/\/vaninahenry.com\/wp-content\/uploads\/2021\/10\/Logo-design-by-VaninaHenry.png\",\"width\":711,\"height\":467,\"caption\":\"Vanina Henry\"},\"image\":{\"@id\":\"https:\/\/vaninahenry.com\/#\/schema\/logo\/image\/\"},\"sameAs\":[\"https:\/\/www.facebook.com\/designbyvaninahenry\",\"https:\/\/www.instagram.com\/vaninahenry\/\"]}]}<\/script>\n<!-- \/ Yoast SEO plugin. -->","yoast_head_json":{"title":"Pantalon No.221 - Farbmuster 100ml - Vanina Henry","robots":{"index":"index","follow":"follow","max-snippet":"max-snippet:-1","max-image-preview":"max-image-preview:large","max-video-preview":"max-video-preview:-1"},"canonical":"https:\/\/vaninahenry.com\/produkt\/pantalon-no-221-echantillon-100ml\/","og_locale":"de_DE","og_type":"article","og_title":"Pantalon No.221 - Farbmuster 100ml - Vanina Henry","og_description":"Pantalon No.221 kaufen &nbsp;    Entdecken Sie eine einzigartige neue Kollektion, die reichhaltig pigmentierte Farben aus dem Farrow &amp; Ball-Archiv mit komplement\u00e4ren M\u00f6belstoffen aus der Modern Collector-Reihe von Liberty kombiniert.  Pantalon &amp; Wilshire Blossom, Lapis Dark    Qualit\u00e4tsprobe Estate Emulsion.  Aussehen: Kreidig, sehr mattes Finish 2 % Glanz. Deckkraft 1 m\u00b2","og_url":"https:\/\/vaninahenry.com\/produkt\/pantalon-no-221-echantillon-100ml\/","og_site_name":"Vanina Henry","article_publisher":"https:\/\/www.facebook.com\/designbyvaninahenry","article_modified_time":"2021-11-29T09:53:28+00:00","twitter_card":"summary_large_image","schema":{"@context":"https:\/\/schema.org","@graph":[{"@type":"WebPage","@id":"https:\/\/vaninahenry.com\/produkt\/pantalon-no-221-echantillon-100ml\/","url":"https:\/\/vaninahenry.com\/produkt\/pantalon-no-221-echantillon-100ml\/","name":"Pantalon No.221 - Farbmuster 100ml - Vanina Henry","isPartOf":{"@id":"https:\/\/vaninahenry.com\/#website"},"primaryImageOfPage":{"@id":"https:\/\/vaninahenry.com\/produkt\/pantalon-no-221-echantillon-100ml\/#primaryimage"},"image":{"@id":"https:\/\/vaninahenry.com\/produkt\/pantalon-no-221-echantillon-100ml\/#primaryimage"},"thumbnailUrl":"","datePublished":"2021-11-29T09:18:24+00:00","dateModified":"2021-11-29T09:53:28+00:00","breadcrumb":{"@id":"https:\/\/vaninahenry.com\/produkt\/pantalon-no-221-echantillon-100ml\/#breadcrumb"},"inLanguage":"de","potentialAction":[{"@type":"ReadAction","target":["https:\/\/vaninahenry.com\/produkt\/pantalon-no-221-echantillon-100ml\/"]}]},{"@type":"ImageObject","inLanguage":"de","@id":"https:\/\/vaninahenry.com\/produkt\/pantalon-no-221-echantillon-100ml\/#primaryimage","url":"","contentUrl":""},{"@type":"BreadcrumbList","@id":"https:\/\/vaninahenry.com\/produkt\/pantalon-no-221-echantillon-100ml\/#breadcrumb","itemListElement":[{"@type":"ListItem","position":1,"name":"Accueil","item":"https:\/\/vaninahenry.com\/de\/"},{"@type":"ListItem","position":2,"name":"Shop","item":"https:\/\/vaninahenry.com\/boutique\/"},{"@type":"ListItem","position":3,"name":"Pantalon No.221 &#8211; Farbmuster 100ml"}]},{"@type":"WebSite","@id":"https:\/\/vaninahenry.com\/#website","url":"https:\/\/vaninahenry.com\/","name":"Vanina Henry","description":"","publisher":{"@id":"https:\/\/vaninahenry.com\/#organization"},"potentialAction":[{"@type":"SearchAction","target":{"@type":"EntryPoint","urlTemplate":"https:\/\/vaninahenry.com\/?s={search_term_string}"},"query-input":{"@type":"PropertyValueSpecification","valueRequired":true,"valueName":"search_term_string"}}],"inLanguage":"de"},{"@type":"Organization","@id":"https:\/\/vaninahenry.com\/#organization","name":"Vanina Henry","url":"https:\/\/vaninahenry.com\/","logo":{"@type":"ImageObject","inLanguage":"de","@id":"https:\/\/vaninahenry.com\/#\/schema\/logo\/image\/","url":"http:\/\/vaninahenry.com\/wp-content\/uploads\/2021\/10\/Logo-design-by-VaninaHenry.png","contentUrl":"http:\/\/vaninahenry.com\/wp-content\/uploads\/2021\/10\/Logo-design-by-VaninaHenry.png","width":711,"height":467,"caption":"Vanina Henry"},"image":{"@id":"https:\/\/vaninahenry.com\/#\/schema\/logo\/image\/"},"sameAs":["https:\/\/www.facebook.com\/designbyvaninahenry","https:\/\/www.instagram.com\/vaninahenry\/"]}]}},"_links":{"self":[{"href":"https:\/\/vaninahenry.com\/de\/wp-json\/wp\/v2\/product\/70087","targetHints":{"allow":["GET"]}}],"collection":[{"href":"https:\/\/vaninahenry.com\/de\/wp-json\/wp\/v2\/product"}],"about":[{"href":"https:\/\/vaninahenry.com\/de\/wp-json\/wp\/v2\/types\/product"}],"wp:featuredmedia":[{"embeddable":true,"href":"https:\/\/vaninahenry.com\/de\/wp-json\/wp\/v2\/media\/41153"}],"wp:attachment":[{"href":"https:\/\/vaninahenry.com\/de\/wp-json\/wp\/v2\/media?parent=70087"}],"wp:term":[{"taxonomy":"product_brand","embeddable":true,"href":"https:\/\/vaninahenry.com\/de\/wp-json\/wp\/v2\/product_brand?post=70087"},{"taxonomy":"product_cat","embeddable":true,"href":"https:\/\/vaninahenry.com\/de\/wp-json\/wp\/v2\/product_cat?post=70087"},{"taxonomy":"product_tag","embeddable":true,"href":"https:\/\/vaninahenry.com\/de\/wp-json\/wp\/v2\/product_tag?post=70087"}],"curies":[{"name":"wp","href":"https:\/\/api.w.org\/{rel}","templated":true}]}}