{"id":69749,"date":"2021-11-26T11:18:03","date_gmt":"2021-11-26T10:18:11","guid":{"rendered":"https:\/\/vaninahenry.com\/?post_type=product&#038;p=69749"},"modified":"2021-11-26T11:25:36","modified_gmt":"2021-11-26T10:25:36","slug":"chine-green-no-35-archive-collection-copie","status":"publish","type":"product","link":"https:\/\/vaninahenry.com\/de\/produkt\/chine-green-no-35-archive-collection-copie\/","title":{"rendered":"Chine Green No.35 &#8211; Farbmuster 100ml"},"content":{"rendered":"<p><strong>Ein dunkles Gr\u00fcn<\/strong><\/p>\n<p>Dieses Gr\u00fcn verdankt seinen Namen den Schluchten an der K\u00fcste, deren steile H\u00e4nge typisch f\u00fcr die Umgebung unseres Mutterhauses sind. Bei K\u00fcchenm\u00f6beln erinnert sie an die traditionellen Vorratskammern alter H\u00e4user; f\u00fcr Holzarbeiten im Freien ist sie eine dezente Farbe, die die umgebende Vegetation widerspiegelt.<\/p>\n<p>Pr\u00e4sentiert in einer neuen, exklusiv von Liberty ausgew\u00e4hlten Farbkollektion. Entdecken Sie die reichhaltig pigmentierten Farben von Farrow &amp; Ball und die Liberty-Bezugsstoffe in zeitlosen Farb- und Druckkombinationen, darunter:<\/p>\n<p><strong>Chine Green &amp; Zennor Arbour, Plaster Pink<\/strong><\/p>\n<p>Grundierungen &amp; Basisanstriche: Dark Tones<\/p>\n","protected":false},"excerpt":{"rendered":"<p style=\"text-align: center;\"><span style=\"color: #000000;\"><a class=\"btn\" style=\"color: #000000;\" href=\"https:\/\/vaninahenry.com\/de\/produkt\/chine-green-no-35-archive-collection\/\">Chine Green No.35 Kaufen <\/a><\/span><\/p>\n<p>&nbsp;<\/p>\n<p><img decoding=\"async\" class=\"alignnone wp-image-39432 size-full\" src=\"http:\/\/vaninahenry.com\/wp-content\/uploads\/2021\/10\/collection-and-product-page-banner_ukde.jpg\" alt=\"\" width=\"1400\" height=\"198\" srcset=\"https:\/\/vaninahenry.com\/wp-content\/uploads\/2021\/10\/collection-and-product-page-banner_ukde.jpg 1400w, https:\/\/vaninahenry.com\/wp-content\/uploads\/2021\/10\/collection-and-product-page-banner_ukde-600x85.jpg 600w, https:\/\/vaninahenry.com\/wp-content\/uploads\/2021\/10\/collection-and-product-page-banner_ukde-300x42.jpg 300w, https:\/\/vaninahenry.com\/wp-content\/uploads\/2021\/10\/collection-and-product-page-banner_ukde-1024x145.jpg 1024w, https:\/\/vaninahenry.com\/wp-content\/uploads\/2021\/10\/collection-and-product-page-banner_ukde-768x109.jpg 768w\" sizes=\"(max-width: 1400px) 100vw, 1400px\" \/><\/p>\n<p>Entdecken Sie eine einzigartige neue Kollektion, die reichhaltig pigmentierte Farben aus dem Farrow &amp; Ball-Archiv mit komplement\u00e4ren M\u00f6belstoffen aus der Modern Collector-Reihe von Liberty kombiniert.<\/p>\n<p><strong>Chine Green &amp; Zennor Arbour, Plaster Pink<\/strong><\/p>\n<p><img decoding=\"async\" class=\"alignnone wp-image-40497 size-thumbnail\" src=\"http:\/\/vaninahenry.com\/wp-content\/uploads\/2021\/10\/Chine-Green-35_RGB-150x150.jpg\" alt=\"\" width=\"150\" height=\"150\" \/><img decoding=\"async\" class=\"alignnone wp-image-40503 size-thumbnail\" src=\"http:\/\/vaninahenry.com\/wp-content\/uploads\/2021\/10\/Zennor_Arbour_Plaster_Pink_Swatch_1-150x150.jpg\" alt=\"\" width=\"150\" height=\"150\" srcset=\"https:\/\/vaninahenry.com\/wp-content\/uploads\/2021\/10\/Zennor_Arbour_Plaster_Pink_Swatch_1-150x150.jpg 150w, https:\/\/vaninahenry.com\/wp-content\/uploads\/2021\/10\/Zennor_Arbour_Plaster_Pink_Swatch_1-300x300.jpg 300w, https:\/\/vaninahenry.com\/wp-content\/uploads\/2021\/10\/Zennor_Arbour_Plaster_Pink_Swatch_1-100x100.jpg 100w, https:\/\/vaninahenry.com\/wp-content\/uploads\/2021\/10\/Zennor_Arbour_Plaster_Pink_Swatch_1-140x140.jpg 140w, https:\/\/vaninahenry.com\/wp-content\/uploads\/2021\/10\/Zennor_Arbour_Plaster_Pink_Swatch_1-500x500.jpg 500w, https:\/\/vaninahenry.com\/wp-content\/uploads\/2021\/10\/Zennor_Arbour_Plaster_Pink_Swatch_1-350x350.jpg 350w, https:\/\/vaninahenry.com\/wp-content\/uploads\/2021\/10\/Zennor_Arbour_Plaster_Pink_Swatch_1-993x1000.jpg 993w, https:\/\/vaninahenry.com\/wp-content\/uploads\/2021\/10\/Zennor_Arbour_Plaster_Pink_Swatch_1-800x800.jpg 800w\" sizes=\"(max-width: 150px) 100vw, 150px\" \/><\/p>\n<p>Qualit\u00e4tsprobe <span style=\"color: #9a7541;\">Estate Emulsion<\/span>.<\/p>\n<p>Aussehen: Kreidig, sehr mattes Finish 2 % Glanz.<br \/>\nDeckkraft 1 m\u00b2<\/p>\n","protected":false},"featured_media":0,"template":"","meta":{"_acf_changed":false,"inline_featured_image":false},"product_brand":[],"product_cat":[312],"product_tag":[],"class_list":{"0":"post-69749","1":"product","2":"type-product","3":"status-publish","5":"product_cat-farben","6":"product_shipping_class-farrow-and-ball-probe","8":"first","9":"instock","10":"taxable","11":"shipping-taxable","12":"purchasable","13":"product-type-simple"},"acf":[],"yoast_head":"<!-- This site is optimized with the Yoast SEO plugin v26.7 - https:\/\/yoast.com\/wordpress\/plugins\/seo\/ -->\n<title>Chine Green No.35 - Farbmuster 100ml - Vanina Henry<\/title>\n<meta name=\"robots\" content=\"index, follow, max-snippet:-1, max-image-preview:large, max-video-preview:-1\" \/>\n<link rel=\"canonical\" href=\"https:\/\/vaninahenry.com\/de\/produkt\/chine-green-no-35-archive-collection-copie\/\" \/>\n<meta property=\"og:locale\" content=\"de_DE\" \/>\n<meta property=\"og:type\" content=\"article\" \/>\n<meta property=\"og:title\" content=\"Chine Green No.35 - Farbmuster 100ml - Vanina Henry\" \/>\n<meta property=\"og:description\" content=\"Chine Green No.35 Kaufen  &nbsp;    Entdecken Sie eine einzigartige neue Kollektion, die reichhaltig pigmentierte Farben aus dem Farrow &amp; Ball-Archiv mit komplement\u00e4ren M\u00f6belstoffen aus der Modern Collector-Reihe von Liberty kombiniert.  Chine Green &amp; Zennor Arbour, Plaster Pink    Qualit\u00e4tsprobe Estate Emulsion.  Aussehen: Kreidig, sehr mattes Finish 2 % Glanz. Deckkraft 1 m\u00b2\" \/>\n<meta property=\"og:url\" content=\"https:\/\/vaninahenry.com\/de\/produkt\/chine-green-no-35-archive-collection-copie\/\" \/>\n<meta property=\"og:site_name\" content=\"Vanina Henry\" \/>\n<meta property=\"article:publisher\" content=\"https:\/\/www.facebook.com\/designbyvaninahenry\" \/>\n<meta property=\"article:modified_time\" content=\"2021-11-26T10:25:36+00:00\" \/>\n<meta name=\"twitter:card\" content=\"summary_large_image\" \/>\n<script type=\"application\/ld+json\" class=\"yoast-schema-graph\">{\"@context\":\"https:\/\/schema.org\",\"@graph\":[{\"@type\":\"WebPage\",\"@id\":\"https:\/\/vaninahenry.com\/de\/produkt\/chine-green-no-35-archive-collection-copie\/\",\"url\":\"https:\/\/vaninahenry.com\/de\/produkt\/chine-green-no-35-archive-collection-copie\/\",\"name\":\"Chine Green No.35 - Farbmuster 100ml - Vanina Henry\",\"isPartOf\":{\"@id\":\"https:\/\/vaninahenry.com\/#website\"},\"datePublished\":\"2021-11-26T10:18:11+00:00\",\"dateModified\":\"2021-11-26T10:25:36+00:00\",\"breadcrumb\":{\"@id\":\"https:\/\/vaninahenry.com\/de\/produkt\/chine-green-no-35-archive-collection-copie\/#breadcrumb\"},\"inLanguage\":\"de\",\"potentialAction\":[{\"@type\":\"ReadAction\",\"target\":[\"https:\/\/vaninahenry.com\/de\/produkt\/chine-green-no-35-archive-collection-copie\/\"]}]},{\"@type\":\"BreadcrumbList\",\"@id\":\"https:\/\/vaninahenry.com\/de\/produkt\/chine-green-no-35-archive-collection-copie\/#breadcrumb\",\"itemListElement\":[{\"@type\":\"ListItem\",\"position\":1,\"name\":\"Accueil\",\"item\":\"https:\/\/vaninahenry.com\/de\/\"},{\"@type\":\"ListItem\",\"position\":2,\"name\":\"Shop\",\"item\":\"https:\/\/vaninahenry.com\/boutique\/\"},{\"@type\":\"ListItem\",\"position\":3,\"name\":\"Chine Green No.35 &#8211; Farbmuster 100ml\"}]},{\"@type\":\"WebSite\",\"@id\":\"https:\/\/vaninahenry.com\/#website\",\"url\":\"https:\/\/vaninahenry.com\/\",\"name\":\"Vanina Henry\",\"description\":\"\",\"publisher\":{\"@id\":\"https:\/\/vaninahenry.com\/#organization\"},\"potentialAction\":[{\"@type\":\"SearchAction\",\"target\":{\"@type\":\"EntryPoint\",\"urlTemplate\":\"https:\/\/vaninahenry.com\/?s={search_term_string}\"},\"query-input\":{\"@type\":\"PropertyValueSpecification\",\"valueRequired\":true,\"valueName\":\"search_term_string\"}}],\"inLanguage\":\"de\"},{\"@type\":\"Organization\",\"@id\":\"https:\/\/vaninahenry.com\/#organization\",\"name\":\"Vanina Henry\",\"url\":\"https:\/\/vaninahenry.com\/\",\"logo\":{\"@type\":\"ImageObject\",\"inLanguage\":\"de\",\"@id\":\"https:\/\/vaninahenry.com\/#\/schema\/logo\/image\/\",\"url\":\"http:\/\/vaninahenry.com\/wp-content\/uploads\/2021\/10\/Logo-design-by-VaninaHenry.png\",\"contentUrl\":\"http:\/\/vaninahenry.com\/wp-content\/uploads\/2021\/10\/Logo-design-by-VaninaHenry.png\",\"width\":711,\"height\":467,\"caption\":\"Vanina Henry\"},\"image\":{\"@id\":\"https:\/\/vaninahenry.com\/#\/schema\/logo\/image\/\"},\"sameAs\":[\"https:\/\/www.facebook.com\/designbyvaninahenry\",\"https:\/\/www.instagram.com\/vaninahenry\/\"]}]}<\/script>\n<!-- \/ Yoast SEO plugin. -->","yoast_head_json":{"title":"Chine Green No.35 - Farbmuster 100ml - Vanina Henry","robots":{"index":"index","follow":"follow","max-snippet":"max-snippet:-1","max-image-preview":"max-image-preview:large","max-video-preview":"max-video-preview:-1"},"canonical":"https:\/\/vaninahenry.com\/de\/produkt\/chine-green-no-35-archive-collection-copie\/","og_locale":"de_DE","og_type":"article","og_title":"Chine Green No.35 - Farbmuster 100ml - Vanina Henry","og_description":"Chine Green No.35 Kaufen  &nbsp;    Entdecken Sie eine einzigartige neue Kollektion, die reichhaltig pigmentierte Farben aus dem Farrow &amp; Ball-Archiv mit komplement\u00e4ren M\u00f6belstoffen aus der Modern Collector-Reihe von Liberty kombiniert.  Chine Green &amp; Zennor Arbour, Plaster Pink    Qualit\u00e4tsprobe Estate Emulsion.  Aussehen: Kreidig, sehr mattes Finish 2 % Glanz. Deckkraft 1 m\u00b2","og_url":"https:\/\/vaninahenry.com\/de\/produkt\/chine-green-no-35-archive-collection-copie\/","og_site_name":"Vanina Henry","article_publisher":"https:\/\/www.facebook.com\/designbyvaninahenry","article_modified_time":"2021-11-26T10:25:36+00:00","twitter_card":"summary_large_image","schema":{"@context":"https:\/\/schema.org","@graph":[{"@type":"WebPage","@id":"https:\/\/vaninahenry.com\/de\/produkt\/chine-green-no-35-archive-collection-copie\/","url":"https:\/\/vaninahenry.com\/de\/produkt\/chine-green-no-35-archive-collection-copie\/","name":"Chine Green No.35 - Farbmuster 100ml - Vanina Henry","isPartOf":{"@id":"https:\/\/vaninahenry.com\/#website"},"datePublished":"2021-11-26T10:18:11+00:00","dateModified":"2021-11-26T10:25:36+00:00","breadcrumb":{"@id":"https:\/\/vaninahenry.com\/de\/produkt\/chine-green-no-35-archive-collection-copie\/#breadcrumb"},"inLanguage":"de","potentialAction":[{"@type":"ReadAction","target":["https:\/\/vaninahenry.com\/de\/produkt\/chine-green-no-35-archive-collection-copie\/"]}]},{"@type":"BreadcrumbList","@id":"https:\/\/vaninahenry.com\/de\/produkt\/chine-green-no-35-archive-collection-copie\/#breadcrumb","itemListElement":[{"@type":"ListItem","position":1,"name":"Accueil","item":"https:\/\/vaninahenry.com\/de\/"},{"@type":"ListItem","position":2,"name":"Shop","item":"https:\/\/vaninahenry.com\/boutique\/"},{"@type":"ListItem","position":3,"name":"Chine Green No.35 &#8211; Farbmuster 100ml"}]},{"@type":"WebSite","@id":"https:\/\/vaninahenry.com\/#website","url":"https:\/\/vaninahenry.com\/","name":"Vanina Henry","description":"","publisher":{"@id":"https:\/\/vaninahenry.com\/#organization"},"potentialAction":[{"@type":"SearchAction","target":{"@type":"EntryPoint","urlTemplate":"https:\/\/vaninahenry.com\/?s={search_term_string}"},"query-input":{"@type":"PropertyValueSpecification","valueRequired":true,"valueName":"search_term_string"}}],"inLanguage":"de"},{"@type":"Organization","@id":"https:\/\/vaninahenry.com\/#organization","name":"Vanina Henry","url":"https:\/\/vaninahenry.com\/","logo":{"@type":"ImageObject","inLanguage":"de","@id":"https:\/\/vaninahenry.com\/#\/schema\/logo\/image\/","url":"http:\/\/vaninahenry.com\/wp-content\/uploads\/2021\/10\/Logo-design-by-VaninaHenry.png","contentUrl":"http:\/\/vaninahenry.com\/wp-content\/uploads\/2021\/10\/Logo-design-by-VaninaHenry.png","width":711,"height":467,"caption":"Vanina Henry"},"image":{"@id":"https:\/\/vaninahenry.com\/#\/schema\/logo\/image\/"},"sameAs":["https:\/\/www.facebook.com\/designbyvaninahenry","https:\/\/www.instagram.com\/vaninahenry\/"]}]}},"_links":{"self":[{"href":"https:\/\/vaninahenry.com\/de\/wp-json\/wp\/v2\/product\/69749","targetHints":{"allow":["GET"]}}],"collection":[{"href":"https:\/\/vaninahenry.com\/de\/wp-json\/wp\/v2\/product"}],"about":[{"href":"https:\/\/vaninahenry.com\/de\/wp-json\/wp\/v2\/types\/product"}],"wp:attachment":[{"href":"https:\/\/vaninahenry.com\/de\/wp-json\/wp\/v2\/media?parent=69749"}],"wp:term":[{"taxonomy":"product_brand","embeddable":true,"href":"https:\/\/vaninahenry.com\/de\/wp-json\/wp\/v2\/product_brand?post=69749"},{"taxonomy":"product_cat","embeddable":true,"href":"https:\/\/vaninahenry.com\/de\/wp-json\/wp\/v2\/product_cat?post=69749"},{"taxonomy":"product_tag","embeddable":true,"href":"https:\/\/vaninahenry.com\/de\/wp-json\/wp\/v2\/product_tag?post=69749"}],"curies":[{"name":"wp","href":"https:\/\/api.w.org\/{rel}","templated":true}]}}