{"id":66746,"date":"2021-11-05T13:01:31","date_gmt":"2021-11-05T12:01:35","guid":{"rendered":"https:\/\/vaninahenry.com\/?post_type=product&#038;p=66746"},"modified":"2021-12-06T15:28:00","modified_gmt":"2021-12-06T14:28:00","slug":"mono-cylindre","status":"publish","type":"product","link":"https:\/\/vaninahenry.com\/de\/produkt\/mono-cylindre\/","title":{"rendered":"MONO CYLINDRE"},"content":{"rendered":"<p>Das M\u00f6belst\u00fcck <span style=\"color: #9a7541;\">Mono Cylindre<\/span> des Designers Fr\u00e9d\u00e9ric Gaunet unterstreicht die ganze Erfahrung<br \/>\nund Know-how im Bereich der Montage, des Biegens, Stanzens und Schwei\u00dfens von Aluminium und Stahl<br \/>\nund Stahl (f\u00fcr die St\u00fctzen).<\/p>\n<p>Mit seinem originellen Hybrid-Stil und seinem genialen Design l\u00e4sst sich das <span style=\"color: #9a7541;\">Mono Cylindre Geh\u00e4use um 360\u00b0 drehen<\/span>.<\/p>\n<p>Er besteht aus 5 Regalen, die einen gro\u00dfen Stauraum bieten.<\/p>\n<p>&nbsp;<\/p>\n","protected":false},"excerpt":{"rendered":"<p>Das M\u00f6belst\u00fcck <span style=\"color: #9a7541;\">Mono Cylinder<\/span>\u00a0mit seinem originellen Hybrid-Stil und seinem genialen Design.<\/p>\n<ul>\n<li>Er besteht aus einem einzigen Zylinder, der <span style=\"color: #9a7541;\">sich um 360\u00b0 dreht<\/span>.<\/li>\n<li>Stahlkonstruktion &#8211; Aluminiumzylinder.<\/li>\n<li>Erh\u00e4ltlich nur in der Ausf\u00fchrung Matte Fine Texture in den Farben der <span style=\"color: #9a7541;\">ESSENTIAL<\/span>S und <span style=\"color: #9a7541;\">TENDANCES<\/span> Farbkarte.<\/li>\n<li>Erh\u00e4ltlich in der Version <a href=\"https:\/\/vaninahenry.com\/produit\/bi-cylindre\/?lang=de\"><strong><span style=\"color: #9a7541;\">Bi Cylindre<\/span><\/strong>.<\/a><\/li>\n<li>L\u00e4nge 55 cm, Tiefe 46 cm, H\u00f6he 200 cm.<\/li>\n<\/ul>\n<p><img decoding=\"async\" class=\"size-full wp-image-53534 alignleft\" src=\"http:\/\/vaninahenry.com\/wp-content\/uploads\/2021\/07\/Tolix-nuancier_B.png\" alt=\"\" width=\"1024\" height=\"988\" srcset=\"https:\/\/vaninahenry.com\/wp-content\/uploads\/2021\/07\/Tolix-nuancier_B.png 1024w, https:\/\/vaninahenry.com\/wp-content\/uploads\/2021\/07\/Tolix-nuancier_B-600x579.png 600w, https:\/\/vaninahenry.com\/wp-content\/uploads\/2021\/07\/Tolix-nuancier_B-300x289.png 300w, https:\/\/vaninahenry.com\/wp-content\/uploads\/2021\/07\/Tolix-nuancier_B-768x741.png 768w\" sizes=\"(max-width: 1024px) 100vw, 1024px\" \/><\/p>\n<p><a href=\"https:\/\/vaninahenry.com\/contact\/?lang=de\">Wenn Sie andere Farben w\u00fcnschen,<strong><span style=\"color: #9a7541;\"> kontaktieren Sie uns bitte!<\/span><\/strong><\/a><\/p>\n<p>Gesch\u00e4tzte Lieferzeit: 6 Wochen.<\/p>\n<p>&nbsp;<\/p>\n<p><a href=\"https:\/\/vaninahenry.com\/marque\/tolix\/?lang=de\" target=\"_blank\" rel=\"noopener\"><span style=\"color: #9a7541;\">Mehr \u00fcber TOLIX<\/span><\/a><\/p>\n","protected":false},"featured_media":66823,"template":"","meta":{"_acf_changed":false,"inline_featured_image":false},"product_brand":[],"product_cat":[393],"product_tag":[],"class_list":{"0":"post-66746","1":"product","2":"type-product","3":"status-publish","4":"has-post-thumbnail","6":"product_cat-design-moebel","7":"product_shipping_class-tolix-de","9":"first","10":"instock","11":"taxable","12":"shipping-taxable","13":"product-type-variable"},"acf":[],"yoast_head":"<!-- This site is optimized with the Yoast SEO plugin v26.7 - https:\/\/yoast.com\/wordpress\/plugins\/seo\/ -->\n<title>MONO CYLINDRE - Vanina Henry<\/title>\n<meta name=\"robots\" content=\"index, follow, max-snippet:-1, max-image-preview:large, max-video-preview:-1\" \/>\n<link rel=\"canonical\" href=\"https:\/\/vaninahenry.com\/de\/produkt\/mono-cylindre\/\" \/>\n<meta property=\"og:locale\" content=\"de_DE\" \/>\n<meta property=\"og:type\" content=\"article\" \/>\n<meta property=\"og:title\" content=\"MONO CYLINDRE - Vanina Henry\" \/>\n<meta property=\"og:description\" content=\"Das M\u00f6belst\u00fcck Mono Cylinder\u00a0mit seinem originellen Hybrid-Stil und seinem genialen Design.   Er besteht aus einem einzigen Zylinder, der sich um 360\u00b0 dreht.  Stahlkonstruktion - Aluminiumzylinder.  Erh\u00e4ltlich nur in der Ausf\u00fchrung Matte Fine Texture in den Farben der ESSENTIALS und TENDANCES Farbkarte.  Erh\u00e4ltlich in der Version Bi Cylindre.  L\u00e4nge 55 cm, Tiefe 46 cm, H\u00f6he 200 cm.    Wenn Sie andere Farben w\u00fcnschen, kontaktieren Sie uns bitte!  Gesch\u00e4tzte Lieferzeit: 6 Wochen.  &nbsp;  Mehr \u00fcber TOLIX\" \/>\n<meta property=\"og:url\" content=\"https:\/\/vaninahenry.com\/de\/produkt\/mono-cylindre\/\" \/>\n<meta property=\"og:site_name\" content=\"Vanina Henry\" \/>\n<meta property=\"article:publisher\" content=\"https:\/\/www.facebook.com\/designbyvaninahenry\" \/>\n<meta property=\"article:modified_time\" content=\"2021-12-06T14:28:00+00:00\" \/>\n<meta property=\"og:image\" content=\"https:\/\/vaninahenry.com\/wp-content\/uploads\/2021\/11\/Cylindre_PoivronB_A-2-1.jpg\" \/>\n\t<meta property=\"og:image:width\" content=\"1400\" \/>\n\t<meta property=\"og:image:height\" content=\"1400\" \/>\n\t<meta property=\"og:image:type\" content=\"image\/jpeg\" \/>\n<meta name=\"twitter:card\" content=\"summary_large_image\" \/>\n<script type=\"application\/ld+json\" class=\"yoast-schema-graph\">{\"@context\":\"https:\/\/schema.org\",\"@graph\":[{\"@type\":\"WebPage\",\"@id\":\"https:\/\/vaninahenry.com\/de\/produkt\/mono-cylindre\/\",\"url\":\"https:\/\/vaninahenry.com\/de\/produkt\/mono-cylindre\/\",\"name\":\"MONO CYLINDRE - Vanina Henry\",\"isPartOf\":{\"@id\":\"https:\/\/vaninahenry.com\/#website\"},\"primaryImageOfPage\":{\"@id\":\"https:\/\/vaninahenry.com\/de\/produkt\/mono-cylindre\/#primaryimage\"},\"image\":{\"@id\":\"https:\/\/vaninahenry.com\/de\/produkt\/mono-cylindre\/#primaryimage\"},\"thumbnailUrl\":\"https:\/\/vaninahenry.com\/wp-content\/uploads\/2021\/11\/Cylindre_PoivronB_A-2-1.jpg\",\"datePublished\":\"2021-11-05T12:01:35+00:00\",\"dateModified\":\"2021-12-06T14:28:00+00:00\",\"breadcrumb\":{\"@id\":\"https:\/\/vaninahenry.com\/de\/produkt\/mono-cylindre\/#breadcrumb\"},\"inLanguage\":\"de\",\"potentialAction\":[{\"@type\":\"ReadAction\",\"target\":[\"https:\/\/vaninahenry.com\/de\/produkt\/mono-cylindre\/\"]}]},{\"@type\":\"ImageObject\",\"inLanguage\":\"de\",\"@id\":\"https:\/\/vaninahenry.com\/de\/produkt\/mono-cylindre\/#primaryimage\",\"url\":\"https:\/\/vaninahenry.com\/wp-content\/uploads\/2021\/11\/Cylindre_PoivronB_A-2-1.jpg\",\"contentUrl\":\"https:\/\/vaninahenry.com\/wp-content\/uploads\/2021\/11\/Cylindre_PoivronB_A-2-1.jpg\",\"width\":1400,\"height\":1400},{\"@type\":\"BreadcrumbList\",\"@id\":\"https:\/\/vaninahenry.com\/de\/produkt\/mono-cylindre\/#breadcrumb\",\"itemListElement\":[{\"@type\":\"ListItem\",\"position\":1,\"name\":\"Accueil\",\"item\":\"https:\/\/vaninahenry.com\/de\/\"},{\"@type\":\"ListItem\",\"position\":2,\"name\":\"Shop\",\"item\":\"https:\/\/vaninahenry.com\/boutique\/\"},{\"@type\":\"ListItem\",\"position\":3,\"name\":\"MONO CYLINDRE\"}]},{\"@type\":\"WebSite\",\"@id\":\"https:\/\/vaninahenry.com\/#website\",\"url\":\"https:\/\/vaninahenry.com\/\",\"name\":\"Vanina Henry\",\"description\":\"\",\"publisher\":{\"@id\":\"https:\/\/vaninahenry.com\/#organization\"},\"potentialAction\":[{\"@type\":\"SearchAction\",\"target\":{\"@type\":\"EntryPoint\",\"urlTemplate\":\"https:\/\/vaninahenry.com\/?s={search_term_string}\"},\"query-input\":{\"@type\":\"PropertyValueSpecification\",\"valueRequired\":true,\"valueName\":\"search_term_string\"}}],\"inLanguage\":\"de\"},{\"@type\":\"Organization\",\"@id\":\"https:\/\/vaninahenry.com\/#organization\",\"name\":\"Vanina Henry\",\"url\":\"https:\/\/vaninahenry.com\/\",\"logo\":{\"@type\":\"ImageObject\",\"inLanguage\":\"de\",\"@id\":\"https:\/\/vaninahenry.com\/#\/schema\/logo\/image\/\",\"url\":\"http:\/\/vaninahenry.com\/wp-content\/uploads\/2021\/10\/Logo-design-by-VaninaHenry.png\",\"contentUrl\":\"http:\/\/vaninahenry.com\/wp-content\/uploads\/2021\/10\/Logo-design-by-VaninaHenry.png\",\"width\":711,\"height\":467,\"caption\":\"Vanina Henry\"},\"image\":{\"@id\":\"https:\/\/vaninahenry.com\/#\/schema\/logo\/image\/\"},\"sameAs\":[\"https:\/\/www.facebook.com\/designbyvaninahenry\",\"https:\/\/www.instagram.com\/vaninahenry\/\"]}]}<\/script>\n<!-- \/ Yoast SEO plugin. -->","yoast_head_json":{"title":"MONO CYLINDRE - Vanina Henry","robots":{"index":"index","follow":"follow","max-snippet":"max-snippet:-1","max-image-preview":"max-image-preview:large","max-video-preview":"max-video-preview:-1"},"canonical":"https:\/\/vaninahenry.com\/de\/produkt\/mono-cylindre\/","og_locale":"de_DE","og_type":"article","og_title":"MONO CYLINDRE - Vanina Henry","og_description":"Das M\u00f6belst\u00fcck Mono Cylinder\u00a0mit seinem originellen Hybrid-Stil und seinem genialen Design.   Er besteht aus einem einzigen Zylinder, der sich um 360\u00b0 dreht.  Stahlkonstruktion - Aluminiumzylinder.  Erh\u00e4ltlich nur in der Ausf\u00fchrung Matte Fine Texture in den Farben der ESSENTIALS und TENDANCES Farbkarte.  Erh\u00e4ltlich in der Version Bi Cylindre.  L\u00e4nge 55 cm, Tiefe 46 cm, H\u00f6he 200 cm.    Wenn Sie andere Farben w\u00fcnschen, kontaktieren Sie uns bitte!  Gesch\u00e4tzte Lieferzeit: 6 Wochen.  &nbsp;  Mehr \u00fcber TOLIX","og_url":"https:\/\/vaninahenry.com\/de\/produkt\/mono-cylindre\/","og_site_name":"Vanina Henry","article_publisher":"https:\/\/www.facebook.com\/designbyvaninahenry","article_modified_time":"2021-12-06T14:28:00+00:00","og_image":[{"width":1400,"height":1400,"url":"https:\/\/vaninahenry.com\/wp-content\/uploads\/2021\/11\/Cylindre_PoivronB_A-2-1.jpg","type":"image\/jpeg"}],"twitter_card":"summary_large_image","schema":{"@context":"https:\/\/schema.org","@graph":[{"@type":"WebPage","@id":"https:\/\/vaninahenry.com\/de\/produkt\/mono-cylindre\/","url":"https:\/\/vaninahenry.com\/de\/produkt\/mono-cylindre\/","name":"MONO CYLINDRE - Vanina Henry","isPartOf":{"@id":"https:\/\/vaninahenry.com\/#website"},"primaryImageOfPage":{"@id":"https:\/\/vaninahenry.com\/de\/produkt\/mono-cylindre\/#primaryimage"},"image":{"@id":"https:\/\/vaninahenry.com\/de\/produkt\/mono-cylindre\/#primaryimage"},"thumbnailUrl":"https:\/\/vaninahenry.com\/wp-content\/uploads\/2021\/11\/Cylindre_PoivronB_A-2-1.jpg","datePublished":"2021-11-05T12:01:35+00:00","dateModified":"2021-12-06T14:28:00+00:00","breadcrumb":{"@id":"https:\/\/vaninahenry.com\/de\/produkt\/mono-cylindre\/#breadcrumb"},"inLanguage":"de","potentialAction":[{"@type":"ReadAction","target":["https:\/\/vaninahenry.com\/de\/produkt\/mono-cylindre\/"]}]},{"@type":"ImageObject","inLanguage":"de","@id":"https:\/\/vaninahenry.com\/de\/produkt\/mono-cylindre\/#primaryimage","url":"https:\/\/vaninahenry.com\/wp-content\/uploads\/2021\/11\/Cylindre_PoivronB_A-2-1.jpg","contentUrl":"https:\/\/vaninahenry.com\/wp-content\/uploads\/2021\/11\/Cylindre_PoivronB_A-2-1.jpg","width":1400,"height":1400},{"@type":"BreadcrumbList","@id":"https:\/\/vaninahenry.com\/de\/produkt\/mono-cylindre\/#breadcrumb","itemListElement":[{"@type":"ListItem","position":1,"name":"Accueil","item":"https:\/\/vaninahenry.com\/de\/"},{"@type":"ListItem","position":2,"name":"Shop","item":"https:\/\/vaninahenry.com\/boutique\/"},{"@type":"ListItem","position":3,"name":"MONO CYLINDRE"}]},{"@type":"WebSite","@id":"https:\/\/vaninahenry.com\/#website","url":"https:\/\/vaninahenry.com\/","name":"Vanina Henry","description":"","publisher":{"@id":"https:\/\/vaninahenry.com\/#organization"},"potentialAction":[{"@type":"SearchAction","target":{"@type":"EntryPoint","urlTemplate":"https:\/\/vaninahenry.com\/?s={search_term_string}"},"query-input":{"@type":"PropertyValueSpecification","valueRequired":true,"valueName":"search_term_string"}}],"inLanguage":"de"},{"@type":"Organization","@id":"https:\/\/vaninahenry.com\/#organization","name":"Vanina Henry","url":"https:\/\/vaninahenry.com\/","logo":{"@type":"ImageObject","inLanguage":"de","@id":"https:\/\/vaninahenry.com\/#\/schema\/logo\/image\/","url":"http:\/\/vaninahenry.com\/wp-content\/uploads\/2021\/10\/Logo-design-by-VaninaHenry.png","contentUrl":"http:\/\/vaninahenry.com\/wp-content\/uploads\/2021\/10\/Logo-design-by-VaninaHenry.png","width":711,"height":467,"caption":"Vanina Henry"},"image":{"@id":"https:\/\/vaninahenry.com\/#\/schema\/logo\/image\/"},"sameAs":["https:\/\/www.facebook.com\/designbyvaninahenry","https:\/\/www.instagram.com\/vaninahenry\/"]}]}},"_links":{"self":[{"href":"https:\/\/vaninahenry.com\/de\/wp-json\/wp\/v2\/product\/66746","targetHints":{"allow":["GET"]}}],"collection":[{"href":"https:\/\/vaninahenry.com\/de\/wp-json\/wp\/v2\/product"}],"about":[{"href":"https:\/\/vaninahenry.com\/de\/wp-json\/wp\/v2\/types\/product"}],"wp:featuredmedia":[{"embeddable":true,"href":"https:\/\/vaninahenry.com\/de\/wp-json\/wp\/v2\/media\/66823"}],"wp:attachment":[{"href":"https:\/\/vaninahenry.com\/de\/wp-json\/wp\/v2\/media?parent=66746"}],"wp:term":[{"taxonomy":"product_brand","embeddable":true,"href":"https:\/\/vaninahenry.com\/de\/wp-json\/wp\/v2\/product_brand?post=66746"},{"taxonomy":"product_cat","embeddable":true,"href":"https:\/\/vaninahenry.com\/de\/wp-json\/wp\/v2\/product_cat?post=66746"},{"taxonomy":"product_tag","embeddable":true,"href":"https:\/\/vaninahenry.com\/de\/wp-json\/wp\/v2\/product_tag?post=66746"}],"curies":[{"name":"wp","href":"https:\/\/api.w.org\/{rel}","templated":true}]}}