{"id":66646,"date":"2021-11-05T12:14:35","date_gmt":"2021-11-05T11:14:38","guid":{"rendered":"https:\/\/vaninahenry.com\/?post_type=product&#038;p=66646"},"modified":"2021-12-06T15:27:39","modified_gmt":"2021-12-06T14:27:39","slug":"bi-cylindre","status":"publish","type":"product","link":"https:\/\/vaninahenry.com\/de\/produkt\/bi-cylindre\/","title":{"rendered":"BI CYLINDRE"},"content":{"rendered":"<p>Die von dem Designer Fr\u00e9d\u00e9ric Gaunet entworfenen <span style=\"color: #9a7541;\">Bi Cylindre-M\u00f6bel<\/span> zeigen die ganze Erfahrung und das Know-how<br \/>\nund Know-how im Bereich der Montage, des Biegens, Stanzens und Schwei\u00dfens von Aluminium und Stahl<br \/>\nund Stahl (f\u00fcr die St\u00fctzen).<\/p>\n<p>Mit seinem originellen Hybrid-Stil und seinem genialen Design besteht der Bi Cylinder Schrank aus<br \/>\naus <span style=\"color: #9a7541;\">zwei Zylindern, die sich um 360\u00b0 drehen<\/span>.<\/p>\n<p>Einer der Zylinder besteht aus 5 F\u00e4chern, die einen gro\u00dfen Stauraum bieten.<\/p>\n<p>Der zweite Zylinder enth\u00e4lt einen Kleiderschrank und 3 weitere Regale.<\/p>\n","protected":false},"excerpt":{"rendered":"<p>Der <span style=\"color: #9a7541;\">Bi Cylindre<\/span> Schrank mit seinem originellen Hybrid-Stil und seinem genialen Design.<\/p>\n<ul>\n<li>Er besteht aus <span style=\"color: #9a7541;\">zwei Zylindern, die sich um 360\u00b0 drehen<\/span>.<\/li>\n<li>Stahlkonstruktion &#8211; Aluminium-Zylinder.<\/li>\n<li>Erh\u00e4ltlich nur in Fine Texture Matte Finish in den Farben der <span style=\"color: #9a7541;\">ESSENTIALS und TENDANCES<\/span> Farbkarte.<\/li>\n<li>Jeder Zylinder kann in einer anderen Farbe gew\u00e4hlt werden.<\/li>\n<li>Erh\u00e4ltlich in einer \u00a0<strong><a href=\"https:\/\/vaninahenry.com\/produit\/mono-cylindre\/?lang?de\"><span style=\"color: #9a7541;\">Mono cylindre<\/span><\/a><\/strong>.<\/li>\n<li>L\u00e4nge 95 cm, Tiefe 46 cm, H\u00f6he 200 cm<\/li>\n<\/ul>\n<p><img decoding=\"async\" class=\"alignnone size-full wp-image-53536\" src=\"http:\/\/vaninahenry.com\/wp-content\/uploads\/2021\/07\/Tolix-nuancier_B.png\" alt=\"\" width=\"1024\" height=\"988\" srcset=\"https:\/\/vaninahenry.com\/wp-content\/uploads\/2021\/07\/Tolix-nuancier_B.png 1024w, https:\/\/vaninahenry.com\/wp-content\/uploads\/2021\/07\/Tolix-nuancier_B-600x579.png 600w, https:\/\/vaninahenry.com\/wp-content\/uploads\/2021\/07\/Tolix-nuancier_B-300x289.png 300w, https:\/\/vaninahenry.com\/wp-content\/uploads\/2021\/07\/Tolix-nuancier_B-768x741.png 768w\" sizes=\"(max-width: 1024px) 100vw, 1024px\" \/><\/p>\n<p><a href=\"https:\/\/vaninahenry.com\/contact\/?lang=de\">Wenn Sie andere Farben w\u00fcnschen,<strong><span style=\"color: #9a7541;\"> kontaktieren Sie uns bitte!<\/span><\/strong><\/a><\/p>\n<p>Gesch\u00e4tzte Lieferzeit: 6 Wochen.<\/p>\n<p>&nbsp;<\/p>\n<p><a href=\"https:\/\/vaninahenry.com\/marque\/tolix\/?lang=de\" target=\"_blank\" rel=\"noopener\"><span style=\"color: #9a7541;\">Mehr \u00fcber TOLIX<\/span><\/a><\/p>\n<p>&nbsp;<\/p>\n","protected":false},"featured_media":0,"template":"","meta":{"_acf_changed":false,"inline_featured_image":false},"product_brand":[],"product_cat":[393],"product_tag":[],"class_list":{"0":"post-66646","1":"product","2":"type-product","3":"status-publish","5":"product_cat-design-moebel","6":"product_shipping_class-tolix-de","8":"first","9":"instock","10":"taxable","11":"shipping-taxable","12":"product-type-variable"},"acf":[],"yoast_head":"<!-- This site is optimized with the Yoast SEO plugin v26.7 - https:\/\/yoast.com\/wordpress\/plugins\/seo\/ -->\n<title>BI CYLINDRE - Vanina Henry<\/title>\n<meta name=\"robots\" content=\"index, follow, max-snippet:-1, max-image-preview:large, max-video-preview:-1\" \/>\n<link rel=\"canonical\" href=\"https:\/\/vaninahenry.com\/produkt\/bi-cylindre\/\" \/>\n<meta property=\"og:locale\" content=\"de_DE\" \/>\n<meta property=\"og:type\" content=\"article\" \/>\n<meta property=\"og:title\" content=\"BI CYLINDRE - Vanina Henry\" \/>\n<meta property=\"og:description\" content=\"Der Bi Cylindre Schrank mit seinem originellen Hybrid-Stil und seinem genialen Design.   Er besteht aus zwei Zylindern, die sich um 360\u00b0 drehen.  Stahlkonstruktion - Aluminium-Zylinder.  Erh\u00e4ltlich nur in Fine Texture Matte Finish in den Farben der ESSENTIALS und TENDANCES Farbkarte.  Jeder Zylinder kann in einer anderen Farbe gew\u00e4hlt werden.  Erh\u00e4ltlich in einer \u00a0Mono cylindre.  L\u00e4nge 95 cm, Tiefe 46 cm, H\u00f6he 200 cm    Wenn Sie andere Farben w\u00fcnschen, kontaktieren Sie uns bitte!  Gesch\u00e4tzte Lieferzeit: 6 Wochen.  &nbsp;  Mehr \u00fcber TOLIX  &nbsp;\" \/>\n<meta property=\"og:url\" content=\"https:\/\/vaninahenry.com\/produkt\/bi-cylindre\/\" \/>\n<meta property=\"og:site_name\" content=\"Vanina Henry\" \/>\n<meta property=\"article:publisher\" content=\"https:\/\/www.facebook.com\/designbyvaninahenry\" \/>\n<meta property=\"article:modified_time\" content=\"2021-12-06T14:27:39+00:00\" \/>\n<meta name=\"twitter:card\" content=\"summary_large_image\" \/>\n<script type=\"application\/ld+json\" class=\"yoast-schema-graph\">{\"@context\":\"https:\/\/schema.org\",\"@graph\":[{\"@type\":\"WebPage\",\"@id\":\"https:\/\/vaninahenry.com\/produkt\/bi-cylindre\/\",\"url\":\"https:\/\/vaninahenry.com\/produkt\/bi-cylindre\/\",\"name\":\"BI CYLINDRE - Vanina Henry\",\"isPartOf\":{\"@id\":\"https:\/\/vaninahenry.com\/#website\"},\"datePublished\":\"2021-11-05T11:14:38+00:00\",\"dateModified\":\"2021-12-06T14:27:39+00:00\",\"breadcrumb\":{\"@id\":\"https:\/\/vaninahenry.com\/produkt\/bi-cylindre\/#breadcrumb\"},\"inLanguage\":\"de\",\"potentialAction\":[{\"@type\":\"ReadAction\",\"target\":[\"https:\/\/vaninahenry.com\/produkt\/bi-cylindre\/\"]}]},{\"@type\":\"BreadcrumbList\",\"@id\":\"https:\/\/vaninahenry.com\/produkt\/bi-cylindre\/#breadcrumb\",\"itemListElement\":[{\"@type\":\"ListItem\",\"position\":1,\"name\":\"Accueil\",\"item\":\"https:\/\/vaninahenry.com\/de\/\"},{\"@type\":\"ListItem\",\"position\":2,\"name\":\"Shop\",\"item\":\"https:\/\/vaninahenry.com\/boutique\/\"},{\"@type\":\"ListItem\",\"position\":3,\"name\":\"BI CYLINDRE\"}]},{\"@type\":\"WebSite\",\"@id\":\"https:\/\/vaninahenry.com\/#website\",\"url\":\"https:\/\/vaninahenry.com\/\",\"name\":\"Vanina Henry\",\"description\":\"\",\"publisher\":{\"@id\":\"https:\/\/vaninahenry.com\/#organization\"},\"potentialAction\":[{\"@type\":\"SearchAction\",\"target\":{\"@type\":\"EntryPoint\",\"urlTemplate\":\"https:\/\/vaninahenry.com\/?s={search_term_string}\"},\"query-input\":{\"@type\":\"PropertyValueSpecification\",\"valueRequired\":true,\"valueName\":\"search_term_string\"}}],\"inLanguage\":\"de\"},{\"@type\":\"Organization\",\"@id\":\"https:\/\/vaninahenry.com\/#organization\",\"name\":\"Vanina Henry\",\"url\":\"https:\/\/vaninahenry.com\/\",\"logo\":{\"@type\":\"ImageObject\",\"inLanguage\":\"de\",\"@id\":\"https:\/\/vaninahenry.com\/#\/schema\/logo\/image\/\",\"url\":\"http:\/\/vaninahenry.com\/wp-content\/uploads\/2021\/10\/Logo-design-by-VaninaHenry.png\",\"contentUrl\":\"http:\/\/vaninahenry.com\/wp-content\/uploads\/2021\/10\/Logo-design-by-VaninaHenry.png\",\"width\":711,\"height\":467,\"caption\":\"Vanina Henry\"},\"image\":{\"@id\":\"https:\/\/vaninahenry.com\/#\/schema\/logo\/image\/\"},\"sameAs\":[\"https:\/\/www.facebook.com\/designbyvaninahenry\",\"https:\/\/www.instagram.com\/vaninahenry\/\"]}]}<\/script>\n<!-- \/ Yoast SEO plugin. -->","yoast_head_json":{"title":"BI CYLINDRE - Vanina Henry","robots":{"index":"index","follow":"follow","max-snippet":"max-snippet:-1","max-image-preview":"max-image-preview:large","max-video-preview":"max-video-preview:-1"},"canonical":"https:\/\/vaninahenry.com\/produkt\/bi-cylindre\/","og_locale":"de_DE","og_type":"article","og_title":"BI CYLINDRE - Vanina Henry","og_description":"Der Bi Cylindre Schrank mit seinem originellen Hybrid-Stil und seinem genialen Design.   Er besteht aus zwei Zylindern, die sich um 360\u00b0 drehen.  Stahlkonstruktion - Aluminium-Zylinder.  Erh\u00e4ltlich nur in Fine Texture Matte Finish in den Farben der ESSENTIALS und TENDANCES Farbkarte.  Jeder Zylinder kann in einer anderen Farbe gew\u00e4hlt werden.  Erh\u00e4ltlich in einer \u00a0Mono cylindre.  L\u00e4nge 95 cm, Tiefe 46 cm, H\u00f6he 200 cm    Wenn Sie andere Farben w\u00fcnschen, kontaktieren Sie uns bitte!  Gesch\u00e4tzte Lieferzeit: 6 Wochen.  &nbsp;  Mehr \u00fcber TOLIX  &nbsp;","og_url":"https:\/\/vaninahenry.com\/produkt\/bi-cylindre\/","og_site_name":"Vanina Henry","article_publisher":"https:\/\/www.facebook.com\/designbyvaninahenry","article_modified_time":"2021-12-06T14:27:39+00:00","twitter_card":"summary_large_image","schema":{"@context":"https:\/\/schema.org","@graph":[{"@type":"WebPage","@id":"https:\/\/vaninahenry.com\/produkt\/bi-cylindre\/","url":"https:\/\/vaninahenry.com\/produkt\/bi-cylindre\/","name":"BI CYLINDRE - Vanina Henry","isPartOf":{"@id":"https:\/\/vaninahenry.com\/#website"},"datePublished":"2021-11-05T11:14:38+00:00","dateModified":"2021-12-06T14:27:39+00:00","breadcrumb":{"@id":"https:\/\/vaninahenry.com\/produkt\/bi-cylindre\/#breadcrumb"},"inLanguage":"de","potentialAction":[{"@type":"ReadAction","target":["https:\/\/vaninahenry.com\/produkt\/bi-cylindre\/"]}]},{"@type":"BreadcrumbList","@id":"https:\/\/vaninahenry.com\/produkt\/bi-cylindre\/#breadcrumb","itemListElement":[{"@type":"ListItem","position":1,"name":"Accueil","item":"https:\/\/vaninahenry.com\/de\/"},{"@type":"ListItem","position":2,"name":"Shop","item":"https:\/\/vaninahenry.com\/boutique\/"},{"@type":"ListItem","position":3,"name":"BI CYLINDRE"}]},{"@type":"WebSite","@id":"https:\/\/vaninahenry.com\/#website","url":"https:\/\/vaninahenry.com\/","name":"Vanina Henry","description":"","publisher":{"@id":"https:\/\/vaninahenry.com\/#organization"},"potentialAction":[{"@type":"SearchAction","target":{"@type":"EntryPoint","urlTemplate":"https:\/\/vaninahenry.com\/?s={search_term_string}"},"query-input":{"@type":"PropertyValueSpecification","valueRequired":true,"valueName":"search_term_string"}}],"inLanguage":"de"},{"@type":"Organization","@id":"https:\/\/vaninahenry.com\/#organization","name":"Vanina Henry","url":"https:\/\/vaninahenry.com\/","logo":{"@type":"ImageObject","inLanguage":"de","@id":"https:\/\/vaninahenry.com\/#\/schema\/logo\/image\/","url":"http:\/\/vaninahenry.com\/wp-content\/uploads\/2021\/10\/Logo-design-by-VaninaHenry.png","contentUrl":"http:\/\/vaninahenry.com\/wp-content\/uploads\/2021\/10\/Logo-design-by-VaninaHenry.png","width":711,"height":467,"caption":"Vanina Henry"},"image":{"@id":"https:\/\/vaninahenry.com\/#\/schema\/logo\/image\/"},"sameAs":["https:\/\/www.facebook.com\/designbyvaninahenry","https:\/\/www.instagram.com\/vaninahenry\/"]}]}},"_links":{"self":[{"href":"https:\/\/vaninahenry.com\/de\/wp-json\/wp\/v2\/product\/66646","targetHints":{"allow":["GET"]}}],"collection":[{"href":"https:\/\/vaninahenry.com\/de\/wp-json\/wp\/v2\/product"}],"about":[{"href":"https:\/\/vaninahenry.com\/de\/wp-json\/wp\/v2\/types\/product"}],"wp:attachment":[{"href":"https:\/\/vaninahenry.com\/de\/wp-json\/wp\/v2\/media?parent=66646"}],"wp:term":[{"taxonomy":"product_brand","embeddable":true,"href":"https:\/\/vaninahenry.com\/de\/wp-json\/wp\/v2\/product_brand?post=66646"},{"taxonomy":"product_cat","embeddable":true,"href":"https:\/\/vaninahenry.com\/de\/wp-json\/wp\/v2\/product_cat?post=66646"},{"taxonomy":"product_tag","embeddable":true,"href":"https:\/\/vaninahenry.com\/de\/wp-json\/wp\/v2\/product_tag?post=66646"}],"curies":[{"name":"wp","href":"https:\/\/api.w.org\/{rel}","templated":true}]}}