{"id":66499,"date":"2021-11-05T11:41:42","date_gmt":"2021-11-05T10:41:48","guid":{"rendered":"https:\/\/vaninahenry.com\/?post_type=product&#038;p=66499"},"modified":"2021-12-06T15:27:14","modified_gmt":"2021-12-06T14:27:14","slug":"b2-low-tv-hi-fi","status":"publish","type":"product","link":"https:\/\/vaninahenry.com\/de\/produkt\/b2-low-tv-hi-fi\/","title":{"rendered":"B2 Low TV Hi-Fi"},"content":{"rendered":"","protected":false},"excerpt":{"rendered":"<p><span style=\"color: #9a7541;\">B2 Low TV Hi-Fi, <\/span>meuble TV de Tolix vient rejoindre la gamme des<br \/>\nmeubles perfor\u00e9s de la marque.<\/p>\n<p>Il a \u00e9t\u00e9 pens\u00e9 pour pouvoir accueillir votre mat\u00e9riel Hi-Fi.<\/p>\n<ul>\n<li>Livr\u00e9 avec 2 \u00e9tag\u00e8res amovibles et ajustables;<\/li>\n<li>Portes coulissantes;<\/li>\n<li>Passe c\u00e2bles;<\/li>\n<li>Disponible avec une poign\u00e9e en m\u00e9tal peint ou une poign\u00e9e en ch\u00eane.<\/li>\n<\/ul>\n<p>Existe en deux dimensions:<\/p>\n<ul>\n<li>Largeur 120cm, Profondeur 40cm, Hauteur 51cm;<\/li>\n<li>Largeur 160cm, Profondeur 40cm, Hauteur 51cm;<\/li>\n<\/ul>\n<p><img decoding=\"async\" class=\"alignnone size-full wp-image-53534\" src=\"http:\/\/vaninahenry.com\/wp-content\/uploads\/2021\/07\/Tolix-nuancier_B.png\" alt=\"\" width=\"1024\" height=\"988\" srcset=\"https:\/\/vaninahenry.com\/wp-content\/uploads\/2021\/07\/Tolix-nuancier_B.png 1024w, https:\/\/vaninahenry.com\/wp-content\/uploads\/2021\/07\/Tolix-nuancier_B-600x579.png 600w, https:\/\/vaninahenry.com\/wp-content\/uploads\/2021\/07\/Tolix-nuancier_B-300x289.png 300w, https:\/\/vaninahenry.com\/wp-content\/uploads\/2021\/07\/Tolix-nuancier_B-768x741.png 768w\" sizes=\"(max-width: 1024px) 100vw, 1024px\" \/><\/p>\n<p><a href=\"https:\/\/vaninahenry.com\/contact\/?lang=de\">Wenn Sie andere Farben w\u00fcnschen,<strong><span style=\"color: #9a7541;\"> kontaktieren Sie uns bitte!<\/span><\/strong><\/a><\/p>\n<p>Gesch\u00e4tzte Lieferzeit: 6 Wochen.<\/p>\n<p>&nbsp;<\/p>\n<p><a href=\"https:\/\/vaninahenry.com\/marque\/tolix\/?lang=de\" target=\"_blank\" rel=\"noopener\"><span style=\"color: #9a7541;\">Mehr \u00fcber TOLIX<\/span><\/a><\/p>\n<p>&nbsp;<\/p>\n<p>&nbsp;<\/p>\n","protected":false},"featured_media":0,"template":"","meta":{"_acf_changed":false,"inline_featured_image":false},"product_brand":[],"product_cat":[393],"product_tag":[],"class_list":{"0":"post-66499","1":"product","2":"type-product","3":"status-publish","5":"product_cat-design-moebel","6":"product_shipping_class-tolix-de","8":"first","9":"instock","10":"taxable","11":"shipping-taxable","12":"product-type-variable"},"acf":[],"yoast_head":"<!-- This site is optimized with the Yoast SEO plugin v26.7 - https:\/\/yoast.com\/wordpress\/plugins\/seo\/ -->\n<title>B2 Low TV Hi-Fi - Vanina Henry<\/title>\n<meta name=\"robots\" content=\"index, follow, max-snippet:-1, max-image-preview:large, max-video-preview:-1\" \/>\n<link rel=\"canonical\" href=\"https:\/\/vaninahenry.com\/produkt\/b2-bas-tv-hi-fi\/\" \/>\n<meta property=\"og:locale\" content=\"de_DE\" \/>\n<meta property=\"og:type\" content=\"article\" \/>\n<meta property=\"og:title\" content=\"B2 Low TV Hi-Fi - Vanina Henry\" \/>\n<meta property=\"og:description\" content=\"B2 Low TV Hi-Fi, meuble TV de Tolix vient rejoindre la gamme des meubles perfor\u00e9s de la marque.  Il a \u00e9t\u00e9 pens\u00e9 pour pouvoir accueillir votre mat\u00e9riel Hi-Fi.   Livr\u00e9 avec 2 \u00e9tag\u00e8res amovibles et ajustables;  Portes coulissantes;  Passe c\u00e2bles;  Disponible avec une poign\u00e9e en m\u00e9tal peint ou une poign\u00e9e en ch\u00eane.  Existe en deux dimensions:   Largeur 120cm, Profondeur 40cm, Hauteur 51cm;  Largeur 160cm, Profondeur 40cm, Hauteur 51cm;    Wenn Sie andere Farben w\u00fcnschen, kontaktieren Sie uns bitte!  Gesch\u00e4tzte Lieferzeit: 6 Wochen.  &nbsp;  Mehr \u00fcber TOLIX  &nbsp;  &nbsp;\" \/>\n<meta property=\"og:url\" content=\"https:\/\/vaninahenry.com\/produkt\/b2-bas-tv-hi-fi\/\" \/>\n<meta property=\"og:site_name\" content=\"Vanina Henry\" \/>\n<meta property=\"article:publisher\" content=\"https:\/\/www.facebook.com\/designbyvaninahenry\" \/>\n<meta property=\"article:modified_time\" content=\"2021-12-06T14:27:14+00:00\" \/>\n<meta name=\"twitter:card\" content=\"summary_large_image\" \/>\n<script type=\"application\/ld+json\" class=\"yoast-schema-graph\">{\"@context\":\"https:\/\/schema.org\",\"@graph\":[{\"@type\":\"WebPage\",\"@id\":\"https:\/\/vaninahenry.com\/produkt\/b2-bas-tv-hi-fi\/\",\"url\":\"https:\/\/vaninahenry.com\/produkt\/b2-bas-tv-hi-fi\/\",\"name\":\"B2 Low TV Hi-Fi - Vanina Henry\",\"isPartOf\":{\"@id\":\"https:\/\/vaninahenry.com\/#website\"},\"datePublished\":\"2021-11-05T10:41:48+00:00\",\"dateModified\":\"2021-12-06T14:27:14+00:00\",\"breadcrumb\":{\"@id\":\"https:\/\/vaninahenry.com\/produkt\/b2-bas-tv-hi-fi\/#breadcrumb\"},\"inLanguage\":\"de\",\"potentialAction\":[{\"@type\":\"ReadAction\",\"target\":[\"https:\/\/vaninahenry.com\/produkt\/b2-bas-tv-hi-fi\/\"]}]},{\"@type\":\"BreadcrumbList\",\"@id\":\"https:\/\/vaninahenry.com\/produkt\/b2-bas-tv-hi-fi\/#breadcrumb\",\"itemListElement\":[{\"@type\":\"ListItem\",\"position\":1,\"name\":\"Accueil\",\"item\":\"https:\/\/vaninahenry.com\/de\/\"},{\"@type\":\"ListItem\",\"position\":2,\"name\":\"Shop\",\"item\":\"https:\/\/vaninahenry.com\/boutique\/\"},{\"@type\":\"ListItem\",\"position\":3,\"name\":\"B2 Low TV Hi-Fi\"}]},{\"@type\":\"WebSite\",\"@id\":\"https:\/\/vaninahenry.com\/#website\",\"url\":\"https:\/\/vaninahenry.com\/\",\"name\":\"Vanina Henry\",\"description\":\"\",\"publisher\":{\"@id\":\"https:\/\/vaninahenry.com\/#organization\"},\"potentialAction\":[{\"@type\":\"SearchAction\",\"target\":{\"@type\":\"EntryPoint\",\"urlTemplate\":\"https:\/\/vaninahenry.com\/?s={search_term_string}\"},\"query-input\":{\"@type\":\"PropertyValueSpecification\",\"valueRequired\":true,\"valueName\":\"search_term_string\"}}],\"inLanguage\":\"de\"},{\"@type\":\"Organization\",\"@id\":\"https:\/\/vaninahenry.com\/#organization\",\"name\":\"Vanina Henry\",\"url\":\"https:\/\/vaninahenry.com\/\",\"logo\":{\"@type\":\"ImageObject\",\"inLanguage\":\"de\",\"@id\":\"https:\/\/vaninahenry.com\/#\/schema\/logo\/image\/\",\"url\":\"http:\/\/vaninahenry.com\/wp-content\/uploads\/2021\/10\/Logo-design-by-VaninaHenry.png\",\"contentUrl\":\"http:\/\/vaninahenry.com\/wp-content\/uploads\/2021\/10\/Logo-design-by-VaninaHenry.png\",\"width\":711,\"height\":467,\"caption\":\"Vanina Henry\"},\"image\":{\"@id\":\"https:\/\/vaninahenry.com\/#\/schema\/logo\/image\/\"},\"sameAs\":[\"https:\/\/www.facebook.com\/designbyvaninahenry\",\"https:\/\/www.instagram.com\/vaninahenry\/\"]}]}<\/script>\n<!-- \/ Yoast SEO plugin. -->","yoast_head_json":{"title":"B2 Low TV Hi-Fi - Vanina Henry","robots":{"index":"index","follow":"follow","max-snippet":"max-snippet:-1","max-image-preview":"max-image-preview:large","max-video-preview":"max-video-preview:-1"},"canonical":"https:\/\/vaninahenry.com\/produkt\/b2-bas-tv-hi-fi\/","og_locale":"de_DE","og_type":"article","og_title":"B2 Low TV Hi-Fi - Vanina Henry","og_description":"B2 Low TV Hi-Fi, meuble TV de Tolix vient rejoindre la gamme des meubles perfor\u00e9s de la marque.  Il a \u00e9t\u00e9 pens\u00e9 pour pouvoir accueillir votre mat\u00e9riel Hi-Fi.   Livr\u00e9 avec 2 \u00e9tag\u00e8res amovibles et ajustables;  Portes coulissantes;  Passe c\u00e2bles;  Disponible avec une poign\u00e9e en m\u00e9tal peint ou une poign\u00e9e en ch\u00eane.  Existe en deux dimensions:   Largeur 120cm, Profondeur 40cm, Hauteur 51cm;  Largeur 160cm, Profondeur 40cm, Hauteur 51cm;    Wenn Sie andere Farben w\u00fcnschen, kontaktieren Sie uns bitte!  Gesch\u00e4tzte Lieferzeit: 6 Wochen.  &nbsp;  Mehr \u00fcber TOLIX  &nbsp;  &nbsp;","og_url":"https:\/\/vaninahenry.com\/produkt\/b2-bas-tv-hi-fi\/","og_site_name":"Vanina Henry","article_publisher":"https:\/\/www.facebook.com\/designbyvaninahenry","article_modified_time":"2021-12-06T14:27:14+00:00","twitter_card":"summary_large_image","schema":{"@context":"https:\/\/schema.org","@graph":[{"@type":"WebPage","@id":"https:\/\/vaninahenry.com\/produkt\/b2-bas-tv-hi-fi\/","url":"https:\/\/vaninahenry.com\/produkt\/b2-bas-tv-hi-fi\/","name":"B2 Low TV Hi-Fi - Vanina Henry","isPartOf":{"@id":"https:\/\/vaninahenry.com\/#website"},"datePublished":"2021-11-05T10:41:48+00:00","dateModified":"2021-12-06T14:27:14+00:00","breadcrumb":{"@id":"https:\/\/vaninahenry.com\/produkt\/b2-bas-tv-hi-fi\/#breadcrumb"},"inLanguage":"de","potentialAction":[{"@type":"ReadAction","target":["https:\/\/vaninahenry.com\/produkt\/b2-bas-tv-hi-fi\/"]}]},{"@type":"BreadcrumbList","@id":"https:\/\/vaninahenry.com\/produkt\/b2-bas-tv-hi-fi\/#breadcrumb","itemListElement":[{"@type":"ListItem","position":1,"name":"Accueil","item":"https:\/\/vaninahenry.com\/de\/"},{"@type":"ListItem","position":2,"name":"Shop","item":"https:\/\/vaninahenry.com\/boutique\/"},{"@type":"ListItem","position":3,"name":"B2 Low TV Hi-Fi"}]},{"@type":"WebSite","@id":"https:\/\/vaninahenry.com\/#website","url":"https:\/\/vaninahenry.com\/","name":"Vanina Henry","description":"","publisher":{"@id":"https:\/\/vaninahenry.com\/#organization"},"potentialAction":[{"@type":"SearchAction","target":{"@type":"EntryPoint","urlTemplate":"https:\/\/vaninahenry.com\/?s={search_term_string}"},"query-input":{"@type":"PropertyValueSpecification","valueRequired":true,"valueName":"search_term_string"}}],"inLanguage":"de"},{"@type":"Organization","@id":"https:\/\/vaninahenry.com\/#organization","name":"Vanina Henry","url":"https:\/\/vaninahenry.com\/","logo":{"@type":"ImageObject","inLanguage":"de","@id":"https:\/\/vaninahenry.com\/#\/schema\/logo\/image\/","url":"http:\/\/vaninahenry.com\/wp-content\/uploads\/2021\/10\/Logo-design-by-VaninaHenry.png","contentUrl":"http:\/\/vaninahenry.com\/wp-content\/uploads\/2021\/10\/Logo-design-by-VaninaHenry.png","width":711,"height":467,"caption":"Vanina Henry"},"image":{"@id":"https:\/\/vaninahenry.com\/#\/schema\/logo\/image\/"},"sameAs":["https:\/\/www.facebook.com\/designbyvaninahenry","https:\/\/www.instagram.com\/vaninahenry\/"]}]}},"_links":{"self":[{"href":"https:\/\/vaninahenry.com\/de\/wp-json\/wp\/v2\/product\/66499","targetHints":{"allow":["GET"]}}],"collection":[{"href":"https:\/\/vaninahenry.com\/de\/wp-json\/wp\/v2\/product"}],"about":[{"href":"https:\/\/vaninahenry.com\/de\/wp-json\/wp\/v2\/types\/product"}],"wp:attachment":[{"href":"https:\/\/vaninahenry.com\/de\/wp-json\/wp\/v2\/media?parent=66499"}],"wp:term":[{"taxonomy":"product_brand","embeddable":true,"href":"https:\/\/vaninahenry.com\/de\/wp-json\/wp\/v2\/product_brand?post=66499"},{"taxonomy":"product_cat","embeddable":true,"href":"https:\/\/vaninahenry.com\/de\/wp-json\/wp\/v2\/product_cat?post=66499"},{"taxonomy":"product_tag","embeddable":true,"href":"https:\/\/vaninahenry.com\/de\/wp-json\/wp\/v2\/product_tag?post=66499"}],"curies":[{"name":"wp","href":"https:\/\/api.w.org\/{rel}","templated":true}]}}