{"id":66111,"date":"2021-11-05T09:49:47","date_gmt":"2021-11-05T08:49:53","guid":{"rendered":"https:\/\/vaninahenry.com\/?post_type=product&#038;p=66111"},"modified":"2021-12-06T15:27:09","modified_gmt":"2021-12-06T14:27:09","slug":"b2-bas-perfore-slim","status":"publish","type":"product","link":"https:\/\/vaninahenry.com\/de\/produkt\/b2-bas-perfore-slim\/","title":{"rendered":"B2 Bas Perfor\u00e9 SLIM"},"content":{"rendered":"","protected":false},"excerpt":{"rendered":"<p><span style=\"color: #9a7541;\">B2 perforiert SLIM<\/span> ist ein Sideboard, das in jeden Raum des Hauses passt.<\/p>\n<p>Abmessungen: Breite 80 cm, Tiefe 28 cm, H\u00f6he 102 cm;<\/p>\n<p>Er ist mit einem lackierten Metallgriff oder einem Eichenholzgriff erh\u00e4ltlich.<\/p>\n<p><img decoding=\"async\" class=\"alignnone size-full wp-image-53534\" src=\"http:\/\/vaninahenry.com\/wp-content\/uploads\/2021\/07\/Tolix-nuancier_B.png\" alt=\"\" width=\"1024\" height=\"988\" srcset=\"https:\/\/vaninahenry.com\/wp-content\/uploads\/2021\/07\/Tolix-nuancier_B.png 1024w, https:\/\/vaninahenry.com\/wp-content\/uploads\/2021\/07\/Tolix-nuancier_B-600x579.png 600w, https:\/\/vaninahenry.com\/wp-content\/uploads\/2021\/07\/Tolix-nuancier_B-300x289.png 300w, https:\/\/vaninahenry.com\/wp-content\/uploads\/2021\/07\/Tolix-nuancier_B-768x741.png 768w\" sizes=\"(max-width: 1024px) 100vw, 1024px\" \/><\/p>\n<p><a href=\"https:\/\/vaninahenry.com\/contact\/?lang=de\">Wenn Sie andere Farben w\u00fcnschen,<strong><span style=\"color: #9a7541;\"> kontaktieren Sie uns bitte!<\/span><\/strong><\/a><\/p>\n<p>Gesch\u00e4tzte Lieferzeit: 6 Wochen.<\/p>\n<p>&nbsp;<\/p>\n<p><a href=\"https:\/\/vaninahenry.com\/marque\/tolix\/?lang=de\" target=\"_blank\" rel=\"noopener\"><span style=\"color: #9a7541;\">Mehr \u00fcber TOLIX<\/span><\/a><\/p>\n<p>&nbsp;<\/p>\n","protected":false},"featured_media":66197,"template":"","meta":{"_acf_changed":false,"inline_featured_image":false},"product_brand":[],"product_cat":[393,595],"product_tag":[],"class_list":{"0":"post-66111","1":"product","2":"type-product","3":"status-publish","4":"has-post-thumbnail","6":"product_cat-design-moebel","7":"product_cat-favorit","8":"product_shipping_class-tolix-de","10":"first","11":"outofstock","12":"taxable","13":"shipping-taxable","14":"product-type-variable"},"acf":[],"yoast_head":"<!-- This site is optimized with the Yoast SEO plugin v26.7 - https:\/\/yoast.com\/wordpress\/plugins\/seo\/ -->\n<title>B2 Bas Perfor\u00e9 SLIM - Vanina Henry<\/title>\n<meta name=\"robots\" content=\"index, follow, max-snippet:-1, max-image-preview:large, max-video-preview:-1\" \/>\n<link rel=\"canonical\" href=\"https:\/\/vaninahenry.com\/de\/produkt\/b2-bas-perfore-slim\/\" \/>\n<meta property=\"og:locale\" content=\"de_DE\" \/>\n<meta property=\"og:type\" content=\"article\" \/>\n<meta property=\"og:title\" content=\"B2 Bas Perfor\u00e9 SLIM - Vanina Henry\" \/>\n<meta property=\"og:description\" content=\"B2 perforiert SLIM ist ein Sideboard, das in jeden Raum des Hauses passt.  Abmessungen: Breite 80 cm, Tiefe 28 cm, H\u00f6he 102 cm;  Er ist mit einem lackierten Metallgriff oder einem Eichenholzgriff erh\u00e4ltlich.    Wenn Sie andere Farben w\u00fcnschen, kontaktieren Sie uns bitte!  Gesch\u00e4tzte Lieferzeit: 6 Wochen.  &nbsp;  Mehr \u00fcber TOLIX  &nbsp;\" \/>\n<meta property=\"og:url\" content=\"https:\/\/vaninahenry.com\/de\/produkt\/b2-bas-perfore-slim\/\" \/>\n<meta property=\"og:site_name\" content=\"Vanina Henry\" \/>\n<meta property=\"article:publisher\" content=\"https:\/\/www.facebook.com\/designbyvaninahenry\" \/>\n<meta property=\"article:modified_time\" content=\"2021-12-06T14:27:09+00:00\" \/>\n<meta property=\"og:image\" content=\"https:\/\/vaninahenry.com\/wp-content\/uploads\/2021\/11\/2021_04_TOLIX-Karlsruhe978-JMauloubier.jpg\" \/>\n\t<meta property=\"og:image:width\" content=\"934\" \/>\n\t<meta property=\"og:image:height\" content=\"1400\" \/>\n\t<meta property=\"og:image:type\" content=\"image\/jpeg\" \/>\n<meta name=\"twitter:card\" content=\"summary_large_image\" \/>\n<script type=\"application\/ld+json\" class=\"yoast-schema-graph\">{\"@context\":\"https:\/\/schema.org\",\"@graph\":[{\"@type\":\"WebPage\",\"@id\":\"https:\/\/vaninahenry.com\/de\/produkt\/b2-bas-perfore-slim\/\",\"url\":\"https:\/\/vaninahenry.com\/de\/produkt\/b2-bas-perfore-slim\/\",\"name\":\"B2 Bas Perfor\u00e9 SLIM - Vanina Henry\",\"isPartOf\":{\"@id\":\"https:\/\/vaninahenry.com\/#website\"},\"primaryImageOfPage\":{\"@id\":\"https:\/\/vaninahenry.com\/de\/produkt\/b2-bas-perfore-slim\/#primaryimage\"},\"image\":{\"@id\":\"https:\/\/vaninahenry.com\/de\/produkt\/b2-bas-perfore-slim\/#primaryimage\"},\"thumbnailUrl\":\"https:\/\/vaninahenry.com\/wp-content\/uploads\/2021\/11\/2021_04_TOLIX-Karlsruhe978-JMauloubier.jpg\",\"datePublished\":\"2021-11-05T08:49:53+00:00\",\"dateModified\":\"2021-12-06T14:27:09+00:00\",\"breadcrumb\":{\"@id\":\"https:\/\/vaninahenry.com\/de\/produkt\/b2-bas-perfore-slim\/#breadcrumb\"},\"inLanguage\":\"de\",\"potentialAction\":[{\"@type\":\"ReadAction\",\"target\":[\"https:\/\/vaninahenry.com\/de\/produkt\/b2-bas-perfore-slim\/\"]}]},{\"@type\":\"ImageObject\",\"inLanguage\":\"de\",\"@id\":\"https:\/\/vaninahenry.com\/de\/produkt\/b2-bas-perfore-slim\/#primaryimage\",\"url\":\"https:\/\/vaninahenry.com\/wp-content\/uploads\/2021\/11\/2021_04_TOLIX-Karlsruhe978-JMauloubier.jpg\",\"contentUrl\":\"https:\/\/vaninahenry.com\/wp-content\/uploads\/2021\/11\/2021_04_TOLIX-Karlsruhe978-JMauloubier.jpg\",\"width\":934,\"height\":1400},{\"@type\":\"BreadcrumbList\",\"@id\":\"https:\/\/vaninahenry.com\/de\/produkt\/b2-bas-perfore-slim\/#breadcrumb\",\"itemListElement\":[{\"@type\":\"ListItem\",\"position\":1,\"name\":\"Accueil\",\"item\":\"https:\/\/vaninahenry.com\/de\/\"},{\"@type\":\"ListItem\",\"position\":2,\"name\":\"Shop\",\"item\":\"https:\/\/vaninahenry.com\/boutique\/\"},{\"@type\":\"ListItem\",\"position\":3,\"name\":\"B2 Bas Perfor\u00e9 SLIM\"}]},{\"@type\":\"WebSite\",\"@id\":\"https:\/\/vaninahenry.com\/#website\",\"url\":\"https:\/\/vaninahenry.com\/\",\"name\":\"Vanina Henry\",\"description\":\"\",\"publisher\":{\"@id\":\"https:\/\/vaninahenry.com\/#organization\"},\"potentialAction\":[{\"@type\":\"SearchAction\",\"target\":{\"@type\":\"EntryPoint\",\"urlTemplate\":\"https:\/\/vaninahenry.com\/?s={search_term_string}\"},\"query-input\":{\"@type\":\"PropertyValueSpecification\",\"valueRequired\":true,\"valueName\":\"search_term_string\"}}],\"inLanguage\":\"de\"},{\"@type\":\"Organization\",\"@id\":\"https:\/\/vaninahenry.com\/#organization\",\"name\":\"Vanina Henry\",\"url\":\"https:\/\/vaninahenry.com\/\",\"logo\":{\"@type\":\"ImageObject\",\"inLanguage\":\"de\",\"@id\":\"https:\/\/vaninahenry.com\/#\/schema\/logo\/image\/\",\"url\":\"http:\/\/vaninahenry.com\/wp-content\/uploads\/2021\/10\/Logo-design-by-VaninaHenry.png\",\"contentUrl\":\"http:\/\/vaninahenry.com\/wp-content\/uploads\/2021\/10\/Logo-design-by-VaninaHenry.png\",\"width\":711,\"height\":467,\"caption\":\"Vanina Henry\"},\"image\":{\"@id\":\"https:\/\/vaninahenry.com\/#\/schema\/logo\/image\/\"},\"sameAs\":[\"https:\/\/www.facebook.com\/designbyvaninahenry\",\"https:\/\/www.instagram.com\/vaninahenry\/\"]}]}<\/script>\n<!-- \/ Yoast SEO plugin. -->","yoast_head_json":{"title":"B2 Bas Perfor\u00e9 SLIM - Vanina Henry","robots":{"index":"index","follow":"follow","max-snippet":"max-snippet:-1","max-image-preview":"max-image-preview:large","max-video-preview":"max-video-preview:-1"},"canonical":"https:\/\/vaninahenry.com\/de\/produkt\/b2-bas-perfore-slim\/","og_locale":"de_DE","og_type":"article","og_title":"B2 Bas Perfor\u00e9 SLIM - Vanina Henry","og_description":"B2 perforiert SLIM ist ein Sideboard, das in jeden Raum des Hauses passt.  Abmessungen: Breite 80 cm, Tiefe 28 cm, H\u00f6he 102 cm;  Er ist mit einem lackierten Metallgriff oder einem Eichenholzgriff erh\u00e4ltlich.    Wenn Sie andere Farben w\u00fcnschen, kontaktieren Sie uns bitte!  Gesch\u00e4tzte Lieferzeit: 6 Wochen.  &nbsp;  Mehr \u00fcber TOLIX  &nbsp;","og_url":"https:\/\/vaninahenry.com\/de\/produkt\/b2-bas-perfore-slim\/","og_site_name":"Vanina Henry","article_publisher":"https:\/\/www.facebook.com\/designbyvaninahenry","article_modified_time":"2021-12-06T14:27:09+00:00","og_image":[{"width":934,"height":1400,"url":"https:\/\/vaninahenry.com\/wp-content\/uploads\/2021\/11\/2021_04_TOLIX-Karlsruhe978-JMauloubier.jpg","type":"image\/jpeg"}],"twitter_card":"summary_large_image","schema":{"@context":"https:\/\/schema.org","@graph":[{"@type":"WebPage","@id":"https:\/\/vaninahenry.com\/de\/produkt\/b2-bas-perfore-slim\/","url":"https:\/\/vaninahenry.com\/de\/produkt\/b2-bas-perfore-slim\/","name":"B2 Bas Perfor\u00e9 SLIM - Vanina Henry","isPartOf":{"@id":"https:\/\/vaninahenry.com\/#website"},"primaryImageOfPage":{"@id":"https:\/\/vaninahenry.com\/de\/produkt\/b2-bas-perfore-slim\/#primaryimage"},"image":{"@id":"https:\/\/vaninahenry.com\/de\/produkt\/b2-bas-perfore-slim\/#primaryimage"},"thumbnailUrl":"https:\/\/vaninahenry.com\/wp-content\/uploads\/2021\/11\/2021_04_TOLIX-Karlsruhe978-JMauloubier.jpg","datePublished":"2021-11-05T08:49:53+00:00","dateModified":"2021-12-06T14:27:09+00:00","breadcrumb":{"@id":"https:\/\/vaninahenry.com\/de\/produkt\/b2-bas-perfore-slim\/#breadcrumb"},"inLanguage":"de","potentialAction":[{"@type":"ReadAction","target":["https:\/\/vaninahenry.com\/de\/produkt\/b2-bas-perfore-slim\/"]}]},{"@type":"ImageObject","inLanguage":"de","@id":"https:\/\/vaninahenry.com\/de\/produkt\/b2-bas-perfore-slim\/#primaryimage","url":"https:\/\/vaninahenry.com\/wp-content\/uploads\/2021\/11\/2021_04_TOLIX-Karlsruhe978-JMauloubier.jpg","contentUrl":"https:\/\/vaninahenry.com\/wp-content\/uploads\/2021\/11\/2021_04_TOLIX-Karlsruhe978-JMauloubier.jpg","width":934,"height":1400},{"@type":"BreadcrumbList","@id":"https:\/\/vaninahenry.com\/de\/produkt\/b2-bas-perfore-slim\/#breadcrumb","itemListElement":[{"@type":"ListItem","position":1,"name":"Accueil","item":"https:\/\/vaninahenry.com\/de\/"},{"@type":"ListItem","position":2,"name":"Shop","item":"https:\/\/vaninahenry.com\/boutique\/"},{"@type":"ListItem","position":3,"name":"B2 Bas Perfor\u00e9 SLIM"}]},{"@type":"WebSite","@id":"https:\/\/vaninahenry.com\/#website","url":"https:\/\/vaninahenry.com\/","name":"Vanina Henry","description":"","publisher":{"@id":"https:\/\/vaninahenry.com\/#organization"},"potentialAction":[{"@type":"SearchAction","target":{"@type":"EntryPoint","urlTemplate":"https:\/\/vaninahenry.com\/?s={search_term_string}"},"query-input":{"@type":"PropertyValueSpecification","valueRequired":true,"valueName":"search_term_string"}}],"inLanguage":"de"},{"@type":"Organization","@id":"https:\/\/vaninahenry.com\/#organization","name":"Vanina Henry","url":"https:\/\/vaninahenry.com\/","logo":{"@type":"ImageObject","inLanguage":"de","@id":"https:\/\/vaninahenry.com\/#\/schema\/logo\/image\/","url":"http:\/\/vaninahenry.com\/wp-content\/uploads\/2021\/10\/Logo-design-by-VaninaHenry.png","contentUrl":"http:\/\/vaninahenry.com\/wp-content\/uploads\/2021\/10\/Logo-design-by-VaninaHenry.png","width":711,"height":467,"caption":"Vanina Henry"},"image":{"@id":"https:\/\/vaninahenry.com\/#\/schema\/logo\/image\/"},"sameAs":["https:\/\/www.facebook.com\/designbyvaninahenry","https:\/\/www.instagram.com\/vaninahenry\/"]}]}},"_links":{"self":[{"href":"https:\/\/vaninahenry.com\/de\/wp-json\/wp\/v2\/product\/66111","targetHints":{"allow":["GET"]}}],"collection":[{"href":"https:\/\/vaninahenry.com\/de\/wp-json\/wp\/v2\/product"}],"about":[{"href":"https:\/\/vaninahenry.com\/de\/wp-json\/wp\/v2\/types\/product"}],"wp:featuredmedia":[{"embeddable":true,"href":"https:\/\/vaninahenry.com\/de\/wp-json\/wp\/v2\/media\/66197"}],"wp:attachment":[{"href":"https:\/\/vaninahenry.com\/de\/wp-json\/wp\/v2\/media?parent=66111"}],"wp:term":[{"taxonomy":"product_brand","embeddable":true,"href":"https:\/\/vaninahenry.com\/de\/wp-json\/wp\/v2\/product_brand?post=66111"},{"taxonomy":"product_cat","embeddable":true,"href":"https:\/\/vaninahenry.com\/de\/wp-json\/wp\/v2\/product_cat?post=66111"},{"taxonomy":"product_tag","embeddable":true,"href":"https:\/\/vaninahenry.com\/de\/wp-json\/wp\/v2\/product_tag?post=66111"}],"curies":[{"name":"wp","href":"https:\/\/api.w.org\/{rel}","templated":true}]}}