{"id":65231,"date":"2021-11-04T08:43:55","date_gmt":"2021-11-04T07:43:59","guid":{"rendered":"https:\/\/vaninahenry.com\/?post_type=product&#038;p=65231"},"modified":"2022-11-21T14:41:36","modified_gmt":"2022-11-21T13:41:36","slug":"pied-de-table-et-bureau-enfant-50cm","status":"publish","type":"product","link":"https:\/\/vaninahenry.com\/de\/produkt\/pied-de-table-et-bureau-enfant-50cm\/","title":{"rendered":"Kinderschreibtisch und Tischst\u00e4nder \u2013 50cm"},"content":{"rendered":"","protected":false},"excerpt":{"rendered":"<p>Mit diesem kleinen Stahlst\u00e4nder k\u00f6nnen Sie den Schreibtisch Ihres Kindes mit allen m\u00f6glichen Ablagen gestalten. Die H\u00f6he ist perfekt f\u00fcr Kinder von<span style=\"color: #9a7541;\"> 3 bis 6 Jahren<\/span>.<\/p>\n<p>Wie der Rest des TIPTOE-Sortiments wird auch die KIDS-Kollektion zu 100 % in Europa aus <span style=\"color: #9a7541;\">edlen, soliden und langlebigen Materialien hergestellt<\/span>.<\/p>\n<p>Kr\u00e4ftige und fr\u00f6hliche Farben, die perfekt in das Universum der Kleinen passen.<\/p>\n<p>&nbsp;<\/p>\n<p><a href=\"https:\/\/vaninahenry.com\/marque\/tiptoe\/?lang=de\" target=\"_blank\" rel=\"noopener\"><span style=\"color: #9a7541;\">Entdecken Sie das Konzept von TIPTOE und seine verschiedenen Produkte.<\/span><\/a><\/p>\n","protected":false},"featured_media":106645,"template":"","meta":{"_acf_changed":false,"inline_featured_image":false},"product_brand":[],"product_cat":[393,396],"product_tag":[],"class_list":{"0":"post-65231","1":"product","2":"type-product","3":"status-publish","4":"has-post-thumbnail","6":"product_cat-design-moebel","7":"product_cat-sustainable-de","8":"product_shipping_class-tiptoe-de","10":"first","11":"outofstock","12":"taxable","13":"shipping-taxable","14":"purchasable","15":"product-type-variable"},"acf":[],"yoast_head":"<!-- This site is optimized with the Yoast SEO plugin v26.7 - https:\/\/yoast.com\/wordpress\/plugins\/seo\/ -->\n<title>Kinderschreibtisch und Tischst\u00e4nder \u2013 50cm - Vanina Henry<\/title>\n<meta name=\"robots\" content=\"index, follow, max-snippet:-1, max-image-preview:large, max-video-preview:-1\" \/>\n<link rel=\"canonical\" href=\"https:\/\/vaninahenry.com\/produkt\/pied-de-table-et-bureau-enfant-50cm\/\" \/>\n<meta property=\"og:locale\" content=\"de_DE\" \/>\n<meta property=\"og:type\" content=\"article\" \/>\n<meta property=\"og:title\" content=\"Kinderschreibtisch und Tischst\u00e4nder \u2013 50cm - Vanina Henry\" \/>\n<meta property=\"og:description\" content=\"Mit diesem kleinen Stahlst\u00e4nder k\u00f6nnen Sie den Schreibtisch Ihres Kindes mit allen m\u00f6glichen Ablagen gestalten. Die H\u00f6he ist perfekt f\u00fcr Kinder von 3 bis 6 Jahren.  Wie der Rest des TIPTOE-Sortiments wird auch die KIDS-Kollektion zu 100 % in Europa aus edlen, soliden und langlebigen Materialien hergestellt.  Kr\u00e4ftige und fr\u00f6hliche Farben, die perfekt in das Universum der Kleinen passen.  &nbsp;  Entdecken Sie das Konzept von TIPTOE und seine verschiedenen Produkte.\" \/>\n<meta property=\"og:url\" content=\"https:\/\/vaninahenry.com\/produkt\/pied-de-table-et-bureau-enfant-50cm\/\" \/>\n<meta property=\"og:site_name\" content=\"Vanina Henry\" \/>\n<meta property=\"article:publisher\" content=\"https:\/\/www.facebook.com\/designbyvaninahenry\" \/>\n<meta property=\"article:modified_time\" content=\"2022-11-21T13:41:36+00:00\" \/>\n<meta name=\"twitter:card\" content=\"summary_large_image\" \/>\n<script type=\"application\/ld+json\" class=\"yoast-schema-graph\">{\"@context\":\"https:\/\/schema.org\",\"@graph\":[{\"@type\":\"WebPage\",\"@id\":\"https:\/\/vaninahenry.com\/produkt\/pied-de-table-et-bureau-enfant-50cm\/\",\"url\":\"https:\/\/vaninahenry.com\/produkt\/pied-de-table-et-bureau-enfant-50cm\/\",\"name\":\"Kinderschreibtisch und Tischst\u00e4nder \u2013 50cm - Vanina Henry\",\"isPartOf\":{\"@id\":\"https:\/\/vaninahenry.com\/#website\"},\"primaryImageOfPage\":{\"@id\":\"https:\/\/vaninahenry.com\/produkt\/pied-de-table-et-bureau-enfant-50cm\/#primaryimage\"},\"image\":{\"@id\":\"https:\/\/vaninahenry.com\/produkt\/pied-de-table-et-bureau-enfant-50cm\/#primaryimage\"},\"thumbnailUrl\":\"\",\"datePublished\":\"2021-11-04T07:43:59+00:00\",\"dateModified\":\"2022-11-21T13:41:36+00:00\",\"breadcrumb\":{\"@id\":\"https:\/\/vaninahenry.com\/produkt\/pied-de-table-et-bureau-enfant-50cm\/#breadcrumb\"},\"inLanguage\":\"de\",\"potentialAction\":[{\"@type\":\"ReadAction\",\"target\":[\"https:\/\/vaninahenry.com\/produkt\/pied-de-table-et-bureau-enfant-50cm\/\"]}]},{\"@type\":\"ImageObject\",\"inLanguage\":\"de\",\"@id\":\"https:\/\/vaninahenry.com\/produkt\/pied-de-table-et-bureau-enfant-50cm\/#primaryimage\",\"url\":\"\",\"contentUrl\":\"\"},{\"@type\":\"BreadcrumbList\",\"@id\":\"https:\/\/vaninahenry.com\/produkt\/pied-de-table-et-bureau-enfant-50cm\/#breadcrumb\",\"itemListElement\":[{\"@type\":\"ListItem\",\"position\":1,\"name\":\"Accueil\",\"item\":\"https:\/\/vaninahenry.com\/de\/\"},{\"@type\":\"ListItem\",\"position\":2,\"name\":\"Shop\",\"item\":\"https:\/\/vaninahenry.com\/boutique\/\"},{\"@type\":\"ListItem\",\"position\":3,\"name\":\"Kinderschreibtisch und Tischst\u00e4nder \u2013 50cm\"}]},{\"@type\":\"WebSite\",\"@id\":\"https:\/\/vaninahenry.com\/#website\",\"url\":\"https:\/\/vaninahenry.com\/\",\"name\":\"Vanina Henry\",\"description\":\"\",\"publisher\":{\"@id\":\"https:\/\/vaninahenry.com\/#organization\"},\"potentialAction\":[{\"@type\":\"SearchAction\",\"target\":{\"@type\":\"EntryPoint\",\"urlTemplate\":\"https:\/\/vaninahenry.com\/?s={search_term_string}\"},\"query-input\":{\"@type\":\"PropertyValueSpecification\",\"valueRequired\":true,\"valueName\":\"search_term_string\"}}],\"inLanguage\":\"de\"},{\"@type\":\"Organization\",\"@id\":\"https:\/\/vaninahenry.com\/#organization\",\"name\":\"Vanina Henry\",\"url\":\"https:\/\/vaninahenry.com\/\",\"logo\":{\"@type\":\"ImageObject\",\"inLanguage\":\"de\",\"@id\":\"https:\/\/vaninahenry.com\/#\/schema\/logo\/image\/\",\"url\":\"http:\/\/vaninahenry.com\/wp-content\/uploads\/2021\/10\/Logo-design-by-VaninaHenry.png\",\"contentUrl\":\"http:\/\/vaninahenry.com\/wp-content\/uploads\/2021\/10\/Logo-design-by-VaninaHenry.png\",\"width\":711,\"height\":467,\"caption\":\"Vanina Henry\"},\"image\":{\"@id\":\"https:\/\/vaninahenry.com\/#\/schema\/logo\/image\/\"},\"sameAs\":[\"https:\/\/www.facebook.com\/designbyvaninahenry\",\"https:\/\/www.instagram.com\/vaninahenry\/\"]}]}<\/script>\n<!-- \/ Yoast SEO plugin. -->","yoast_head_json":{"title":"Kinderschreibtisch und Tischst\u00e4nder \u2013 50cm - Vanina Henry","robots":{"index":"index","follow":"follow","max-snippet":"max-snippet:-1","max-image-preview":"max-image-preview:large","max-video-preview":"max-video-preview:-1"},"canonical":"https:\/\/vaninahenry.com\/produkt\/pied-de-table-et-bureau-enfant-50cm\/","og_locale":"de_DE","og_type":"article","og_title":"Kinderschreibtisch und Tischst\u00e4nder \u2013 50cm - Vanina Henry","og_description":"Mit diesem kleinen Stahlst\u00e4nder k\u00f6nnen Sie den Schreibtisch Ihres Kindes mit allen m\u00f6glichen Ablagen gestalten. Die H\u00f6he ist perfekt f\u00fcr Kinder von 3 bis 6 Jahren.  Wie der Rest des TIPTOE-Sortiments wird auch die KIDS-Kollektion zu 100 % in Europa aus edlen, soliden und langlebigen Materialien hergestellt.  Kr\u00e4ftige und fr\u00f6hliche Farben, die perfekt in das Universum der Kleinen passen.  &nbsp;  Entdecken Sie das Konzept von TIPTOE und seine verschiedenen Produkte.","og_url":"https:\/\/vaninahenry.com\/produkt\/pied-de-table-et-bureau-enfant-50cm\/","og_site_name":"Vanina Henry","article_publisher":"https:\/\/www.facebook.com\/designbyvaninahenry","article_modified_time":"2022-11-21T13:41:36+00:00","twitter_card":"summary_large_image","schema":{"@context":"https:\/\/schema.org","@graph":[{"@type":"WebPage","@id":"https:\/\/vaninahenry.com\/produkt\/pied-de-table-et-bureau-enfant-50cm\/","url":"https:\/\/vaninahenry.com\/produkt\/pied-de-table-et-bureau-enfant-50cm\/","name":"Kinderschreibtisch und Tischst\u00e4nder \u2013 50cm - Vanina Henry","isPartOf":{"@id":"https:\/\/vaninahenry.com\/#website"},"primaryImageOfPage":{"@id":"https:\/\/vaninahenry.com\/produkt\/pied-de-table-et-bureau-enfant-50cm\/#primaryimage"},"image":{"@id":"https:\/\/vaninahenry.com\/produkt\/pied-de-table-et-bureau-enfant-50cm\/#primaryimage"},"thumbnailUrl":"","datePublished":"2021-11-04T07:43:59+00:00","dateModified":"2022-11-21T13:41:36+00:00","breadcrumb":{"@id":"https:\/\/vaninahenry.com\/produkt\/pied-de-table-et-bureau-enfant-50cm\/#breadcrumb"},"inLanguage":"de","potentialAction":[{"@type":"ReadAction","target":["https:\/\/vaninahenry.com\/produkt\/pied-de-table-et-bureau-enfant-50cm\/"]}]},{"@type":"ImageObject","inLanguage":"de","@id":"https:\/\/vaninahenry.com\/produkt\/pied-de-table-et-bureau-enfant-50cm\/#primaryimage","url":"","contentUrl":""},{"@type":"BreadcrumbList","@id":"https:\/\/vaninahenry.com\/produkt\/pied-de-table-et-bureau-enfant-50cm\/#breadcrumb","itemListElement":[{"@type":"ListItem","position":1,"name":"Accueil","item":"https:\/\/vaninahenry.com\/de\/"},{"@type":"ListItem","position":2,"name":"Shop","item":"https:\/\/vaninahenry.com\/boutique\/"},{"@type":"ListItem","position":3,"name":"Kinderschreibtisch und Tischst\u00e4nder \u2013 50cm"}]},{"@type":"WebSite","@id":"https:\/\/vaninahenry.com\/#website","url":"https:\/\/vaninahenry.com\/","name":"Vanina Henry","description":"","publisher":{"@id":"https:\/\/vaninahenry.com\/#organization"},"potentialAction":[{"@type":"SearchAction","target":{"@type":"EntryPoint","urlTemplate":"https:\/\/vaninahenry.com\/?s={search_term_string}"},"query-input":{"@type":"PropertyValueSpecification","valueRequired":true,"valueName":"search_term_string"}}],"inLanguage":"de"},{"@type":"Organization","@id":"https:\/\/vaninahenry.com\/#organization","name":"Vanina Henry","url":"https:\/\/vaninahenry.com\/","logo":{"@type":"ImageObject","inLanguage":"de","@id":"https:\/\/vaninahenry.com\/#\/schema\/logo\/image\/","url":"http:\/\/vaninahenry.com\/wp-content\/uploads\/2021\/10\/Logo-design-by-VaninaHenry.png","contentUrl":"http:\/\/vaninahenry.com\/wp-content\/uploads\/2021\/10\/Logo-design-by-VaninaHenry.png","width":711,"height":467,"caption":"Vanina Henry"},"image":{"@id":"https:\/\/vaninahenry.com\/#\/schema\/logo\/image\/"},"sameAs":["https:\/\/www.facebook.com\/designbyvaninahenry","https:\/\/www.instagram.com\/vaninahenry\/"]}]}},"_links":{"self":[{"href":"https:\/\/vaninahenry.com\/de\/wp-json\/wp\/v2\/product\/65231","targetHints":{"allow":["GET"]}}],"collection":[{"href":"https:\/\/vaninahenry.com\/de\/wp-json\/wp\/v2\/product"}],"about":[{"href":"https:\/\/vaninahenry.com\/de\/wp-json\/wp\/v2\/types\/product"}],"wp:featuredmedia":[{"embeddable":true,"href":"https:\/\/vaninahenry.com\/de\/wp-json\/"}],"wp:attachment":[{"href":"https:\/\/vaninahenry.com\/de\/wp-json\/wp\/v2\/media?parent=65231"}],"wp:term":[{"taxonomy":"product_brand","embeddable":true,"href":"https:\/\/vaninahenry.com\/de\/wp-json\/wp\/v2\/product_brand?post=65231"},{"taxonomy":"product_cat","embeddable":true,"href":"https:\/\/vaninahenry.com\/de\/wp-json\/wp\/v2\/product_cat?post=65231"},{"taxonomy":"product_tag","embeddable":true,"href":"https:\/\/vaninahenry.com\/de\/wp-json\/wp\/v2\/product_tag?post=65231"}],"curies":[{"name":"wp","href":"https:\/\/api.w.org\/{rel}","templated":true}]}}