{"id":64747,"date":"2021-10-28T15:02:51","date_gmt":"2021-10-28T13:02:53","guid":{"rendered":"https:\/\/vaninahenry.com\/?post_type=product&#038;p=64747"},"modified":"2023-12-04T15:52:23","modified_gmt":"2023-12-04T14:52:23","slug":"intreccio-tc1","status":"publish","type":"product","link":"https:\/\/vaninahenry.com\/de\/produkt\/intreccio-tc1\/","title":{"rendered":"Intreccio"},"content":{"rendered":"<p><span style=\"color: #9a7541;\">POTOCCO<\/span> passt Ihren Tisch aus den vielen m\u00f6glichen Materialien an und stellt ihn individuell zusammen.<br \/>\nWir bieten Ihnen pers\u00f6nliche Beratung, <a href=\"https:\/\/vaninahenry.com\/contact\/?lang=de\" target=\"_blank\" rel=\"noopener\"><strong><span style=\"color: #9a7541;\">vereinbaren Sie einen Termin.<\/span><\/strong><\/a><\/p>\n<p><a href=\"http:\/\/vaninahenry.com\/wp-content\/uploads\/2023\/12\/Potocco-Indoor-Finishes.pdf\" target=\"_blank\" rel=\"noopener\"><span style=\"color: #9a7541;\">Laden Sie hier die Liste der POTOCCO-Veredelungen herunter.<\/span><\/a><\/p>\n<p><a href=\"https:\/\/vaninahenry.com\/marque\/potocco\/?lang=de\" target=\"_blank\" rel=\"noopener\"><span style=\"color: #9a7541;\">ERFAHREN SIE MEHR \u00dcBER POTOCCO.<\/span><\/a><\/p>\n<p>&nbsp;<\/p>\n","protected":false},"excerpt":{"rendered":"<p><span style=\"color: #9a7541;\">Intreccio 950 TC FIX<\/span><\/p>\n<p>Er besteht aus einem zentralen Sockel aus 14 geformten Elementen aus massivem Eschenholz, die sich gegenseitig zu ber\u00fchren scheinen.<\/p>\n<p>Auf ihnen ruht ein rundes Tablett mit einer zentralen Verl\u00e4ngerung \u00d8 140cm + 50cm.<\/p>\n<p><img decoding=\"async\" class=\"aligncenter wp-image-64716\" src=\"http:\/\/vaninahenry.com\/wp-content\/uploads\/2021\/10\/wood-2-1.jpg\" alt=\"\" width=\"700\" height=\"721\" srcset=\"https:\/\/vaninahenry.com\/wp-content\/uploads\/2021\/10\/wood-2-1.jpg 945w, https:\/\/vaninahenry.com\/wp-content\/uploads\/2021\/10\/wood-2-1-600x618.jpg 600w, https:\/\/vaninahenry.com\/wp-content\/uploads\/2021\/10\/wood-2-1-291x300.jpg 291w, https:\/\/vaninahenry.com\/wp-content\/uploads\/2021\/10\/wood-2-1-768x792.jpg 768w\" sizes=\"(max-width: 700px) 100vw, 700px\" \/><\/p>\n<p>Grundplatte aus bronziertem Messing.<\/p>\n<p>&nbsp;<\/p>\n<p>Intreccio ist auch in einer festen Version <a href=\"https:\/\/vaninahenry.com\/produit\/intreccio\/?lang=de\"><span style=\"color: #9a7541;\">Intreccio 950 FIX<\/span><\/a> erh\u00e4ltlich.<\/p>\n<p>&nbsp;<\/p>\n<p>&nbsp;<\/p>\n<p>Die Lieferung ist im Preis inbegriffen.<br \/>\nLieferfrist nur in Luxemburg: etwa 8 Wochen.<\/p>\n","protected":false},"featured_media":67035,"template":"","meta":{"_acf_changed":false,"inline_featured_image":false},"product_brand":[],"product_cat":[393],"product_tag":[],"class_list":{"0":"post-64747","1":"product","2":"type-product","3":"status-publish","4":"has-post-thumbnail","6":"product_cat-design-moebel","7":"product_shipping_class-potocco-de","9":"first","10":"instock","11":"taxable","12":"shipping-taxable","13":"product-type-variable"},"acf":[],"yoast_head":"<!-- This site is optimized with the Yoast SEO plugin v26.7 - https:\/\/yoast.com\/wordpress\/plugins\/seo\/ -->\n<title>Intreccio - Vanina Henry<\/title>\n<meta name=\"robots\" content=\"index, follow, max-snippet:-1, max-image-preview:large, max-video-preview:-1\" \/>\n<link rel=\"canonical\" href=\"https:\/\/vaninahenry.com\/produkt\/intreccio-tc1\/\" \/>\n<meta property=\"og:locale\" content=\"de_DE\" \/>\n<meta property=\"og:type\" content=\"article\" \/>\n<meta property=\"og:title\" content=\"Intreccio - Vanina Henry\" \/>\n<meta property=\"og:description\" content=\"Intreccio 950 TC FIX  Er besteht aus einem zentralen Sockel aus 14 geformten Elementen aus massivem Eschenholz, die sich gegenseitig zu ber\u00fchren scheinen.  Auf ihnen ruht ein rundes Tablett mit einer zentralen Verl\u00e4ngerung \u00d8 140cm + 50cm.    Grundplatte aus bronziertem Messing.  &nbsp;  Intreccio ist auch in einer festen Version Intreccio 950 FIX erh\u00e4ltlich.  &nbsp;  &nbsp;  Die Lieferung ist im Preis inbegriffen. Lieferfrist nur in Luxemburg: etwa 8 Wochen.\" \/>\n<meta property=\"og:url\" content=\"https:\/\/vaninahenry.com\/produkt\/intreccio-tc1\/\" \/>\n<meta property=\"og:site_name\" content=\"Vanina Henry\" \/>\n<meta property=\"article:publisher\" content=\"https:\/\/www.facebook.com\/designbyvaninahenry\" \/>\n<meta property=\"article:modified_time\" content=\"2023-12-04T14:52:23+00:00\" \/>\n<meta property=\"og:image\" content=\"https:\/\/vaninahenry.com\/wp-content\/uploads\/2021\/10\/intreccio-aperto_mod.hd-1.jpg\" \/>\n\t<meta property=\"og:image:width\" content=\"1400\" \/>\n\t<meta property=\"og:image:height\" content=\"1400\" \/>\n\t<meta property=\"og:image:type\" content=\"image\/jpeg\" \/>\n<meta name=\"twitter:card\" content=\"summary_large_image\" \/>\n<meta name=\"twitter:label1\" content=\"Gesch\u00e4tzte Lesezeit\" \/>\n\t<meta name=\"twitter:data1\" content=\"1\u00a0Minute\" \/>\n<script type=\"application\/ld+json\" class=\"yoast-schema-graph\">{\"@context\":\"https:\/\/schema.org\",\"@graph\":[{\"@type\":\"WebPage\",\"@id\":\"https:\/\/vaninahenry.com\/produkt\/intreccio-tc1\/\",\"url\":\"https:\/\/vaninahenry.com\/produkt\/intreccio-tc1\/\",\"name\":\"Intreccio - Vanina Henry\",\"isPartOf\":{\"@id\":\"https:\/\/vaninahenry.com\/#website\"},\"primaryImageOfPage\":{\"@id\":\"https:\/\/vaninahenry.com\/produkt\/intreccio-tc1\/#primaryimage\"},\"image\":{\"@id\":\"https:\/\/vaninahenry.com\/produkt\/intreccio-tc1\/#primaryimage\"},\"thumbnailUrl\":\"https:\/\/vaninahenry.com\/wp-content\/uploads\/2021\/10\/intreccio-aperto_mod.hd-1.jpg\",\"datePublished\":\"2021-10-28T13:02:53+00:00\",\"dateModified\":\"2023-12-04T14:52:23+00:00\",\"breadcrumb\":{\"@id\":\"https:\/\/vaninahenry.com\/produkt\/intreccio-tc1\/#breadcrumb\"},\"inLanguage\":\"de\",\"potentialAction\":[{\"@type\":\"ReadAction\",\"target\":[\"https:\/\/vaninahenry.com\/produkt\/intreccio-tc1\/\"]}]},{\"@type\":\"ImageObject\",\"inLanguage\":\"de\",\"@id\":\"https:\/\/vaninahenry.com\/produkt\/intreccio-tc1\/#primaryimage\",\"url\":\"https:\/\/vaninahenry.com\/wp-content\/uploads\/2021\/10\/intreccio-aperto_mod.hd-1.jpg\",\"contentUrl\":\"https:\/\/vaninahenry.com\/wp-content\/uploads\/2021\/10\/intreccio-aperto_mod.hd-1.jpg\",\"width\":1400,\"height\":1400},{\"@type\":\"BreadcrumbList\",\"@id\":\"https:\/\/vaninahenry.com\/produkt\/intreccio-tc1\/#breadcrumb\",\"itemListElement\":[{\"@type\":\"ListItem\",\"position\":1,\"name\":\"Accueil\",\"item\":\"https:\/\/vaninahenry.com\/de\/\"},{\"@type\":\"ListItem\",\"position\":2,\"name\":\"Shop\",\"item\":\"https:\/\/vaninahenry.com\/boutique\/\"},{\"@type\":\"ListItem\",\"position\":3,\"name\":\"Intreccio\"}]},{\"@type\":\"WebSite\",\"@id\":\"https:\/\/vaninahenry.com\/#website\",\"url\":\"https:\/\/vaninahenry.com\/\",\"name\":\"Vanina Henry\",\"description\":\"\",\"publisher\":{\"@id\":\"https:\/\/vaninahenry.com\/#organization\"},\"potentialAction\":[{\"@type\":\"SearchAction\",\"target\":{\"@type\":\"EntryPoint\",\"urlTemplate\":\"https:\/\/vaninahenry.com\/?s={search_term_string}\"},\"query-input\":{\"@type\":\"PropertyValueSpecification\",\"valueRequired\":true,\"valueName\":\"search_term_string\"}}],\"inLanguage\":\"de\"},{\"@type\":\"Organization\",\"@id\":\"https:\/\/vaninahenry.com\/#organization\",\"name\":\"Vanina Henry\",\"url\":\"https:\/\/vaninahenry.com\/\",\"logo\":{\"@type\":\"ImageObject\",\"inLanguage\":\"de\",\"@id\":\"https:\/\/vaninahenry.com\/#\/schema\/logo\/image\/\",\"url\":\"http:\/\/vaninahenry.com\/wp-content\/uploads\/2021\/10\/Logo-design-by-VaninaHenry.png\",\"contentUrl\":\"http:\/\/vaninahenry.com\/wp-content\/uploads\/2021\/10\/Logo-design-by-VaninaHenry.png\",\"width\":711,\"height\":467,\"caption\":\"Vanina Henry\"},\"image\":{\"@id\":\"https:\/\/vaninahenry.com\/#\/schema\/logo\/image\/\"},\"sameAs\":[\"https:\/\/www.facebook.com\/designbyvaninahenry\",\"https:\/\/www.instagram.com\/vaninahenry\/\"]}]}<\/script>\n<!-- \/ Yoast SEO plugin. -->","yoast_head_json":{"title":"Intreccio - Vanina Henry","robots":{"index":"index","follow":"follow","max-snippet":"max-snippet:-1","max-image-preview":"max-image-preview:large","max-video-preview":"max-video-preview:-1"},"canonical":"https:\/\/vaninahenry.com\/produkt\/intreccio-tc1\/","og_locale":"de_DE","og_type":"article","og_title":"Intreccio - Vanina Henry","og_description":"Intreccio 950 TC FIX  Er besteht aus einem zentralen Sockel aus 14 geformten Elementen aus massivem Eschenholz, die sich gegenseitig zu ber\u00fchren scheinen.  Auf ihnen ruht ein rundes Tablett mit einer zentralen Verl\u00e4ngerung \u00d8 140cm + 50cm.    Grundplatte aus bronziertem Messing.  &nbsp;  Intreccio ist auch in einer festen Version Intreccio 950 FIX erh\u00e4ltlich.  &nbsp;  &nbsp;  Die Lieferung ist im Preis inbegriffen. Lieferfrist nur in Luxemburg: etwa 8 Wochen.","og_url":"https:\/\/vaninahenry.com\/produkt\/intreccio-tc1\/","og_site_name":"Vanina Henry","article_publisher":"https:\/\/www.facebook.com\/designbyvaninahenry","article_modified_time":"2023-12-04T14:52:23+00:00","og_image":[{"width":1400,"height":1400,"url":"https:\/\/vaninahenry.com\/wp-content\/uploads\/2021\/10\/intreccio-aperto_mod.hd-1.jpg","type":"image\/jpeg"}],"twitter_card":"summary_large_image","twitter_misc":{"Gesch\u00e4tzte Lesezeit":"1\u00a0Minute"},"schema":{"@context":"https:\/\/schema.org","@graph":[{"@type":"WebPage","@id":"https:\/\/vaninahenry.com\/produkt\/intreccio-tc1\/","url":"https:\/\/vaninahenry.com\/produkt\/intreccio-tc1\/","name":"Intreccio - Vanina Henry","isPartOf":{"@id":"https:\/\/vaninahenry.com\/#website"},"primaryImageOfPage":{"@id":"https:\/\/vaninahenry.com\/produkt\/intreccio-tc1\/#primaryimage"},"image":{"@id":"https:\/\/vaninahenry.com\/produkt\/intreccio-tc1\/#primaryimage"},"thumbnailUrl":"https:\/\/vaninahenry.com\/wp-content\/uploads\/2021\/10\/intreccio-aperto_mod.hd-1.jpg","datePublished":"2021-10-28T13:02:53+00:00","dateModified":"2023-12-04T14:52:23+00:00","breadcrumb":{"@id":"https:\/\/vaninahenry.com\/produkt\/intreccio-tc1\/#breadcrumb"},"inLanguage":"de","potentialAction":[{"@type":"ReadAction","target":["https:\/\/vaninahenry.com\/produkt\/intreccio-tc1\/"]}]},{"@type":"ImageObject","inLanguage":"de","@id":"https:\/\/vaninahenry.com\/produkt\/intreccio-tc1\/#primaryimage","url":"https:\/\/vaninahenry.com\/wp-content\/uploads\/2021\/10\/intreccio-aperto_mod.hd-1.jpg","contentUrl":"https:\/\/vaninahenry.com\/wp-content\/uploads\/2021\/10\/intreccio-aperto_mod.hd-1.jpg","width":1400,"height":1400},{"@type":"BreadcrumbList","@id":"https:\/\/vaninahenry.com\/produkt\/intreccio-tc1\/#breadcrumb","itemListElement":[{"@type":"ListItem","position":1,"name":"Accueil","item":"https:\/\/vaninahenry.com\/de\/"},{"@type":"ListItem","position":2,"name":"Shop","item":"https:\/\/vaninahenry.com\/boutique\/"},{"@type":"ListItem","position":3,"name":"Intreccio"}]},{"@type":"WebSite","@id":"https:\/\/vaninahenry.com\/#website","url":"https:\/\/vaninahenry.com\/","name":"Vanina Henry","description":"","publisher":{"@id":"https:\/\/vaninahenry.com\/#organization"},"potentialAction":[{"@type":"SearchAction","target":{"@type":"EntryPoint","urlTemplate":"https:\/\/vaninahenry.com\/?s={search_term_string}"},"query-input":{"@type":"PropertyValueSpecification","valueRequired":true,"valueName":"search_term_string"}}],"inLanguage":"de"},{"@type":"Organization","@id":"https:\/\/vaninahenry.com\/#organization","name":"Vanina Henry","url":"https:\/\/vaninahenry.com\/","logo":{"@type":"ImageObject","inLanguage":"de","@id":"https:\/\/vaninahenry.com\/#\/schema\/logo\/image\/","url":"http:\/\/vaninahenry.com\/wp-content\/uploads\/2021\/10\/Logo-design-by-VaninaHenry.png","contentUrl":"http:\/\/vaninahenry.com\/wp-content\/uploads\/2021\/10\/Logo-design-by-VaninaHenry.png","width":711,"height":467,"caption":"Vanina Henry"},"image":{"@id":"https:\/\/vaninahenry.com\/#\/schema\/logo\/image\/"},"sameAs":["https:\/\/www.facebook.com\/designbyvaninahenry","https:\/\/www.instagram.com\/vaninahenry\/"]}]}},"_links":{"self":[{"href":"https:\/\/vaninahenry.com\/de\/wp-json\/wp\/v2\/product\/64747","targetHints":{"allow":["GET"]}}],"collection":[{"href":"https:\/\/vaninahenry.com\/de\/wp-json\/wp\/v2\/product"}],"about":[{"href":"https:\/\/vaninahenry.com\/de\/wp-json\/wp\/v2\/types\/product"}],"wp:featuredmedia":[{"embeddable":true,"href":"https:\/\/vaninahenry.com\/de\/wp-json\/wp\/v2\/media\/67035"}],"wp:attachment":[{"href":"https:\/\/vaninahenry.com\/de\/wp-json\/wp\/v2\/media?parent=64747"}],"wp:term":[{"taxonomy":"product_brand","embeddable":true,"href":"https:\/\/vaninahenry.com\/de\/wp-json\/wp\/v2\/product_brand?post=64747"},{"taxonomy":"product_cat","embeddable":true,"href":"https:\/\/vaninahenry.com\/de\/wp-json\/wp\/v2\/product_cat?post=64747"},{"taxonomy":"product_tag","embeddable":true,"href":"https:\/\/vaninahenry.com\/de\/wp-json\/wp\/v2\/product_tag?post=64747"}],"curies":[{"name":"wp","href":"https:\/\/api.w.org\/{rel}","templated":true}]}}