{"id":64599,"date":"2021-10-28T13:56:14","date_gmt":"2021-10-28T11:56:17","guid":{"rendered":"https:\/\/vaninahenry.com\/?post_type=product&#038;p=64599"},"modified":"2023-12-04T16:00:27","modified_gmt":"2023-12-04T15:00:27","slug":"tray-tr","status":"publish","type":"product","link":"https:\/\/vaninahenry.com\/de\/produkt\/tray-tr\/","title":{"rendered":"Tray &#8211; 872\/TR"},"content":{"rendered":"<p><span style=\"color: #9a7541;\">POTOCCO<\/span> passt Ihren Tisch aus den vielen m\u00f6glichen Materialien an und stellt ihn individuell zusammen.<br \/>\nWir bieten Ihnen pers\u00f6nliche Beratung, <a href=\"https:\/\/vaninahenry.com\/contact\/?lang=de\" target=\"_blank\" rel=\"noopener\"><strong><span style=\"color: #9a7541;\">vereinbaren Sie einen Termin.<\/span><\/strong><\/a><\/p>\n<p><a href=\"http:\/\/vaninahenry.com\/wp-content\/uploads\/2021\/09\/POTOCCO_Catalogo_Finishinh.pdf\" target=\"_blank\" rel=\"noopener\"><span style=\"color: #9a7541;\">Laden Sie hier die Liste der POTOCCO-Veredelungen herunter.<\/span><\/a><\/p>\n<p><a href=\"https:\/\/vaninahenry.com\/marque\/potocco\/?lang=de\" target=\"_blank\" rel=\"noopener\"><span style=\"color: #9a7541;\">ERFAHREN SIE MEHR \u00dcBER POTOCCO.<\/span><\/a><\/p>\n<p>&nbsp;<\/p>\n<p>&nbsp;<\/p>\n","protected":false},"excerpt":{"rendered":"<p><span style=\"color: #9a7541;\">Tray 872\/TR<\/span><\/p>\n<p>Couchtisch mit lackiertem Metallsockel.<\/p>\n<p><img decoding=\"async\" class=\"aligncenter wp-image-64451\" src=\"http:\/\/vaninahenry.com\/wp-content\/uploads\/2021\/10\/METAL-2.jpg\" alt=\"\" width=\"700\" height=\"383\" srcset=\"https:\/\/vaninahenry.com\/wp-content\/uploads\/2021\/10\/METAL-2.jpg 933w, https:\/\/vaninahenry.com\/wp-content\/uploads\/2021\/10\/METAL-2-600x329.jpg 600w, https:\/\/vaninahenry.com\/wp-content\/uploads\/2021\/10\/METAL-2-300x164.jpg 300w, https:\/\/vaninahenry.com\/wp-content\/uploads\/2021\/10\/METAL-2-768x421.jpg 768w\" sizes=\"(max-width: 700px) 100vw, 700px\" \/><br \/>\nRahmen aus Esche, Carbon gebeizt.<\/p>\n<p><img decoding=\"async\" class=\"aligncenter wp-image-64454\" src=\"http:\/\/vaninahenry.com\/wp-content\/uploads\/2021\/10\/ASH.jpg\" alt=\"\" width=\"700\" height=\"369\" srcset=\"https:\/\/vaninahenry.com\/wp-content\/uploads\/2021\/10\/ASH.jpg 944w, https:\/\/vaninahenry.com\/wp-content\/uploads\/2021\/10\/ASH-600x317.jpg 600w, https:\/\/vaninahenry.com\/wp-content\/uploads\/2021\/10\/ASH-300x158.jpg 300w, https:\/\/vaninahenry.com\/wp-content\/uploads\/2021\/10\/ASH-768x405.jpg 768w\" sizes=\"(max-width: 700px) 100vw, 700px\" \/><br \/>\nRechteckige Marmorplatte.<\/p>\n<p><img decoding=\"async\" class=\"aligncenter wp-image-64457\" src=\"http:\/\/vaninahenry.com\/wp-content\/uploads\/2021\/10\/TOP-1.jpg\" alt=\"\" width=\"700\" height=\"387\" srcset=\"https:\/\/vaninahenry.com\/wp-content\/uploads\/2021\/10\/TOP-1.jpg 940w, https:\/\/vaninahenry.com\/wp-content\/uploads\/2021\/10\/TOP-1-600x332.jpg 600w, https:\/\/vaninahenry.com\/wp-content\/uploads\/2021\/10\/TOP-1-300x166.jpg 300w, https:\/\/vaninahenry.com\/wp-content\/uploads\/2021\/10\/TOP-1-768x425.jpg 768w\" sizes=\"(max-width: 700px) 100vw, 700px\" \/><\/p>\n<p>&nbsp;<\/p>\n<p>TRAY ist auch in der quadratischen Ausf\u00fchrung <a href=\"https:\/\/vaninahenry.com\/produit\/tray-tq\/?lang=de\"><span style=\"color: #9a7541;\">TRAY 872TQ<\/span><\/a> und in der runden Ausf\u00fchrung <a href=\"https:\/\/vaninahenry.com\/produit\/tray-tc\/?lang=de\"><span style=\"color: #9a7541;\">TRAY 872TC<\/span><\/a> erh\u00e4ltlich.<\/p>\n<p>&nbsp;<\/p>\n<p>&nbsp;<\/p>\n<p>Die Lieferung ist im Preis inbegriffen.<br \/>\nLieferfrist nur in Luxemburg: etwa 8 Wochen.<\/p>\n","protected":false},"featured_media":64630,"template":"","meta":{"_acf_changed":false,"inline_featured_image":false},"product_brand":[],"product_cat":[393],"product_tag":[],"class_list":{"0":"post-64599","1":"product","2":"type-product","3":"status-publish","4":"has-post-thumbnail","6":"product_cat-design-moebel","7":"product_shipping_class-potocco-de","9":"first","10":"instock","11":"taxable","12":"shipping-taxable","13":"product-type-variable"},"acf":[],"yoast_head":"<!-- This site is optimized with the Yoast SEO plugin v26.7 - https:\/\/yoast.com\/wordpress\/plugins\/seo\/ -->\n<title>Tray - 872\/TR - Vanina Henry<\/title>\n<meta name=\"robots\" content=\"index, follow, max-snippet:-1, max-image-preview:large, max-video-preview:-1\" \/>\n<link rel=\"canonical\" href=\"https:\/\/vaninahenry.com\/produkt\/tray-tr\/\" \/>\n<meta property=\"og:locale\" content=\"de_DE\" \/>\n<meta property=\"og:type\" content=\"article\" \/>\n<meta property=\"og:title\" content=\"Tray - 872\/TR - Vanina Henry\" \/>\n<meta property=\"og:description\" content=\"Tray 872\/TR  Couchtisch mit lackiertem Metallsockel.   Rahmen aus Esche, Carbon gebeizt.   Rechteckige Marmorplatte.    &nbsp;  TRAY ist auch in der quadratischen Ausf\u00fchrung TRAY 872TQ und in der runden Ausf\u00fchrung TRAY 872TC erh\u00e4ltlich.  &nbsp;  &nbsp;  Die Lieferung ist im Preis inbegriffen. Lieferfrist nur in Luxemburg: etwa 8 Wochen.\" \/>\n<meta property=\"og:url\" content=\"https:\/\/vaninahenry.com\/produkt\/tray-tr\/\" \/>\n<meta property=\"og:site_name\" content=\"Vanina Henry\" \/>\n<meta property=\"article:publisher\" content=\"https:\/\/www.facebook.com\/designbyvaninahenry\" \/>\n<meta property=\"article:modified_time\" content=\"2023-12-04T15:00:27+00:00\" \/>\n<meta property=\"og:image\" content=\"https:\/\/vaninahenry.com\/wp-content\/uploads\/2021\/10\/872-TR_doppio.hd_.jpg\" \/>\n\t<meta property=\"og:image:width\" content=\"1200\" \/>\n\t<meta property=\"og:image:height\" content=\"1200\" \/>\n\t<meta property=\"og:image:type\" content=\"image\/jpeg\" \/>\n<meta name=\"twitter:card\" content=\"summary_large_image\" \/>\n<meta name=\"twitter:label1\" content=\"Gesch\u00e4tzte Lesezeit\" \/>\n\t<meta name=\"twitter:data1\" content=\"1\u00a0Minute\" \/>\n<script type=\"application\/ld+json\" class=\"yoast-schema-graph\">{\"@context\":\"https:\/\/schema.org\",\"@graph\":[{\"@type\":\"WebPage\",\"@id\":\"https:\/\/vaninahenry.com\/produkt\/tray-tr\/\",\"url\":\"https:\/\/vaninahenry.com\/produkt\/tray-tr\/\",\"name\":\"Tray - 872\/TR - Vanina Henry\",\"isPartOf\":{\"@id\":\"https:\/\/vaninahenry.com\/#website\"},\"primaryImageOfPage\":{\"@id\":\"https:\/\/vaninahenry.com\/produkt\/tray-tr\/#primaryimage\"},\"image\":{\"@id\":\"https:\/\/vaninahenry.com\/produkt\/tray-tr\/#primaryimage\"},\"thumbnailUrl\":\"https:\/\/vaninahenry.com\/wp-content\/uploads\/2021\/10\/872-TR_doppio.hd_.jpg\",\"datePublished\":\"2021-10-28T11:56:17+00:00\",\"dateModified\":\"2023-12-04T15:00:27+00:00\",\"breadcrumb\":{\"@id\":\"https:\/\/vaninahenry.com\/produkt\/tray-tr\/#breadcrumb\"},\"inLanguage\":\"de\",\"potentialAction\":[{\"@type\":\"ReadAction\",\"target\":[\"https:\/\/vaninahenry.com\/produkt\/tray-tr\/\"]}]},{\"@type\":\"ImageObject\",\"inLanguage\":\"de\",\"@id\":\"https:\/\/vaninahenry.com\/produkt\/tray-tr\/#primaryimage\",\"url\":\"https:\/\/vaninahenry.com\/wp-content\/uploads\/2021\/10\/872-TR_doppio.hd_.jpg\",\"contentUrl\":\"https:\/\/vaninahenry.com\/wp-content\/uploads\/2021\/10\/872-TR_doppio.hd_.jpg\",\"width\":1200,\"height\":1200},{\"@type\":\"BreadcrumbList\",\"@id\":\"https:\/\/vaninahenry.com\/produkt\/tray-tr\/#breadcrumb\",\"itemListElement\":[{\"@type\":\"ListItem\",\"position\":1,\"name\":\"Accueil\",\"item\":\"https:\/\/vaninahenry.com\/de\/\"},{\"@type\":\"ListItem\",\"position\":2,\"name\":\"Shop\",\"item\":\"https:\/\/vaninahenry.com\/boutique\/\"},{\"@type\":\"ListItem\",\"position\":3,\"name\":\"Tray &#8211; 872\/TR\"}]},{\"@type\":\"WebSite\",\"@id\":\"https:\/\/vaninahenry.com\/#website\",\"url\":\"https:\/\/vaninahenry.com\/\",\"name\":\"Vanina Henry\",\"description\":\"\",\"publisher\":{\"@id\":\"https:\/\/vaninahenry.com\/#organization\"},\"potentialAction\":[{\"@type\":\"SearchAction\",\"target\":{\"@type\":\"EntryPoint\",\"urlTemplate\":\"https:\/\/vaninahenry.com\/?s={search_term_string}\"},\"query-input\":{\"@type\":\"PropertyValueSpecification\",\"valueRequired\":true,\"valueName\":\"search_term_string\"}}],\"inLanguage\":\"de\"},{\"@type\":\"Organization\",\"@id\":\"https:\/\/vaninahenry.com\/#organization\",\"name\":\"Vanina Henry\",\"url\":\"https:\/\/vaninahenry.com\/\",\"logo\":{\"@type\":\"ImageObject\",\"inLanguage\":\"de\",\"@id\":\"https:\/\/vaninahenry.com\/#\/schema\/logo\/image\/\",\"url\":\"http:\/\/vaninahenry.com\/wp-content\/uploads\/2021\/10\/Logo-design-by-VaninaHenry.png\",\"contentUrl\":\"http:\/\/vaninahenry.com\/wp-content\/uploads\/2021\/10\/Logo-design-by-VaninaHenry.png\",\"width\":711,\"height\":467,\"caption\":\"Vanina Henry\"},\"image\":{\"@id\":\"https:\/\/vaninahenry.com\/#\/schema\/logo\/image\/\"},\"sameAs\":[\"https:\/\/www.facebook.com\/designbyvaninahenry\",\"https:\/\/www.instagram.com\/vaninahenry\/\"]}]}<\/script>\n<!-- \/ Yoast SEO plugin. -->","yoast_head_json":{"title":"Tray - 872\/TR - Vanina Henry","robots":{"index":"index","follow":"follow","max-snippet":"max-snippet:-1","max-image-preview":"max-image-preview:large","max-video-preview":"max-video-preview:-1"},"canonical":"https:\/\/vaninahenry.com\/produkt\/tray-tr\/","og_locale":"de_DE","og_type":"article","og_title":"Tray - 872\/TR - Vanina Henry","og_description":"Tray 872\/TR  Couchtisch mit lackiertem Metallsockel.   Rahmen aus Esche, Carbon gebeizt.   Rechteckige Marmorplatte.    &nbsp;  TRAY ist auch in der quadratischen Ausf\u00fchrung TRAY 872TQ und in der runden Ausf\u00fchrung TRAY 872TC erh\u00e4ltlich.  &nbsp;  &nbsp;  Die Lieferung ist im Preis inbegriffen. Lieferfrist nur in Luxemburg: etwa 8 Wochen.","og_url":"https:\/\/vaninahenry.com\/produkt\/tray-tr\/","og_site_name":"Vanina Henry","article_publisher":"https:\/\/www.facebook.com\/designbyvaninahenry","article_modified_time":"2023-12-04T15:00:27+00:00","og_image":[{"width":1200,"height":1200,"url":"https:\/\/vaninahenry.com\/wp-content\/uploads\/2021\/10\/872-TR_doppio.hd_.jpg","type":"image\/jpeg"}],"twitter_card":"summary_large_image","twitter_misc":{"Gesch\u00e4tzte Lesezeit":"1\u00a0Minute"},"schema":{"@context":"https:\/\/schema.org","@graph":[{"@type":"WebPage","@id":"https:\/\/vaninahenry.com\/produkt\/tray-tr\/","url":"https:\/\/vaninahenry.com\/produkt\/tray-tr\/","name":"Tray - 872\/TR - Vanina Henry","isPartOf":{"@id":"https:\/\/vaninahenry.com\/#website"},"primaryImageOfPage":{"@id":"https:\/\/vaninahenry.com\/produkt\/tray-tr\/#primaryimage"},"image":{"@id":"https:\/\/vaninahenry.com\/produkt\/tray-tr\/#primaryimage"},"thumbnailUrl":"https:\/\/vaninahenry.com\/wp-content\/uploads\/2021\/10\/872-TR_doppio.hd_.jpg","datePublished":"2021-10-28T11:56:17+00:00","dateModified":"2023-12-04T15:00:27+00:00","breadcrumb":{"@id":"https:\/\/vaninahenry.com\/produkt\/tray-tr\/#breadcrumb"},"inLanguage":"de","potentialAction":[{"@type":"ReadAction","target":["https:\/\/vaninahenry.com\/produkt\/tray-tr\/"]}]},{"@type":"ImageObject","inLanguage":"de","@id":"https:\/\/vaninahenry.com\/produkt\/tray-tr\/#primaryimage","url":"https:\/\/vaninahenry.com\/wp-content\/uploads\/2021\/10\/872-TR_doppio.hd_.jpg","contentUrl":"https:\/\/vaninahenry.com\/wp-content\/uploads\/2021\/10\/872-TR_doppio.hd_.jpg","width":1200,"height":1200},{"@type":"BreadcrumbList","@id":"https:\/\/vaninahenry.com\/produkt\/tray-tr\/#breadcrumb","itemListElement":[{"@type":"ListItem","position":1,"name":"Accueil","item":"https:\/\/vaninahenry.com\/de\/"},{"@type":"ListItem","position":2,"name":"Shop","item":"https:\/\/vaninahenry.com\/boutique\/"},{"@type":"ListItem","position":3,"name":"Tray &#8211; 872\/TR"}]},{"@type":"WebSite","@id":"https:\/\/vaninahenry.com\/#website","url":"https:\/\/vaninahenry.com\/","name":"Vanina Henry","description":"","publisher":{"@id":"https:\/\/vaninahenry.com\/#organization"},"potentialAction":[{"@type":"SearchAction","target":{"@type":"EntryPoint","urlTemplate":"https:\/\/vaninahenry.com\/?s={search_term_string}"},"query-input":{"@type":"PropertyValueSpecification","valueRequired":true,"valueName":"search_term_string"}}],"inLanguage":"de"},{"@type":"Organization","@id":"https:\/\/vaninahenry.com\/#organization","name":"Vanina Henry","url":"https:\/\/vaninahenry.com\/","logo":{"@type":"ImageObject","inLanguage":"de","@id":"https:\/\/vaninahenry.com\/#\/schema\/logo\/image\/","url":"http:\/\/vaninahenry.com\/wp-content\/uploads\/2021\/10\/Logo-design-by-VaninaHenry.png","contentUrl":"http:\/\/vaninahenry.com\/wp-content\/uploads\/2021\/10\/Logo-design-by-VaninaHenry.png","width":711,"height":467,"caption":"Vanina Henry"},"image":{"@id":"https:\/\/vaninahenry.com\/#\/schema\/logo\/image\/"},"sameAs":["https:\/\/www.facebook.com\/designbyvaninahenry","https:\/\/www.instagram.com\/vaninahenry\/"]}]}},"_links":{"self":[{"href":"https:\/\/vaninahenry.com\/de\/wp-json\/wp\/v2\/product\/64599","targetHints":{"allow":["GET"]}}],"collection":[{"href":"https:\/\/vaninahenry.com\/de\/wp-json\/wp\/v2\/product"}],"about":[{"href":"https:\/\/vaninahenry.com\/de\/wp-json\/wp\/v2\/types\/product"}],"wp:featuredmedia":[{"embeddable":true,"href":"https:\/\/vaninahenry.com\/de\/wp-json\/wp\/v2\/media\/64630"}],"wp:attachment":[{"href":"https:\/\/vaninahenry.com\/de\/wp-json\/wp\/v2\/media?parent=64599"}],"wp:term":[{"taxonomy":"product_brand","embeddable":true,"href":"https:\/\/vaninahenry.com\/de\/wp-json\/wp\/v2\/product_brand?post=64599"},{"taxonomy":"product_cat","embeddable":true,"href":"https:\/\/vaninahenry.com\/de\/wp-json\/wp\/v2\/product_cat?post=64599"},{"taxonomy":"product_tag","embeddable":true,"href":"https:\/\/vaninahenry.com\/de\/wp-json\/wp\/v2\/product_tag?post=64599"}],"curies":[{"name":"wp","href":"https:\/\/api.w.org\/{rel}","templated":true}]}}