{"id":63963,"date":"2021-10-27T10:40:31","date_gmt":"2021-10-27T08:40:31","guid":{"rendered":"https:\/\/vaninahenry.com\/produit\/wire-dining-chaise\/"},"modified":"2021-11-24T23:18:08","modified_gmt":"2021-11-24T22:18:08","slug":"wire-dining-chaise","status":"publish","type":"product","link":"https:\/\/vaninahenry.com\/de\/produkt\/wire-dining-chaise\/","title":{"rendered":"WIRE DINING Chair"},"content":{"rendered":"<p>CHROMSTAHL SATINIERT<\/p>\n<p>Die f\u00fcr die Wire Collection verwendete Satinverchromung ist ein sechswertiges Chrom (Cr6+) freies Verfahren. Es handelt sich um eine sehr dauerhafte Oberfl\u00e4chenbehandlung. Die Oberfl\u00e4che hat ein mattes Aussehen wie Aluminium oder Edelstahl. Der Glanzgrad kann von St\u00fcck zu St\u00fcck leicht variieren.<\/p>\n<p>&nbsp;<\/p>\n<p>ELEGANZ LEDER<\/p>\n<p>Elegance ist ein Anilinleder, das am oberen Ende der Luxuslederpalette angesiedelt ist.<br \/>\nEs ist mit einer ged\u00e4mpften nat\u00fcrlichen Zeichnung zu rechnen. Chromgegerbt und anschlie\u00dfend pflanzlich gegerbt, um die Festigkeit zu verbessern (Cr6+-freies Verfahren). Anilinfarbstoff auf Wasserbasis.<\/p>\n","protected":false},"excerpt":{"rendered":"<p><span style=\"color: #9a7541;\">Wire Dining chair<\/span> ist in zwei H\u00f6hen erh\u00e4ltlich:<br \/>\n<img decoding=\"async\" class=\"wp-image-63888 size-full aligncenter\" src=\"http:\/\/vaninahenry.com\/wp-content\/uploads\/2021\/10\/New-Project-31.jpg\" alt=\"\" width=\"694\" height=\"283\" srcset=\"https:\/\/vaninahenry.com\/wp-content\/uploads\/2021\/10\/New-Project-31.jpg 694w, https:\/\/vaninahenry.com\/wp-content\/uploads\/2021\/10\/New-Project-31-600x245.jpg 600w, https:\/\/vaninahenry.com\/wp-content\/uploads\/2021\/10\/New-Project-31-300x122.jpg 300w\" sizes=\"(max-width: 694px) 100vw, 694px\" \/><\/p>\n<p>Vanina Henry bietet Ihnen den <span style=\"color: #9a7541;\">Wire Dining Chair<\/span> aus SATINED CHROME STEEL mit einer Sitzfl\u00e4che aus ELEGANCE LEATHER, Farbe Whiskey.<\/p>\n<p>Wenn Sie einen anderen Sitz f\u00fcr Ihren Stuhl w\u00fcnschen, nehmen <a href=\"https:\/\/vaninahenry.com\/contact\/?lang=de\" target=\"_blank\" rel=\"noopener\"><span style=\"color: #9a7541;\">Sie bitte Kontakt mit uns auf.<\/span><\/a><br \/>\n<a href=\"http:\/\/vaninahenry.com\/wp-content\/uploads\/2021\/10\/Material-Selection-Overgaard-Dyrman-Leather.pdf\" target=\"_blank\" rel=\"noopener\"><strong><span style=\"color: #9a7541;\">Sehen Sie hier die verschiedenen verf\u00fcgbaren Ledersorten<\/span><\/strong><\/a><\/p>\n<p>&nbsp;<\/p>\n<p>Gesch\u00e4tzte Lieferzeit 10-14 Wochen.<\/p>\n<p>&nbsp;<\/p>\n","protected":false},"featured_media":63881,"template":"","meta":{"_acf_changed":false,"inline_featured_image":false},"product_brand":[],"product_cat":[393],"product_tag":[],"class_list":{"0":"post-63963","1":"product","2":"type-product","3":"status-publish","4":"has-post-thumbnail","6":"product_cat-design-moebel","7":"product_shipping_class-overgaard-dyrman-de","9":"first","10":"outofstock","11":"taxable","12":"shipping-taxable","13":"product-type-variable"},"acf":[],"yoast_head":"<!-- This site is optimized with the Yoast SEO plugin v26.7 - https:\/\/yoast.com\/wordpress\/plugins\/seo\/ -->\n<title>WIRE DINING Chair - Vanina Henry<\/title>\n<meta name=\"robots\" content=\"index, follow, max-snippet:-1, max-image-preview:large, max-video-preview:-1\" \/>\n<link rel=\"canonical\" href=\"https:\/\/vaninahenry.com\/de\/produkt\/wire-dining-chaise\/\" \/>\n<meta property=\"og:locale\" content=\"de_DE\" \/>\n<meta property=\"og:type\" content=\"article\" \/>\n<meta property=\"og:title\" content=\"WIRE DINING Chair - Vanina Henry\" \/>\n<meta property=\"og:description\" content=\"Wire Dining chair ist in zwei H\u00f6hen erh\u00e4ltlich:   Vanina Henry bietet Ihnen den Wire Dining Chair aus SATINED CHROME STEEL mit einer Sitzfl\u00e4che aus ELEGANCE LEATHER, Farbe Whiskey.  Wenn Sie einen anderen Sitz f\u00fcr Ihren Stuhl w\u00fcnschen, nehmen Sie bitte Kontakt mit uns auf. Sehen Sie hier die verschiedenen verf\u00fcgbaren Ledersorten  &nbsp;  Gesch\u00e4tzte Lieferzeit 10-14 Wochen.  &nbsp;\" \/>\n<meta property=\"og:url\" content=\"https:\/\/vaninahenry.com\/de\/produkt\/wire-dining-chaise\/\" \/>\n<meta property=\"og:site_name\" content=\"Vanina Henry\" \/>\n<meta property=\"article:publisher\" content=\"https:\/\/www.facebook.com\/designbyvaninahenry\" \/>\n<meta property=\"article:modified_time\" content=\"2021-11-24T22:18:08+00:00\" \/>\n<meta property=\"og:image\" content=\"https:\/\/vaninahenry.com\/wp-content\/uploads\/2021\/10\/OVERGAARD-DYRMAN_WDC_Satin-Chrome_Elegance-Whiskey.jpg\" \/>\n\t<meta property=\"og:image:width\" content=\"933\" \/>\n\t<meta property=\"og:image:height\" content=\"1400\" \/>\n\t<meta property=\"og:image:type\" content=\"image\/jpeg\" \/>\n<meta name=\"twitter:card\" content=\"summary_large_image\" \/>\n<script type=\"application\/ld+json\" class=\"yoast-schema-graph\">{\"@context\":\"https:\/\/schema.org\",\"@graph\":[{\"@type\":\"WebPage\",\"@id\":\"https:\/\/vaninahenry.com\/de\/produkt\/wire-dining-chaise\/\",\"url\":\"https:\/\/vaninahenry.com\/de\/produkt\/wire-dining-chaise\/\",\"name\":\"WIRE DINING Chair - Vanina Henry\",\"isPartOf\":{\"@id\":\"https:\/\/vaninahenry.com\/#website\"},\"primaryImageOfPage\":{\"@id\":\"https:\/\/vaninahenry.com\/de\/produkt\/wire-dining-chaise\/#primaryimage\"},\"image\":{\"@id\":\"https:\/\/vaninahenry.com\/de\/produkt\/wire-dining-chaise\/#primaryimage\"},\"thumbnailUrl\":\"https:\/\/vaninahenry.com\/wp-content\/uploads\/2021\/10\/OVERGAARD-DYRMAN_WDC_Satin-Chrome_Elegance-Whiskey.jpg\",\"datePublished\":\"2021-10-27T08:40:31+00:00\",\"dateModified\":\"2021-11-24T22:18:08+00:00\",\"breadcrumb\":{\"@id\":\"https:\/\/vaninahenry.com\/de\/produkt\/wire-dining-chaise\/#breadcrumb\"},\"inLanguage\":\"de\",\"potentialAction\":[{\"@type\":\"ReadAction\",\"target\":[\"https:\/\/vaninahenry.com\/de\/produkt\/wire-dining-chaise\/\"]}]},{\"@type\":\"ImageObject\",\"inLanguage\":\"de\",\"@id\":\"https:\/\/vaninahenry.com\/de\/produkt\/wire-dining-chaise\/#primaryimage\",\"url\":\"https:\/\/vaninahenry.com\/wp-content\/uploads\/2021\/10\/OVERGAARD-DYRMAN_WDC_Satin-Chrome_Elegance-Whiskey.jpg\",\"contentUrl\":\"https:\/\/vaninahenry.com\/wp-content\/uploads\/2021\/10\/OVERGAARD-DYRMAN_WDC_Satin-Chrome_Elegance-Whiskey.jpg\",\"width\":933,\"height\":1400},{\"@type\":\"BreadcrumbList\",\"@id\":\"https:\/\/vaninahenry.com\/de\/produkt\/wire-dining-chaise\/#breadcrumb\",\"itemListElement\":[{\"@type\":\"ListItem\",\"position\":1,\"name\":\"Accueil\",\"item\":\"https:\/\/vaninahenry.com\/de\/\"},{\"@type\":\"ListItem\",\"position\":2,\"name\":\"Shop\",\"item\":\"https:\/\/vaninahenry.com\/boutique\/\"},{\"@type\":\"ListItem\",\"position\":3,\"name\":\"WIRE DINING Chair\"}]},{\"@type\":\"WebSite\",\"@id\":\"https:\/\/vaninahenry.com\/#website\",\"url\":\"https:\/\/vaninahenry.com\/\",\"name\":\"Vanina Henry\",\"description\":\"\",\"publisher\":{\"@id\":\"https:\/\/vaninahenry.com\/#organization\"},\"potentialAction\":[{\"@type\":\"SearchAction\",\"target\":{\"@type\":\"EntryPoint\",\"urlTemplate\":\"https:\/\/vaninahenry.com\/?s={search_term_string}\"},\"query-input\":{\"@type\":\"PropertyValueSpecification\",\"valueRequired\":true,\"valueName\":\"search_term_string\"}}],\"inLanguage\":\"de\"},{\"@type\":\"Organization\",\"@id\":\"https:\/\/vaninahenry.com\/#organization\",\"name\":\"Vanina Henry\",\"url\":\"https:\/\/vaninahenry.com\/\",\"logo\":{\"@type\":\"ImageObject\",\"inLanguage\":\"de\",\"@id\":\"https:\/\/vaninahenry.com\/#\/schema\/logo\/image\/\",\"url\":\"http:\/\/vaninahenry.com\/wp-content\/uploads\/2021\/10\/Logo-design-by-VaninaHenry.png\",\"contentUrl\":\"http:\/\/vaninahenry.com\/wp-content\/uploads\/2021\/10\/Logo-design-by-VaninaHenry.png\",\"width\":711,\"height\":467,\"caption\":\"Vanina Henry\"},\"image\":{\"@id\":\"https:\/\/vaninahenry.com\/#\/schema\/logo\/image\/\"},\"sameAs\":[\"https:\/\/www.facebook.com\/designbyvaninahenry\",\"https:\/\/www.instagram.com\/vaninahenry\/\"]}]}<\/script>\n<!-- \/ Yoast SEO plugin. -->","yoast_head_json":{"title":"WIRE DINING Chair - Vanina Henry","robots":{"index":"index","follow":"follow","max-snippet":"max-snippet:-1","max-image-preview":"max-image-preview:large","max-video-preview":"max-video-preview:-1"},"canonical":"https:\/\/vaninahenry.com\/de\/produkt\/wire-dining-chaise\/","og_locale":"de_DE","og_type":"article","og_title":"WIRE DINING Chair - Vanina Henry","og_description":"Wire Dining chair ist in zwei H\u00f6hen erh\u00e4ltlich:   Vanina Henry bietet Ihnen den Wire Dining Chair aus SATINED CHROME STEEL mit einer Sitzfl\u00e4che aus ELEGANCE LEATHER, Farbe Whiskey.  Wenn Sie einen anderen Sitz f\u00fcr Ihren Stuhl w\u00fcnschen, nehmen Sie bitte Kontakt mit uns auf. Sehen Sie hier die verschiedenen verf\u00fcgbaren Ledersorten  &nbsp;  Gesch\u00e4tzte Lieferzeit 10-14 Wochen.  &nbsp;","og_url":"https:\/\/vaninahenry.com\/de\/produkt\/wire-dining-chaise\/","og_site_name":"Vanina Henry","article_publisher":"https:\/\/www.facebook.com\/designbyvaninahenry","article_modified_time":"2021-11-24T22:18:08+00:00","og_image":[{"width":933,"height":1400,"url":"https:\/\/vaninahenry.com\/wp-content\/uploads\/2021\/10\/OVERGAARD-DYRMAN_WDC_Satin-Chrome_Elegance-Whiskey.jpg","type":"image\/jpeg"}],"twitter_card":"summary_large_image","schema":{"@context":"https:\/\/schema.org","@graph":[{"@type":"WebPage","@id":"https:\/\/vaninahenry.com\/de\/produkt\/wire-dining-chaise\/","url":"https:\/\/vaninahenry.com\/de\/produkt\/wire-dining-chaise\/","name":"WIRE DINING Chair - Vanina Henry","isPartOf":{"@id":"https:\/\/vaninahenry.com\/#website"},"primaryImageOfPage":{"@id":"https:\/\/vaninahenry.com\/de\/produkt\/wire-dining-chaise\/#primaryimage"},"image":{"@id":"https:\/\/vaninahenry.com\/de\/produkt\/wire-dining-chaise\/#primaryimage"},"thumbnailUrl":"https:\/\/vaninahenry.com\/wp-content\/uploads\/2021\/10\/OVERGAARD-DYRMAN_WDC_Satin-Chrome_Elegance-Whiskey.jpg","datePublished":"2021-10-27T08:40:31+00:00","dateModified":"2021-11-24T22:18:08+00:00","breadcrumb":{"@id":"https:\/\/vaninahenry.com\/de\/produkt\/wire-dining-chaise\/#breadcrumb"},"inLanguage":"de","potentialAction":[{"@type":"ReadAction","target":["https:\/\/vaninahenry.com\/de\/produkt\/wire-dining-chaise\/"]}]},{"@type":"ImageObject","inLanguage":"de","@id":"https:\/\/vaninahenry.com\/de\/produkt\/wire-dining-chaise\/#primaryimage","url":"https:\/\/vaninahenry.com\/wp-content\/uploads\/2021\/10\/OVERGAARD-DYRMAN_WDC_Satin-Chrome_Elegance-Whiskey.jpg","contentUrl":"https:\/\/vaninahenry.com\/wp-content\/uploads\/2021\/10\/OVERGAARD-DYRMAN_WDC_Satin-Chrome_Elegance-Whiskey.jpg","width":933,"height":1400},{"@type":"BreadcrumbList","@id":"https:\/\/vaninahenry.com\/de\/produkt\/wire-dining-chaise\/#breadcrumb","itemListElement":[{"@type":"ListItem","position":1,"name":"Accueil","item":"https:\/\/vaninahenry.com\/de\/"},{"@type":"ListItem","position":2,"name":"Shop","item":"https:\/\/vaninahenry.com\/boutique\/"},{"@type":"ListItem","position":3,"name":"WIRE DINING Chair"}]},{"@type":"WebSite","@id":"https:\/\/vaninahenry.com\/#website","url":"https:\/\/vaninahenry.com\/","name":"Vanina Henry","description":"","publisher":{"@id":"https:\/\/vaninahenry.com\/#organization"},"potentialAction":[{"@type":"SearchAction","target":{"@type":"EntryPoint","urlTemplate":"https:\/\/vaninahenry.com\/?s={search_term_string}"},"query-input":{"@type":"PropertyValueSpecification","valueRequired":true,"valueName":"search_term_string"}}],"inLanguage":"de"},{"@type":"Organization","@id":"https:\/\/vaninahenry.com\/#organization","name":"Vanina Henry","url":"https:\/\/vaninahenry.com\/","logo":{"@type":"ImageObject","inLanguage":"de","@id":"https:\/\/vaninahenry.com\/#\/schema\/logo\/image\/","url":"http:\/\/vaninahenry.com\/wp-content\/uploads\/2021\/10\/Logo-design-by-VaninaHenry.png","contentUrl":"http:\/\/vaninahenry.com\/wp-content\/uploads\/2021\/10\/Logo-design-by-VaninaHenry.png","width":711,"height":467,"caption":"Vanina Henry"},"image":{"@id":"https:\/\/vaninahenry.com\/#\/schema\/logo\/image\/"},"sameAs":["https:\/\/www.facebook.com\/designbyvaninahenry","https:\/\/www.instagram.com\/vaninahenry\/"]}]}},"_links":{"self":[{"href":"https:\/\/vaninahenry.com\/de\/wp-json\/wp\/v2\/product\/63963","targetHints":{"allow":["GET"]}}],"collection":[{"href":"https:\/\/vaninahenry.com\/de\/wp-json\/wp\/v2\/product"}],"about":[{"href":"https:\/\/vaninahenry.com\/de\/wp-json\/wp\/v2\/types\/product"}],"wp:featuredmedia":[{"embeddable":true,"href":"https:\/\/vaninahenry.com\/de\/wp-json\/wp\/v2\/media\/63881"}],"wp:attachment":[{"href":"https:\/\/vaninahenry.com\/de\/wp-json\/wp\/v2\/media?parent=63963"}],"wp:term":[{"taxonomy":"product_brand","embeddable":true,"href":"https:\/\/vaninahenry.com\/de\/wp-json\/wp\/v2\/product_brand?post=63963"},{"taxonomy":"product_cat","embeddable":true,"href":"https:\/\/vaninahenry.com\/de\/wp-json\/wp\/v2\/product_cat?post=63963"},{"taxonomy":"product_tag","embeddable":true,"href":"https:\/\/vaninahenry.com\/de\/wp-json\/wp\/v2\/product_tag?post=63963"}],"curies":[{"name":"wp","href":"https:\/\/api.w.org\/{rel}","templated":true}]}}