{"id":63938,"date":"2021-10-27T11:15:24","date_gmt":"2021-10-27T09:15:28","guid":{"rendered":"https:\/\/vaninahenry.com\/?post_type=product&#038;p=63938"},"modified":"2023-12-04T15:49:02","modified_gmt":"2023-12-04T14:49:02","slug":"katama","status":"publish","type":"product","link":"https:\/\/vaninahenry.com\/de\/produkt\/katama\/","title":{"rendered":"Katama &#8211; TC3"},"content":{"rendered":"<p>Der einzigartige Charakter des Katana-Tisches wird durch das besondere Design der Metallbeine bestimmt, die an die alten japanischen Schwerter mit gebogener Klinge erinnern, von denen das Produkt seinen Namen hat.<\/p>\n<p>Katana ist ein Tisch, der sowohl f\u00fcr Innenr\u00e4ume als auch f\u00fcr Au\u00dfenbereiche geeignet ist.<\/p>\n<p><span style=\"color: #9a7541;\">POTOCCO<\/span> passt Ihren Tisch aus den vielen m\u00f6glichen Materialien an und stellt ihn individuell zusammen.<br \/>\nWir bieten Ihnen pers\u00f6nliche Beratung, <a href=\"https:\/\/vaninahenry.com\/contact\/?lang=de\" target=\"_blank\" rel=\"noopener\"><strong><span style=\"color: #9a7541;\">vereinbaren Sie einen Termin.<\/span><\/strong><\/a><\/p>\n<p><a href=\"http:\/\/vaninahenry.com\/wp-content\/uploads\/2023\/12\/Potocco-Catalogo-Outdoor-finishes-2023.pdf\" target=\"_blank\" rel=\"noopener\"><span style=\"color: #9a7541;\">Laden Sie hier die Liste der POTOCCO-Veredelungen herunter.<\/span><\/a><\/p>\n<p><a href=\"https:\/\/vaninahenry.com\/marque\/potocco\/?lang=de\" target=\"_blank\" rel=\"noopener\"><span style=\"color: #9a7541;\">ERFAHREN SIE MEHR \u00dcBER POTOCCO.<\/span><\/a><\/p>\n<p>&nbsp;<\/p>\n<p>&nbsp;<\/p>\n","protected":false},"excerpt":{"rendered":"<p>Der Tisch <span style=\"color: #9a7541;\">Katana 026 TC3<\/span> hat ein 3-Fu\u00df-Gestell und eine runde Platte, die einen Durchmesser von 120 oder 130 cm haben kann.<\/p>\n<p><span style=\"color: #9a7541;\">Vanina Henry<\/span> bietet eine :<\/p>\n<p>Wei\u00df: Sockel aus wei\u00dfem gepr\u00e4gtem Metall und Platte aus wei\u00dfem Hochdrucklaminat.<\/p>\n<p>und Schwarz: Sockel aus gepr\u00e4gtem anthrazitfarbenem Metall und Platte aus schwarzem ossidobeschichtetem Porzellan.<\/p>\n<p>&nbsp;<\/p>\n<p>Die Lieferung ist im Preis inbegriffen.<br \/>\nLieferfrist nur in Luxemburg: etwa 8 Wochen.<\/p>\n","protected":false},"featured_media":64081,"template":"","meta":{"_acf_changed":false,"inline_featured_image":false},"product_brand":[],"product_cat":[393],"product_tag":[],"class_list":{"0":"post-63938","1":"product","2":"type-product","3":"status-publish","4":"has-post-thumbnail","6":"product_cat-design-moebel","7":"product_shipping_class-potocco-de","9":"first","10":"instock","11":"taxable","12":"shipping-taxable","13":"product-type-variable"},"acf":[],"yoast_head":"<!-- This site is optimized with the Yoast SEO plugin v26.7 - https:\/\/yoast.com\/wordpress\/plugins\/seo\/ -->\n<title>Katama - TC3 - Vanina Henry<\/title>\n<meta name=\"robots\" content=\"index, follow, max-snippet:-1, max-image-preview:large, max-video-preview:-1\" \/>\n<link rel=\"canonical\" href=\"https:\/\/vaninahenry.com\/produkt\/katama\/\" \/>\n<meta property=\"og:locale\" content=\"de_DE\" \/>\n<meta property=\"og:type\" content=\"article\" \/>\n<meta property=\"og:title\" content=\"Katama - TC3 - Vanina Henry\" \/>\n<meta property=\"og:description\" content=\"Der Tisch Katana 026 TC3 hat ein 3-Fu\u00df-Gestell und eine runde Platte, die einen Durchmesser von 120 oder 130 cm haben kann.  Vanina Henry bietet eine :  Wei\u00df: Sockel aus wei\u00dfem gepr\u00e4gtem Metall und Platte aus wei\u00dfem Hochdrucklaminat.  und Schwarz: Sockel aus gepr\u00e4gtem anthrazitfarbenem Metall und Platte aus schwarzem ossidobeschichtetem Porzellan.  &nbsp;  Die Lieferung ist im Preis inbegriffen. Lieferfrist nur in Luxemburg: etwa 8 Wochen.\" \/>\n<meta property=\"og:url\" content=\"https:\/\/vaninahenry.com\/produkt\/katama\/\" \/>\n<meta property=\"og:site_name\" content=\"Vanina Henry\" \/>\n<meta property=\"article:publisher\" content=\"https:\/\/www.facebook.com\/designbyvaninahenry\" \/>\n<meta property=\"article:modified_time\" content=\"2023-12-04T14:49:02+00:00\" \/>\n<meta property=\"og:image\" content=\"https:\/\/vaninahenry.com\/wp-content\/uploads\/2021\/10\/POTOCCO_KATANA-CIRC-026_T3C-_.hd_.jpg\" \/>\n\t<meta property=\"og:image:width\" content=\"1200\" \/>\n\t<meta property=\"og:image:height\" content=\"800\" \/>\n\t<meta property=\"og:image:type\" content=\"image\/jpeg\" \/>\n<meta name=\"twitter:card\" content=\"summary_large_image\" \/>\n<meta name=\"twitter:label1\" content=\"Gesch\u00e4tzte Lesezeit\" \/>\n\t<meta name=\"twitter:data1\" content=\"1\u00a0Minute\" \/>\n<script type=\"application\/ld+json\" class=\"yoast-schema-graph\">{\"@context\":\"https:\/\/schema.org\",\"@graph\":[{\"@type\":\"WebPage\",\"@id\":\"https:\/\/vaninahenry.com\/produkt\/katama\/\",\"url\":\"https:\/\/vaninahenry.com\/produkt\/katama\/\",\"name\":\"Katama - TC3 - Vanina Henry\",\"isPartOf\":{\"@id\":\"https:\/\/vaninahenry.com\/#website\"},\"primaryImageOfPage\":{\"@id\":\"https:\/\/vaninahenry.com\/produkt\/katama\/#primaryimage\"},\"image\":{\"@id\":\"https:\/\/vaninahenry.com\/produkt\/katama\/#primaryimage\"},\"thumbnailUrl\":\"https:\/\/vaninahenry.com\/wp-content\/uploads\/2021\/10\/POTOCCO_KATANA-CIRC-026_T3C-_.hd_.jpg\",\"datePublished\":\"2021-10-27T09:15:28+00:00\",\"dateModified\":\"2023-12-04T14:49:02+00:00\",\"breadcrumb\":{\"@id\":\"https:\/\/vaninahenry.com\/produkt\/katama\/#breadcrumb\"},\"inLanguage\":\"de\",\"potentialAction\":[{\"@type\":\"ReadAction\",\"target\":[\"https:\/\/vaninahenry.com\/produkt\/katama\/\"]}]},{\"@type\":\"ImageObject\",\"inLanguage\":\"de\",\"@id\":\"https:\/\/vaninahenry.com\/produkt\/katama\/#primaryimage\",\"url\":\"https:\/\/vaninahenry.com\/wp-content\/uploads\/2021\/10\/POTOCCO_KATANA-CIRC-026_T3C-_.hd_.jpg\",\"contentUrl\":\"https:\/\/vaninahenry.com\/wp-content\/uploads\/2021\/10\/POTOCCO_KATANA-CIRC-026_T3C-_.hd_.jpg\",\"width\":1200,\"height\":800},{\"@type\":\"BreadcrumbList\",\"@id\":\"https:\/\/vaninahenry.com\/produkt\/katama\/#breadcrumb\",\"itemListElement\":[{\"@type\":\"ListItem\",\"position\":1,\"name\":\"Accueil\",\"item\":\"https:\/\/vaninahenry.com\/de\/\"},{\"@type\":\"ListItem\",\"position\":2,\"name\":\"Shop\",\"item\":\"https:\/\/vaninahenry.com\/boutique\/\"},{\"@type\":\"ListItem\",\"position\":3,\"name\":\"Katama &#8211; TC3\"}]},{\"@type\":\"WebSite\",\"@id\":\"https:\/\/vaninahenry.com\/#website\",\"url\":\"https:\/\/vaninahenry.com\/\",\"name\":\"Vanina Henry\",\"description\":\"\",\"publisher\":{\"@id\":\"https:\/\/vaninahenry.com\/#organization\"},\"potentialAction\":[{\"@type\":\"SearchAction\",\"target\":{\"@type\":\"EntryPoint\",\"urlTemplate\":\"https:\/\/vaninahenry.com\/?s={search_term_string}\"},\"query-input\":{\"@type\":\"PropertyValueSpecification\",\"valueRequired\":true,\"valueName\":\"search_term_string\"}}],\"inLanguage\":\"de\"},{\"@type\":\"Organization\",\"@id\":\"https:\/\/vaninahenry.com\/#organization\",\"name\":\"Vanina Henry\",\"url\":\"https:\/\/vaninahenry.com\/\",\"logo\":{\"@type\":\"ImageObject\",\"inLanguage\":\"de\",\"@id\":\"https:\/\/vaninahenry.com\/#\/schema\/logo\/image\/\",\"url\":\"http:\/\/vaninahenry.com\/wp-content\/uploads\/2021\/10\/Logo-design-by-VaninaHenry.png\",\"contentUrl\":\"http:\/\/vaninahenry.com\/wp-content\/uploads\/2021\/10\/Logo-design-by-VaninaHenry.png\",\"width\":711,\"height\":467,\"caption\":\"Vanina Henry\"},\"image\":{\"@id\":\"https:\/\/vaninahenry.com\/#\/schema\/logo\/image\/\"},\"sameAs\":[\"https:\/\/www.facebook.com\/designbyvaninahenry\",\"https:\/\/www.instagram.com\/vaninahenry\/\"]}]}<\/script>\n<!-- \/ Yoast SEO plugin. -->","yoast_head_json":{"title":"Katama - TC3 - Vanina Henry","robots":{"index":"index","follow":"follow","max-snippet":"max-snippet:-1","max-image-preview":"max-image-preview:large","max-video-preview":"max-video-preview:-1"},"canonical":"https:\/\/vaninahenry.com\/produkt\/katama\/","og_locale":"de_DE","og_type":"article","og_title":"Katama - TC3 - Vanina Henry","og_description":"Der Tisch Katana 026 TC3 hat ein 3-Fu\u00df-Gestell und eine runde Platte, die einen Durchmesser von 120 oder 130 cm haben kann.  Vanina Henry bietet eine :  Wei\u00df: Sockel aus wei\u00dfem gepr\u00e4gtem Metall und Platte aus wei\u00dfem Hochdrucklaminat.  und Schwarz: Sockel aus gepr\u00e4gtem anthrazitfarbenem Metall und Platte aus schwarzem ossidobeschichtetem Porzellan.  &nbsp;  Die Lieferung ist im Preis inbegriffen. Lieferfrist nur in Luxemburg: etwa 8 Wochen.","og_url":"https:\/\/vaninahenry.com\/produkt\/katama\/","og_site_name":"Vanina Henry","article_publisher":"https:\/\/www.facebook.com\/designbyvaninahenry","article_modified_time":"2023-12-04T14:49:02+00:00","og_image":[{"width":1200,"height":800,"url":"https:\/\/vaninahenry.com\/wp-content\/uploads\/2021\/10\/POTOCCO_KATANA-CIRC-026_T3C-_.hd_.jpg","type":"image\/jpeg"}],"twitter_card":"summary_large_image","twitter_misc":{"Gesch\u00e4tzte Lesezeit":"1\u00a0Minute"},"schema":{"@context":"https:\/\/schema.org","@graph":[{"@type":"WebPage","@id":"https:\/\/vaninahenry.com\/produkt\/katama\/","url":"https:\/\/vaninahenry.com\/produkt\/katama\/","name":"Katama - TC3 - Vanina Henry","isPartOf":{"@id":"https:\/\/vaninahenry.com\/#website"},"primaryImageOfPage":{"@id":"https:\/\/vaninahenry.com\/produkt\/katama\/#primaryimage"},"image":{"@id":"https:\/\/vaninahenry.com\/produkt\/katama\/#primaryimage"},"thumbnailUrl":"https:\/\/vaninahenry.com\/wp-content\/uploads\/2021\/10\/POTOCCO_KATANA-CIRC-026_T3C-_.hd_.jpg","datePublished":"2021-10-27T09:15:28+00:00","dateModified":"2023-12-04T14:49:02+00:00","breadcrumb":{"@id":"https:\/\/vaninahenry.com\/produkt\/katama\/#breadcrumb"},"inLanguage":"de","potentialAction":[{"@type":"ReadAction","target":["https:\/\/vaninahenry.com\/produkt\/katama\/"]}]},{"@type":"ImageObject","inLanguage":"de","@id":"https:\/\/vaninahenry.com\/produkt\/katama\/#primaryimage","url":"https:\/\/vaninahenry.com\/wp-content\/uploads\/2021\/10\/POTOCCO_KATANA-CIRC-026_T3C-_.hd_.jpg","contentUrl":"https:\/\/vaninahenry.com\/wp-content\/uploads\/2021\/10\/POTOCCO_KATANA-CIRC-026_T3C-_.hd_.jpg","width":1200,"height":800},{"@type":"BreadcrumbList","@id":"https:\/\/vaninahenry.com\/produkt\/katama\/#breadcrumb","itemListElement":[{"@type":"ListItem","position":1,"name":"Accueil","item":"https:\/\/vaninahenry.com\/de\/"},{"@type":"ListItem","position":2,"name":"Shop","item":"https:\/\/vaninahenry.com\/boutique\/"},{"@type":"ListItem","position":3,"name":"Katama &#8211; TC3"}]},{"@type":"WebSite","@id":"https:\/\/vaninahenry.com\/#website","url":"https:\/\/vaninahenry.com\/","name":"Vanina Henry","description":"","publisher":{"@id":"https:\/\/vaninahenry.com\/#organization"},"potentialAction":[{"@type":"SearchAction","target":{"@type":"EntryPoint","urlTemplate":"https:\/\/vaninahenry.com\/?s={search_term_string}"},"query-input":{"@type":"PropertyValueSpecification","valueRequired":true,"valueName":"search_term_string"}}],"inLanguage":"de"},{"@type":"Organization","@id":"https:\/\/vaninahenry.com\/#organization","name":"Vanina Henry","url":"https:\/\/vaninahenry.com\/","logo":{"@type":"ImageObject","inLanguage":"de","@id":"https:\/\/vaninahenry.com\/#\/schema\/logo\/image\/","url":"http:\/\/vaninahenry.com\/wp-content\/uploads\/2021\/10\/Logo-design-by-VaninaHenry.png","contentUrl":"http:\/\/vaninahenry.com\/wp-content\/uploads\/2021\/10\/Logo-design-by-VaninaHenry.png","width":711,"height":467,"caption":"Vanina Henry"},"image":{"@id":"https:\/\/vaninahenry.com\/#\/schema\/logo\/image\/"},"sameAs":["https:\/\/www.facebook.com\/designbyvaninahenry","https:\/\/www.instagram.com\/vaninahenry\/"]}]}},"_links":{"self":[{"href":"https:\/\/vaninahenry.com\/de\/wp-json\/wp\/v2\/product\/63938","targetHints":{"allow":["GET"]}}],"collection":[{"href":"https:\/\/vaninahenry.com\/de\/wp-json\/wp\/v2\/product"}],"about":[{"href":"https:\/\/vaninahenry.com\/de\/wp-json\/wp\/v2\/types\/product"}],"wp:featuredmedia":[{"embeddable":true,"href":"https:\/\/vaninahenry.com\/de\/wp-json\/wp\/v2\/media\/64081"}],"wp:attachment":[{"href":"https:\/\/vaninahenry.com\/de\/wp-json\/wp\/v2\/media?parent=63938"}],"wp:term":[{"taxonomy":"product_brand","embeddable":true,"href":"https:\/\/vaninahenry.com\/de\/wp-json\/wp\/v2\/product_brand?post=63938"},{"taxonomy":"product_cat","embeddable":true,"href":"https:\/\/vaninahenry.com\/de\/wp-json\/wp\/v2\/product_cat?post=63938"},{"taxonomy":"product_tag","embeddable":true,"href":"https:\/\/vaninahenry.com\/de\/wp-json\/wp\/v2\/product_tag?post=63938"}],"curies":[{"name":"wp","href":"https:\/\/api.w.org\/{rel}","templated":true}]}}