{"id":50297,"date":"2021-10-13T11:02:01","date_gmt":"2021-10-13T09:02:03","guid":{"rendered":"https:\/\/vaninahenry.com\/?post_type=product&#038;p=50297"},"modified":"2021-12-07T15:07:33","modified_gmt":"2021-12-07T14:07:33","slug":"new-modern-round-oko-zertifiziertes-holz","status":"publish","type":"product","link":"https:\/\/vaninahenry.com\/de\/produkt\/new-modern-round-oko-zertifiziertes-holz\/","title":{"rendered":"NEW MODERN Round &#8211; \u00d6ko-zertifiziertes Holz"},"content":{"rendered":"<p>Ein<span style=\"color: #9a7541;\"> NEW MODERN<\/span> Tisch besteht aus <strong>zwei Stahlbeinen<\/strong>, in die <strong>zwei Edelstahltr\u00e4ger<\/strong> eingelassen sind. Der Aufsatz wird in die Konstruktion eingesetzt und mit ihr verschraubt.<\/p>\n<p><strong>Nachhaltige Materialien und kontrollierter Lebenszyklus<\/strong><\/p>\n<p>Wie jedes TIPTOE-Objekt wurde auch das NEW MODERN-System mit dem Ziel entwickelt, die Auswirkungen w\u00e4hrend des gesamten Lebenszyklus des Produkts zu kontrollieren.<\/p>\n<ul>\n<li>Holz aus nachhaltig <strong>bewirtschafteten europ\u00e4ischen W\u00e4ldern (PEFC- oder FSC-Siegel)<\/strong>. Die Platte hat einen massiven Tannenkern, der mit Natureiche furniert und mit einem Lack auf <strong>Wasserbasis gesch\u00fctzt ist<\/strong>.<\/li>\n<li>Die Beine und St\u00fctzbalken sind aus Stahl, einem sehr widerstandsf\u00e4higen und unendlich wiederverwertbaren Material (es ist das am h\u00e4ufigsten recycelte Material der Welt).<\/li>\n<li>Wenige Elemente, alle n\u00fctzlich, robust und im Bedarfsfall leicht zu reparieren.<\/li>\n<li><strong>Flach verpackt<\/strong>, um die Umweltauswirkungen w\u00e4hrend der Lagerung und des Versands zu begrenzen, und die <strong>Verpackung besteht zu mindestens 80 % aus recyceltem Papier<\/strong>.<\/li>\n<\/ul>\n","protected":false},"excerpt":{"rendered":"<div class=\"grid__col-xxs--12 grid__col-s-push--1 grid__col-s--10\">\n<div class=\"intro__title--center t-largest t-medium\">\n<p>Der <span style=\"color: #9a7541;\">runde Tisch NEW MODERN<\/span> aus \u00f6ko-zertifiziertem Holz ist <strong>ideal f\u00fcr 4 bis 6 Personen<\/strong> (Durchmesser 110 cm).<\/p>\n<\/div>\n<\/div>\n<p>&nbsp;<\/p>\n<p><span style=\"color: #9a7541;\"><a style=\"color: #9a7541;\" href=\"https:\/\/vaninahenry.com\/marque\/tiptoe\/\">Entdecken Sie TIPTOE, sein Konzept und seine verschiedenen Produkte.<\/a><\/span><\/p>\n","protected":false},"featured_media":50327,"template":"","meta":{"_acf_changed":false,"inline_featured_image":false},"product_brand":[],"product_cat":[393,396],"product_tag":[],"class_list":{"0":"post-50297","1":"product","2":"type-product","3":"status-publish","4":"has-post-thumbnail","6":"product_cat-design-moebel","7":"product_cat-sustainable-de","8":"product_shipping_class-tiptoe-300-de","10":"first","11":"outofstock","12":"taxable","13":"shipping-taxable","14":"purchasable","15":"product-type-variable"},"acf":[],"yoast_head":"<!-- This site is optimized with the Yoast SEO plugin v26.7 - https:\/\/yoast.com\/wordpress\/plugins\/seo\/ -->\n<title>NEW MODERN Round - \u00d6ko-zertifiziertes Holz - Vanina Henry<\/title>\n<meta name=\"robots\" content=\"index, follow, max-snippet:-1, max-image-preview:large, max-video-preview:-1\" \/>\n<link rel=\"canonical\" href=\"https:\/\/vaninahenry.com\/produkt\/new-modern-ronde-bois-eco-certifie\/\" \/>\n<meta property=\"og:locale\" content=\"de_DE\" \/>\n<meta property=\"og:type\" content=\"article\" \/>\n<meta property=\"og:title\" content=\"NEW MODERN Round - \u00d6ko-zertifiziertes Holz - Vanina Henry\" \/>\n<meta property=\"og:description\" content=\"Der runde Tisch NEW MODERN aus \u00f6ko-zertifiziertem Holz ist ideal f\u00fcr 4 bis 6 Personen (Durchmesser 110 cm).    &nbsp;  Entdecken Sie TIPTOE, sein Konzept und seine verschiedenen Produkte.\" \/>\n<meta property=\"og:url\" content=\"https:\/\/vaninahenry.com\/produkt\/new-modern-ronde-bois-eco-certifie\/\" \/>\n<meta property=\"og:site_name\" content=\"Vanina Henry\" \/>\n<meta property=\"article:publisher\" content=\"https:\/\/www.facebook.com\/designbyvaninahenry\" \/>\n<meta property=\"article:modified_time\" content=\"2021-12-07T14:07:33+00:00\" \/>\n<meta property=\"og:image\" content=\"https:\/\/vaninahenry.com\/wp-content\/uploads\/2021\/10\/NM_tableronde_chene_blanc_chaise-1440x0-c-default.jpg\" \/>\n\t<meta property=\"og:image:width\" content=\"1440\" \/>\n\t<meta property=\"og:image:height\" content=\"1440\" \/>\n\t<meta property=\"og:image:type\" content=\"image\/jpeg\" \/>\n<meta name=\"twitter:card\" content=\"summary_large_image\" \/>\n<meta name=\"twitter:label1\" content=\"Gesch\u00e4tzte Lesezeit\" \/>\n\t<meta name=\"twitter:data1\" content=\"1\u00a0Minute\" \/>\n<script type=\"application\/ld+json\" class=\"yoast-schema-graph\">{\"@context\":\"https:\/\/schema.org\",\"@graph\":[{\"@type\":\"WebPage\",\"@id\":\"https:\/\/vaninahenry.com\/produkt\/new-modern-ronde-bois-eco-certifie\/\",\"url\":\"https:\/\/vaninahenry.com\/produkt\/new-modern-ronde-bois-eco-certifie\/\",\"name\":\"NEW MODERN Round - \u00d6ko-zertifiziertes Holz - Vanina Henry\",\"isPartOf\":{\"@id\":\"https:\/\/vaninahenry.com\/#website\"},\"primaryImageOfPage\":{\"@id\":\"https:\/\/vaninahenry.com\/produkt\/new-modern-ronde-bois-eco-certifie\/#primaryimage\"},\"image\":{\"@id\":\"https:\/\/vaninahenry.com\/produkt\/new-modern-ronde-bois-eco-certifie\/#primaryimage\"},\"thumbnailUrl\":\"https:\/\/vaninahenry.com\/wp-content\/uploads\/2021\/10\/NM_tableronde_chene_blanc_chaise-1440x0-c-default.jpg\",\"datePublished\":\"2021-10-13T09:02:03+00:00\",\"dateModified\":\"2021-12-07T14:07:33+00:00\",\"breadcrumb\":{\"@id\":\"https:\/\/vaninahenry.com\/produkt\/new-modern-ronde-bois-eco-certifie\/#breadcrumb\"},\"inLanguage\":\"de\",\"potentialAction\":[{\"@type\":\"ReadAction\",\"target\":[\"https:\/\/vaninahenry.com\/produkt\/new-modern-ronde-bois-eco-certifie\/\"]}]},{\"@type\":\"ImageObject\",\"inLanguage\":\"de\",\"@id\":\"https:\/\/vaninahenry.com\/produkt\/new-modern-ronde-bois-eco-certifie\/#primaryimage\",\"url\":\"https:\/\/vaninahenry.com\/wp-content\/uploads\/2021\/10\/NM_tableronde_chene_blanc_chaise-1440x0-c-default.jpg\",\"contentUrl\":\"https:\/\/vaninahenry.com\/wp-content\/uploads\/2021\/10\/NM_tableronde_chene_blanc_chaise-1440x0-c-default.jpg\",\"width\":1440,\"height\":1440},{\"@type\":\"BreadcrumbList\",\"@id\":\"https:\/\/vaninahenry.com\/produkt\/new-modern-ronde-bois-eco-certifie\/#breadcrumb\",\"itemListElement\":[{\"@type\":\"ListItem\",\"position\":1,\"name\":\"Accueil\",\"item\":\"https:\/\/vaninahenry.com\/de\/\"},{\"@type\":\"ListItem\",\"position\":2,\"name\":\"Shop\",\"item\":\"https:\/\/vaninahenry.com\/boutique\/\"},{\"@type\":\"ListItem\",\"position\":3,\"name\":\"NEW MODERN Round &#8211; \u00d6ko-zertifiziertes Holz\"}]},{\"@type\":\"WebSite\",\"@id\":\"https:\/\/vaninahenry.com\/#website\",\"url\":\"https:\/\/vaninahenry.com\/\",\"name\":\"Vanina Henry\",\"description\":\"\",\"publisher\":{\"@id\":\"https:\/\/vaninahenry.com\/#organization\"},\"potentialAction\":[{\"@type\":\"SearchAction\",\"target\":{\"@type\":\"EntryPoint\",\"urlTemplate\":\"https:\/\/vaninahenry.com\/?s={search_term_string}\"},\"query-input\":{\"@type\":\"PropertyValueSpecification\",\"valueRequired\":true,\"valueName\":\"search_term_string\"}}],\"inLanguage\":\"de\"},{\"@type\":\"Organization\",\"@id\":\"https:\/\/vaninahenry.com\/#organization\",\"name\":\"Vanina Henry\",\"url\":\"https:\/\/vaninahenry.com\/\",\"logo\":{\"@type\":\"ImageObject\",\"inLanguage\":\"de\",\"@id\":\"https:\/\/vaninahenry.com\/#\/schema\/logo\/image\/\",\"url\":\"http:\/\/vaninahenry.com\/wp-content\/uploads\/2021\/10\/Logo-design-by-VaninaHenry.png\",\"contentUrl\":\"http:\/\/vaninahenry.com\/wp-content\/uploads\/2021\/10\/Logo-design-by-VaninaHenry.png\",\"width\":711,\"height\":467,\"caption\":\"Vanina Henry\"},\"image\":{\"@id\":\"https:\/\/vaninahenry.com\/#\/schema\/logo\/image\/\"},\"sameAs\":[\"https:\/\/www.facebook.com\/designbyvaninahenry\",\"https:\/\/www.instagram.com\/vaninahenry\/\"]}]}<\/script>\n<!-- \/ Yoast SEO plugin. -->","yoast_head_json":{"title":"NEW MODERN Round - \u00d6ko-zertifiziertes Holz - Vanina Henry","robots":{"index":"index","follow":"follow","max-snippet":"max-snippet:-1","max-image-preview":"max-image-preview:large","max-video-preview":"max-video-preview:-1"},"canonical":"https:\/\/vaninahenry.com\/produkt\/new-modern-ronde-bois-eco-certifie\/","og_locale":"de_DE","og_type":"article","og_title":"NEW MODERN Round - \u00d6ko-zertifiziertes Holz - Vanina Henry","og_description":"Der runde Tisch NEW MODERN aus \u00f6ko-zertifiziertem Holz ist ideal f\u00fcr 4 bis 6 Personen (Durchmesser 110 cm).    &nbsp;  Entdecken Sie TIPTOE, sein Konzept und seine verschiedenen Produkte.","og_url":"https:\/\/vaninahenry.com\/produkt\/new-modern-ronde-bois-eco-certifie\/","og_site_name":"Vanina Henry","article_publisher":"https:\/\/www.facebook.com\/designbyvaninahenry","article_modified_time":"2021-12-07T14:07:33+00:00","og_image":[{"width":1440,"height":1440,"url":"https:\/\/vaninahenry.com\/wp-content\/uploads\/2021\/10\/NM_tableronde_chene_blanc_chaise-1440x0-c-default.jpg","type":"image\/jpeg"}],"twitter_card":"summary_large_image","twitter_misc":{"Gesch\u00e4tzte Lesezeit":"1\u00a0Minute"},"schema":{"@context":"https:\/\/schema.org","@graph":[{"@type":"WebPage","@id":"https:\/\/vaninahenry.com\/produkt\/new-modern-ronde-bois-eco-certifie\/","url":"https:\/\/vaninahenry.com\/produkt\/new-modern-ronde-bois-eco-certifie\/","name":"NEW MODERN Round - \u00d6ko-zertifiziertes Holz - Vanina Henry","isPartOf":{"@id":"https:\/\/vaninahenry.com\/#website"},"primaryImageOfPage":{"@id":"https:\/\/vaninahenry.com\/produkt\/new-modern-ronde-bois-eco-certifie\/#primaryimage"},"image":{"@id":"https:\/\/vaninahenry.com\/produkt\/new-modern-ronde-bois-eco-certifie\/#primaryimage"},"thumbnailUrl":"https:\/\/vaninahenry.com\/wp-content\/uploads\/2021\/10\/NM_tableronde_chene_blanc_chaise-1440x0-c-default.jpg","datePublished":"2021-10-13T09:02:03+00:00","dateModified":"2021-12-07T14:07:33+00:00","breadcrumb":{"@id":"https:\/\/vaninahenry.com\/produkt\/new-modern-ronde-bois-eco-certifie\/#breadcrumb"},"inLanguage":"de","potentialAction":[{"@type":"ReadAction","target":["https:\/\/vaninahenry.com\/produkt\/new-modern-ronde-bois-eco-certifie\/"]}]},{"@type":"ImageObject","inLanguage":"de","@id":"https:\/\/vaninahenry.com\/produkt\/new-modern-ronde-bois-eco-certifie\/#primaryimage","url":"https:\/\/vaninahenry.com\/wp-content\/uploads\/2021\/10\/NM_tableronde_chene_blanc_chaise-1440x0-c-default.jpg","contentUrl":"https:\/\/vaninahenry.com\/wp-content\/uploads\/2021\/10\/NM_tableronde_chene_blanc_chaise-1440x0-c-default.jpg","width":1440,"height":1440},{"@type":"BreadcrumbList","@id":"https:\/\/vaninahenry.com\/produkt\/new-modern-ronde-bois-eco-certifie\/#breadcrumb","itemListElement":[{"@type":"ListItem","position":1,"name":"Accueil","item":"https:\/\/vaninahenry.com\/de\/"},{"@type":"ListItem","position":2,"name":"Shop","item":"https:\/\/vaninahenry.com\/boutique\/"},{"@type":"ListItem","position":3,"name":"NEW MODERN Round &#8211; \u00d6ko-zertifiziertes Holz"}]},{"@type":"WebSite","@id":"https:\/\/vaninahenry.com\/#website","url":"https:\/\/vaninahenry.com\/","name":"Vanina Henry","description":"","publisher":{"@id":"https:\/\/vaninahenry.com\/#organization"},"potentialAction":[{"@type":"SearchAction","target":{"@type":"EntryPoint","urlTemplate":"https:\/\/vaninahenry.com\/?s={search_term_string}"},"query-input":{"@type":"PropertyValueSpecification","valueRequired":true,"valueName":"search_term_string"}}],"inLanguage":"de"},{"@type":"Organization","@id":"https:\/\/vaninahenry.com\/#organization","name":"Vanina Henry","url":"https:\/\/vaninahenry.com\/","logo":{"@type":"ImageObject","inLanguage":"de","@id":"https:\/\/vaninahenry.com\/#\/schema\/logo\/image\/","url":"http:\/\/vaninahenry.com\/wp-content\/uploads\/2021\/10\/Logo-design-by-VaninaHenry.png","contentUrl":"http:\/\/vaninahenry.com\/wp-content\/uploads\/2021\/10\/Logo-design-by-VaninaHenry.png","width":711,"height":467,"caption":"Vanina Henry"},"image":{"@id":"https:\/\/vaninahenry.com\/#\/schema\/logo\/image\/"},"sameAs":["https:\/\/www.facebook.com\/designbyvaninahenry","https:\/\/www.instagram.com\/vaninahenry\/"]}]}},"_links":{"self":[{"href":"https:\/\/vaninahenry.com\/de\/wp-json\/wp\/v2\/product\/50297","targetHints":{"allow":["GET"]}}],"collection":[{"href":"https:\/\/vaninahenry.com\/de\/wp-json\/wp\/v2\/product"}],"about":[{"href":"https:\/\/vaninahenry.com\/de\/wp-json\/wp\/v2\/types\/product"}],"wp:featuredmedia":[{"embeddable":true,"href":"https:\/\/vaninahenry.com\/de\/wp-json\/wp\/v2\/media\/50327"}],"wp:attachment":[{"href":"https:\/\/vaninahenry.com\/de\/wp-json\/wp\/v2\/media?parent=50297"}],"wp:term":[{"taxonomy":"product_brand","embeddable":true,"href":"https:\/\/vaninahenry.com\/de\/wp-json\/wp\/v2\/product_brand?post=50297"},{"taxonomy":"product_cat","embeddable":true,"href":"https:\/\/vaninahenry.com\/de\/wp-json\/wp\/v2\/product_cat?post=50297"},{"taxonomy":"product_tag","embeddable":true,"href":"https:\/\/vaninahenry.com\/de\/wp-json\/wp\/v2\/product_tag?post=50297"}],"curies":[{"name":"wp","href":"https:\/\/api.w.org\/{rel}","templated":true}]}}