{"id":50173,"date":"2021-10-12T17:00:16","date_gmt":"2021-10-12T15:00:20","guid":{"rendered":"https:\/\/vaninahenry.com\/?post_type=product&#038;p=50173"},"modified":"2021-12-07T15:07:27","modified_gmt":"2021-12-07T14:07:27","slug":"new-modern-recycelter-kunststoff","status":"publish","type":"product","link":"https:\/\/vaninahenry.com\/de\/produkt\/new-modern-recycelter-kunststoff\/","title":{"rendered":"NEW MODERN &#8211; recycelter Kunststoff"},"content":{"rendered":"<p>Ein <span style=\"color: #9a7541;\">NEW MODERN<\/span> Tisch besteht aus <strong>zwei Stahlbeinen<\/strong>, in die <strong>zwei Edelstahltr\u00e4ger<\/strong> eingelassen sind. Die Tischplatte wird in die Struktur eingelegt und mit ihr verschraubt (bei gr\u00f6\u00dferen Formaten vervollst\u00e4ndigt eine bewegliche Querstange den Aufbau in der Mitte der Tischplatte).<\/p>\n<p><strong>Nachhaltige Materialien und kontrollierter Lebenszyklus<\/strong><\/p>\n<p>Wie jedes TIPTOE-Objekt wurde auch das NEW MODERN-System so konzipiert, dass die Auswirkungen w\u00e4hrend des gesamten Lebenszyklus des Produkts kontrolliert werden.<\/p>\n<ul>\n<li>Recyceltes Kunststofftablett, hergestellt aus dem Abfall von Hunderten von Joghurtbechern.<\/li>\n<li>Beine und Tr\u00e4ger sind aus Stahl gefertigt, einem Material, das nicht nur sehr stabil, sondern auch unbegrenzt wiederverwertbar ist (es ist das am h\u00e4ufigsten recycelte Material der Welt).<\/li>\n<li>Wenige Elemente, alle n\u00fctzlich, robust und im Bedarfsfall leicht zu reparieren.<\/li>\n<li>Flach verpackt, um die Umweltauswirkungen w\u00e4hrend der Lagerung und des Versands zu begrenzen, und die Verpackung besteht zu mindestens 80 % aus recyceltem Papier.<\/li>\n<\/ul>\n","protected":false},"excerpt":{"rendered":"<p>Der <span style=\"color: #9a7541;\">NEW MODERN<\/span> Esstisch aus recyceltem Kunststoff ist <strong>ideal f\u00fcr 6 bis 8 Personen<\/strong>, je nach gew\u00e4hlter Gr\u00f6\u00dfe.<\/p>\n<p>&nbsp;<\/p>\n<p><span style=\"color: #9a7541;\"><a style=\"color: #9a7541;\" href=\"https:\/\/vaninahenry.com\/marque\/tiptoe\/\">Entdecken Sie TIPTOE, sein Konzept und seine verschiedenen Produkte.<\/a><\/span><\/p>\n","protected":false},"featured_media":50223,"template":"","meta":{"_acf_changed":false,"inline_featured_image":false},"product_brand":[],"product_cat":[393,396],"product_tag":[],"class_list":{"0":"post-50173","1":"product","2":"type-product","3":"status-publish","4":"has-post-thumbnail","6":"product_cat-design-moebel","7":"product_cat-sustainable-de","8":"product_shipping_class-tiptoe-de","10":"first","11":"outofstock","12":"taxable","13":"shipping-taxable","14":"purchasable","15":"product-type-variable"},"acf":[],"yoast_head":"<!-- This site is optimized with the Yoast SEO plugin v26.7 - https:\/\/yoast.com\/wordpress\/plugins\/seo\/ -->\n<title>NEW MODERN - recycelter Kunststoff - Vanina Henry<\/title>\n<meta name=\"robots\" content=\"index, follow, max-snippet:-1, max-image-preview:large, max-video-preview:-1\" \/>\n<link rel=\"canonical\" href=\"https:\/\/vaninahenry.com\/produkt\/new-modern-plastique-recycle\/\" \/>\n<meta property=\"og:locale\" content=\"de_DE\" \/>\n<meta property=\"og:type\" content=\"article\" \/>\n<meta property=\"og:title\" content=\"NEW MODERN - recycelter Kunststoff - Vanina Henry\" \/>\n<meta property=\"og:description\" content=\"Der NEW MODERN Esstisch aus recyceltem Kunststoff ist ideal f\u00fcr 6 bis 8 Personen, je nach gew\u00e4hlter Gr\u00f6\u00dfe.  &nbsp;  Entdecken Sie TIPTOE, sein Konzept und seine verschiedenen Produkte.\" \/>\n<meta property=\"og:url\" content=\"https:\/\/vaninahenry.com\/produkt\/new-modern-plastique-recycle\/\" \/>\n<meta property=\"og:site_name\" content=\"Vanina Henry\" \/>\n<meta property=\"article:publisher\" content=\"https:\/\/www.facebook.com\/designbyvaninahenry\" \/>\n<meta property=\"article:modified_time\" content=\"2021-12-07T14:07:27+00:00\" \/>\n<meta property=\"og:image\" content=\"https:\/\/vaninahenry.com\/wp-content\/uploads\/2021\/10\/FL-16224_carre_1-1440x0-c-default.jpg\" \/>\n\t<meta property=\"og:image:width\" content=\"1440\" \/>\n\t<meta property=\"og:image:height\" content=\"1440\" \/>\n\t<meta property=\"og:image:type\" content=\"image\/jpeg\" \/>\n<meta name=\"twitter:card\" content=\"summary_large_image\" \/>\n<meta name=\"twitter:label1\" content=\"Gesch\u00e4tzte Lesezeit\" \/>\n\t<meta name=\"twitter:data1\" content=\"1\u00a0Minute\" \/>\n<script type=\"application\/ld+json\" class=\"yoast-schema-graph\">{\"@context\":\"https:\/\/schema.org\",\"@graph\":[{\"@type\":\"WebPage\",\"@id\":\"https:\/\/vaninahenry.com\/produkt\/new-modern-plastique-recycle\/\",\"url\":\"https:\/\/vaninahenry.com\/produkt\/new-modern-plastique-recycle\/\",\"name\":\"NEW MODERN - recycelter Kunststoff - Vanina Henry\",\"isPartOf\":{\"@id\":\"https:\/\/vaninahenry.com\/#website\"},\"primaryImageOfPage\":{\"@id\":\"https:\/\/vaninahenry.com\/produkt\/new-modern-plastique-recycle\/#primaryimage\"},\"image\":{\"@id\":\"https:\/\/vaninahenry.com\/produkt\/new-modern-plastique-recycle\/#primaryimage\"},\"thumbnailUrl\":\"https:\/\/vaninahenry.com\/wp-content\/uploads\/2021\/10\/FL-16224_carre_1-1440x0-c-default.jpg\",\"datePublished\":\"2021-10-12T15:00:20+00:00\",\"dateModified\":\"2021-12-07T14:07:27+00:00\",\"breadcrumb\":{\"@id\":\"https:\/\/vaninahenry.com\/produkt\/new-modern-plastique-recycle\/#breadcrumb\"},\"inLanguage\":\"de\",\"potentialAction\":[{\"@type\":\"ReadAction\",\"target\":[\"https:\/\/vaninahenry.com\/produkt\/new-modern-plastique-recycle\/\"]}]},{\"@type\":\"ImageObject\",\"inLanguage\":\"de\",\"@id\":\"https:\/\/vaninahenry.com\/produkt\/new-modern-plastique-recycle\/#primaryimage\",\"url\":\"https:\/\/vaninahenry.com\/wp-content\/uploads\/2021\/10\/FL-16224_carre_1-1440x0-c-default.jpg\",\"contentUrl\":\"https:\/\/vaninahenry.com\/wp-content\/uploads\/2021\/10\/FL-16224_carre_1-1440x0-c-default.jpg\",\"width\":1440,\"height\":1440},{\"@type\":\"BreadcrumbList\",\"@id\":\"https:\/\/vaninahenry.com\/produkt\/new-modern-plastique-recycle\/#breadcrumb\",\"itemListElement\":[{\"@type\":\"ListItem\",\"position\":1,\"name\":\"Accueil\",\"item\":\"https:\/\/vaninahenry.com\/de\/\"},{\"@type\":\"ListItem\",\"position\":2,\"name\":\"Shop\",\"item\":\"https:\/\/vaninahenry.com\/boutique\/\"},{\"@type\":\"ListItem\",\"position\":3,\"name\":\"NEW MODERN &#8211; recycelter Kunststoff\"}]},{\"@type\":\"WebSite\",\"@id\":\"https:\/\/vaninahenry.com\/#website\",\"url\":\"https:\/\/vaninahenry.com\/\",\"name\":\"Vanina Henry\",\"description\":\"\",\"publisher\":{\"@id\":\"https:\/\/vaninahenry.com\/#organization\"},\"potentialAction\":[{\"@type\":\"SearchAction\",\"target\":{\"@type\":\"EntryPoint\",\"urlTemplate\":\"https:\/\/vaninahenry.com\/?s={search_term_string}\"},\"query-input\":{\"@type\":\"PropertyValueSpecification\",\"valueRequired\":true,\"valueName\":\"search_term_string\"}}],\"inLanguage\":\"de\"},{\"@type\":\"Organization\",\"@id\":\"https:\/\/vaninahenry.com\/#organization\",\"name\":\"Vanina Henry\",\"url\":\"https:\/\/vaninahenry.com\/\",\"logo\":{\"@type\":\"ImageObject\",\"inLanguage\":\"de\",\"@id\":\"https:\/\/vaninahenry.com\/#\/schema\/logo\/image\/\",\"url\":\"http:\/\/vaninahenry.com\/wp-content\/uploads\/2021\/10\/Logo-design-by-VaninaHenry.png\",\"contentUrl\":\"http:\/\/vaninahenry.com\/wp-content\/uploads\/2021\/10\/Logo-design-by-VaninaHenry.png\",\"width\":711,\"height\":467,\"caption\":\"Vanina Henry\"},\"image\":{\"@id\":\"https:\/\/vaninahenry.com\/#\/schema\/logo\/image\/\"},\"sameAs\":[\"https:\/\/www.facebook.com\/designbyvaninahenry\",\"https:\/\/www.instagram.com\/vaninahenry\/\"]}]}<\/script>\n<!-- \/ Yoast SEO plugin. -->","yoast_head_json":{"title":"NEW MODERN - recycelter Kunststoff - Vanina Henry","robots":{"index":"index","follow":"follow","max-snippet":"max-snippet:-1","max-image-preview":"max-image-preview:large","max-video-preview":"max-video-preview:-1"},"canonical":"https:\/\/vaninahenry.com\/produkt\/new-modern-plastique-recycle\/","og_locale":"de_DE","og_type":"article","og_title":"NEW MODERN - recycelter Kunststoff - Vanina Henry","og_description":"Der NEW MODERN Esstisch aus recyceltem Kunststoff ist ideal f\u00fcr 6 bis 8 Personen, je nach gew\u00e4hlter Gr\u00f6\u00dfe.  &nbsp;  Entdecken Sie TIPTOE, sein Konzept und seine verschiedenen Produkte.","og_url":"https:\/\/vaninahenry.com\/produkt\/new-modern-plastique-recycle\/","og_site_name":"Vanina Henry","article_publisher":"https:\/\/www.facebook.com\/designbyvaninahenry","article_modified_time":"2021-12-07T14:07:27+00:00","og_image":[{"width":1440,"height":1440,"url":"https:\/\/vaninahenry.com\/wp-content\/uploads\/2021\/10\/FL-16224_carre_1-1440x0-c-default.jpg","type":"image\/jpeg"}],"twitter_card":"summary_large_image","twitter_misc":{"Gesch\u00e4tzte Lesezeit":"1\u00a0Minute"},"schema":{"@context":"https:\/\/schema.org","@graph":[{"@type":"WebPage","@id":"https:\/\/vaninahenry.com\/produkt\/new-modern-plastique-recycle\/","url":"https:\/\/vaninahenry.com\/produkt\/new-modern-plastique-recycle\/","name":"NEW MODERN - recycelter Kunststoff - Vanina Henry","isPartOf":{"@id":"https:\/\/vaninahenry.com\/#website"},"primaryImageOfPage":{"@id":"https:\/\/vaninahenry.com\/produkt\/new-modern-plastique-recycle\/#primaryimage"},"image":{"@id":"https:\/\/vaninahenry.com\/produkt\/new-modern-plastique-recycle\/#primaryimage"},"thumbnailUrl":"https:\/\/vaninahenry.com\/wp-content\/uploads\/2021\/10\/FL-16224_carre_1-1440x0-c-default.jpg","datePublished":"2021-10-12T15:00:20+00:00","dateModified":"2021-12-07T14:07:27+00:00","breadcrumb":{"@id":"https:\/\/vaninahenry.com\/produkt\/new-modern-plastique-recycle\/#breadcrumb"},"inLanguage":"de","potentialAction":[{"@type":"ReadAction","target":["https:\/\/vaninahenry.com\/produkt\/new-modern-plastique-recycle\/"]}]},{"@type":"ImageObject","inLanguage":"de","@id":"https:\/\/vaninahenry.com\/produkt\/new-modern-plastique-recycle\/#primaryimage","url":"https:\/\/vaninahenry.com\/wp-content\/uploads\/2021\/10\/FL-16224_carre_1-1440x0-c-default.jpg","contentUrl":"https:\/\/vaninahenry.com\/wp-content\/uploads\/2021\/10\/FL-16224_carre_1-1440x0-c-default.jpg","width":1440,"height":1440},{"@type":"BreadcrumbList","@id":"https:\/\/vaninahenry.com\/produkt\/new-modern-plastique-recycle\/#breadcrumb","itemListElement":[{"@type":"ListItem","position":1,"name":"Accueil","item":"https:\/\/vaninahenry.com\/de\/"},{"@type":"ListItem","position":2,"name":"Shop","item":"https:\/\/vaninahenry.com\/boutique\/"},{"@type":"ListItem","position":3,"name":"NEW MODERN &#8211; recycelter Kunststoff"}]},{"@type":"WebSite","@id":"https:\/\/vaninahenry.com\/#website","url":"https:\/\/vaninahenry.com\/","name":"Vanina Henry","description":"","publisher":{"@id":"https:\/\/vaninahenry.com\/#organization"},"potentialAction":[{"@type":"SearchAction","target":{"@type":"EntryPoint","urlTemplate":"https:\/\/vaninahenry.com\/?s={search_term_string}"},"query-input":{"@type":"PropertyValueSpecification","valueRequired":true,"valueName":"search_term_string"}}],"inLanguage":"de"},{"@type":"Organization","@id":"https:\/\/vaninahenry.com\/#organization","name":"Vanina Henry","url":"https:\/\/vaninahenry.com\/","logo":{"@type":"ImageObject","inLanguage":"de","@id":"https:\/\/vaninahenry.com\/#\/schema\/logo\/image\/","url":"http:\/\/vaninahenry.com\/wp-content\/uploads\/2021\/10\/Logo-design-by-VaninaHenry.png","contentUrl":"http:\/\/vaninahenry.com\/wp-content\/uploads\/2021\/10\/Logo-design-by-VaninaHenry.png","width":711,"height":467,"caption":"Vanina Henry"},"image":{"@id":"https:\/\/vaninahenry.com\/#\/schema\/logo\/image\/"},"sameAs":["https:\/\/www.facebook.com\/designbyvaninahenry","https:\/\/www.instagram.com\/vaninahenry\/"]}]}},"_links":{"self":[{"href":"https:\/\/vaninahenry.com\/de\/wp-json\/wp\/v2\/product\/50173","targetHints":{"allow":["GET"]}}],"collection":[{"href":"https:\/\/vaninahenry.com\/de\/wp-json\/wp\/v2\/product"}],"about":[{"href":"https:\/\/vaninahenry.com\/de\/wp-json\/wp\/v2\/types\/product"}],"wp:featuredmedia":[{"embeddable":true,"href":"https:\/\/vaninahenry.com\/de\/wp-json\/wp\/v2\/media\/50223"}],"wp:attachment":[{"href":"https:\/\/vaninahenry.com\/de\/wp-json\/wp\/v2\/media?parent=50173"}],"wp:term":[{"taxonomy":"product_brand","embeddable":true,"href":"https:\/\/vaninahenry.com\/de\/wp-json\/wp\/v2\/product_brand?post=50173"},{"taxonomy":"product_cat","embeddable":true,"href":"https:\/\/vaninahenry.com\/de\/wp-json\/wp\/v2\/product_cat?post=50173"},{"taxonomy":"product_tag","embeddable":true,"href":"https:\/\/vaninahenry.com\/de\/wp-json\/wp\/v2\/product_tag?post=50173"}],"curies":[{"name":"wp","href":"https:\/\/api.w.org\/{rel}","templated":true}]}}