{"id":49744,"date":"2021-10-12T14:47:53","date_gmt":"2021-10-12T12:47:56","guid":{"rendered":"https:\/\/vaninahenry.com\/?post_type=product&#038;p=49744"},"modified":"2021-12-07T13:44:39","modified_gmt":"2021-12-07T12:44:39","slug":"repose-pieds-easy-module-dangle","status":"publish","type":"product","link":"https:\/\/vaninahenry.com\/de\/produkt\/repose-pieds-easy-module-dangle\/","title":{"rendered":"EASY-Fu\u00dfst\u00fctze"},"content":{"rendered":"<div class=\"img-cnt__title | t-largest t-medium\">\n<p><strong>Bequem und zeitlos<\/strong><\/p>\n<p>Wie alle TIPTOE-Objekte wurde auch das <strong>EASY-Sofa in Bezug auf Solidit\u00e4t<\/strong>, Materialauswahl und Pflegeleichtigkeit f\u00fcr eine lange Lebensdauer konzipiert.<\/p>\n<p><strong>Alle unsere Materialien sind von hoher Qualit\u00e4t und extrem widerstandsf\u00e4hig.<\/strong>\u00a0Der pulverbeschichtete Stahlrahmen ist praktisch unverw\u00fcstlich. Die Stoffe des d\u00e4nischen Unternehmens Gabriel sind besonders abrieb- und scheuerfest.<\/p>\n<p>Dank eines schnell und einfach zu installierenden Befestigungssystems k\u00f6nnen Sie das Eckmodul problemlos auf beiden Seiten des EASY-Sofas positionieren. Sie k\u00f6nnen das Eckmodul auch als Sitzgelegenheit oder als Couchtisch verwenden. Sie haben die Wahl!<\/p>\n<\/div>\n","protected":false},"excerpt":{"rendered":"<div class=\"grid__col-xxs--12 grid__col-s-push--1 grid__col-s--10\">\n<div class=\"intro__title--center t-largest t-medium\">\n<div class=\"grid__col-xxs--12 grid__col-s-push--1 grid__col-s--10\">\n<div class=\"intro__title--center t-largest t-medium\">\n<p>Das <span style=\"color: #9a7541;\">EASY Fu\u00dfst\u00fctzen-Eckmodul<\/span> l\u00e4sst sich in Sekundenschnelle an das EASY Sofa anbringen. Das Modul ist austauschbar und kann an der gew\u00fcnschten Ecke des Sofas angebracht werden.<\/p>\n<p>W\u00e4hlen Sie die Farbe Ihres Rahmens und das Terti\u00e4r aus den 6 M\u00f6glichkeiten:<\/p>\n<\/div>\n<\/div>\n<\/div>\n<\/div>\n<p><span style=\"color: #9a7541;\"><a href=\"https:\/\/vaninahenry.com\/marque\/tiptoe\/\"><img decoding=\"async\" class=\"alignnone wp-image-49549\" src=\"http:\/\/vaninahenry.com\/wp-content\/uploads\/2021\/10\/New-Project-26-e1634041020286.jpg\" alt=\"\" width=\"600\" height=\"444\" srcset=\"https:\/\/vaninahenry.com\/wp-content\/uploads\/2021\/10\/New-Project-26-e1634041020286.jpg 1014w, https:\/\/vaninahenry.com\/wp-content\/uploads\/2021\/10\/New-Project-26-e1634041020286-600x444.jpg 600w, https:\/\/vaninahenry.com\/wp-content\/uploads\/2021\/10\/New-Project-26-e1634041020286-300x222.jpg 300w, https:\/\/vaninahenry.com\/wp-content\/uploads\/2021\/10\/New-Project-26-e1634041020286-768x568.jpg 768w\" sizes=\"(max-width: 600px) 100vw, 600px\" \/><\/a><\/span><\/p>\n<p>Hochwertige Textilien und Materialien.<br \/>\nEinfacher Zusammenbau in wenigen Minuten.<\/p>\n<p>&nbsp;<\/p>\n<p><span style=\"color: #9a7541;\"><a style=\"color: #9a7541;\" href=\"https:\/\/vaninahenry.com\/marque\/tiptoe\/\">Entdecken Sie TIPTOE, sein Konzept und seine verschiedenen Produkte.<\/a><\/span><\/p>\n","protected":false},"featured_media":49817,"template":"","meta":{"_acf_changed":false,"inline_featured_image":false},"product_brand":[],"product_cat":[393,396],"product_tag":[],"class_list":{"0":"post-49744","1":"product","2":"type-product","3":"status-publish","4":"has-post-thumbnail","6":"product_cat-design-moebel","7":"product_cat-sustainable-de","8":"product_shipping_class-tiptoe-300-de","10":"first","11":"outofstock","12":"taxable","13":"shipping-taxable","14":"purchasable","15":"product-type-variable"},"acf":[],"yoast_head":"<!-- This site is optimized with the Yoast SEO plugin v26.7 - https:\/\/yoast.com\/wordpress\/plugins\/seo\/ -->\n<title>EASY-Fu\u00dfst\u00fctze - Vanina Henry<\/title>\n<meta name=\"robots\" content=\"index, follow, max-snippet:-1, max-image-preview:large, max-video-preview:-1\" \/>\n<link rel=\"canonical\" href=\"https:\/\/vaninahenry.com\/produkt\/repose-pieds-easy-module-dangle\/\" \/>\n<meta property=\"og:locale\" content=\"de_DE\" \/>\n<meta property=\"og:type\" content=\"article\" \/>\n<meta property=\"og:title\" content=\"EASY-Fu\u00dfst\u00fctze - Vanina Henry\" \/>\n<meta property=\"og:description\" content=\"Das EASY Fu\u00dfst\u00fctzen-Eckmodul l\u00e4sst sich in Sekundenschnelle an das EASY Sofa anbringen. Das Modul ist austauschbar und kann an der gew\u00fcnschten Ecke des Sofas angebracht werden.  W\u00e4hlen Sie die Farbe Ihres Rahmens und das Terti\u00e4r aus den 6 M\u00f6glichkeiten:        Hochwertige Textilien und Materialien. Einfacher Zusammenbau in wenigen Minuten.  &nbsp;  Entdecken Sie TIPTOE, sein Konzept und seine verschiedenen Produkte.\" \/>\n<meta property=\"og:url\" content=\"https:\/\/vaninahenry.com\/produkt\/repose-pieds-easy-module-dangle\/\" \/>\n<meta property=\"og:site_name\" content=\"Vanina Henry\" \/>\n<meta property=\"article:publisher\" content=\"https:\/\/www.facebook.com\/designbyvaninahenry\" \/>\n<meta property=\"article:modified_time\" content=\"2021-12-07T12:44:39+00:00\" \/>\n<meta property=\"og:image\" content=\"https:\/\/vaninahenry.com\/wp-content\/uploads\/2021\/10\/FL-26432-0x700-c-default.jpg\" \/>\n\t<meta property=\"og:image:width\" content=\"1050\" \/>\n\t<meta property=\"og:image:height\" content=\"700\" \/>\n\t<meta property=\"og:image:type\" content=\"image\/jpeg\" \/>\n<meta name=\"twitter:card\" content=\"summary_large_image\" \/>\n<script type=\"application\/ld+json\" class=\"yoast-schema-graph\">{\"@context\":\"https:\/\/schema.org\",\"@graph\":[{\"@type\":\"WebPage\",\"@id\":\"https:\/\/vaninahenry.com\/produkt\/repose-pieds-easy-module-dangle\/\",\"url\":\"https:\/\/vaninahenry.com\/produkt\/repose-pieds-easy-module-dangle\/\",\"name\":\"EASY-Fu\u00dfst\u00fctze - Vanina Henry\",\"isPartOf\":{\"@id\":\"https:\/\/vaninahenry.com\/#website\"},\"primaryImageOfPage\":{\"@id\":\"https:\/\/vaninahenry.com\/produkt\/repose-pieds-easy-module-dangle\/#primaryimage\"},\"image\":{\"@id\":\"https:\/\/vaninahenry.com\/produkt\/repose-pieds-easy-module-dangle\/#primaryimage\"},\"thumbnailUrl\":\"https:\/\/vaninahenry.com\/wp-content\/uploads\/2021\/10\/FL-26432-0x700-c-default.jpg\",\"datePublished\":\"2021-10-12T12:47:56+00:00\",\"dateModified\":\"2021-12-07T12:44:39+00:00\",\"breadcrumb\":{\"@id\":\"https:\/\/vaninahenry.com\/produkt\/repose-pieds-easy-module-dangle\/#breadcrumb\"},\"inLanguage\":\"de\",\"potentialAction\":[{\"@type\":\"ReadAction\",\"target\":[\"https:\/\/vaninahenry.com\/produkt\/repose-pieds-easy-module-dangle\/\"]}]},{\"@type\":\"ImageObject\",\"inLanguage\":\"de\",\"@id\":\"https:\/\/vaninahenry.com\/produkt\/repose-pieds-easy-module-dangle\/#primaryimage\",\"url\":\"https:\/\/vaninahenry.com\/wp-content\/uploads\/2021\/10\/FL-26432-0x700-c-default.jpg\",\"contentUrl\":\"https:\/\/vaninahenry.com\/wp-content\/uploads\/2021\/10\/FL-26432-0x700-c-default.jpg\",\"width\":1050,\"height\":700},{\"@type\":\"BreadcrumbList\",\"@id\":\"https:\/\/vaninahenry.com\/produkt\/repose-pieds-easy-module-dangle\/#breadcrumb\",\"itemListElement\":[{\"@type\":\"ListItem\",\"position\":1,\"name\":\"Accueil\",\"item\":\"https:\/\/vaninahenry.com\/de\/\"},{\"@type\":\"ListItem\",\"position\":2,\"name\":\"Shop\",\"item\":\"https:\/\/vaninahenry.com\/boutique\/\"},{\"@type\":\"ListItem\",\"position\":3,\"name\":\"EASY-Fu\u00dfst\u00fctze\"}]},{\"@type\":\"WebSite\",\"@id\":\"https:\/\/vaninahenry.com\/#website\",\"url\":\"https:\/\/vaninahenry.com\/\",\"name\":\"Vanina Henry\",\"description\":\"\",\"publisher\":{\"@id\":\"https:\/\/vaninahenry.com\/#organization\"},\"potentialAction\":[{\"@type\":\"SearchAction\",\"target\":{\"@type\":\"EntryPoint\",\"urlTemplate\":\"https:\/\/vaninahenry.com\/?s={search_term_string}\"},\"query-input\":{\"@type\":\"PropertyValueSpecification\",\"valueRequired\":true,\"valueName\":\"search_term_string\"}}],\"inLanguage\":\"de\"},{\"@type\":\"Organization\",\"@id\":\"https:\/\/vaninahenry.com\/#organization\",\"name\":\"Vanina Henry\",\"url\":\"https:\/\/vaninahenry.com\/\",\"logo\":{\"@type\":\"ImageObject\",\"inLanguage\":\"de\",\"@id\":\"https:\/\/vaninahenry.com\/#\/schema\/logo\/image\/\",\"url\":\"http:\/\/vaninahenry.com\/wp-content\/uploads\/2021\/10\/Logo-design-by-VaninaHenry.png\",\"contentUrl\":\"http:\/\/vaninahenry.com\/wp-content\/uploads\/2021\/10\/Logo-design-by-VaninaHenry.png\",\"width\":711,\"height\":467,\"caption\":\"Vanina Henry\"},\"image\":{\"@id\":\"https:\/\/vaninahenry.com\/#\/schema\/logo\/image\/\"},\"sameAs\":[\"https:\/\/www.facebook.com\/designbyvaninahenry\",\"https:\/\/www.instagram.com\/vaninahenry\/\"]}]}<\/script>\n<!-- \/ Yoast SEO plugin. -->","yoast_head_json":{"title":"EASY-Fu\u00dfst\u00fctze - Vanina Henry","robots":{"index":"index","follow":"follow","max-snippet":"max-snippet:-1","max-image-preview":"max-image-preview:large","max-video-preview":"max-video-preview:-1"},"canonical":"https:\/\/vaninahenry.com\/produkt\/repose-pieds-easy-module-dangle\/","og_locale":"de_DE","og_type":"article","og_title":"EASY-Fu\u00dfst\u00fctze - Vanina Henry","og_description":"Das EASY Fu\u00dfst\u00fctzen-Eckmodul l\u00e4sst sich in Sekundenschnelle an das EASY Sofa anbringen. Das Modul ist austauschbar und kann an der gew\u00fcnschten Ecke des Sofas angebracht werden.  W\u00e4hlen Sie die Farbe Ihres Rahmens und das Terti\u00e4r aus den 6 M\u00f6glichkeiten:        Hochwertige Textilien und Materialien. Einfacher Zusammenbau in wenigen Minuten.  &nbsp;  Entdecken Sie TIPTOE, sein Konzept und seine verschiedenen Produkte.","og_url":"https:\/\/vaninahenry.com\/produkt\/repose-pieds-easy-module-dangle\/","og_site_name":"Vanina Henry","article_publisher":"https:\/\/www.facebook.com\/designbyvaninahenry","article_modified_time":"2021-12-07T12:44:39+00:00","og_image":[{"width":1050,"height":700,"url":"https:\/\/vaninahenry.com\/wp-content\/uploads\/2021\/10\/FL-26432-0x700-c-default.jpg","type":"image\/jpeg"}],"twitter_card":"summary_large_image","schema":{"@context":"https:\/\/schema.org","@graph":[{"@type":"WebPage","@id":"https:\/\/vaninahenry.com\/produkt\/repose-pieds-easy-module-dangle\/","url":"https:\/\/vaninahenry.com\/produkt\/repose-pieds-easy-module-dangle\/","name":"EASY-Fu\u00dfst\u00fctze - Vanina Henry","isPartOf":{"@id":"https:\/\/vaninahenry.com\/#website"},"primaryImageOfPage":{"@id":"https:\/\/vaninahenry.com\/produkt\/repose-pieds-easy-module-dangle\/#primaryimage"},"image":{"@id":"https:\/\/vaninahenry.com\/produkt\/repose-pieds-easy-module-dangle\/#primaryimage"},"thumbnailUrl":"https:\/\/vaninahenry.com\/wp-content\/uploads\/2021\/10\/FL-26432-0x700-c-default.jpg","datePublished":"2021-10-12T12:47:56+00:00","dateModified":"2021-12-07T12:44:39+00:00","breadcrumb":{"@id":"https:\/\/vaninahenry.com\/produkt\/repose-pieds-easy-module-dangle\/#breadcrumb"},"inLanguage":"de","potentialAction":[{"@type":"ReadAction","target":["https:\/\/vaninahenry.com\/produkt\/repose-pieds-easy-module-dangle\/"]}]},{"@type":"ImageObject","inLanguage":"de","@id":"https:\/\/vaninahenry.com\/produkt\/repose-pieds-easy-module-dangle\/#primaryimage","url":"https:\/\/vaninahenry.com\/wp-content\/uploads\/2021\/10\/FL-26432-0x700-c-default.jpg","contentUrl":"https:\/\/vaninahenry.com\/wp-content\/uploads\/2021\/10\/FL-26432-0x700-c-default.jpg","width":1050,"height":700},{"@type":"BreadcrumbList","@id":"https:\/\/vaninahenry.com\/produkt\/repose-pieds-easy-module-dangle\/#breadcrumb","itemListElement":[{"@type":"ListItem","position":1,"name":"Accueil","item":"https:\/\/vaninahenry.com\/de\/"},{"@type":"ListItem","position":2,"name":"Shop","item":"https:\/\/vaninahenry.com\/boutique\/"},{"@type":"ListItem","position":3,"name":"EASY-Fu\u00dfst\u00fctze"}]},{"@type":"WebSite","@id":"https:\/\/vaninahenry.com\/#website","url":"https:\/\/vaninahenry.com\/","name":"Vanina Henry","description":"","publisher":{"@id":"https:\/\/vaninahenry.com\/#organization"},"potentialAction":[{"@type":"SearchAction","target":{"@type":"EntryPoint","urlTemplate":"https:\/\/vaninahenry.com\/?s={search_term_string}"},"query-input":{"@type":"PropertyValueSpecification","valueRequired":true,"valueName":"search_term_string"}}],"inLanguage":"de"},{"@type":"Organization","@id":"https:\/\/vaninahenry.com\/#organization","name":"Vanina Henry","url":"https:\/\/vaninahenry.com\/","logo":{"@type":"ImageObject","inLanguage":"de","@id":"https:\/\/vaninahenry.com\/#\/schema\/logo\/image\/","url":"http:\/\/vaninahenry.com\/wp-content\/uploads\/2021\/10\/Logo-design-by-VaninaHenry.png","contentUrl":"http:\/\/vaninahenry.com\/wp-content\/uploads\/2021\/10\/Logo-design-by-VaninaHenry.png","width":711,"height":467,"caption":"Vanina Henry"},"image":{"@id":"https:\/\/vaninahenry.com\/#\/schema\/logo\/image\/"},"sameAs":["https:\/\/www.facebook.com\/designbyvaninahenry","https:\/\/www.instagram.com\/vaninahenry\/"]}]}},"_links":{"self":[{"href":"https:\/\/vaninahenry.com\/de\/wp-json\/wp\/v2\/product\/49744","targetHints":{"allow":["GET"]}}],"collection":[{"href":"https:\/\/vaninahenry.com\/de\/wp-json\/wp\/v2\/product"}],"about":[{"href":"https:\/\/vaninahenry.com\/de\/wp-json\/wp\/v2\/types\/product"}],"wp:featuredmedia":[{"embeddable":true,"href":"https:\/\/vaninahenry.com\/de\/wp-json\/wp\/v2\/media\/49817"}],"wp:attachment":[{"href":"https:\/\/vaninahenry.com\/de\/wp-json\/wp\/v2\/media?parent=49744"}],"wp:term":[{"taxonomy":"product_brand","embeddable":true,"href":"https:\/\/vaninahenry.com\/de\/wp-json\/wp\/v2\/product_brand?post=49744"},{"taxonomy":"product_cat","embeddable":true,"href":"https:\/\/vaninahenry.com\/de\/wp-json\/wp\/v2\/product_cat?post=49744"},{"taxonomy":"product_tag","embeddable":true,"href":"https:\/\/vaninahenry.com\/de\/wp-json\/wp\/v2\/product_tag?post=49744"}],"curies":[{"name":"wp","href":"https:\/\/api.w.org\/{rel}","templated":true}]}}