{"id":49596,"date":"2021-10-12T14:29:37","date_gmt":"2021-10-12T12:29:40","guid":{"rendered":"https:\/\/vaninahenry.com\/?post_type=product&#038;p=49596"},"modified":"2021-12-07T13:45:00","modified_gmt":"2021-12-07T12:45:00","slug":"easy-sofa-3-bis-4-platze","status":"publish","type":"product","link":"https:\/\/vaninahenry.com\/de\/produkt\/easy-sofa-3-bis-4-platze\/","title":{"rendered":"EASY Sofa &#8211; 3 bis 4 Pl\u00e4tze"},"content":{"rendered":"<p><strong>Einladend, fest und gro\u00dfz\u00fcgig.<\/strong> Die Sitzfl\u00e4che von EASY besteht aus einem hochelastischen Schaumstoff mit hervorragender Haltbarkeit (Dichte von 35 kg\/m3) und einer zus\u00e4tzlichen Polsterschicht, die das Gef\u00fchl von Komfort verst\u00e4rkt.<\/p>\n<p><strong>Alle unsere Materialien sind von h\u00f6chster Qualit\u00e4t und extrem widerstandsf\u00e4hig.<\/strong>\u00a0Der pulverbeschichtete Stahlrahmen ist praktisch unverw\u00fcstlich. Die d\u00e4nischen Gabriel-Stoffe sind au\u00dferordentlich abrieb- und reibfest (die Martindale-Methode zur Messung der Festigkeit von Stoffen ergibt f\u00fcr das EASY-Sofa einen Wert von 60.000 bis 100.000, was 6- bis 10-mal h\u00f6her ist als die geforderte Norm von 10.000).<\/p>\n<p>Die <strong>EASY-Kissen sind alle abnehmbar und in der Maschine waschbar<\/strong>, so dass sie Jahr f\u00fcr Jahr leicht zu pflegen sind.<\/p>\n","protected":false},"excerpt":{"rendered":"<div class=\"grid__col-xxs--12 grid__col-s-push--1 grid__col-s--10\">\n<div class=\"intro__title--center t-largest t-medium\">\n<p>Das <span style=\"color: #9a7541;\">EASY<\/span> &#8211; 3 Sitzer ist ein Sofa der Spitzenklasse, das zeitloses Design, tadellosen Komfort und Solidit\u00e4t mit Langlebigkeit verbindet.<\/p>\n<p>W\u00e4hlen Sie die Farbe Ihres Rahmens und den Stoff aus den 6 verf\u00fcgbaren Optionen:<\/p>\n<\/div>\n<\/div>\n<p><span style=\"color: #9a7541;\"><a href=\"https:\/\/vaninahenry.com\/marque\/tiptoe\/\"><img decoding=\"async\" class=\"alignnone wp-image-49549\" src=\"http:\/\/vaninahenry.com\/wp-content\/uploads\/2021\/10\/New-Project-26-e1634041020286.jpg\" alt=\"\" width=\"600\" height=\"444\" srcset=\"https:\/\/vaninahenry.com\/wp-content\/uploads\/2021\/10\/New-Project-26-e1634041020286.jpg 1014w, https:\/\/vaninahenry.com\/wp-content\/uploads\/2021\/10\/New-Project-26-e1634041020286-600x444.jpg 600w, https:\/\/vaninahenry.com\/wp-content\/uploads\/2021\/10\/New-Project-26-e1634041020286-300x222.jpg 300w, https:\/\/vaninahenry.com\/wp-content\/uploads\/2021\/10\/New-Project-26-e1634041020286-768x568.jpg 768w\" sizes=\"(max-width: 600px) 100vw, 600px\" \/><\/a><\/span><\/p>\n<p>Hochwertige Stoffe und Materialien.<br \/>\nEinfacher Zusammenbau in wenigen Minuten.<\/p>\n<p>&nbsp;<\/p>\n<p><span style=\"color: #9a7541;\"><a style=\"color: #9a7541;\" href=\"https:\/\/vaninahenry.com\/marque\/tiptoe\/?lang=de\">Entdecken Sie das Konzept von TIPTOE und seine verschiedenen Produkte.<\/a><\/span><\/p>\n","protected":false},"featured_media":49720,"template":"","meta":{"_acf_changed":false,"inline_featured_image":false},"product_brand":[],"product_cat":[393,396],"product_tag":[],"class_list":{"0":"post-49596","1":"product","2":"type-product","3":"status-publish","4":"has-post-thumbnail","6":"product_cat-design-moebel","7":"product_cat-sustainable-de","9":"first","10":"outofstock","11":"taxable","12":"shipping-taxable","13":"purchasable","14":"product-type-variable"},"acf":[],"yoast_head":"<!-- This site is optimized with the Yoast SEO plugin v26.7 - https:\/\/yoast.com\/wordpress\/plugins\/seo\/ -->\n<title>EASY Sofa - 3 bis 4 Pl\u00e4tze - Vanina Henry<\/title>\n<meta name=\"robots\" content=\"index, follow, max-snippet:-1, max-image-preview:large, max-video-preview:-1\" \/>\n<link rel=\"canonical\" href=\"https:\/\/vaninahenry.com\/produkt\/canape-easy-2-places-copie\/\" \/>\n<meta property=\"og:locale\" content=\"de_DE\" \/>\n<meta property=\"og:type\" content=\"article\" \/>\n<meta property=\"og:title\" content=\"EASY Sofa - 3 bis 4 Pl\u00e4tze - Vanina Henry\" \/>\n<meta property=\"og:description\" content=\"Das EASY - 3 Sitzer ist ein Sofa der Spitzenklasse, das zeitloses Design, tadellosen Komfort und Solidit\u00e4t mit Langlebigkeit verbindet.  W\u00e4hlen Sie die Farbe Ihres Rahmens und den Stoff aus den 6 verf\u00fcgbaren Optionen:      Hochwertige Stoffe und Materialien. Einfacher Zusammenbau in wenigen Minuten.  &nbsp;  Entdecken Sie das Konzept von TIPTOE und seine verschiedenen Produkte.\" \/>\n<meta property=\"og:url\" content=\"https:\/\/vaninahenry.com\/produkt\/canape-easy-2-places-copie\/\" \/>\n<meta property=\"og:site_name\" content=\"Vanina Henry\" \/>\n<meta property=\"article:publisher\" content=\"https:\/\/www.facebook.com\/designbyvaninahenry\" \/>\n<meta property=\"article:modified_time\" content=\"2021-12-07T12:45:00+00:00\" \/>\n<meta property=\"og:image\" content=\"https:\/\/vaninahenry.com\/wp-content\/uploads\/2021\/10\/FL-26435-2-0x700-c-default.jpg\" \/>\n\t<meta property=\"og:image:width\" content=\"875\" \/>\n\t<meta property=\"og:image:height\" content=\"700\" \/>\n\t<meta property=\"og:image:type\" content=\"image\/jpeg\" \/>\n<meta name=\"twitter:card\" content=\"summary_large_image\" \/>\n<meta name=\"twitter:label1\" content=\"Gesch\u00e4tzte Lesezeit\" \/>\n\t<meta name=\"twitter:data1\" content=\"1\u00a0Minute\" \/>\n<script type=\"application\/ld+json\" class=\"yoast-schema-graph\">{\"@context\":\"https:\/\/schema.org\",\"@graph\":[{\"@type\":\"WebPage\",\"@id\":\"https:\/\/vaninahenry.com\/produkt\/canape-easy-2-places-copie\/\",\"url\":\"https:\/\/vaninahenry.com\/produkt\/canape-easy-2-places-copie\/\",\"name\":\"EASY Sofa - 3 bis 4 Pl\u00e4tze - Vanina Henry\",\"isPartOf\":{\"@id\":\"https:\/\/vaninahenry.com\/#website\"},\"primaryImageOfPage\":{\"@id\":\"https:\/\/vaninahenry.com\/produkt\/canape-easy-2-places-copie\/#primaryimage\"},\"image\":{\"@id\":\"https:\/\/vaninahenry.com\/produkt\/canape-easy-2-places-copie\/#primaryimage\"},\"thumbnailUrl\":\"https:\/\/vaninahenry.com\/wp-content\/uploads\/2021\/10\/FL-26435-2-0x700-c-default.jpg\",\"datePublished\":\"2021-10-12T12:29:40+00:00\",\"dateModified\":\"2021-12-07T12:45:00+00:00\",\"breadcrumb\":{\"@id\":\"https:\/\/vaninahenry.com\/produkt\/canape-easy-2-places-copie\/#breadcrumb\"},\"inLanguage\":\"de\",\"potentialAction\":[{\"@type\":\"ReadAction\",\"target\":[\"https:\/\/vaninahenry.com\/produkt\/canape-easy-2-places-copie\/\"]}]},{\"@type\":\"ImageObject\",\"inLanguage\":\"de\",\"@id\":\"https:\/\/vaninahenry.com\/produkt\/canape-easy-2-places-copie\/#primaryimage\",\"url\":\"https:\/\/vaninahenry.com\/wp-content\/uploads\/2021\/10\/FL-26435-2-0x700-c-default.jpg\",\"contentUrl\":\"https:\/\/vaninahenry.com\/wp-content\/uploads\/2021\/10\/FL-26435-2-0x700-c-default.jpg\",\"width\":875,\"height\":700},{\"@type\":\"BreadcrumbList\",\"@id\":\"https:\/\/vaninahenry.com\/produkt\/canape-easy-2-places-copie\/#breadcrumb\",\"itemListElement\":[{\"@type\":\"ListItem\",\"position\":1,\"name\":\"Accueil\",\"item\":\"https:\/\/vaninahenry.com\/de\/\"},{\"@type\":\"ListItem\",\"position\":2,\"name\":\"Shop\",\"item\":\"https:\/\/vaninahenry.com\/boutique\/\"},{\"@type\":\"ListItem\",\"position\":3,\"name\":\"EASY Sofa &#8211; 3 bis 4 Pl\u00e4tze\"}]},{\"@type\":\"WebSite\",\"@id\":\"https:\/\/vaninahenry.com\/#website\",\"url\":\"https:\/\/vaninahenry.com\/\",\"name\":\"Vanina Henry\",\"description\":\"\",\"publisher\":{\"@id\":\"https:\/\/vaninahenry.com\/#organization\"},\"potentialAction\":[{\"@type\":\"SearchAction\",\"target\":{\"@type\":\"EntryPoint\",\"urlTemplate\":\"https:\/\/vaninahenry.com\/?s={search_term_string}\"},\"query-input\":{\"@type\":\"PropertyValueSpecification\",\"valueRequired\":true,\"valueName\":\"search_term_string\"}}],\"inLanguage\":\"de\"},{\"@type\":\"Organization\",\"@id\":\"https:\/\/vaninahenry.com\/#organization\",\"name\":\"Vanina Henry\",\"url\":\"https:\/\/vaninahenry.com\/\",\"logo\":{\"@type\":\"ImageObject\",\"inLanguage\":\"de\",\"@id\":\"https:\/\/vaninahenry.com\/#\/schema\/logo\/image\/\",\"url\":\"http:\/\/vaninahenry.com\/wp-content\/uploads\/2021\/10\/Logo-design-by-VaninaHenry.png\",\"contentUrl\":\"http:\/\/vaninahenry.com\/wp-content\/uploads\/2021\/10\/Logo-design-by-VaninaHenry.png\",\"width\":711,\"height\":467,\"caption\":\"Vanina Henry\"},\"image\":{\"@id\":\"https:\/\/vaninahenry.com\/#\/schema\/logo\/image\/\"},\"sameAs\":[\"https:\/\/www.facebook.com\/designbyvaninahenry\",\"https:\/\/www.instagram.com\/vaninahenry\/\"]}]}<\/script>\n<!-- \/ Yoast SEO plugin. -->","yoast_head_json":{"title":"EASY Sofa - 3 bis 4 Pl\u00e4tze - Vanina Henry","robots":{"index":"index","follow":"follow","max-snippet":"max-snippet:-1","max-image-preview":"max-image-preview:large","max-video-preview":"max-video-preview:-1"},"canonical":"https:\/\/vaninahenry.com\/produkt\/canape-easy-2-places-copie\/","og_locale":"de_DE","og_type":"article","og_title":"EASY Sofa - 3 bis 4 Pl\u00e4tze - Vanina Henry","og_description":"Das EASY - 3 Sitzer ist ein Sofa der Spitzenklasse, das zeitloses Design, tadellosen Komfort und Solidit\u00e4t mit Langlebigkeit verbindet.  W\u00e4hlen Sie die Farbe Ihres Rahmens und den Stoff aus den 6 verf\u00fcgbaren Optionen:      Hochwertige Stoffe und Materialien. Einfacher Zusammenbau in wenigen Minuten.  &nbsp;  Entdecken Sie das Konzept von TIPTOE und seine verschiedenen Produkte.","og_url":"https:\/\/vaninahenry.com\/produkt\/canape-easy-2-places-copie\/","og_site_name":"Vanina Henry","article_publisher":"https:\/\/www.facebook.com\/designbyvaninahenry","article_modified_time":"2021-12-07T12:45:00+00:00","og_image":[{"width":875,"height":700,"url":"https:\/\/vaninahenry.com\/wp-content\/uploads\/2021\/10\/FL-26435-2-0x700-c-default.jpg","type":"image\/jpeg"}],"twitter_card":"summary_large_image","twitter_misc":{"Gesch\u00e4tzte Lesezeit":"1\u00a0Minute"},"schema":{"@context":"https:\/\/schema.org","@graph":[{"@type":"WebPage","@id":"https:\/\/vaninahenry.com\/produkt\/canape-easy-2-places-copie\/","url":"https:\/\/vaninahenry.com\/produkt\/canape-easy-2-places-copie\/","name":"EASY Sofa - 3 bis 4 Pl\u00e4tze - Vanina Henry","isPartOf":{"@id":"https:\/\/vaninahenry.com\/#website"},"primaryImageOfPage":{"@id":"https:\/\/vaninahenry.com\/produkt\/canape-easy-2-places-copie\/#primaryimage"},"image":{"@id":"https:\/\/vaninahenry.com\/produkt\/canape-easy-2-places-copie\/#primaryimage"},"thumbnailUrl":"https:\/\/vaninahenry.com\/wp-content\/uploads\/2021\/10\/FL-26435-2-0x700-c-default.jpg","datePublished":"2021-10-12T12:29:40+00:00","dateModified":"2021-12-07T12:45:00+00:00","breadcrumb":{"@id":"https:\/\/vaninahenry.com\/produkt\/canape-easy-2-places-copie\/#breadcrumb"},"inLanguage":"de","potentialAction":[{"@type":"ReadAction","target":["https:\/\/vaninahenry.com\/produkt\/canape-easy-2-places-copie\/"]}]},{"@type":"ImageObject","inLanguage":"de","@id":"https:\/\/vaninahenry.com\/produkt\/canape-easy-2-places-copie\/#primaryimage","url":"https:\/\/vaninahenry.com\/wp-content\/uploads\/2021\/10\/FL-26435-2-0x700-c-default.jpg","contentUrl":"https:\/\/vaninahenry.com\/wp-content\/uploads\/2021\/10\/FL-26435-2-0x700-c-default.jpg","width":875,"height":700},{"@type":"BreadcrumbList","@id":"https:\/\/vaninahenry.com\/produkt\/canape-easy-2-places-copie\/#breadcrumb","itemListElement":[{"@type":"ListItem","position":1,"name":"Accueil","item":"https:\/\/vaninahenry.com\/de\/"},{"@type":"ListItem","position":2,"name":"Shop","item":"https:\/\/vaninahenry.com\/boutique\/"},{"@type":"ListItem","position":3,"name":"EASY Sofa &#8211; 3 bis 4 Pl\u00e4tze"}]},{"@type":"WebSite","@id":"https:\/\/vaninahenry.com\/#website","url":"https:\/\/vaninahenry.com\/","name":"Vanina Henry","description":"","publisher":{"@id":"https:\/\/vaninahenry.com\/#organization"},"potentialAction":[{"@type":"SearchAction","target":{"@type":"EntryPoint","urlTemplate":"https:\/\/vaninahenry.com\/?s={search_term_string}"},"query-input":{"@type":"PropertyValueSpecification","valueRequired":true,"valueName":"search_term_string"}}],"inLanguage":"de"},{"@type":"Organization","@id":"https:\/\/vaninahenry.com\/#organization","name":"Vanina Henry","url":"https:\/\/vaninahenry.com\/","logo":{"@type":"ImageObject","inLanguage":"de","@id":"https:\/\/vaninahenry.com\/#\/schema\/logo\/image\/","url":"http:\/\/vaninahenry.com\/wp-content\/uploads\/2021\/10\/Logo-design-by-VaninaHenry.png","contentUrl":"http:\/\/vaninahenry.com\/wp-content\/uploads\/2021\/10\/Logo-design-by-VaninaHenry.png","width":711,"height":467,"caption":"Vanina Henry"},"image":{"@id":"https:\/\/vaninahenry.com\/#\/schema\/logo\/image\/"},"sameAs":["https:\/\/www.facebook.com\/designbyvaninahenry","https:\/\/www.instagram.com\/vaninahenry\/"]}]}},"_links":{"self":[{"href":"https:\/\/vaninahenry.com\/de\/wp-json\/wp\/v2\/product\/49596","targetHints":{"allow":["GET"]}}],"collection":[{"href":"https:\/\/vaninahenry.com\/de\/wp-json\/wp\/v2\/product"}],"about":[{"href":"https:\/\/vaninahenry.com\/de\/wp-json\/wp\/v2\/types\/product"}],"wp:featuredmedia":[{"embeddable":true,"href":"https:\/\/vaninahenry.com\/de\/wp-json\/wp\/v2\/media\/49720"}],"wp:attachment":[{"href":"https:\/\/vaninahenry.com\/de\/wp-json\/wp\/v2\/media?parent=49596"}],"wp:term":[{"taxonomy":"product_brand","embeddable":true,"href":"https:\/\/vaninahenry.com\/de\/wp-json\/wp\/v2\/product_brand?post=49596"},{"taxonomy":"product_cat","embeddable":true,"href":"https:\/\/vaninahenry.com\/de\/wp-json\/wp\/v2\/product_cat?post=49596"},{"taxonomy":"product_tag","embeddable":true,"href":"https:\/\/vaninahenry.com\/de\/wp-json\/wp\/v2\/product_tag?post=49596"}],"curies":[{"name":"wp","href":"https:\/\/api.w.org\/{rel}","templated":true}]}}