{"id":49274,"date":"2021-10-12T11:42:16","date_gmt":"2021-10-12T09:42:24","guid":{"rendered":"https:\/\/vaninahenry.com\/?post_type=product&#038;p=49274"},"modified":"2021-11-25T12:42:17","modified_gmt":"2021-11-25T11:42:17","slug":"archive-no-227-archive-collection","status":"publish","type":"product","link":"https:\/\/vaninahenry.com\/de\/produkt\/archive-no-227-archive-collection\/","title":{"rendered":"Archive No.227 &#8211; Archive Collection"},"content":{"rendered":"<p><strong>Ein klassisches Braungrau<\/strong><\/p>\n<p>Archive ist eine intensivere und w\u00e4rmere Version von Joa\u2019s White aus der Familie der r\u00f6tlichen Neutralt\u00f6ne. Manche Menschen nennen sie Taupe, diese Farbe, die etwas cleaner als Oxford Stone wirkt und R\u00e4ume mit einem warmen Leuchten erf\u00fcllt. An eher sanft ausgeleuchteten Orten wird Archive sehr gem\u00fctlich, wohingegen es sich in einem helleren Licht \u00fcberraschend orange pr\u00e4sentiert.<\/p>\n<p>Teil der neuen, exklusiv von Liberty kuratierten Farbpalette. Entdecken Sie reichhaltig pigmentierte Farrow &amp; Ball Farben und edle Heimtextilien von Liberty in zeitlosen Farb- und Stoffkombinationen, darunter:<\/p>\n<p><strong>Archive &amp; Marquess Garden, Lichen Rose<\/strong><\/p>\n<p>Grundierungen &amp; Basisanstriche: Mid Tones<\/p>\n<p>&nbsp;<\/p>\n","protected":false},"excerpt":{"rendered":"<p style=\"text-align: center;\"><span style=\"color: #000000;\"><a class=\"btn\" style=\"color: #000000;\" href=\"https:\/\/vaninahenry.com\/de\/produkt\/archive-no-227-archive-collection-2\/\">Farbmuster kaufen<\/a><\/span><\/p>\n<p>&nbsp;<\/p>\n<p><img decoding=\"async\" class=\"alignnone wp-image-39432 size-full\" src=\"http:\/\/vaninahenry.com\/wp-content\/uploads\/2021\/10\/collection-and-product-page-banner_ukde.jpg\" alt=\"\" width=\"1400\" height=\"198\" srcset=\"https:\/\/vaninahenry.com\/wp-content\/uploads\/2021\/10\/collection-and-product-page-banner_ukde.jpg 1400w, https:\/\/vaninahenry.com\/wp-content\/uploads\/2021\/10\/collection-and-product-page-banner_ukde-600x85.jpg 600w, https:\/\/vaninahenry.com\/wp-content\/uploads\/2021\/10\/collection-and-product-page-banner_ukde-300x42.jpg 300w, https:\/\/vaninahenry.com\/wp-content\/uploads\/2021\/10\/collection-and-product-page-banner_ukde-1024x145.jpg 1024w, https:\/\/vaninahenry.com\/wp-content\/uploads\/2021\/10\/collection-and-product-page-banner_ukde-768x109.jpg 768w\" sizes=\"(max-width: 1400px) 100vw, 1400px\" \/><\/p>\n<p>Entdecken Sie eine einzigartige neue Kollektion, die reichhaltig pigmentierte Farben aus dem Farrow &amp; Ball-Archiv mit komplement\u00e4ren M\u00f6belstoffen aus der Modern Collector-Reihe von Liberty kombiniert.<\/p>\n<p><strong>Archive &amp; Marquess Garden, Lichen Rose<\/strong><\/p>\n<p><img decoding=\"async\" class=\"alignnone wp-image-49318 size-thumbnail\" src=\"http:\/\/vaninahenry.com\/wp-content\/uploads\/2021\/10\/Archive-227_RGB-1-e1634032104788-150x150.jpg\" alt=\"\" width=\"150\" height=\"150\" srcset=\"https:\/\/vaninahenry.com\/wp-content\/uploads\/2021\/10\/Archive-227_RGB-1-e1634032104788-150x150.jpg 150w, https:\/\/vaninahenry.com\/wp-content\/uploads\/2021\/10\/Archive-227_RGB-1-e1634032104788-300x300.jpg 300w, https:\/\/vaninahenry.com\/wp-content\/uploads\/2021\/10\/Archive-227_RGB-1-e1634032104788-100x100.jpg 100w, https:\/\/vaninahenry.com\/wp-content\/uploads\/2021\/10\/Archive-227_RGB-1-e1634032104788-600x600.jpg 600w, https:\/\/vaninahenry.com\/wp-content\/uploads\/2021\/10\/Archive-227_RGB-1-e1634032104788-768x768.jpg 768w, https:\/\/vaninahenry.com\/wp-content\/uploads\/2021\/10\/Archive-227_RGB-1-e1634032104788-140x140.jpg 140w, https:\/\/vaninahenry.com\/wp-content\/uploads\/2021\/10\/Archive-227_RGB-1-e1634032104788-500x500.jpg 500w, https:\/\/vaninahenry.com\/wp-content\/uploads\/2021\/10\/Archive-227_RGB-1-e1634032104788-350x350.jpg 350w, https:\/\/vaninahenry.com\/wp-content\/uploads\/2021\/10\/Archive-227_RGB-1-e1634032104788-800x800.jpg 800w, https:\/\/vaninahenry.com\/wp-content\/uploads\/2021\/10\/Archive-227_RGB-1-e1634032104788.jpg 990w\" sizes=\"(max-width: 150px) 100vw, 150px\" \/><img decoding=\"async\" class=\"alignnone wp-image-49321 size-thumbnail\" src=\"http:\/\/vaninahenry.com\/wp-content\/uploads\/2021\/10\/Marquess_Garden_Lichen_Rose_Swatch_1-150x150.jpg\" alt=\"\" width=\"150\" height=\"150\" srcset=\"https:\/\/vaninahenry.com\/wp-content\/uploads\/2021\/10\/Marquess_Garden_Lichen_Rose_Swatch_1-150x150.jpg 150w, https:\/\/vaninahenry.com\/wp-content\/uploads\/2021\/10\/Marquess_Garden_Lichen_Rose_Swatch_1-300x300.jpg 300w, https:\/\/vaninahenry.com\/wp-content\/uploads\/2021\/10\/Marquess_Garden_Lichen_Rose_Swatch_1-100x100.jpg 100w, https:\/\/vaninahenry.com\/wp-content\/uploads\/2021\/10\/Marquess_Garden_Lichen_Rose_Swatch_1-140x140.jpg 140w, https:\/\/vaninahenry.com\/wp-content\/uploads\/2021\/10\/Marquess_Garden_Lichen_Rose_Swatch_1-500x500.jpg 500w, https:\/\/vaninahenry.com\/wp-content\/uploads\/2021\/10\/Marquess_Garden_Lichen_Rose_Swatch_1-350x350.jpg 350w, https:\/\/vaninahenry.com\/wp-content\/uploads\/2021\/10\/Marquess_Garden_Lichen_Rose_Swatch_1-993x1000.jpg 993w, https:\/\/vaninahenry.com\/wp-content\/uploads\/2021\/10\/Marquess_Garden_Lichen_Rose_Swatch_1-800x800.jpg 800w\" sizes=\"(max-width: 150px) 100vw, 150px\" \/><\/p>\n","protected":false},"featured_media":49326,"template":"","meta":{"_acf_changed":false,"inline_featured_image":false},"product_brand":[],"product_cat":[312],"product_tag":[],"class_list":{"0":"post-49274","1":"product","2":"type-product","3":"status-publish","4":"has-post-thumbnail","6":"product_cat-farben","7":"product_shipping_class-fnb-de","9":"first","10":"instock","11":"taxable","12":"shipping-taxable","13":"purchasable","14":"product-type-variable"},"acf":[],"yoast_head":"<!-- This site is optimized with the Yoast SEO plugin v26.7 - https:\/\/yoast.com\/wordpress\/plugins\/seo\/ -->\n<title>Archive No.227 - Archive Collection - Vanina Henry<\/title>\n<meta name=\"robots\" content=\"index, follow, max-snippet:-1, max-image-preview:large, max-video-preview:-1\" \/>\n<link rel=\"canonical\" href=\"https:\/\/vaninahenry.com\/produkt\/archive-no-227-archive-collection\/\" \/>\n<meta property=\"og:locale\" content=\"de_DE\" \/>\n<meta property=\"og:type\" content=\"article\" \/>\n<meta property=\"og:title\" content=\"Archive No.227 - Archive Collection - Vanina Henry\" \/>\n<meta property=\"og:description\" content=\"Farbmuster kaufen &nbsp;    Entdecken Sie eine einzigartige neue Kollektion, die reichhaltig pigmentierte Farben aus dem Farrow &amp; Ball-Archiv mit komplement\u00e4ren M\u00f6belstoffen aus der Modern Collector-Reihe von Liberty kombiniert.  Archive &amp; Marquess Garden, Lichen Rose\" \/>\n<meta property=\"og:url\" content=\"https:\/\/vaninahenry.com\/produkt\/archive-no-227-archive-collection\/\" \/>\n<meta property=\"og:site_name\" content=\"Vanina Henry\" \/>\n<meta property=\"article:publisher\" content=\"https:\/\/www.facebook.com\/designbyvaninahenry\" \/>\n<meta property=\"article:modified_time\" content=\"2021-11-25T11:42:17+00:00\" \/>\n<meta property=\"og:image\" content=\"https:\/\/vaninahenry.com\/wp-content\/uploads\/2021\/10\/Liberty-SP-Archive-No.227-cutout1x1-1.jpg\" \/>\n\t<meta property=\"og:image:width\" content=\"1400\" \/>\n\t<meta property=\"og:image:height\" content=\"1400\" \/>\n\t<meta property=\"og:image:type\" content=\"image\/jpeg\" \/>\n<meta name=\"twitter:card\" content=\"summary_large_image\" \/>\n<meta name=\"twitter:label1\" content=\"Gesch\u00e4tzte Lesezeit\" \/>\n\t<meta name=\"twitter:data1\" content=\"1\u00a0Minute\" \/>\n<script type=\"application\/ld+json\" class=\"yoast-schema-graph\">{\"@context\":\"https:\/\/schema.org\",\"@graph\":[{\"@type\":\"WebPage\",\"@id\":\"https:\/\/vaninahenry.com\/produkt\/archive-no-227-archive-collection\/\",\"url\":\"https:\/\/vaninahenry.com\/produkt\/archive-no-227-archive-collection\/\",\"name\":\"Archive No.227 - Archive Collection - Vanina Henry\",\"isPartOf\":{\"@id\":\"https:\/\/vaninahenry.com\/#website\"},\"primaryImageOfPage\":{\"@id\":\"https:\/\/vaninahenry.com\/produkt\/archive-no-227-archive-collection\/#primaryimage\"},\"image\":{\"@id\":\"https:\/\/vaninahenry.com\/produkt\/archive-no-227-archive-collection\/#primaryimage\"},\"thumbnailUrl\":\"https:\/\/vaninahenry.com\/wp-content\/uploads\/2021\/10\/Liberty-SP-Archive-No.227-cutout1x1-1.jpg\",\"datePublished\":\"2021-10-12T09:42:24+00:00\",\"dateModified\":\"2021-11-25T11:42:17+00:00\",\"breadcrumb\":{\"@id\":\"https:\/\/vaninahenry.com\/produkt\/archive-no-227-archive-collection\/#breadcrumb\"},\"inLanguage\":\"de\",\"potentialAction\":[{\"@type\":\"ReadAction\",\"target\":[\"https:\/\/vaninahenry.com\/produkt\/archive-no-227-archive-collection\/\"]}]},{\"@type\":\"ImageObject\",\"inLanguage\":\"de\",\"@id\":\"https:\/\/vaninahenry.com\/produkt\/archive-no-227-archive-collection\/#primaryimage\",\"url\":\"https:\/\/vaninahenry.com\/wp-content\/uploads\/2021\/10\/Liberty-SP-Archive-No.227-cutout1x1-1.jpg\",\"contentUrl\":\"https:\/\/vaninahenry.com\/wp-content\/uploads\/2021\/10\/Liberty-SP-Archive-No.227-cutout1x1-1.jpg\",\"width\":1400,\"height\":1400},{\"@type\":\"BreadcrumbList\",\"@id\":\"https:\/\/vaninahenry.com\/produkt\/archive-no-227-archive-collection\/#breadcrumb\",\"itemListElement\":[{\"@type\":\"ListItem\",\"position\":1,\"name\":\"Accueil\",\"item\":\"https:\/\/vaninahenry.com\/de\/\"},{\"@type\":\"ListItem\",\"position\":2,\"name\":\"Shop\",\"item\":\"https:\/\/vaninahenry.com\/boutique\/\"},{\"@type\":\"ListItem\",\"position\":3,\"name\":\"Archive No.227 &#8211; Archive Collection\"}]},{\"@type\":\"WebSite\",\"@id\":\"https:\/\/vaninahenry.com\/#website\",\"url\":\"https:\/\/vaninahenry.com\/\",\"name\":\"Vanina Henry\",\"description\":\"\",\"publisher\":{\"@id\":\"https:\/\/vaninahenry.com\/#organization\"},\"potentialAction\":[{\"@type\":\"SearchAction\",\"target\":{\"@type\":\"EntryPoint\",\"urlTemplate\":\"https:\/\/vaninahenry.com\/?s={search_term_string}\"},\"query-input\":{\"@type\":\"PropertyValueSpecification\",\"valueRequired\":true,\"valueName\":\"search_term_string\"}}],\"inLanguage\":\"de\"},{\"@type\":\"Organization\",\"@id\":\"https:\/\/vaninahenry.com\/#organization\",\"name\":\"Vanina Henry\",\"url\":\"https:\/\/vaninahenry.com\/\",\"logo\":{\"@type\":\"ImageObject\",\"inLanguage\":\"de\",\"@id\":\"https:\/\/vaninahenry.com\/#\/schema\/logo\/image\/\",\"url\":\"http:\/\/vaninahenry.com\/wp-content\/uploads\/2021\/10\/Logo-design-by-VaninaHenry.png\",\"contentUrl\":\"http:\/\/vaninahenry.com\/wp-content\/uploads\/2021\/10\/Logo-design-by-VaninaHenry.png\",\"width\":711,\"height\":467,\"caption\":\"Vanina Henry\"},\"image\":{\"@id\":\"https:\/\/vaninahenry.com\/#\/schema\/logo\/image\/\"},\"sameAs\":[\"https:\/\/www.facebook.com\/designbyvaninahenry\",\"https:\/\/www.instagram.com\/vaninahenry\/\"]}]}<\/script>\n<!-- \/ Yoast SEO plugin. -->","yoast_head_json":{"title":"Archive No.227 - Archive Collection - Vanina Henry","robots":{"index":"index","follow":"follow","max-snippet":"max-snippet:-1","max-image-preview":"max-image-preview:large","max-video-preview":"max-video-preview:-1"},"canonical":"https:\/\/vaninahenry.com\/produkt\/archive-no-227-archive-collection\/","og_locale":"de_DE","og_type":"article","og_title":"Archive No.227 - Archive Collection - Vanina Henry","og_description":"Farbmuster kaufen &nbsp;    Entdecken Sie eine einzigartige neue Kollektion, die reichhaltig pigmentierte Farben aus dem Farrow &amp; Ball-Archiv mit komplement\u00e4ren M\u00f6belstoffen aus der Modern Collector-Reihe von Liberty kombiniert.  Archive &amp; Marquess Garden, Lichen Rose","og_url":"https:\/\/vaninahenry.com\/produkt\/archive-no-227-archive-collection\/","og_site_name":"Vanina Henry","article_publisher":"https:\/\/www.facebook.com\/designbyvaninahenry","article_modified_time":"2021-11-25T11:42:17+00:00","og_image":[{"width":1400,"height":1400,"url":"https:\/\/vaninahenry.com\/wp-content\/uploads\/2021\/10\/Liberty-SP-Archive-No.227-cutout1x1-1.jpg","type":"image\/jpeg"}],"twitter_card":"summary_large_image","twitter_misc":{"Gesch\u00e4tzte Lesezeit":"1\u00a0Minute"},"schema":{"@context":"https:\/\/schema.org","@graph":[{"@type":"WebPage","@id":"https:\/\/vaninahenry.com\/produkt\/archive-no-227-archive-collection\/","url":"https:\/\/vaninahenry.com\/produkt\/archive-no-227-archive-collection\/","name":"Archive No.227 - Archive Collection - Vanina Henry","isPartOf":{"@id":"https:\/\/vaninahenry.com\/#website"},"primaryImageOfPage":{"@id":"https:\/\/vaninahenry.com\/produkt\/archive-no-227-archive-collection\/#primaryimage"},"image":{"@id":"https:\/\/vaninahenry.com\/produkt\/archive-no-227-archive-collection\/#primaryimage"},"thumbnailUrl":"https:\/\/vaninahenry.com\/wp-content\/uploads\/2021\/10\/Liberty-SP-Archive-No.227-cutout1x1-1.jpg","datePublished":"2021-10-12T09:42:24+00:00","dateModified":"2021-11-25T11:42:17+00:00","breadcrumb":{"@id":"https:\/\/vaninahenry.com\/produkt\/archive-no-227-archive-collection\/#breadcrumb"},"inLanguage":"de","potentialAction":[{"@type":"ReadAction","target":["https:\/\/vaninahenry.com\/produkt\/archive-no-227-archive-collection\/"]}]},{"@type":"ImageObject","inLanguage":"de","@id":"https:\/\/vaninahenry.com\/produkt\/archive-no-227-archive-collection\/#primaryimage","url":"https:\/\/vaninahenry.com\/wp-content\/uploads\/2021\/10\/Liberty-SP-Archive-No.227-cutout1x1-1.jpg","contentUrl":"https:\/\/vaninahenry.com\/wp-content\/uploads\/2021\/10\/Liberty-SP-Archive-No.227-cutout1x1-1.jpg","width":1400,"height":1400},{"@type":"BreadcrumbList","@id":"https:\/\/vaninahenry.com\/produkt\/archive-no-227-archive-collection\/#breadcrumb","itemListElement":[{"@type":"ListItem","position":1,"name":"Accueil","item":"https:\/\/vaninahenry.com\/de\/"},{"@type":"ListItem","position":2,"name":"Shop","item":"https:\/\/vaninahenry.com\/boutique\/"},{"@type":"ListItem","position":3,"name":"Archive No.227 &#8211; Archive Collection"}]},{"@type":"WebSite","@id":"https:\/\/vaninahenry.com\/#website","url":"https:\/\/vaninahenry.com\/","name":"Vanina Henry","description":"","publisher":{"@id":"https:\/\/vaninahenry.com\/#organization"},"potentialAction":[{"@type":"SearchAction","target":{"@type":"EntryPoint","urlTemplate":"https:\/\/vaninahenry.com\/?s={search_term_string}"},"query-input":{"@type":"PropertyValueSpecification","valueRequired":true,"valueName":"search_term_string"}}],"inLanguage":"de"},{"@type":"Organization","@id":"https:\/\/vaninahenry.com\/#organization","name":"Vanina Henry","url":"https:\/\/vaninahenry.com\/","logo":{"@type":"ImageObject","inLanguage":"de","@id":"https:\/\/vaninahenry.com\/#\/schema\/logo\/image\/","url":"http:\/\/vaninahenry.com\/wp-content\/uploads\/2021\/10\/Logo-design-by-VaninaHenry.png","contentUrl":"http:\/\/vaninahenry.com\/wp-content\/uploads\/2021\/10\/Logo-design-by-VaninaHenry.png","width":711,"height":467,"caption":"Vanina Henry"},"image":{"@id":"https:\/\/vaninahenry.com\/#\/schema\/logo\/image\/"},"sameAs":["https:\/\/www.facebook.com\/designbyvaninahenry","https:\/\/www.instagram.com\/vaninahenry\/"]}]}},"_links":{"self":[{"href":"https:\/\/vaninahenry.com\/de\/wp-json\/wp\/v2\/product\/49274","targetHints":{"allow":["GET"]}}],"collection":[{"href":"https:\/\/vaninahenry.com\/de\/wp-json\/wp\/v2\/product"}],"about":[{"href":"https:\/\/vaninahenry.com\/de\/wp-json\/wp\/v2\/types\/product"}],"wp:featuredmedia":[{"embeddable":true,"href":"https:\/\/vaninahenry.com\/de\/wp-json\/wp\/v2\/media\/49326"}],"wp:attachment":[{"href":"https:\/\/vaninahenry.com\/de\/wp-json\/wp\/v2\/media?parent=49274"}],"wp:term":[{"taxonomy":"product_brand","embeddable":true,"href":"https:\/\/vaninahenry.com\/de\/wp-json\/wp\/v2\/product_brand?post=49274"},{"taxonomy":"product_cat","embeddable":true,"href":"https:\/\/vaninahenry.com\/de\/wp-json\/wp\/v2\/product_cat?post=49274"},{"taxonomy":"product_tag","embeddable":true,"href":"https:\/\/vaninahenry.com\/de\/wp-json\/wp\/v2\/product_tag?post=49274"}],"curies":[{"name":"wp","href":"https:\/\/api.w.org\/{rel}","templated":true}]}}