{"id":40037,"date":"2021-10-04T12:50:19","date_gmt":"2021-10-04T10:50:27","guid":{"rendered":"https:\/\/hloccfq.cluster031.hosting.ovh.net\/?post_type=product&#038;p=40037"},"modified":"2021-11-25T16:57:58","modified_gmt":"2021-11-25T15:57:58","slug":"serge-no-9919-archive-collection","status":"publish","type":"product","link":"https:\/\/vaninahenry.com\/de\/produkt\/serge-no-9919-archive-collection\/","title":{"rendered":"Serge No.9919 &#8211; Archive Collection"},"content":{"rendered":"<p><strong>Ein elegantes Dunkelblau<\/strong><\/p>\n<p>Intensiver als Drawing Room Blue ist Serge ein eleganter Farbton, der nach dem urspr\u00fcnglichen Stoff benannt wurde, aus dem Jeans hergestellt werden. Es ist eine sch\u00f6ne Farbe f\u00fcr Speises\u00e4le, die eine elegante Atmosph\u00e4re schafft und sich gut f\u00fcr Empfangsbereiche eignet.<\/p>\n<p>Pr\u00e4sentiert in einer neuen, exklusiv von Liberty ausgew\u00e4hlten Farbkollektion. Entdecken Sie die reichhaltig pigmentierten Farben von Farrow &amp; Ball und die Liberty-Bezugsstoffe in zeitlosen Farb- und Druckkombinationen, darunter:<\/p>\n<p><strong>Serge &amp; Regency Tulpe, Lapis<\/strong><\/p>\n<p>Grundierungen &amp; Basisanstriche: Dark Tones<\/p>\n","protected":false},"excerpt":{"rendered":"<p style=\"text-align: center;\"><span style=\"color: #000000;\"><a class=\"btn\" style=\"color: #000000;\" href=\"https:\/\/vaninahenry.com\/de\/produkt\/serge-no-9919-archive-collection-copie\/\">Kaufen Farbmuster<\/a><\/span><\/p>\n<p>&nbsp;<\/p>\n<p><img decoding=\"async\" class=\"alignnone wp-image-39432 size-full\" src=\"http:\/\/vaninahenry.com\/wp-content\/uploads\/2021\/10\/collection-and-product-page-banner_ukde.jpg\" alt=\"\" width=\"1400\" height=\"198\" srcset=\"https:\/\/vaninahenry.com\/wp-content\/uploads\/2021\/10\/collection-and-product-page-banner_ukde.jpg 1400w, https:\/\/vaninahenry.com\/wp-content\/uploads\/2021\/10\/collection-and-product-page-banner_ukde-600x85.jpg 600w, https:\/\/vaninahenry.com\/wp-content\/uploads\/2021\/10\/collection-and-product-page-banner_ukde-300x42.jpg 300w, https:\/\/vaninahenry.com\/wp-content\/uploads\/2021\/10\/collection-and-product-page-banner_ukde-1024x145.jpg 1024w, https:\/\/vaninahenry.com\/wp-content\/uploads\/2021\/10\/collection-and-product-page-banner_ukde-768x109.jpg 768w\" sizes=\"(max-width: 1400px) 100vw, 1400px\" \/><\/p>\n<p>Entdecken Sie eine einzigartige neue Kollektion, die reichhaltig pigmentierte Farben aus dem Farrow &amp; Ball-Archiv mit komplement\u00e4ren M\u00f6belstoffen aus der Modern Collector-Reihe von Liberty kombiniert.<\/p>\n<p><strong>Serge &amp; Regency Tulip, Lapis<\/strong><\/p>\n<p><img decoding=\"async\" class=\"alignnone wp-image-40091 size-thumbnail\" src=\"http:\/\/vaninahenry.com\/wp-content\/uploads\/2021\/10\/Serge-9919_RGB-e1633345061946-150x150.jpg\" alt=\"\" width=\"150\" height=\"150\" srcset=\"https:\/\/vaninahenry.com\/wp-content\/uploads\/2021\/10\/Serge-9919_RGB-e1633345061946-150x150.jpg 150w, https:\/\/vaninahenry.com\/wp-content\/uploads\/2021\/10\/Serge-9919_RGB-e1633345061946-300x300.jpg 300w, https:\/\/vaninahenry.com\/wp-content\/uploads\/2021\/10\/Serge-9919_RGB-e1633345061946-100x100.jpg 100w, https:\/\/vaninahenry.com\/wp-content\/uploads\/2021\/10\/Serge-9919_RGB-e1633345061946-600x600.jpg 600w, https:\/\/vaninahenry.com\/wp-content\/uploads\/2021\/10\/Serge-9919_RGB-e1633345061946-768x768.jpg 768w, https:\/\/vaninahenry.com\/wp-content\/uploads\/2021\/10\/Serge-9919_RGB-e1633345061946-140x140.jpg 140w, https:\/\/vaninahenry.com\/wp-content\/uploads\/2021\/10\/Serge-9919_RGB-e1633345061946-500x500.jpg 500w, https:\/\/vaninahenry.com\/wp-content\/uploads\/2021\/10\/Serge-9919_RGB-e1633345061946-350x350.jpg 350w, https:\/\/vaninahenry.com\/wp-content\/uploads\/2021\/10\/Serge-9919_RGB-e1633345061946-800x800.jpg 800w, https:\/\/vaninahenry.com\/wp-content\/uploads\/2021\/10\/Serge-9919_RGB-e1633345061946.jpg 990w\" sizes=\"(max-width: 150px) 100vw, 150px\" \/><img decoding=\"async\" class=\"alignnone wp-image-40085 size-thumbnail\" src=\"http:\/\/vaninahenry.com\/wp-content\/uploads\/2021\/10\/Regency_Tulip_Lapis_Swatch_1-150x150.jpg\" alt=\"\" width=\"150\" height=\"150\" srcset=\"https:\/\/vaninahenry.com\/wp-content\/uploads\/2021\/10\/Regency_Tulip_Lapis_Swatch_1-150x150.jpg 150w, https:\/\/vaninahenry.com\/wp-content\/uploads\/2021\/10\/Regency_Tulip_Lapis_Swatch_1-300x300.jpg 300w, https:\/\/vaninahenry.com\/wp-content\/uploads\/2021\/10\/Regency_Tulip_Lapis_Swatch_1-100x100.jpg 100w, https:\/\/vaninahenry.com\/wp-content\/uploads\/2021\/10\/Regency_Tulip_Lapis_Swatch_1-140x140.jpg 140w, https:\/\/vaninahenry.com\/wp-content\/uploads\/2021\/10\/Regency_Tulip_Lapis_Swatch_1-500x500.jpg 500w, https:\/\/vaninahenry.com\/wp-content\/uploads\/2021\/10\/Regency_Tulip_Lapis_Swatch_1-350x350.jpg 350w, https:\/\/vaninahenry.com\/wp-content\/uploads\/2021\/10\/Regency_Tulip_Lapis_Swatch_1-993x1000.jpg 993w, https:\/\/vaninahenry.com\/wp-content\/uploads\/2021\/10\/Regency_Tulip_Lapis_Swatch_1-800x800.jpg 800w\" sizes=\"(max-width: 150px) 100vw, 150px\" \/><\/p>\n","protected":false},"featured_media":40102,"template":"","meta":{"_acf_changed":false,"inline_featured_image":false},"product_brand":[],"product_cat":[312],"product_tag":[],"class_list":{"0":"post-40037","1":"product","2":"type-product","3":"status-publish","4":"has-post-thumbnail","6":"product_cat-farben","7":"product_shipping_class-fnb-de","9":"first","10":"instock","11":"taxable","12":"shipping-taxable","13":"purchasable","14":"product-type-variable"},"acf":[],"yoast_head":"<!-- This site is optimized with the Yoast SEO plugin v26.7 - https:\/\/yoast.com\/wordpress\/plugins\/seo\/ -->\n<title>Serge No.9919 - Archive Collection - Vanina Henry<\/title>\n<meta name=\"robots\" content=\"index, follow, max-snippet:-1, max-image-preview:large, max-video-preview:-1\" \/>\n<link rel=\"canonical\" href=\"https:\/\/vaninahenry.com\/produkt\/serge-no-9919-archive-collection\/\" \/>\n<meta property=\"og:locale\" content=\"de_DE\" \/>\n<meta property=\"og:type\" content=\"article\" \/>\n<meta property=\"og:title\" content=\"Serge No.9919 - Archive Collection - Vanina Henry\" \/>\n<meta property=\"og:description\" content=\"Kaufen Farbmuster &nbsp;    Entdecken Sie eine einzigartige neue Kollektion, die reichhaltig pigmentierte Farben aus dem Farrow &amp; Ball-Archiv mit komplement\u00e4ren M\u00f6belstoffen aus der Modern Collector-Reihe von Liberty kombiniert.  Serge &amp; Regency Tulip, Lapis\" \/>\n<meta property=\"og:url\" content=\"https:\/\/vaninahenry.com\/produkt\/serge-no-9919-archive-collection\/\" \/>\n<meta property=\"og:site_name\" content=\"Vanina Henry\" \/>\n<meta property=\"article:publisher\" content=\"https:\/\/www.facebook.com\/designbyvaninahenry\" \/>\n<meta property=\"article:modified_time\" content=\"2021-11-25T15:57:58+00:00\" \/>\n<meta property=\"og:image\" content=\"https:\/\/vaninahenry.com\/wp-content\/uploads\/2021\/10\/Liberty-SP-Serge-No.9919-cutout1x1.jpg\" \/>\n\t<meta property=\"og:image:width\" content=\"1400\" \/>\n\t<meta property=\"og:image:height\" content=\"1400\" \/>\n\t<meta property=\"og:image:type\" content=\"image\/jpeg\" \/>\n<meta name=\"twitter:card\" content=\"summary_large_image\" \/>\n<script type=\"application\/ld+json\" class=\"yoast-schema-graph\">{\"@context\":\"https:\/\/schema.org\",\"@graph\":[{\"@type\":\"WebPage\",\"@id\":\"https:\/\/vaninahenry.com\/produkt\/serge-no-9919-archive-collection\/\",\"url\":\"https:\/\/vaninahenry.com\/produkt\/serge-no-9919-archive-collection\/\",\"name\":\"Serge No.9919 - Archive Collection - Vanina Henry\",\"isPartOf\":{\"@id\":\"https:\/\/vaninahenry.com\/#website\"},\"primaryImageOfPage\":{\"@id\":\"https:\/\/vaninahenry.com\/produkt\/serge-no-9919-archive-collection\/#primaryimage\"},\"image\":{\"@id\":\"https:\/\/vaninahenry.com\/produkt\/serge-no-9919-archive-collection\/#primaryimage\"},\"thumbnailUrl\":\"https:\/\/vaninahenry.com\/wp-content\/uploads\/2021\/10\/Liberty-SP-Serge-No.9919-cutout1x1.jpg\",\"datePublished\":\"2021-10-04T10:50:27+00:00\",\"dateModified\":\"2021-11-25T15:57:58+00:00\",\"breadcrumb\":{\"@id\":\"https:\/\/vaninahenry.com\/produkt\/serge-no-9919-archive-collection\/#breadcrumb\"},\"inLanguage\":\"de\",\"potentialAction\":[{\"@type\":\"ReadAction\",\"target\":[\"https:\/\/vaninahenry.com\/produkt\/serge-no-9919-archive-collection\/\"]}]},{\"@type\":\"ImageObject\",\"inLanguage\":\"de\",\"@id\":\"https:\/\/vaninahenry.com\/produkt\/serge-no-9919-archive-collection\/#primaryimage\",\"url\":\"https:\/\/vaninahenry.com\/wp-content\/uploads\/2021\/10\/Liberty-SP-Serge-No.9919-cutout1x1.jpg\",\"contentUrl\":\"https:\/\/vaninahenry.com\/wp-content\/uploads\/2021\/10\/Liberty-SP-Serge-No.9919-cutout1x1.jpg\",\"width\":1400,\"height\":1400},{\"@type\":\"BreadcrumbList\",\"@id\":\"https:\/\/vaninahenry.com\/produkt\/serge-no-9919-archive-collection\/#breadcrumb\",\"itemListElement\":[{\"@type\":\"ListItem\",\"position\":1,\"name\":\"Accueil\",\"item\":\"https:\/\/vaninahenry.com\/de\/\"},{\"@type\":\"ListItem\",\"position\":2,\"name\":\"Shop\",\"item\":\"https:\/\/vaninahenry.com\/boutique\/\"},{\"@type\":\"ListItem\",\"position\":3,\"name\":\"Serge No.9919 &#8211; Archive Collection\"}]},{\"@type\":\"WebSite\",\"@id\":\"https:\/\/vaninahenry.com\/#website\",\"url\":\"https:\/\/vaninahenry.com\/\",\"name\":\"Vanina Henry\",\"description\":\"\",\"publisher\":{\"@id\":\"https:\/\/vaninahenry.com\/#organization\"},\"potentialAction\":[{\"@type\":\"SearchAction\",\"target\":{\"@type\":\"EntryPoint\",\"urlTemplate\":\"https:\/\/vaninahenry.com\/?s={search_term_string}\"},\"query-input\":{\"@type\":\"PropertyValueSpecification\",\"valueRequired\":true,\"valueName\":\"search_term_string\"}}],\"inLanguage\":\"de\"},{\"@type\":\"Organization\",\"@id\":\"https:\/\/vaninahenry.com\/#organization\",\"name\":\"Vanina Henry\",\"url\":\"https:\/\/vaninahenry.com\/\",\"logo\":{\"@type\":\"ImageObject\",\"inLanguage\":\"de\",\"@id\":\"https:\/\/vaninahenry.com\/#\/schema\/logo\/image\/\",\"url\":\"http:\/\/vaninahenry.com\/wp-content\/uploads\/2021\/10\/Logo-design-by-VaninaHenry.png\",\"contentUrl\":\"http:\/\/vaninahenry.com\/wp-content\/uploads\/2021\/10\/Logo-design-by-VaninaHenry.png\",\"width\":711,\"height\":467,\"caption\":\"Vanina Henry\"},\"image\":{\"@id\":\"https:\/\/vaninahenry.com\/#\/schema\/logo\/image\/\"},\"sameAs\":[\"https:\/\/www.facebook.com\/designbyvaninahenry\",\"https:\/\/www.instagram.com\/vaninahenry\/\"]}]}<\/script>\n<!-- \/ Yoast SEO plugin. -->","yoast_head_json":{"title":"Serge No.9919 - Archive Collection - Vanina Henry","robots":{"index":"index","follow":"follow","max-snippet":"max-snippet:-1","max-image-preview":"max-image-preview:large","max-video-preview":"max-video-preview:-1"},"canonical":"https:\/\/vaninahenry.com\/produkt\/serge-no-9919-archive-collection\/","og_locale":"de_DE","og_type":"article","og_title":"Serge No.9919 - Archive Collection - Vanina Henry","og_description":"Kaufen Farbmuster &nbsp;    Entdecken Sie eine einzigartige neue Kollektion, die reichhaltig pigmentierte Farben aus dem Farrow &amp; Ball-Archiv mit komplement\u00e4ren M\u00f6belstoffen aus der Modern Collector-Reihe von Liberty kombiniert.  Serge &amp; Regency Tulip, Lapis","og_url":"https:\/\/vaninahenry.com\/produkt\/serge-no-9919-archive-collection\/","og_site_name":"Vanina Henry","article_publisher":"https:\/\/www.facebook.com\/designbyvaninahenry","article_modified_time":"2021-11-25T15:57:58+00:00","og_image":[{"width":1400,"height":1400,"url":"https:\/\/vaninahenry.com\/wp-content\/uploads\/2021\/10\/Liberty-SP-Serge-No.9919-cutout1x1.jpg","type":"image\/jpeg"}],"twitter_card":"summary_large_image","schema":{"@context":"https:\/\/schema.org","@graph":[{"@type":"WebPage","@id":"https:\/\/vaninahenry.com\/produkt\/serge-no-9919-archive-collection\/","url":"https:\/\/vaninahenry.com\/produkt\/serge-no-9919-archive-collection\/","name":"Serge No.9919 - Archive Collection - Vanina Henry","isPartOf":{"@id":"https:\/\/vaninahenry.com\/#website"},"primaryImageOfPage":{"@id":"https:\/\/vaninahenry.com\/produkt\/serge-no-9919-archive-collection\/#primaryimage"},"image":{"@id":"https:\/\/vaninahenry.com\/produkt\/serge-no-9919-archive-collection\/#primaryimage"},"thumbnailUrl":"https:\/\/vaninahenry.com\/wp-content\/uploads\/2021\/10\/Liberty-SP-Serge-No.9919-cutout1x1.jpg","datePublished":"2021-10-04T10:50:27+00:00","dateModified":"2021-11-25T15:57:58+00:00","breadcrumb":{"@id":"https:\/\/vaninahenry.com\/produkt\/serge-no-9919-archive-collection\/#breadcrumb"},"inLanguage":"de","potentialAction":[{"@type":"ReadAction","target":["https:\/\/vaninahenry.com\/produkt\/serge-no-9919-archive-collection\/"]}]},{"@type":"ImageObject","inLanguage":"de","@id":"https:\/\/vaninahenry.com\/produkt\/serge-no-9919-archive-collection\/#primaryimage","url":"https:\/\/vaninahenry.com\/wp-content\/uploads\/2021\/10\/Liberty-SP-Serge-No.9919-cutout1x1.jpg","contentUrl":"https:\/\/vaninahenry.com\/wp-content\/uploads\/2021\/10\/Liberty-SP-Serge-No.9919-cutout1x1.jpg","width":1400,"height":1400},{"@type":"BreadcrumbList","@id":"https:\/\/vaninahenry.com\/produkt\/serge-no-9919-archive-collection\/#breadcrumb","itemListElement":[{"@type":"ListItem","position":1,"name":"Accueil","item":"https:\/\/vaninahenry.com\/de\/"},{"@type":"ListItem","position":2,"name":"Shop","item":"https:\/\/vaninahenry.com\/boutique\/"},{"@type":"ListItem","position":3,"name":"Serge No.9919 &#8211; Archive Collection"}]},{"@type":"WebSite","@id":"https:\/\/vaninahenry.com\/#website","url":"https:\/\/vaninahenry.com\/","name":"Vanina Henry","description":"","publisher":{"@id":"https:\/\/vaninahenry.com\/#organization"},"potentialAction":[{"@type":"SearchAction","target":{"@type":"EntryPoint","urlTemplate":"https:\/\/vaninahenry.com\/?s={search_term_string}"},"query-input":{"@type":"PropertyValueSpecification","valueRequired":true,"valueName":"search_term_string"}}],"inLanguage":"de"},{"@type":"Organization","@id":"https:\/\/vaninahenry.com\/#organization","name":"Vanina Henry","url":"https:\/\/vaninahenry.com\/","logo":{"@type":"ImageObject","inLanguage":"de","@id":"https:\/\/vaninahenry.com\/#\/schema\/logo\/image\/","url":"http:\/\/vaninahenry.com\/wp-content\/uploads\/2021\/10\/Logo-design-by-VaninaHenry.png","contentUrl":"http:\/\/vaninahenry.com\/wp-content\/uploads\/2021\/10\/Logo-design-by-VaninaHenry.png","width":711,"height":467,"caption":"Vanina Henry"},"image":{"@id":"https:\/\/vaninahenry.com\/#\/schema\/logo\/image\/"},"sameAs":["https:\/\/www.facebook.com\/designbyvaninahenry","https:\/\/www.instagram.com\/vaninahenry\/"]}]}},"_links":{"self":[{"href":"https:\/\/vaninahenry.com\/de\/wp-json\/wp\/v2\/product\/40037","targetHints":{"allow":["GET"]}}],"collection":[{"href":"https:\/\/vaninahenry.com\/de\/wp-json\/wp\/v2\/product"}],"about":[{"href":"https:\/\/vaninahenry.com\/de\/wp-json\/wp\/v2\/types\/product"}],"wp:featuredmedia":[{"embeddable":true,"href":"https:\/\/vaninahenry.com\/de\/wp-json\/wp\/v2\/media\/40102"}],"wp:attachment":[{"href":"https:\/\/vaninahenry.com\/de\/wp-json\/wp\/v2\/media?parent=40037"}],"wp:term":[{"taxonomy":"product_brand","embeddable":true,"href":"https:\/\/vaninahenry.com\/de\/wp-json\/wp\/v2\/product_brand?post=40037"},{"taxonomy":"product_cat","embeddable":true,"href":"https:\/\/vaninahenry.com\/de\/wp-json\/wp\/v2\/product_cat?post=40037"},{"taxonomy":"product_tag","embeddable":true,"href":"https:\/\/vaninahenry.com\/de\/wp-json\/wp\/v2\/product_tag?post=40037"}],"curies":[{"name":"wp","href":"https:\/\/api.w.org\/{rel}","templated":true}]}}