{"id":39323,"date":"2021-10-04T10:24:36","date_gmt":"2021-10-04T08:24:43","guid":{"rendered":"https:\/\/hloccfq.cluster031.hosting.ovh.net\/?post_type=product&#038;p=39323"},"modified":"2021-11-25T12:38:18","modified_gmt":"2021-11-25T11:38:18","slug":"39299","status":"publish","type":"product","link":"https:\/\/vaninahenry.com\/de\/produkt\/39299\/","title":{"rendered":"Clunch No.2009 &#8211; Archive Collection"},"content":{"rendered":"<p><strong>Ein kalkiges Wei\u00df<\/strong><\/p>\n<p>Clunch ist nach dem cremefarbenen Kalkstein benannt, der f\u00fcr die Bausteine vieler Geb\u00e4ude in East Anglia verwendet wird. Der gelbe Hintergrund erzeugt ein unglaublich cham\u00e4leonartiges Finish, das es zu einer der einfachsten Farben macht, mit der man leben kann. Clunch wird oft mit Pointing auf Holzarbeiten kontrastiert, um einen frischen Look zu erzielen, oder mit Shaded White, um ein klassischeres Raumambiente zu schaffen.<\/p>\n<p>Pr\u00e4sentiert in einer neuen Kollektion von Farben, die exklusiv von Liberty ausgew\u00e4hlt wurden. Entdecken Sie die reich pigmentierten Farben von Farrow &amp; Ball und die Liberty-Polsterstoffe in zeitlosen Farb- und Druckkombinationen, darunter:<\/p>\n<p><strong>Clunch &amp; Persian Voyage, Jade Stone<\/strong><\/p>\n<p>Grundierungen &amp; Basisanstriche: White &amp; Light Tones<\/p>\n","protected":false},"excerpt":{"rendered":"<p style=\"text-align: center;\"><span style=\"color: #000000;\"><a class=\"btn\" style=\"color: #000000;\" href=\"https:\/\/vaninahenry.com\/de\/produkt\/clunch-no-2009-archive-collection-copie\/\">Farbmuster kaufen<\/a><\/span><\/p>\n<p>&nbsp;<\/p>\n<p><img decoding=\"async\" class=\"alignnone wp-image-39432 size-full\" src=\"http:\/\/vaninahenry.com\/wp-content\/uploads\/2021\/10\/collection-and-product-page-banner_ukde.jpg\" alt=\"\" width=\"1400\" height=\"198\" srcset=\"https:\/\/vaninahenry.com\/wp-content\/uploads\/2021\/10\/collection-and-product-page-banner_ukde.jpg 1400w, https:\/\/vaninahenry.com\/wp-content\/uploads\/2021\/10\/collection-and-product-page-banner_ukde-600x85.jpg 600w, https:\/\/vaninahenry.com\/wp-content\/uploads\/2021\/10\/collection-and-product-page-banner_ukde-300x42.jpg 300w, https:\/\/vaninahenry.com\/wp-content\/uploads\/2021\/10\/collection-and-product-page-banner_ukde-1024x145.jpg 1024w, https:\/\/vaninahenry.com\/wp-content\/uploads\/2021\/10\/collection-and-product-page-banner_ukde-768x109.jpg 768w\" sizes=\"(max-width: 1400px) 100vw, 1400px\" \/><\/p>\n<p>Entdecken Sie eine einzigartige neue Kollektion, die reichhaltig pigmentierte Farben aus dem Farrow &amp; Ball-Archiv mit komplement\u00e4ren M\u00f6belstoffen aus der Modern Collector-Reihe von Liberty kombiniert.<\/p>\n<p><strong>Clunch &amp; Persian Voyage, Jade Stone<\/strong><\/p>\n<p><img decoding=\"async\" class=\"alignnone wp-image-39445 size-thumbnail\" src=\"http:\/\/vaninahenry.com\/wp-content\/uploads\/2021\/10\/Clunch-2009_RGB-150x150.jpg\" alt=\"\" width=\"150\" height=\"150\" \/><img decoding=\"async\" class=\"alignnone wp-image-39460 size-thumbnail\" src=\"http:\/\/vaninahenry.com\/wp-content\/uploads\/2021\/10\/Persian_Voyage_Jade_Stone_Swatch_1-150x150.jpg\" alt=\"\" width=\"150\" height=\"150\" srcset=\"https:\/\/vaninahenry.com\/wp-content\/uploads\/2021\/10\/Persian_Voyage_Jade_Stone_Swatch_1-150x150.jpg 150w, https:\/\/vaninahenry.com\/wp-content\/uploads\/2021\/10\/Persian_Voyage_Jade_Stone_Swatch_1-300x300.jpg 300w, https:\/\/vaninahenry.com\/wp-content\/uploads\/2021\/10\/Persian_Voyage_Jade_Stone_Swatch_1-100x100.jpg 100w, https:\/\/vaninahenry.com\/wp-content\/uploads\/2021\/10\/Persian_Voyage_Jade_Stone_Swatch_1-140x140.jpg 140w, https:\/\/vaninahenry.com\/wp-content\/uploads\/2021\/10\/Persian_Voyage_Jade_Stone_Swatch_1-500x500.jpg 500w, https:\/\/vaninahenry.com\/wp-content\/uploads\/2021\/10\/Persian_Voyage_Jade_Stone_Swatch_1-350x350.jpg 350w, https:\/\/vaninahenry.com\/wp-content\/uploads\/2021\/10\/Persian_Voyage_Jade_Stone_Swatch_1-993x1000.jpg 993w, https:\/\/vaninahenry.com\/wp-content\/uploads\/2021\/10\/Persian_Voyage_Jade_Stone_Swatch_1-800x800.jpg 800w\" sizes=\"(max-width: 150px) 100vw, 150px\" \/><\/p>\n","protected":false},"featured_media":39438,"template":"","meta":{"_acf_changed":false,"inline_featured_image":false},"product_brand":[],"product_cat":[312],"product_tag":[],"class_list":{"0":"post-39323","1":"product","2":"type-product","3":"status-publish","4":"has-post-thumbnail","6":"product_cat-farben","7":"product_shipping_class-fnb-de","9":"first","10":"instock","11":"taxable","12":"shipping-taxable","13":"purchasable","14":"product-type-variable"},"acf":[],"yoast_head":"<!-- This site is optimized with the Yoast SEO plugin v26.7 - https:\/\/yoast.com\/wordpress\/plugins\/seo\/ -->\n<title>Clunch No.2009 - Archive Collection - Vanina Henry<\/title>\n<meta name=\"robots\" content=\"index, follow, max-snippet:-1, max-image-preview:large, max-video-preview:-1\" \/>\n<link rel=\"canonical\" href=\"https:\/\/vaninahenry.com\/produkt\/39299\/\" \/>\n<meta property=\"og:locale\" content=\"de_DE\" \/>\n<meta property=\"og:type\" content=\"article\" \/>\n<meta property=\"og:title\" content=\"Clunch No.2009 - Archive Collection - Vanina Henry\" \/>\n<meta property=\"og:description\" content=\"Farbmuster kaufen &nbsp;    Entdecken Sie eine einzigartige neue Kollektion, die reichhaltig pigmentierte Farben aus dem Farrow &amp; Ball-Archiv mit komplement\u00e4ren M\u00f6belstoffen aus der Modern Collector-Reihe von Liberty kombiniert.  Clunch &amp; Persian Voyage, Jade Stone\" \/>\n<meta property=\"og:url\" content=\"https:\/\/vaninahenry.com\/produkt\/39299\/\" \/>\n<meta property=\"og:site_name\" content=\"Vanina Henry\" \/>\n<meta property=\"article:publisher\" content=\"https:\/\/www.facebook.com\/designbyvaninahenry\" \/>\n<meta property=\"article:modified_time\" content=\"2021-11-25T11:38:18+00:00\" \/>\n<meta property=\"og:image\" content=\"https:\/\/vaninahenry.com\/wp-content\/uploads\/2021\/10\/Liberty-SP-Clunch-No.2009-cutout1x1.jpg\" \/>\n\t<meta property=\"og:image:width\" content=\"1400\" \/>\n\t<meta property=\"og:image:height\" content=\"1400\" \/>\n\t<meta property=\"og:image:type\" content=\"image\/jpeg\" \/>\n<meta name=\"twitter:card\" content=\"summary_large_image\" \/>\n<meta name=\"twitter:label1\" content=\"Gesch\u00e4tzte Lesezeit\" \/>\n\t<meta name=\"twitter:data1\" content=\"1\u00a0Minute\" \/>\n<script type=\"application\/ld+json\" class=\"yoast-schema-graph\">{\"@context\":\"https:\/\/schema.org\",\"@graph\":[{\"@type\":\"WebPage\",\"@id\":\"https:\/\/vaninahenry.com\/produkt\/39299\/\",\"url\":\"https:\/\/vaninahenry.com\/produkt\/39299\/\",\"name\":\"Clunch No.2009 - Archive Collection - Vanina Henry\",\"isPartOf\":{\"@id\":\"https:\/\/vaninahenry.com\/#website\"},\"primaryImageOfPage\":{\"@id\":\"https:\/\/vaninahenry.com\/produkt\/39299\/#primaryimage\"},\"image\":{\"@id\":\"https:\/\/vaninahenry.com\/produkt\/39299\/#primaryimage\"},\"thumbnailUrl\":\"https:\/\/vaninahenry.com\/wp-content\/uploads\/2021\/10\/Liberty-SP-Clunch-No.2009-cutout1x1.jpg\",\"datePublished\":\"2021-10-04T08:24:43+00:00\",\"dateModified\":\"2021-11-25T11:38:18+00:00\",\"breadcrumb\":{\"@id\":\"https:\/\/vaninahenry.com\/produkt\/39299\/#breadcrumb\"},\"inLanguage\":\"de\",\"potentialAction\":[{\"@type\":\"ReadAction\",\"target\":[\"https:\/\/vaninahenry.com\/produkt\/39299\/\"]}]},{\"@type\":\"ImageObject\",\"inLanguage\":\"de\",\"@id\":\"https:\/\/vaninahenry.com\/produkt\/39299\/#primaryimage\",\"url\":\"https:\/\/vaninahenry.com\/wp-content\/uploads\/2021\/10\/Liberty-SP-Clunch-No.2009-cutout1x1.jpg\",\"contentUrl\":\"https:\/\/vaninahenry.com\/wp-content\/uploads\/2021\/10\/Liberty-SP-Clunch-No.2009-cutout1x1.jpg\",\"width\":1400,\"height\":1400},{\"@type\":\"BreadcrumbList\",\"@id\":\"https:\/\/vaninahenry.com\/produkt\/39299\/#breadcrumb\",\"itemListElement\":[{\"@type\":\"ListItem\",\"position\":1,\"name\":\"Accueil\",\"item\":\"https:\/\/vaninahenry.com\/de\/\"},{\"@type\":\"ListItem\",\"position\":2,\"name\":\"Shop\",\"item\":\"https:\/\/vaninahenry.com\/boutique\/\"},{\"@type\":\"ListItem\",\"position\":3,\"name\":\"Clunch No.2009 &#8211; Archive Collection\"}]},{\"@type\":\"WebSite\",\"@id\":\"https:\/\/vaninahenry.com\/#website\",\"url\":\"https:\/\/vaninahenry.com\/\",\"name\":\"Vanina Henry\",\"description\":\"\",\"publisher\":{\"@id\":\"https:\/\/vaninahenry.com\/#organization\"},\"potentialAction\":[{\"@type\":\"SearchAction\",\"target\":{\"@type\":\"EntryPoint\",\"urlTemplate\":\"https:\/\/vaninahenry.com\/?s={search_term_string}\"},\"query-input\":{\"@type\":\"PropertyValueSpecification\",\"valueRequired\":true,\"valueName\":\"search_term_string\"}}],\"inLanguage\":\"de\"},{\"@type\":\"Organization\",\"@id\":\"https:\/\/vaninahenry.com\/#organization\",\"name\":\"Vanina Henry\",\"url\":\"https:\/\/vaninahenry.com\/\",\"logo\":{\"@type\":\"ImageObject\",\"inLanguage\":\"de\",\"@id\":\"https:\/\/vaninahenry.com\/#\/schema\/logo\/image\/\",\"url\":\"http:\/\/vaninahenry.com\/wp-content\/uploads\/2021\/10\/Logo-design-by-VaninaHenry.png\",\"contentUrl\":\"http:\/\/vaninahenry.com\/wp-content\/uploads\/2021\/10\/Logo-design-by-VaninaHenry.png\",\"width\":711,\"height\":467,\"caption\":\"Vanina Henry\"},\"image\":{\"@id\":\"https:\/\/vaninahenry.com\/#\/schema\/logo\/image\/\"},\"sameAs\":[\"https:\/\/www.facebook.com\/designbyvaninahenry\",\"https:\/\/www.instagram.com\/vaninahenry\/\"]}]}<\/script>\n<!-- \/ Yoast SEO plugin. -->","yoast_head_json":{"title":"Clunch No.2009 - Archive Collection - Vanina Henry","robots":{"index":"index","follow":"follow","max-snippet":"max-snippet:-1","max-image-preview":"max-image-preview:large","max-video-preview":"max-video-preview:-1"},"canonical":"https:\/\/vaninahenry.com\/produkt\/39299\/","og_locale":"de_DE","og_type":"article","og_title":"Clunch No.2009 - Archive Collection - Vanina Henry","og_description":"Farbmuster kaufen &nbsp;    Entdecken Sie eine einzigartige neue Kollektion, die reichhaltig pigmentierte Farben aus dem Farrow &amp; Ball-Archiv mit komplement\u00e4ren M\u00f6belstoffen aus der Modern Collector-Reihe von Liberty kombiniert.  Clunch &amp; Persian Voyage, Jade Stone","og_url":"https:\/\/vaninahenry.com\/produkt\/39299\/","og_site_name":"Vanina Henry","article_publisher":"https:\/\/www.facebook.com\/designbyvaninahenry","article_modified_time":"2021-11-25T11:38:18+00:00","og_image":[{"width":1400,"height":1400,"url":"https:\/\/vaninahenry.com\/wp-content\/uploads\/2021\/10\/Liberty-SP-Clunch-No.2009-cutout1x1.jpg","type":"image\/jpeg"}],"twitter_card":"summary_large_image","twitter_misc":{"Gesch\u00e4tzte Lesezeit":"1\u00a0Minute"},"schema":{"@context":"https:\/\/schema.org","@graph":[{"@type":"WebPage","@id":"https:\/\/vaninahenry.com\/produkt\/39299\/","url":"https:\/\/vaninahenry.com\/produkt\/39299\/","name":"Clunch No.2009 - Archive Collection - Vanina Henry","isPartOf":{"@id":"https:\/\/vaninahenry.com\/#website"},"primaryImageOfPage":{"@id":"https:\/\/vaninahenry.com\/produkt\/39299\/#primaryimage"},"image":{"@id":"https:\/\/vaninahenry.com\/produkt\/39299\/#primaryimage"},"thumbnailUrl":"https:\/\/vaninahenry.com\/wp-content\/uploads\/2021\/10\/Liberty-SP-Clunch-No.2009-cutout1x1.jpg","datePublished":"2021-10-04T08:24:43+00:00","dateModified":"2021-11-25T11:38:18+00:00","breadcrumb":{"@id":"https:\/\/vaninahenry.com\/produkt\/39299\/#breadcrumb"},"inLanguage":"de","potentialAction":[{"@type":"ReadAction","target":["https:\/\/vaninahenry.com\/produkt\/39299\/"]}]},{"@type":"ImageObject","inLanguage":"de","@id":"https:\/\/vaninahenry.com\/produkt\/39299\/#primaryimage","url":"https:\/\/vaninahenry.com\/wp-content\/uploads\/2021\/10\/Liberty-SP-Clunch-No.2009-cutout1x1.jpg","contentUrl":"https:\/\/vaninahenry.com\/wp-content\/uploads\/2021\/10\/Liberty-SP-Clunch-No.2009-cutout1x1.jpg","width":1400,"height":1400},{"@type":"BreadcrumbList","@id":"https:\/\/vaninahenry.com\/produkt\/39299\/#breadcrumb","itemListElement":[{"@type":"ListItem","position":1,"name":"Accueil","item":"https:\/\/vaninahenry.com\/de\/"},{"@type":"ListItem","position":2,"name":"Shop","item":"https:\/\/vaninahenry.com\/boutique\/"},{"@type":"ListItem","position":3,"name":"Clunch No.2009 &#8211; Archive Collection"}]},{"@type":"WebSite","@id":"https:\/\/vaninahenry.com\/#website","url":"https:\/\/vaninahenry.com\/","name":"Vanina Henry","description":"","publisher":{"@id":"https:\/\/vaninahenry.com\/#organization"},"potentialAction":[{"@type":"SearchAction","target":{"@type":"EntryPoint","urlTemplate":"https:\/\/vaninahenry.com\/?s={search_term_string}"},"query-input":{"@type":"PropertyValueSpecification","valueRequired":true,"valueName":"search_term_string"}}],"inLanguage":"de"},{"@type":"Organization","@id":"https:\/\/vaninahenry.com\/#organization","name":"Vanina Henry","url":"https:\/\/vaninahenry.com\/","logo":{"@type":"ImageObject","inLanguage":"de","@id":"https:\/\/vaninahenry.com\/#\/schema\/logo\/image\/","url":"http:\/\/vaninahenry.com\/wp-content\/uploads\/2021\/10\/Logo-design-by-VaninaHenry.png","contentUrl":"http:\/\/vaninahenry.com\/wp-content\/uploads\/2021\/10\/Logo-design-by-VaninaHenry.png","width":711,"height":467,"caption":"Vanina Henry"},"image":{"@id":"https:\/\/vaninahenry.com\/#\/schema\/logo\/image\/"},"sameAs":["https:\/\/www.facebook.com\/designbyvaninahenry","https:\/\/www.instagram.com\/vaninahenry\/"]}]}},"_links":{"self":[{"href":"https:\/\/vaninahenry.com\/de\/wp-json\/wp\/v2\/product\/39323","targetHints":{"allow":["GET"]}}],"collection":[{"href":"https:\/\/vaninahenry.com\/de\/wp-json\/wp\/v2\/product"}],"about":[{"href":"https:\/\/vaninahenry.com\/de\/wp-json\/wp\/v2\/types\/product"}],"wp:featuredmedia":[{"embeddable":true,"href":"https:\/\/vaninahenry.com\/de\/wp-json\/wp\/v2\/media\/39438"}],"wp:attachment":[{"href":"https:\/\/vaninahenry.com\/de\/wp-json\/wp\/v2\/media?parent=39323"}],"wp:term":[{"taxonomy":"product_brand","embeddable":true,"href":"https:\/\/vaninahenry.com\/de\/wp-json\/wp\/v2\/product_brand?post=39323"},{"taxonomy":"product_cat","embeddable":true,"href":"https:\/\/vaninahenry.com\/de\/wp-json\/wp\/v2\/product_cat?post=39323"},{"taxonomy":"product_tag","embeddable":true,"href":"https:\/\/vaninahenry.com\/de\/wp-json\/wp\/v2\/product_tag?post=39323"}],"curies":[{"name":"wp","href":"https:\/\/api.w.org\/{rel}","templated":true}]}}