{"id":35910,"date":"2021-07-29T17:07:10","date_gmt":"2021-07-29T15:07:10","guid":{"rendered":"https:\/\/hloccfq.cluster031.hosting.ovh.net\/produit\/chaise-a\/"},"modified":"2021-12-06T15:11:11","modified_gmt":"2021-12-06T14:11:11","slug":"chaise-a","status":"publish","type":"product","link":"https:\/\/vaninahenry.com\/de\/produkt\/chaise-a\/","title":{"rendered":"Chaise A"},"content":{"rendered":"","protected":false},"excerpt":{"rendered":"<p><span style=\"color: #9a7541;\">Stuhl A<\/span> kann im Innen- und Au\u00dfenbereich verwendet werden.<\/p>\n<p>Abmessungen: Breite 44 cm, Tiefe 51,4 cm, H\u00f6he 85 cm.<\/p>\n<p>F\u00fcr maximalen Komfort, <a href=\"https:\/\/vaninahenry.com\/produit\/galette-pour-chaises-et-fauteuils\/\">w\u00e4hlen Sie eine <strong><span style=\"color: #9a7500;\">Galette<\/span><\/strong> zu Ihrem Stuhl<\/a>.<\/p>\n<p><a href=\"https:\/\/vaninahenry.com\/contact\/\">Wenn Sie andere Farben ben\u00f6tigen, bitte <span style=\"color: #9a7541;\"><strong>Kontaktieren Sie uns<\/strong>! <\/span><\/a><img decoding=\"async\" class=\"alignnone wp-image-53536 size-full\" src=\"http:\/\/vaninahenry.com\/wp-content\/uploads\/2021\/07\/Tolix-nuancier_B.png\" alt=\"\" width=\"1024\" height=\"988\" srcset=\"https:\/\/vaninahenry.com\/wp-content\/uploads\/2021\/07\/Tolix-nuancier_B.png 1024w, https:\/\/vaninahenry.com\/wp-content\/uploads\/2021\/07\/Tolix-nuancier_B-600x579.png 600w, https:\/\/vaninahenry.com\/wp-content\/uploads\/2021\/07\/Tolix-nuancier_B-300x289.png 300w, https:\/\/vaninahenry.com\/wp-content\/uploads\/2021\/07\/Tolix-nuancier_B-768x741.png 768w\" sizes=\"(max-width: 1024px) 100vw, 1024px\" \/><\/p>\n<p><span style=\"color: #9a7500;\"><a style=\"color: #9a7500;\" href=\"https:\/\/vaninahenry.com\/marque\/tolix\/\" target=\"_blank\" rel=\"noopener\">Erfahren Sie mehr \u00fcber TOLIX<\/a><\/span><\/p>\n","protected":false},"featured_media":53517,"template":"","meta":{"_acf_changed":false,"inline_featured_image":false},"product_brand":[],"product_cat":[393,397,595],"product_tag":[],"class_list":{"0":"post-35910","1":"product","2":"type-product","3":"status-publish","4":"has-post-thumbnail","6":"product_cat-design-moebel","7":"product_cat-outdoor-de","8":"product_cat-favorit","9":"product_shipping_class-tolix-de","11":"first","12":"instock","13":"taxable","14":"shipping-taxable","15":"purchasable","16":"product-type-variable"},"acf":[],"yoast_head":"<!-- This site is optimized with the Yoast SEO plugin v26.7 - https:\/\/yoast.com\/wordpress\/plugins\/seo\/ -->\n<title>Chaise A - Vanina Henry<\/title>\n<meta name=\"robots\" content=\"index, follow, max-snippet:-1, max-image-preview:large, max-video-preview:-1\" \/>\n<link rel=\"canonical\" href=\"https:\/\/vaninahenry.com\/produkt\/chaise-a\/\" \/>\n<meta property=\"og:locale\" content=\"de_DE\" \/>\n<meta property=\"og:type\" content=\"article\" \/>\n<meta property=\"og:title\" content=\"Chaise A - Vanina Henry\" \/>\n<meta property=\"og:description\" content=\"Stuhl A kann im Innen- und Au\u00dfenbereich verwendet werden.  Abmessungen: Breite 44 cm, Tiefe 51,4 cm, H\u00f6he 85 cm.  F\u00fcr maximalen Komfort, w\u00e4hlen Sie eine Galette zu Ihrem Stuhl.  Wenn Sie andere Farben ben\u00f6tigen, bitte Kontaktieren Sie uns!   Erfahren Sie mehr \u00fcber TOLIX\" \/>\n<meta property=\"og:url\" content=\"https:\/\/vaninahenry.com\/produkt\/chaise-a\/\" \/>\n<meta property=\"og:site_name\" content=\"Vanina Henry\" \/>\n<meta property=\"article:publisher\" content=\"https:\/\/www.facebook.com\/designbyvaninahenry\" \/>\n<meta property=\"article:modified_time\" content=\"2021-12-06T14:11:11+00:00\" \/>\n<meta property=\"og:image\" content=\"https:\/\/vaninahenry.com\/wp-content\/uploads\/2021\/07\/2021_04_TOLIX-Karlsruhe621-JMauloubier_B.jpeg\" \/>\n\t<meta property=\"og:image:width\" content=\"934\" \/>\n\t<meta property=\"og:image:height\" content=\"1400\" \/>\n\t<meta property=\"og:image:type\" content=\"image\/jpeg\" \/>\n<meta name=\"twitter:card\" content=\"summary_large_image\" \/>\n<script type=\"application\/ld+json\" class=\"yoast-schema-graph\">{\"@context\":\"https:\/\/schema.org\",\"@graph\":[{\"@type\":\"WebPage\",\"@id\":\"https:\/\/vaninahenry.com\/produkt\/chaise-a\/\",\"url\":\"https:\/\/vaninahenry.com\/produkt\/chaise-a\/\",\"name\":\"Chaise A - Vanina Henry\",\"isPartOf\":{\"@id\":\"https:\/\/vaninahenry.com\/#website\"},\"primaryImageOfPage\":{\"@id\":\"https:\/\/vaninahenry.com\/produkt\/chaise-a\/#primaryimage\"},\"image\":{\"@id\":\"https:\/\/vaninahenry.com\/produkt\/chaise-a\/#primaryimage\"},\"thumbnailUrl\":\"https:\/\/vaninahenry.com\/wp-content\/uploads\/2021\/07\/2021_04_TOLIX-Karlsruhe621-JMauloubier_B.jpeg\",\"datePublished\":\"2021-07-29T15:07:10+00:00\",\"dateModified\":\"2021-12-06T14:11:11+00:00\",\"breadcrumb\":{\"@id\":\"https:\/\/vaninahenry.com\/produkt\/chaise-a\/#breadcrumb\"},\"inLanguage\":\"de\",\"potentialAction\":[{\"@type\":\"ReadAction\",\"target\":[\"https:\/\/vaninahenry.com\/produkt\/chaise-a\/\"]}]},{\"@type\":\"ImageObject\",\"inLanguage\":\"de\",\"@id\":\"https:\/\/vaninahenry.com\/produkt\/chaise-a\/#primaryimage\",\"url\":\"https:\/\/vaninahenry.com\/wp-content\/uploads\/2021\/07\/2021_04_TOLIX-Karlsruhe621-JMauloubier_B.jpeg\",\"contentUrl\":\"https:\/\/vaninahenry.com\/wp-content\/uploads\/2021\/07\/2021_04_TOLIX-Karlsruhe621-JMauloubier_B.jpeg\",\"width\":934,\"height\":1400},{\"@type\":\"BreadcrumbList\",\"@id\":\"https:\/\/vaninahenry.com\/produkt\/chaise-a\/#breadcrumb\",\"itemListElement\":[{\"@type\":\"ListItem\",\"position\":1,\"name\":\"Accueil\",\"item\":\"https:\/\/vaninahenry.com\/de\/\"},{\"@type\":\"ListItem\",\"position\":2,\"name\":\"Shop\",\"item\":\"https:\/\/vaninahenry.com\/boutique\/\"},{\"@type\":\"ListItem\",\"position\":3,\"name\":\"Chaise A\"}]},{\"@type\":\"WebSite\",\"@id\":\"https:\/\/vaninahenry.com\/#website\",\"url\":\"https:\/\/vaninahenry.com\/\",\"name\":\"Vanina Henry\",\"description\":\"\",\"publisher\":{\"@id\":\"https:\/\/vaninahenry.com\/#organization\"},\"potentialAction\":[{\"@type\":\"SearchAction\",\"target\":{\"@type\":\"EntryPoint\",\"urlTemplate\":\"https:\/\/vaninahenry.com\/?s={search_term_string}\"},\"query-input\":{\"@type\":\"PropertyValueSpecification\",\"valueRequired\":true,\"valueName\":\"search_term_string\"}}],\"inLanguage\":\"de\"},{\"@type\":\"Organization\",\"@id\":\"https:\/\/vaninahenry.com\/#organization\",\"name\":\"Vanina Henry\",\"url\":\"https:\/\/vaninahenry.com\/\",\"logo\":{\"@type\":\"ImageObject\",\"inLanguage\":\"de\",\"@id\":\"https:\/\/vaninahenry.com\/#\/schema\/logo\/image\/\",\"url\":\"http:\/\/vaninahenry.com\/wp-content\/uploads\/2021\/10\/Logo-design-by-VaninaHenry.png\",\"contentUrl\":\"http:\/\/vaninahenry.com\/wp-content\/uploads\/2021\/10\/Logo-design-by-VaninaHenry.png\",\"width\":711,\"height\":467,\"caption\":\"Vanina Henry\"},\"image\":{\"@id\":\"https:\/\/vaninahenry.com\/#\/schema\/logo\/image\/\"},\"sameAs\":[\"https:\/\/www.facebook.com\/designbyvaninahenry\",\"https:\/\/www.instagram.com\/vaninahenry\/\"]}]}<\/script>\n<!-- \/ Yoast SEO plugin. -->","yoast_head_json":{"title":"Chaise A - Vanina Henry","robots":{"index":"index","follow":"follow","max-snippet":"max-snippet:-1","max-image-preview":"max-image-preview:large","max-video-preview":"max-video-preview:-1"},"canonical":"https:\/\/vaninahenry.com\/produkt\/chaise-a\/","og_locale":"de_DE","og_type":"article","og_title":"Chaise A - Vanina Henry","og_description":"Stuhl A kann im Innen- und Au\u00dfenbereich verwendet werden.  Abmessungen: Breite 44 cm, Tiefe 51,4 cm, H\u00f6he 85 cm.  F\u00fcr maximalen Komfort, w\u00e4hlen Sie eine Galette zu Ihrem Stuhl.  Wenn Sie andere Farben ben\u00f6tigen, bitte Kontaktieren Sie uns!   Erfahren Sie mehr \u00fcber TOLIX","og_url":"https:\/\/vaninahenry.com\/produkt\/chaise-a\/","og_site_name":"Vanina Henry","article_publisher":"https:\/\/www.facebook.com\/designbyvaninahenry","article_modified_time":"2021-12-06T14:11:11+00:00","og_image":[{"width":934,"height":1400,"url":"https:\/\/vaninahenry.com\/wp-content\/uploads\/2021\/07\/2021_04_TOLIX-Karlsruhe621-JMauloubier_B.jpeg","type":"image\/jpeg"}],"twitter_card":"summary_large_image","schema":{"@context":"https:\/\/schema.org","@graph":[{"@type":"WebPage","@id":"https:\/\/vaninahenry.com\/produkt\/chaise-a\/","url":"https:\/\/vaninahenry.com\/produkt\/chaise-a\/","name":"Chaise A - Vanina Henry","isPartOf":{"@id":"https:\/\/vaninahenry.com\/#website"},"primaryImageOfPage":{"@id":"https:\/\/vaninahenry.com\/produkt\/chaise-a\/#primaryimage"},"image":{"@id":"https:\/\/vaninahenry.com\/produkt\/chaise-a\/#primaryimage"},"thumbnailUrl":"https:\/\/vaninahenry.com\/wp-content\/uploads\/2021\/07\/2021_04_TOLIX-Karlsruhe621-JMauloubier_B.jpeg","datePublished":"2021-07-29T15:07:10+00:00","dateModified":"2021-12-06T14:11:11+00:00","breadcrumb":{"@id":"https:\/\/vaninahenry.com\/produkt\/chaise-a\/#breadcrumb"},"inLanguage":"de","potentialAction":[{"@type":"ReadAction","target":["https:\/\/vaninahenry.com\/produkt\/chaise-a\/"]}]},{"@type":"ImageObject","inLanguage":"de","@id":"https:\/\/vaninahenry.com\/produkt\/chaise-a\/#primaryimage","url":"https:\/\/vaninahenry.com\/wp-content\/uploads\/2021\/07\/2021_04_TOLIX-Karlsruhe621-JMauloubier_B.jpeg","contentUrl":"https:\/\/vaninahenry.com\/wp-content\/uploads\/2021\/07\/2021_04_TOLIX-Karlsruhe621-JMauloubier_B.jpeg","width":934,"height":1400},{"@type":"BreadcrumbList","@id":"https:\/\/vaninahenry.com\/produkt\/chaise-a\/#breadcrumb","itemListElement":[{"@type":"ListItem","position":1,"name":"Accueil","item":"https:\/\/vaninahenry.com\/de\/"},{"@type":"ListItem","position":2,"name":"Shop","item":"https:\/\/vaninahenry.com\/boutique\/"},{"@type":"ListItem","position":3,"name":"Chaise A"}]},{"@type":"WebSite","@id":"https:\/\/vaninahenry.com\/#website","url":"https:\/\/vaninahenry.com\/","name":"Vanina Henry","description":"","publisher":{"@id":"https:\/\/vaninahenry.com\/#organization"},"potentialAction":[{"@type":"SearchAction","target":{"@type":"EntryPoint","urlTemplate":"https:\/\/vaninahenry.com\/?s={search_term_string}"},"query-input":{"@type":"PropertyValueSpecification","valueRequired":true,"valueName":"search_term_string"}}],"inLanguage":"de"},{"@type":"Organization","@id":"https:\/\/vaninahenry.com\/#organization","name":"Vanina Henry","url":"https:\/\/vaninahenry.com\/","logo":{"@type":"ImageObject","inLanguage":"de","@id":"https:\/\/vaninahenry.com\/#\/schema\/logo\/image\/","url":"http:\/\/vaninahenry.com\/wp-content\/uploads\/2021\/10\/Logo-design-by-VaninaHenry.png","contentUrl":"http:\/\/vaninahenry.com\/wp-content\/uploads\/2021\/10\/Logo-design-by-VaninaHenry.png","width":711,"height":467,"caption":"Vanina Henry"},"image":{"@id":"https:\/\/vaninahenry.com\/#\/schema\/logo\/image\/"},"sameAs":["https:\/\/www.facebook.com\/designbyvaninahenry","https:\/\/www.instagram.com\/vaninahenry\/"]}]}},"_links":{"self":[{"href":"https:\/\/vaninahenry.com\/de\/wp-json\/wp\/v2\/product\/35910","targetHints":{"allow":["GET"]}}],"collection":[{"href":"https:\/\/vaninahenry.com\/de\/wp-json\/wp\/v2\/product"}],"about":[{"href":"https:\/\/vaninahenry.com\/de\/wp-json\/wp\/v2\/types\/product"}],"wp:featuredmedia":[{"embeddable":true,"href":"https:\/\/vaninahenry.com\/de\/wp-json\/wp\/v2\/media\/53517"}],"wp:attachment":[{"href":"https:\/\/vaninahenry.com\/de\/wp-json\/wp\/v2\/media?parent=35910"}],"wp:term":[{"taxonomy":"product_brand","embeddable":true,"href":"https:\/\/vaninahenry.com\/de\/wp-json\/wp\/v2\/product_brand?post=35910"},{"taxonomy":"product_cat","embeddable":true,"href":"https:\/\/vaninahenry.com\/de\/wp-json\/wp\/v2\/product_cat?post=35910"},{"taxonomy":"product_tag","embeddable":true,"href":"https:\/\/vaninahenry.com\/de\/wp-json\/wp\/v2\/product_tag?post=35910"}],"curies":[{"name":"wp","href":"https:\/\/api.w.org\/{rel}","templated":true}]}}