{"id":35448,"date":"2021-09-08T15:06:47","date_gmt":"2021-09-08T13:06:52","guid":{"rendered":"https:\/\/hloccfq.cluster031.hosting.ovh.net\/?post_type=product&#038;p=35448"},"modified":"2021-10-13T15:24:35","modified_gmt":"2021-10-13T13:24:35","slug":"kostenlose-farbkarte","status":"publish","type":"product","link":"https:\/\/vaninahenry.com\/de\/produkt\/kostenlose-farbkarte\/","title":{"rendered":"Kostenlose Farbkarte"},"content":{"rendered":"","protected":false},"excerpt":{"rendered":"<p>Die un\u00fcbertroffene <span style=\"color: #9a7541;\">Farrow &amp; Ball<\/span>-Farbkarte mit 132 Farbt\u00f6nen ist ein idealer Ausgangspunkt f\u00fcr Ihre Renovierungsprojekte. Neben Farbchips, die aus unseren echten Farben hergestellt wurden, enth\u00e4lt es die faszinierenden Geschichten hinter jedem unserer Farbt\u00f6ne sowie praktische Ratschl\u00e4ge zur Anwendung, zur Wahl der richtigen Grundierung und des richtigen Voranstrichs oder Finishs f\u00fcr Ihr spezielles Projekt.<\/p>\n","protected":false},"featured_media":57978,"template":"","meta":{"_acf_changed":false,"inline_featured_image":false},"product_brand":[],"product_cat":[312],"product_tag":[],"class_list":{"0":"post-35448","1":"product","2":"type-product","3":"status-publish","4":"has-post-thumbnail","6":"product_cat-farben","8":"first","9":"instock","10":"taxable","11":"shipping-taxable","12":"purchasable","13":"product-type-variable"},"acf":[],"yoast_head":"<!-- This site is optimized with the Yoast SEO plugin v26.7 - https:\/\/yoast.com\/wordpress\/plugins\/seo\/ -->\n<title>Kostenlose Farbkarte - Vanina Henry<\/title>\n<meta name=\"robots\" content=\"index, follow, max-snippet:-1, max-image-preview:large, max-video-preview:-1\" \/>\n<link rel=\"canonical\" href=\"https:\/\/vaninahenry.com\/produkt\/nuancier-gratuits\/\" \/>\n<meta property=\"og:locale\" content=\"de_DE\" \/>\n<meta property=\"og:type\" content=\"article\" \/>\n<meta property=\"og:title\" content=\"Kostenlose Farbkarte - Vanina Henry\" \/>\n<meta property=\"og:description\" content=\"Die un\u00fcbertroffene Farrow &amp; Ball-Farbkarte mit 132 Farbt\u00f6nen ist ein idealer Ausgangspunkt f\u00fcr Ihre Renovierungsprojekte. Neben Farbchips, die aus unseren echten Farben hergestellt wurden, enth\u00e4lt es die faszinierenden Geschichten hinter jedem unserer Farbt\u00f6ne sowie praktische Ratschl\u00e4ge zur Anwendung, zur Wahl der richtigen Grundierung und des richtigen Voranstrichs oder Finishs f\u00fcr Ihr spezielles Projekt.\" \/>\n<meta property=\"og:url\" content=\"https:\/\/vaninahenry.com\/produkt\/nuancier-gratuits\/\" \/>\n<meta property=\"og:site_name\" content=\"Vanina Henry\" \/>\n<meta property=\"article:publisher\" content=\"https:\/\/www.facebook.com\/designbyvaninahenry\" \/>\n<meta property=\"article:modified_time\" content=\"2021-10-13T13:24:35+00:00\" \/>\n<meta property=\"og:image\" content=\"https:\/\/vaninahenry.com\/wp-content\/uploads\/2021\/09\/colour-card-swirl-image-3.jpg\" \/>\n\t<meta property=\"og:image:width\" content=\"888\" \/>\n\t<meta property=\"og:image:height\" content=\"1400\" \/>\n\t<meta property=\"og:image:type\" content=\"image\/jpeg\" \/>\n<meta name=\"twitter:card\" content=\"summary_large_image\" \/>\n<script type=\"application\/ld+json\" class=\"yoast-schema-graph\">{\"@context\":\"https:\/\/schema.org\",\"@graph\":[{\"@type\":\"WebPage\",\"@id\":\"https:\/\/vaninahenry.com\/produkt\/nuancier-gratuits\/\",\"url\":\"https:\/\/vaninahenry.com\/produkt\/nuancier-gratuits\/\",\"name\":\"Kostenlose Farbkarte - Vanina Henry\",\"isPartOf\":{\"@id\":\"https:\/\/vaninahenry.com\/#website\"},\"primaryImageOfPage\":{\"@id\":\"https:\/\/vaninahenry.com\/produkt\/nuancier-gratuits\/#primaryimage\"},\"image\":{\"@id\":\"https:\/\/vaninahenry.com\/produkt\/nuancier-gratuits\/#primaryimage\"},\"thumbnailUrl\":\"https:\/\/vaninahenry.com\/wp-content\/uploads\/2021\/09\/colour-card-swirl-image-3.jpg\",\"datePublished\":\"2021-09-08T13:06:52+00:00\",\"dateModified\":\"2021-10-13T13:24:35+00:00\",\"breadcrumb\":{\"@id\":\"https:\/\/vaninahenry.com\/produkt\/nuancier-gratuits\/#breadcrumb\"},\"inLanguage\":\"de\",\"potentialAction\":[{\"@type\":\"ReadAction\",\"target\":[\"https:\/\/vaninahenry.com\/produkt\/nuancier-gratuits\/\"]}]},{\"@type\":\"ImageObject\",\"inLanguage\":\"de\",\"@id\":\"https:\/\/vaninahenry.com\/produkt\/nuancier-gratuits\/#primaryimage\",\"url\":\"https:\/\/vaninahenry.com\/wp-content\/uploads\/2021\/09\/colour-card-swirl-image-3.jpg\",\"contentUrl\":\"https:\/\/vaninahenry.com\/wp-content\/uploads\/2021\/09\/colour-card-swirl-image-3.jpg\",\"width\":888,\"height\":1400},{\"@type\":\"BreadcrumbList\",\"@id\":\"https:\/\/vaninahenry.com\/produkt\/nuancier-gratuits\/#breadcrumb\",\"itemListElement\":[{\"@type\":\"ListItem\",\"position\":1,\"name\":\"Accueil\",\"item\":\"https:\/\/vaninahenry.com\/de\/\"},{\"@type\":\"ListItem\",\"position\":2,\"name\":\"Shop\",\"item\":\"https:\/\/vaninahenry.com\/boutique\/\"},{\"@type\":\"ListItem\",\"position\":3,\"name\":\"Kostenlose Farbkarte\"}]},{\"@type\":\"WebSite\",\"@id\":\"https:\/\/vaninahenry.com\/#website\",\"url\":\"https:\/\/vaninahenry.com\/\",\"name\":\"Vanina Henry\",\"description\":\"\",\"publisher\":{\"@id\":\"https:\/\/vaninahenry.com\/#organization\"},\"potentialAction\":[{\"@type\":\"SearchAction\",\"target\":{\"@type\":\"EntryPoint\",\"urlTemplate\":\"https:\/\/vaninahenry.com\/?s={search_term_string}\"},\"query-input\":{\"@type\":\"PropertyValueSpecification\",\"valueRequired\":true,\"valueName\":\"search_term_string\"}}],\"inLanguage\":\"de\"},{\"@type\":\"Organization\",\"@id\":\"https:\/\/vaninahenry.com\/#organization\",\"name\":\"Vanina Henry\",\"url\":\"https:\/\/vaninahenry.com\/\",\"logo\":{\"@type\":\"ImageObject\",\"inLanguage\":\"de\",\"@id\":\"https:\/\/vaninahenry.com\/#\/schema\/logo\/image\/\",\"url\":\"http:\/\/vaninahenry.com\/wp-content\/uploads\/2021\/10\/Logo-design-by-VaninaHenry.png\",\"contentUrl\":\"http:\/\/vaninahenry.com\/wp-content\/uploads\/2021\/10\/Logo-design-by-VaninaHenry.png\",\"width\":711,\"height\":467,\"caption\":\"Vanina Henry\"},\"image\":{\"@id\":\"https:\/\/vaninahenry.com\/#\/schema\/logo\/image\/\"},\"sameAs\":[\"https:\/\/www.facebook.com\/designbyvaninahenry\",\"https:\/\/www.instagram.com\/vaninahenry\/\"]}]}<\/script>\n<!-- \/ Yoast SEO plugin. -->","yoast_head_json":{"title":"Kostenlose Farbkarte - Vanina Henry","robots":{"index":"index","follow":"follow","max-snippet":"max-snippet:-1","max-image-preview":"max-image-preview:large","max-video-preview":"max-video-preview:-1"},"canonical":"https:\/\/vaninahenry.com\/produkt\/nuancier-gratuits\/","og_locale":"de_DE","og_type":"article","og_title":"Kostenlose Farbkarte - Vanina Henry","og_description":"Die un\u00fcbertroffene Farrow &amp; Ball-Farbkarte mit 132 Farbt\u00f6nen ist ein idealer Ausgangspunkt f\u00fcr Ihre Renovierungsprojekte. Neben Farbchips, die aus unseren echten Farben hergestellt wurden, enth\u00e4lt es die faszinierenden Geschichten hinter jedem unserer Farbt\u00f6ne sowie praktische Ratschl\u00e4ge zur Anwendung, zur Wahl der richtigen Grundierung und des richtigen Voranstrichs oder Finishs f\u00fcr Ihr spezielles Projekt.","og_url":"https:\/\/vaninahenry.com\/produkt\/nuancier-gratuits\/","og_site_name":"Vanina Henry","article_publisher":"https:\/\/www.facebook.com\/designbyvaninahenry","article_modified_time":"2021-10-13T13:24:35+00:00","og_image":[{"width":888,"height":1400,"url":"https:\/\/vaninahenry.com\/wp-content\/uploads\/2021\/09\/colour-card-swirl-image-3.jpg","type":"image\/jpeg"}],"twitter_card":"summary_large_image","schema":{"@context":"https:\/\/schema.org","@graph":[{"@type":"WebPage","@id":"https:\/\/vaninahenry.com\/produkt\/nuancier-gratuits\/","url":"https:\/\/vaninahenry.com\/produkt\/nuancier-gratuits\/","name":"Kostenlose Farbkarte - Vanina Henry","isPartOf":{"@id":"https:\/\/vaninahenry.com\/#website"},"primaryImageOfPage":{"@id":"https:\/\/vaninahenry.com\/produkt\/nuancier-gratuits\/#primaryimage"},"image":{"@id":"https:\/\/vaninahenry.com\/produkt\/nuancier-gratuits\/#primaryimage"},"thumbnailUrl":"https:\/\/vaninahenry.com\/wp-content\/uploads\/2021\/09\/colour-card-swirl-image-3.jpg","datePublished":"2021-09-08T13:06:52+00:00","dateModified":"2021-10-13T13:24:35+00:00","breadcrumb":{"@id":"https:\/\/vaninahenry.com\/produkt\/nuancier-gratuits\/#breadcrumb"},"inLanguage":"de","potentialAction":[{"@type":"ReadAction","target":["https:\/\/vaninahenry.com\/produkt\/nuancier-gratuits\/"]}]},{"@type":"ImageObject","inLanguage":"de","@id":"https:\/\/vaninahenry.com\/produkt\/nuancier-gratuits\/#primaryimage","url":"https:\/\/vaninahenry.com\/wp-content\/uploads\/2021\/09\/colour-card-swirl-image-3.jpg","contentUrl":"https:\/\/vaninahenry.com\/wp-content\/uploads\/2021\/09\/colour-card-swirl-image-3.jpg","width":888,"height":1400},{"@type":"BreadcrumbList","@id":"https:\/\/vaninahenry.com\/produkt\/nuancier-gratuits\/#breadcrumb","itemListElement":[{"@type":"ListItem","position":1,"name":"Accueil","item":"https:\/\/vaninahenry.com\/de\/"},{"@type":"ListItem","position":2,"name":"Shop","item":"https:\/\/vaninahenry.com\/boutique\/"},{"@type":"ListItem","position":3,"name":"Kostenlose Farbkarte"}]},{"@type":"WebSite","@id":"https:\/\/vaninahenry.com\/#website","url":"https:\/\/vaninahenry.com\/","name":"Vanina Henry","description":"","publisher":{"@id":"https:\/\/vaninahenry.com\/#organization"},"potentialAction":[{"@type":"SearchAction","target":{"@type":"EntryPoint","urlTemplate":"https:\/\/vaninahenry.com\/?s={search_term_string}"},"query-input":{"@type":"PropertyValueSpecification","valueRequired":true,"valueName":"search_term_string"}}],"inLanguage":"de"},{"@type":"Organization","@id":"https:\/\/vaninahenry.com\/#organization","name":"Vanina Henry","url":"https:\/\/vaninahenry.com\/","logo":{"@type":"ImageObject","inLanguage":"de","@id":"https:\/\/vaninahenry.com\/#\/schema\/logo\/image\/","url":"http:\/\/vaninahenry.com\/wp-content\/uploads\/2021\/10\/Logo-design-by-VaninaHenry.png","contentUrl":"http:\/\/vaninahenry.com\/wp-content\/uploads\/2021\/10\/Logo-design-by-VaninaHenry.png","width":711,"height":467,"caption":"Vanina Henry"},"image":{"@id":"https:\/\/vaninahenry.com\/#\/schema\/logo\/image\/"},"sameAs":["https:\/\/www.facebook.com\/designbyvaninahenry","https:\/\/www.instagram.com\/vaninahenry\/"]}]}},"_links":{"self":[{"href":"https:\/\/vaninahenry.com\/de\/wp-json\/wp\/v2\/product\/35448","targetHints":{"allow":["GET"]}}],"collection":[{"href":"https:\/\/vaninahenry.com\/de\/wp-json\/wp\/v2\/product"}],"about":[{"href":"https:\/\/vaninahenry.com\/de\/wp-json\/wp\/v2\/types\/product"}],"wp:featuredmedia":[{"embeddable":true,"href":"https:\/\/vaninahenry.com\/de\/wp-json\/wp\/v2\/media\/57978"}],"wp:attachment":[{"href":"https:\/\/vaninahenry.com\/de\/wp-json\/wp\/v2\/media?parent=35448"}],"wp:term":[{"taxonomy":"product_brand","embeddable":true,"href":"https:\/\/vaninahenry.com\/de\/wp-json\/wp\/v2\/product_brand?post=35448"},{"taxonomy":"product_cat","embeddable":true,"href":"https:\/\/vaninahenry.com\/de\/wp-json\/wp\/v2\/product_cat?post=35448"},{"taxonomy":"product_tag","embeddable":true,"href":"https:\/\/vaninahenry.com\/de\/wp-json\/wp\/v2\/product_tag?post=35448"}],"curies":[{"name":"wp","href":"https:\/\/api.w.org\/{rel}","templated":true}]}}