{"id":35347,"date":"2021-09-08T10:19:28","date_gmt":"2021-09-08T08:19:28","guid":{"rendered":"https:\/\/hloccfq.cluster031.hosting.ovh.net\/?post_type=product&#038;p=35347"},"modified":"2021-09-08T12:15:55","modified_gmt":"2021-09-08T10:15:55","slug":"orac-decor","status":"publish","type":"product","link":"https:\/\/vaninahenry.com\/de\/produkt\/orac-decor\/","title":{"rendered":"Orac Decor"},"content":{"rendered":"","protected":false},"excerpt":{"rendered":"<p><span style=\"color: #9a7541;\">DEMN\u00c4CHST ONLINE!<\/span><\/p>\n<p><span style=\"color: #9a7541;\">Orac Decor<\/span>\u00a0bietet Gesimse, Sockelleisten, Bilderleisten, 3D-Wandverkleidungen, indirekte Beleuchtung und dekorative Elemente. Ihrer Verwendung sind keine Grenzen gesetzt, und sie k\u00f6nnen zur Gestaltung eleganter und einzigartiger Innenr\u00e4ume verwendet werden. Klassischer oder moderner Effekt, alles ist m\u00f6glich.<\/p>\n<p>Jedes ORAC-St\u00fcck wird in 200 cm langen Einheiten verkauft und besteht aus Duropolymer\u00ae, einem sto\u00dffesten, extrudierten Polymer auf der Grundlage einer Mischung aus Polystyrol hoher Dichte.<\/p>\n<p>&nbsp;<\/p>\n<p><span style=\"color: #9a7541;\">Vanina Henry <\/span>ber\u00e4t Sie in ihrem Showroom<\/p>\n<p><span style=\"color: #9a7541;\"><a style=\"color: #9a7541;\" href=\"https:\/\/vaninahenry.com\/contact\/?lang=de\">EINEN TERMIN VEREINBAREN<\/a><\/span><\/p>\n<p>&nbsp;<\/p>\n","protected":false},"featured_media":53439,"template":"","meta":{"_acf_changed":false,"inline_featured_image":false},"product_brand":[],"product_cat":[2485],"product_tag":[],"class_list":{"0":"post-35347","1":"product","2":"type-product","3":"status-publish","4":"has-post-thumbnail","6":"product_cat-wall-decor-de","8":"first","9":"instock","10":"taxable","11":"shipping-taxable","12":"product-type-simple"},"acf":[],"yoast_head":"<!-- This site is optimized with the Yoast SEO plugin v26.7 - https:\/\/yoast.com\/wordpress\/plugins\/seo\/ -->\n<title>Orac Decor - Vanina Henry<\/title>\n<meta name=\"robots\" content=\"index, follow, max-snippet:-1, max-image-preview:large, max-video-preview:-1\" \/>\n<link rel=\"canonical\" href=\"https:\/\/vaninahenry.com\/produkt\/orac-decor\/\" \/>\n<meta property=\"og:locale\" content=\"de_DE\" \/>\n<meta property=\"og:type\" content=\"article\" \/>\n<meta property=\"og:title\" content=\"Orac Decor - Vanina Henry\" \/>\n<meta property=\"og:description\" content=\"DEMN\u00c4CHST ONLINE!  Orac Decor\u00a0bietet Gesimse, Sockelleisten, Bilderleisten, 3D-Wandverkleidungen, indirekte Beleuchtung und dekorative Elemente. Ihrer Verwendung sind keine Grenzen gesetzt, und sie k\u00f6nnen zur Gestaltung eleganter und einzigartiger Innenr\u00e4ume verwendet werden. Klassischer oder moderner Effekt, alles ist m\u00f6glich.  Jedes ORAC-St\u00fcck wird in 200 cm langen Einheiten verkauft und besteht aus Duropolymer\u00ae, einem sto\u00dffesten, extrudierten Polymer auf der Grundlage einer Mischung aus Polystyrol hoher Dichte.  &nbsp;  Vanina Henry ber\u00e4t Sie in ihrem Showroom  EINEN TERMIN VEREINBAREN  &nbsp;\" \/>\n<meta property=\"og:url\" content=\"https:\/\/vaninahenry.com\/produkt\/orac-decor\/\" \/>\n<meta property=\"og:site_name\" content=\"Vanina Henry\" \/>\n<meta property=\"article:publisher\" content=\"https:\/\/www.facebook.com\/designbyvaninahenry\" \/>\n<meta property=\"article:modified_time\" content=\"2021-09-08T10:15:55+00:00\" \/>\n<meta property=\"og:image\" content=\"https:\/\/vaninahenry.com\/wp-content\/uploads\/2021\/09\/ORAC_DECOR_Casa_Decor_2019_018_B.jpeg\" \/>\n\t<meta property=\"og:image:width\" content=\"878\" \/>\n\t<meta property=\"og:image:height\" content=\"1185\" \/>\n\t<meta property=\"og:image:type\" content=\"image\/jpeg\" \/>\n<meta name=\"twitter:card\" content=\"summary_large_image\" \/>\n<script type=\"application\/ld+json\" class=\"yoast-schema-graph\">{\"@context\":\"https:\/\/schema.org\",\"@graph\":[{\"@type\":\"WebPage\",\"@id\":\"https:\/\/vaninahenry.com\/produkt\/orac-decor\/\",\"url\":\"https:\/\/vaninahenry.com\/produkt\/orac-decor\/\",\"name\":\"Orac Decor - Vanina Henry\",\"isPartOf\":{\"@id\":\"https:\/\/vaninahenry.com\/#website\"},\"primaryImageOfPage\":{\"@id\":\"https:\/\/vaninahenry.com\/produkt\/orac-decor\/#primaryimage\"},\"image\":{\"@id\":\"https:\/\/vaninahenry.com\/produkt\/orac-decor\/#primaryimage\"},\"thumbnailUrl\":\"https:\/\/vaninahenry.com\/wp-content\/uploads\/2021\/09\/ORAC_DECOR_Casa_Decor_2019_018_B.jpeg\",\"datePublished\":\"2021-09-08T08:19:28+00:00\",\"dateModified\":\"2021-09-08T10:15:55+00:00\",\"breadcrumb\":{\"@id\":\"https:\/\/vaninahenry.com\/produkt\/orac-decor\/#breadcrumb\"},\"inLanguage\":\"de\",\"potentialAction\":[{\"@type\":\"ReadAction\",\"target\":[\"https:\/\/vaninahenry.com\/produkt\/orac-decor\/\"]}]},{\"@type\":\"ImageObject\",\"inLanguage\":\"de\",\"@id\":\"https:\/\/vaninahenry.com\/produkt\/orac-decor\/#primaryimage\",\"url\":\"https:\/\/vaninahenry.com\/wp-content\/uploads\/2021\/09\/ORAC_DECOR_Casa_Decor_2019_018_B.jpeg\",\"contentUrl\":\"https:\/\/vaninahenry.com\/wp-content\/uploads\/2021\/09\/ORAC_DECOR_Casa_Decor_2019_018_B.jpeg\",\"width\":878,\"height\":1185},{\"@type\":\"BreadcrumbList\",\"@id\":\"https:\/\/vaninahenry.com\/produkt\/orac-decor\/#breadcrumb\",\"itemListElement\":[{\"@type\":\"ListItem\",\"position\":1,\"name\":\"Accueil\",\"item\":\"https:\/\/vaninahenry.com\/de\/\"},{\"@type\":\"ListItem\",\"position\":2,\"name\":\"Shop\",\"item\":\"https:\/\/vaninahenry.com\/boutique\/\"},{\"@type\":\"ListItem\",\"position\":3,\"name\":\"Orac Decor\"}]},{\"@type\":\"WebSite\",\"@id\":\"https:\/\/vaninahenry.com\/#website\",\"url\":\"https:\/\/vaninahenry.com\/\",\"name\":\"Vanina Henry\",\"description\":\"\",\"publisher\":{\"@id\":\"https:\/\/vaninahenry.com\/#organization\"},\"potentialAction\":[{\"@type\":\"SearchAction\",\"target\":{\"@type\":\"EntryPoint\",\"urlTemplate\":\"https:\/\/vaninahenry.com\/?s={search_term_string}\"},\"query-input\":{\"@type\":\"PropertyValueSpecification\",\"valueRequired\":true,\"valueName\":\"search_term_string\"}}],\"inLanguage\":\"de\"},{\"@type\":\"Organization\",\"@id\":\"https:\/\/vaninahenry.com\/#organization\",\"name\":\"Vanina Henry\",\"url\":\"https:\/\/vaninahenry.com\/\",\"logo\":{\"@type\":\"ImageObject\",\"inLanguage\":\"de\",\"@id\":\"https:\/\/vaninahenry.com\/#\/schema\/logo\/image\/\",\"url\":\"http:\/\/vaninahenry.com\/wp-content\/uploads\/2021\/10\/Logo-design-by-VaninaHenry.png\",\"contentUrl\":\"http:\/\/vaninahenry.com\/wp-content\/uploads\/2021\/10\/Logo-design-by-VaninaHenry.png\",\"width\":711,\"height\":467,\"caption\":\"Vanina Henry\"},\"image\":{\"@id\":\"https:\/\/vaninahenry.com\/#\/schema\/logo\/image\/\"},\"sameAs\":[\"https:\/\/www.facebook.com\/designbyvaninahenry\",\"https:\/\/www.instagram.com\/vaninahenry\/\"]}]}<\/script>\n<!-- \/ Yoast SEO plugin. -->","yoast_head_json":{"title":"Orac Decor - Vanina Henry","robots":{"index":"index","follow":"follow","max-snippet":"max-snippet:-1","max-image-preview":"max-image-preview:large","max-video-preview":"max-video-preview:-1"},"canonical":"https:\/\/vaninahenry.com\/produkt\/orac-decor\/","og_locale":"de_DE","og_type":"article","og_title":"Orac Decor - Vanina Henry","og_description":"DEMN\u00c4CHST ONLINE!  Orac Decor\u00a0bietet Gesimse, Sockelleisten, Bilderleisten, 3D-Wandverkleidungen, indirekte Beleuchtung und dekorative Elemente. Ihrer Verwendung sind keine Grenzen gesetzt, und sie k\u00f6nnen zur Gestaltung eleganter und einzigartiger Innenr\u00e4ume verwendet werden. Klassischer oder moderner Effekt, alles ist m\u00f6glich.  Jedes ORAC-St\u00fcck wird in 200 cm langen Einheiten verkauft und besteht aus Duropolymer\u00ae, einem sto\u00dffesten, extrudierten Polymer auf der Grundlage einer Mischung aus Polystyrol hoher Dichte.  &nbsp;  Vanina Henry ber\u00e4t Sie in ihrem Showroom  EINEN TERMIN VEREINBAREN  &nbsp;","og_url":"https:\/\/vaninahenry.com\/produkt\/orac-decor\/","og_site_name":"Vanina Henry","article_publisher":"https:\/\/www.facebook.com\/designbyvaninahenry","article_modified_time":"2021-09-08T10:15:55+00:00","og_image":[{"width":878,"height":1185,"url":"https:\/\/vaninahenry.com\/wp-content\/uploads\/2021\/09\/ORAC_DECOR_Casa_Decor_2019_018_B.jpeg","type":"image\/jpeg"}],"twitter_card":"summary_large_image","schema":{"@context":"https:\/\/schema.org","@graph":[{"@type":"WebPage","@id":"https:\/\/vaninahenry.com\/produkt\/orac-decor\/","url":"https:\/\/vaninahenry.com\/produkt\/orac-decor\/","name":"Orac Decor - Vanina Henry","isPartOf":{"@id":"https:\/\/vaninahenry.com\/#website"},"primaryImageOfPage":{"@id":"https:\/\/vaninahenry.com\/produkt\/orac-decor\/#primaryimage"},"image":{"@id":"https:\/\/vaninahenry.com\/produkt\/orac-decor\/#primaryimage"},"thumbnailUrl":"https:\/\/vaninahenry.com\/wp-content\/uploads\/2021\/09\/ORAC_DECOR_Casa_Decor_2019_018_B.jpeg","datePublished":"2021-09-08T08:19:28+00:00","dateModified":"2021-09-08T10:15:55+00:00","breadcrumb":{"@id":"https:\/\/vaninahenry.com\/produkt\/orac-decor\/#breadcrumb"},"inLanguage":"de","potentialAction":[{"@type":"ReadAction","target":["https:\/\/vaninahenry.com\/produkt\/orac-decor\/"]}]},{"@type":"ImageObject","inLanguage":"de","@id":"https:\/\/vaninahenry.com\/produkt\/orac-decor\/#primaryimage","url":"https:\/\/vaninahenry.com\/wp-content\/uploads\/2021\/09\/ORAC_DECOR_Casa_Decor_2019_018_B.jpeg","contentUrl":"https:\/\/vaninahenry.com\/wp-content\/uploads\/2021\/09\/ORAC_DECOR_Casa_Decor_2019_018_B.jpeg","width":878,"height":1185},{"@type":"BreadcrumbList","@id":"https:\/\/vaninahenry.com\/produkt\/orac-decor\/#breadcrumb","itemListElement":[{"@type":"ListItem","position":1,"name":"Accueil","item":"https:\/\/vaninahenry.com\/de\/"},{"@type":"ListItem","position":2,"name":"Shop","item":"https:\/\/vaninahenry.com\/boutique\/"},{"@type":"ListItem","position":3,"name":"Orac Decor"}]},{"@type":"WebSite","@id":"https:\/\/vaninahenry.com\/#website","url":"https:\/\/vaninahenry.com\/","name":"Vanina Henry","description":"","publisher":{"@id":"https:\/\/vaninahenry.com\/#organization"},"potentialAction":[{"@type":"SearchAction","target":{"@type":"EntryPoint","urlTemplate":"https:\/\/vaninahenry.com\/?s={search_term_string}"},"query-input":{"@type":"PropertyValueSpecification","valueRequired":true,"valueName":"search_term_string"}}],"inLanguage":"de"},{"@type":"Organization","@id":"https:\/\/vaninahenry.com\/#organization","name":"Vanina Henry","url":"https:\/\/vaninahenry.com\/","logo":{"@type":"ImageObject","inLanguage":"de","@id":"https:\/\/vaninahenry.com\/#\/schema\/logo\/image\/","url":"http:\/\/vaninahenry.com\/wp-content\/uploads\/2021\/10\/Logo-design-by-VaninaHenry.png","contentUrl":"http:\/\/vaninahenry.com\/wp-content\/uploads\/2021\/10\/Logo-design-by-VaninaHenry.png","width":711,"height":467,"caption":"Vanina Henry"},"image":{"@id":"https:\/\/vaninahenry.com\/#\/schema\/logo\/image\/"},"sameAs":["https:\/\/www.facebook.com\/designbyvaninahenry","https:\/\/www.instagram.com\/vaninahenry\/"]}]}},"_links":{"self":[{"href":"https:\/\/vaninahenry.com\/de\/wp-json\/wp\/v2\/product\/35347","targetHints":{"allow":["GET"]}}],"collection":[{"href":"https:\/\/vaninahenry.com\/de\/wp-json\/wp\/v2\/product"}],"about":[{"href":"https:\/\/vaninahenry.com\/de\/wp-json\/wp\/v2\/types\/product"}],"wp:featuredmedia":[{"embeddable":true,"href":"https:\/\/vaninahenry.com\/de\/wp-json\/wp\/v2\/media\/53439"}],"wp:attachment":[{"href":"https:\/\/vaninahenry.com\/de\/wp-json\/wp\/v2\/media?parent=35347"}],"wp:term":[{"taxonomy":"product_brand","embeddable":true,"href":"https:\/\/vaninahenry.com\/de\/wp-json\/wp\/v2\/product_brand?post=35347"},{"taxonomy":"product_cat","embeddable":true,"href":"https:\/\/vaninahenry.com\/de\/wp-json\/wp\/v2\/product_cat?post=35347"},{"taxonomy":"product_tag","embeddable":true,"href":"https:\/\/vaninahenry.com\/de\/wp-json\/wp\/v2\/product_tag?post=35347"}],"curies":[{"name":"wp","href":"https:\/\/api.w.org\/{rel}","templated":true}]}}