{"id":34506,"date":"2021-09-07T11:06:21","date_gmt":"2021-09-07T09:06:21","guid":{"rendered":"https:\/\/hloccfq.cluster031.hosting.ovh.net\/produit\/rebel-walls\/"},"modified":"2021-10-26T12:38:45","modified_gmt":"2021-10-26T10:38:45","slug":"rebel-walls","status":"publish","type":"product","link":"https:\/\/vaninahenry.com\/de\/produkt\/rebel-walls\/","title":{"rendered":"Rebel Walls"},"content":{"rendered":"","protected":false},"excerpt":{"rendered":"<p>&nbsp;<\/p>\n<blockquote><p><em><span style=\"color: #9a7541;\">Rebel Walls interpretiert alle Themen, alle Tr\u00e4ume, um Ihre W\u00e4nde zu verkleiden.<\/span><\/em><\/p><\/blockquote>\n<p>Ihre Auswahl ist so gro\u00df, ihre Designs so realistisch, dass sie anziehend wirken&#8230; und jeder wird die richtige Tapete finden k\u00f6nnen, um seinem Interieur die Illusion, einen extravaganten Effekt zu verleihen.<\/p>\n<p>&nbsp;<\/p>\n<p><span style=\"color: #9a7541;\"><a style=\"color: #9a7541;\" href=\"https:\/\/rebelwalls.com\/de?&amp;ref=vaninahenry.de\" target=\"_blank\" rel=\"noopener\">Besuchen\u00a0und kaufen sie REBEL WALLS mit Vanina Henry<\/a><\/span><\/p>\n","protected":false},"featured_media":53508,"template":"","meta":{"_acf_changed":false,"inline_featured_image":false},"product_brand":[],"product_cat":[399],"product_tag":[],"class_list":{"0":"post-34506","1":"product","2":"type-product","3":"status-publish","4":"has-post-thumbnail","6":"product_cat-tapete","8":"first","9":"instock","10":"taxable","11":"shipping-taxable","12":"product-type-simple"},"acf":[],"yoast_head":"<!-- This site is optimized with the Yoast SEO plugin v26.7 - https:\/\/yoast.com\/wordpress\/plugins\/seo\/ -->\n<title>Rebel Walls - Vanina Henry<\/title>\n<meta name=\"robots\" content=\"index, follow, max-snippet:-1, max-image-preview:large, max-video-preview:-1\" \/>\n<link rel=\"canonical\" href=\"https:\/\/vaninahenry.com\/produkt\/rebel-walls\/\" \/>\n<meta property=\"og:locale\" content=\"de_DE\" \/>\n<meta property=\"og:type\" content=\"article\" \/>\n<meta property=\"og:title\" content=\"Rebel Walls - Vanina Henry\" \/>\n<meta property=\"og:description\" content=\"&nbsp; Rebel Walls interpretiert alle Themen, alle Tr\u00e4ume, um Ihre W\u00e4nde zu verkleiden. Ihre Auswahl ist so gro\u00df, ihre Designs so realistisch, dass sie anziehend wirken... und jeder wird die richtige Tapete finden k\u00f6nnen, um seinem Interieur die Illusion, einen extravaganten Effekt zu verleihen.  &nbsp;  Besuchen\u00a0und kaufen sie REBEL WALLS mit Vanina Henry\" \/>\n<meta property=\"og:url\" content=\"https:\/\/vaninahenry.com\/produkt\/rebel-walls\/\" \/>\n<meta property=\"og:site_name\" content=\"Vanina Henry\" \/>\n<meta property=\"article:publisher\" content=\"https:\/\/www.facebook.com\/designbyvaninahenry\" \/>\n<meta property=\"article:modified_time\" content=\"2021-10-26T10:38:45+00:00\" \/>\n<meta property=\"og:image\" content=\"https:\/\/vaninahenry.com\/wp-content\/uploads\/2021\/09\/R15902_Pride-Palms-Emerald_Rebel-Walls-14-image3-1400x857-c31b1d4f-b5f8-49d1-930b-bdba06a88cf2_B.jpeg\" \/>\n\t<meta property=\"og:image:width\" content=\"700\" \/>\n\t<meta property=\"og:image:height\" content=\"429\" \/>\n\t<meta property=\"og:image:type\" content=\"image\/jpeg\" \/>\n<meta name=\"twitter:card\" content=\"summary_large_image\" \/>\n<script type=\"application\/ld+json\" class=\"yoast-schema-graph\">{\"@context\":\"https:\/\/schema.org\",\"@graph\":[{\"@type\":\"WebPage\",\"@id\":\"https:\/\/vaninahenry.com\/produkt\/rebel-walls\/\",\"url\":\"https:\/\/vaninahenry.com\/produkt\/rebel-walls\/\",\"name\":\"Rebel Walls - Vanina Henry\",\"isPartOf\":{\"@id\":\"https:\/\/vaninahenry.com\/#website\"},\"primaryImageOfPage\":{\"@id\":\"https:\/\/vaninahenry.com\/produkt\/rebel-walls\/#primaryimage\"},\"image\":{\"@id\":\"https:\/\/vaninahenry.com\/produkt\/rebel-walls\/#primaryimage\"},\"thumbnailUrl\":\"https:\/\/vaninahenry.com\/wp-content\/uploads\/2021\/09\/R15902_Pride-Palms-Emerald_Rebel-Walls-14-image3-1400x857-c31b1d4f-b5f8-49d1-930b-bdba06a88cf2_B.jpeg\",\"datePublished\":\"2021-09-07T09:06:21+00:00\",\"dateModified\":\"2021-10-26T10:38:45+00:00\",\"breadcrumb\":{\"@id\":\"https:\/\/vaninahenry.com\/produkt\/rebel-walls\/#breadcrumb\"},\"inLanguage\":\"de\",\"potentialAction\":[{\"@type\":\"ReadAction\",\"target\":[\"https:\/\/vaninahenry.com\/produkt\/rebel-walls\/\"]}]},{\"@type\":\"ImageObject\",\"inLanguage\":\"de\",\"@id\":\"https:\/\/vaninahenry.com\/produkt\/rebel-walls\/#primaryimage\",\"url\":\"https:\/\/vaninahenry.com\/wp-content\/uploads\/2021\/09\/R15902_Pride-Palms-Emerald_Rebel-Walls-14-image3-1400x857-c31b1d4f-b5f8-49d1-930b-bdba06a88cf2_B.jpeg\",\"contentUrl\":\"https:\/\/vaninahenry.com\/wp-content\/uploads\/2021\/09\/R15902_Pride-Palms-Emerald_Rebel-Walls-14-image3-1400x857-c31b1d4f-b5f8-49d1-930b-bdba06a88cf2_B.jpeg\",\"width\":700,\"height\":429},{\"@type\":\"BreadcrumbList\",\"@id\":\"https:\/\/vaninahenry.com\/produkt\/rebel-walls\/#breadcrumb\",\"itemListElement\":[{\"@type\":\"ListItem\",\"position\":1,\"name\":\"Accueil\",\"item\":\"https:\/\/vaninahenry.com\/de\/\"},{\"@type\":\"ListItem\",\"position\":2,\"name\":\"Shop\",\"item\":\"https:\/\/vaninahenry.com\/boutique\/\"},{\"@type\":\"ListItem\",\"position\":3,\"name\":\"Rebel Walls\"}]},{\"@type\":\"WebSite\",\"@id\":\"https:\/\/vaninahenry.com\/#website\",\"url\":\"https:\/\/vaninahenry.com\/\",\"name\":\"Vanina Henry\",\"description\":\"\",\"publisher\":{\"@id\":\"https:\/\/vaninahenry.com\/#organization\"},\"potentialAction\":[{\"@type\":\"SearchAction\",\"target\":{\"@type\":\"EntryPoint\",\"urlTemplate\":\"https:\/\/vaninahenry.com\/?s={search_term_string}\"},\"query-input\":{\"@type\":\"PropertyValueSpecification\",\"valueRequired\":true,\"valueName\":\"search_term_string\"}}],\"inLanguage\":\"de\"},{\"@type\":\"Organization\",\"@id\":\"https:\/\/vaninahenry.com\/#organization\",\"name\":\"Vanina Henry\",\"url\":\"https:\/\/vaninahenry.com\/\",\"logo\":{\"@type\":\"ImageObject\",\"inLanguage\":\"de\",\"@id\":\"https:\/\/vaninahenry.com\/#\/schema\/logo\/image\/\",\"url\":\"http:\/\/vaninahenry.com\/wp-content\/uploads\/2021\/10\/Logo-design-by-VaninaHenry.png\",\"contentUrl\":\"http:\/\/vaninahenry.com\/wp-content\/uploads\/2021\/10\/Logo-design-by-VaninaHenry.png\",\"width\":711,\"height\":467,\"caption\":\"Vanina Henry\"},\"image\":{\"@id\":\"https:\/\/vaninahenry.com\/#\/schema\/logo\/image\/\"},\"sameAs\":[\"https:\/\/www.facebook.com\/designbyvaninahenry\",\"https:\/\/www.instagram.com\/vaninahenry\/\"]}]}<\/script>\n<!-- \/ Yoast SEO plugin. -->","yoast_head_json":{"title":"Rebel Walls - Vanina Henry","robots":{"index":"index","follow":"follow","max-snippet":"max-snippet:-1","max-image-preview":"max-image-preview:large","max-video-preview":"max-video-preview:-1"},"canonical":"https:\/\/vaninahenry.com\/produkt\/rebel-walls\/","og_locale":"de_DE","og_type":"article","og_title":"Rebel Walls - Vanina Henry","og_description":"&nbsp; Rebel Walls interpretiert alle Themen, alle Tr\u00e4ume, um Ihre W\u00e4nde zu verkleiden. Ihre Auswahl ist so gro\u00df, ihre Designs so realistisch, dass sie anziehend wirken... und jeder wird die richtige Tapete finden k\u00f6nnen, um seinem Interieur die Illusion, einen extravaganten Effekt zu verleihen.  &nbsp;  Besuchen\u00a0und kaufen sie REBEL WALLS mit Vanina Henry","og_url":"https:\/\/vaninahenry.com\/produkt\/rebel-walls\/","og_site_name":"Vanina Henry","article_publisher":"https:\/\/www.facebook.com\/designbyvaninahenry","article_modified_time":"2021-10-26T10:38:45+00:00","og_image":[{"width":700,"height":429,"url":"https:\/\/vaninahenry.com\/wp-content\/uploads\/2021\/09\/R15902_Pride-Palms-Emerald_Rebel-Walls-14-image3-1400x857-c31b1d4f-b5f8-49d1-930b-bdba06a88cf2_B.jpeg","type":"image\/jpeg"}],"twitter_card":"summary_large_image","schema":{"@context":"https:\/\/schema.org","@graph":[{"@type":"WebPage","@id":"https:\/\/vaninahenry.com\/produkt\/rebel-walls\/","url":"https:\/\/vaninahenry.com\/produkt\/rebel-walls\/","name":"Rebel Walls - Vanina Henry","isPartOf":{"@id":"https:\/\/vaninahenry.com\/#website"},"primaryImageOfPage":{"@id":"https:\/\/vaninahenry.com\/produkt\/rebel-walls\/#primaryimage"},"image":{"@id":"https:\/\/vaninahenry.com\/produkt\/rebel-walls\/#primaryimage"},"thumbnailUrl":"https:\/\/vaninahenry.com\/wp-content\/uploads\/2021\/09\/R15902_Pride-Palms-Emerald_Rebel-Walls-14-image3-1400x857-c31b1d4f-b5f8-49d1-930b-bdba06a88cf2_B.jpeg","datePublished":"2021-09-07T09:06:21+00:00","dateModified":"2021-10-26T10:38:45+00:00","breadcrumb":{"@id":"https:\/\/vaninahenry.com\/produkt\/rebel-walls\/#breadcrumb"},"inLanguage":"de","potentialAction":[{"@type":"ReadAction","target":["https:\/\/vaninahenry.com\/produkt\/rebel-walls\/"]}]},{"@type":"ImageObject","inLanguage":"de","@id":"https:\/\/vaninahenry.com\/produkt\/rebel-walls\/#primaryimage","url":"https:\/\/vaninahenry.com\/wp-content\/uploads\/2021\/09\/R15902_Pride-Palms-Emerald_Rebel-Walls-14-image3-1400x857-c31b1d4f-b5f8-49d1-930b-bdba06a88cf2_B.jpeg","contentUrl":"https:\/\/vaninahenry.com\/wp-content\/uploads\/2021\/09\/R15902_Pride-Palms-Emerald_Rebel-Walls-14-image3-1400x857-c31b1d4f-b5f8-49d1-930b-bdba06a88cf2_B.jpeg","width":700,"height":429},{"@type":"BreadcrumbList","@id":"https:\/\/vaninahenry.com\/produkt\/rebel-walls\/#breadcrumb","itemListElement":[{"@type":"ListItem","position":1,"name":"Accueil","item":"https:\/\/vaninahenry.com\/de\/"},{"@type":"ListItem","position":2,"name":"Shop","item":"https:\/\/vaninahenry.com\/boutique\/"},{"@type":"ListItem","position":3,"name":"Rebel Walls"}]},{"@type":"WebSite","@id":"https:\/\/vaninahenry.com\/#website","url":"https:\/\/vaninahenry.com\/","name":"Vanina Henry","description":"","publisher":{"@id":"https:\/\/vaninahenry.com\/#organization"},"potentialAction":[{"@type":"SearchAction","target":{"@type":"EntryPoint","urlTemplate":"https:\/\/vaninahenry.com\/?s={search_term_string}"},"query-input":{"@type":"PropertyValueSpecification","valueRequired":true,"valueName":"search_term_string"}}],"inLanguage":"de"},{"@type":"Organization","@id":"https:\/\/vaninahenry.com\/#organization","name":"Vanina Henry","url":"https:\/\/vaninahenry.com\/","logo":{"@type":"ImageObject","inLanguage":"de","@id":"https:\/\/vaninahenry.com\/#\/schema\/logo\/image\/","url":"http:\/\/vaninahenry.com\/wp-content\/uploads\/2021\/10\/Logo-design-by-VaninaHenry.png","contentUrl":"http:\/\/vaninahenry.com\/wp-content\/uploads\/2021\/10\/Logo-design-by-VaninaHenry.png","width":711,"height":467,"caption":"Vanina Henry"},"image":{"@id":"https:\/\/vaninahenry.com\/#\/schema\/logo\/image\/"},"sameAs":["https:\/\/www.facebook.com\/designbyvaninahenry","https:\/\/www.instagram.com\/vaninahenry\/"]}]}},"_links":{"self":[{"href":"https:\/\/vaninahenry.com\/de\/wp-json\/wp\/v2\/product\/34506","targetHints":{"allow":["GET"]}}],"collection":[{"href":"https:\/\/vaninahenry.com\/de\/wp-json\/wp\/v2\/product"}],"about":[{"href":"https:\/\/vaninahenry.com\/de\/wp-json\/wp\/v2\/types\/product"}],"wp:featuredmedia":[{"embeddable":true,"href":"https:\/\/vaninahenry.com\/de\/wp-json\/wp\/v2\/media\/53508"}],"wp:attachment":[{"href":"https:\/\/vaninahenry.com\/de\/wp-json\/wp\/v2\/media?parent=34506"}],"wp:term":[{"taxonomy":"product_brand","embeddable":true,"href":"https:\/\/vaninahenry.com\/de\/wp-json\/wp\/v2\/product_brand?post=34506"},{"taxonomy":"product_cat","embeddable":true,"href":"https:\/\/vaninahenry.com\/de\/wp-json\/wp\/v2\/product_cat?post=34506"},{"taxonomy":"product_tag","embeddable":true,"href":"https:\/\/vaninahenry.com\/de\/wp-json\/wp\/v2\/product_tag?post=34506"}],"curies":[{"name":"wp","href":"https:\/\/api.w.org\/{rel}","templated":true}]}}