{"id":34047,"date":"2021-08-09T12:59:56","date_gmt":"2021-08-09T10:59:56","guid":{"rendered":"https:\/\/hloccfq.cluster031.hosting.ovh.net\/produit\/bureau-rhino\/"},"modified":"2021-12-06T15:28:12","modified_gmt":"2021-12-06T14:28:12","slug":"bureau-rhino","status":"publish","type":"product","link":"https:\/\/vaninahenry.com\/de\/produkt\/bureau-rhino\/","title":{"rendered":"Bureau Rhino"},"content":{"rendered":"","protected":false},"excerpt":{"rendered":"<p><span style=\"color: #9a7541;\">Beureau RHINO<\/span> ist ein \u00e4u\u00dferst solides M\u00f6belst\u00fcck.<\/p>\n<p>Abmessungen: Breite 64 cm, Tiefe 41 cm, H\u00f6he 50 cm.<\/p>\n<p><img decoding=\"async\" class=\"alignnone size-full wp-image-53536\" src=\"http:\/\/vaninahenry.com\/wp-content\/uploads\/2021\/07\/Tolix-nuancier_B.png\" alt=\"\" width=\"1024\" height=\"988\" srcset=\"https:\/\/vaninahenry.com\/wp-content\/uploads\/2021\/07\/Tolix-nuancier_B.png 1024w, https:\/\/vaninahenry.com\/wp-content\/uploads\/2021\/07\/Tolix-nuancier_B-600x579.png 600w, https:\/\/vaninahenry.com\/wp-content\/uploads\/2021\/07\/Tolix-nuancier_B-300x289.png 300w, https:\/\/vaninahenry.com\/wp-content\/uploads\/2021\/07\/Tolix-nuancier_B-768x741.png 768w\" sizes=\"(max-width: 1024px) 100vw, 1024px\" \/><\/p>\n<p>Wenn Sie andere Farben w\u00fcnschen, <span style=\"color: #9a7541;\"><a style=\"color: #9a7541;\" href=\"https:\/\/vaninahenry.com\/shop\/?lang=de\" target=\"_blank\" rel=\"noopener\"><strong>kontaktieren Sie uns bitte!<\/strong><\/a><\/span><\/p>\n<p>Gesch\u00e4tzte Lieferzeit: 6 Wochen.<\/p>\n<p>&nbsp;<\/p>\n<p><a href=\"https:\/\/vaninahenry.com\/marque\/tolix\/?lang=de\" target=\"_blank\" rel=\"noopener\"><span style=\"color: #9a7541;\">Mehr \u00fcber TOLIX<\/span><\/a><\/p>\n","protected":false},"featured_media":56160,"template":"","meta":{"_acf_changed":false,"inline_featured_image":false},"product_brand":[],"product_cat":[393],"product_tag":[],"class_list":{"0":"post-34047","1":"product","2":"type-product","3":"status-publish","4":"has-post-thumbnail","6":"product_cat-design-moebel","7":"product_shipping_class-tolix-de","9":"first","10":"instock","11":"taxable","12":"shipping-taxable","13":"product-type-variable"},"acf":[],"yoast_head":"<!-- This site is optimized with the Yoast SEO plugin v26.7 - https:\/\/yoast.com\/wordpress\/plugins\/seo\/ -->\n<title>Bureau Rhino - Vanina Henry<\/title>\n<meta name=\"robots\" content=\"index, follow, max-snippet:-1, max-image-preview:large, max-video-preview:-1\" \/>\n<link rel=\"canonical\" href=\"https:\/\/vaninahenry.com\/produkt\/bureau-rhino\/\" \/>\n<meta property=\"og:locale\" content=\"de_DE\" \/>\n<meta property=\"og:type\" content=\"article\" \/>\n<meta property=\"og:title\" content=\"Bureau Rhino - Vanina Henry\" \/>\n<meta property=\"og:description\" content=\"Beureau RHINO ist ein \u00e4u\u00dferst solides M\u00f6belst\u00fcck.  Abmessungen: Breite 64 cm, Tiefe 41 cm, H\u00f6he 50 cm.    Wenn Sie andere Farben w\u00fcnschen, kontaktieren Sie uns bitte!  Gesch\u00e4tzte Lieferzeit: 6 Wochen.  &nbsp;  Mehr \u00fcber TOLIX\" \/>\n<meta property=\"og:url\" content=\"https:\/\/vaninahenry.com\/produkt\/bureau-rhino\/\" \/>\n<meta property=\"og:site_name\" content=\"Vanina Henry\" \/>\n<meta property=\"article:publisher\" content=\"https:\/\/www.facebook.com\/designbyvaninahenry\" \/>\n<meta property=\"article:modified_time\" content=\"2021-12-06T14:28:12+00:00\" \/>\n<meta property=\"og:image\" content=\"https:\/\/vaninahenry.com\/wp-content\/uploads\/2021\/08\/BureauRhino_GrisSoie_A_B.jpeg\" \/>\n\t<meta property=\"og:image:width\" content=\"700\" \/>\n\t<meta property=\"og:image:height\" content=\"700\" \/>\n\t<meta property=\"og:image:type\" content=\"image\/jpeg\" \/>\n<meta name=\"twitter:card\" content=\"summary_large_image\" \/>\n<script type=\"application\/ld+json\" class=\"yoast-schema-graph\">{\"@context\":\"https:\/\/schema.org\",\"@graph\":[{\"@type\":\"WebPage\",\"@id\":\"https:\/\/vaninahenry.com\/produkt\/bureau-rhino\/\",\"url\":\"https:\/\/vaninahenry.com\/produkt\/bureau-rhino\/\",\"name\":\"Bureau Rhino - Vanina Henry\",\"isPartOf\":{\"@id\":\"https:\/\/vaninahenry.com\/#website\"},\"primaryImageOfPage\":{\"@id\":\"https:\/\/vaninahenry.com\/produkt\/bureau-rhino\/#primaryimage\"},\"image\":{\"@id\":\"https:\/\/vaninahenry.com\/produkt\/bureau-rhino\/#primaryimage\"},\"thumbnailUrl\":\"https:\/\/vaninahenry.com\/wp-content\/uploads\/2021\/08\/BureauRhino_GrisSoie_A_B.jpeg\",\"datePublished\":\"2021-08-09T10:59:56+00:00\",\"dateModified\":\"2021-12-06T14:28:12+00:00\",\"breadcrumb\":{\"@id\":\"https:\/\/vaninahenry.com\/produkt\/bureau-rhino\/#breadcrumb\"},\"inLanguage\":\"de\",\"potentialAction\":[{\"@type\":\"ReadAction\",\"target\":[\"https:\/\/vaninahenry.com\/produkt\/bureau-rhino\/\"]}]},{\"@type\":\"ImageObject\",\"inLanguage\":\"de\",\"@id\":\"https:\/\/vaninahenry.com\/produkt\/bureau-rhino\/#primaryimage\",\"url\":\"https:\/\/vaninahenry.com\/wp-content\/uploads\/2021\/08\/BureauRhino_GrisSoie_A_B.jpeg\",\"contentUrl\":\"https:\/\/vaninahenry.com\/wp-content\/uploads\/2021\/08\/BureauRhino_GrisSoie_A_B.jpeg\",\"width\":700,\"height\":700},{\"@type\":\"BreadcrumbList\",\"@id\":\"https:\/\/vaninahenry.com\/produkt\/bureau-rhino\/#breadcrumb\",\"itemListElement\":[{\"@type\":\"ListItem\",\"position\":1,\"name\":\"Accueil\",\"item\":\"https:\/\/vaninahenry.com\/de\/\"},{\"@type\":\"ListItem\",\"position\":2,\"name\":\"Shop\",\"item\":\"https:\/\/vaninahenry.com\/boutique\/\"},{\"@type\":\"ListItem\",\"position\":3,\"name\":\"Bureau Rhino\"}]},{\"@type\":\"WebSite\",\"@id\":\"https:\/\/vaninahenry.com\/#website\",\"url\":\"https:\/\/vaninahenry.com\/\",\"name\":\"Vanina Henry\",\"description\":\"\",\"publisher\":{\"@id\":\"https:\/\/vaninahenry.com\/#organization\"},\"potentialAction\":[{\"@type\":\"SearchAction\",\"target\":{\"@type\":\"EntryPoint\",\"urlTemplate\":\"https:\/\/vaninahenry.com\/?s={search_term_string}\"},\"query-input\":{\"@type\":\"PropertyValueSpecification\",\"valueRequired\":true,\"valueName\":\"search_term_string\"}}],\"inLanguage\":\"de\"},{\"@type\":\"Organization\",\"@id\":\"https:\/\/vaninahenry.com\/#organization\",\"name\":\"Vanina Henry\",\"url\":\"https:\/\/vaninahenry.com\/\",\"logo\":{\"@type\":\"ImageObject\",\"inLanguage\":\"de\",\"@id\":\"https:\/\/vaninahenry.com\/#\/schema\/logo\/image\/\",\"url\":\"http:\/\/vaninahenry.com\/wp-content\/uploads\/2021\/10\/Logo-design-by-VaninaHenry.png\",\"contentUrl\":\"http:\/\/vaninahenry.com\/wp-content\/uploads\/2021\/10\/Logo-design-by-VaninaHenry.png\",\"width\":711,\"height\":467,\"caption\":\"Vanina Henry\"},\"image\":{\"@id\":\"https:\/\/vaninahenry.com\/#\/schema\/logo\/image\/\"},\"sameAs\":[\"https:\/\/www.facebook.com\/designbyvaninahenry\",\"https:\/\/www.instagram.com\/vaninahenry\/\"]}]}<\/script>\n<!-- \/ Yoast SEO plugin. -->","yoast_head_json":{"title":"Bureau Rhino - Vanina Henry","robots":{"index":"index","follow":"follow","max-snippet":"max-snippet:-1","max-image-preview":"max-image-preview:large","max-video-preview":"max-video-preview:-1"},"canonical":"https:\/\/vaninahenry.com\/produkt\/bureau-rhino\/","og_locale":"de_DE","og_type":"article","og_title":"Bureau Rhino - Vanina Henry","og_description":"Beureau RHINO ist ein \u00e4u\u00dferst solides M\u00f6belst\u00fcck.  Abmessungen: Breite 64 cm, Tiefe 41 cm, H\u00f6he 50 cm.    Wenn Sie andere Farben w\u00fcnschen, kontaktieren Sie uns bitte!  Gesch\u00e4tzte Lieferzeit: 6 Wochen.  &nbsp;  Mehr \u00fcber TOLIX","og_url":"https:\/\/vaninahenry.com\/produkt\/bureau-rhino\/","og_site_name":"Vanina Henry","article_publisher":"https:\/\/www.facebook.com\/designbyvaninahenry","article_modified_time":"2021-12-06T14:28:12+00:00","og_image":[{"width":700,"height":700,"url":"https:\/\/vaninahenry.com\/wp-content\/uploads\/2021\/08\/BureauRhino_GrisSoie_A_B.jpeg","type":"image\/jpeg"}],"twitter_card":"summary_large_image","schema":{"@context":"https:\/\/schema.org","@graph":[{"@type":"WebPage","@id":"https:\/\/vaninahenry.com\/produkt\/bureau-rhino\/","url":"https:\/\/vaninahenry.com\/produkt\/bureau-rhino\/","name":"Bureau Rhino - Vanina Henry","isPartOf":{"@id":"https:\/\/vaninahenry.com\/#website"},"primaryImageOfPage":{"@id":"https:\/\/vaninahenry.com\/produkt\/bureau-rhino\/#primaryimage"},"image":{"@id":"https:\/\/vaninahenry.com\/produkt\/bureau-rhino\/#primaryimage"},"thumbnailUrl":"https:\/\/vaninahenry.com\/wp-content\/uploads\/2021\/08\/BureauRhino_GrisSoie_A_B.jpeg","datePublished":"2021-08-09T10:59:56+00:00","dateModified":"2021-12-06T14:28:12+00:00","breadcrumb":{"@id":"https:\/\/vaninahenry.com\/produkt\/bureau-rhino\/#breadcrumb"},"inLanguage":"de","potentialAction":[{"@type":"ReadAction","target":["https:\/\/vaninahenry.com\/produkt\/bureau-rhino\/"]}]},{"@type":"ImageObject","inLanguage":"de","@id":"https:\/\/vaninahenry.com\/produkt\/bureau-rhino\/#primaryimage","url":"https:\/\/vaninahenry.com\/wp-content\/uploads\/2021\/08\/BureauRhino_GrisSoie_A_B.jpeg","contentUrl":"https:\/\/vaninahenry.com\/wp-content\/uploads\/2021\/08\/BureauRhino_GrisSoie_A_B.jpeg","width":700,"height":700},{"@type":"BreadcrumbList","@id":"https:\/\/vaninahenry.com\/produkt\/bureau-rhino\/#breadcrumb","itemListElement":[{"@type":"ListItem","position":1,"name":"Accueil","item":"https:\/\/vaninahenry.com\/de\/"},{"@type":"ListItem","position":2,"name":"Shop","item":"https:\/\/vaninahenry.com\/boutique\/"},{"@type":"ListItem","position":3,"name":"Bureau Rhino"}]},{"@type":"WebSite","@id":"https:\/\/vaninahenry.com\/#website","url":"https:\/\/vaninahenry.com\/","name":"Vanina Henry","description":"","publisher":{"@id":"https:\/\/vaninahenry.com\/#organization"},"potentialAction":[{"@type":"SearchAction","target":{"@type":"EntryPoint","urlTemplate":"https:\/\/vaninahenry.com\/?s={search_term_string}"},"query-input":{"@type":"PropertyValueSpecification","valueRequired":true,"valueName":"search_term_string"}}],"inLanguage":"de"},{"@type":"Organization","@id":"https:\/\/vaninahenry.com\/#organization","name":"Vanina Henry","url":"https:\/\/vaninahenry.com\/","logo":{"@type":"ImageObject","inLanguage":"de","@id":"https:\/\/vaninahenry.com\/#\/schema\/logo\/image\/","url":"http:\/\/vaninahenry.com\/wp-content\/uploads\/2021\/10\/Logo-design-by-VaninaHenry.png","contentUrl":"http:\/\/vaninahenry.com\/wp-content\/uploads\/2021\/10\/Logo-design-by-VaninaHenry.png","width":711,"height":467,"caption":"Vanina Henry"},"image":{"@id":"https:\/\/vaninahenry.com\/#\/schema\/logo\/image\/"},"sameAs":["https:\/\/www.facebook.com\/designbyvaninahenry","https:\/\/www.instagram.com\/vaninahenry\/"]}]}},"_links":{"self":[{"href":"https:\/\/vaninahenry.com\/de\/wp-json\/wp\/v2\/product\/34047","targetHints":{"allow":["GET"]}}],"collection":[{"href":"https:\/\/vaninahenry.com\/de\/wp-json\/wp\/v2\/product"}],"about":[{"href":"https:\/\/vaninahenry.com\/de\/wp-json\/wp\/v2\/types\/product"}],"wp:featuredmedia":[{"embeddable":true,"href":"https:\/\/vaninahenry.com\/de\/wp-json\/wp\/v2\/media\/56160"}],"wp:attachment":[{"href":"https:\/\/vaninahenry.com\/de\/wp-json\/wp\/v2\/media?parent=34047"}],"wp:term":[{"taxonomy":"product_brand","embeddable":true,"href":"https:\/\/vaninahenry.com\/de\/wp-json\/wp\/v2\/product_brand?post=34047"},{"taxonomy":"product_cat","embeddable":true,"href":"https:\/\/vaninahenry.com\/de\/wp-json\/wp\/v2\/product_cat?post=34047"},{"taxonomy":"product_tag","embeddable":true,"href":"https:\/\/vaninahenry.com\/de\/wp-json\/wp\/v2\/product_tag?post=34047"}],"curies":[{"name":"wp","href":"https:\/\/api.w.org\/{rel}","templated":true}]}}