{"id":33839,"date":"2021-08-09T13:46:26","date_gmt":"2021-08-09T11:46:26","guid":{"rendered":"https:\/\/hloccfq.cluster031.hosting.ovh.net\/produit\/fauteuil-mouette\/"},"modified":"2021-12-06T15:27:34","modified_gmt":"2021-12-06T14:27:34","slug":"fauteuil-mouette","status":"publish","type":"product","link":"https:\/\/vaninahenry.com\/de\/produkt\/fauteuil-mouette\/","title":{"rendered":"Fauteuil MOUETTE"},"content":{"rendered":"","protected":false},"excerpt":{"rendered":"<p><span style=\"color: #9a7541;\">Fauteuil MOUETTE:<\/span><\/p>\n<p>Abmessungen: Breite 42 cm, Tiefe 32,5 cm, H\u00f6he 59,5 cm.<\/p>\n<p>Auf Wunsch kann es mit dem Namen des Kindes, den Kosten und Informationen personalisiert werden.<\/p>\n<p><img decoding=\"async\" class=\"alignnone size-full wp-image-53536\" src=\"http:\/\/vaninahenry.com\/wp-content\/uploads\/2021\/07\/Tolix-nuancier_B.png\" alt=\"\" width=\"1024\" height=\"988\" srcset=\"https:\/\/vaninahenry.com\/wp-content\/uploads\/2021\/07\/Tolix-nuancier_B.png 1024w, https:\/\/vaninahenry.com\/wp-content\/uploads\/2021\/07\/Tolix-nuancier_B-600x579.png 600w, https:\/\/vaninahenry.com\/wp-content\/uploads\/2021\/07\/Tolix-nuancier_B-300x289.png 300w, https:\/\/vaninahenry.com\/wp-content\/uploads\/2021\/07\/Tolix-nuancier_B-768x741.png 768w\" sizes=\"(max-width: 1024px) 100vw, 1024px\" \/><\/p>\n<p>Wenn Sie andere Farben w\u00fcnschen, <span style=\"color: #9a7541;\"><a style=\"color: #9a7541;\" href=\"https:\/\/vaninahenry.com\/shop\/?lang=de\" target=\"_blank\" rel=\"noopener\"><strong>kontaktieren Sie uns bitte!<\/strong><\/a><\/span><\/p>\n<p>Gesch\u00e4tzte Lieferzeit: 6 Wochen.<\/p>\n<p>&nbsp;<\/p>\n<p><a href=\"https:\/\/vaninahenry.com\/marque\/tolix\/?lang=de\" target=\"_blank\" rel=\"noopener\"><span style=\"color: #9a7541;\">Mehr \u00fcber TOLIX<\/span><\/a><\/p>\n","protected":false},"featured_media":23075,"template":"","meta":{"_acf_changed":false,"inline_featured_image":false},"product_brand":[],"product_cat":[393],"product_tag":[],"class_list":{"0":"post-33839","1":"product","2":"type-product","3":"status-publish","4":"has-post-thumbnail","6":"product_cat-design-moebel","7":"product_shipping_class-tolix-de","9":"first","10":"outofstock","11":"taxable","12":"shipping-taxable","13":"product-type-variable"},"acf":[],"yoast_head":"<!-- This site is optimized with the Yoast SEO plugin v26.7 - https:\/\/yoast.com\/wordpress\/plugins\/seo\/ -->\n<title>Fauteuil MOUETTE - Vanina Henry<\/title>\n<meta name=\"robots\" content=\"index, follow, max-snippet:-1, max-image-preview:large, max-video-preview:-1\" \/>\n<link rel=\"canonical\" href=\"https:\/\/vaninahenry.com\/produkt\/fauteuil-mouette\/\" \/>\n<meta property=\"og:locale\" content=\"de_DE\" \/>\n<meta property=\"og:type\" content=\"article\" \/>\n<meta property=\"og:title\" content=\"Fauteuil MOUETTE - Vanina Henry\" \/>\n<meta property=\"og:description\" content=\"Fauteuil MOUETTE:  Abmessungen: Breite 42 cm, Tiefe 32,5 cm, H\u00f6he 59,5 cm.  Auf Wunsch kann es mit dem Namen des Kindes, den Kosten und Informationen personalisiert werden.    Wenn Sie andere Farben w\u00fcnschen, kontaktieren Sie uns bitte!  Gesch\u00e4tzte Lieferzeit: 6 Wochen.  &nbsp;  Mehr \u00fcber TOLIX\" \/>\n<meta property=\"og:url\" content=\"https:\/\/vaninahenry.com\/produkt\/fauteuil-mouette\/\" \/>\n<meta property=\"og:site_name\" content=\"Vanina Henry\" \/>\n<meta property=\"article:publisher\" content=\"https:\/\/www.facebook.com\/designbyvaninahenry\" \/>\n<meta property=\"article:modified_time\" content=\"2021-12-06T14:27:34+00:00\" \/>\n<meta property=\"og:image\" content=\"https:\/\/vaninahenry.com\/wp-content\/uploads\/2021\/08\/2018_TOLIX-AUTUN-2_7R300433_JMauloubier_2500px.jpg\" \/>\n\t<meta property=\"og:image:width\" content=\"834\" \/>\n\t<meta property=\"og:image:height\" content=\"1250\" \/>\n\t<meta property=\"og:image:type\" content=\"image\/jpeg\" \/>\n<meta name=\"twitter:card\" content=\"summary_large_image\" \/>\n<script type=\"application\/ld+json\" class=\"yoast-schema-graph\">{\"@context\":\"https:\/\/schema.org\",\"@graph\":[{\"@type\":\"WebPage\",\"@id\":\"https:\/\/vaninahenry.com\/produkt\/fauteuil-mouette\/\",\"url\":\"https:\/\/vaninahenry.com\/produkt\/fauteuil-mouette\/\",\"name\":\"Fauteuil MOUETTE - Vanina Henry\",\"isPartOf\":{\"@id\":\"https:\/\/vaninahenry.com\/#website\"},\"primaryImageOfPage\":{\"@id\":\"https:\/\/vaninahenry.com\/produkt\/fauteuil-mouette\/#primaryimage\"},\"image\":{\"@id\":\"https:\/\/vaninahenry.com\/produkt\/fauteuil-mouette\/#primaryimage\"},\"thumbnailUrl\":\"https:\/\/vaninahenry.com\/wp-content\/uploads\/2021\/08\/2018_TOLIX-AUTUN-2_7R300433_JMauloubier_2500px.jpg\",\"datePublished\":\"2021-08-09T11:46:26+00:00\",\"dateModified\":\"2021-12-06T14:27:34+00:00\",\"breadcrumb\":{\"@id\":\"https:\/\/vaninahenry.com\/produkt\/fauteuil-mouette\/#breadcrumb\"},\"inLanguage\":\"de\",\"potentialAction\":[{\"@type\":\"ReadAction\",\"target\":[\"https:\/\/vaninahenry.com\/produkt\/fauteuil-mouette\/\"]}]},{\"@type\":\"ImageObject\",\"inLanguage\":\"de\",\"@id\":\"https:\/\/vaninahenry.com\/produkt\/fauteuil-mouette\/#primaryimage\",\"url\":\"https:\/\/vaninahenry.com\/wp-content\/uploads\/2021\/08\/2018_TOLIX-AUTUN-2_7R300433_JMauloubier_2500px.jpg\",\"contentUrl\":\"https:\/\/vaninahenry.com\/wp-content\/uploads\/2021\/08\/2018_TOLIX-AUTUN-2_7R300433_JMauloubier_2500px.jpg\",\"width\":834,\"height\":1250},{\"@type\":\"BreadcrumbList\",\"@id\":\"https:\/\/vaninahenry.com\/produkt\/fauteuil-mouette\/#breadcrumb\",\"itemListElement\":[{\"@type\":\"ListItem\",\"position\":1,\"name\":\"Accueil\",\"item\":\"https:\/\/vaninahenry.com\/de\/\"},{\"@type\":\"ListItem\",\"position\":2,\"name\":\"Shop\",\"item\":\"https:\/\/vaninahenry.com\/boutique\/\"},{\"@type\":\"ListItem\",\"position\":3,\"name\":\"Fauteuil MOUETTE\"}]},{\"@type\":\"WebSite\",\"@id\":\"https:\/\/vaninahenry.com\/#website\",\"url\":\"https:\/\/vaninahenry.com\/\",\"name\":\"Vanina Henry\",\"description\":\"\",\"publisher\":{\"@id\":\"https:\/\/vaninahenry.com\/#organization\"},\"potentialAction\":[{\"@type\":\"SearchAction\",\"target\":{\"@type\":\"EntryPoint\",\"urlTemplate\":\"https:\/\/vaninahenry.com\/?s={search_term_string}\"},\"query-input\":{\"@type\":\"PropertyValueSpecification\",\"valueRequired\":true,\"valueName\":\"search_term_string\"}}],\"inLanguage\":\"de\"},{\"@type\":\"Organization\",\"@id\":\"https:\/\/vaninahenry.com\/#organization\",\"name\":\"Vanina Henry\",\"url\":\"https:\/\/vaninahenry.com\/\",\"logo\":{\"@type\":\"ImageObject\",\"inLanguage\":\"de\",\"@id\":\"https:\/\/vaninahenry.com\/#\/schema\/logo\/image\/\",\"url\":\"http:\/\/vaninahenry.com\/wp-content\/uploads\/2021\/10\/Logo-design-by-VaninaHenry.png\",\"contentUrl\":\"http:\/\/vaninahenry.com\/wp-content\/uploads\/2021\/10\/Logo-design-by-VaninaHenry.png\",\"width\":711,\"height\":467,\"caption\":\"Vanina Henry\"},\"image\":{\"@id\":\"https:\/\/vaninahenry.com\/#\/schema\/logo\/image\/\"},\"sameAs\":[\"https:\/\/www.facebook.com\/designbyvaninahenry\",\"https:\/\/www.instagram.com\/vaninahenry\/\"]}]}<\/script>\n<!-- \/ Yoast SEO plugin. -->","yoast_head_json":{"title":"Fauteuil MOUETTE - Vanina Henry","robots":{"index":"index","follow":"follow","max-snippet":"max-snippet:-1","max-image-preview":"max-image-preview:large","max-video-preview":"max-video-preview:-1"},"canonical":"https:\/\/vaninahenry.com\/produkt\/fauteuil-mouette\/","og_locale":"de_DE","og_type":"article","og_title":"Fauteuil MOUETTE - Vanina Henry","og_description":"Fauteuil MOUETTE:  Abmessungen: Breite 42 cm, Tiefe 32,5 cm, H\u00f6he 59,5 cm.  Auf Wunsch kann es mit dem Namen des Kindes, den Kosten und Informationen personalisiert werden.    Wenn Sie andere Farben w\u00fcnschen, kontaktieren Sie uns bitte!  Gesch\u00e4tzte Lieferzeit: 6 Wochen.  &nbsp;  Mehr \u00fcber TOLIX","og_url":"https:\/\/vaninahenry.com\/produkt\/fauteuil-mouette\/","og_site_name":"Vanina Henry","article_publisher":"https:\/\/www.facebook.com\/designbyvaninahenry","article_modified_time":"2021-12-06T14:27:34+00:00","og_image":[{"width":834,"height":1250,"url":"https:\/\/vaninahenry.com\/wp-content\/uploads\/2021\/08\/2018_TOLIX-AUTUN-2_7R300433_JMauloubier_2500px.jpg","type":"image\/jpeg"}],"twitter_card":"summary_large_image","schema":{"@context":"https:\/\/schema.org","@graph":[{"@type":"WebPage","@id":"https:\/\/vaninahenry.com\/produkt\/fauteuil-mouette\/","url":"https:\/\/vaninahenry.com\/produkt\/fauteuil-mouette\/","name":"Fauteuil MOUETTE - Vanina Henry","isPartOf":{"@id":"https:\/\/vaninahenry.com\/#website"},"primaryImageOfPage":{"@id":"https:\/\/vaninahenry.com\/produkt\/fauteuil-mouette\/#primaryimage"},"image":{"@id":"https:\/\/vaninahenry.com\/produkt\/fauteuil-mouette\/#primaryimage"},"thumbnailUrl":"https:\/\/vaninahenry.com\/wp-content\/uploads\/2021\/08\/2018_TOLIX-AUTUN-2_7R300433_JMauloubier_2500px.jpg","datePublished":"2021-08-09T11:46:26+00:00","dateModified":"2021-12-06T14:27:34+00:00","breadcrumb":{"@id":"https:\/\/vaninahenry.com\/produkt\/fauteuil-mouette\/#breadcrumb"},"inLanguage":"de","potentialAction":[{"@type":"ReadAction","target":["https:\/\/vaninahenry.com\/produkt\/fauteuil-mouette\/"]}]},{"@type":"ImageObject","inLanguage":"de","@id":"https:\/\/vaninahenry.com\/produkt\/fauteuil-mouette\/#primaryimage","url":"https:\/\/vaninahenry.com\/wp-content\/uploads\/2021\/08\/2018_TOLIX-AUTUN-2_7R300433_JMauloubier_2500px.jpg","contentUrl":"https:\/\/vaninahenry.com\/wp-content\/uploads\/2021\/08\/2018_TOLIX-AUTUN-2_7R300433_JMauloubier_2500px.jpg","width":834,"height":1250},{"@type":"BreadcrumbList","@id":"https:\/\/vaninahenry.com\/produkt\/fauteuil-mouette\/#breadcrumb","itemListElement":[{"@type":"ListItem","position":1,"name":"Accueil","item":"https:\/\/vaninahenry.com\/de\/"},{"@type":"ListItem","position":2,"name":"Shop","item":"https:\/\/vaninahenry.com\/boutique\/"},{"@type":"ListItem","position":3,"name":"Fauteuil MOUETTE"}]},{"@type":"WebSite","@id":"https:\/\/vaninahenry.com\/#website","url":"https:\/\/vaninahenry.com\/","name":"Vanina Henry","description":"","publisher":{"@id":"https:\/\/vaninahenry.com\/#organization"},"potentialAction":[{"@type":"SearchAction","target":{"@type":"EntryPoint","urlTemplate":"https:\/\/vaninahenry.com\/?s={search_term_string}"},"query-input":{"@type":"PropertyValueSpecification","valueRequired":true,"valueName":"search_term_string"}}],"inLanguage":"de"},{"@type":"Organization","@id":"https:\/\/vaninahenry.com\/#organization","name":"Vanina Henry","url":"https:\/\/vaninahenry.com\/","logo":{"@type":"ImageObject","inLanguage":"de","@id":"https:\/\/vaninahenry.com\/#\/schema\/logo\/image\/","url":"http:\/\/vaninahenry.com\/wp-content\/uploads\/2021\/10\/Logo-design-by-VaninaHenry.png","contentUrl":"http:\/\/vaninahenry.com\/wp-content\/uploads\/2021\/10\/Logo-design-by-VaninaHenry.png","width":711,"height":467,"caption":"Vanina Henry"},"image":{"@id":"https:\/\/vaninahenry.com\/#\/schema\/logo\/image\/"},"sameAs":["https:\/\/www.facebook.com\/designbyvaninahenry","https:\/\/www.instagram.com\/vaninahenry\/"]}]}},"_links":{"self":[{"href":"https:\/\/vaninahenry.com\/de\/wp-json\/wp\/v2\/product\/33839","targetHints":{"allow":["GET"]}}],"collection":[{"href":"https:\/\/vaninahenry.com\/de\/wp-json\/wp\/v2\/product"}],"about":[{"href":"https:\/\/vaninahenry.com\/de\/wp-json\/wp\/v2\/types\/product"}],"wp:featuredmedia":[{"embeddable":true,"href":"https:\/\/vaninahenry.com\/de\/wp-json\/wp\/v2\/media\/23075"}],"wp:attachment":[{"href":"https:\/\/vaninahenry.com\/de\/wp-json\/wp\/v2\/media?parent=33839"}],"wp:term":[{"taxonomy":"product_brand","embeddable":true,"href":"https:\/\/vaninahenry.com\/de\/wp-json\/wp\/v2\/product_brand?post=33839"},{"taxonomy":"product_cat","embeddable":true,"href":"https:\/\/vaninahenry.com\/de\/wp-json\/wp\/v2\/product_cat?post=33839"},{"taxonomy":"product_tag","embeddable":true,"href":"https:\/\/vaninahenry.com\/de\/wp-json\/wp\/v2\/product_tag?post=33839"}],"curies":[{"name":"wp","href":"https:\/\/api.w.org\/{rel}","templated":true}]}}