{"id":32202,"date":"2021-09-01T16:03:02","date_gmt":"2021-09-01T14:03:02","guid":{"rendered":"https:\/\/hloccfq.cluster031.hosting.ovh.net\/?post_type=product&#038;p=32202"},"modified":"2024-10-03T16:25:40","modified_gmt":"2024-10-03T14:25:40","slug":"calee-deckenleuchte","status":"publish","type":"product","link":"https:\/\/vaninahenry.com\/de\/produkt\/calee-deckenleuchte\/","title":{"rendered":"Cal\u00e9(e) &#8211; Deckenleuchte"},"content":{"rendered":"","protected":false},"excerpt":{"rendered":"<p><img decoding=\"async\" class=\"alignnone wp-image-63279 size-large\" src=\"http:\/\/vaninahenry.com\/wp-content\/uploads\/2021\/09\/cvl_calee-suspensions-filaires-e1634829003340.jpg\" alt=\"\" width=\"1024\" height=\"353\" srcset=\"https:\/\/vaninahenry.com\/wp-content\/uploads\/2021\/09\/cvl_calee-suspensions-filaires-e1634829003340.jpg 1100w, https:\/\/vaninahenry.com\/wp-content\/uploads\/2021\/09\/cvl_calee-suspensions-filaires-e1634829003340-600x207.jpg 600w, https:\/\/vaninahenry.com\/wp-content\/uploads\/2021\/09\/cvl_calee-suspensions-filaires-e1634829003340-300x103.jpg 300w, https:\/\/vaninahenry.com\/wp-content\/uploads\/2021\/09\/cvl_calee-suspensions-filaires-e1634829003340-1024x353.jpg 1024w, https:\/\/vaninahenry.com\/wp-content\/uploads\/2021\/09\/cvl_calee-suspensions-filaires-e1634829003340-768x265.jpg 768w\" sizes=\"(max-width: 1024px) 100vw, 1024px\" \/><br \/>\n<img decoding=\"async\" class=\"alignleft wp-image-31581 size-full\" src=\"http:\/\/vaninahenry.com\/wp-content\/uploads\/2021\/03\/2021_fiche-cvl-arborescence.-pdf-e1630492769596.jpg\" alt=\"\" width=\"670\" height=\"461\" \/><\/p>\n<p><span style=\"color: #9a7541;\">Farbkarte<\/span><br \/>\n1. Satin Messing<br \/>\n2. Satin Graphit<br \/>\n3. Satin Nickel<br \/>\n4. Satin Kupfer<br \/>\n5. Messing poliert<br \/>\n6. Graphit poliert<br \/>\n7. Nickel poliert<br \/>\n8. Kupfer poliert<\/p>\n<p>W\u00e4hlen Sie Ihre Tischleuchte nach dem:<br \/>\nFarbe 1 &#8211; K\u00f6rper<br \/>\nFarbe 2 &#8211; Basis<\/p>\n<p><a href=\"https:\/\/vaninahenry.com\/contact\/?lang=de\"><span style=\"color: #9a7541;\"><strong>Wenden Sie sich an uns<\/strong><\/span>, wenn Sie andere Kombinationen von Oberfl\u00e4chen oder spezielle Aufh\u00e4ngungsl\u00f6sungen bestellen m\u00f6chten.<\/a><\/p>\n<p>&nbsp;<\/p>\n<p><span style=\"color: #9a7500;\"><a style=\"color: #9a7500;\" href=\"https:\/\/vaninahenry.com\/brand\/cvl-luminaires\/\"><span style=\"color: # 9a7541;\">Weitere Informationen zu CVL<\/span><\/a><\/span><\/p>\n","protected":false},"featured_media":58786,"template":"","meta":{"_acf_changed":false,"inline_featured_image":false},"product_brand":[],"product_cat":[392],"product_tag":[],"class_list":{"0":"post-32202","1":"product","2":"type-product","3":"status-publish","4":"has-post-thumbnail","6":"product_cat-beleuchtungen","7":"product_shipping_class-cvl-de","9":"first","10":"instock","11":"taxable","12":"shipping-taxable","13":"purchasable","14":"product-type-variable"},"acf":[],"yoast_head":"<!-- This site is optimized with the Yoast SEO plugin v26.7 - https:\/\/yoast.com\/wordpress\/plugins\/seo\/ -->\n<title>Cal\u00e9(e) - Deckenleuchte - Vanina Henry<\/title>\n<meta name=\"robots\" content=\"index, follow, max-snippet:-1, max-image-preview:large, max-video-preview:-1\" \/>\n<link rel=\"canonical\" href=\"https:\/\/vaninahenry.com\/produkt\/calee-suspensions\/\" \/>\n<meta property=\"og:locale\" content=\"de_DE\" \/>\n<meta property=\"og:type\" content=\"article\" \/>\n<meta property=\"og:title\" content=\"Cal\u00e9(e) - Deckenleuchte - Vanina Henry\" \/>\n<meta property=\"og:description\" content=\"Farbkarte 1. Satin Messing 2. Satin Graphit 3. Satin Nickel 4. Satin Kupfer 5. Messing poliert 6. Graphit poliert 7. Nickel poliert 8. Kupfer poliert  W\u00e4hlen Sie Ihre Tischleuchte nach dem: Farbe 1 - K\u00f6rper Farbe 2 - Basis  Wenden Sie sich an uns, wenn Sie andere Kombinationen von Oberfl\u00e4chen oder spezielle Aufh\u00e4ngungsl\u00f6sungen bestellen m\u00f6chten.  &nbsp;  Weitere Informationen zu CVL\" \/>\n<meta property=\"og:url\" content=\"https:\/\/vaninahenry.com\/produkt\/calee-suspensions\/\" \/>\n<meta property=\"og:site_name\" content=\"Vanina Henry\" \/>\n<meta property=\"article:publisher\" content=\"https:\/\/www.facebook.com\/designbyvaninahenry\" \/>\n<meta property=\"article:modified_time\" content=\"2024-10-03T14:25:40+00:00\" \/>\n<meta property=\"og:image\" content=\"https:\/\/vaninahenry.com\/wp-content\/uploads\/2021\/09\/SUSPENSION-CALEE.jpg\" \/>\n\t<meta property=\"og:image:width\" content=\"989\" \/>\n\t<meta property=\"og:image:height\" content=\"1400\" \/>\n\t<meta property=\"og:image:type\" content=\"image\/jpeg\" \/>\n<meta name=\"twitter:card\" content=\"summary_large_image\" \/>\n<script type=\"application\/ld+json\" class=\"yoast-schema-graph\">{\"@context\":\"https:\/\/schema.org\",\"@graph\":[{\"@type\":\"WebPage\",\"@id\":\"https:\/\/vaninahenry.com\/produkt\/calee-suspensions\/\",\"url\":\"https:\/\/vaninahenry.com\/produkt\/calee-suspensions\/\",\"name\":\"Cal\u00e9(e) - Deckenleuchte - Vanina Henry\",\"isPartOf\":{\"@id\":\"https:\/\/vaninahenry.com\/#website\"},\"primaryImageOfPage\":{\"@id\":\"https:\/\/vaninahenry.com\/produkt\/calee-suspensions\/#primaryimage\"},\"image\":{\"@id\":\"https:\/\/vaninahenry.com\/produkt\/calee-suspensions\/#primaryimage\"},\"thumbnailUrl\":\"https:\/\/vaninahenry.com\/wp-content\/uploads\/2021\/09\/SUSPENSION-CALEE.jpg\",\"datePublished\":\"2021-09-01T14:03:02+00:00\",\"dateModified\":\"2024-10-03T14:25:40+00:00\",\"breadcrumb\":{\"@id\":\"https:\/\/vaninahenry.com\/produkt\/calee-suspensions\/#breadcrumb\"},\"inLanguage\":\"de\",\"potentialAction\":[{\"@type\":\"ReadAction\",\"target\":[\"https:\/\/vaninahenry.com\/produkt\/calee-suspensions\/\"]}]},{\"@type\":\"ImageObject\",\"inLanguage\":\"de\",\"@id\":\"https:\/\/vaninahenry.com\/produkt\/calee-suspensions\/#primaryimage\",\"url\":\"https:\/\/vaninahenry.com\/wp-content\/uploads\/2021\/09\/SUSPENSION-CALEE.jpg\",\"contentUrl\":\"https:\/\/vaninahenry.com\/wp-content\/uploads\/2021\/09\/SUSPENSION-CALEE.jpg\",\"width\":989,\"height\":1400},{\"@type\":\"BreadcrumbList\",\"@id\":\"https:\/\/vaninahenry.com\/produkt\/calee-suspensions\/#breadcrumb\",\"itemListElement\":[{\"@type\":\"ListItem\",\"position\":1,\"name\":\"Accueil\",\"item\":\"https:\/\/vaninahenry.com\/de\/\"},{\"@type\":\"ListItem\",\"position\":2,\"name\":\"Shop\",\"item\":\"https:\/\/vaninahenry.com\/boutique\/\"},{\"@type\":\"ListItem\",\"position\":3,\"name\":\"Cal\u00e9(e) &#8211; Deckenleuchte\"}]},{\"@type\":\"WebSite\",\"@id\":\"https:\/\/vaninahenry.com\/#website\",\"url\":\"https:\/\/vaninahenry.com\/\",\"name\":\"Vanina Henry\",\"description\":\"\",\"publisher\":{\"@id\":\"https:\/\/vaninahenry.com\/#organization\"},\"potentialAction\":[{\"@type\":\"SearchAction\",\"target\":{\"@type\":\"EntryPoint\",\"urlTemplate\":\"https:\/\/vaninahenry.com\/?s={search_term_string}\"},\"query-input\":{\"@type\":\"PropertyValueSpecification\",\"valueRequired\":true,\"valueName\":\"search_term_string\"}}],\"inLanguage\":\"de\"},{\"@type\":\"Organization\",\"@id\":\"https:\/\/vaninahenry.com\/#organization\",\"name\":\"Vanina Henry\",\"url\":\"https:\/\/vaninahenry.com\/\",\"logo\":{\"@type\":\"ImageObject\",\"inLanguage\":\"de\",\"@id\":\"https:\/\/vaninahenry.com\/#\/schema\/logo\/image\/\",\"url\":\"http:\/\/vaninahenry.com\/wp-content\/uploads\/2021\/10\/Logo-design-by-VaninaHenry.png\",\"contentUrl\":\"http:\/\/vaninahenry.com\/wp-content\/uploads\/2021\/10\/Logo-design-by-VaninaHenry.png\",\"width\":711,\"height\":467,\"caption\":\"Vanina Henry\"},\"image\":{\"@id\":\"https:\/\/vaninahenry.com\/#\/schema\/logo\/image\/\"},\"sameAs\":[\"https:\/\/www.facebook.com\/designbyvaninahenry\",\"https:\/\/www.instagram.com\/vaninahenry\/\"]}]}<\/script>\n<!-- \/ Yoast SEO plugin. -->","yoast_head_json":{"title":"Cal\u00e9(e) - Deckenleuchte - Vanina Henry","robots":{"index":"index","follow":"follow","max-snippet":"max-snippet:-1","max-image-preview":"max-image-preview:large","max-video-preview":"max-video-preview:-1"},"canonical":"https:\/\/vaninahenry.com\/produkt\/calee-suspensions\/","og_locale":"de_DE","og_type":"article","og_title":"Cal\u00e9(e) - Deckenleuchte - Vanina Henry","og_description":"Farbkarte 1. Satin Messing 2. Satin Graphit 3. Satin Nickel 4. Satin Kupfer 5. Messing poliert 6. Graphit poliert 7. Nickel poliert 8. Kupfer poliert  W\u00e4hlen Sie Ihre Tischleuchte nach dem: Farbe 1 - K\u00f6rper Farbe 2 - Basis  Wenden Sie sich an uns, wenn Sie andere Kombinationen von Oberfl\u00e4chen oder spezielle Aufh\u00e4ngungsl\u00f6sungen bestellen m\u00f6chten.  &nbsp;  Weitere Informationen zu CVL","og_url":"https:\/\/vaninahenry.com\/produkt\/calee-suspensions\/","og_site_name":"Vanina Henry","article_publisher":"https:\/\/www.facebook.com\/designbyvaninahenry","article_modified_time":"2024-10-03T14:25:40+00:00","og_image":[{"width":989,"height":1400,"url":"https:\/\/vaninahenry.com\/wp-content\/uploads\/2021\/09\/SUSPENSION-CALEE.jpg","type":"image\/jpeg"}],"twitter_card":"summary_large_image","schema":{"@context":"https:\/\/schema.org","@graph":[{"@type":"WebPage","@id":"https:\/\/vaninahenry.com\/produkt\/calee-suspensions\/","url":"https:\/\/vaninahenry.com\/produkt\/calee-suspensions\/","name":"Cal\u00e9(e) - Deckenleuchte - Vanina Henry","isPartOf":{"@id":"https:\/\/vaninahenry.com\/#website"},"primaryImageOfPage":{"@id":"https:\/\/vaninahenry.com\/produkt\/calee-suspensions\/#primaryimage"},"image":{"@id":"https:\/\/vaninahenry.com\/produkt\/calee-suspensions\/#primaryimage"},"thumbnailUrl":"https:\/\/vaninahenry.com\/wp-content\/uploads\/2021\/09\/SUSPENSION-CALEE.jpg","datePublished":"2021-09-01T14:03:02+00:00","dateModified":"2024-10-03T14:25:40+00:00","breadcrumb":{"@id":"https:\/\/vaninahenry.com\/produkt\/calee-suspensions\/#breadcrumb"},"inLanguage":"de","potentialAction":[{"@type":"ReadAction","target":["https:\/\/vaninahenry.com\/produkt\/calee-suspensions\/"]}]},{"@type":"ImageObject","inLanguage":"de","@id":"https:\/\/vaninahenry.com\/produkt\/calee-suspensions\/#primaryimage","url":"https:\/\/vaninahenry.com\/wp-content\/uploads\/2021\/09\/SUSPENSION-CALEE.jpg","contentUrl":"https:\/\/vaninahenry.com\/wp-content\/uploads\/2021\/09\/SUSPENSION-CALEE.jpg","width":989,"height":1400},{"@type":"BreadcrumbList","@id":"https:\/\/vaninahenry.com\/produkt\/calee-suspensions\/#breadcrumb","itemListElement":[{"@type":"ListItem","position":1,"name":"Accueil","item":"https:\/\/vaninahenry.com\/de\/"},{"@type":"ListItem","position":2,"name":"Shop","item":"https:\/\/vaninahenry.com\/boutique\/"},{"@type":"ListItem","position":3,"name":"Cal\u00e9(e) &#8211; Deckenleuchte"}]},{"@type":"WebSite","@id":"https:\/\/vaninahenry.com\/#website","url":"https:\/\/vaninahenry.com\/","name":"Vanina Henry","description":"","publisher":{"@id":"https:\/\/vaninahenry.com\/#organization"},"potentialAction":[{"@type":"SearchAction","target":{"@type":"EntryPoint","urlTemplate":"https:\/\/vaninahenry.com\/?s={search_term_string}"},"query-input":{"@type":"PropertyValueSpecification","valueRequired":true,"valueName":"search_term_string"}}],"inLanguage":"de"},{"@type":"Organization","@id":"https:\/\/vaninahenry.com\/#organization","name":"Vanina Henry","url":"https:\/\/vaninahenry.com\/","logo":{"@type":"ImageObject","inLanguage":"de","@id":"https:\/\/vaninahenry.com\/#\/schema\/logo\/image\/","url":"http:\/\/vaninahenry.com\/wp-content\/uploads\/2021\/10\/Logo-design-by-VaninaHenry.png","contentUrl":"http:\/\/vaninahenry.com\/wp-content\/uploads\/2021\/10\/Logo-design-by-VaninaHenry.png","width":711,"height":467,"caption":"Vanina Henry"},"image":{"@id":"https:\/\/vaninahenry.com\/#\/schema\/logo\/image\/"},"sameAs":["https:\/\/www.facebook.com\/designbyvaninahenry","https:\/\/www.instagram.com\/vaninahenry\/"]}]}},"_links":{"self":[{"href":"https:\/\/vaninahenry.com\/de\/wp-json\/wp\/v2\/product\/32202","targetHints":{"allow":["GET"]}}],"collection":[{"href":"https:\/\/vaninahenry.com\/de\/wp-json\/wp\/v2\/product"}],"about":[{"href":"https:\/\/vaninahenry.com\/de\/wp-json\/wp\/v2\/types\/product"}],"wp:featuredmedia":[{"embeddable":true,"href":"https:\/\/vaninahenry.com\/de\/wp-json\/wp\/v2\/media\/58786"}],"wp:attachment":[{"href":"https:\/\/vaninahenry.com\/de\/wp-json\/wp\/v2\/media?parent=32202"}],"wp:term":[{"taxonomy":"product_brand","embeddable":true,"href":"https:\/\/vaninahenry.com\/de\/wp-json\/wp\/v2\/product_brand?post=32202"},{"taxonomy":"product_cat","embeddable":true,"href":"https:\/\/vaninahenry.com\/de\/wp-json\/wp\/v2\/product_cat?post=32202"},{"taxonomy":"product_tag","embeddable":true,"href":"https:\/\/vaninahenry.com\/de\/wp-json\/wp\/v2\/product_tag?post=32202"}],"curies":[{"name":"wp","href":"https:\/\/api.w.org\/{rel}","templated":true}]}}