{"id":31962,"date":"2021-09-01T14:19:22","date_gmt":"2021-09-01T12:19:22","guid":{"rendered":"https:\/\/hloccfq.cluster031.hosting.ovh.net\/?post_type=product&#038;p=31962"},"modified":"2024-10-03T16:25:26","modified_gmt":"2024-10-03T14:25:26","slug":"cale-e-wandleuchte","status":"publish","type":"product","link":"https:\/\/vaninahenry.com\/de\/produkt\/cale-e-wandleuchte\/","title":{"rendered":"Cal\u00e9 (e) &#8211; Wandleuchte"},"content":{"rendered":"","protected":false},"excerpt":{"rendered":"<p><img decoding=\"async\" class=\"wp-image-58814 size-full aligncenter\" src=\"http:\/\/vaninahenry.com\/wp-content\/uploads\/2021\/09\/Calee-aplique.jpg\" alt=\"\" width=\"695\" height=\"308\" srcset=\"https:\/\/vaninahenry.com\/wp-content\/uploads\/2021\/09\/Calee-aplique.jpg 695w, https:\/\/vaninahenry.com\/wp-content\/uploads\/2021\/09\/Calee-aplique-600x266.jpg 600w, https:\/\/vaninahenry.com\/wp-content\/uploads\/2021\/09\/Calee-aplique-300x133.jpg 300w\" sizes=\"(max-width: 695px) 100vw, 695px\" \/><img decoding=\"async\" class=\"alignleft wp-image-31581 size-full\" src=\"http:\/\/vaninahenry.com\/wp-content\/uploads\/2021\/03\/2021_fiche-cvl-arborescence.-pdf-e1630492769596.jpg\" alt=\"\" width=\"670\" height=\"461\" \/><\/p>\n<p><span style=\"color: #9a7541;\">Farbkarte<\/span><br \/>\n1. Satin Messing<br \/>\n2. Satin Graphit<br \/>\n3. Satin Nickel<br \/>\n4. Satin Kupfer<br \/>\n5. Messing poliert<br \/>\n6. Graphit poliert<br \/>\n7. Nickel poliert<br \/>\n8. Kupfer poliert<\/p>\n<p>W\u00e4hlen Sie Ihre Tischleuchte nach dem:<br \/>\nFarbe 1 &#8211; K\u00f6rper<br \/>\nFarbe 2 &#8211; Basis<\/p>\n<p><a href=\"https:\/\/vaninahenry.com\/contact\/?lang=de\"><span style=\"color: #9a7500;\"><strong>Kontaktieren Sie uns <\/strong><\/span>um verschiedene Kombinationen von Oberfl\u00e4chen zu bestellen.<\/a><\/p>\n<p><a href=\"https:\/\/vaninahenry.com\/marque\/cvl-luminaires\/\"><span style=\"color: #9a7541;\">Mehr \u00fcber CVL erfahren<\/span><\/a><\/p>\n<p>&nbsp;<\/p>\n<p>&nbsp;<\/p>\n","protected":false},"featured_media":58774,"template":"","meta":{"_acf_changed":false,"inline_featured_image":false},"product_brand":[],"product_cat":[392],"product_tag":[],"class_list":{"0":"post-31962","1":"product","2":"type-product","3":"status-publish","4":"has-post-thumbnail","6":"product_cat-beleuchtungen","7":"product_shipping_class-cvl-de","9":"first","10":"instock","11":"taxable","12":"shipping-taxable","13":"purchasable","14":"product-type-variable"},"acf":[],"yoast_head":"<!-- This site is optimized with the Yoast SEO plugin v26.7 - https:\/\/yoast.com\/wordpress\/plugins\/seo\/ -->\n<title>Cal\u00e9 (e) - Wandleuchte - Vanina Henry<\/title>\n<meta name=\"robots\" content=\"index, follow, max-snippet:-1, max-image-preview:large, max-video-preview:-1\" \/>\n<link rel=\"canonical\" href=\"https:\/\/vaninahenry.com\/produkt\/calee-suspension\/\" \/>\n<meta property=\"og:locale\" content=\"de_DE\" \/>\n<meta property=\"og:type\" content=\"article\" \/>\n<meta property=\"og:title\" content=\"Cal\u00e9 (e) - Wandleuchte - Vanina Henry\" \/>\n<meta property=\"og:description\" content=\"Farbkarte 1. Satin Messing 2. Satin Graphit 3. Satin Nickel 4. Satin Kupfer 5. Messing poliert 6. Graphit poliert 7. Nickel poliert 8. Kupfer poliert  W\u00e4hlen Sie Ihre Tischleuchte nach dem: Farbe 1 - K\u00f6rper Farbe 2 - Basis  Kontaktieren Sie uns um verschiedene Kombinationen von Oberfl\u00e4chen zu bestellen.  Mehr \u00fcber CVL erfahren  &nbsp;  &nbsp;\" \/>\n<meta property=\"og:url\" content=\"https:\/\/vaninahenry.com\/produkt\/calee-suspension\/\" \/>\n<meta property=\"og:site_name\" content=\"Vanina Henry\" \/>\n<meta property=\"article:publisher\" content=\"https:\/\/www.facebook.com\/designbyvaninahenry\" \/>\n<meta property=\"article:modified_time\" content=\"2024-10-03T14:25:26+00:00\" \/>\n<meta property=\"og:image\" content=\"https:\/\/vaninahenry.com\/wp-content\/uploads\/2021\/09\/calee_walllampV1b\u00a9studios-garnier.jpg\" \/>\n\t<meta property=\"og:image:width\" content=\"1144\" \/>\n\t<meta property=\"og:image:height\" content=\"1400\" \/>\n\t<meta property=\"og:image:type\" content=\"image\/jpeg\" \/>\n<meta name=\"twitter:card\" content=\"summary_large_image\" \/>\n<script type=\"application\/ld+json\" class=\"yoast-schema-graph\">{\"@context\":\"https:\/\/schema.org\",\"@graph\":[{\"@type\":\"WebPage\",\"@id\":\"https:\/\/vaninahenry.com\/produkt\/calee-suspension\/\",\"url\":\"https:\/\/vaninahenry.com\/produkt\/calee-suspension\/\",\"name\":\"Cal\u00e9 (e) - Wandleuchte - Vanina Henry\",\"isPartOf\":{\"@id\":\"https:\/\/vaninahenry.com\/#website\"},\"primaryImageOfPage\":{\"@id\":\"https:\/\/vaninahenry.com\/produkt\/calee-suspension\/#primaryimage\"},\"image\":{\"@id\":\"https:\/\/vaninahenry.com\/produkt\/calee-suspension\/#primaryimage\"},\"thumbnailUrl\":\"https:\/\/vaninahenry.com\/wp-content\/uploads\/2021\/09\/calee_walllampV1b\u00a9studios-garnier.jpg\",\"datePublished\":\"2021-09-01T12:19:22+00:00\",\"dateModified\":\"2024-10-03T14:25:26+00:00\",\"breadcrumb\":{\"@id\":\"https:\/\/vaninahenry.com\/produkt\/calee-suspension\/#breadcrumb\"},\"inLanguage\":\"de\",\"potentialAction\":[{\"@type\":\"ReadAction\",\"target\":[\"https:\/\/vaninahenry.com\/produkt\/calee-suspension\/\"]}]},{\"@type\":\"ImageObject\",\"inLanguage\":\"de\",\"@id\":\"https:\/\/vaninahenry.com\/produkt\/calee-suspension\/#primaryimage\",\"url\":\"https:\/\/vaninahenry.com\/wp-content\/uploads\/2021\/09\/calee_walllampV1b\u00a9studios-garnier.jpg\",\"contentUrl\":\"https:\/\/vaninahenry.com\/wp-content\/uploads\/2021\/09\/calee_walllampV1b\u00a9studios-garnier.jpg\",\"width\":1144,\"height\":1400},{\"@type\":\"BreadcrumbList\",\"@id\":\"https:\/\/vaninahenry.com\/produkt\/calee-suspension\/#breadcrumb\",\"itemListElement\":[{\"@type\":\"ListItem\",\"position\":1,\"name\":\"Accueil\",\"item\":\"https:\/\/vaninahenry.com\/de\/\"},{\"@type\":\"ListItem\",\"position\":2,\"name\":\"Shop\",\"item\":\"https:\/\/vaninahenry.com\/boutique\/\"},{\"@type\":\"ListItem\",\"position\":3,\"name\":\"Cal\u00e9 (e) &#8211; Wandleuchte\"}]},{\"@type\":\"WebSite\",\"@id\":\"https:\/\/vaninahenry.com\/#website\",\"url\":\"https:\/\/vaninahenry.com\/\",\"name\":\"Vanina Henry\",\"description\":\"\",\"publisher\":{\"@id\":\"https:\/\/vaninahenry.com\/#organization\"},\"potentialAction\":[{\"@type\":\"SearchAction\",\"target\":{\"@type\":\"EntryPoint\",\"urlTemplate\":\"https:\/\/vaninahenry.com\/?s={search_term_string}\"},\"query-input\":{\"@type\":\"PropertyValueSpecification\",\"valueRequired\":true,\"valueName\":\"search_term_string\"}}],\"inLanguage\":\"de\"},{\"@type\":\"Organization\",\"@id\":\"https:\/\/vaninahenry.com\/#organization\",\"name\":\"Vanina Henry\",\"url\":\"https:\/\/vaninahenry.com\/\",\"logo\":{\"@type\":\"ImageObject\",\"inLanguage\":\"de\",\"@id\":\"https:\/\/vaninahenry.com\/#\/schema\/logo\/image\/\",\"url\":\"http:\/\/vaninahenry.com\/wp-content\/uploads\/2021\/10\/Logo-design-by-VaninaHenry.png\",\"contentUrl\":\"http:\/\/vaninahenry.com\/wp-content\/uploads\/2021\/10\/Logo-design-by-VaninaHenry.png\",\"width\":711,\"height\":467,\"caption\":\"Vanina Henry\"},\"image\":{\"@id\":\"https:\/\/vaninahenry.com\/#\/schema\/logo\/image\/\"},\"sameAs\":[\"https:\/\/www.facebook.com\/designbyvaninahenry\",\"https:\/\/www.instagram.com\/vaninahenry\/\"]}]}<\/script>\n<!-- \/ Yoast SEO plugin. -->","yoast_head_json":{"title":"Cal\u00e9 (e) - Wandleuchte - Vanina Henry","robots":{"index":"index","follow":"follow","max-snippet":"max-snippet:-1","max-image-preview":"max-image-preview:large","max-video-preview":"max-video-preview:-1"},"canonical":"https:\/\/vaninahenry.com\/produkt\/calee-suspension\/","og_locale":"de_DE","og_type":"article","og_title":"Cal\u00e9 (e) - Wandleuchte - Vanina Henry","og_description":"Farbkarte 1. Satin Messing 2. Satin Graphit 3. Satin Nickel 4. Satin Kupfer 5. Messing poliert 6. Graphit poliert 7. Nickel poliert 8. Kupfer poliert  W\u00e4hlen Sie Ihre Tischleuchte nach dem: Farbe 1 - K\u00f6rper Farbe 2 - Basis  Kontaktieren Sie uns um verschiedene Kombinationen von Oberfl\u00e4chen zu bestellen.  Mehr \u00fcber CVL erfahren  &nbsp;  &nbsp;","og_url":"https:\/\/vaninahenry.com\/produkt\/calee-suspension\/","og_site_name":"Vanina Henry","article_publisher":"https:\/\/www.facebook.com\/designbyvaninahenry","article_modified_time":"2024-10-03T14:25:26+00:00","og_image":[{"width":1144,"height":1400,"url":"https:\/\/vaninahenry.com\/wp-content\/uploads\/2021\/09\/calee_walllampV1b\u00a9studios-garnier.jpg","type":"image\/jpeg"}],"twitter_card":"summary_large_image","schema":{"@context":"https:\/\/schema.org","@graph":[{"@type":"WebPage","@id":"https:\/\/vaninahenry.com\/produkt\/calee-suspension\/","url":"https:\/\/vaninahenry.com\/produkt\/calee-suspension\/","name":"Cal\u00e9 (e) - Wandleuchte - Vanina Henry","isPartOf":{"@id":"https:\/\/vaninahenry.com\/#website"},"primaryImageOfPage":{"@id":"https:\/\/vaninahenry.com\/produkt\/calee-suspension\/#primaryimage"},"image":{"@id":"https:\/\/vaninahenry.com\/produkt\/calee-suspension\/#primaryimage"},"thumbnailUrl":"https:\/\/vaninahenry.com\/wp-content\/uploads\/2021\/09\/calee_walllampV1b\u00a9studios-garnier.jpg","datePublished":"2021-09-01T12:19:22+00:00","dateModified":"2024-10-03T14:25:26+00:00","breadcrumb":{"@id":"https:\/\/vaninahenry.com\/produkt\/calee-suspension\/#breadcrumb"},"inLanguage":"de","potentialAction":[{"@type":"ReadAction","target":["https:\/\/vaninahenry.com\/produkt\/calee-suspension\/"]}]},{"@type":"ImageObject","inLanguage":"de","@id":"https:\/\/vaninahenry.com\/produkt\/calee-suspension\/#primaryimage","url":"https:\/\/vaninahenry.com\/wp-content\/uploads\/2021\/09\/calee_walllampV1b\u00a9studios-garnier.jpg","contentUrl":"https:\/\/vaninahenry.com\/wp-content\/uploads\/2021\/09\/calee_walllampV1b\u00a9studios-garnier.jpg","width":1144,"height":1400},{"@type":"BreadcrumbList","@id":"https:\/\/vaninahenry.com\/produkt\/calee-suspension\/#breadcrumb","itemListElement":[{"@type":"ListItem","position":1,"name":"Accueil","item":"https:\/\/vaninahenry.com\/de\/"},{"@type":"ListItem","position":2,"name":"Shop","item":"https:\/\/vaninahenry.com\/boutique\/"},{"@type":"ListItem","position":3,"name":"Cal\u00e9 (e) &#8211; Wandleuchte"}]},{"@type":"WebSite","@id":"https:\/\/vaninahenry.com\/#website","url":"https:\/\/vaninahenry.com\/","name":"Vanina Henry","description":"","publisher":{"@id":"https:\/\/vaninahenry.com\/#organization"},"potentialAction":[{"@type":"SearchAction","target":{"@type":"EntryPoint","urlTemplate":"https:\/\/vaninahenry.com\/?s={search_term_string}"},"query-input":{"@type":"PropertyValueSpecification","valueRequired":true,"valueName":"search_term_string"}}],"inLanguage":"de"},{"@type":"Organization","@id":"https:\/\/vaninahenry.com\/#organization","name":"Vanina Henry","url":"https:\/\/vaninahenry.com\/","logo":{"@type":"ImageObject","inLanguage":"de","@id":"https:\/\/vaninahenry.com\/#\/schema\/logo\/image\/","url":"http:\/\/vaninahenry.com\/wp-content\/uploads\/2021\/10\/Logo-design-by-VaninaHenry.png","contentUrl":"http:\/\/vaninahenry.com\/wp-content\/uploads\/2021\/10\/Logo-design-by-VaninaHenry.png","width":711,"height":467,"caption":"Vanina Henry"},"image":{"@id":"https:\/\/vaninahenry.com\/#\/schema\/logo\/image\/"},"sameAs":["https:\/\/www.facebook.com\/designbyvaninahenry","https:\/\/www.instagram.com\/vaninahenry\/"]}]}},"_links":{"self":[{"href":"https:\/\/vaninahenry.com\/de\/wp-json\/wp\/v2\/product\/31962","targetHints":{"allow":["GET"]}}],"collection":[{"href":"https:\/\/vaninahenry.com\/de\/wp-json\/wp\/v2\/product"}],"about":[{"href":"https:\/\/vaninahenry.com\/de\/wp-json\/wp\/v2\/types\/product"}],"wp:featuredmedia":[{"embeddable":true,"href":"https:\/\/vaninahenry.com\/de\/wp-json\/wp\/v2\/media\/58774"}],"wp:attachment":[{"href":"https:\/\/vaninahenry.com\/de\/wp-json\/wp\/v2\/media?parent=31962"}],"wp:term":[{"taxonomy":"product_brand","embeddable":true,"href":"https:\/\/vaninahenry.com\/de\/wp-json\/wp\/v2\/product_brand?post=31962"},{"taxonomy":"product_cat","embeddable":true,"href":"https:\/\/vaninahenry.com\/de\/wp-json\/wp\/v2\/product_cat?post=31962"},{"taxonomy":"product_tag","embeddable":true,"href":"https:\/\/vaninahenry.com\/de\/wp-json\/wp\/v2\/product_tag?post=31962"}],"curies":[{"name":"wp","href":"https:\/\/api.w.org\/{rel}","templated":true}]}}