{"id":25449,"date":"2021-08-16T14:01:32","date_gmt":"2021-08-16T12:01:32","guid":{"rendered":"https:\/\/hloccfq.cluster031.hosting.ovh.net\/?post_type=product&#038;p=25449"},"modified":"2024-10-03T10:19:24","modified_gmt":"2024-10-03T08:19:24","slug":"ulysse","status":"publish","type":"product","link":"https:\/\/vaninahenry.com\/de\/produkt\/ulysse\/","title":{"rendered":"Ulysse"},"content":{"rendered":"<p>Rolle: 1m mal 10m.<\/p>\n<p>Zusammensetzung: Vinyl auf Vliestr\u00e4ger.<\/p>\n<p>Band: Gerade 95cm<\/p>\n<p>Reinigung: Waschbar.<\/p>\n<p>Feuerbest\u00e4ndigkeit: Permanent flammhemmend.<\/p>\n<p>Ausgezeichnete Lichtechtheit.<\/p>\n<p><img decoding=\"async\" class=\"alignnone wp-image-48982\" src=\"http:\/\/vaninahenry.com\/wp-content\/uploads\/2021\/08\/picto_GLOSSAIRE_Non_feu-100x100.jpg\" alt=\"\" width=\"100\" height=\"100\" \/><img decoding=\"async\" class=\"alignnone wp-image-48985\" src=\"http:\/\/vaninahenry.com\/wp-content\/uploads\/2021\/08\/picto_GLOSSAIRE_Lavable-100x100.jpg\" alt=\"\" width=\"100\" height=\"100\" \/><img decoding=\"async\" class=\"alignnone wp-image-48988\" src=\"http:\/\/vaninahenry.com\/wp-content\/uploads\/2021\/08\/picto_GLOSSAIRE_Excellente_tenue_lumiere-1-100x100.jpg\" alt=\"\" width=\"100\" height=\"100\" \/><img decoding=\"async\" class=\"alignnone wp-image-48991\" src=\"http:\/\/vaninahenry.com\/wp-content\/uploads\/2021\/08\/picto_GLOSSAIRE_Encollage_mur-100x100.jpg\" alt=\"\" width=\"100\" height=\"100\" \/><img decoding=\"async\" class=\"alignnone wp-image-49165\" src=\"http:\/\/vaninahenry.com\/wp-content\/uploads\/2021\/08\/picto_GLOSSAIRE_Raccord_94-100x100.jpeg\" alt=\"\" width=\"100\" height=\"100\" srcset=\"https:\/\/vaninahenry.com\/wp-content\/uploads\/2021\/08\/picto_GLOSSAIRE_Raccord_94-100x100.jpeg 100w, https:\/\/vaninahenry.com\/wp-content\/uploads\/2021\/08\/picto_GLOSSAIRE_Raccord_94-300x300.jpeg 300w, https:\/\/vaninahenry.com\/wp-content\/uploads\/2021\/08\/picto_GLOSSAIRE_Raccord_94-150x150.jpeg 150w, https:\/\/vaninahenry.com\/wp-content\/uploads\/2021\/08\/picto_GLOSSAIRE_Raccord_94-140x140.jpeg 140w, https:\/\/vaninahenry.com\/wp-content\/uploads\/2021\/08\/picto_GLOSSAIRE_Raccord_94-350x350.jpeg 350w, https:\/\/vaninahenry.com\/wp-content\/uploads\/2021\/08\/picto_GLOSSAIRE_Raccord_94.jpeg 440w\" sizes=\"(max-width: 100px) 100vw, 100px\" \/><img decoding=\"async\" class=\"alignnone wp-image-48997\" src=\"http:\/\/vaninahenry.com\/wp-content\/uploads\/2021\/08\/picto_GLOSSAIRE_Arrachable_sec-100x100.jpg\" alt=\"\" width=\"100\" height=\"100\" \/><img decoding=\"async\" class=\"alignnone wp-image-24559\" src=\"http:\/\/vaninahenry.com\/wp-content\/uploads\/2021\/03\/A-1.jpg\" alt=\"\" width=\"138\" height=\"100\" \/><\/p>\n<p>&nbsp;<\/p>\n","protected":false},"excerpt":{"rendered":"<p><span style=\"color: #9a7541;\">Volver<\/span><\/p>\n<p><span style=\"color: #9a7541;\">Ulysse <\/span>ist in 4 Referenzen verf\u00fcgbar:<img decoding=\"async\" class=\"alignnone wp-image-49169 size-full\" src=\"http:\/\/vaninahenry.com\/wp-content\/uploads\/2021\/08\/ELITIS_VP_925-1024x1024-1.jpeg\" alt=\"\" width=\"1024\" height=\"1024\" srcset=\"https:\/\/vaninahenry.com\/wp-content\/uploads\/2021\/08\/ELITIS_VP_925-1024x1024-1.jpeg 1024w, https:\/\/vaninahenry.com\/wp-content\/uploads\/2021\/08\/ELITIS_VP_925-1024x1024-1-300x300.jpeg 300w, https:\/\/vaninahenry.com\/wp-content\/uploads\/2021\/08\/ELITIS_VP_925-1024x1024-1-100x100.jpeg 100w, https:\/\/vaninahenry.com\/wp-content\/uploads\/2021\/08\/ELITIS_VP_925-1024x1024-1-600x600.jpeg 600w, https:\/\/vaninahenry.com\/wp-content\/uploads\/2021\/08\/ELITIS_VP_925-1024x1024-1-150x150.jpeg 150w, https:\/\/vaninahenry.com\/wp-content\/uploads\/2021\/08\/ELITIS_VP_925-1024x1024-1-768x768.jpeg 768w, https:\/\/vaninahenry.com\/wp-content\/uploads\/2021\/08\/ELITIS_VP_925-1024x1024-1-140x140.jpeg 140w, https:\/\/vaninahenry.com\/wp-content\/uploads\/2021\/08\/ELITIS_VP_925-1024x1024-1-500x500.jpeg 500w, https:\/\/vaninahenry.com\/wp-content\/uploads\/2021\/08\/ELITIS_VP_925-1024x1024-1-350x350.jpeg 350w, https:\/\/vaninahenry.com\/wp-content\/uploads\/2021\/08\/ELITIS_VP_925-1024x1024-1-1000x1000.jpeg 1000w, https:\/\/vaninahenry.com\/wp-content\/uploads\/2021\/08\/ELITIS_VP_925-1024x1024-1-800x800.jpeg 800w\" sizes=\"(max-width: 1024px) 100vw, 1024px\" \/>Die Rolle ist 1 Meter breit und 10 Meter lang.<\/p>\n<p><strong><a href=\"http:\/\/vaninahenry.com\/wp-content\/uploads\/2021\/08\/calcul-DE-1-scaled.jpg\">Berechnen Sie die Anzahl der Rollen selbst.<\/a><\/strong><br \/>\n<a href=\"https:\/\/vaninahenry.com\/contact\/\">Wir k\u00f6nnen auch Ihnen helfen, <span style=\"color: #9a7541;\"><strong>kontaktieren Sie uns.<\/strong><\/span><\/a><\/p>\n<p><span style=\"color: #9a7541;\">Mehr \u00fcber ELITIS<\/span><\/p>\n","protected":false},"featured_media":49172,"template":"","meta":{"_acf_changed":false,"inline_featured_image":false},"product_brand":[],"product_cat":[399],"product_tag":[],"class_list":{"0":"post-25449","1":"product","2":"type-product","3":"status-publish","4":"has-post-thumbnail","6":"product_cat-tapete","7":"product_shipping_class-elitis-de","8":"pa_papier-peint-volver-de","10":"first","11":"instock","12":"taxable","13":"shipping-taxable","14":"product-type-variable"},"acf":[],"yoast_head":"<!-- This site is optimized with the Yoast SEO plugin v26.7 - https:\/\/yoast.com\/wordpress\/plugins\/seo\/ -->\n<title>Ulysse - Vanina Henry<\/title>\n<meta name=\"robots\" content=\"index, follow, max-snippet:-1, max-image-preview:large, max-video-preview:-1\" \/>\n<link rel=\"canonical\" href=\"https:\/\/vaninahenry.com\/produkt\/ulysse\/\" \/>\n<meta property=\"og:locale\" content=\"de_DE\" \/>\n<meta property=\"og:type\" content=\"article\" \/>\n<meta property=\"og:title\" content=\"Ulysse - Vanina Henry\" \/>\n<meta property=\"og:description\" content=\"Volver  Ulysse ist in 4 Referenzen verf\u00fcgbar:Die Rolle ist 1 Meter breit und 10 Meter lang.  Berechnen Sie die Anzahl der Rollen selbst. Wir k\u00f6nnen auch Ihnen helfen, kontaktieren Sie uns.  Mehr \u00fcber ELITIS\" \/>\n<meta property=\"og:url\" content=\"https:\/\/vaninahenry.com\/produkt\/ulysse\/\" \/>\n<meta property=\"og:site_name\" content=\"Vanina Henry\" \/>\n<meta property=\"article:publisher\" content=\"https:\/\/www.facebook.com\/designbyvaninahenry\" \/>\n<meta property=\"article:modified_time\" content=\"2024-10-03T08:19:24+00:00\" \/>\n<meta property=\"og:image\" content=\"https:\/\/vaninahenry.com\/wp-content\/uploads\/2021\/08\/ELITIS__VP_925_01_VOLVER_YD_-6-1.jpg\" \/>\n\t<meta property=\"og:image:width\" content=\"1400\" \/>\n\t<meta property=\"og:image:height\" content=\"933\" \/>\n\t<meta property=\"og:image:type\" content=\"image\/jpeg\" \/>\n<meta name=\"twitter:card\" content=\"summary_large_image\" \/>\n<script type=\"application\/ld+json\" class=\"yoast-schema-graph\">{\"@context\":\"https:\/\/schema.org\",\"@graph\":[{\"@type\":\"WebPage\",\"@id\":\"https:\/\/vaninahenry.com\/produkt\/ulysse\/\",\"url\":\"https:\/\/vaninahenry.com\/produkt\/ulysse\/\",\"name\":\"Ulysse - Vanina Henry\",\"isPartOf\":{\"@id\":\"https:\/\/vaninahenry.com\/#website\"},\"primaryImageOfPage\":{\"@id\":\"https:\/\/vaninahenry.com\/produkt\/ulysse\/#primaryimage\"},\"image\":{\"@id\":\"https:\/\/vaninahenry.com\/produkt\/ulysse\/#primaryimage\"},\"thumbnailUrl\":\"https:\/\/vaninahenry.com\/wp-content\/uploads\/2021\/08\/ELITIS__VP_925_01_VOLVER_YD_-6-1.jpg\",\"datePublished\":\"2021-08-16T12:01:32+00:00\",\"dateModified\":\"2024-10-03T08:19:24+00:00\",\"breadcrumb\":{\"@id\":\"https:\/\/vaninahenry.com\/produkt\/ulysse\/#breadcrumb\"},\"inLanguage\":\"de\",\"potentialAction\":[{\"@type\":\"ReadAction\",\"target\":[\"https:\/\/vaninahenry.com\/produkt\/ulysse\/\"]}]},{\"@type\":\"ImageObject\",\"inLanguage\":\"de\",\"@id\":\"https:\/\/vaninahenry.com\/produkt\/ulysse\/#primaryimage\",\"url\":\"https:\/\/vaninahenry.com\/wp-content\/uploads\/2021\/08\/ELITIS__VP_925_01_VOLVER_YD_-6-1.jpg\",\"contentUrl\":\"https:\/\/vaninahenry.com\/wp-content\/uploads\/2021\/08\/ELITIS__VP_925_01_VOLVER_YD_-6-1.jpg\",\"width\":1400,\"height\":933},{\"@type\":\"BreadcrumbList\",\"@id\":\"https:\/\/vaninahenry.com\/produkt\/ulysse\/#breadcrumb\",\"itemListElement\":[{\"@type\":\"ListItem\",\"position\":1,\"name\":\"Accueil\",\"item\":\"https:\/\/vaninahenry.com\/de\/\"},{\"@type\":\"ListItem\",\"position\":2,\"name\":\"Shop\",\"item\":\"https:\/\/vaninahenry.com\/boutique\/\"},{\"@type\":\"ListItem\",\"position\":3,\"name\":\"Ulysse\"}]},{\"@type\":\"WebSite\",\"@id\":\"https:\/\/vaninahenry.com\/#website\",\"url\":\"https:\/\/vaninahenry.com\/\",\"name\":\"Vanina Henry\",\"description\":\"\",\"publisher\":{\"@id\":\"https:\/\/vaninahenry.com\/#organization\"},\"potentialAction\":[{\"@type\":\"SearchAction\",\"target\":{\"@type\":\"EntryPoint\",\"urlTemplate\":\"https:\/\/vaninahenry.com\/?s={search_term_string}\"},\"query-input\":{\"@type\":\"PropertyValueSpecification\",\"valueRequired\":true,\"valueName\":\"search_term_string\"}}],\"inLanguage\":\"de\"},{\"@type\":\"Organization\",\"@id\":\"https:\/\/vaninahenry.com\/#organization\",\"name\":\"Vanina Henry\",\"url\":\"https:\/\/vaninahenry.com\/\",\"logo\":{\"@type\":\"ImageObject\",\"inLanguage\":\"de\",\"@id\":\"https:\/\/vaninahenry.com\/#\/schema\/logo\/image\/\",\"url\":\"http:\/\/vaninahenry.com\/wp-content\/uploads\/2021\/10\/Logo-design-by-VaninaHenry.png\",\"contentUrl\":\"http:\/\/vaninahenry.com\/wp-content\/uploads\/2021\/10\/Logo-design-by-VaninaHenry.png\",\"width\":711,\"height\":467,\"caption\":\"Vanina Henry\"},\"image\":{\"@id\":\"https:\/\/vaninahenry.com\/#\/schema\/logo\/image\/\"},\"sameAs\":[\"https:\/\/www.facebook.com\/designbyvaninahenry\",\"https:\/\/www.instagram.com\/vaninahenry\/\"]}]}<\/script>\n<!-- \/ Yoast SEO plugin. -->","yoast_head_json":{"title":"Ulysse - Vanina Henry","robots":{"index":"index","follow":"follow","max-snippet":"max-snippet:-1","max-image-preview":"max-image-preview:large","max-video-preview":"max-video-preview:-1"},"canonical":"https:\/\/vaninahenry.com\/produkt\/ulysse\/","og_locale":"de_DE","og_type":"article","og_title":"Ulysse - Vanina Henry","og_description":"Volver  Ulysse ist in 4 Referenzen verf\u00fcgbar:Die Rolle ist 1 Meter breit und 10 Meter lang.  Berechnen Sie die Anzahl der Rollen selbst. Wir k\u00f6nnen auch Ihnen helfen, kontaktieren Sie uns.  Mehr \u00fcber ELITIS","og_url":"https:\/\/vaninahenry.com\/produkt\/ulysse\/","og_site_name":"Vanina Henry","article_publisher":"https:\/\/www.facebook.com\/designbyvaninahenry","article_modified_time":"2024-10-03T08:19:24+00:00","og_image":[{"width":1400,"height":933,"url":"https:\/\/vaninahenry.com\/wp-content\/uploads\/2021\/08\/ELITIS__VP_925_01_VOLVER_YD_-6-1.jpg","type":"image\/jpeg"}],"twitter_card":"summary_large_image","schema":{"@context":"https:\/\/schema.org","@graph":[{"@type":"WebPage","@id":"https:\/\/vaninahenry.com\/produkt\/ulysse\/","url":"https:\/\/vaninahenry.com\/produkt\/ulysse\/","name":"Ulysse - Vanina Henry","isPartOf":{"@id":"https:\/\/vaninahenry.com\/#website"},"primaryImageOfPage":{"@id":"https:\/\/vaninahenry.com\/produkt\/ulysse\/#primaryimage"},"image":{"@id":"https:\/\/vaninahenry.com\/produkt\/ulysse\/#primaryimage"},"thumbnailUrl":"https:\/\/vaninahenry.com\/wp-content\/uploads\/2021\/08\/ELITIS__VP_925_01_VOLVER_YD_-6-1.jpg","datePublished":"2021-08-16T12:01:32+00:00","dateModified":"2024-10-03T08:19:24+00:00","breadcrumb":{"@id":"https:\/\/vaninahenry.com\/produkt\/ulysse\/#breadcrumb"},"inLanguage":"de","potentialAction":[{"@type":"ReadAction","target":["https:\/\/vaninahenry.com\/produkt\/ulysse\/"]}]},{"@type":"ImageObject","inLanguage":"de","@id":"https:\/\/vaninahenry.com\/produkt\/ulysse\/#primaryimage","url":"https:\/\/vaninahenry.com\/wp-content\/uploads\/2021\/08\/ELITIS__VP_925_01_VOLVER_YD_-6-1.jpg","contentUrl":"https:\/\/vaninahenry.com\/wp-content\/uploads\/2021\/08\/ELITIS__VP_925_01_VOLVER_YD_-6-1.jpg","width":1400,"height":933},{"@type":"BreadcrumbList","@id":"https:\/\/vaninahenry.com\/produkt\/ulysse\/#breadcrumb","itemListElement":[{"@type":"ListItem","position":1,"name":"Accueil","item":"https:\/\/vaninahenry.com\/de\/"},{"@type":"ListItem","position":2,"name":"Shop","item":"https:\/\/vaninahenry.com\/boutique\/"},{"@type":"ListItem","position":3,"name":"Ulysse"}]},{"@type":"WebSite","@id":"https:\/\/vaninahenry.com\/#website","url":"https:\/\/vaninahenry.com\/","name":"Vanina Henry","description":"","publisher":{"@id":"https:\/\/vaninahenry.com\/#organization"},"potentialAction":[{"@type":"SearchAction","target":{"@type":"EntryPoint","urlTemplate":"https:\/\/vaninahenry.com\/?s={search_term_string}"},"query-input":{"@type":"PropertyValueSpecification","valueRequired":true,"valueName":"search_term_string"}}],"inLanguage":"de"},{"@type":"Organization","@id":"https:\/\/vaninahenry.com\/#organization","name":"Vanina Henry","url":"https:\/\/vaninahenry.com\/","logo":{"@type":"ImageObject","inLanguage":"de","@id":"https:\/\/vaninahenry.com\/#\/schema\/logo\/image\/","url":"http:\/\/vaninahenry.com\/wp-content\/uploads\/2021\/10\/Logo-design-by-VaninaHenry.png","contentUrl":"http:\/\/vaninahenry.com\/wp-content\/uploads\/2021\/10\/Logo-design-by-VaninaHenry.png","width":711,"height":467,"caption":"Vanina Henry"},"image":{"@id":"https:\/\/vaninahenry.com\/#\/schema\/logo\/image\/"},"sameAs":["https:\/\/www.facebook.com\/designbyvaninahenry","https:\/\/www.instagram.com\/vaninahenry\/"]}]}},"_links":{"self":[{"href":"https:\/\/vaninahenry.com\/de\/wp-json\/wp\/v2\/product\/25449","targetHints":{"allow":["GET"]}}],"collection":[{"href":"https:\/\/vaninahenry.com\/de\/wp-json\/wp\/v2\/product"}],"about":[{"href":"https:\/\/vaninahenry.com\/de\/wp-json\/wp\/v2\/types\/product"}],"wp:featuredmedia":[{"embeddable":true,"href":"https:\/\/vaninahenry.com\/de\/wp-json\/wp\/v2\/media\/49172"}],"wp:attachment":[{"href":"https:\/\/vaninahenry.com\/de\/wp-json\/wp\/v2\/media?parent=25449"}],"wp:term":[{"taxonomy":"product_brand","embeddable":true,"href":"https:\/\/vaninahenry.com\/de\/wp-json\/wp\/v2\/product_brand?post=25449"},{"taxonomy":"product_cat","embeddable":true,"href":"https:\/\/vaninahenry.com\/de\/wp-json\/wp\/v2\/product_cat?post=25449"},{"taxonomy":"product_tag","embeddable":true,"href":"https:\/\/vaninahenry.com\/de\/wp-json\/wp\/v2\/product_tag?post=25449"}],"curies":[{"name":"wp","href":"https:\/\/api.w.org\/{rel}","templated":true}]}}