{"id":22365,"date":"2021-03-22T12:02:41","date_gmt":"2021-03-22T11:02:41","guid":{"rendered":"https:\/\/hloccfq.cluster031.hosting.ovh.net\/produit\/zirkelschale-marmor\/"},"modified":"2025-12-17T14:01:12","modified_gmt":"2025-12-17T13:01:12","slug":"circulum-ring-marble","status":"publish","type":"product","link":"https:\/\/vaninahenry.com\/de\/produkt\/circulum-ring-marble\/","title":{"rendered":"CIRCULUM RING &#8211; MARBLE"},"content":{"rendered":"<p>Im Laufe des Tages, durch unsere Lebensroutinen und -w\u00fcnsche &#8211; und alles dazwischen &#8211; f\u00fchrt uns Circulum, wie das Leben selbst, im Kreis. Wir erinnern uns nur an das Wesentliche &#8211; und an das, was wir am liebsten verdr\u00e4ngen. Deshalb erfassen und sammeln wir Dinge, die wesentlich sind. Zum Beispiel Schl\u00fcssel, Portemonnaie oder Brille: Das bleibt Ihnen \u00fcberlassen. Das Wesentliche der M\u00e4nner ist die Frivolit\u00e4t der Frauen.<\/p>\n<p>Keine Fragen, kein Vergessen, keine Ausreden. Nur erhabene Klarheit. Reine Funktion, entworfen, um zu beeindrucken. Unter Ber\u00fccksichtigung der wunderbaren Materialit\u00e4t der 3 Linien, macht die Vielzahl der Ausf\u00fchrungen sie zu einem integralen Bestandteil Ihrer Garderobe, Ihres Dekors und sogar Ihrer Gef\u00fchle und Empfindungen.<\/p>\n<p>Ein gemeinsames Grundthema mit einer sorgf\u00e4ltigen und funktionellen Eleganz l\u00e4sst uns die M\u00f6glichkeit einer vollst\u00e4ndigen Anpassung.<\/p>\n","protected":false},"excerpt":{"rendered":"<p>Der <span style=\"color: #9a7541;\">CIRCULUM RING<\/span> ist aus Eichenholz gefertigt und hat eine polierte Oberfl\u00e4che aus wei\u00dfem Marmor.<\/p>\n<p>Durchmesser: 305 mm.<br \/>\nDrahtseil, 3 m.<\/p>\n<p>&nbsp;<\/p>\n<p><a href=\"https:\/\/vaninahenry.com\/de\/marke\/pikka\/\"><span style=\"color: #9a7541;\">Mehr \u00fcber PIKKA<\/span><\/a><\/p>\n<p>Die Lieferung ist im Preis inbegriffen.<br \/>\nLieferzeit: ca. 1 Woche, sofern auf Lager.<\/p>\n","protected":false},"featured_media":139869,"template":"","meta":{"_acf_changed":false,"inline_featured_image":false},"product_brand":[],"product_cat":[391,393],"product_tag":[],"class_list":{"0":"post-22365","1":"product","2":"type-product","3":"status-publish","4":"has-post-thumbnail","6":"product_cat-zubehor","7":"product_cat-design-moebel","8":"product_shipping_class-pikka-de","10":"first","11":"instock","12":"taxable","13":"shipping-taxable","14":"purchasable","15":"product-type-variable"},"acf":[],"yoast_head":"<!-- This site is optimized with the Yoast SEO plugin v26.7 - https:\/\/yoast.com\/wordpress\/plugins\/seo\/ -->\n<title>CIRCULUM RING - MARBLE - Vanina Henry<\/title>\n<meta name=\"robots\" content=\"index, follow, max-snippet:-1, max-image-preview:large, max-video-preview:-1\" \/>\n<link rel=\"canonical\" href=\"https:\/\/vaninahenry.com\/produkt\/circulum-ring-marble\/\" \/>\n<meta property=\"og:locale\" content=\"de_DE\" \/>\n<meta property=\"og:type\" content=\"article\" \/>\n<meta property=\"og:title\" content=\"CIRCULUM RING - MARBLE - Vanina Henry\" \/>\n<meta property=\"og:description\" content=\"Der CIRCULUM RING ist aus Eichenholz gefertigt und hat eine polierte Oberfl\u00e4che aus wei\u00dfem Marmor.  Durchmesser: 305 mm. Drahtseil, 3 m.  &nbsp;  Mehr \u00fcber PIKKA  Die Lieferung ist im Preis inbegriffen. Lieferzeit: ca. 1 Woche, sofern auf Lager.\" \/>\n<meta property=\"og:url\" content=\"https:\/\/vaninahenry.com\/produkt\/circulum-ring-marble\/\" \/>\n<meta property=\"og:site_name\" content=\"Vanina Henry\" \/>\n<meta property=\"article:publisher\" content=\"https:\/\/www.facebook.com\/designbyvaninahenry\" \/>\n<meta property=\"article:modified_time\" content=\"2025-12-17T13:01:12+00:00\" \/>\n<meta property=\"og:image\" content=\"https:\/\/vaninahenry.com\/wp-content\/uploads\/2021\/03\/Circulum_ring_ceiling-11_B-1.jpeg\" \/>\n\t<meta property=\"og:image:width\" content=\"1281\" \/>\n\t<meta property=\"og:image:height\" content=\"1920\" \/>\n\t<meta property=\"og:image:type\" content=\"image\/jpeg\" \/>\n<meta name=\"twitter:card\" content=\"summary_large_image\" \/>\n<meta name=\"twitter:label1\" content=\"Gesch\u00e4tzte Lesezeit\" \/>\n\t<meta name=\"twitter:data1\" content=\"1\u00a0Minute\" \/>\n<script type=\"application\/ld+json\" class=\"yoast-schema-graph\">{\"@context\":\"https:\/\/schema.org\",\"@graph\":[{\"@type\":\"WebPage\",\"@id\":\"https:\/\/vaninahenry.com\/produkt\/circulum-ring-marble\/\",\"url\":\"https:\/\/vaninahenry.com\/produkt\/circulum-ring-marble\/\",\"name\":\"CIRCULUM RING - MARBLE - Vanina Henry\",\"isPartOf\":{\"@id\":\"https:\/\/vaninahenry.com\/#website\"},\"primaryImageOfPage\":{\"@id\":\"https:\/\/vaninahenry.com\/produkt\/circulum-ring-marble\/#primaryimage\"},\"image\":{\"@id\":\"https:\/\/vaninahenry.com\/produkt\/circulum-ring-marble\/#primaryimage\"},\"thumbnailUrl\":\"https:\/\/vaninahenry.com\/wp-content\/uploads\/2021\/03\/Circulum_ring_ceiling-11_B-1.jpeg\",\"datePublished\":\"2021-03-22T11:02:41+00:00\",\"dateModified\":\"2025-12-17T13:01:12+00:00\",\"breadcrumb\":{\"@id\":\"https:\/\/vaninahenry.com\/produkt\/circulum-ring-marble\/#breadcrumb\"},\"inLanguage\":\"de\",\"potentialAction\":[{\"@type\":\"ReadAction\",\"target\":[\"https:\/\/vaninahenry.com\/produkt\/circulum-ring-marble\/\"]}]},{\"@type\":\"ImageObject\",\"inLanguage\":\"de\",\"@id\":\"https:\/\/vaninahenry.com\/produkt\/circulum-ring-marble\/#primaryimage\",\"url\":\"https:\/\/vaninahenry.com\/wp-content\/uploads\/2021\/03\/Circulum_ring_ceiling-11_B-1.jpeg\",\"contentUrl\":\"https:\/\/vaninahenry.com\/wp-content\/uploads\/2021\/03\/Circulum_ring_ceiling-11_B-1.jpeg\",\"width\":1281,\"height\":1920,\"caption\":\"Gospodar Klju\u010dev, Raketa\"},{\"@type\":\"BreadcrumbList\",\"@id\":\"https:\/\/vaninahenry.com\/produkt\/circulum-ring-marble\/#breadcrumb\",\"itemListElement\":[{\"@type\":\"ListItem\",\"position\":1,\"name\":\"Accueil\",\"item\":\"https:\/\/vaninahenry.com\/de\/\"},{\"@type\":\"ListItem\",\"position\":2,\"name\":\"Shop\",\"item\":\"https:\/\/vaninahenry.com\/boutique\/\"},{\"@type\":\"ListItem\",\"position\":3,\"name\":\"CIRCULUM RING &#8211; MARBLE\"}]},{\"@type\":\"WebSite\",\"@id\":\"https:\/\/vaninahenry.com\/#website\",\"url\":\"https:\/\/vaninahenry.com\/\",\"name\":\"Vanina Henry\",\"description\":\"\",\"publisher\":{\"@id\":\"https:\/\/vaninahenry.com\/#organization\"},\"potentialAction\":[{\"@type\":\"SearchAction\",\"target\":{\"@type\":\"EntryPoint\",\"urlTemplate\":\"https:\/\/vaninahenry.com\/?s={search_term_string}\"},\"query-input\":{\"@type\":\"PropertyValueSpecification\",\"valueRequired\":true,\"valueName\":\"search_term_string\"}}],\"inLanguage\":\"de\"},{\"@type\":\"Organization\",\"@id\":\"https:\/\/vaninahenry.com\/#organization\",\"name\":\"Vanina Henry\",\"url\":\"https:\/\/vaninahenry.com\/\",\"logo\":{\"@type\":\"ImageObject\",\"inLanguage\":\"de\",\"@id\":\"https:\/\/vaninahenry.com\/#\/schema\/logo\/image\/\",\"url\":\"http:\/\/vaninahenry.com\/wp-content\/uploads\/2021\/10\/Logo-design-by-VaninaHenry.png\",\"contentUrl\":\"http:\/\/vaninahenry.com\/wp-content\/uploads\/2021\/10\/Logo-design-by-VaninaHenry.png\",\"width\":711,\"height\":467,\"caption\":\"Vanina Henry\"},\"image\":{\"@id\":\"https:\/\/vaninahenry.com\/#\/schema\/logo\/image\/\"},\"sameAs\":[\"https:\/\/www.facebook.com\/designbyvaninahenry\",\"https:\/\/www.instagram.com\/vaninahenry\/\"]}]}<\/script>\n<!-- \/ Yoast SEO plugin. -->","yoast_head_json":{"title":"CIRCULUM RING - MARBLE - Vanina Henry","robots":{"index":"index","follow":"follow","max-snippet":"max-snippet:-1","max-image-preview":"max-image-preview:large","max-video-preview":"max-video-preview:-1"},"canonical":"https:\/\/vaninahenry.com\/produkt\/circulum-ring-marble\/","og_locale":"de_DE","og_type":"article","og_title":"CIRCULUM RING - MARBLE - Vanina Henry","og_description":"Der CIRCULUM RING ist aus Eichenholz gefertigt und hat eine polierte Oberfl\u00e4che aus wei\u00dfem Marmor.  Durchmesser: 305 mm. Drahtseil, 3 m.  &nbsp;  Mehr \u00fcber PIKKA  Die Lieferung ist im Preis inbegriffen. Lieferzeit: ca. 1 Woche, sofern auf Lager.","og_url":"https:\/\/vaninahenry.com\/produkt\/circulum-ring-marble\/","og_site_name":"Vanina Henry","article_publisher":"https:\/\/www.facebook.com\/designbyvaninahenry","article_modified_time":"2025-12-17T13:01:12+00:00","og_image":[{"width":1281,"height":1920,"url":"https:\/\/vaninahenry.com\/wp-content\/uploads\/2021\/03\/Circulum_ring_ceiling-11_B-1.jpeg","type":"image\/jpeg"}],"twitter_card":"summary_large_image","twitter_misc":{"Gesch\u00e4tzte Lesezeit":"1\u00a0Minute"},"schema":{"@context":"https:\/\/schema.org","@graph":[{"@type":"WebPage","@id":"https:\/\/vaninahenry.com\/produkt\/circulum-ring-marble\/","url":"https:\/\/vaninahenry.com\/produkt\/circulum-ring-marble\/","name":"CIRCULUM RING - MARBLE - Vanina Henry","isPartOf":{"@id":"https:\/\/vaninahenry.com\/#website"},"primaryImageOfPage":{"@id":"https:\/\/vaninahenry.com\/produkt\/circulum-ring-marble\/#primaryimage"},"image":{"@id":"https:\/\/vaninahenry.com\/produkt\/circulum-ring-marble\/#primaryimage"},"thumbnailUrl":"https:\/\/vaninahenry.com\/wp-content\/uploads\/2021\/03\/Circulum_ring_ceiling-11_B-1.jpeg","datePublished":"2021-03-22T11:02:41+00:00","dateModified":"2025-12-17T13:01:12+00:00","breadcrumb":{"@id":"https:\/\/vaninahenry.com\/produkt\/circulum-ring-marble\/#breadcrumb"},"inLanguage":"de","potentialAction":[{"@type":"ReadAction","target":["https:\/\/vaninahenry.com\/produkt\/circulum-ring-marble\/"]}]},{"@type":"ImageObject","inLanguage":"de","@id":"https:\/\/vaninahenry.com\/produkt\/circulum-ring-marble\/#primaryimage","url":"https:\/\/vaninahenry.com\/wp-content\/uploads\/2021\/03\/Circulum_ring_ceiling-11_B-1.jpeg","contentUrl":"https:\/\/vaninahenry.com\/wp-content\/uploads\/2021\/03\/Circulum_ring_ceiling-11_B-1.jpeg","width":1281,"height":1920,"caption":"Gospodar Klju\u010dev, Raketa"},{"@type":"BreadcrumbList","@id":"https:\/\/vaninahenry.com\/produkt\/circulum-ring-marble\/#breadcrumb","itemListElement":[{"@type":"ListItem","position":1,"name":"Accueil","item":"https:\/\/vaninahenry.com\/de\/"},{"@type":"ListItem","position":2,"name":"Shop","item":"https:\/\/vaninahenry.com\/boutique\/"},{"@type":"ListItem","position":3,"name":"CIRCULUM RING &#8211; MARBLE"}]},{"@type":"WebSite","@id":"https:\/\/vaninahenry.com\/#website","url":"https:\/\/vaninahenry.com\/","name":"Vanina Henry","description":"","publisher":{"@id":"https:\/\/vaninahenry.com\/#organization"},"potentialAction":[{"@type":"SearchAction","target":{"@type":"EntryPoint","urlTemplate":"https:\/\/vaninahenry.com\/?s={search_term_string}"},"query-input":{"@type":"PropertyValueSpecification","valueRequired":true,"valueName":"search_term_string"}}],"inLanguage":"de"},{"@type":"Organization","@id":"https:\/\/vaninahenry.com\/#organization","name":"Vanina Henry","url":"https:\/\/vaninahenry.com\/","logo":{"@type":"ImageObject","inLanguage":"de","@id":"https:\/\/vaninahenry.com\/#\/schema\/logo\/image\/","url":"http:\/\/vaninahenry.com\/wp-content\/uploads\/2021\/10\/Logo-design-by-VaninaHenry.png","contentUrl":"http:\/\/vaninahenry.com\/wp-content\/uploads\/2021\/10\/Logo-design-by-VaninaHenry.png","width":711,"height":467,"caption":"Vanina Henry"},"image":{"@id":"https:\/\/vaninahenry.com\/#\/schema\/logo\/image\/"},"sameAs":["https:\/\/www.facebook.com\/designbyvaninahenry","https:\/\/www.instagram.com\/vaninahenry\/"]}]}},"_links":{"self":[{"href":"https:\/\/vaninahenry.com\/de\/wp-json\/wp\/v2\/product\/22365","targetHints":{"allow":["GET"]}}],"collection":[{"href":"https:\/\/vaninahenry.com\/de\/wp-json\/wp\/v2\/product"}],"about":[{"href":"https:\/\/vaninahenry.com\/de\/wp-json\/wp\/v2\/types\/product"}],"wp:featuredmedia":[{"embeddable":true,"href":"https:\/\/vaninahenry.com\/de\/wp-json\/wp\/v2\/media\/139869"}],"wp:attachment":[{"href":"https:\/\/vaninahenry.com\/de\/wp-json\/wp\/v2\/media?parent=22365"}],"wp:term":[{"taxonomy":"product_brand","embeddable":true,"href":"https:\/\/vaninahenry.com\/de\/wp-json\/wp\/v2\/product_brand?post=22365"},{"taxonomy":"product_cat","embeddable":true,"href":"https:\/\/vaninahenry.com\/de\/wp-json\/wp\/v2\/product_cat?post=22365"},{"taxonomy":"product_tag","embeddable":true,"href":"https:\/\/vaninahenry.com\/de\/wp-json\/wp\/v2\/product_tag?post=22365"}],"curies":[{"name":"wp","href":"https:\/\/api.w.org\/{rel}","templated":true}]}}