{"id":22361,"date":"2021-03-22T12:14:53","date_gmt":"2021-03-22T11:14:53","guid":{"rendered":"https:\/\/hloccfq.cluster031.hosting.ovh.net\/produit\/zirkelschale-weiss\/"},"modified":"2025-03-18T10:57:20","modified_gmt":"2025-03-18T09:57:20","slug":"circulum-bowl-white","status":"publish","type":"product","link":"https:\/\/vaninahenry.com\/de\/produkt\/circulum-bowl-white\/","title":{"rendered":"CIRCULUM BOWL &#8211; WHITE"},"content":{"rendered":"<p class=\"p1\"><span class=\"s1\">Durch den Tag, durch unsere Lebensroutinen und -w\u00fcnsche &#8211; und alles dazwischen &#8211; f\u00fchrt uns der Kreislauf, wie das Leben selbst, im Kreis. Wir erinnern uns nur an das Wesentliche &#8211; und an das, was wir am liebsten verdr\u00e4ngen. Deshalb erfassen und sammeln wir Dinge, die wesentlich sind. Zum Beispiel Schl\u00fcssel, Portemonnaie oder Brille: Das bleibt Ihnen \u00fcberlassen. Das Wesentliche der M\u00e4nner macht die Frauen frivol.<\/span><\/p>\n<p class=\"p1\"><span class=\"s1\">Keine Fragen, keine Vers\u00e4umnisse, keine Ausreden. Einfach erhabene Klarheit. Reine Funktion, entworfen, um ein Statement zu setzen. Die wunderbare Materialit\u00e4t der 3 Linien wird durch die unz\u00e4hligen Ausf\u00fchrungen zu einem integralen Bestandteil Ihrer Garderobe, Ihres Dekors und sogar Ihrer Gef\u00fchle und Empfindungen.<\/span><\/p>\n<p class=\"p1\"><span class=\"s1\">Ein gemeinsames Grundthema mit einer sauberen und funktionalen Eleganz l\u00e4sst uns die M\u00f6glichkeit einer vollst\u00e4ndigen Anpassung. <\/span><\/p>\n<p class=\"p1\"><span class=\"s1\">Nicht wie abgebildet verwenden.<\/span><\/p>\n<p class=\"p1\"><span class=\"s1\">Verwenden Sie es nach Belieben.<\/span><\/p>\n","protected":false},"excerpt":{"rendered":"<p>Die <span style=\"color: #9a7541;\">CIRCULUM BOWL<\/span> ist aus wei\u00dfem ABS-Kunststoff gefertigt.<\/p>\n<p>Durchmesser: 305 mm.<br \/>\nDrahtseil, 3 m.<\/p>\n<p>&nbsp;<\/p>\n<p><a href=\"https:\/\/vaninahenry.com\/de\/marke\/pikka\/\"><span style=\"color: #9a7541;\">Mehr \u00fcber PIKKA<\/span><\/a><\/p>\n<p>Die Lieferung ist im Preis inbegriffen.<br \/>\nLieferzeit: ca. 1 Woche, sofern auf Lager.<\/p>\n","protected":false},"featured_media":45690,"template":"","meta":{"_acf_changed":false,"inline_featured_image":false},"product_brand":[],"product_cat":[391,393],"product_tag":[],"class_list":{"0":"post-22361","1":"product","2":"type-product","3":"status-publish","4":"has-post-thumbnail","6":"product_cat-zubehor","7":"product_cat-design-moebel","8":"product_shipping_class-pikka-de","10":"first","11":"instock","12":"taxable","13":"shipping-taxable","14":"purchasable","15":"product-type-variable"},"acf":[],"yoast_head":"<!-- This site is optimized with the Yoast SEO plugin v26.7 - https:\/\/yoast.com\/wordpress\/plugins\/seo\/ -->\n<title>CIRCULUM BOWL - WHITE - Vanina Henry<\/title>\n<meta name=\"robots\" content=\"index, follow, max-snippet:-1, max-image-preview:large, max-video-preview:-1\" \/>\n<link rel=\"canonical\" href=\"https:\/\/vaninahenry.com\/produkt\/circulum-bowl-white\/\" \/>\n<meta property=\"og:locale\" content=\"de_DE\" \/>\n<meta property=\"og:type\" content=\"article\" \/>\n<meta property=\"og:title\" content=\"CIRCULUM BOWL - WHITE - Vanina Henry\" \/>\n<meta property=\"og:description\" content=\"Die CIRCULUM BOWL ist aus wei\u00dfem ABS-Kunststoff gefertigt.  Durchmesser: 305 mm. Drahtseil, 3 m.  &nbsp;  Mehr \u00fcber PIKKA  Die Lieferung ist im Preis inbegriffen. Lieferzeit: ca. 1 Woche, sofern auf Lager.\" \/>\n<meta property=\"og:url\" content=\"https:\/\/vaninahenry.com\/produkt\/circulum-bowl-white\/\" \/>\n<meta property=\"og:site_name\" content=\"Vanina Henry\" \/>\n<meta property=\"article:publisher\" content=\"https:\/\/www.facebook.com\/designbyvaninahenry\" \/>\n<meta property=\"article:modified_time\" content=\"2025-03-18T09:57:20+00:00\" \/>\n<meta property=\"og:image\" content=\"https:\/\/vaninahenry.com\/wp-content\/uploads\/2021\/03\/Circulum_bowl_ceiling-3-1_B.jpeg\" \/>\n\t<meta property=\"og:image:width\" content=\"1000\" \/>\n\t<meta property=\"og:image:height\" content=\"667\" \/>\n\t<meta property=\"og:image:type\" content=\"image\/jpeg\" \/>\n<meta name=\"twitter:card\" content=\"summary_large_image\" \/>\n<meta name=\"twitter:label1\" content=\"Gesch\u00e4tzte Lesezeit\" \/>\n\t<meta name=\"twitter:data1\" content=\"1\u00a0Minute\" \/>\n<script type=\"application\/ld+json\" class=\"yoast-schema-graph\">{\"@context\":\"https:\/\/schema.org\",\"@graph\":[{\"@type\":\"WebPage\",\"@id\":\"https:\/\/vaninahenry.com\/produkt\/circulum-bowl-white\/\",\"url\":\"https:\/\/vaninahenry.com\/produkt\/circulum-bowl-white\/\",\"name\":\"CIRCULUM BOWL - WHITE - Vanina Henry\",\"isPartOf\":{\"@id\":\"https:\/\/vaninahenry.com\/#website\"},\"primaryImageOfPage\":{\"@id\":\"https:\/\/vaninahenry.com\/produkt\/circulum-bowl-white\/#primaryimage\"},\"image\":{\"@id\":\"https:\/\/vaninahenry.com\/produkt\/circulum-bowl-white\/#primaryimage\"},\"thumbnailUrl\":\"https:\/\/vaninahenry.com\/wp-content\/uploads\/2021\/03\/Circulum_bowl_ceiling-3-1_B.jpeg\",\"datePublished\":\"2021-03-22T11:14:53+00:00\",\"dateModified\":\"2025-03-18T09:57:20+00:00\",\"breadcrumb\":{\"@id\":\"https:\/\/vaninahenry.com\/produkt\/circulum-bowl-white\/#breadcrumb\"},\"inLanguage\":\"de\",\"potentialAction\":[{\"@type\":\"ReadAction\",\"target\":[\"https:\/\/vaninahenry.com\/produkt\/circulum-bowl-white\/\"]}]},{\"@type\":\"ImageObject\",\"inLanguage\":\"de\",\"@id\":\"https:\/\/vaninahenry.com\/produkt\/circulum-bowl-white\/#primaryimage\",\"url\":\"https:\/\/vaninahenry.com\/wp-content\/uploads\/2021\/03\/Circulum_bowl_ceiling-3-1_B.jpeg\",\"contentUrl\":\"https:\/\/vaninahenry.com\/wp-content\/uploads\/2021\/03\/Circulum_bowl_ceiling-3-1_B.jpeg\",\"width\":1000,\"height\":667},{\"@type\":\"BreadcrumbList\",\"@id\":\"https:\/\/vaninahenry.com\/produkt\/circulum-bowl-white\/#breadcrumb\",\"itemListElement\":[{\"@type\":\"ListItem\",\"position\":1,\"name\":\"Accueil\",\"item\":\"https:\/\/vaninahenry.com\/de\/\"},{\"@type\":\"ListItem\",\"position\":2,\"name\":\"Shop\",\"item\":\"https:\/\/vaninahenry.com\/boutique\/\"},{\"@type\":\"ListItem\",\"position\":3,\"name\":\"CIRCULUM BOWL &#8211; WHITE\"}]},{\"@type\":\"WebSite\",\"@id\":\"https:\/\/vaninahenry.com\/#website\",\"url\":\"https:\/\/vaninahenry.com\/\",\"name\":\"Vanina Henry\",\"description\":\"\",\"publisher\":{\"@id\":\"https:\/\/vaninahenry.com\/#organization\"},\"potentialAction\":[{\"@type\":\"SearchAction\",\"target\":{\"@type\":\"EntryPoint\",\"urlTemplate\":\"https:\/\/vaninahenry.com\/?s={search_term_string}\"},\"query-input\":{\"@type\":\"PropertyValueSpecification\",\"valueRequired\":true,\"valueName\":\"search_term_string\"}}],\"inLanguage\":\"de\"},{\"@type\":\"Organization\",\"@id\":\"https:\/\/vaninahenry.com\/#organization\",\"name\":\"Vanina Henry\",\"url\":\"https:\/\/vaninahenry.com\/\",\"logo\":{\"@type\":\"ImageObject\",\"inLanguage\":\"de\",\"@id\":\"https:\/\/vaninahenry.com\/#\/schema\/logo\/image\/\",\"url\":\"http:\/\/vaninahenry.com\/wp-content\/uploads\/2021\/10\/Logo-design-by-VaninaHenry.png\",\"contentUrl\":\"http:\/\/vaninahenry.com\/wp-content\/uploads\/2021\/10\/Logo-design-by-VaninaHenry.png\",\"width\":711,\"height\":467,\"caption\":\"Vanina Henry\"},\"image\":{\"@id\":\"https:\/\/vaninahenry.com\/#\/schema\/logo\/image\/\"},\"sameAs\":[\"https:\/\/www.facebook.com\/designbyvaninahenry\",\"https:\/\/www.instagram.com\/vaninahenry\/\"]}]}<\/script>\n<!-- \/ Yoast SEO plugin. -->","yoast_head_json":{"title":"CIRCULUM BOWL - WHITE - Vanina Henry","robots":{"index":"index","follow":"follow","max-snippet":"max-snippet:-1","max-image-preview":"max-image-preview:large","max-video-preview":"max-video-preview:-1"},"canonical":"https:\/\/vaninahenry.com\/produkt\/circulum-bowl-white\/","og_locale":"de_DE","og_type":"article","og_title":"CIRCULUM BOWL - WHITE - Vanina Henry","og_description":"Die CIRCULUM BOWL ist aus wei\u00dfem ABS-Kunststoff gefertigt.  Durchmesser: 305 mm. Drahtseil, 3 m.  &nbsp;  Mehr \u00fcber PIKKA  Die Lieferung ist im Preis inbegriffen. Lieferzeit: ca. 1 Woche, sofern auf Lager.","og_url":"https:\/\/vaninahenry.com\/produkt\/circulum-bowl-white\/","og_site_name":"Vanina Henry","article_publisher":"https:\/\/www.facebook.com\/designbyvaninahenry","article_modified_time":"2025-03-18T09:57:20+00:00","og_image":[{"width":1000,"height":667,"url":"https:\/\/vaninahenry.com\/wp-content\/uploads\/2021\/03\/Circulum_bowl_ceiling-3-1_B.jpeg","type":"image\/jpeg"}],"twitter_card":"summary_large_image","twitter_misc":{"Gesch\u00e4tzte Lesezeit":"1\u00a0Minute"},"schema":{"@context":"https:\/\/schema.org","@graph":[{"@type":"WebPage","@id":"https:\/\/vaninahenry.com\/produkt\/circulum-bowl-white\/","url":"https:\/\/vaninahenry.com\/produkt\/circulum-bowl-white\/","name":"CIRCULUM BOWL - WHITE - Vanina Henry","isPartOf":{"@id":"https:\/\/vaninahenry.com\/#website"},"primaryImageOfPage":{"@id":"https:\/\/vaninahenry.com\/produkt\/circulum-bowl-white\/#primaryimage"},"image":{"@id":"https:\/\/vaninahenry.com\/produkt\/circulum-bowl-white\/#primaryimage"},"thumbnailUrl":"https:\/\/vaninahenry.com\/wp-content\/uploads\/2021\/03\/Circulum_bowl_ceiling-3-1_B.jpeg","datePublished":"2021-03-22T11:14:53+00:00","dateModified":"2025-03-18T09:57:20+00:00","breadcrumb":{"@id":"https:\/\/vaninahenry.com\/produkt\/circulum-bowl-white\/#breadcrumb"},"inLanguage":"de","potentialAction":[{"@type":"ReadAction","target":["https:\/\/vaninahenry.com\/produkt\/circulum-bowl-white\/"]}]},{"@type":"ImageObject","inLanguage":"de","@id":"https:\/\/vaninahenry.com\/produkt\/circulum-bowl-white\/#primaryimage","url":"https:\/\/vaninahenry.com\/wp-content\/uploads\/2021\/03\/Circulum_bowl_ceiling-3-1_B.jpeg","contentUrl":"https:\/\/vaninahenry.com\/wp-content\/uploads\/2021\/03\/Circulum_bowl_ceiling-3-1_B.jpeg","width":1000,"height":667},{"@type":"BreadcrumbList","@id":"https:\/\/vaninahenry.com\/produkt\/circulum-bowl-white\/#breadcrumb","itemListElement":[{"@type":"ListItem","position":1,"name":"Accueil","item":"https:\/\/vaninahenry.com\/de\/"},{"@type":"ListItem","position":2,"name":"Shop","item":"https:\/\/vaninahenry.com\/boutique\/"},{"@type":"ListItem","position":3,"name":"CIRCULUM BOWL &#8211; WHITE"}]},{"@type":"WebSite","@id":"https:\/\/vaninahenry.com\/#website","url":"https:\/\/vaninahenry.com\/","name":"Vanina Henry","description":"","publisher":{"@id":"https:\/\/vaninahenry.com\/#organization"},"potentialAction":[{"@type":"SearchAction","target":{"@type":"EntryPoint","urlTemplate":"https:\/\/vaninahenry.com\/?s={search_term_string}"},"query-input":{"@type":"PropertyValueSpecification","valueRequired":true,"valueName":"search_term_string"}}],"inLanguage":"de"},{"@type":"Organization","@id":"https:\/\/vaninahenry.com\/#organization","name":"Vanina Henry","url":"https:\/\/vaninahenry.com\/","logo":{"@type":"ImageObject","inLanguage":"de","@id":"https:\/\/vaninahenry.com\/#\/schema\/logo\/image\/","url":"http:\/\/vaninahenry.com\/wp-content\/uploads\/2021\/10\/Logo-design-by-VaninaHenry.png","contentUrl":"http:\/\/vaninahenry.com\/wp-content\/uploads\/2021\/10\/Logo-design-by-VaninaHenry.png","width":711,"height":467,"caption":"Vanina Henry"},"image":{"@id":"https:\/\/vaninahenry.com\/#\/schema\/logo\/image\/"},"sameAs":["https:\/\/www.facebook.com\/designbyvaninahenry","https:\/\/www.instagram.com\/vaninahenry\/"]}]}},"_links":{"self":[{"href":"https:\/\/vaninahenry.com\/de\/wp-json\/wp\/v2\/product\/22361","targetHints":{"allow":["GET"]}}],"collection":[{"href":"https:\/\/vaninahenry.com\/de\/wp-json\/wp\/v2\/product"}],"about":[{"href":"https:\/\/vaninahenry.com\/de\/wp-json\/wp\/v2\/types\/product"}],"wp:featuredmedia":[{"embeddable":true,"href":"https:\/\/vaninahenry.com\/de\/wp-json\/wp\/v2\/media\/45690"}],"wp:attachment":[{"href":"https:\/\/vaninahenry.com\/de\/wp-json\/wp\/v2\/media?parent=22361"}],"wp:term":[{"taxonomy":"product_brand","embeddable":true,"href":"https:\/\/vaninahenry.com\/de\/wp-json\/wp\/v2\/product_brand?post=22361"},{"taxonomy":"product_cat","embeddable":true,"href":"https:\/\/vaninahenry.com\/de\/wp-json\/wp\/v2\/product_cat?post=22361"},{"taxonomy":"product_tag","embeddable":true,"href":"https:\/\/vaninahenry.com\/de\/wp-json\/wp\/v2\/product_tag?post=22361"}],"curies":[{"name":"wp","href":"https:\/\/api.w.org\/{rel}","templated":true}]}}