{"id":22335,"date":"2021-03-22T12:26:56","date_gmt":"2021-03-22T11:26:56","guid":{"rendered":"https:\/\/hloccfq.cluster031.hosting.ovh.net\/produit\/meter\/"},"modified":"2023-02-13T16:44:02","modified_gmt":"2023-02-13T15:44:02","slug":"meter","status":"publish","type":"product","link":"https:\/\/vaninahenry.com\/de\/produkt\/meter\/","title":{"rendered":"Meter"},"content":{"rendered":"<p class=\"p1\"><span class=\"s1\">Eine seri\u00f6se Wandgarderobe.<\/span><\/p>\n<p class=\"p1\"><span class=\"s1\">Um Ihre Garderobe anmutig und effizient zu lagern, brauchen Sie einen Profi. Wir haben einen entworfen, der eindeutig als Ihre beste Wahl f\u00fcr die Aufbewahrung einer gro\u00dfen Menge in einem optisch anspruchsvollen Interieur gl\u00e4nzt.<\/span><\/p>\n<p class=\"p1\"><span class=\"s1\">In einer perfekten Mischung unterstreicht Holz die Eleganz, w\u00e4hrend Metall die Robustheit betont. Seine universelle Form \u00fcberzeugt gleicherma\u00dfen im privaten, \u00f6ffentlichen oder auch beruflichen Umfeld.<\/span><\/p>\n<p class=\"p1\"><span class=\"s1\">Erh\u00e4ltlich in einem h\u00e4ngenden Modell. Nat\u00fcrlich so konzipiert, dass es leicht zu transportieren ist.<\/span><\/p>\n","protected":false},"excerpt":{"rendered":"<p><span style=\"color: #9a7541;\">METRE<\/span> ist aus massiver Eiche gefertigt.<\/p>\n<p>5 Gabeln<br \/>\nAbmessungen: H\u00f6he 11 cm und Breite 55 cm.<\/p>\n<p>Referenz: MTW-52-OK<\/p>\n<p><a href=\"https:\/\/vaninahenry.com\/marque\/pikka\/?lang=de\"><span style=\"color: #9a7541;\">Mehr \u00fcber PIKKA<\/span><\/a><\/p>\n<p>Die Lieferung ist im Preis inbegriffen.<br \/>\nLieferzeit: ca. 1 Woche, sofern auf Lager.<\/p>\n","protected":false},"featured_media":45865,"template":"","meta":{"_acf_changed":false,"inline_featured_image":false},"product_brand":[],"product_cat":[391,393],"product_tag":[],"class_list":{"0":"post-22335","1":"product","2":"type-product","3":"status-publish","4":"has-post-thumbnail","6":"product_cat-zubehor","7":"product_cat-design-moebel","8":"product_shipping_class-pikka-de","10":"first","11":"instock","12":"taxable","13":"shipping-taxable","14":"purchasable","15":"product-type-simple"},"acf":[],"yoast_head":"<!-- This site is optimized with the Yoast SEO plugin v26.7 - https:\/\/yoast.com\/wordpress\/plugins\/seo\/ -->\n<title>Meter - Vanina Henry<\/title>\n<meta name=\"robots\" content=\"index, follow, max-snippet:-1, max-image-preview:large, max-video-preview:-1\" \/>\n<link rel=\"canonical\" href=\"https:\/\/vaninahenry.com\/produkt\/meter\/\" \/>\n<meta property=\"og:locale\" content=\"de_DE\" \/>\n<meta property=\"og:type\" content=\"article\" \/>\n<meta property=\"og:title\" content=\"Meter - Vanina Henry\" \/>\n<meta property=\"og:description\" content=\"METRE ist aus massiver Eiche gefertigt.  5 Gabeln Abmessungen: H\u00f6he 11 cm und Breite 55 cm.  Referenz: MTW-52-OK  Mehr \u00fcber PIKKA  Die Lieferung ist im Preis inbegriffen. Lieferzeit: ca. 1 Woche, sofern auf Lager.\" \/>\n<meta property=\"og:url\" content=\"https:\/\/vaninahenry.com\/produkt\/meter\/\" \/>\n<meta property=\"og:site_name\" content=\"Vanina Henry\" \/>\n<meta property=\"article:publisher\" content=\"https:\/\/www.facebook.com\/designbyvaninahenry\" \/>\n<meta property=\"article:modified_time\" content=\"2023-02-13T15:44:02+00:00\" \/>\n<meta property=\"og:image\" content=\"https:\/\/vaninahenry.com\/wp-content\/uploads\/2021\/03\/PIKKA_Meter_1_B.jpeg\" \/>\n\t<meta property=\"og:image:width\" content=\"1280\" \/>\n\t<meta property=\"og:image:height\" content=\"720\" \/>\n\t<meta property=\"og:image:type\" content=\"image\/jpeg\" \/>\n<meta name=\"twitter:card\" content=\"summary_large_image\" \/>\n<meta name=\"twitter:label1\" content=\"Gesch\u00e4tzte Lesezeit\" \/>\n\t<meta name=\"twitter:data1\" content=\"1\u00a0Minute\" \/>\n<script type=\"application\/ld+json\" class=\"yoast-schema-graph\">{\"@context\":\"https:\/\/schema.org\",\"@graph\":[{\"@type\":\"WebPage\",\"@id\":\"https:\/\/vaninahenry.com\/produkt\/meter\/\",\"url\":\"https:\/\/vaninahenry.com\/produkt\/meter\/\",\"name\":\"Meter - Vanina Henry\",\"isPartOf\":{\"@id\":\"https:\/\/vaninahenry.com\/#website\"},\"primaryImageOfPage\":{\"@id\":\"https:\/\/vaninahenry.com\/produkt\/meter\/#primaryimage\"},\"image\":{\"@id\":\"https:\/\/vaninahenry.com\/produkt\/meter\/#primaryimage\"},\"thumbnailUrl\":\"https:\/\/vaninahenry.com\/wp-content\/uploads\/2021\/03\/PIKKA_Meter_1_B.jpeg\",\"datePublished\":\"2021-03-22T11:26:56+00:00\",\"dateModified\":\"2023-02-13T15:44:02+00:00\",\"breadcrumb\":{\"@id\":\"https:\/\/vaninahenry.com\/produkt\/meter\/#breadcrumb\"},\"inLanguage\":\"de\",\"potentialAction\":[{\"@type\":\"ReadAction\",\"target\":[\"https:\/\/vaninahenry.com\/produkt\/meter\/\"]}]},{\"@type\":\"ImageObject\",\"inLanguage\":\"de\",\"@id\":\"https:\/\/vaninahenry.com\/produkt\/meter\/#primaryimage\",\"url\":\"https:\/\/vaninahenry.com\/wp-content\/uploads\/2021\/03\/PIKKA_Meter_1_B.jpeg\",\"contentUrl\":\"https:\/\/vaninahenry.com\/wp-content\/uploads\/2021\/03\/PIKKA_Meter_1_B.jpeg\",\"width\":1280,\"height\":720},{\"@type\":\"BreadcrumbList\",\"@id\":\"https:\/\/vaninahenry.com\/produkt\/meter\/#breadcrumb\",\"itemListElement\":[{\"@type\":\"ListItem\",\"position\":1,\"name\":\"Accueil\",\"item\":\"https:\/\/vaninahenry.com\/de\/\"},{\"@type\":\"ListItem\",\"position\":2,\"name\":\"Shop\",\"item\":\"https:\/\/vaninahenry.com\/boutique\/\"},{\"@type\":\"ListItem\",\"position\":3,\"name\":\"Meter\"}]},{\"@type\":\"WebSite\",\"@id\":\"https:\/\/vaninahenry.com\/#website\",\"url\":\"https:\/\/vaninahenry.com\/\",\"name\":\"Vanina Henry\",\"description\":\"\",\"publisher\":{\"@id\":\"https:\/\/vaninahenry.com\/#organization\"},\"potentialAction\":[{\"@type\":\"SearchAction\",\"target\":{\"@type\":\"EntryPoint\",\"urlTemplate\":\"https:\/\/vaninahenry.com\/?s={search_term_string}\"},\"query-input\":{\"@type\":\"PropertyValueSpecification\",\"valueRequired\":true,\"valueName\":\"search_term_string\"}}],\"inLanguage\":\"de\"},{\"@type\":\"Organization\",\"@id\":\"https:\/\/vaninahenry.com\/#organization\",\"name\":\"Vanina Henry\",\"url\":\"https:\/\/vaninahenry.com\/\",\"logo\":{\"@type\":\"ImageObject\",\"inLanguage\":\"de\",\"@id\":\"https:\/\/vaninahenry.com\/#\/schema\/logo\/image\/\",\"url\":\"http:\/\/vaninahenry.com\/wp-content\/uploads\/2021\/10\/Logo-design-by-VaninaHenry.png\",\"contentUrl\":\"http:\/\/vaninahenry.com\/wp-content\/uploads\/2021\/10\/Logo-design-by-VaninaHenry.png\",\"width\":711,\"height\":467,\"caption\":\"Vanina Henry\"},\"image\":{\"@id\":\"https:\/\/vaninahenry.com\/#\/schema\/logo\/image\/\"},\"sameAs\":[\"https:\/\/www.facebook.com\/designbyvaninahenry\",\"https:\/\/www.instagram.com\/vaninahenry\/\"]}]}<\/script>\n<!-- \/ Yoast SEO plugin. -->","yoast_head_json":{"title":"Meter - Vanina Henry","robots":{"index":"index","follow":"follow","max-snippet":"max-snippet:-1","max-image-preview":"max-image-preview:large","max-video-preview":"max-video-preview:-1"},"canonical":"https:\/\/vaninahenry.com\/produkt\/meter\/","og_locale":"de_DE","og_type":"article","og_title":"Meter - Vanina Henry","og_description":"METRE ist aus massiver Eiche gefertigt.  5 Gabeln Abmessungen: H\u00f6he 11 cm und Breite 55 cm.  Referenz: MTW-52-OK  Mehr \u00fcber PIKKA  Die Lieferung ist im Preis inbegriffen. Lieferzeit: ca. 1 Woche, sofern auf Lager.","og_url":"https:\/\/vaninahenry.com\/produkt\/meter\/","og_site_name":"Vanina Henry","article_publisher":"https:\/\/www.facebook.com\/designbyvaninahenry","article_modified_time":"2023-02-13T15:44:02+00:00","og_image":[{"width":1280,"height":720,"url":"https:\/\/vaninahenry.com\/wp-content\/uploads\/2021\/03\/PIKKA_Meter_1_B.jpeg","type":"image\/jpeg"}],"twitter_card":"summary_large_image","twitter_misc":{"Gesch\u00e4tzte Lesezeit":"1\u00a0Minute"},"schema":{"@context":"https:\/\/schema.org","@graph":[{"@type":"WebPage","@id":"https:\/\/vaninahenry.com\/produkt\/meter\/","url":"https:\/\/vaninahenry.com\/produkt\/meter\/","name":"Meter - Vanina Henry","isPartOf":{"@id":"https:\/\/vaninahenry.com\/#website"},"primaryImageOfPage":{"@id":"https:\/\/vaninahenry.com\/produkt\/meter\/#primaryimage"},"image":{"@id":"https:\/\/vaninahenry.com\/produkt\/meter\/#primaryimage"},"thumbnailUrl":"https:\/\/vaninahenry.com\/wp-content\/uploads\/2021\/03\/PIKKA_Meter_1_B.jpeg","datePublished":"2021-03-22T11:26:56+00:00","dateModified":"2023-02-13T15:44:02+00:00","breadcrumb":{"@id":"https:\/\/vaninahenry.com\/produkt\/meter\/#breadcrumb"},"inLanguage":"de","potentialAction":[{"@type":"ReadAction","target":["https:\/\/vaninahenry.com\/produkt\/meter\/"]}]},{"@type":"ImageObject","inLanguage":"de","@id":"https:\/\/vaninahenry.com\/produkt\/meter\/#primaryimage","url":"https:\/\/vaninahenry.com\/wp-content\/uploads\/2021\/03\/PIKKA_Meter_1_B.jpeg","contentUrl":"https:\/\/vaninahenry.com\/wp-content\/uploads\/2021\/03\/PIKKA_Meter_1_B.jpeg","width":1280,"height":720},{"@type":"BreadcrumbList","@id":"https:\/\/vaninahenry.com\/produkt\/meter\/#breadcrumb","itemListElement":[{"@type":"ListItem","position":1,"name":"Accueil","item":"https:\/\/vaninahenry.com\/de\/"},{"@type":"ListItem","position":2,"name":"Shop","item":"https:\/\/vaninahenry.com\/boutique\/"},{"@type":"ListItem","position":3,"name":"Meter"}]},{"@type":"WebSite","@id":"https:\/\/vaninahenry.com\/#website","url":"https:\/\/vaninahenry.com\/","name":"Vanina Henry","description":"","publisher":{"@id":"https:\/\/vaninahenry.com\/#organization"},"potentialAction":[{"@type":"SearchAction","target":{"@type":"EntryPoint","urlTemplate":"https:\/\/vaninahenry.com\/?s={search_term_string}"},"query-input":{"@type":"PropertyValueSpecification","valueRequired":true,"valueName":"search_term_string"}}],"inLanguage":"de"},{"@type":"Organization","@id":"https:\/\/vaninahenry.com\/#organization","name":"Vanina Henry","url":"https:\/\/vaninahenry.com\/","logo":{"@type":"ImageObject","inLanguage":"de","@id":"https:\/\/vaninahenry.com\/#\/schema\/logo\/image\/","url":"http:\/\/vaninahenry.com\/wp-content\/uploads\/2021\/10\/Logo-design-by-VaninaHenry.png","contentUrl":"http:\/\/vaninahenry.com\/wp-content\/uploads\/2021\/10\/Logo-design-by-VaninaHenry.png","width":711,"height":467,"caption":"Vanina Henry"},"image":{"@id":"https:\/\/vaninahenry.com\/#\/schema\/logo\/image\/"},"sameAs":["https:\/\/www.facebook.com\/designbyvaninahenry","https:\/\/www.instagram.com\/vaninahenry\/"]}]}},"_links":{"self":[{"href":"https:\/\/vaninahenry.com\/de\/wp-json\/wp\/v2\/product\/22335","targetHints":{"allow":["GET"]}}],"collection":[{"href":"https:\/\/vaninahenry.com\/de\/wp-json\/wp\/v2\/product"}],"about":[{"href":"https:\/\/vaninahenry.com\/de\/wp-json\/wp\/v2\/types\/product"}],"wp:featuredmedia":[{"embeddable":true,"href":"https:\/\/vaninahenry.com\/de\/wp-json\/wp\/v2\/media\/45865"}],"wp:attachment":[{"href":"https:\/\/vaninahenry.com\/de\/wp-json\/wp\/v2\/media?parent=22335"}],"wp:term":[{"taxonomy":"product_brand","embeddable":true,"href":"https:\/\/vaninahenry.com\/de\/wp-json\/wp\/v2\/product_brand?post=22335"},{"taxonomy":"product_cat","embeddable":true,"href":"https:\/\/vaninahenry.com\/de\/wp-json\/wp\/v2\/product_cat?post=22335"},{"taxonomy":"product_tag","embeddable":true,"href":"https:\/\/vaninahenry.com\/de\/wp-json\/wp\/v2\/product_tag?post=22335"}],"curies":[{"name":"wp","href":"https:\/\/api.w.org\/{rel}","templated":true}]}}