{"id":22149,"date":"2021-07-12T14:05:55","date_gmt":"2021-07-12T12:05:55","guid":{"rendered":"https:\/\/hloccfq.cluster031.hosting.ovh.net\/produit\/lou-macchiato\/"},"modified":"2021-12-07T15:06:01","modified_gmt":"2021-12-07T14:06:01","slug":"lou-macchiato","status":"publish","type":"product","link":"https:\/\/vaninahenry.com\/de\/produkt\/lou-macchiato\/","title":{"rendered":"Lou Macchiato"},"content":{"rendered":"","protected":false},"excerpt":{"rendered":"<p>W\u00e4hlen Sie aus den verschiedenen H\u00f6hen- und Farboptionen den TIPTOE-Hocker, der am besten zu Ihnen passt.<\/p>\n<p>LOU, der TIPTOE-Hocker (H\u00f6he 45cm)<br \/>\nMI LOU, der zentrale Inselhocker (H\u00f6he 65cm)<br \/>\nBIG LOU, der bunte und vielseitige Barhocker (H\u00f6he 75cm)<\/p>\n<p>Sitz aus recyceltem Kunststoff, hergestellt aus Stecklingen, die in Gartencentern verwendet werden.<\/p>\n<p><a href=\"https:\/\/vaninahenry.com\/marque\/tiptoe\/\"><strong>Entdecken Sie tiptoe, sein Konzept und seine verschiedenen Produkte.<\/strong>&lt;\/a&lt;<\/a><\/p>\n","protected":false},"featured_media":50834,"template":"","meta":{"_acf_changed":false,"inline_featured_image":false},"product_brand":[],"product_cat":[393,396],"product_tag":[],"class_list":{"0":"post-22149","1":"product","2":"type-product","3":"status-publish","4":"has-post-thumbnail","6":"product_cat-design-moebel","7":"product_cat-sustainable-de","8":"product_shipping_class-tiptoe-de","10":"first","11":"outofstock","12":"taxable","13":"shipping-taxable","14":"purchasable","15":"product-type-variable"},"acf":[],"yoast_head":"<!-- This site is optimized with the Yoast SEO plugin v26.7 - https:\/\/yoast.com\/wordpress\/plugins\/seo\/ -->\n<title>Lou Macchiato - Vanina Henry<\/title>\n<meta name=\"robots\" content=\"index, follow, max-snippet:-1, max-image-preview:large, max-video-preview:-1\" \/>\n<link rel=\"canonical\" href=\"https:\/\/vaninahenry.com\/de\/produkt\/lou-macchiato\/\" \/>\n<meta property=\"og:locale\" content=\"de_DE\" \/>\n<meta property=\"og:type\" content=\"article\" \/>\n<meta property=\"og:title\" content=\"Lou Macchiato - Vanina Henry\" \/>\n<meta property=\"og:description\" content=\"W\u00e4hlen Sie aus den verschiedenen H\u00f6hen- und Farboptionen den TIPTOE-Hocker, der am besten zu Ihnen passt.  LOU, der TIPTOE-Hocker (H\u00f6he 45cm) MI LOU, der zentrale Inselhocker (H\u00f6he 65cm) BIG LOU, der bunte und vielseitige Barhocker (H\u00f6he 75cm)  Sitz aus recyceltem Kunststoff, hergestellt aus Stecklingen, die in Gartencentern verwendet werden.  Entdecken Sie tiptoe, sein Konzept und seine verschiedenen Produkte.&lt;\/a&lt;\" \/>\n<meta property=\"og:url\" content=\"https:\/\/vaninahenry.com\/de\/produkt\/lou-macchiato\/\" \/>\n<meta property=\"og:site_name\" content=\"Vanina Henry\" \/>\n<meta property=\"article:publisher\" content=\"https:\/\/www.facebook.com\/designbyvaninahenry\" \/>\n<meta property=\"article:modified_time\" content=\"2021-12-07T14:06:01+00:00\" \/>\n<meta property=\"og:image\" content=\"https:\/\/vaninahenry.com\/wp-content\/uploads\/2021\/07\/FL-15768_B.jpg\" \/>\n\t<meta property=\"og:image:width\" content=\"800\" \/>\n\t<meta property=\"og:image:height\" content=\"1200\" \/>\n\t<meta property=\"og:image:type\" content=\"image\/jpeg\" \/>\n<meta name=\"twitter:card\" content=\"summary_large_image\" \/>\n<script type=\"application\/ld+json\" class=\"yoast-schema-graph\">{\"@context\":\"https:\/\/schema.org\",\"@graph\":[{\"@type\":\"WebPage\",\"@id\":\"https:\/\/vaninahenry.com\/de\/produkt\/lou-macchiato\/\",\"url\":\"https:\/\/vaninahenry.com\/de\/produkt\/lou-macchiato\/\",\"name\":\"Lou Macchiato - Vanina Henry\",\"isPartOf\":{\"@id\":\"https:\/\/vaninahenry.com\/#website\"},\"primaryImageOfPage\":{\"@id\":\"https:\/\/vaninahenry.com\/de\/produkt\/lou-macchiato\/#primaryimage\"},\"image\":{\"@id\":\"https:\/\/vaninahenry.com\/de\/produkt\/lou-macchiato\/#primaryimage\"},\"thumbnailUrl\":\"https:\/\/vaninahenry.com\/wp-content\/uploads\/2021\/07\/FL-15768_B.jpg\",\"datePublished\":\"2021-07-12T12:05:55+00:00\",\"dateModified\":\"2021-12-07T14:06:01+00:00\",\"breadcrumb\":{\"@id\":\"https:\/\/vaninahenry.com\/de\/produkt\/lou-macchiato\/#breadcrumb\"},\"inLanguage\":\"de\",\"potentialAction\":[{\"@type\":\"ReadAction\",\"target\":[\"https:\/\/vaninahenry.com\/de\/produkt\/lou-macchiato\/\"]}]},{\"@type\":\"ImageObject\",\"inLanguage\":\"de\",\"@id\":\"https:\/\/vaninahenry.com\/de\/produkt\/lou-macchiato\/#primaryimage\",\"url\":\"https:\/\/vaninahenry.com\/wp-content\/uploads\/2021\/07\/FL-15768_B.jpg\",\"contentUrl\":\"https:\/\/vaninahenry.com\/wp-content\/uploads\/2021\/07\/FL-15768_B.jpg\",\"width\":800,\"height\":1200},{\"@type\":\"BreadcrumbList\",\"@id\":\"https:\/\/vaninahenry.com\/de\/produkt\/lou-macchiato\/#breadcrumb\",\"itemListElement\":[{\"@type\":\"ListItem\",\"position\":1,\"name\":\"Accueil\",\"item\":\"https:\/\/vaninahenry.com\/de\/\"},{\"@type\":\"ListItem\",\"position\":2,\"name\":\"Shop\",\"item\":\"https:\/\/vaninahenry.com\/boutique\/\"},{\"@type\":\"ListItem\",\"position\":3,\"name\":\"Lou Macchiato\"}]},{\"@type\":\"WebSite\",\"@id\":\"https:\/\/vaninahenry.com\/#website\",\"url\":\"https:\/\/vaninahenry.com\/\",\"name\":\"Vanina Henry\",\"description\":\"\",\"publisher\":{\"@id\":\"https:\/\/vaninahenry.com\/#organization\"},\"potentialAction\":[{\"@type\":\"SearchAction\",\"target\":{\"@type\":\"EntryPoint\",\"urlTemplate\":\"https:\/\/vaninahenry.com\/?s={search_term_string}\"},\"query-input\":{\"@type\":\"PropertyValueSpecification\",\"valueRequired\":true,\"valueName\":\"search_term_string\"}}],\"inLanguage\":\"de\"},{\"@type\":\"Organization\",\"@id\":\"https:\/\/vaninahenry.com\/#organization\",\"name\":\"Vanina Henry\",\"url\":\"https:\/\/vaninahenry.com\/\",\"logo\":{\"@type\":\"ImageObject\",\"inLanguage\":\"de\",\"@id\":\"https:\/\/vaninahenry.com\/#\/schema\/logo\/image\/\",\"url\":\"http:\/\/vaninahenry.com\/wp-content\/uploads\/2021\/10\/Logo-design-by-VaninaHenry.png\",\"contentUrl\":\"http:\/\/vaninahenry.com\/wp-content\/uploads\/2021\/10\/Logo-design-by-VaninaHenry.png\",\"width\":711,\"height\":467,\"caption\":\"Vanina Henry\"},\"image\":{\"@id\":\"https:\/\/vaninahenry.com\/#\/schema\/logo\/image\/\"},\"sameAs\":[\"https:\/\/www.facebook.com\/designbyvaninahenry\",\"https:\/\/www.instagram.com\/vaninahenry\/\"]}]}<\/script>\n<!-- \/ Yoast SEO plugin. -->","yoast_head_json":{"title":"Lou Macchiato - Vanina Henry","robots":{"index":"index","follow":"follow","max-snippet":"max-snippet:-1","max-image-preview":"max-image-preview:large","max-video-preview":"max-video-preview:-1"},"canonical":"https:\/\/vaninahenry.com\/de\/produkt\/lou-macchiato\/","og_locale":"de_DE","og_type":"article","og_title":"Lou Macchiato - Vanina Henry","og_description":"W\u00e4hlen Sie aus den verschiedenen H\u00f6hen- und Farboptionen den TIPTOE-Hocker, der am besten zu Ihnen passt.  LOU, der TIPTOE-Hocker (H\u00f6he 45cm) MI LOU, der zentrale Inselhocker (H\u00f6he 65cm) BIG LOU, der bunte und vielseitige Barhocker (H\u00f6he 75cm)  Sitz aus recyceltem Kunststoff, hergestellt aus Stecklingen, die in Gartencentern verwendet werden.  Entdecken Sie tiptoe, sein Konzept und seine verschiedenen Produkte.&lt;\/a&lt;","og_url":"https:\/\/vaninahenry.com\/de\/produkt\/lou-macchiato\/","og_site_name":"Vanina Henry","article_publisher":"https:\/\/www.facebook.com\/designbyvaninahenry","article_modified_time":"2021-12-07T14:06:01+00:00","og_image":[{"width":800,"height":1200,"url":"https:\/\/vaninahenry.com\/wp-content\/uploads\/2021\/07\/FL-15768_B.jpg","type":"image\/jpeg"}],"twitter_card":"summary_large_image","schema":{"@context":"https:\/\/schema.org","@graph":[{"@type":"WebPage","@id":"https:\/\/vaninahenry.com\/de\/produkt\/lou-macchiato\/","url":"https:\/\/vaninahenry.com\/de\/produkt\/lou-macchiato\/","name":"Lou Macchiato - Vanina Henry","isPartOf":{"@id":"https:\/\/vaninahenry.com\/#website"},"primaryImageOfPage":{"@id":"https:\/\/vaninahenry.com\/de\/produkt\/lou-macchiato\/#primaryimage"},"image":{"@id":"https:\/\/vaninahenry.com\/de\/produkt\/lou-macchiato\/#primaryimage"},"thumbnailUrl":"https:\/\/vaninahenry.com\/wp-content\/uploads\/2021\/07\/FL-15768_B.jpg","datePublished":"2021-07-12T12:05:55+00:00","dateModified":"2021-12-07T14:06:01+00:00","breadcrumb":{"@id":"https:\/\/vaninahenry.com\/de\/produkt\/lou-macchiato\/#breadcrumb"},"inLanguage":"de","potentialAction":[{"@type":"ReadAction","target":["https:\/\/vaninahenry.com\/de\/produkt\/lou-macchiato\/"]}]},{"@type":"ImageObject","inLanguage":"de","@id":"https:\/\/vaninahenry.com\/de\/produkt\/lou-macchiato\/#primaryimage","url":"https:\/\/vaninahenry.com\/wp-content\/uploads\/2021\/07\/FL-15768_B.jpg","contentUrl":"https:\/\/vaninahenry.com\/wp-content\/uploads\/2021\/07\/FL-15768_B.jpg","width":800,"height":1200},{"@type":"BreadcrumbList","@id":"https:\/\/vaninahenry.com\/de\/produkt\/lou-macchiato\/#breadcrumb","itemListElement":[{"@type":"ListItem","position":1,"name":"Accueil","item":"https:\/\/vaninahenry.com\/de\/"},{"@type":"ListItem","position":2,"name":"Shop","item":"https:\/\/vaninahenry.com\/boutique\/"},{"@type":"ListItem","position":3,"name":"Lou Macchiato"}]},{"@type":"WebSite","@id":"https:\/\/vaninahenry.com\/#website","url":"https:\/\/vaninahenry.com\/","name":"Vanina Henry","description":"","publisher":{"@id":"https:\/\/vaninahenry.com\/#organization"},"potentialAction":[{"@type":"SearchAction","target":{"@type":"EntryPoint","urlTemplate":"https:\/\/vaninahenry.com\/?s={search_term_string}"},"query-input":{"@type":"PropertyValueSpecification","valueRequired":true,"valueName":"search_term_string"}}],"inLanguage":"de"},{"@type":"Organization","@id":"https:\/\/vaninahenry.com\/#organization","name":"Vanina Henry","url":"https:\/\/vaninahenry.com\/","logo":{"@type":"ImageObject","inLanguage":"de","@id":"https:\/\/vaninahenry.com\/#\/schema\/logo\/image\/","url":"http:\/\/vaninahenry.com\/wp-content\/uploads\/2021\/10\/Logo-design-by-VaninaHenry.png","contentUrl":"http:\/\/vaninahenry.com\/wp-content\/uploads\/2021\/10\/Logo-design-by-VaninaHenry.png","width":711,"height":467,"caption":"Vanina Henry"},"image":{"@id":"https:\/\/vaninahenry.com\/#\/schema\/logo\/image\/"},"sameAs":["https:\/\/www.facebook.com\/designbyvaninahenry","https:\/\/www.instagram.com\/vaninahenry\/"]}]}},"_links":{"self":[{"href":"https:\/\/vaninahenry.com\/de\/wp-json\/wp\/v2\/product\/22149","targetHints":{"allow":["GET"]}}],"collection":[{"href":"https:\/\/vaninahenry.com\/de\/wp-json\/wp\/v2\/product"}],"about":[{"href":"https:\/\/vaninahenry.com\/de\/wp-json\/wp\/v2\/types\/product"}],"wp:featuredmedia":[{"embeddable":true,"href":"https:\/\/vaninahenry.com\/de\/wp-json\/wp\/v2\/media\/50834"}],"wp:attachment":[{"href":"https:\/\/vaninahenry.com\/de\/wp-json\/wp\/v2\/media?parent=22149"}],"wp:term":[{"taxonomy":"product_brand","embeddable":true,"href":"https:\/\/vaninahenry.com\/de\/wp-json\/wp\/v2\/product_brand?post=22149"},{"taxonomy":"product_cat","embeddable":true,"href":"https:\/\/vaninahenry.com\/de\/wp-json\/wp\/v2\/product_cat?post=22149"},{"taxonomy":"product_tag","embeddable":true,"href":"https:\/\/vaninahenry.com\/de\/wp-json\/wp\/v2\/product_tag?post=22149"}],"curies":[{"name":"wp","href":"https:\/\/api.w.org\/{rel}","templated":true}]}}