{"id":22090,"date":"2021-07-14T12:07:42","date_gmt":"2021-07-14T10:07:42","guid":{"rendered":"https:\/\/hloccfq.cluster031.hosting.ovh.net\/produit\/duke-sitzbank\/"},"modified":"2021-12-07T13:44:34","modified_gmt":"2021-12-07T12:44:34","slug":"duke-sitzbank","status":"publish","type":"product","link":"https:\/\/vaninahenry.com\/de\/produkt\/duke-sitzbank\/","title":{"rendered":"DUKE-Sitzbank"},"content":{"rendered":"<div class=\"grid__col-xxs--12 grid__col-s-push--1 grid__col-s--10\">\n<p style=\"text-align: left;\"><strong>ELEGANT UND MINIMAL<\/strong><\/p>\n<\/div>\n<div class=\"grid__col-xxs--12 grid__col-s-push--3 grid__col-s--6\">\n<div class=\"intro__text--center t-small t-light\">\n<p style=\"text-align: left;\">Die DUKE-Bank macht sich dank ihres klaren Looks gleicherma\u00dfen gut im Eingangsbereich, an der Tischkante oder im Wohnzimmer.<\/p>\n<p>&lt;p<\/p>\n<p style=\"text-align: left;\"><strong>Die DUKE-Bank ist eine Gelegenheits-Bank, die Platz f\u00fcr 2 Personen (d.h. ca. 150kg Maximalgewicht) bietet.<\/strong><\/p>\n<p style=\"text-align: left;\">Die massive Eichenplatte wird in Europa hergestellt und ihr Holz stammt zu 100% aus nachhaltig bewirtschafteten W\u00e4ldern (PEFC-Label).<\/p>\n<\/div>\n<\/div>\n","protected":false},"excerpt":{"rendered":"<p>Die Bank ist ein kreatives und vielseitiges Objekt, das sowohl als Sitzgelegenheit als auch als M\u00f6belst\u00fcck f\u00fcr Ihre Schuhe und Kleidung dienen kann. Die Bank besteht aus einem einfach zu montierenden TIPTOE-Tablett und Beinen.<\/p>\n<p><a href=\"https:\/\/vaninahenry.com\/marque\/tiptoe\/\"><strong>Entdecken Sie das Konzept und die verschiedenen Produkte von TIPTOE<\/strong>.<\/a><\/p>\n","protected":false},"featured_media":64004,"template":"","meta":{"_acf_changed":false,"inline_featured_image":false},"product_brand":[],"product_cat":[393,396],"product_tag":[],"class_list":{"0":"post-22090","1":"product","2":"type-product","3":"status-publish","4":"has-post-thumbnail","6":"product_cat-design-moebel","7":"product_cat-sustainable-de","8":"product_shipping_class-tiptoe-300-de","10":"first","11":"instock","12":"taxable","13":"shipping-taxable","14":"purchasable","15":"product-type-variable"},"acf":[],"yoast_head":"<!-- This site is optimized with the Yoast SEO plugin v26.7 - https:\/\/yoast.com\/wordpress\/plugins\/seo\/ -->\n<title>DUKE-Sitzbank - Vanina Henry<\/title>\n<meta name=\"robots\" content=\"index, follow, max-snippet:-1, max-image-preview:large, max-video-preview:-1\" \/>\n<link rel=\"canonical\" href=\"https:\/\/vaninahenry.com\/produkt\/banc-duke-chene-massif\/\" \/>\n<meta property=\"og:locale\" content=\"de_DE\" \/>\n<meta property=\"og:type\" content=\"article\" \/>\n<meta property=\"og:title\" content=\"DUKE-Sitzbank - Vanina Henry\" \/>\n<meta property=\"og:description\" content=\"Die Bank ist ein kreatives und vielseitiges Objekt, das sowohl als Sitzgelegenheit als auch als M\u00f6belst\u00fcck f\u00fcr Ihre Schuhe und Kleidung dienen kann. Die Bank besteht aus einem einfach zu montierenden TIPTOE-Tablett und Beinen.  Entdecken Sie das Konzept und die verschiedenen Produkte von TIPTOE.\" \/>\n<meta property=\"og:url\" content=\"https:\/\/vaninahenry.com\/produkt\/banc-duke-chene-massif\/\" \/>\n<meta property=\"og:site_name\" content=\"Vanina Henry\" \/>\n<meta property=\"article:publisher\" content=\"https:\/\/www.facebook.com\/designbyvaninahenry\" \/>\n<meta property=\"article:modified_time\" content=\"2021-12-07T12:44:34+00:00\" \/>\n<meta property=\"og:image\" content=\"https:\/\/vaninahenry.com\/wp-content\/uploads\/2021\/07\/ensemble-basse8-1440x0-c-default-1-1440x0-c-default.jpg\" \/>\n\t<meta property=\"og:image:width\" content=\"1440\" \/>\n\t<meta property=\"og:image:height\" content=\"1440\" \/>\n\t<meta property=\"og:image:type\" content=\"image\/jpeg\" \/>\n<meta name=\"twitter:card\" content=\"summary_large_image\" \/>\n<script type=\"application\/ld+json\" class=\"yoast-schema-graph\">{\"@context\":\"https:\/\/schema.org\",\"@graph\":[{\"@type\":\"WebPage\",\"@id\":\"https:\/\/vaninahenry.com\/produkt\/banc-duke-chene-massif\/\",\"url\":\"https:\/\/vaninahenry.com\/produkt\/banc-duke-chene-massif\/\",\"name\":\"DUKE-Sitzbank - Vanina Henry\",\"isPartOf\":{\"@id\":\"https:\/\/vaninahenry.com\/#website\"},\"primaryImageOfPage\":{\"@id\":\"https:\/\/vaninahenry.com\/produkt\/banc-duke-chene-massif\/#primaryimage\"},\"image\":{\"@id\":\"https:\/\/vaninahenry.com\/produkt\/banc-duke-chene-massif\/#primaryimage\"},\"thumbnailUrl\":\"https:\/\/vaninahenry.com\/wp-content\/uploads\/2021\/07\/ensemble-basse8-1440x0-c-default-1-1440x0-c-default.jpg\",\"datePublished\":\"2021-07-14T10:07:42+00:00\",\"dateModified\":\"2021-12-07T12:44:34+00:00\",\"breadcrumb\":{\"@id\":\"https:\/\/vaninahenry.com\/produkt\/banc-duke-chene-massif\/#breadcrumb\"},\"inLanguage\":\"de\",\"potentialAction\":[{\"@type\":\"ReadAction\",\"target\":[\"https:\/\/vaninahenry.com\/produkt\/banc-duke-chene-massif\/\"]}]},{\"@type\":\"ImageObject\",\"inLanguage\":\"de\",\"@id\":\"https:\/\/vaninahenry.com\/produkt\/banc-duke-chene-massif\/#primaryimage\",\"url\":\"https:\/\/vaninahenry.com\/wp-content\/uploads\/2021\/07\/ensemble-basse8-1440x0-c-default-1-1440x0-c-default.jpg\",\"contentUrl\":\"https:\/\/vaninahenry.com\/wp-content\/uploads\/2021\/07\/ensemble-basse8-1440x0-c-default-1-1440x0-c-default.jpg\",\"width\":1440,\"height\":1440},{\"@type\":\"BreadcrumbList\",\"@id\":\"https:\/\/vaninahenry.com\/produkt\/banc-duke-chene-massif\/#breadcrumb\",\"itemListElement\":[{\"@type\":\"ListItem\",\"position\":1,\"name\":\"Accueil\",\"item\":\"https:\/\/vaninahenry.com\/de\/\"},{\"@type\":\"ListItem\",\"position\":2,\"name\":\"Shop\",\"item\":\"https:\/\/vaninahenry.com\/boutique\/\"},{\"@type\":\"ListItem\",\"position\":3,\"name\":\"DUKE-Sitzbank\"}]},{\"@type\":\"WebSite\",\"@id\":\"https:\/\/vaninahenry.com\/#website\",\"url\":\"https:\/\/vaninahenry.com\/\",\"name\":\"Vanina Henry\",\"description\":\"\",\"publisher\":{\"@id\":\"https:\/\/vaninahenry.com\/#organization\"},\"potentialAction\":[{\"@type\":\"SearchAction\",\"target\":{\"@type\":\"EntryPoint\",\"urlTemplate\":\"https:\/\/vaninahenry.com\/?s={search_term_string}\"},\"query-input\":{\"@type\":\"PropertyValueSpecification\",\"valueRequired\":true,\"valueName\":\"search_term_string\"}}],\"inLanguage\":\"de\"},{\"@type\":\"Organization\",\"@id\":\"https:\/\/vaninahenry.com\/#organization\",\"name\":\"Vanina Henry\",\"url\":\"https:\/\/vaninahenry.com\/\",\"logo\":{\"@type\":\"ImageObject\",\"inLanguage\":\"de\",\"@id\":\"https:\/\/vaninahenry.com\/#\/schema\/logo\/image\/\",\"url\":\"http:\/\/vaninahenry.com\/wp-content\/uploads\/2021\/10\/Logo-design-by-VaninaHenry.png\",\"contentUrl\":\"http:\/\/vaninahenry.com\/wp-content\/uploads\/2021\/10\/Logo-design-by-VaninaHenry.png\",\"width\":711,\"height\":467,\"caption\":\"Vanina Henry\"},\"image\":{\"@id\":\"https:\/\/vaninahenry.com\/#\/schema\/logo\/image\/\"},\"sameAs\":[\"https:\/\/www.facebook.com\/designbyvaninahenry\",\"https:\/\/www.instagram.com\/vaninahenry\/\"]}]}<\/script>\n<!-- \/ Yoast SEO plugin. -->","yoast_head_json":{"title":"DUKE-Sitzbank - Vanina Henry","robots":{"index":"index","follow":"follow","max-snippet":"max-snippet:-1","max-image-preview":"max-image-preview:large","max-video-preview":"max-video-preview:-1"},"canonical":"https:\/\/vaninahenry.com\/produkt\/banc-duke-chene-massif\/","og_locale":"de_DE","og_type":"article","og_title":"DUKE-Sitzbank - Vanina Henry","og_description":"Die Bank ist ein kreatives und vielseitiges Objekt, das sowohl als Sitzgelegenheit als auch als M\u00f6belst\u00fcck f\u00fcr Ihre Schuhe und Kleidung dienen kann. Die Bank besteht aus einem einfach zu montierenden TIPTOE-Tablett und Beinen.  Entdecken Sie das Konzept und die verschiedenen Produkte von TIPTOE.","og_url":"https:\/\/vaninahenry.com\/produkt\/banc-duke-chene-massif\/","og_site_name":"Vanina Henry","article_publisher":"https:\/\/www.facebook.com\/designbyvaninahenry","article_modified_time":"2021-12-07T12:44:34+00:00","og_image":[{"width":1440,"height":1440,"url":"https:\/\/vaninahenry.com\/wp-content\/uploads\/2021\/07\/ensemble-basse8-1440x0-c-default-1-1440x0-c-default.jpg","type":"image\/jpeg"}],"twitter_card":"summary_large_image","schema":{"@context":"https:\/\/schema.org","@graph":[{"@type":"WebPage","@id":"https:\/\/vaninahenry.com\/produkt\/banc-duke-chene-massif\/","url":"https:\/\/vaninahenry.com\/produkt\/banc-duke-chene-massif\/","name":"DUKE-Sitzbank - Vanina Henry","isPartOf":{"@id":"https:\/\/vaninahenry.com\/#website"},"primaryImageOfPage":{"@id":"https:\/\/vaninahenry.com\/produkt\/banc-duke-chene-massif\/#primaryimage"},"image":{"@id":"https:\/\/vaninahenry.com\/produkt\/banc-duke-chene-massif\/#primaryimage"},"thumbnailUrl":"https:\/\/vaninahenry.com\/wp-content\/uploads\/2021\/07\/ensemble-basse8-1440x0-c-default-1-1440x0-c-default.jpg","datePublished":"2021-07-14T10:07:42+00:00","dateModified":"2021-12-07T12:44:34+00:00","breadcrumb":{"@id":"https:\/\/vaninahenry.com\/produkt\/banc-duke-chene-massif\/#breadcrumb"},"inLanguage":"de","potentialAction":[{"@type":"ReadAction","target":["https:\/\/vaninahenry.com\/produkt\/banc-duke-chene-massif\/"]}]},{"@type":"ImageObject","inLanguage":"de","@id":"https:\/\/vaninahenry.com\/produkt\/banc-duke-chene-massif\/#primaryimage","url":"https:\/\/vaninahenry.com\/wp-content\/uploads\/2021\/07\/ensemble-basse8-1440x0-c-default-1-1440x0-c-default.jpg","contentUrl":"https:\/\/vaninahenry.com\/wp-content\/uploads\/2021\/07\/ensemble-basse8-1440x0-c-default-1-1440x0-c-default.jpg","width":1440,"height":1440},{"@type":"BreadcrumbList","@id":"https:\/\/vaninahenry.com\/produkt\/banc-duke-chene-massif\/#breadcrumb","itemListElement":[{"@type":"ListItem","position":1,"name":"Accueil","item":"https:\/\/vaninahenry.com\/de\/"},{"@type":"ListItem","position":2,"name":"Shop","item":"https:\/\/vaninahenry.com\/boutique\/"},{"@type":"ListItem","position":3,"name":"DUKE-Sitzbank"}]},{"@type":"WebSite","@id":"https:\/\/vaninahenry.com\/#website","url":"https:\/\/vaninahenry.com\/","name":"Vanina Henry","description":"","publisher":{"@id":"https:\/\/vaninahenry.com\/#organization"},"potentialAction":[{"@type":"SearchAction","target":{"@type":"EntryPoint","urlTemplate":"https:\/\/vaninahenry.com\/?s={search_term_string}"},"query-input":{"@type":"PropertyValueSpecification","valueRequired":true,"valueName":"search_term_string"}}],"inLanguage":"de"},{"@type":"Organization","@id":"https:\/\/vaninahenry.com\/#organization","name":"Vanina Henry","url":"https:\/\/vaninahenry.com\/","logo":{"@type":"ImageObject","inLanguage":"de","@id":"https:\/\/vaninahenry.com\/#\/schema\/logo\/image\/","url":"http:\/\/vaninahenry.com\/wp-content\/uploads\/2021\/10\/Logo-design-by-VaninaHenry.png","contentUrl":"http:\/\/vaninahenry.com\/wp-content\/uploads\/2021\/10\/Logo-design-by-VaninaHenry.png","width":711,"height":467,"caption":"Vanina Henry"},"image":{"@id":"https:\/\/vaninahenry.com\/#\/schema\/logo\/image\/"},"sameAs":["https:\/\/www.facebook.com\/designbyvaninahenry","https:\/\/www.instagram.com\/vaninahenry\/"]}]}},"_links":{"self":[{"href":"https:\/\/vaninahenry.com\/de\/wp-json\/wp\/v2\/product\/22090","targetHints":{"allow":["GET"]}}],"collection":[{"href":"https:\/\/vaninahenry.com\/de\/wp-json\/wp\/v2\/product"}],"about":[{"href":"https:\/\/vaninahenry.com\/de\/wp-json\/wp\/v2\/types\/product"}],"wp:featuredmedia":[{"embeddable":true,"href":"https:\/\/vaninahenry.com\/de\/wp-json\/wp\/v2\/media\/64004"}],"wp:attachment":[{"href":"https:\/\/vaninahenry.com\/de\/wp-json\/wp\/v2\/media?parent=22090"}],"wp:term":[{"taxonomy":"product_brand","embeddable":true,"href":"https:\/\/vaninahenry.com\/de\/wp-json\/wp\/v2\/product_brand?post=22090"},{"taxonomy":"product_cat","embeddable":true,"href":"https:\/\/vaninahenry.com\/de\/wp-json\/wp\/v2\/product_cat?post=22090"},{"taxonomy":"product_tag","embeddable":true,"href":"https:\/\/vaninahenry.com\/de\/wp-json\/wp\/v2\/product_tag?post=22090"}],"curies":[{"name":"wp","href":"https:\/\/api.w.org\/{rel}","templated":true}]}}