{"id":20613,"date":"2021-07-15T10:13:50","date_gmt":"2021-07-15T08:13:50","guid":{"rendered":"https:\/\/hloccfq.cluster031.hosting.ovh.net\/produit\/lobo-esstisch-umweltzertifiziertes-holz\/"},"modified":"2021-12-07T15:15:11","modified_gmt":"2021-12-07T14:15:11","slug":"lobo-esstisch-umweltzertifiziertes-holz","status":"publish","type":"product","link":"https:\/\/vaninahenry.com\/de\/produkt\/lobo-esstisch-umweltzertifiziertes-holz\/","title":{"rendered":"LOBO Esstisch &#8211; umweltzertifiziertes Holz"},"content":{"rendered":"","protected":false},"excerpt":{"rendered":"<p>Der LOBO Tisch besteht aus 4 TIPTOE Beinen 75cm und einer 120x60cm Eichenplatte f\u00fcr 4 Personen. Der LOBO Esstisch ist perfekt f\u00fcr kleine R\u00e4ume und kann im Wohnzimmer oder als kleiner Esstisch in der K\u00fcche aufgestellt werden.<\/p>\n<p>Die Eichenplatte wird in Frankreich hergestellt und ihr Holz stammt zu 100% aus nachhaltig bewirtschafteten W\u00e4ldern (PEFC-Label)<\/p>\n<p><a href=\"https:\/\/vaninahenry.com\/marque\/tiptoe\/\"><strong>Entdecken Sie TIPTOE<\/strong>, sein Konzept und seine verschiedenen Produkte.<\/a><\/p>\n","protected":false},"featured_media":44295,"template":"","meta":{"_acf_changed":false,"inline_featured_image":false},"product_brand":[],"product_cat":[393,396],"product_tag":[],"class_list":{"0":"post-20613","1":"product","2":"type-product","3":"status-publish","4":"has-post-thumbnail","6":"product_cat-design-moebel","7":"product_cat-sustainable-de","8":"product_shipping_class-tiptoe-300-de","10":"first","11":"instock","12":"taxable","13":"shipping-taxable","14":"purchasable","15":"product-type-variable"},"acf":[],"yoast_head":"<!-- This site is optimized with the Yoast SEO plugin v26.7 - https:\/\/yoast.com\/wordpress\/plugins\/seo\/ -->\n<title>LOBO Esstisch - umweltzertifiziertes Holz - Vanina Henry<\/title>\n<meta name=\"robots\" content=\"index, follow, max-snippet:-1, max-image-preview:large, max-video-preview:-1\" \/>\n<link rel=\"canonical\" href=\"https:\/\/vaninahenry.com\/produkt\/table-a-manger-lobo-bois-eco-certifie\/\" \/>\n<meta property=\"og:locale\" content=\"de_DE\" \/>\n<meta property=\"og:type\" content=\"article\" \/>\n<meta property=\"og:title\" content=\"LOBO Esstisch - umweltzertifiziertes Holz - Vanina Henry\" \/>\n<meta property=\"og:description\" content=\"Der LOBO Tisch besteht aus 4 TIPTOE Beinen 75cm und einer 120x60cm Eichenplatte f\u00fcr 4 Personen. Der LOBO Esstisch ist perfekt f\u00fcr kleine R\u00e4ume und kann im Wohnzimmer oder als kleiner Esstisch in der K\u00fcche aufgestellt werden.  Die Eichenplatte wird in Frankreich hergestellt und ihr Holz stammt zu 100% aus nachhaltig bewirtschafteten W\u00e4ldern (PEFC-Label)  Entdecken Sie TIPTOE, sein Konzept und seine verschiedenen Produkte.\" \/>\n<meta property=\"og:url\" content=\"https:\/\/vaninahenry.com\/produkt\/table-a-manger-lobo-bois-eco-certifie\/\" \/>\n<meta property=\"og:site_name\" content=\"Vanina Henry\" \/>\n<meta property=\"article:publisher\" content=\"https:\/\/www.facebook.com\/designbyvaninahenry\" \/>\n<meta property=\"article:modified_time\" content=\"2021-12-07T14:15:11+00:00\" \/>\n<meta name=\"twitter:card\" content=\"summary_large_image\" \/>\n<script type=\"application\/ld+json\" class=\"yoast-schema-graph\">{\"@context\":\"https:\/\/schema.org\",\"@graph\":[{\"@type\":\"WebPage\",\"@id\":\"https:\/\/vaninahenry.com\/produkt\/table-a-manger-lobo-bois-eco-certifie\/\",\"url\":\"https:\/\/vaninahenry.com\/produkt\/table-a-manger-lobo-bois-eco-certifie\/\",\"name\":\"LOBO Esstisch - umweltzertifiziertes Holz - Vanina Henry\",\"isPartOf\":{\"@id\":\"https:\/\/vaninahenry.com\/#website\"},\"primaryImageOfPage\":{\"@id\":\"https:\/\/vaninahenry.com\/produkt\/table-a-manger-lobo-bois-eco-certifie\/#primaryimage\"},\"image\":{\"@id\":\"https:\/\/vaninahenry.com\/produkt\/table-a-manger-lobo-bois-eco-certifie\/#primaryimage\"},\"thumbnailUrl\":\"\",\"datePublished\":\"2021-07-15T08:13:50+00:00\",\"dateModified\":\"2021-12-07T14:15:11+00:00\",\"breadcrumb\":{\"@id\":\"https:\/\/vaninahenry.com\/produkt\/table-a-manger-lobo-bois-eco-certifie\/#breadcrumb\"},\"inLanguage\":\"de\",\"potentialAction\":[{\"@type\":\"ReadAction\",\"target\":[\"https:\/\/vaninahenry.com\/produkt\/table-a-manger-lobo-bois-eco-certifie\/\"]}]},{\"@type\":\"ImageObject\",\"inLanguage\":\"de\",\"@id\":\"https:\/\/vaninahenry.com\/produkt\/table-a-manger-lobo-bois-eco-certifie\/#primaryimage\",\"url\":\"\",\"contentUrl\":\"\"},{\"@type\":\"BreadcrumbList\",\"@id\":\"https:\/\/vaninahenry.com\/produkt\/table-a-manger-lobo-bois-eco-certifie\/#breadcrumb\",\"itemListElement\":[{\"@type\":\"ListItem\",\"position\":1,\"name\":\"Accueil\",\"item\":\"https:\/\/vaninahenry.com\/de\/\"},{\"@type\":\"ListItem\",\"position\":2,\"name\":\"Shop\",\"item\":\"https:\/\/vaninahenry.com\/boutique\/\"},{\"@type\":\"ListItem\",\"position\":3,\"name\":\"LOBO Esstisch &#8211; umweltzertifiziertes Holz\"}]},{\"@type\":\"WebSite\",\"@id\":\"https:\/\/vaninahenry.com\/#website\",\"url\":\"https:\/\/vaninahenry.com\/\",\"name\":\"Vanina Henry\",\"description\":\"\",\"publisher\":{\"@id\":\"https:\/\/vaninahenry.com\/#organization\"},\"potentialAction\":[{\"@type\":\"SearchAction\",\"target\":{\"@type\":\"EntryPoint\",\"urlTemplate\":\"https:\/\/vaninahenry.com\/?s={search_term_string}\"},\"query-input\":{\"@type\":\"PropertyValueSpecification\",\"valueRequired\":true,\"valueName\":\"search_term_string\"}}],\"inLanguage\":\"de\"},{\"@type\":\"Organization\",\"@id\":\"https:\/\/vaninahenry.com\/#organization\",\"name\":\"Vanina Henry\",\"url\":\"https:\/\/vaninahenry.com\/\",\"logo\":{\"@type\":\"ImageObject\",\"inLanguage\":\"de\",\"@id\":\"https:\/\/vaninahenry.com\/#\/schema\/logo\/image\/\",\"url\":\"http:\/\/vaninahenry.com\/wp-content\/uploads\/2021\/10\/Logo-design-by-VaninaHenry.png\",\"contentUrl\":\"http:\/\/vaninahenry.com\/wp-content\/uploads\/2021\/10\/Logo-design-by-VaninaHenry.png\",\"width\":711,\"height\":467,\"caption\":\"Vanina Henry\"},\"image\":{\"@id\":\"https:\/\/vaninahenry.com\/#\/schema\/logo\/image\/\"},\"sameAs\":[\"https:\/\/www.facebook.com\/designbyvaninahenry\",\"https:\/\/www.instagram.com\/vaninahenry\/\"]}]}<\/script>\n<!-- \/ Yoast SEO plugin. -->","yoast_head_json":{"title":"LOBO Esstisch - umweltzertifiziertes Holz - Vanina Henry","robots":{"index":"index","follow":"follow","max-snippet":"max-snippet:-1","max-image-preview":"max-image-preview:large","max-video-preview":"max-video-preview:-1"},"canonical":"https:\/\/vaninahenry.com\/produkt\/table-a-manger-lobo-bois-eco-certifie\/","og_locale":"de_DE","og_type":"article","og_title":"LOBO Esstisch - umweltzertifiziertes Holz - Vanina Henry","og_description":"Der LOBO Tisch besteht aus 4 TIPTOE Beinen 75cm und einer 120x60cm Eichenplatte f\u00fcr 4 Personen. Der LOBO Esstisch ist perfekt f\u00fcr kleine R\u00e4ume und kann im Wohnzimmer oder als kleiner Esstisch in der K\u00fcche aufgestellt werden.  Die Eichenplatte wird in Frankreich hergestellt und ihr Holz stammt zu 100% aus nachhaltig bewirtschafteten W\u00e4ldern (PEFC-Label)  Entdecken Sie TIPTOE, sein Konzept und seine verschiedenen Produkte.","og_url":"https:\/\/vaninahenry.com\/produkt\/table-a-manger-lobo-bois-eco-certifie\/","og_site_name":"Vanina Henry","article_publisher":"https:\/\/www.facebook.com\/designbyvaninahenry","article_modified_time":"2021-12-07T14:15:11+00:00","twitter_card":"summary_large_image","schema":{"@context":"https:\/\/schema.org","@graph":[{"@type":"WebPage","@id":"https:\/\/vaninahenry.com\/produkt\/table-a-manger-lobo-bois-eco-certifie\/","url":"https:\/\/vaninahenry.com\/produkt\/table-a-manger-lobo-bois-eco-certifie\/","name":"LOBO Esstisch - umweltzertifiziertes Holz - Vanina Henry","isPartOf":{"@id":"https:\/\/vaninahenry.com\/#website"},"primaryImageOfPage":{"@id":"https:\/\/vaninahenry.com\/produkt\/table-a-manger-lobo-bois-eco-certifie\/#primaryimage"},"image":{"@id":"https:\/\/vaninahenry.com\/produkt\/table-a-manger-lobo-bois-eco-certifie\/#primaryimage"},"thumbnailUrl":"","datePublished":"2021-07-15T08:13:50+00:00","dateModified":"2021-12-07T14:15:11+00:00","breadcrumb":{"@id":"https:\/\/vaninahenry.com\/produkt\/table-a-manger-lobo-bois-eco-certifie\/#breadcrumb"},"inLanguage":"de","potentialAction":[{"@type":"ReadAction","target":["https:\/\/vaninahenry.com\/produkt\/table-a-manger-lobo-bois-eco-certifie\/"]}]},{"@type":"ImageObject","inLanguage":"de","@id":"https:\/\/vaninahenry.com\/produkt\/table-a-manger-lobo-bois-eco-certifie\/#primaryimage","url":"","contentUrl":""},{"@type":"BreadcrumbList","@id":"https:\/\/vaninahenry.com\/produkt\/table-a-manger-lobo-bois-eco-certifie\/#breadcrumb","itemListElement":[{"@type":"ListItem","position":1,"name":"Accueil","item":"https:\/\/vaninahenry.com\/de\/"},{"@type":"ListItem","position":2,"name":"Shop","item":"https:\/\/vaninahenry.com\/boutique\/"},{"@type":"ListItem","position":3,"name":"LOBO Esstisch &#8211; umweltzertifiziertes Holz"}]},{"@type":"WebSite","@id":"https:\/\/vaninahenry.com\/#website","url":"https:\/\/vaninahenry.com\/","name":"Vanina Henry","description":"","publisher":{"@id":"https:\/\/vaninahenry.com\/#organization"},"potentialAction":[{"@type":"SearchAction","target":{"@type":"EntryPoint","urlTemplate":"https:\/\/vaninahenry.com\/?s={search_term_string}"},"query-input":{"@type":"PropertyValueSpecification","valueRequired":true,"valueName":"search_term_string"}}],"inLanguage":"de"},{"@type":"Organization","@id":"https:\/\/vaninahenry.com\/#organization","name":"Vanina Henry","url":"https:\/\/vaninahenry.com\/","logo":{"@type":"ImageObject","inLanguage":"de","@id":"https:\/\/vaninahenry.com\/#\/schema\/logo\/image\/","url":"http:\/\/vaninahenry.com\/wp-content\/uploads\/2021\/10\/Logo-design-by-VaninaHenry.png","contentUrl":"http:\/\/vaninahenry.com\/wp-content\/uploads\/2021\/10\/Logo-design-by-VaninaHenry.png","width":711,"height":467,"caption":"Vanina Henry"},"image":{"@id":"https:\/\/vaninahenry.com\/#\/schema\/logo\/image\/"},"sameAs":["https:\/\/www.facebook.com\/designbyvaninahenry","https:\/\/www.instagram.com\/vaninahenry\/"]}]}},"_links":{"self":[{"href":"https:\/\/vaninahenry.com\/de\/wp-json\/wp\/v2\/product\/20613","targetHints":{"allow":["GET"]}}],"collection":[{"href":"https:\/\/vaninahenry.com\/de\/wp-json\/wp\/v2\/product"}],"about":[{"href":"https:\/\/vaninahenry.com\/de\/wp-json\/wp\/v2\/types\/product"}],"wp:featuredmedia":[{"embeddable":true,"href":"https:\/\/vaninahenry.com\/de\/wp-json\/wp\/v2\/media\/44295"}],"wp:attachment":[{"href":"https:\/\/vaninahenry.com\/de\/wp-json\/wp\/v2\/media?parent=20613"}],"wp:term":[{"taxonomy":"product_brand","embeddable":true,"href":"https:\/\/vaninahenry.com\/de\/wp-json\/wp\/v2\/product_brand?post=20613"},{"taxonomy":"product_cat","embeddable":true,"href":"https:\/\/vaninahenry.com\/de\/wp-json\/wp\/v2\/product_cat?post=20613"},{"taxonomy":"product_tag","embeddable":true,"href":"https:\/\/vaninahenry.com\/de\/wp-json\/wp\/v2\/product_tag?post=20613"}],"curies":[{"name":"wp","href":"https:\/\/api.w.org\/{rel}","templated":true}]}}