{"id":20386,"date":"2021-07-15T12:37:13","date_gmt":"2021-07-15T10:37:13","guid":{"rendered":"https:\/\/hloccfq.cluster031.hosting.ovh.net\/produit\/balthazar-esstisch-holz-mit-oeko-zertifikat\/"},"modified":"2021-12-07T15:06:49","modified_gmt":"2021-12-07T14:06:49","slug":"balthazar-esstisch-holz-mit-oeko-zertifikat","status":"publish","type":"product","link":"https:\/\/vaninahenry.com\/de\/produkt\/balthazar-esstisch-holz-mit-oeko-zertifikat\/","title":{"rendered":"BALTHAZAR Esstisch &#8211; Holz mit \u00d6ko-Zertifikat"},"content":{"rendered":"","protected":false},"excerpt":{"rendered":"<p>Der LOBO Tisch besteht aus 4 TIPTOE Beinen 75cm und einer 120x60cm Eichenplatte f\u00fcr 4 Personen. Der LOBO Esstisch ist perfekt f\u00fcr kleine R\u00e4ume und kann im Wohnzimmer oder als kleiner Esstisch in der K\u00fcche aufgestellt werden.<\/p>\n<p>Die Eichenplatte wird in Frankreich hergestellt und ihr Holz stammt zu 100% aus nachhaltig bewirtschafteten W\u00e4ldern (PEFC-Label)<\/p>\n<p><a href=\"https:\/\/vaninahenry.com\/marque\/tiptoe\/\"><strong>Entdecken Sie TIPTOE<\/strong>, sein Konzept und seine verschiedenen Produkte.<\/a><\/p>\n","protected":false},"featured_media":47475,"template":"","meta":{"_acf_changed":false,"inline_featured_image":false},"product_brand":[],"product_cat":[393,396],"product_tag":[],"class_list":{"0":"post-20386","1":"product","2":"type-product","3":"status-publish","4":"has-post-thumbnail","6":"product_cat-design-moebel","7":"product_cat-sustainable-de","8":"product_shipping_class-tiptoe-300-de","10":"first","11":"instock","12":"taxable","13":"shipping-taxable","14":"purchasable","15":"product-type-variable"},"acf":[],"yoast_head":"<!-- This site is optimized with the Yoast SEO plugin v26.7 - https:\/\/yoast.com\/wordpress\/plugins\/seo\/ -->\n<title>BALTHAZAR Esstisch - Holz mit \u00d6ko-Zertifikat - Vanina Henry<\/title>\n<meta name=\"robots\" content=\"index, follow, max-snippet:-1, max-image-preview:large, max-video-preview:-1\" \/>\n<link rel=\"canonical\" href=\"https:\/\/vaninahenry.com\/de\/produkt\/balthazar-esstisch-holz-mit-oeko-zertifikat\/\" \/>\n<meta property=\"og:locale\" content=\"de_DE\" \/>\n<meta property=\"og:type\" content=\"article\" \/>\n<meta property=\"og:title\" content=\"BALTHAZAR Esstisch - Holz mit \u00d6ko-Zertifikat - Vanina Henry\" \/>\n<meta property=\"og:description\" content=\"Der LOBO Tisch besteht aus 4 TIPTOE Beinen 75cm und einer 120x60cm Eichenplatte f\u00fcr 4 Personen. Der LOBO Esstisch ist perfekt f\u00fcr kleine R\u00e4ume und kann im Wohnzimmer oder als kleiner Esstisch in der K\u00fcche aufgestellt werden.  Die Eichenplatte wird in Frankreich hergestellt und ihr Holz stammt zu 100% aus nachhaltig bewirtschafteten W\u00e4ldern (PEFC-Label)  Entdecken Sie TIPTOE, sein Konzept und seine verschiedenen Produkte.\" \/>\n<meta property=\"og:url\" content=\"https:\/\/vaninahenry.com\/de\/produkt\/balthazar-esstisch-holz-mit-oeko-zertifikat\/\" \/>\n<meta property=\"og:site_name\" content=\"Vanina Henry\" \/>\n<meta property=\"article:publisher\" content=\"https:\/\/www.facebook.com\/designbyvaninahenry\" \/>\n<meta property=\"article:modified_time\" content=\"2021-12-07T14:06:49+00:00\" \/>\n<meta property=\"og:image\" content=\"https:\/\/vaninahenry.com\/wp-content\/uploads\/2021\/07\/TT-BALTHAZAR-01_B.jpg\" \/>\n\t<meta property=\"og:image:width\" content=\"1200\" \/>\n\t<meta property=\"og:image:height\" content=\"800\" \/>\n\t<meta property=\"og:image:type\" content=\"image\/jpeg\" \/>\n<meta name=\"twitter:card\" content=\"summary_large_image\" \/>\n<script type=\"application\/ld+json\" class=\"yoast-schema-graph\">{\"@context\":\"https:\/\/schema.org\",\"@graph\":[{\"@type\":\"WebPage\",\"@id\":\"https:\/\/vaninahenry.com\/de\/produkt\/balthazar-esstisch-holz-mit-oeko-zertifikat\/\",\"url\":\"https:\/\/vaninahenry.com\/de\/produkt\/balthazar-esstisch-holz-mit-oeko-zertifikat\/\",\"name\":\"BALTHAZAR Esstisch - Holz mit \u00d6ko-Zertifikat - Vanina Henry\",\"isPartOf\":{\"@id\":\"https:\/\/vaninahenry.com\/#website\"},\"primaryImageOfPage\":{\"@id\":\"https:\/\/vaninahenry.com\/de\/produkt\/balthazar-esstisch-holz-mit-oeko-zertifikat\/#primaryimage\"},\"image\":{\"@id\":\"https:\/\/vaninahenry.com\/de\/produkt\/balthazar-esstisch-holz-mit-oeko-zertifikat\/#primaryimage\"},\"thumbnailUrl\":\"https:\/\/vaninahenry.com\/wp-content\/uploads\/2021\/07\/TT-BALTHAZAR-01_B.jpg\",\"datePublished\":\"2021-07-15T10:37:13+00:00\",\"dateModified\":\"2021-12-07T14:06:49+00:00\",\"breadcrumb\":{\"@id\":\"https:\/\/vaninahenry.com\/de\/produkt\/balthazar-esstisch-holz-mit-oeko-zertifikat\/#breadcrumb\"},\"inLanguage\":\"de\",\"potentialAction\":[{\"@type\":\"ReadAction\",\"target\":[\"https:\/\/vaninahenry.com\/de\/produkt\/balthazar-esstisch-holz-mit-oeko-zertifikat\/\"]}]},{\"@type\":\"ImageObject\",\"inLanguage\":\"de\",\"@id\":\"https:\/\/vaninahenry.com\/de\/produkt\/balthazar-esstisch-holz-mit-oeko-zertifikat\/#primaryimage\",\"url\":\"https:\/\/vaninahenry.com\/wp-content\/uploads\/2021\/07\/TT-BALTHAZAR-01_B.jpg\",\"contentUrl\":\"https:\/\/vaninahenry.com\/wp-content\/uploads\/2021\/07\/TT-BALTHAZAR-01_B.jpg\",\"width\":1200,\"height\":800},{\"@type\":\"BreadcrumbList\",\"@id\":\"https:\/\/vaninahenry.com\/de\/produkt\/balthazar-esstisch-holz-mit-oeko-zertifikat\/#breadcrumb\",\"itemListElement\":[{\"@type\":\"ListItem\",\"position\":1,\"name\":\"Accueil\",\"item\":\"https:\/\/vaninahenry.com\/de\/\"},{\"@type\":\"ListItem\",\"position\":2,\"name\":\"Shop\",\"item\":\"https:\/\/vaninahenry.com\/boutique\/\"},{\"@type\":\"ListItem\",\"position\":3,\"name\":\"BALTHAZAR Esstisch &#8211; Holz mit \u00d6ko-Zertifikat\"}]},{\"@type\":\"WebSite\",\"@id\":\"https:\/\/vaninahenry.com\/#website\",\"url\":\"https:\/\/vaninahenry.com\/\",\"name\":\"Vanina Henry\",\"description\":\"\",\"publisher\":{\"@id\":\"https:\/\/vaninahenry.com\/#organization\"},\"potentialAction\":[{\"@type\":\"SearchAction\",\"target\":{\"@type\":\"EntryPoint\",\"urlTemplate\":\"https:\/\/vaninahenry.com\/?s={search_term_string}\"},\"query-input\":{\"@type\":\"PropertyValueSpecification\",\"valueRequired\":true,\"valueName\":\"search_term_string\"}}],\"inLanguage\":\"de\"},{\"@type\":\"Organization\",\"@id\":\"https:\/\/vaninahenry.com\/#organization\",\"name\":\"Vanina Henry\",\"url\":\"https:\/\/vaninahenry.com\/\",\"logo\":{\"@type\":\"ImageObject\",\"inLanguage\":\"de\",\"@id\":\"https:\/\/vaninahenry.com\/#\/schema\/logo\/image\/\",\"url\":\"http:\/\/vaninahenry.com\/wp-content\/uploads\/2021\/10\/Logo-design-by-VaninaHenry.png\",\"contentUrl\":\"http:\/\/vaninahenry.com\/wp-content\/uploads\/2021\/10\/Logo-design-by-VaninaHenry.png\",\"width\":711,\"height\":467,\"caption\":\"Vanina Henry\"},\"image\":{\"@id\":\"https:\/\/vaninahenry.com\/#\/schema\/logo\/image\/\"},\"sameAs\":[\"https:\/\/www.facebook.com\/designbyvaninahenry\",\"https:\/\/www.instagram.com\/vaninahenry\/\"]}]}<\/script>\n<!-- \/ Yoast SEO plugin. -->","yoast_head_json":{"title":"BALTHAZAR Esstisch - Holz mit \u00d6ko-Zertifikat - Vanina Henry","robots":{"index":"index","follow":"follow","max-snippet":"max-snippet:-1","max-image-preview":"max-image-preview:large","max-video-preview":"max-video-preview:-1"},"canonical":"https:\/\/vaninahenry.com\/de\/produkt\/balthazar-esstisch-holz-mit-oeko-zertifikat\/","og_locale":"de_DE","og_type":"article","og_title":"BALTHAZAR Esstisch - Holz mit \u00d6ko-Zertifikat - Vanina Henry","og_description":"Der LOBO Tisch besteht aus 4 TIPTOE Beinen 75cm und einer 120x60cm Eichenplatte f\u00fcr 4 Personen. Der LOBO Esstisch ist perfekt f\u00fcr kleine R\u00e4ume und kann im Wohnzimmer oder als kleiner Esstisch in der K\u00fcche aufgestellt werden.  Die Eichenplatte wird in Frankreich hergestellt und ihr Holz stammt zu 100% aus nachhaltig bewirtschafteten W\u00e4ldern (PEFC-Label)  Entdecken Sie TIPTOE, sein Konzept und seine verschiedenen Produkte.","og_url":"https:\/\/vaninahenry.com\/de\/produkt\/balthazar-esstisch-holz-mit-oeko-zertifikat\/","og_site_name":"Vanina Henry","article_publisher":"https:\/\/www.facebook.com\/designbyvaninahenry","article_modified_time":"2021-12-07T14:06:49+00:00","og_image":[{"width":1200,"height":800,"url":"https:\/\/vaninahenry.com\/wp-content\/uploads\/2021\/07\/TT-BALTHAZAR-01_B.jpg","type":"image\/jpeg"}],"twitter_card":"summary_large_image","schema":{"@context":"https:\/\/schema.org","@graph":[{"@type":"WebPage","@id":"https:\/\/vaninahenry.com\/de\/produkt\/balthazar-esstisch-holz-mit-oeko-zertifikat\/","url":"https:\/\/vaninahenry.com\/de\/produkt\/balthazar-esstisch-holz-mit-oeko-zertifikat\/","name":"BALTHAZAR Esstisch - Holz mit \u00d6ko-Zertifikat - Vanina Henry","isPartOf":{"@id":"https:\/\/vaninahenry.com\/#website"},"primaryImageOfPage":{"@id":"https:\/\/vaninahenry.com\/de\/produkt\/balthazar-esstisch-holz-mit-oeko-zertifikat\/#primaryimage"},"image":{"@id":"https:\/\/vaninahenry.com\/de\/produkt\/balthazar-esstisch-holz-mit-oeko-zertifikat\/#primaryimage"},"thumbnailUrl":"https:\/\/vaninahenry.com\/wp-content\/uploads\/2021\/07\/TT-BALTHAZAR-01_B.jpg","datePublished":"2021-07-15T10:37:13+00:00","dateModified":"2021-12-07T14:06:49+00:00","breadcrumb":{"@id":"https:\/\/vaninahenry.com\/de\/produkt\/balthazar-esstisch-holz-mit-oeko-zertifikat\/#breadcrumb"},"inLanguage":"de","potentialAction":[{"@type":"ReadAction","target":["https:\/\/vaninahenry.com\/de\/produkt\/balthazar-esstisch-holz-mit-oeko-zertifikat\/"]}]},{"@type":"ImageObject","inLanguage":"de","@id":"https:\/\/vaninahenry.com\/de\/produkt\/balthazar-esstisch-holz-mit-oeko-zertifikat\/#primaryimage","url":"https:\/\/vaninahenry.com\/wp-content\/uploads\/2021\/07\/TT-BALTHAZAR-01_B.jpg","contentUrl":"https:\/\/vaninahenry.com\/wp-content\/uploads\/2021\/07\/TT-BALTHAZAR-01_B.jpg","width":1200,"height":800},{"@type":"BreadcrumbList","@id":"https:\/\/vaninahenry.com\/de\/produkt\/balthazar-esstisch-holz-mit-oeko-zertifikat\/#breadcrumb","itemListElement":[{"@type":"ListItem","position":1,"name":"Accueil","item":"https:\/\/vaninahenry.com\/de\/"},{"@type":"ListItem","position":2,"name":"Shop","item":"https:\/\/vaninahenry.com\/boutique\/"},{"@type":"ListItem","position":3,"name":"BALTHAZAR Esstisch &#8211; Holz mit \u00d6ko-Zertifikat"}]},{"@type":"WebSite","@id":"https:\/\/vaninahenry.com\/#website","url":"https:\/\/vaninahenry.com\/","name":"Vanina Henry","description":"","publisher":{"@id":"https:\/\/vaninahenry.com\/#organization"},"potentialAction":[{"@type":"SearchAction","target":{"@type":"EntryPoint","urlTemplate":"https:\/\/vaninahenry.com\/?s={search_term_string}"},"query-input":{"@type":"PropertyValueSpecification","valueRequired":true,"valueName":"search_term_string"}}],"inLanguage":"de"},{"@type":"Organization","@id":"https:\/\/vaninahenry.com\/#organization","name":"Vanina Henry","url":"https:\/\/vaninahenry.com\/","logo":{"@type":"ImageObject","inLanguage":"de","@id":"https:\/\/vaninahenry.com\/#\/schema\/logo\/image\/","url":"http:\/\/vaninahenry.com\/wp-content\/uploads\/2021\/10\/Logo-design-by-VaninaHenry.png","contentUrl":"http:\/\/vaninahenry.com\/wp-content\/uploads\/2021\/10\/Logo-design-by-VaninaHenry.png","width":711,"height":467,"caption":"Vanina Henry"},"image":{"@id":"https:\/\/vaninahenry.com\/#\/schema\/logo\/image\/"},"sameAs":["https:\/\/www.facebook.com\/designbyvaninahenry","https:\/\/www.instagram.com\/vaninahenry\/"]}]}},"_links":{"self":[{"href":"https:\/\/vaninahenry.com\/de\/wp-json\/wp\/v2\/product\/20386","targetHints":{"allow":["GET"]}}],"collection":[{"href":"https:\/\/vaninahenry.com\/de\/wp-json\/wp\/v2\/product"}],"about":[{"href":"https:\/\/vaninahenry.com\/de\/wp-json\/wp\/v2\/types\/product"}],"wp:featuredmedia":[{"embeddable":true,"href":"https:\/\/vaninahenry.com\/de\/wp-json\/wp\/v2\/media\/47475"}],"wp:attachment":[{"href":"https:\/\/vaninahenry.com\/de\/wp-json\/wp\/v2\/media?parent=20386"}],"wp:term":[{"taxonomy":"product_brand","embeddable":true,"href":"https:\/\/vaninahenry.com\/de\/wp-json\/wp\/v2\/product_brand?post=20386"},{"taxonomy":"product_cat","embeddable":true,"href":"https:\/\/vaninahenry.com\/de\/wp-json\/wp\/v2\/product_cat?post=20386"},{"taxonomy":"product_tag","embeddable":true,"href":"https:\/\/vaninahenry.com\/de\/wp-json\/wp\/v2\/product_tag?post=20386"}],"curies":[{"name":"wp","href":"https:\/\/api.w.org\/{rel}","templated":true}]}}