{"id":20301,"date":"2021-07-16T16:53:12","date_gmt":"2021-07-16T14:53:12","guid":{"rendered":"https:\/\/hloccfq.cluster031.hosting.ovh.net\/produit\/laime-42-stuhl\/"},"modified":"2021-11-24T23:11:02","modified_gmt":"2021-11-24T22:11:02","slug":"laime-42-stuhl","status":"publish","type":"product","link":"https:\/\/vaninahenry.com\/de\/produkt\/laime-42-stuhl\/","title":{"rendered":"Laime Stuhl"},"content":{"rendered":"<p>&#8220;Auf den ersten Blick stellt sich Laime nicht der Herausforderung des Recyclings. Der Sessel Laime ist um das Sitzkissen herum konzipiert und besteht aus einer Stahlrohrstruktur, auf der die R\u00fcckenlehne ruht. Die Sitzfl\u00e4che ragt \u00fcber die Struktur hinaus und scheint zwischen den Metallrohren zu gleiten. Ein gequetschter Effekt verleiht dem Ganzen eine Gro\u00dfz\u00fcgigkeit.<\/p>\n<p>Charlotte Juillard, Designerin von LAIME<\/p>\n","protected":false},"excerpt":{"rendered":"<p><strong>42% recyceltes Material.<\/strong><\/p>\n<p>Laime besteht aus einem Gestell aus recycelten Stahlrohren. Der Sitz und die R\u00fcckenlehne sind mit einem Stoff aus franz\u00f6sischer Schurwolle, recyceltem Polyester oder recycelter Wolle gepolstert.<\/p>\n<p>Aufgrund der Beschaffenheit der von uns verwendeten Materialien hat jedes St\u00fcck einen einzigartigen Charakter mit m\u00f6glichen leichten Abweichungen in Farbe oder Farbton.<\/p>\n<p><span style=\"color: #9a7500;\"><a style=\"color: #9a7500;\" href=\"https:\/\/vaninahenry.com\/marque\/noma\/\">Mehr \u00fcber NOMA<\/a><\/span><\/p>\n","protected":false},"featured_media":56124,"template":"","meta":{"_acf_changed":false,"inline_featured_image":false},"product_brand":[],"product_cat":[393,396],"product_tag":[],"class_list":{"0":"post-20301","1":"product","2":"type-product","3":"status-publish","4":"has-post-thumbnail","6":"product_cat-design-moebel","7":"product_cat-sustainable-de","8":"product_shipping_class-noma-de","10":"first","11":"instock","12":"taxable","13":"shipping-taxable","14":"product-type-variable"},"acf":[],"yoast_head":"<!-- This site is optimized with the Yoast SEO plugin v26.7 - https:\/\/yoast.com\/wordpress\/plugins\/seo\/ -->\n<title>Laime Stuhl - Vanina Henry<\/title>\n<meta name=\"robots\" content=\"index, follow, max-snippet:-1, max-image-preview:large, max-video-preview:-1\" \/>\n<link rel=\"canonical\" href=\"https:\/\/vaninahenry.com\/produkt\/laime-42-fauteuil\/\" \/>\n<meta property=\"og:locale\" content=\"de_DE\" \/>\n<meta property=\"og:type\" content=\"article\" \/>\n<meta property=\"og:title\" content=\"Laime Stuhl - Vanina Henry\" \/>\n<meta property=\"og:description\" content=\"42% recyceltes Material.  Laime besteht aus einem Gestell aus recycelten Stahlrohren. Der Sitz und die R\u00fcckenlehne sind mit einem Stoff aus franz\u00f6sischer Schurwolle, recyceltem Polyester oder recycelter Wolle gepolstert.  Aufgrund der Beschaffenheit der von uns verwendeten Materialien hat jedes St\u00fcck einen einzigartigen Charakter mit m\u00f6glichen leichten Abweichungen in Farbe oder Farbton.  Mehr \u00fcber NOMA\" \/>\n<meta property=\"og:url\" content=\"https:\/\/vaninahenry.com\/produkt\/laime-42-fauteuil\/\" \/>\n<meta property=\"og:site_name\" content=\"Vanina Henry\" \/>\n<meta property=\"article:publisher\" content=\"https:\/\/www.facebook.com\/designbyvaninahenry\" \/>\n<meta property=\"article:modified_time\" content=\"2021-11-24T22:11:02+00:00\" \/>\n<meta property=\"og:image\" content=\"https:\/\/vaninahenry.com\/wp-content\/uploads\/2021\/07\/NOMA-LAIME-FREY-010.jpeg\" \/>\n\t<meta property=\"og:image:width\" content=\"1800\" \/>\n\t<meta property=\"og:image:height\" content=\"1200\" \/>\n\t<meta property=\"og:image:type\" content=\"image\/jpeg\" \/>\n<meta name=\"twitter:card\" content=\"summary_large_image\" \/>\n<script type=\"application\/ld+json\" class=\"yoast-schema-graph\">{\"@context\":\"https:\/\/schema.org\",\"@graph\":[{\"@type\":\"WebPage\",\"@id\":\"https:\/\/vaninahenry.com\/produkt\/laime-42-fauteuil\/\",\"url\":\"https:\/\/vaninahenry.com\/produkt\/laime-42-fauteuil\/\",\"name\":\"Laime Stuhl - Vanina Henry\",\"isPartOf\":{\"@id\":\"https:\/\/vaninahenry.com\/#website\"},\"primaryImageOfPage\":{\"@id\":\"https:\/\/vaninahenry.com\/produkt\/laime-42-fauteuil\/#primaryimage\"},\"image\":{\"@id\":\"https:\/\/vaninahenry.com\/produkt\/laime-42-fauteuil\/#primaryimage\"},\"thumbnailUrl\":\"https:\/\/vaninahenry.com\/wp-content\/uploads\/2021\/07\/NOMA-LAIME-FREY-010.jpeg\",\"datePublished\":\"2021-07-16T14:53:12+00:00\",\"dateModified\":\"2021-11-24T22:11:02+00:00\",\"breadcrumb\":{\"@id\":\"https:\/\/vaninahenry.com\/produkt\/laime-42-fauteuil\/#breadcrumb\"},\"inLanguage\":\"de\",\"potentialAction\":[{\"@type\":\"ReadAction\",\"target\":[\"https:\/\/vaninahenry.com\/produkt\/laime-42-fauteuil\/\"]}]},{\"@type\":\"ImageObject\",\"inLanguage\":\"de\",\"@id\":\"https:\/\/vaninahenry.com\/produkt\/laime-42-fauteuil\/#primaryimage\",\"url\":\"https:\/\/vaninahenry.com\/wp-content\/uploads\/2021\/07\/NOMA-LAIME-FREY-010.jpeg\",\"contentUrl\":\"https:\/\/vaninahenry.com\/wp-content\/uploads\/2021\/07\/NOMA-LAIME-FREY-010.jpeg\",\"width\":1800,\"height\":1200},{\"@type\":\"BreadcrumbList\",\"@id\":\"https:\/\/vaninahenry.com\/produkt\/laime-42-fauteuil\/#breadcrumb\",\"itemListElement\":[{\"@type\":\"ListItem\",\"position\":1,\"name\":\"Accueil\",\"item\":\"https:\/\/vaninahenry.com\/de\/\"},{\"@type\":\"ListItem\",\"position\":2,\"name\":\"Shop\",\"item\":\"https:\/\/vaninahenry.com\/boutique\/\"},{\"@type\":\"ListItem\",\"position\":3,\"name\":\"Laime Stuhl\"}]},{\"@type\":\"WebSite\",\"@id\":\"https:\/\/vaninahenry.com\/#website\",\"url\":\"https:\/\/vaninahenry.com\/\",\"name\":\"Vanina Henry\",\"description\":\"\",\"publisher\":{\"@id\":\"https:\/\/vaninahenry.com\/#organization\"},\"potentialAction\":[{\"@type\":\"SearchAction\",\"target\":{\"@type\":\"EntryPoint\",\"urlTemplate\":\"https:\/\/vaninahenry.com\/?s={search_term_string}\"},\"query-input\":{\"@type\":\"PropertyValueSpecification\",\"valueRequired\":true,\"valueName\":\"search_term_string\"}}],\"inLanguage\":\"de\"},{\"@type\":\"Organization\",\"@id\":\"https:\/\/vaninahenry.com\/#organization\",\"name\":\"Vanina Henry\",\"url\":\"https:\/\/vaninahenry.com\/\",\"logo\":{\"@type\":\"ImageObject\",\"inLanguage\":\"de\",\"@id\":\"https:\/\/vaninahenry.com\/#\/schema\/logo\/image\/\",\"url\":\"http:\/\/vaninahenry.com\/wp-content\/uploads\/2021\/10\/Logo-design-by-VaninaHenry.png\",\"contentUrl\":\"http:\/\/vaninahenry.com\/wp-content\/uploads\/2021\/10\/Logo-design-by-VaninaHenry.png\",\"width\":711,\"height\":467,\"caption\":\"Vanina Henry\"},\"image\":{\"@id\":\"https:\/\/vaninahenry.com\/#\/schema\/logo\/image\/\"},\"sameAs\":[\"https:\/\/www.facebook.com\/designbyvaninahenry\",\"https:\/\/www.instagram.com\/vaninahenry\/\"]}]}<\/script>\n<!-- \/ Yoast SEO plugin. -->","yoast_head_json":{"title":"Laime Stuhl - Vanina Henry","robots":{"index":"index","follow":"follow","max-snippet":"max-snippet:-1","max-image-preview":"max-image-preview:large","max-video-preview":"max-video-preview:-1"},"canonical":"https:\/\/vaninahenry.com\/produkt\/laime-42-fauteuil\/","og_locale":"de_DE","og_type":"article","og_title":"Laime Stuhl - Vanina Henry","og_description":"42% recyceltes Material.  Laime besteht aus einem Gestell aus recycelten Stahlrohren. Der Sitz und die R\u00fcckenlehne sind mit einem Stoff aus franz\u00f6sischer Schurwolle, recyceltem Polyester oder recycelter Wolle gepolstert.  Aufgrund der Beschaffenheit der von uns verwendeten Materialien hat jedes St\u00fcck einen einzigartigen Charakter mit m\u00f6glichen leichten Abweichungen in Farbe oder Farbton.  Mehr \u00fcber NOMA","og_url":"https:\/\/vaninahenry.com\/produkt\/laime-42-fauteuil\/","og_site_name":"Vanina Henry","article_publisher":"https:\/\/www.facebook.com\/designbyvaninahenry","article_modified_time":"2021-11-24T22:11:02+00:00","og_image":[{"width":1800,"height":1200,"url":"https:\/\/vaninahenry.com\/wp-content\/uploads\/2021\/07\/NOMA-LAIME-FREY-010.jpeg","type":"image\/jpeg"}],"twitter_card":"summary_large_image","schema":{"@context":"https:\/\/schema.org","@graph":[{"@type":"WebPage","@id":"https:\/\/vaninahenry.com\/produkt\/laime-42-fauteuil\/","url":"https:\/\/vaninahenry.com\/produkt\/laime-42-fauteuil\/","name":"Laime Stuhl - Vanina Henry","isPartOf":{"@id":"https:\/\/vaninahenry.com\/#website"},"primaryImageOfPage":{"@id":"https:\/\/vaninahenry.com\/produkt\/laime-42-fauteuil\/#primaryimage"},"image":{"@id":"https:\/\/vaninahenry.com\/produkt\/laime-42-fauteuil\/#primaryimage"},"thumbnailUrl":"https:\/\/vaninahenry.com\/wp-content\/uploads\/2021\/07\/NOMA-LAIME-FREY-010.jpeg","datePublished":"2021-07-16T14:53:12+00:00","dateModified":"2021-11-24T22:11:02+00:00","breadcrumb":{"@id":"https:\/\/vaninahenry.com\/produkt\/laime-42-fauteuil\/#breadcrumb"},"inLanguage":"de","potentialAction":[{"@type":"ReadAction","target":["https:\/\/vaninahenry.com\/produkt\/laime-42-fauteuil\/"]}]},{"@type":"ImageObject","inLanguage":"de","@id":"https:\/\/vaninahenry.com\/produkt\/laime-42-fauteuil\/#primaryimage","url":"https:\/\/vaninahenry.com\/wp-content\/uploads\/2021\/07\/NOMA-LAIME-FREY-010.jpeg","contentUrl":"https:\/\/vaninahenry.com\/wp-content\/uploads\/2021\/07\/NOMA-LAIME-FREY-010.jpeg","width":1800,"height":1200},{"@type":"BreadcrumbList","@id":"https:\/\/vaninahenry.com\/produkt\/laime-42-fauteuil\/#breadcrumb","itemListElement":[{"@type":"ListItem","position":1,"name":"Accueil","item":"https:\/\/vaninahenry.com\/de\/"},{"@type":"ListItem","position":2,"name":"Shop","item":"https:\/\/vaninahenry.com\/boutique\/"},{"@type":"ListItem","position":3,"name":"Laime Stuhl"}]},{"@type":"WebSite","@id":"https:\/\/vaninahenry.com\/#website","url":"https:\/\/vaninahenry.com\/","name":"Vanina Henry","description":"","publisher":{"@id":"https:\/\/vaninahenry.com\/#organization"},"potentialAction":[{"@type":"SearchAction","target":{"@type":"EntryPoint","urlTemplate":"https:\/\/vaninahenry.com\/?s={search_term_string}"},"query-input":{"@type":"PropertyValueSpecification","valueRequired":true,"valueName":"search_term_string"}}],"inLanguage":"de"},{"@type":"Organization","@id":"https:\/\/vaninahenry.com\/#organization","name":"Vanina Henry","url":"https:\/\/vaninahenry.com\/","logo":{"@type":"ImageObject","inLanguage":"de","@id":"https:\/\/vaninahenry.com\/#\/schema\/logo\/image\/","url":"http:\/\/vaninahenry.com\/wp-content\/uploads\/2021\/10\/Logo-design-by-VaninaHenry.png","contentUrl":"http:\/\/vaninahenry.com\/wp-content\/uploads\/2021\/10\/Logo-design-by-VaninaHenry.png","width":711,"height":467,"caption":"Vanina Henry"},"image":{"@id":"https:\/\/vaninahenry.com\/#\/schema\/logo\/image\/"},"sameAs":["https:\/\/www.facebook.com\/designbyvaninahenry","https:\/\/www.instagram.com\/vaninahenry\/"]}]}},"_links":{"self":[{"href":"https:\/\/vaninahenry.com\/de\/wp-json\/wp\/v2\/product\/20301","targetHints":{"allow":["GET"]}}],"collection":[{"href":"https:\/\/vaninahenry.com\/de\/wp-json\/wp\/v2\/product"}],"about":[{"href":"https:\/\/vaninahenry.com\/de\/wp-json\/wp\/v2\/types\/product"}],"wp:featuredmedia":[{"embeddable":true,"href":"https:\/\/vaninahenry.com\/de\/wp-json\/wp\/v2\/media\/56124"}],"wp:attachment":[{"href":"https:\/\/vaninahenry.com\/de\/wp-json\/wp\/v2\/media?parent=20301"}],"wp:term":[{"taxonomy":"product_brand","embeddable":true,"href":"https:\/\/vaninahenry.com\/de\/wp-json\/wp\/v2\/product_brand?post=20301"},{"taxonomy":"product_cat","embeddable":true,"href":"https:\/\/vaninahenry.com\/de\/wp-json\/wp\/v2\/product_cat?post=20301"},{"taxonomy":"product_tag","embeddable":true,"href":"https:\/\/vaninahenry.com\/de\/wp-json\/wp\/v2\/product_tag?post=20301"}],"curies":[{"name":"wp","href":"https:\/\/api.w.org\/{rel}","templated":true}]}}