{"id":19761,"date":"2021-07-26T16:51:48","date_gmt":"2021-07-26T14:51:48","guid":{"rendered":"https:\/\/hloccfq.cluster031.hosting.ovh.net\/produit\/laime-42-fauteuil-copie\/"},"modified":"2021-11-24T23:10:36","modified_gmt":"2021-11-24T22:10:36","slug":"laime-42-fauteuil-copie","status":"publish","type":"product","link":"https:\/\/vaninahenry.com\/de\/produkt\/laime-42-fauteuil-copie\/","title":{"rendered":"ART"},"content":{"rendered":"<p>&#8220;Der Art-Sessel soll ein wenig bekanntes handwerkliches Material aufwerten, das aus dem Recycling von Kunststoffen aus verschiedenen Industriezweigen stammt: Verpackungen, Lebensmittelverarbeitung. Die dicke Sitzfl\u00e4che l\u00e4dt zum Hinsetzen ein, und wir lassen uns von diesem erstaunlichen Panzer umh\u00fcllen. F\u00fcr die einen ist es ein Kunstwerk, f\u00fcr die anderen ist es diskret und elegant. Dieses Material wirft Fragen auf und l\u00e4sst niemanden gleichg\u00fcltig, wie dieser Sessel.<\/p>\n<p>Charlotte Juillard, ART Designer<\/p>\n","protected":false},"excerpt":{"rendered":"<p><strong>77,5% recyceltes Material.<\/strong>.<\/p>\n<p>Aufgrund der Beschaffenheit der von uns verwendeten Materialien hat jeder Artikel einen einzigartigen Charakter mit m\u00f6glichen leichten Abweichungen in Farbe oder Farbton.<\/p>\n<p><span style=\"color: #9a7500;\"><a style=\"color: #9a7500;\" href=\"https:\/\/vaninahenry.com\/marque\/noma\/\">Mehr \u00fcber NOMA<\/a><\/span><\/p>\n","protected":false},"featured_media":56845,"template":"","meta":{"_acf_changed":false,"inline_featured_image":false},"product_brand":[],"product_cat":[393,396],"product_tag":[],"class_list":{"0":"post-19761","1":"product","2":"type-product","3":"status-publish","4":"has-post-thumbnail","6":"product_cat-design-moebel","7":"product_cat-sustainable-de","8":"product_shipping_class-noma-de","10":"first","11":"instock","12":"taxable","13":"shipping-taxable","14":"product-type-variable"},"acf":[],"yoast_head":"<!-- This site is optimized with the Yoast SEO plugin v26.7 - https:\/\/yoast.com\/wordpress\/plugins\/seo\/ -->\n<title>ART - Vanina Henry<\/title>\n<meta name=\"robots\" content=\"index, follow, max-snippet:-1, max-image-preview:large, max-video-preview:-1\" \/>\n<link rel=\"canonical\" href=\"https:\/\/vaninahenry.com\/produkt\/laime-42-fauteuil-copie\/\" \/>\n<meta property=\"og:locale\" content=\"de_DE\" \/>\n<meta property=\"og:type\" content=\"article\" \/>\n<meta property=\"og:title\" content=\"ART - Vanina Henry\" \/>\n<meta property=\"og:description\" content=\"77,5% recyceltes Material..  Aufgrund der Beschaffenheit der von uns verwendeten Materialien hat jeder Artikel einen einzigartigen Charakter mit m\u00f6glichen leichten Abweichungen in Farbe oder Farbton.  Mehr \u00fcber NOMA\" \/>\n<meta property=\"og:url\" content=\"https:\/\/vaninahenry.com\/produkt\/laime-42-fauteuil-copie\/\" \/>\n<meta property=\"og:site_name\" content=\"Vanina Henry\" \/>\n<meta property=\"article:publisher\" content=\"https:\/\/www.facebook.com\/designbyvaninahenry\" \/>\n<meta property=\"article:modified_time\" content=\"2021-11-24T22:10:36+00:00\" \/>\n<meta property=\"og:image\" content=\"https:\/\/vaninahenry.com\/wp-content\/uploads\/2021\/07\/NOMA-ART-composition\u00a9Studio-Swissmiss.jpeg\" \/>\n\t<meta property=\"og:image:width\" content=\"1400\" \/>\n\t<meta property=\"og:image:height\" content=\"1090\" \/>\n\t<meta property=\"og:image:type\" content=\"image\/jpeg\" \/>\n<meta name=\"twitter:card\" content=\"summary_large_image\" \/>\n<script type=\"application\/ld+json\" class=\"yoast-schema-graph\">{\"@context\":\"https:\/\/schema.org\",\"@graph\":[{\"@type\":\"WebPage\",\"@id\":\"https:\/\/vaninahenry.com\/produkt\/laime-42-fauteuil-copie\/\",\"url\":\"https:\/\/vaninahenry.com\/produkt\/laime-42-fauteuil-copie\/\",\"name\":\"ART - Vanina Henry\",\"isPartOf\":{\"@id\":\"https:\/\/vaninahenry.com\/#website\"},\"primaryImageOfPage\":{\"@id\":\"https:\/\/vaninahenry.com\/produkt\/laime-42-fauteuil-copie\/#primaryimage\"},\"image\":{\"@id\":\"https:\/\/vaninahenry.com\/produkt\/laime-42-fauteuil-copie\/#primaryimage\"},\"thumbnailUrl\":\"https:\/\/vaninahenry.com\/wp-content\/uploads\/2021\/07\/NOMA-ART-composition\u00a9Studio-Swissmiss.jpeg\",\"datePublished\":\"2021-07-26T14:51:48+00:00\",\"dateModified\":\"2021-11-24T22:10:36+00:00\",\"breadcrumb\":{\"@id\":\"https:\/\/vaninahenry.com\/produkt\/laime-42-fauteuil-copie\/#breadcrumb\"},\"inLanguage\":\"de\",\"potentialAction\":[{\"@type\":\"ReadAction\",\"target\":[\"https:\/\/vaninahenry.com\/produkt\/laime-42-fauteuil-copie\/\"]}]},{\"@type\":\"ImageObject\",\"inLanguage\":\"de\",\"@id\":\"https:\/\/vaninahenry.com\/produkt\/laime-42-fauteuil-copie\/#primaryimage\",\"url\":\"https:\/\/vaninahenry.com\/wp-content\/uploads\/2021\/07\/NOMA-ART-composition\u00a9Studio-Swissmiss.jpeg\",\"contentUrl\":\"https:\/\/vaninahenry.com\/wp-content\/uploads\/2021\/07\/NOMA-ART-composition\u00a9Studio-Swissmiss.jpeg\",\"width\":1400,\"height\":1090},{\"@type\":\"BreadcrumbList\",\"@id\":\"https:\/\/vaninahenry.com\/produkt\/laime-42-fauteuil-copie\/#breadcrumb\",\"itemListElement\":[{\"@type\":\"ListItem\",\"position\":1,\"name\":\"Accueil\",\"item\":\"https:\/\/vaninahenry.com\/de\/\"},{\"@type\":\"ListItem\",\"position\":2,\"name\":\"Shop\",\"item\":\"https:\/\/vaninahenry.com\/boutique\/\"},{\"@type\":\"ListItem\",\"position\":3,\"name\":\"ART\"}]},{\"@type\":\"WebSite\",\"@id\":\"https:\/\/vaninahenry.com\/#website\",\"url\":\"https:\/\/vaninahenry.com\/\",\"name\":\"Vanina Henry\",\"description\":\"\",\"publisher\":{\"@id\":\"https:\/\/vaninahenry.com\/#organization\"},\"potentialAction\":[{\"@type\":\"SearchAction\",\"target\":{\"@type\":\"EntryPoint\",\"urlTemplate\":\"https:\/\/vaninahenry.com\/?s={search_term_string}\"},\"query-input\":{\"@type\":\"PropertyValueSpecification\",\"valueRequired\":true,\"valueName\":\"search_term_string\"}}],\"inLanguage\":\"de\"},{\"@type\":\"Organization\",\"@id\":\"https:\/\/vaninahenry.com\/#organization\",\"name\":\"Vanina Henry\",\"url\":\"https:\/\/vaninahenry.com\/\",\"logo\":{\"@type\":\"ImageObject\",\"inLanguage\":\"de\",\"@id\":\"https:\/\/vaninahenry.com\/#\/schema\/logo\/image\/\",\"url\":\"http:\/\/vaninahenry.com\/wp-content\/uploads\/2021\/10\/Logo-design-by-VaninaHenry.png\",\"contentUrl\":\"http:\/\/vaninahenry.com\/wp-content\/uploads\/2021\/10\/Logo-design-by-VaninaHenry.png\",\"width\":711,\"height\":467,\"caption\":\"Vanina Henry\"},\"image\":{\"@id\":\"https:\/\/vaninahenry.com\/#\/schema\/logo\/image\/\"},\"sameAs\":[\"https:\/\/www.facebook.com\/designbyvaninahenry\",\"https:\/\/www.instagram.com\/vaninahenry\/\"]}]}<\/script>\n<!-- \/ Yoast SEO plugin. -->","yoast_head_json":{"title":"ART - Vanina Henry","robots":{"index":"index","follow":"follow","max-snippet":"max-snippet:-1","max-image-preview":"max-image-preview:large","max-video-preview":"max-video-preview:-1"},"canonical":"https:\/\/vaninahenry.com\/produkt\/laime-42-fauteuil-copie\/","og_locale":"de_DE","og_type":"article","og_title":"ART - Vanina Henry","og_description":"77,5% recyceltes Material..  Aufgrund der Beschaffenheit der von uns verwendeten Materialien hat jeder Artikel einen einzigartigen Charakter mit m\u00f6glichen leichten Abweichungen in Farbe oder Farbton.  Mehr \u00fcber NOMA","og_url":"https:\/\/vaninahenry.com\/produkt\/laime-42-fauteuil-copie\/","og_site_name":"Vanina Henry","article_publisher":"https:\/\/www.facebook.com\/designbyvaninahenry","article_modified_time":"2021-11-24T22:10:36+00:00","og_image":[{"width":1400,"height":1090,"url":"https:\/\/vaninahenry.com\/wp-content\/uploads\/2021\/07\/NOMA-ART-composition\u00a9Studio-Swissmiss.jpeg","type":"image\/jpeg"}],"twitter_card":"summary_large_image","schema":{"@context":"https:\/\/schema.org","@graph":[{"@type":"WebPage","@id":"https:\/\/vaninahenry.com\/produkt\/laime-42-fauteuil-copie\/","url":"https:\/\/vaninahenry.com\/produkt\/laime-42-fauteuil-copie\/","name":"ART - Vanina Henry","isPartOf":{"@id":"https:\/\/vaninahenry.com\/#website"},"primaryImageOfPage":{"@id":"https:\/\/vaninahenry.com\/produkt\/laime-42-fauteuil-copie\/#primaryimage"},"image":{"@id":"https:\/\/vaninahenry.com\/produkt\/laime-42-fauteuil-copie\/#primaryimage"},"thumbnailUrl":"https:\/\/vaninahenry.com\/wp-content\/uploads\/2021\/07\/NOMA-ART-composition\u00a9Studio-Swissmiss.jpeg","datePublished":"2021-07-26T14:51:48+00:00","dateModified":"2021-11-24T22:10:36+00:00","breadcrumb":{"@id":"https:\/\/vaninahenry.com\/produkt\/laime-42-fauteuil-copie\/#breadcrumb"},"inLanguage":"de","potentialAction":[{"@type":"ReadAction","target":["https:\/\/vaninahenry.com\/produkt\/laime-42-fauteuil-copie\/"]}]},{"@type":"ImageObject","inLanguage":"de","@id":"https:\/\/vaninahenry.com\/produkt\/laime-42-fauteuil-copie\/#primaryimage","url":"https:\/\/vaninahenry.com\/wp-content\/uploads\/2021\/07\/NOMA-ART-composition\u00a9Studio-Swissmiss.jpeg","contentUrl":"https:\/\/vaninahenry.com\/wp-content\/uploads\/2021\/07\/NOMA-ART-composition\u00a9Studio-Swissmiss.jpeg","width":1400,"height":1090},{"@type":"BreadcrumbList","@id":"https:\/\/vaninahenry.com\/produkt\/laime-42-fauteuil-copie\/#breadcrumb","itemListElement":[{"@type":"ListItem","position":1,"name":"Accueil","item":"https:\/\/vaninahenry.com\/de\/"},{"@type":"ListItem","position":2,"name":"Shop","item":"https:\/\/vaninahenry.com\/boutique\/"},{"@type":"ListItem","position":3,"name":"ART"}]},{"@type":"WebSite","@id":"https:\/\/vaninahenry.com\/#website","url":"https:\/\/vaninahenry.com\/","name":"Vanina Henry","description":"","publisher":{"@id":"https:\/\/vaninahenry.com\/#organization"},"potentialAction":[{"@type":"SearchAction","target":{"@type":"EntryPoint","urlTemplate":"https:\/\/vaninahenry.com\/?s={search_term_string}"},"query-input":{"@type":"PropertyValueSpecification","valueRequired":true,"valueName":"search_term_string"}}],"inLanguage":"de"},{"@type":"Organization","@id":"https:\/\/vaninahenry.com\/#organization","name":"Vanina Henry","url":"https:\/\/vaninahenry.com\/","logo":{"@type":"ImageObject","inLanguage":"de","@id":"https:\/\/vaninahenry.com\/#\/schema\/logo\/image\/","url":"http:\/\/vaninahenry.com\/wp-content\/uploads\/2021\/10\/Logo-design-by-VaninaHenry.png","contentUrl":"http:\/\/vaninahenry.com\/wp-content\/uploads\/2021\/10\/Logo-design-by-VaninaHenry.png","width":711,"height":467,"caption":"Vanina Henry"},"image":{"@id":"https:\/\/vaninahenry.com\/#\/schema\/logo\/image\/"},"sameAs":["https:\/\/www.facebook.com\/designbyvaninahenry","https:\/\/www.instagram.com\/vaninahenry\/"]}]}},"_links":{"self":[{"href":"https:\/\/vaninahenry.com\/de\/wp-json\/wp\/v2\/product\/19761","targetHints":{"allow":["GET"]}}],"collection":[{"href":"https:\/\/vaninahenry.com\/de\/wp-json\/wp\/v2\/product"}],"about":[{"href":"https:\/\/vaninahenry.com\/de\/wp-json\/wp\/v2\/types\/product"}],"wp:featuredmedia":[{"embeddable":true,"href":"https:\/\/vaninahenry.com\/de\/wp-json\/wp\/v2\/media\/56845"}],"wp:attachment":[{"href":"https:\/\/vaninahenry.com\/de\/wp-json\/wp\/v2\/media?parent=19761"}],"wp:term":[{"taxonomy":"product_brand","embeddable":true,"href":"https:\/\/vaninahenry.com\/de\/wp-json\/wp\/v2\/product_brand?post=19761"},{"taxonomy":"product_cat","embeddable":true,"href":"https:\/\/vaninahenry.com\/de\/wp-json\/wp\/v2\/product_cat?post=19761"},{"taxonomy":"product_tag","embeddable":true,"href":"https:\/\/vaninahenry.com\/de\/wp-json\/wp\/v2\/product_tag?post=19761"}],"curies":[{"name":"wp","href":"https:\/\/api.w.org\/{rel}","templated":true}]}}