{"id":19751,"date":"2021-07-28T09:45:25","date_gmt":"2021-07-28T07:45:25","guid":{"rendered":"https:\/\/hloccfq.cluster031.hosting.ovh.net\/produit\/arca\/"},"modified":"2021-11-24T23:10:27","modified_gmt":"2021-11-24T22:10:27","slug":"arca","status":"publish","type":"product","link":"https:\/\/vaninahenry.com\/de\/produkt\/arca\/","title":{"rendered":"ARCA"},"content":{"rendered":"<p>&#8220;Die Arca-Konsole ist eine einfache Tischplatte auf einem Sockel, eine sparsame und n\u00fcchterne Geste, ein Design, das mit architektonischen Archetypen wie der Arkade oder dem Architrav spielt, und eine Dosis \u00dcberraschung. Die Konsole besteht aus einem einzigen Material: Travertinsteinreste. Die d\u00fcnne Platte und der geschwungene Steinsockel der Arca-Konsole sind ein originelles Beispiel f\u00fcr die Verwendung von Stein in M\u00f6beln.<\/p>\n<p>RDAI, Entwickler von ARCA<\/p>\n","protected":false},"excerpt":{"rendered":"<p><strong>88,1 % recyceltes Material.<\/strong><\/p>\n<p>Arca ist eine Konsole aus Travertin.\u00a0Er besteht aus UHPS \u00a9, einer Technologie, mit der der Stein geformt werden kann.<\/p>\n<p>Aufgrund der Beschaffenheit der von uns verwendeten Materialien hat jedes Objekt einen einzigartigen Charakter mit m\u00f6glichen leichten Abweichungen in Farbe oder Farbton.<\/p>\n<p><span style=\"color: #9a7500;\"><a style=\"color: #9a7500;\" href=\"https:\/\/vaninahenry.com\/marque\/noma\/\">Mehr \u00fcber NOMA<\/a><\/span><\/p>\n","protected":false},"featured_media":56911,"template":"","meta":{"_acf_changed":false,"inline_featured_image":false},"product_brand":[],"product_cat":[393,396],"product_tag":[],"class_list":{"0":"post-19751","1":"product","2":"type-product","3":"status-publish","4":"has-post-thumbnail","6":"product_cat-design-moebel","7":"product_cat-sustainable-de","8":"product_shipping_class-noma-de","10":"first","11":"instock","12":"taxable","13":"shipping-taxable","14":"product-type-variable"},"acf":[],"yoast_head":"<!-- This site is optimized with the Yoast SEO plugin v26.7 - https:\/\/yoast.com\/wordpress\/plugins\/seo\/ -->\n<title>ARCA - Vanina Henry<\/title>\n<meta name=\"robots\" content=\"index, follow, max-snippet:-1, max-image-preview:large, max-video-preview:-1\" \/>\n<link rel=\"canonical\" href=\"https:\/\/vaninahenry.com\/produkt\/arca\/\" \/>\n<meta property=\"og:locale\" content=\"de_DE\" \/>\n<meta property=\"og:type\" content=\"article\" \/>\n<meta property=\"og:title\" content=\"ARCA - Vanina Henry\" \/>\n<meta property=\"og:description\" content=\"88,1 % recyceltes Material.  Arca ist eine Konsole aus Travertin.\u00a0Er besteht aus UHPS \u00a9, einer Technologie, mit der der Stein geformt werden kann.  Aufgrund der Beschaffenheit der von uns verwendeten Materialien hat jedes Objekt einen einzigartigen Charakter mit m\u00f6glichen leichten Abweichungen in Farbe oder Farbton.  Mehr \u00fcber NOMA\" \/>\n<meta property=\"og:url\" content=\"https:\/\/vaninahenry.com\/produkt\/arca\/\" \/>\n<meta property=\"og:site_name\" content=\"Vanina Henry\" \/>\n<meta property=\"article:publisher\" content=\"https:\/\/www.facebook.com\/designbyvaninahenry\" \/>\n<meta property=\"article:modified_time\" content=\"2021-11-24T22:10:27+00:00\" \/>\n<meta property=\"og:image\" content=\"https:\/\/vaninahenry.com\/wp-content\/uploads\/2021\/07\/NOMA-Arca-Fred-Lebain-02-1.jpg\" \/>\n\t<meta property=\"og:image:width\" content=\"935\" \/>\n\t<meta property=\"og:image:height\" content=\"1400\" \/>\n\t<meta property=\"og:image:type\" content=\"image\/jpeg\" \/>\n<meta name=\"twitter:card\" content=\"summary_large_image\" \/>\n<script type=\"application\/ld+json\" class=\"yoast-schema-graph\">{\"@context\":\"https:\/\/schema.org\",\"@graph\":[{\"@type\":\"WebPage\",\"@id\":\"https:\/\/vaninahenry.com\/produkt\/arca\/\",\"url\":\"https:\/\/vaninahenry.com\/produkt\/arca\/\",\"name\":\"ARCA - Vanina Henry\",\"isPartOf\":{\"@id\":\"https:\/\/vaninahenry.com\/#website\"},\"primaryImageOfPage\":{\"@id\":\"https:\/\/vaninahenry.com\/produkt\/arca\/#primaryimage\"},\"image\":{\"@id\":\"https:\/\/vaninahenry.com\/produkt\/arca\/#primaryimage\"},\"thumbnailUrl\":\"https:\/\/vaninahenry.com\/wp-content\/uploads\/2021\/07\/NOMA-Arca-Fred-Lebain-02-1.jpg\",\"datePublished\":\"2021-07-28T07:45:25+00:00\",\"dateModified\":\"2021-11-24T22:10:27+00:00\",\"breadcrumb\":{\"@id\":\"https:\/\/vaninahenry.com\/produkt\/arca\/#breadcrumb\"},\"inLanguage\":\"de\",\"potentialAction\":[{\"@type\":\"ReadAction\",\"target\":[\"https:\/\/vaninahenry.com\/produkt\/arca\/\"]}]},{\"@type\":\"ImageObject\",\"inLanguage\":\"de\",\"@id\":\"https:\/\/vaninahenry.com\/produkt\/arca\/#primaryimage\",\"url\":\"https:\/\/vaninahenry.com\/wp-content\/uploads\/2021\/07\/NOMA-Arca-Fred-Lebain-02-1.jpg\",\"contentUrl\":\"https:\/\/vaninahenry.com\/wp-content\/uploads\/2021\/07\/NOMA-Arca-Fred-Lebain-02-1.jpg\",\"width\":935,\"height\":1400},{\"@type\":\"BreadcrumbList\",\"@id\":\"https:\/\/vaninahenry.com\/produkt\/arca\/#breadcrumb\",\"itemListElement\":[{\"@type\":\"ListItem\",\"position\":1,\"name\":\"Accueil\",\"item\":\"https:\/\/vaninahenry.com\/de\/\"},{\"@type\":\"ListItem\",\"position\":2,\"name\":\"Shop\",\"item\":\"https:\/\/vaninahenry.com\/boutique\/\"},{\"@type\":\"ListItem\",\"position\":3,\"name\":\"ARCA\"}]},{\"@type\":\"WebSite\",\"@id\":\"https:\/\/vaninahenry.com\/#website\",\"url\":\"https:\/\/vaninahenry.com\/\",\"name\":\"Vanina Henry\",\"description\":\"\",\"publisher\":{\"@id\":\"https:\/\/vaninahenry.com\/#organization\"},\"potentialAction\":[{\"@type\":\"SearchAction\",\"target\":{\"@type\":\"EntryPoint\",\"urlTemplate\":\"https:\/\/vaninahenry.com\/?s={search_term_string}\"},\"query-input\":{\"@type\":\"PropertyValueSpecification\",\"valueRequired\":true,\"valueName\":\"search_term_string\"}}],\"inLanguage\":\"de\"},{\"@type\":\"Organization\",\"@id\":\"https:\/\/vaninahenry.com\/#organization\",\"name\":\"Vanina Henry\",\"url\":\"https:\/\/vaninahenry.com\/\",\"logo\":{\"@type\":\"ImageObject\",\"inLanguage\":\"de\",\"@id\":\"https:\/\/vaninahenry.com\/#\/schema\/logo\/image\/\",\"url\":\"http:\/\/vaninahenry.com\/wp-content\/uploads\/2021\/10\/Logo-design-by-VaninaHenry.png\",\"contentUrl\":\"http:\/\/vaninahenry.com\/wp-content\/uploads\/2021\/10\/Logo-design-by-VaninaHenry.png\",\"width\":711,\"height\":467,\"caption\":\"Vanina Henry\"},\"image\":{\"@id\":\"https:\/\/vaninahenry.com\/#\/schema\/logo\/image\/\"},\"sameAs\":[\"https:\/\/www.facebook.com\/designbyvaninahenry\",\"https:\/\/www.instagram.com\/vaninahenry\/\"]}]}<\/script>\n<!-- \/ Yoast SEO plugin. -->","yoast_head_json":{"title":"ARCA - Vanina Henry","robots":{"index":"index","follow":"follow","max-snippet":"max-snippet:-1","max-image-preview":"max-image-preview:large","max-video-preview":"max-video-preview:-1"},"canonical":"https:\/\/vaninahenry.com\/produkt\/arca\/","og_locale":"de_DE","og_type":"article","og_title":"ARCA - Vanina Henry","og_description":"88,1 % recyceltes Material.  Arca ist eine Konsole aus Travertin.\u00a0Er besteht aus UHPS \u00a9, einer Technologie, mit der der Stein geformt werden kann.  Aufgrund der Beschaffenheit der von uns verwendeten Materialien hat jedes Objekt einen einzigartigen Charakter mit m\u00f6glichen leichten Abweichungen in Farbe oder Farbton.  Mehr \u00fcber NOMA","og_url":"https:\/\/vaninahenry.com\/produkt\/arca\/","og_site_name":"Vanina Henry","article_publisher":"https:\/\/www.facebook.com\/designbyvaninahenry","article_modified_time":"2021-11-24T22:10:27+00:00","og_image":[{"width":935,"height":1400,"url":"https:\/\/vaninahenry.com\/wp-content\/uploads\/2021\/07\/NOMA-Arca-Fred-Lebain-02-1.jpg","type":"image\/jpeg"}],"twitter_card":"summary_large_image","schema":{"@context":"https:\/\/schema.org","@graph":[{"@type":"WebPage","@id":"https:\/\/vaninahenry.com\/produkt\/arca\/","url":"https:\/\/vaninahenry.com\/produkt\/arca\/","name":"ARCA - Vanina Henry","isPartOf":{"@id":"https:\/\/vaninahenry.com\/#website"},"primaryImageOfPage":{"@id":"https:\/\/vaninahenry.com\/produkt\/arca\/#primaryimage"},"image":{"@id":"https:\/\/vaninahenry.com\/produkt\/arca\/#primaryimage"},"thumbnailUrl":"https:\/\/vaninahenry.com\/wp-content\/uploads\/2021\/07\/NOMA-Arca-Fred-Lebain-02-1.jpg","datePublished":"2021-07-28T07:45:25+00:00","dateModified":"2021-11-24T22:10:27+00:00","breadcrumb":{"@id":"https:\/\/vaninahenry.com\/produkt\/arca\/#breadcrumb"},"inLanguage":"de","potentialAction":[{"@type":"ReadAction","target":["https:\/\/vaninahenry.com\/produkt\/arca\/"]}]},{"@type":"ImageObject","inLanguage":"de","@id":"https:\/\/vaninahenry.com\/produkt\/arca\/#primaryimage","url":"https:\/\/vaninahenry.com\/wp-content\/uploads\/2021\/07\/NOMA-Arca-Fred-Lebain-02-1.jpg","contentUrl":"https:\/\/vaninahenry.com\/wp-content\/uploads\/2021\/07\/NOMA-Arca-Fred-Lebain-02-1.jpg","width":935,"height":1400},{"@type":"BreadcrumbList","@id":"https:\/\/vaninahenry.com\/produkt\/arca\/#breadcrumb","itemListElement":[{"@type":"ListItem","position":1,"name":"Accueil","item":"https:\/\/vaninahenry.com\/de\/"},{"@type":"ListItem","position":2,"name":"Shop","item":"https:\/\/vaninahenry.com\/boutique\/"},{"@type":"ListItem","position":3,"name":"ARCA"}]},{"@type":"WebSite","@id":"https:\/\/vaninahenry.com\/#website","url":"https:\/\/vaninahenry.com\/","name":"Vanina Henry","description":"","publisher":{"@id":"https:\/\/vaninahenry.com\/#organization"},"potentialAction":[{"@type":"SearchAction","target":{"@type":"EntryPoint","urlTemplate":"https:\/\/vaninahenry.com\/?s={search_term_string}"},"query-input":{"@type":"PropertyValueSpecification","valueRequired":true,"valueName":"search_term_string"}}],"inLanguage":"de"},{"@type":"Organization","@id":"https:\/\/vaninahenry.com\/#organization","name":"Vanina Henry","url":"https:\/\/vaninahenry.com\/","logo":{"@type":"ImageObject","inLanguage":"de","@id":"https:\/\/vaninahenry.com\/#\/schema\/logo\/image\/","url":"http:\/\/vaninahenry.com\/wp-content\/uploads\/2021\/10\/Logo-design-by-VaninaHenry.png","contentUrl":"http:\/\/vaninahenry.com\/wp-content\/uploads\/2021\/10\/Logo-design-by-VaninaHenry.png","width":711,"height":467,"caption":"Vanina Henry"},"image":{"@id":"https:\/\/vaninahenry.com\/#\/schema\/logo\/image\/"},"sameAs":["https:\/\/www.facebook.com\/designbyvaninahenry","https:\/\/www.instagram.com\/vaninahenry\/"]}]}},"_links":{"self":[{"href":"https:\/\/vaninahenry.com\/de\/wp-json\/wp\/v2\/product\/19751","targetHints":{"allow":["GET"]}}],"collection":[{"href":"https:\/\/vaninahenry.com\/de\/wp-json\/wp\/v2\/product"}],"about":[{"href":"https:\/\/vaninahenry.com\/de\/wp-json\/wp\/v2\/types\/product"}],"wp:featuredmedia":[{"embeddable":true,"href":"https:\/\/vaninahenry.com\/de\/wp-json\/wp\/v2\/media\/56911"}],"wp:attachment":[{"href":"https:\/\/vaninahenry.com\/de\/wp-json\/wp\/v2\/media?parent=19751"}],"wp:term":[{"taxonomy":"product_brand","embeddable":true,"href":"https:\/\/vaninahenry.com\/de\/wp-json\/wp\/v2\/product_brand?post=19751"},{"taxonomy":"product_cat","embeddable":true,"href":"https:\/\/vaninahenry.com\/de\/wp-json\/wp\/v2\/product_cat?post=19751"},{"taxonomy":"product_tag","embeddable":true,"href":"https:\/\/vaninahenry.com\/de\/wp-json\/wp\/v2\/product_tag?post=19751"}],"curies":[{"name":"wp","href":"https:\/\/api.w.org\/{rel}","templated":true}]}}