{"id":19491,"date":"2021-07-07T13:59:52","date_gmt":"2021-07-07T11:59:52","guid":{"rendered":"https:\/\/hloccfq.cluster031.hosting.ovh.net\/produit\/esprit-yaya\/"},"modified":"2024-10-03T16:25:18","modified_gmt":"2024-10-03T14:25:18","slug":"esprit-yaya","status":"publish","type":"product","link":"https:\/\/vaninahenry.com\/de\/produkt\/esprit-yaya\/","title":{"rendered":"Esprit Ya-ya"},"content":{"rendered":"<p><span style=\"color: #9a7541;\">ESPRIT YA-YA<\/span> l\u00f6st sich von diesen Oberfl\u00e4chen und nimmt die R\u00e4ume als Formen an. Die Grenzen seiner Konturen werden verdoppelt, um Landschaften der Magie zu zeichnen.<\/p>\n<p>Durch Schl\u00fcssell\u00f6cher, die frei und offen f\u00fcr die Sinne sind, formt und schneidet ESPRIT YA-YA das Licht aus, um es Ihnen so anzubieten, wie Sie es sehen!<\/p>\n<p>ESPRIT YA-YA f\u00fchlt sich in jeder Situation wohl, ganz im Sinne eines Smokings in einer Kartause aus dem 17. Jahrhundert oder einem venezianischen Palast.<\/p>\n<p>Jeansgeist in einer hundert Jahre alten Platane.<\/p>\n","protected":false},"excerpt":{"rendered":"<p><img decoding=\"async\" class=\"aligncenter wp-image-14179 size-full\" src=\"http:\/\/vaninahenry.com\/wp-content\/uploads\/2021\/10\/Esp-YA-Ya.png\" alt=\"\" width=\"1474\" height=\"638\" \/><\/p>\n<p>Modell nur in Shiny Gold und Black Chrome erh\u00e4ltlich<\/p>\n<p><a href=\"https:\/\/vaninahenry.com\/contact\/?lang=de\"><strong><span style=\"color: #9a7541;\">Kontakt<\/span> <\/strong>um spezielle Aufh\u00e4ngungsl\u00f6sungen zu bestellen.<\/a><br \/>\n<span style=\"color: #9a7541;\"><a style=\"color: #9a7541;\" href=\"http:\/\/vaninahenry.com\/wp-content\/uploads\/2021\/07\/Hind-Rabii-Hanging-Solutions.pdf\">Laden Sie die Liste der Aufh\u00e4ngungsl\u00f6sungen und Preise (ohne MwSt.) herunter<\/a>.<\/span><\/p>\n<p>Die Lieferzeit betr\u00e4gt ca. 10 Wochen.<\/p>\n","protected":false},"featured_media":53776,"template":"","meta":{"_acf_changed":false,"inline_featured_image":false},"product_brand":[],"product_cat":[392],"product_tag":[],"class_list":{"0":"post-19491","1":"product","2":"type-product","3":"status-publish","4":"has-post-thumbnail","6":"product_cat-beleuchtungen","7":"product_shipping_class-hindi-rabii-de","9":"first","10":"instock","11":"taxable","12":"shipping-taxable","13":"product-type-variable"},"acf":[],"yoast_head":"<!-- This site is optimized with the Yoast SEO plugin v26.7 - https:\/\/yoast.com\/wordpress\/plugins\/seo\/ -->\n<title>Esprit Ya-ya - Vanina Henry<\/title>\n<meta name=\"robots\" content=\"index, follow, max-snippet:-1, max-image-preview:large, max-video-preview:-1\" \/>\n<link rel=\"canonical\" href=\"https:\/\/vaninahenry.com\/produkt\/esprit-yaya\/\" \/>\n<meta property=\"og:locale\" content=\"de_DE\" \/>\n<meta property=\"og:type\" content=\"article\" \/>\n<meta property=\"og:title\" content=\"Esprit Ya-ya - Vanina Henry\" \/>\n<meta property=\"og:description\" content=\"Modell nur in Shiny Gold und Black Chrome erh\u00e4ltlich  Kontakt um spezielle Aufh\u00e4ngungsl\u00f6sungen zu bestellen. Laden Sie die Liste der Aufh\u00e4ngungsl\u00f6sungen und Preise (ohne MwSt.) herunter.  Die Lieferzeit betr\u00e4gt ca. 10 Wochen.\" \/>\n<meta property=\"og:url\" content=\"https:\/\/vaninahenry.com\/produkt\/esprit-yaya\/\" \/>\n<meta property=\"og:site_name\" content=\"Vanina Henry\" \/>\n<meta property=\"article:publisher\" content=\"https:\/\/www.facebook.com\/designbyvaninahenry\" \/>\n<meta property=\"article:modified_time\" content=\"2024-10-03T14:25:18+00:00\" \/>\n<meta property=\"og:image\" content=\"https:\/\/vaninahenry.com\/wp-content\/uploads\/2021\/10\/ESPRIT-YA-YA_AMBIENT_01.jpeg\" \/>\n\t<meta property=\"og:image:width\" content=\"1135\" \/>\n\t<meta property=\"og:image:height\" content=\"1600\" \/>\n\t<meta property=\"og:image:type\" content=\"image\/jpeg\" \/>\n<meta name=\"twitter:card\" content=\"summary_large_image\" \/>\n<script type=\"application\/ld+json\" class=\"yoast-schema-graph\">{\"@context\":\"https:\/\/schema.org\",\"@graph\":[{\"@type\":\"WebPage\",\"@id\":\"https:\/\/vaninahenry.com\/produkt\/esprit-yaya\/\",\"url\":\"https:\/\/vaninahenry.com\/produkt\/esprit-yaya\/\",\"name\":\"Esprit Ya-ya - Vanina Henry\",\"isPartOf\":{\"@id\":\"https:\/\/vaninahenry.com\/#website\"},\"primaryImageOfPage\":{\"@id\":\"https:\/\/vaninahenry.com\/produkt\/esprit-yaya\/#primaryimage\"},\"image\":{\"@id\":\"https:\/\/vaninahenry.com\/produkt\/esprit-yaya\/#primaryimage\"},\"thumbnailUrl\":\"https:\/\/vaninahenry.com\/wp-content\/uploads\/2021\/10\/ESPRIT-YA-YA_AMBIENT_01.jpeg\",\"datePublished\":\"2021-07-07T11:59:52+00:00\",\"dateModified\":\"2024-10-03T14:25:18+00:00\",\"breadcrumb\":{\"@id\":\"https:\/\/vaninahenry.com\/produkt\/esprit-yaya\/#breadcrumb\"},\"inLanguage\":\"de\",\"potentialAction\":[{\"@type\":\"ReadAction\",\"target\":[\"https:\/\/vaninahenry.com\/produkt\/esprit-yaya\/\"]}]},{\"@type\":\"ImageObject\",\"inLanguage\":\"de\",\"@id\":\"https:\/\/vaninahenry.com\/produkt\/esprit-yaya\/#primaryimage\",\"url\":\"https:\/\/vaninahenry.com\/wp-content\/uploads\/2021\/10\/ESPRIT-YA-YA_AMBIENT_01.jpeg\",\"contentUrl\":\"https:\/\/vaninahenry.com\/wp-content\/uploads\/2021\/10\/ESPRIT-YA-YA_AMBIENT_01.jpeg\",\"width\":1135,\"height\":1600},{\"@type\":\"BreadcrumbList\",\"@id\":\"https:\/\/vaninahenry.com\/produkt\/esprit-yaya\/#breadcrumb\",\"itemListElement\":[{\"@type\":\"ListItem\",\"position\":1,\"name\":\"Accueil\",\"item\":\"https:\/\/vaninahenry.com\/de\/\"},{\"@type\":\"ListItem\",\"position\":2,\"name\":\"Shop\",\"item\":\"https:\/\/vaninahenry.com\/boutique\/\"},{\"@type\":\"ListItem\",\"position\":3,\"name\":\"Esprit Ya-ya\"}]},{\"@type\":\"WebSite\",\"@id\":\"https:\/\/vaninahenry.com\/#website\",\"url\":\"https:\/\/vaninahenry.com\/\",\"name\":\"Vanina Henry\",\"description\":\"\",\"publisher\":{\"@id\":\"https:\/\/vaninahenry.com\/#organization\"},\"potentialAction\":[{\"@type\":\"SearchAction\",\"target\":{\"@type\":\"EntryPoint\",\"urlTemplate\":\"https:\/\/vaninahenry.com\/?s={search_term_string}\"},\"query-input\":{\"@type\":\"PropertyValueSpecification\",\"valueRequired\":true,\"valueName\":\"search_term_string\"}}],\"inLanguage\":\"de\"},{\"@type\":\"Organization\",\"@id\":\"https:\/\/vaninahenry.com\/#organization\",\"name\":\"Vanina Henry\",\"url\":\"https:\/\/vaninahenry.com\/\",\"logo\":{\"@type\":\"ImageObject\",\"inLanguage\":\"de\",\"@id\":\"https:\/\/vaninahenry.com\/#\/schema\/logo\/image\/\",\"url\":\"http:\/\/vaninahenry.com\/wp-content\/uploads\/2021\/10\/Logo-design-by-VaninaHenry.png\",\"contentUrl\":\"http:\/\/vaninahenry.com\/wp-content\/uploads\/2021\/10\/Logo-design-by-VaninaHenry.png\",\"width\":711,\"height\":467,\"caption\":\"Vanina Henry\"},\"image\":{\"@id\":\"https:\/\/vaninahenry.com\/#\/schema\/logo\/image\/\"},\"sameAs\":[\"https:\/\/www.facebook.com\/designbyvaninahenry\",\"https:\/\/www.instagram.com\/vaninahenry\/\"]}]}<\/script>\n<!-- \/ Yoast SEO plugin. -->","yoast_head_json":{"title":"Esprit Ya-ya - Vanina Henry","robots":{"index":"index","follow":"follow","max-snippet":"max-snippet:-1","max-image-preview":"max-image-preview:large","max-video-preview":"max-video-preview:-1"},"canonical":"https:\/\/vaninahenry.com\/produkt\/esprit-yaya\/","og_locale":"de_DE","og_type":"article","og_title":"Esprit Ya-ya - Vanina Henry","og_description":"Modell nur in Shiny Gold und Black Chrome erh\u00e4ltlich  Kontakt um spezielle Aufh\u00e4ngungsl\u00f6sungen zu bestellen. Laden Sie die Liste der Aufh\u00e4ngungsl\u00f6sungen und Preise (ohne MwSt.) herunter.  Die Lieferzeit betr\u00e4gt ca. 10 Wochen.","og_url":"https:\/\/vaninahenry.com\/produkt\/esprit-yaya\/","og_site_name":"Vanina Henry","article_publisher":"https:\/\/www.facebook.com\/designbyvaninahenry","article_modified_time":"2024-10-03T14:25:18+00:00","og_image":[{"width":1135,"height":1600,"url":"https:\/\/vaninahenry.com\/wp-content\/uploads\/2021\/10\/ESPRIT-YA-YA_AMBIENT_01.jpeg","type":"image\/jpeg"}],"twitter_card":"summary_large_image","schema":{"@context":"https:\/\/schema.org","@graph":[{"@type":"WebPage","@id":"https:\/\/vaninahenry.com\/produkt\/esprit-yaya\/","url":"https:\/\/vaninahenry.com\/produkt\/esprit-yaya\/","name":"Esprit Ya-ya - Vanina Henry","isPartOf":{"@id":"https:\/\/vaninahenry.com\/#website"},"primaryImageOfPage":{"@id":"https:\/\/vaninahenry.com\/produkt\/esprit-yaya\/#primaryimage"},"image":{"@id":"https:\/\/vaninahenry.com\/produkt\/esprit-yaya\/#primaryimage"},"thumbnailUrl":"https:\/\/vaninahenry.com\/wp-content\/uploads\/2021\/10\/ESPRIT-YA-YA_AMBIENT_01.jpeg","datePublished":"2021-07-07T11:59:52+00:00","dateModified":"2024-10-03T14:25:18+00:00","breadcrumb":{"@id":"https:\/\/vaninahenry.com\/produkt\/esprit-yaya\/#breadcrumb"},"inLanguage":"de","potentialAction":[{"@type":"ReadAction","target":["https:\/\/vaninahenry.com\/produkt\/esprit-yaya\/"]}]},{"@type":"ImageObject","inLanguage":"de","@id":"https:\/\/vaninahenry.com\/produkt\/esprit-yaya\/#primaryimage","url":"https:\/\/vaninahenry.com\/wp-content\/uploads\/2021\/10\/ESPRIT-YA-YA_AMBIENT_01.jpeg","contentUrl":"https:\/\/vaninahenry.com\/wp-content\/uploads\/2021\/10\/ESPRIT-YA-YA_AMBIENT_01.jpeg","width":1135,"height":1600},{"@type":"BreadcrumbList","@id":"https:\/\/vaninahenry.com\/produkt\/esprit-yaya\/#breadcrumb","itemListElement":[{"@type":"ListItem","position":1,"name":"Accueil","item":"https:\/\/vaninahenry.com\/de\/"},{"@type":"ListItem","position":2,"name":"Shop","item":"https:\/\/vaninahenry.com\/boutique\/"},{"@type":"ListItem","position":3,"name":"Esprit Ya-ya"}]},{"@type":"WebSite","@id":"https:\/\/vaninahenry.com\/#website","url":"https:\/\/vaninahenry.com\/","name":"Vanina Henry","description":"","publisher":{"@id":"https:\/\/vaninahenry.com\/#organization"},"potentialAction":[{"@type":"SearchAction","target":{"@type":"EntryPoint","urlTemplate":"https:\/\/vaninahenry.com\/?s={search_term_string}"},"query-input":{"@type":"PropertyValueSpecification","valueRequired":true,"valueName":"search_term_string"}}],"inLanguage":"de"},{"@type":"Organization","@id":"https:\/\/vaninahenry.com\/#organization","name":"Vanina Henry","url":"https:\/\/vaninahenry.com\/","logo":{"@type":"ImageObject","inLanguage":"de","@id":"https:\/\/vaninahenry.com\/#\/schema\/logo\/image\/","url":"http:\/\/vaninahenry.com\/wp-content\/uploads\/2021\/10\/Logo-design-by-VaninaHenry.png","contentUrl":"http:\/\/vaninahenry.com\/wp-content\/uploads\/2021\/10\/Logo-design-by-VaninaHenry.png","width":711,"height":467,"caption":"Vanina Henry"},"image":{"@id":"https:\/\/vaninahenry.com\/#\/schema\/logo\/image\/"},"sameAs":["https:\/\/www.facebook.com\/designbyvaninahenry","https:\/\/www.instagram.com\/vaninahenry\/"]}]}},"_links":{"self":[{"href":"https:\/\/vaninahenry.com\/de\/wp-json\/wp\/v2\/product\/19491","targetHints":{"allow":["GET"]}}],"collection":[{"href":"https:\/\/vaninahenry.com\/de\/wp-json\/wp\/v2\/product"}],"about":[{"href":"https:\/\/vaninahenry.com\/de\/wp-json\/wp\/v2\/types\/product"}],"wp:featuredmedia":[{"embeddable":true,"href":"https:\/\/vaninahenry.com\/de\/wp-json\/wp\/v2\/media\/53776"}],"wp:attachment":[{"href":"https:\/\/vaninahenry.com\/de\/wp-json\/wp\/v2\/media?parent=19491"}],"wp:term":[{"taxonomy":"product_brand","embeddable":true,"href":"https:\/\/vaninahenry.com\/de\/wp-json\/wp\/v2\/product_brand?post=19491"},{"taxonomy":"product_cat","embeddable":true,"href":"https:\/\/vaninahenry.com\/de\/wp-json\/wp\/v2\/product_cat?post=19491"},{"taxonomy":"product_tag","embeddable":true,"href":"https:\/\/vaninahenry.com\/de\/wp-json\/wp\/v2\/product_tag?post=19491"}],"curies":[{"name":"wp","href":"https:\/\/api.w.org\/{rel}","templated":true}]}}