{"id":18746,"date":"2021-07-09T09:28:35","date_gmt":"2021-07-09T07:28:35","guid":{"rendered":"https:\/\/hloccfq.cluster031.hosting.ovh.net\/produit\/t-cotta\/"},"modified":"2024-10-03T16:24:54","modified_gmt":"2024-10-03T14:24:54","slug":"t-cotta","status":"publish","type":"product","link":"https:\/\/vaninahenry.com\/de\/produkt\/t-cotta\/","title":{"rendered":"T-Cotta"},"content":{"rendered":"<p><span style=\"color: #9a7541;\">T-COTTA<\/span><\/p>\n<p>Entstanden aus dem Wunsch, ein Objekt mit gebogenen und flie\u00dfenden Formen zu schaffen, ist T-COTTA das Ergebnis der leidenschaftlichen Vereinigung von Materialien, die beide aus der Erde stammen, beide vom Menschen bearbeitet und beide durch Hitze geformt wurden.<\/p>\n","protected":false},"excerpt":{"rendered":"<p><img decoding=\"async\" class=\"wp-image-63365 size-large aligncenter\" src=\"http:\/\/vaninahenry.com\/wp-content\/uploads\/2021\/07\/t-cota-2-1024x419.png\" alt=\"\" width=\"1024\" height=\"419\" srcset=\"https:\/\/vaninahenry.com\/wp-content\/uploads\/2021\/07\/t-cota-2-1024x419.png 1024w, https:\/\/vaninahenry.com\/wp-content\/uploads\/2021\/07\/t-cota-2-600x245.png 600w, https:\/\/vaninahenry.com\/wp-content\/uploads\/2021\/07\/t-cota-2-300x123.png 300w, https:\/\/vaninahenry.com\/wp-content\/uploads\/2021\/07\/t-cota-2-768x314.png 768w, https:\/\/vaninahenry.com\/wp-content\/uploads\/2021\/07\/t-cota-2.png 1423w\" sizes=\"(max-width: 1024px) 100vw, 1024px\" \/><\/p>\n<p><a href=\"https:\/\/vaninahenry.com\/contact\/?lang=de\"><strong><span style=\"color: #9a7541;\">Kontakt<\/span> <\/strong>um spezielle Aufh\u00e4ngungsl\u00f6sungen zu bestellen.<\/a><br \/>\n<span style=\"color: #9a7541;\"><a style=\"color: #9a7541;\" href=\"http:\/\/vaninahenry.com\/wp-content\/uploads\/2021\/07\/Hind-Rabii-Hanging-Solutions.pdf\">Laden Sie die Liste der Aufh\u00e4ngungsl\u00f6sungen und Preise (ohne MwSt.) herunter<\/a>.<\/span><\/p>\n<p>Die Lieferzeit betr\u00e4gt ca. 10 Wochen.<\/p>\n","protected":false},"featured_media":54249,"template":"","meta":{"_acf_changed":false,"inline_featured_image":false},"product_brand":[],"product_cat":[392,595],"product_tag":[],"class_list":{"0":"post-18746","1":"product","2":"type-product","3":"status-publish","4":"has-post-thumbnail","6":"product_cat-beleuchtungen","7":"product_cat-favorit","8":"product_shipping_class-hindi-rabii-de","10":"first","11":"instock","12":"taxable","13":"shipping-taxable","14":"purchasable","15":"product-type-variable"},"acf":[],"yoast_head":"<!-- This site is optimized with the Yoast SEO plugin v26.7 - https:\/\/yoast.com\/wordpress\/plugins\/seo\/ -->\n<title>T-Cotta - Vanina Henry<\/title>\n<meta name=\"robots\" content=\"index, follow, max-snippet:-1, max-image-preview:large, max-video-preview:-1\" \/>\n<link rel=\"canonical\" href=\"https:\/\/vaninahenry.com\/produkt\/t-cotta\/\" \/>\n<meta property=\"og:locale\" content=\"de_DE\" \/>\n<meta property=\"og:type\" content=\"article\" \/>\n<meta property=\"og:title\" content=\"T-Cotta - Vanina Henry\" \/>\n<meta property=\"og:description\" content=\"Kontakt um spezielle Aufh\u00e4ngungsl\u00f6sungen zu bestellen. Laden Sie die Liste der Aufh\u00e4ngungsl\u00f6sungen und Preise (ohne MwSt.) herunter.  Die Lieferzeit betr\u00e4gt ca. 10 Wochen.\" \/>\n<meta property=\"og:url\" content=\"https:\/\/vaninahenry.com\/produkt\/t-cotta\/\" \/>\n<meta property=\"og:site_name\" content=\"Vanina Henry\" \/>\n<meta property=\"article:publisher\" content=\"https:\/\/www.facebook.com\/designbyvaninahenry\" \/>\n<meta property=\"article:modified_time\" content=\"2024-10-03T14:24:54+00:00\" \/>\n<meta property=\"og:image\" content=\"https:\/\/vaninahenry.com\/wp-content\/uploads\/2021\/10\/Tcotta1_black-1.jpeg\" \/>\n\t<meta property=\"og:image:width\" content=\"1600\" \/>\n\t<meta property=\"og:image:height\" content=\"1600\" \/>\n\t<meta property=\"og:image:type\" content=\"image\/jpeg\" \/>\n<meta name=\"twitter:card\" content=\"summary_large_image\" \/>\n<script type=\"application\/ld+json\" class=\"yoast-schema-graph\">{\"@context\":\"https:\/\/schema.org\",\"@graph\":[{\"@type\":\"WebPage\",\"@id\":\"https:\/\/vaninahenry.com\/produkt\/t-cotta\/\",\"url\":\"https:\/\/vaninahenry.com\/produkt\/t-cotta\/\",\"name\":\"T-Cotta - Vanina Henry\",\"isPartOf\":{\"@id\":\"https:\/\/vaninahenry.com\/#website\"},\"primaryImageOfPage\":{\"@id\":\"https:\/\/vaninahenry.com\/produkt\/t-cotta\/#primaryimage\"},\"image\":{\"@id\":\"https:\/\/vaninahenry.com\/produkt\/t-cotta\/#primaryimage\"},\"thumbnailUrl\":\"https:\/\/vaninahenry.com\/wp-content\/uploads\/2021\/10\/Tcotta1_black-1.jpeg\",\"datePublished\":\"2021-07-09T07:28:35+00:00\",\"dateModified\":\"2024-10-03T14:24:54+00:00\",\"breadcrumb\":{\"@id\":\"https:\/\/vaninahenry.com\/produkt\/t-cotta\/#breadcrumb\"},\"inLanguage\":\"de\",\"potentialAction\":[{\"@type\":\"ReadAction\",\"target\":[\"https:\/\/vaninahenry.com\/produkt\/t-cotta\/\"]}]},{\"@type\":\"ImageObject\",\"inLanguage\":\"de\",\"@id\":\"https:\/\/vaninahenry.com\/produkt\/t-cotta\/#primaryimage\",\"url\":\"https:\/\/vaninahenry.com\/wp-content\/uploads\/2021\/10\/Tcotta1_black-1.jpeg\",\"contentUrl\":\"https:\/\/vaninahenry.com\/wp-content\/uploads\/2021\/10\/Tcotta1_black-1.jpeg\",\"width\":1600,\"height\":1600},{\"@type\":\"BreadcrumbList\",\"@id\":\"https:\/\/vaninahenry.com\/produkt\/t-cotta\/#breadcrumb\",\"itemListElement\":[{\"@type\":\"ListItem\",\"position\":1,\"name\":\"Accueil\",\"item\":\"https:\/\/vaninahenry.com\/de\/\"},{\"@type\":\"ListItem\",\"position\":2,\"name\":\"Shop\",\"item\":\"https:\/\/vaninahenry.com\/boutique\/\"},{\"@type\":\"ListItem\",\"position\":3,\"name\":\"T-Cotta\"}]},{\"@type\":\"WebSite\",\"@id\":\"https:\/\/vaninahenry.com\/#website\",\"url\":\"https:\/\/vaninahenry.com\/\",\"name\":\"Vanina Henry\",\"description\":\"\",\"publisher\":{\"@id\":\"https:\/\/vaninahenry.com\/#organization\"},\"potentialAction\":[{\"@type\":\"SearchAction\",\"target\":{\"@type\":\"EntryPoint\",\"urlTemplate\":\"https:\/\/vaninahenry.com\/?s={search_term_string}\"},\"query-input\":{\"@type\":\"PropertyValueSpecification\",\"valueRequired\":true,\"valueName\":\"search_term_string\"}}],\"inLanguage\":\"de\"},{\"@type\":\"Organization\",\"@id\":\"https:\/\/vaninahenry.com\/#organization\",\"name\":\"Vanina Henry\",\"url\":\"https:\/\/vaninahenry.com\/\",\"logo\":{\"@type\":\"ImageObject\",\"inLanguage\":\"de\",\"@id\":\"https:\/\/vaninahenry.com\/#\/schema\/logo\/image\/\",\"url\":\"http:\/\/vaninahenry.com\/wp-content\/uploads\/2021\/10\/Logo-design-by-VaninaHenry.png\",\"contentUrl\":\"http:\/\/vaninahenry.com\/wp-content\/uploads\/2021\/10\/Logo-design-by-VaninaHenry.png\",\"width\":711,\"height\":467,\"caption\":\"Vanina Henry\"},\"image\":{\"@id\":\"https:\/\/vaninahenry.com\/#\/schema\/logo\/image\/\"},\"sameAs\":[\"https:\/\/www.facebook.com\/designbyvaninahenry\",\"https:\/\/www.instagram.com\/vaninahenry\/\"]}]}<\/script>\n<!-- \/ Yoast SEO plugin. -->","yoast_head_json":{"title":"T-Cotta - Vanina Henry","robots":{"index":"index","follow":"follow","max-snippet":"max-snippet:-1","max-image-preview":"max-image-preview:large","max-video-preview":"max-video-preview:-1"},"canonical":"https:\/\/vaninahenry.com\/produkt\/t-cotta\/","og_locale":"de_DE","og_type":"article","og_title":"T-Cotta - Vanina Henry","og_description":"Kontakt um spezielle Aufh\u00e4ngungsl\u00f6sungen zu bestellen. Laden Sie die Liste der Aufh\u00e4ngungsl\u00f6sungen und Preise (ohne MwSt.) herunter.  Die Lieferzeit betr\u00e4gt ca. 10 Wochen.","og_url":"https:\/\/vaninahenry.com\/produkt\/t-cotta\/","og_site_name":"Vanina Henry","article_publisher":"https:\/\/www.facebook.com\/designbyvaninahenry","article_modified_time":"2024-10-03T14:24:54+00:00","og_image":[{"width":1600,"height":1600,"url":"https:\/\/vaninahenry.com\/wp-content\/uploads\/2021\/10\/Tcotta1_black-1.jpeg","type":"image\/jpeg"}],"twitter_card":"summary_large_image","schema":{"@context":"https:\/\/schema.org","@graph":[{"@type":"WebPage","@id":"https:\/\/vaninahenry.com\/produkt\/t-cotta\/","url":"https:\/\/vaninahenry.com\/produkt\/t-cotta\/","name":"T-Cotta - Vanina Henry","isPartOf":{"@id":"https:\/\/vaninahenry.com\/#website"},"primaryImageOfPage":{"@id":"https:\/\/vaninahenry.com\/produkt\/t-cotta\/#primaryimage"},"image":{"@id":"https:\/\/vaninahenry.com\/produkt\/t-cotta\/#primaryimage"},"thumbnailUrl":"https:\/\/vaninahenry.com\/wp-content\/uploads\/2021\/10\/Tcotta1_black-1.jpeg","datePublished":"2021-07-09T07:28:35+00:00","dateModified":"2024-10-03T14:24:54+00:00","breadcrumb":{"@id":"https:\/\/vaninahenry.com\/produkt\/t-cotta\/#breadcrumb"},"inLanguage":"de","potentialAction":[{"@type":"ReadAction","target":["https:\/\/vaninahenry.com\/produkt\/t-cotta\/"]}]},{"@type":"ImageObject","inLanguage":"de","@id":"https:\/\/vaninahenry.com\/produkt\/t-cotta\/#primaryimage","url":"https:\/\/vaninahenry.com\/wp-content\/uploads\/2021\/10\/Tcotta1_black-1.jpeg","contentUrl":"https:\/\/vaninahenry.com\/wp-content\/uploads\/2021\/10\/Tcotta1_black-1.jpeg","width":1600,"height":1600},{"@type":"BreadcrumbList","@id":"https:\/\/vaninahenry.com\/produkt\/t-cotta\/#breadcrumb","itemListElement":[{"@type":"ListItem","position":1,"name":"Accueil","item":"https:\/\/vaninahenry.com\/de\/"},{"@type":"ListItem","position":2,"name":"Shop","item":"https:\/\/vaninahenry.com\/boutique\/"},{"@type":"ListItem","position":3,"name":"T-Cotta"}]},{"@type":"WebSite","@id":"https:\/\/vaninahenry.com\/#website","url":"https:\/\/vaninahenry.com\/","name":"Vanina Henry","description":"","publisher":{"@id":"https:\/\/vaninahenry.com\/#organization"},"potentialAction":[{"@type":"SearchAction","target":{"@type":"EntryPoint","urlTemplate":"https:\/\/vaninahenry.com\/?s={search_term_string}"},"query-input":{"@type":"PropertyValueSpecification","valueRequired":true,"valueName":"search_term_string"}}],"inLanguage":"de"},{"@type":"Organization","@id":"https:\/\/vaninahenry.com\/#organization","name":"Vanina Henry","url":"https:\/\/vaninahenry.com\/","logo":{"@type":"ImageObject","inLanguage":"de","@id":"https:\/\/vaninahenry.com\/#\/schema\/logo\/image\/","url":"http:\/\/vaninahenry.com\/wp-content\/uploads\/2021\/10\/Logo-design-by-VaninaHenry.png","contentUrl":"http:\/\/vaninahenry.com\/wp-content\/uploads\/2021\/10\/Logo-design-by-VaninaHenry.png","width":711,"height":467,"caption":"Vanina Henry"},"image":{"@id":"https:\/\/vaninahenry.com\/#\/schema\/logo\/image\/"},"sameAs":["https:\/\/www.facebook.com\/designbyvaninahenry","https:\/\/www.instagram.com\/vaninahenry\/"]}]}},"_links":{"self":[{"href":"https:\/\/vaninahenry.com\/de\/wp-json\/wp\/v2\/product\/18746","targetHints":{"allow":["GET"]}}],"collection":[{"href":"https:\/\/vaninahenry.com\/de\/wp-json\/wp\/v2\/product"}],"about":[{"href":"https:\/\/vaninahenry.com\/de\/wp-json\/wp\/v2\/types\/product"}],"wp:featuredmedia":[{"embeddable":true,"href":"https:\/\/vaninahenry.com\/de\/wp-json\/wp\/v2\/media\/54249"}],"wp:attachment":[{"href":"https:\/\/vaninahenry.com\/de\/wp-json\/wp\/v2\/media?parent=18746"}],"wp:term":[{"taxonomy":"product_brand","embeddable":true,"href":"https:\/\/vaninahenry.com\/de\/wp-json\/wp\/v2\/product_brand?post=18746"},{"taxonomy":"product_cat","embeddable":true,"href":"https:\/\/vaninahenry.com\/de\/wp-json\/wp\/v2\/product_cat?post=18746"},{"taxonomy":"product_tag","embeddable":true,"href":"https:\/\/vaninahenry.com\/de\/wp-json\/wp\/v2\/product_tag?post=18746"}],"curies":[{"name":"wp","href":"https:\/\/api.w.org\/{rel}","templated":true}]}}